{"id":4789,"date":"2023-11-17T00:25:41","date_gmt":"2023-11-17T00:25:41","guid":{"rendered":"https:\/\/adc06f55e9.nxcli.io\/?page_id=4789"},"modified":"2026-03-11T19:42:21","modified_gmt":"2026-03-11T18:42:21","slug":"politica-de-cambios-y-devoluciones","status":"publish","type":"page","link":"https:\/\/padelzoco.es\/en\/politica-de-cambios-y-devoluciones\/","title":{"rendered":"Exchange and Return Policy"},"content":{"rendered":"<div data-elementor-type=\"wp-page\" data-elementor-id=\"4789\" class=\"elementor elementor-4789\">\n\t\t\t\t<div class=\"elementor-element elementor-element-c447f6a e-con-full e-flex e-con e-parent\" data-id=\"c447f6a\" data-element_type=\"container\" data-e-type=\"container\" data-settings=\"{&quot;background_background&quot;:&quot;classic&quot;}\">\n\t\t\t\t<div class=\"elementor-element elementor-element-c0e0ef6 elementor-widget elementor-widget-image\" data-id=\"c0e0ef6\" data-element_type=\"widget\" data-e-type=\"widget\" data-widget_type=\"image.default\">\n\t\t\t\t<div class=\"elementor-widget-container\">\n\t\t\t\t\t\t\t\t\t\t\t\t\t\t\t<img fetchpriority=\"high\" decoding=\"async\" width=\"2259\" height=\"949\" src=\"https:\/\/padelzoco.es\/wp-content\/uploads\/2023\/11\/Padelzoco-logo-orange-white.webp\" class=\"attachment-full size-full wp-image-5072\" alt=\"\" srcset=\"https:\/\/padelzoco.es\/wp-content\/uploads\/2023\/11\/Padelzoco-logo-orange-white.webp 2259w, https:\/\/padelzoco.es\/wp-content\/uploads\/2023\/11\/Padelzoco-logo-orange-white-150x63.webp 150w, https:\/\/padelzoco.es\/wp-content\/uploads\/2023\/11\/Padelzoco-logo-orange-white-1400x588.webp 1400w, https:\/\/padelzoco.es\/wp-content\/uploads\/2023\/11\/Padelzoco-logo-orange-white-500x210.webp 500w, https:\/\/padelzoco.es\/wp-content\/uploads\/2023\/11\/Padelzoco-logo-orange-white-300x126.webp 300w, https:\/\/padelzoco.es\/wp-content\/uploads\/2023\/11\/Padelzoco-logo-orange-white-1024x430.webp 1024w, https:\/\/padelzoco.es\/wp-content\/uploads\/2023\/11\/Padelzoco-logo-orange-white-768x323.webp 768w, https:\/\/padelzoco.es\/wp-content\/uploads\/2023\/11\/Padelzoco-logo-orange-white-1536x645.webp 1536w, https:\/\/padelzoco.es\/wp-content\/uploads\/2023\/11\/Padelzoco-logo-orange-white-2048x860.webp 2048w\" sizes=\"(max-width: 2259px) 100vw, 2259px\" \/>\t\t\t\t\t\t\t\t\t\t\t\t\t\t\t<\/div>\n\t\t\t\t<\/div>\n\t\t\t\t<\/div>\n\t\t<div class=\"elementor-element elementor-element-3808a76 e-flex e-con-boxed e-con e-parent\" data-id=\"3808a76\" data-element_type=\"container\" data-e-type=\"container\">\n\t\t\t\t\t<div class=\"e-con-inner\">\n\t\t\t\t<div class=\"elementor-element elementor-element-3d7d871 elementor-widget elementor-widget-heading\" data-id=\"3d7d871\" data-element_type=\"widget\" data-e-type=\"widget\" data-widget_type=\"heading.default\">\n\t\t\t\t<div class=\"elementor-widget-container\">\n\t\t\t\t\t<h2 class=\"elementor-heading-title elementor-size-default\">Exchange and Return Policy<\/h2>\t\t\t\t<\/div>\n\t\t\t\t<\/div>\n\t\t\t\t\t<\/div>\n\t\t\t\t<\/div>\n\t\t<div class=\"elementor-element elementor-element-fc18dfd e-flex e-con-boxed e-con e-parent\" data-id=\"fc18dfd\" data-element_type=\"container\" data-e-type=\"container\">\n\t\t\t\t\t<div class=\"e-con-inner\">\n\t\t\t\t<div class=\"elementor-element elementor-element-444b904 color-scheme-inherit text-left elementor-widget elementor-widget-text-editor\" data-id=\"444b904\" data-element_type=\"widget\" data-e-type=\"widget\" data-widget_type=\"text-editor.default\">\n\t\t\t\t<div class=\"elementor-widget-container\">\n\t\t\t\t\t\t\t\t\t<p><span style=\"font-weight: 400;\">At Padel Zoco, we want to ensure your satisfaction with our products. If you need to exchange or return an item, please review the following policy<\/span><\/p>\t\t\t\t\t\t\t\t<\/div>\n\t\t\t\t<\/div>\n\t\t\t\t\t<\/div>\n\t\t\t\t<\/div>\n\t\t<div class=\"elementor-element elementor-element-00c9af5 e-flex e-con-boxed e-con e-parent\" data-id=\"00c9af5\" data-element_type=\"container\" data-e-type=\"container\">\n\t\t\t\t\t<div class=\"e-con-inner\">\n\t\t\t\t<div class=\"elementor-element elementor-element-537973d color-scheme-inherit text-left elementor-widget elementor-widget-text-editor\" data-id=\"537973d\" data-element_type=\"widget\" data-e-type=\"widget\" data-widget_type=\"text-editor.default\">\n\t\t\t\t<div class=\"elementor-widget-container\">\n\t\t\t\t\t\t\t\t\t<p><b>Exchanges:<\/b><span style=\"font-weight: 400;\"> We offer exchanges for products that are defective, damaged during shipping, or if you received the wrong item. Exchanges are subject to product availability.<\/span><\/p><p><b>Returns:<\/b><span style=\"font-weight: 400;\"> Returns are accepted for products that are defective, damaged during shipping, or if you are unsatisfied with the item received. Please note that certain items, such as personalized or custom-made products, may not be eligible for return unless they are defective or damaged<\/span><\/p>\t\t\t\t\t\t\t\t<\/div>\n\t\t\t\t<\/div>\n\t\t\t\t\t<\/div>\n\t\t\t\t<\/div>\n\t\t<div class=\"elementor-element elementor-element-3df1394 e-flex e-con-boxed e-con e-parent\" data-id=\"3df1394\" data-element_type=\"container\" data-e-type=\"container\">\n\t\t\t\t\t<div class=\"e-con-inner\">\n\t\t\t\t<div class=\"elementor-element elementor-element-6a8f1b7 elementor-widget elementor-widget-heading\" data-id=\"6a8f1b7\" data-element_type=\"widget\" data-e-type=\"widget\" data-widget_type=\"heading.default\">\n\t\t\t\t<div class=\"elementor-widget-container\">\n\t\t\t\t\t<h4 class=\"elementor-heading-title elementor-size-default\">Return\/Exchange Period<\/h4>\t\t\t\t<\/div>\n\t\t\t\t<\/div>\n\t\t\t\t<div class=\"elementor-element elementor-element-7370b24 color-scheme-inherit text-left elementor-widget elementor-widget-text-editor\" data-id=\"7370b24\" data-element_type=\"widget\" data-e-type=\"widget\" data-widget_type=\"text-editor.default\">\n\t\t\t\t<div class=\"elementor-widget-container\">\n\t\t\t\t\t\t\t\t\t<p><b>Defective or Damaged Products:<\/b><span style=\"font-weight: 400;\"> If you receive a defective or damaged product, please contact us within 7 days of receiving the item to initiate the return or exchange process.<\/span><\/p><p><b>Unsatisfied with Product:<\/b><span style=\"font-weight: 400;\"> If you are unsatisfied with the product received, you may initiate a return within 14 days of receiving the item. The product must be in its original condition, unused, and in its original packaging.<\/span><\/p>\t\t\t\t\t\t\t\t<\/div>\n\t\t\t\t<\/div>\n\t\t\t\t\t<\/div>\n\t\t\t\t<\/div>\n\t\t<div class=\"elementor-element elementor-element-a8c5faf e-flex e-con-boxed e-con e-parent\" data-id=\"a8c5faf\" data-element_type=\"container\" data-e-type=\"container\">\n\t\t\t\t\t<div class=\"e-con-inner\">\n\t\t\t\t<div class=\"elementor-element elementor-element-d1e0d7b elementor-widget elementor-widget-heading\" data-id=\"d1e0d7b\" data-element_type=\"widget\" data-e-type=\"widget\" data-widget_type=\"heading.default\">\n\t\t\t\t<div class=\"elementor-widget-container\">\n\t\t\t\t\t<h4 class=\"elementor-heading-title elementor-size-default\">Return\/Exchange Process<\/h4>\t\t\t\t<\/div>\n\t\t\t\t<\/div>\n\t\t\t\t<div class=\"elementor-element elementor-element-9e5f7bc color-scheme-inherit text-left elementor-widget elementor-widget-text-editor\" data-id=\"9e5f7bc\" data-element_type=\"widget\" data-e-type=\"widget\" data-widget_type=\"text-editor.default\">\n\t\t\t\t<div class=\"elementor-widget-container\">\n\t\t\t\t\t\t\t\t\t<p><b>Initiate the Return\/Exchange:<\/b><span style=\"font-weight: 400;\"> To initiate a return or exchange, please contact our customer service team through the contact information provided on our website. Provide us with your order details, reason for return\/exchange, and any supporting evidence, such as photographs of the defect or damage.<\/span><\/p><p><b>Return Shipping:<\/b><span style=\"font-weight: 400;\"> We will provide you with instructions on how to return the item. You will be responsible for shipping the product back to us, unless the return is due to a mistake on our part or a defective\/damaged product. We recommend using a trackable shipping method for your return.<\/span><\/p><p><b>Product Inspection and Processing:<\/b><span style=\"font-weight: 400;\"> Once we receive the returned item, our team will inspect it to ensure it meets the eligibility criteria. If the return is approved, we will process your refund or initiate the exchange as per your request.<\/span><\/p>\t\t\t\t\t\t\t\t<\/div>\n\t\t\t\t<\/div>\n\t\t\t\t\t<\/div>\n\t\t\t\t<\/div>\n\t\t<div class=\"elementor-element elementor-element-64ab50f e-flex e-con-boxed e-con e-parent\" data-id=\"64ab50f\" data-element_type=\"container\" data-e-type=\"container\">\n\t\t\t\t\t<div class=\"e-con-inner\">\n\t\t\t\t<div class=\"elementor-element elementor-element-987a76f elementor-widget elementor-widget-heading\" data-id=\"987a76f\" data-element_type=\"widget\" data-e-type=\"widget\" data-widget_type=\"heading.default\">\n\t\t\t\t<div class=\"elementor-widget-container\">\n\t\t\t\t\t<h4 class=\"elementor-heading-title elementor-size-default\">Refunds<\/h4>\t\t\t\t<\/div>\n\t\t\t\t<\/div>\n\t\t\t\t<div class=\"elementor-element elementor-element-d238b65 color-scheme-inherit text-left elementor-widget elementor-widget-text-editor\" data-id=\"d238b65\" data-element_type=\"widget\" data-e-type=\"widget\" data-widget_type=\"text-editor.default\">\n\t\t\t\t<div class=\"elementor-widget-container\">\n\t\t\t\t\t\t\t\t\t<p><b>Refund Method:<\/b><span style=\"font-weight: 400;\"> The refund will include the original purchase price of the item, excluding any shipping charges or additional fees, unless the return is due to a mistake on our part or a defective\/damaged product.<\/span><\/p><p><b>Refund Amount:<\/b><span style=\"font-weight: 400;\"> The refund will include the original purchase price of the item, excluding any shipping charges or additional fees, unless the return is due to a mistake on our part or a defective\/damaged product.<\/span><\/p>\t\t\t\t\t\t\t\t<\/div>\n\t\t\t\t<\/div>\n\t\t\t\t\t<\/div>\n\t\t\t\t<\/div>\n\t\t<div class=\"elementor-element elementor-element-29395fb e-flex e-con-boxed e-con e-parent\" data-id=\"29395fb\" data-element_type=\"container\" data-e-type=\"container\">\n\t\t\t\t\t<div class=\"e-con-inner\">\n\t\t\t\t<div class=\"elementor-element elementor-element-9344f73 elementor-widget elementor-widget-heading\" data-id=\"9344f73\" data-element_type=\"widget\" data-e-type=\"widget\" data-widget_type=\"heading.default\">\n\t\t\t\t<div class=\"elementor-widget-container\">\n\t\t\t\t\t<h4 class=\"elementor-heading-title elementor-size-default\">Exceptions and Additional Notes\n<\/h4>\t\t\t\t<\/div>\n\t\t\t\t<\/div>\n\t\t\t\t<div class=\"elementor-element elementor-element-6c47b1a color-scheme-inherit text-left elementor-widget elementor-widget-text-editor\" data-id=\"6c47b1a\" data-element_type=\"widget\" data-e-type=\"widget\" data-widget_type=\"text-editor.default\">\n\t\t\t\t<div class=\"elementor-widget-container\">\n\t\t\t\t\t\t\t\t\t<p><b>Used or Altered Products:<\/b><span style=\"font-weight: 400;\"> We cannot accept returns or exchanges for products that have been used, altered, or damaged by the customer.<\/span><\/p>\n<p><b>Return Shipping Costs:<\/b><span style=\"font-weight: 400;\"> A menos que la devoluci\u00f3n se deba a un error de nuestra parte o a un producto defectuoso\/da\u00f1ado, el cliente es responsable del costo de env\u00edo de devoluci\u00f3n (Ejemplo: e<\/span><span style=\"font-size: 14px;\">n pedidos fuera de la UE, si el pedido es rechazado por el cliente, los gastos de transporte y devoluci\u00f3n ser\u00e1n deducidos del reembolso).<\/span><\/p>\n<p><b>Non-Returnable Items:<\/b><span style=\"font-weight: 400;\"> Certain items, such as final sale or clearance items, personalized or custom-made products, and perishable goods, may not be eligible for return or exchange unless they are defective or damaged.<\/span><\/p>\n<p><b>Modifications to Policy:<\/b><span style=\"font-weight: 400;\"> Padel Zoco reserves the right to modify or update this Exchange &amp; Returns Policy at any time without prior notice. Any changes will be effective immediately upon posting on our website.<\/span><\/p>\n<p><b>Refund Amount:<\/b><span style=\"font-weight: 400;\"> The refund will include the original purchase price of the item, excluding any shipping charges or additional fees, unless the return is due to a mistake on our part or a defective\/damaged product.<\/span><\/p>\t\t\t\t\t\t\t\t<\/div>\n\t\t\t\t<\/div>\n\t\t\t\t\t<\/div>\n\t\t\t\t<\/div>\n\t\t<div class=\"elementor-element elementor-element-5e8eff4 e-flex e-con-boxed e-con e-parent\" data-id=\"5e8eff4\" data-element_type=\"container\" data-e-type=\"container\">\n\t\t\t\t\t<div class=\"e-con-inner\">\n\t\t\t\t<div class=\"elementor-element elementor-element-2bf06b7 color-scheme-inherit text-left elementor-widget elementor-widget-text-editor\" data-id=\"2bf06b7\" data-element_type=\"widget\" data-e-type=\"widget\" data-widget_type=\"text-editor.default\">\n\t\t\t\t<div class=\"elementor-widget-container\">\n\t\t\t\t\t\t\t\t\t<p><i><span style=\"font-weight: 400;\">If you have any questions or need further assistance regarding exchanges or returns, please contact our customer service team. We are here to help you.<\/span><\/i><\/p>\t\t\t\t\t\t\t\t<\/div>\n\t\t\t\t<\/div>\n\t\t\t\t\t<\/div>\n\t\t\t\t<\/div>\n\t\t\t\t<\/div>","protected":false},"excerpt":{"rendered":"<p>Pol\u00edtica de Cambios y Devoluciones En Padel Zoco queremos garantizar tu satisfacci\u00f3n con nuestros productos. Si necesita cambiar o devolver<\/p>","protected":false},"author":1,"featured_media":0,"parent":0,"menu_order":0,"comment_status":"closed","ping_status":"closed","template":"elementor_header_footer","meta":{"footnotes":""},"class_list":["post-4789","page","type-page","status-publish","hentry"],"yoast_head":"<!-- This site is optimized with the Yoast SEO plugin v27.6 - https:\/\/yoast.com\/product\/yoast-seo-wordpress\/ -->\n<title>Pol\u00edtica de Cambios y Devoluciones - Padel Zoco<\/title>\n<meta name=\"robots\" content=\"index, follow, max-snippet:-1, max-image-preview:large, max-video-preview:-1\" \/>\n<link rel=\"canonical\" href=\"https:\/\/padelzoco.es\/en\/politica-de-cambios-y-devoluciones\/\" \/>\n<meta property=\"og:locale\" content=\"en_GB\" \/>\n<meta property=\"og:type\" content=\"article\" \/>\n<meta property=\"og:title\" content=\"Pol\u00edtica de Cambios y Devoluciones - Padel Zoco\" \/>\n<meta property=\"og:description\" content=\"Pol\u00edtica de Cambios y Devoluciones En Padel Zoco queremos garantizar tu satisfacci\u00f3n con nuestros productos. Si necesita cambiar o devolver\" \/>\n<meta property=\"og:url\" content=\"https:\/\/padelzoco.es\/en\/politica-de-cambios-y-devoluciones\/\" \/>\n<meta property=\"og:site_name\" content=\"Padel Zoco\" \/>\n<meta property=\"article:modified_time\" content=\"2026-03-11T18:42:21+00:00\" \/>\n<meta property=\"og:image\" content=\"https:\/\/padelzoco.es\/wp-content\/uploads\/2023\/11\/Padelzoco-logo-orange-white.webp\" \/>\n\t<meta property=\"og:image:width\" content=\"2259\" \/>\n\t<meta property=\"og:image:height\" content=\"949\" \/>\n\t<meta property=\"og:image:type\" content=\"image\/webp\" \/>\n<meta name=\"twitter:card\" content=\"summary_large_image\" \/>\n<meta name=\"twitter:label1\" content=\"Estimated reading time\" \/>\n\t<meta name=\"twitter:data1\" content=\"4 minutes\" \/>\n<script type=\"application\/ld+json\" class=\"yoast-schema-graph\">{\"@context\":\"https:\\\/\\\/schema.org\",\"@graph\":[{\"@type\":\"WebPage\",\"@id\":\"https:\\\/\\\/padelzoco.es\\\/politica-de-cambios-y-devoluciones\\\/\",\"url\":\"https:\\\/\\\/padelzoco.es\\\/politica-de-cambios-y-devoluciones\\\/\",\"name\":\"Pol\u00edtica de Cambios y Devoluciones - Padel Zoco\",\"isPartOf\":{\"@id\":\"https:\\\/\\\/padelzoco.es\\\/#website\"},\"primaryImageOfPage\":{\"@id\":\"https:\\\/\\\/padelzoco.es\\\/politica-de-cambios-y-devoluciones\\\/#primaryimage\"},\"image\":{\"@id\":\"https:\\\/\\\/padelzoco.es\\\/politica-de-cambios-y-devoluciones\\\/#primaryimage\"},\"thumbnailUrl\":\"https:\\\/\\\/padelzoco.es\\\/wp-content\\\/uploads\\\/2023\\\/11\\\/Padelzoco-logo-orange-white.webp\",\"datePublished\":\"2023-11-17T00:25:41+00:00\",\"dateModified\":\"2026-03-11T18:42:21+00:00\",\"breadcrumb\":{\"@id\":\"https:\\\/\\\/padelzoco.es\\\/politica-de-cambios-y-devoluciones\\\/#breadcrumb\"},\"inLanguage\":\"en-GB\",\"potentialAction\":[{\"@type\":\"ReadAction\",\"target\":[\"https:\\\/\\\/padelzoco.es\\\/politica-de-cambios-y-devoluciones\\\/\"]}]},{\"@type\":\"ImageObject\",\"inLanguage\":\"en-GB\",\"@id\":\"https:\\\/\\\/padelzoco.es\\\/politica-de-cambios-y-devoluciones\\\/#primaryimage\",\"url\":\"https:\\\/\\\/padelzoco.es\\\/wp-content\\\/uploads\\\/2023\\\/11\\\/Padelzoco-logo-orange-white.webp\",\"contentUrl\":\"https:\\\/\\\/padelzoco.es\\\/wp-content\\\/uploads\\\/2023\\\/11\\\/Padelzoco-logo-orange-white.webp\"},{\"@type\":\"BreadcrumbList\",\"@id\":\"https:\\\/\\\/padelzoco.es\\\/politica-de-cambios-y-devoluciones\\\/#breadcrumb\",\"itemListElement\":[{\"@type\":\"ListItem\",\"position\":1,\"name\":\"Home\",\"item\":\"https:\\\/\\\/padelzoco.es\\\/\"},{\"@type\":\"ListItem\",\"position\":2,\"name\":\"Pol\u00edtica de Cambios y Devoluciones\"}]},{\"@type\":\"WebSite\",\"@id\":\"https:\\\/\\\/padelzoco.es\\\/#website\",\"url\":\"https:\\\/\\\/padelzoco.es\\\/\",\"name\":\"Padel Zoco\",\"description\":\"Padel Zoco | Spain\",\"publisher\":{\"@id\":\"https:\\\/\\\/padelzoco.es\\\/#organization\"},\"potentialAction\":[{\"@type\":\"SearchAction\",\"target\":{\"@type\":\"EntryPoint\",\"urlTemplate\":\"https:\\\/\\\/padelzoco.es\\\/?s={search_term_string}\"},\"query-input\":{\"@type\":\"PropertyValueSpecification\",\"valueRequired\":true,\"valueName\":\"search_term_string\"}}],\"inLanguage\":\"en-GB\"},{\"@type\":\"Organization\",\"@id\":\"https:\\\/\\\/padelzoco.es\\\/#organization\",\"name\":\"Padel Zoco\",\"url\":\"https:\\\/\\\/padelzoco.es\\\/\",\"logo\":{\"@type\":\"ImageObject\",\"inLanguage\":\"en-GB\",\"@id\":\"https:\\\/\\\/padelzoco.es\\\/#\\\/schema\\\/logo\\\/image\\\/\",\"url\":\"https:\\\/\\\/padelzoco.es\\\/wp-content\\\/uploads\\\/2023\\\/11\\\/PadelZoco_Logo_black_white.webp\",\"contentUrl\":\"https:\\\/\\\/padelzoco.es\\\/wp-content\\\/uploads\\\/2023\\\/11\\\/PadelZoco_Logo_black_white.webp\",\"width\":1500,\"height\":631,\"caption\":\"Padel Zoco\"},\"image\":{\"@id\":\"https:\\\/\\\/padelzoco.es\\\/#\\\/schema\\\/logo\\\/image\\\/\"}}]}<\/script>\n<!-- \/ Yoast SEO plugin. -->","yoast_head_json":{"title":"Pol\u00edtica de Cambios y Devoluciones - Padel Zoco","robots":{"index":"index","follow":"follow","max-snippet":"max-snippet:-1","max-image-preview":"max-image-preview:large","max-video-preview":"max-video-preview:-1"},"canonical":"https:\/\/padelzoco.es\/en\/politica-de-cambios-y-devoluciones\/","og_locale":"en_GB","og_type":"article","og_title":"Pol\u00edtica de Cambios y Devoluciones - Padel Zoco","og_description":"Pol\u00edtica de Cambios y Devoluciones En Padel Zoco queremos garantizar tu satisfacci\u00f3n con nuestros productos. Si necesita cambiar o devolver","og_url":"https:\/\/padelzoco.es\/en\/politica-de-cambios-y-devoluciones\/","og_site_name":"Padel Zoco","article_modified_time":"2026-03-11T18:42:21+00:00","og_image":[{"width":2259,"height":949,"url":"https:\/\/padelzoco.es\/wp-content\/uploads\/2023\/11\/Padelzoco-logo-orange-white.webp","type":"image\/webp"}],"twitter_card":"summary_large_image","twitter_misc":{"Estimated reading time":"4 minutes"},"schema":{"@context":"https:\/\/schema.org","@graph":[{"@type":"WebPage","@id":"https:\/\/padelzoco.es\/politica-de-cambios-y-devoluciones\/","url":"https:\/\/padelzoco.es\/politica-de-cambios-y-devoluciones\/","name":"Pol\u00edtica de Cambios y Devoluciones - Padel Zoco","isPartOf":{"@id":"https:\/\/padelzoco.es\/#website"},"primaryImageOfPage":{"@id":"https:\/\/padelzoco.es\/politica-de-cambios-y-devoluciones\/#primaryimage"},"image":{"@id":"https:\/\/padelzoco.es\/politica-de-cambios-y-devoluciones\/#primaryimage"},"thumbnailUrl":"https:\/\/padelzoco.es\/wp-content\/uploads\/2023\/11\/Padelzoco-logo-orange-white.webp","datePublished":"2023-11-17T00:25:41+00:00","dateModified":"2026-03-11T18:42:21+00:00","breadcrumb":{"@id":"https:\/\/padelzoco.es\/politica-de-cambios-y-devoluciones\/#breadcrumb"},"inLanguage":"en-GB","potentialAction":[{"@type":"ReadAction","target":["https:\/\/padelzoco.es\/politica-de-cambios-y-devoluciones\/"]}]},{"@type":"ImageObject","inLanguage":"en-GB","@id":"https:\/\/padelzoco.es\/politica-de-cambios-y-devoluciones\/#primaryimage","url":"https:\/\/padelzoco.es\/wp-content\/uploads\/2023\/11\/Padelzoco-logo-orange-white.webp","contentUrl":"https:\/\/padelzoco.es\/wp-content\/uploads\/2023\/11\/Padelzoco-logo-orange-white.webp"},{"@type":"BreadcrumbList","@id":"https:\/\/padelzoco.es\/politica-de-cambios-y-devoluciones\/#breadcrumb","itemListElement":[{"@type":"ListItem","position":1,"name":"Home","item":"https:\/\/padelzoco.es\/"},{"@type":"ListItem","position":2,"name":"Pol\u00edtica de Cambios y Devoluciones"}]},{"@type":"WebSite","@id":"https:\/\/padelzoco.es\/#website","url":"https:\/\/padelzoco.es\/","name":"Padel Zoco","description":"Padel Zoco | Spain","publisher":{"@id":"https:\/\/padelzoco.es\/#organization"},"potentialAction":[{"@type":"SearchAction","target":{"@type":"EntryPoint","urlTemplate":"https:\/\/padelzoco.es\/?s={search_term_string}"},"query-input":{"@type":"PropertyValueSpecification","valueRequired":true,"valueName":"search_term_string"}}],"inLanguage":"en-GB"},{"@type":"Organization","@id":"https:\/\/padelzoco.es\/#organization","name":"Padel Zoco","url":"https:\/\/padelzoco.es\/","logo":{"@type":"ImageObject","inLanguage":"en-GB","@id":"https:\/\/padelzoco.es\/#\/schema\/logo\/image\/","url":"https:\/\/padelzoco.es\/wp-content\/uploads\/2023\/11\/PadelZoco_Logo_black_white.webp","contentUrl":"https:\/\/padelzoco.es\/wp-content\/uploads\/2023\/11\/PadelZoco_Logo_black_white.webp","width":1500,"height":631,"caption":"Padel Zoco"},"image":{"@id":"https:\/\/padelzoco.es\/#\/schema\/logo\/image\/"}}]}},"_links":{"self":[{"href":"https:\/\/padelzoco.es\/en\/wp-json\/wp\/v2\/pages\/4789","targetHints":{"allow":["GET"]}}],"collection":[{"href":"https:\/\/padelzoco.es\/en\/wp-json\/wp\/v2\/pages"}],"about":[{"href":"https:\/\/padelzoco.es\/en\/wp-json\/wp\/v2\/types\/page"}],"author":[{"embeddable":true,"href":"https:\/\/padelzoco.es\/en\/wp-json\/wp\/v2\/users\/1"}],"replies":[{"embeddable":true,"href":"https:\/\/padelzoco.es\/en\/wp-json\/wp\/v2\/comments?post=4789"}],"version-history":[{"count":9,"href":"https:\/\/padelzoco.es\/en\/wp-json\/wp\/v2\/pages\/4789\/revisions"}],"predecessor-version":[{"id":37285,"href":"https:\/\/padelzoco.es\/en\/wp-json\/wp\/v2\/pages\/4789\/revisions\/37285"}],"wp:attachment":[{"href":"https:\/\/padelzoco.es\/en\/wp-json\/wp\/v2\/media?parent=4789"}],"curies":[{"name":"wp","href":"https:\/\/api.w.org\/{rel}","templated":true}]}}