{"id":10086,"date":"2024-04-17T17:45:48","date_gmt":"2024-04-17T16:45:48","guid":{"rendered":"https:\/\/adc06f55e9.nxcli.io\/?post_type=product&#038;p=10086"},"modified":"2026-04-30T18:47:45","modified_gmt":"2026-04-30T17:47:45","slug":"pala-adidas-adipower-legend-seba-nerone-2024","status":"publish","type":"product","link":"https:\/\/padelzoco.es\/en\/product\/pala-adidas-adipower-legend-seba-nerone-2024\/","title":{"rendered":"Pala Adidas Adipower Legend Seba Nerone 2024"},"content":{"rendered":"<p><strong>\u00danica<\/strong>\u00a0<strong>e irrepetible<\/strong>. Sin\u00f3nimo de\u00a0<strong>talento,\u00a0<\/strong>esta pala exclusiva est\u00e1 hecha para acompa\u00f1ar a las manos m\u00e1s<strong>\u00a0perseverantes<\/strong>. Su\u00a0<strong>espectacular dise\u00f1o<\/strong>\u00a0responde a las caracter\u00edsticas exquisitas que la componen. Esta\u00a0<strong>pala de leyenda<\/strong>\u00a0incorpora las\u00a0<strong>mejores tecnolog\u00edas<\/strong>\u00a0para obtener un\u00a0<strong>comportamiento excelente entre las cuatro<\/strong>\u00a0<strong>paredes.<\/strong>\u00a0Tus golpes m\u00e1s potentes est\u00e1n garantizados gracias a la superficie fabricada en\u00a0<strong>Fibra de Carbono 3K<\/strong>\u00a0y a los refuerzos de\u00a0<strong>Dual Exoskeleton<\/strong>\u00a0and\u00a0<strong>Power Embossed Ridge de Adidas<\/strong>. Para los\u00a0<strong>efectos,<\/strong>\u00a0la Adipower Legend cuenta con lo mejor: las\u00a0<strong>tecnolog\u00edas Spin Blade<\/strong>\u00a0and\u00a0<strong>Smart Holes Curve de Adidas.<\/strong>\u00a0<strong>Maneja los partidos como una leyenda con la Adipower Legend de Seba Nerone.<\/strong><\/p>\n<p><strong>TECNOLOG\u00cdAS Y BENEFICIOS<\/strong><\/p>\n<ul>\n<li><strong>DUAL EXOSKELETON DE ADIDAS<\/strong>: El Dual Exoskeleton de Adidas es un refuerzo a base de nervios de fibra de carbono de doble altura en el n\u00facleo y el marco de la pala. Su funci\u00f3n es aportar rigidez y resistencia a la torsi\u00f3n para garantizar el mejor desempe\u00f1o en los golpes m\u00e1s potentes.<\/li>\n<li><strong>SPIN BLADE<\/strong>: La tecnolog\u00eda Spin Blade de Adidas consta de una rugosidad en la superficie de la pala para proporcionar la m\u00e1xima adherencia con la bola en la creaci\u00f3n de efectos. Su relieve permite ejercer una rotaci\u00f3n endiablada y lograr los golpes m\u00e1s dif\u00edciles de leer en la pista.<\/li>\n<li><strong>GOMA EVA SOFT PERFORMANCE<\/strong>: La goma EVA Soft Performance de Adidas es un compuesto ligero que asegura la mejor salida de bola. Se trata de un material medianamente flexible, ideal tanto para el juego de control como el de ataque. Una garant\u00eda en cuanto a confort y rendimiento.<\/li>\n<\/ul>\n<p><strong>CARACTER\u00cdSTICAS<\/strong><\/p>\n<ul>\n<li><strong>Forma de la pala:<\/strong>\u00a0Diamante Oversize.<\/li>\n<li><strong>Balance:<\/strong>\u00a0Medio (265 mm).<\/li>\n<li><strong>Peso:<\/strong>\u00a0360-375gr.<\/li>\n<li><strong>Grosor de el marco:<\/strong>\u00a038 mm.<\/li>\n<li><strong>Goma<\/strong>\u00a0: Eva Soft Performance de Adidas.<\/li>\n<li><strong>Planos:<\/strong>\u00a0Fibra de Carbono 3K.<\/li>\n<li><strong>Power Embossed Ridge<\/strong>\u00a0de Adidas.<\/li>\n<li><strong>Dual Exoskeleton<\/strong>\u00a0de Adidas.<\/li>\n<li><strong>Spin Blade<\/strong>\u00a0de Adidas.<\/li>\n<li><strong>Smart Holes Curve<\/strong>\u00a0de Adidas.<\/li>\n<li><strong>Structural Reinforcement<\/strong>\u00a0de Adidas.<\/li>\n<\/ul>\n<p>&nbsp;<\/p>","protected":false},"excerpt":{"rendered":"<p><strong>\u00danica<\/strong>\u00a0<strong>e irrepetible<\/strong>. Sin\u00f3nimo de\u00a0<strong>talento,\u00a0<\/strong>esta pala exclusiva est\u00e1 hecha para acompa\u00f1ar a las manos m\u00e1s<strong>\u00a0perseverantes<\/strong>. Su\u00a0<strong>espectacular dise\u00f1o<\/strong>\u00a0responde a las caracter\u00edsticas exquisitas que la componen. Esta\u00a0<strong>pala de leyenda<\/strong>\u00a0incorpora las\u00a0<strong>mejores tecnolog\u00edas<\/strong>\u00a0para obtener un\u00a0<strong>comportamiento excelente entre las cuatro<\/strong>\u00a0<strong>paredes.<\/strong>\u00a0Tus golpes m\u00e1s potentes est\u00e1n garantizados gracias a la superficie fabricada en\u00a0<strong>Fibra de Carbono 3K<\/strong>\u00a0y a los refuerzos de\u00a0<strong>Dual Exoskeleton<\/strong>\u00a0and\u00a0<strong>Power Embossed Ridge de Adidas<\/strong>. Para los\u00a0<strong>efectos,<\/strong>\u00a0la Adipower Legend cuenta con lo mejor: las\u00a0<strong>tecnolog\u00edas Spin Blade<\/strong>\u00a0and\u00a0<strong>Smart Holes Curve de Adidas.<\/strong>\u00a0<strong>Maneja los partidos como una leyenda con la Adipower Legend de Seba Nerone.<\/strong><\/p>\n<p><strong>TECNOLOG\u00cdAS Y BENEFICIOS<\/strong><\/p>\n<ul>\n<li><strong>DUAL EXOSKELETON DE ADIDAS<\/strong>: El Dual Exoskeleton de Adidas es un refuerzo a base de nervios de fibra de carbono de doble altura en el n\u00facleo y el marco de la pala. Su funci\u00f3n es aportar rigidez y resistencia a la torsi\u00f3n para garantizar el mejor desempe\u00f1o en los golpes m\u00e1s potentes.<\/li>\n<li><strong>SPIN BLADE<\/strong>: La tecnolog\u00eda Spin Blade de Adidas consta de una rugosidad en la superficie de la pala para proporcionar la m\u00e1xima adherencia con la bola en la creaci\u00f3n de efectos. Su relieve permite ejercer una rotaci\u00f3n endiablada y lograr los golpes m\u00e1s dif\u00edciles de leer en la pista.<\/li>\n<li><strong>GOMA EVA SOFT PERFORMANCE<\/strong>: La goma EVA Soft Performance de Adidas es un compuesto ligero que asegura la mejor salida de bola. Se trata de un material medianamente flexible, ideal tanto para el juego de control como el de ataque. Una garant\u00eda en cuanto a confort y rendimiento.<\/li>\n<\/ul>\n<p><strong>CARACTER\u00cdSTICAS<\/strong><\/p>\n<ul>\n<li><strong>Forma de la pala:<\/strong>\u00a0Diamante Oversize.<\/li>\n<li><strong>Balance:<\/strong>\u00a0Medio (265 mm).<\/li>\n<li><strong>Peso:<\/strong>\u00a0360-375gr.<\/li>\n<li><strong>Grosor de el marco:<\/strong>\u00a038 mm.<\/li>\n<li><strong>Goma<\/strong>\u00a0: Eva Soft Performance de Adidas.<\/li>\n<li><strong>Planos:<\/strong>\u00a0Fibra de Carbono 3K.<\/li>\n<li><strong>Power Embossed Ridge<\/strong>\u00a0de Adidas.<\/li>\n<li><strong>Dual Exoskeleton<\/strong>\u00a0de Adidas.<\/li>\n<li><strong>Spin Blade<\/strong>\u00a0de Adidas.<\/li>\n<li><strong>Smart Holes Curve<\/strong>\u00a0de Adidas.<\/li>\n<li><strong>Structural Reinforcement<\/strong>\u00a0de Adidas.<\/li>\n<\/ul>\n<p>&nbsp;<\/p>","protected":false},"featured_media":10091,"template":"","meta":[],"product_brand":[],"product_cat":[700,711,584,587,581,590,572,757,580,754],"product_tag":[],"class_list":{"0":"post-10086","1":"product","2":"type-product","3":"status-publish","4":"has-post-thumbnail","6":"product_cat-adidas-padel","7":"product_cat-adidas-palas","8":"product_cat-diamante-palas","9":"product_cat-hibrida-palas","10":"product_cat-intermedio-palas","11":"product_cat-mujer-palas","12":"product_cat-palas","13":"product_cat-palas-ofertas","14":"product_cat-principiante-palas","15":"product_cat-rebajas","16":"pa_brand-adidas","17":"pa_gender-hombre","18":"pa_hs_code-134","20":"first","21":"outofstock","22":"sale","23":"taxable","24":"shipping-taxable","25":"purchasable","26":"product-type-simple"},"yoast_head":"<!-- This site is optimized with the Yoast SEO plugin v27.6 - https:\/\/yoast.com\/product\/yoast-seo-wordpress\/ -->\n<title>Pala Adidas Adipower Legend Seba Nerone 2024 - Padel Zoco<\/title>\n<meta name=\"robots\" content=\"index, follow, max-snippet:-1, max-image-preview:large, max-video-preview:-1\" \/>\n<link rel=\"canonical\" href=\"https:\/\/padelzoco.es\/en\/product\/pala-adidas-adipower-legend-seba-nerone-2024\/\" \/>\n<meta property=\"og:locale\" content=\"en_GB\" \/>\n<meta property=\"og:type\" content=\"article\" \/>\n<meta property=\"og:title\" content=\"Pala Adidas Adipower Legend Seba Nerone 2024 - Padel Zoco\" \/>\n<meta property=\"og:description\" content=\"\u00danica\u00a0e irrepetible. Sin\u00f3nimo de\u00a0talento,\u00a0esta pala exclusiva est\u00e1 hecha para acompa\u00f1ar a las manos m\u00e1s\u00a0perseverantes. Su\u00a0espectacular dise\u00f1o\u00a0responde a las caracter\u00edsticas exquisitas que la componen. Esta\u00a0pala de leyenda\u00a0incorpora las\u00a0mejores tecnolog\u00edas\u00a0para obtener un\u00a0comportamiento excelente entre las cuatro\u00a0paredes.\u00a0Tus golpes m\u00e1s potentes est\u00e1n garantizados gracias a la superficie fabricada en\u00a0Fibra de Carbono 3K\u00a0y a los refuerzos de\u00a0Dual Exoskeleton\u00a0y\u00a0Power Embossed Ridge de Adidas. Para los\u00a0efectos,\u00a0la Adipower Legend cuenta con lo mejor: las\u00a0tecnolog\u00edas Spin Blade\u00a0y\u00a0Smart Holes Curve de Adidas.\u00a0Maneja los partidos como una leyenda con la Adipower Legend de Seba Nerone.  TECNOLOG\u00cdAS Y BENEFICIOS   DUAL EXOSKELETON DE ADIDAS: El Dual Exoskeleton de Adidas es un refuerzo a base de nervios de fibra de carbono de doble altura en el n\u00facleo y el marco de la pala. Su funci\u00f3n es aportar rigidez y resistencia a la torsi\u00f3n para garantizar el mejor desempe\u00f1o en los golpes m\u00e1s potentes.  SPIN BLADE: La tecnolog\u00eda Spin Blade de Adidas consta de una rugosidad en la superficie de la pala para proporcionar la m\u00e1xima adherencia con la bola en la creaci\u00f3n de efectos. Su relieve permite ejercer una rotaci\u00f3n endiablada y lograr los golpes m\u00e1s dif\u00edciles de leer en la pista.  GOMA EVA SOFT PERFORMANCE: La goma EVA Soft Performance de Adidas es un compuesto ligero que asegura la mejor salida de bola. Se trata de un material medianamente flexible, ideal tanto para el juego de control como el de ataque. Una garant\u00eda en cuanto a confort y rendimiento.  CARACTER\u00cdSTICAS   Forma de la pala:\u00a0Diamante Oversize.  Balance:\u00a0Medio (265 mm).  Peso:\u00a0360-375gr.  Grosor de el marco:\u00a038 mm.  Goma\u00a0: Eva Soft Performance de Adidas.  Planos:\u00a0Fibra de Carbono 3K.  Power Embossed Ridge\u00a0de Adidas.  Dual Exoskeleton\u00a0de Adidas.  Spin Blade\u00a0de Adidas.  Smart Holes Curve\u00a0de Adidas.  Structural Reinforcement\u00a0de Adidas.  &nbsp;\" \/>\n<meta property=\"og:url\" content=\"https:\/\/padelzoco.es\/en\/product\/pala-adidas-adipower-legend-seba-nerone-2024\/\" \/>\n<meta property=\"og:site_name\" content=\"Padel Zoco\" \/>\n<meta property=\"article:modified_time\" content=\"2026-04-30T17:47:45+00:00\" \/>\n<meta property=\"og:image\" content=\"https:\/\/padelzoco.es\/wp-content\/uploads\/2024\/04\/PALA-ADIDAS-ADIPOWER-LEGEND-SEBA-NERONE-2024-Image-5.webp\" \/>\n\t<meta property=\"og:image:width\" content=\"1400\" \/>\n\t<meta property=\"og:image:height\" content=\"1400\" \/>\n\t<meta property=\"og:image:type\" content=\"image\/webp\" \/>\n<meta name=\"twitter:card\" content=\"summary_large_image\" \/>\n<meta name=\"twitter:label1\" content=\"Estimated reading time\" \/>\n\t<meta name=\"twitter:data1\" content=\"2 minutes\" \/>\n<script type=\"application\/ld+json\" class=\"yoast-schema-graph\">{\"@context\":\"https:\\\/\\\/schema.org\",\"@graph\":[{\"@type\":\"WebPage\",\"@id\":\"https:\\\/\\\/padelzoco.es\\\/product\\\/pala-adidas-adipower-legend-seba-nerone-2024\\\/\",\"url\":\"https:\\\/\\\/padelzoco.es\\\/product\\\/pala-adidas-adipower-legend-seba-nerone-2024\\\/\",\"name\":\"Pala Adidas Adipower Legend Seba Nerone 2024 - Padel Zoco\",\"isPartOf\":{\"@id\":\"https:\\\/\\\/padelzoco.es\\\/#website\"},\"primaryImageOfPage\":{\"@id\":\"https:\\\/\\\/padelzoco.es\\\/product\\\/pala-adidas-adipower-legend-seba-nerone-2024\\\/#primaryimage\"},\"image\":{\"@id\":\"https:\\\/\\\/padelzoco.es\\\/product\\\/pala-adidas-adipower-legend-seba-nerone-2024\\\/#primaryimage\"},\"thumbnailUrl\":\"https:\\\/\\\/padelzoco.es\\\/wp-content\\\/uploads\\\/2024\\\/04\\\/PALA-ADIDAS-ADIPOWER-LEGEND-SEBA-NERONE-2024-Image-5.webp\",\"datePublished\":\"2024-04-17T16:45:48+00:00\",\"dateModified\":\"2026-04-30T17:47:45+00:00\",\"breadcrumb\":{\"@id\":\"https:\\\/\\\/padelzoco.es\\\/product\\\/pala-adidas-adipower-legend-seba-nerone-2024\\\/#breadcrumb\"},\"inLanguage\":\"en-GB\",\"potentialAction\":[{\"@type\":\"ReadAction\",\"target\":[\"https:\\\/\\\/padelzoco.es\\\/product\\\/pala-adidas-adipower-legend-seba-nerone-2024\\\/\"]}]},{\"@type\":\"ImageObject\",\"inLanguage\":\"en-GB\",\"@id\":\"https:\\\/\\\/padelzoco.es\\\/product\\\/pala-adidas-adipower-legend-seba-nerone-2024\\\/#primaryimage\",\"url\":\"https:\\\/\\\/padelzoco.es\\\/wp-content\\\/uploads\\\/2024\\\/04\\\/PALA-ADIDAS-ADIPOWER-LEGEND-SEBA-NERONE-2024-Image-5.webp\",\"contentUrl\":\"https:\\\/\\\/padelzoco.es\\\/wp-content\\\/uploads\\\/2024\\\/04\\\/PALA-ADIDAS-ADIPOWER-LEGEND-SEBA-NERONE-2024-Image-5.webp\",\"width\":1400,\"height\":1400,\"caption\":\"PALA ADIDAS ADIPOWER LEGEND SEBA NERONE 2024 Image 5\"},{\"@type\":\"BreadcrumbList\",\"@id\":\"https:\\\/\\\/padelzoco.es\\\/product\\\/pala-adidas-adipower-legend-seba-nerone-2024\\\/#breadcrumb\",\"itemListElement\":[{\"@type\":\"ListItem\",\"position\":1,\"name\":\"Home\",\"item\":\"https:\\\/\\\/padelzoco.es\\\/\"},{\"@type\":\"ListItem\",\"position\":2,\"name\":\"Padel Zoco\",\"item\":\"https:\\\/\\\/padelzoco.es\\\/padel-zoco\\\/\"},{\"@type\":\"ListItem\",\"position\":3,\"name\":\"Pala Adidas Adipower Legend Seba Nerone 2024\"}]},{\"@type\":\"WebSite\",\"@id\":\"https:\\\/\\\/padelzoco.es\\\/#website\",\"url\":\"https:\\\/\\\/padelzoco.es\\\/\",\"name\":\"Padel Zoco\",\"description\":\"Padel Zoco | Spain\",\"publisher\":{\"@id\":\"https:\\\/\\\/padelzoco.es\\\/#organization\"},\"potentialAction\":[{\"@type\":\"SearchAction\",\"target\":{\"@type\":\"EntryPoint\",\"urlTemplate\":\"https:\\\/\\\/padelzoco.es\\\/?s={search_term_string}\"},\"query-input\":{\"@type\":\"PropertyValueSpecification\",\"valueRequired\":true,\"valueName\":\"search_term_string\"}}],\"inLanguage\":\"en-GB\"},{\"@type\":\"Organization\",\"@id\":\"https:\\\/\\\/padelzoco.es\\\/#organization\",\"name\":\"Padel Zoco\",\"url\":\"https:\\\/\\\/padelzoco.es\\\/\",\"logo\":{\"@type\":\"ImageObject\",\"inLanguage\":\"en-GB\",\"@id\":\"https:\\\/\\\/padelzoco.es\\\/#\\\/schema\\\/logo\\\/image\\\/\",\"url\":\"https:\\\/\\\/padelzoco.es\\\/wp-content\\\/uploads\\\/2023\\\/11\\\/PadelZoco_Logo_black_white.webp\",\"contentUrl\":\"https:\\\/\\\/padelzoco.es\\\/wp-content\\\/uploads\\\/2023\\\/11\\\/PadelZoco_Logo_black_white.webp\",\"width\":1500,\"height\":631,\"caption\":\"Padel Zoco\"},\"image\":{\"@id\":\"https:\\\/\\\/padelzoco.es\\\/#\\\/schema\\\/logo\\\/image\\\/\"}}]}<\/script>\n<!-- \/ Yoast SEO plugin. -->","yoast_head_json":{"title":"Pala Adidas Adipower Legend Seba Nerone 2024 - Padel Zoco","robots":{"index":"index","follow":"follow","max-snippet":"max-snippet:-1","max-image-preview":"max-image-preview:large","max-video-preview":"max-video-preview:-1"},"canonical":"https:\/\/padelzoco.es\/en\/product\/pala-adidas-adipower-legend-seba-nerone-2024\/","og_locale":"en_GB","og_type":"article","og_title":"Pala Adidas Adipower Legend Seba Nerone 2024 - Padel Zoco","og_description":"\u00danica\u00a0e irrepetible. Sin\u00f3nimo de\u00a0talento,\u00a0esta pala exclusiva est\u00e1 hecha para acompa\u00f1ar a las manos m\u00e1s\u00a0perseverantes. Su\u00a0espectacular dise\u00f1o\u00a0responde a las caracter\u00edsticas exquisitas que la componen. Esta\u00a0pala de leyenda\u00a0incorpora las\u00a0mejores tecnolog\u00edas\u00a0para obtener un\u00a0comportamiento excelente entre las cuatro\u00a0paredes.\u00a0Tus golpes m\u00e1s potentes est\u00e1n garantizados gracias a la superficie fabricada en\u00a0Fibra de Carbono 3K\u00a0y a los refuerzos de\u00a0Dual Exoskeleton\u00a0y\u00a0Power Embossed Ridge de Adidas. Para los\u00a0efectos,\u00a0la Adipower Legend cuenta con lo mejor: las\u00a0tecnolog\u00edas Spin Blade\u00a0y\u00a0Smart Holes Curve de Adidas.\u00a0Maneja los partidos como una leyenda con la Adipower Legend de Seba Nerone.  TECNOLOG\u00cdAS Y BENEFICIOS   DUAL EXOSKELETON DE ADIDAS: El Dual Exoskeleton de Adidas es un refuerzo a base de nervios de fibra de carbono de doble altura en el n\u00facleo y el marco de la pala. Su funci\u00f3n es aportar rigidez y resistencia a la torsi\u00f3n para garantizar el mejor desempe\u00f1o en los golpes m\u00e1s potentes.  SPIN BLADE: La tecnolog\u00eda Spin Blade de Adidas consta de una rugosidad en la superficie de la pala para proporcionar la m\u00e1xima adherencia con la bola en la creaci\u00f3n de efectos. Su relieve permite ejercer una rotaci\u00f3n endiablada y lograr los golpes m\u00e1s dif\u00edciles de leer en la pista.  GOMA EVA SOFT PERFORMANCE: La goma EVA Soft Performance de Adidas es un compuesto ligero que asegura la mejor salida de bola. Se trata de un material medianamente flexible, ideal tanto para el juego de control como el de ataque. Una garant\u00eda en cuanto a confort y rendimiento.  CARACTER\u00cdSTICAS   Forma de la pala:\u00a0Diamante Oversize.  Balance:\u00a0Medio (265 mm).  Peso:\u00a0360-375gr.  Grosor de el marco:\u00a038 mm.  Goma\u00a0: Eva Soft Performance de Adidas.  Planos:\u00a0Fibra de Carbono 3K.  Power Embossed Ridge\u00a0de Adidas.  Dual Exoskeleton\u00a0de Adidas.  Spin Blade\u00a0de Adidas.  Smart Holes Curve\u00a0de Adidas.  Structural Reinforcement\u00a0de Adidas.  &nbsp;","og_url":"https:\/\/padelzoco.es\/en\/product\/pala-adidas-adipower-legend-seba-nerone-2024\/","og_site_name":"Padel Zoco","article_modified_time":"2026-04-30T17:47:45+00:00","og_image":[{"width":1400,"height":1400,"url":"https:\/\/padelzoco.es\/wp-content\/uploads\/2024\/04\/PALA-ADIDAS-ADIPOWER-LEGEND-SEBA-NERONE-2024-Image-5.webp","type":"image\/webp"}],"twitter_card":"summary_large_image","twitter_misc":{"Estimated reading time":"2 minutes"},"schema":{"@context":"https:\/\/schema.org","@graph":[{"@type":"WebPage","@id":"https:\/\/padelzoco.es\/product\/pala-adidas-adipower-legend-seba-nerone-2024\/","url":"https:\/\/padelzoco.es\/product\/pala-adidas-adipower-legend-seba-nerone-2024\/","name":"Pala Adidas Adipower Legend Seba Nerone 2024 - Padel Zoco","isPartOf":{"@id":"https:\/\/padelzoco.es\/#website"},"primaryImageOfPage":{"@id":"https:\/\/padelzoco.es\/product\/pala-adidas-adipower-legend-seba-nerone-2024\/#primaryimage"},"image":{"@id":"https:\/\/padelzoco.es\/product\/pala-adidas-adipower-legend-seba-nerone-2024\/#primaryimage"},"thumbnailUrl":"https:\/\/padelzoco.es\/wp-content\/uploads\/2024\/04\/PALA-ADIDAS-ADIPOWER-LEGEND-SEBA-NERONE-2024-Image-5.webp","datePublished":"2024-04-17T16:45:48+00:00","dateModified":"2026-04-30T17:47:45+00:00","breadcrumb":{"@id":"https:\/\/padelzoco.es\/product\/pala-adidas-adipower-legend-seba-nerone-2024\/#breadcrumb"},"inLanguage":"en-GB","potentialAction":[{"@type":"ReadAction","target":["https:\/\/padelzoco.es\/product\/pala-adidas-adipower-legend-seba-nerone-2024\/"]}]},{"@type":"ImageObject","inLanguage":"en-GB","@id":"https:\/\/padelzoco.es\/product\/pala-adidas-adipower-legend-seba-nerone-2024\/#primaryimage","url":"https:\/\/padelzoco.es\/wp-content\/uploads\/2024\/04\/PALA-ADIDAS-ADIPOWER-LEGEND-SEBA-NERONE-2024-Image-5.webp","contentUrl":"https:\/\/padelzoco.es\/wp-content\/uploads\/2024\/04\/PALA-ADIDAS-ADIPOWER-LEGEND-SEBA-NERONE-2024-Image-5.webp","width":1400,"height":1400,"caption":"PALA ADIDAS ADIPOWER LEGEND SEBA NERONE 2024 Image 5"},{"@type":"BreadcrumbList","@id":"https:\/\/padelzoco.es\/product\/pala-adidas-adipower-legend-seba-nerone-2024\/#breadcrumb","itemListElement":[{"@type":"ListItem","position":1,"name":"Home","item":"https:\/\/padelzoco.es\/"},{"@type":"ListItem","position":2,"name":"Padel Zoco","item":"https:\/\/padelzoco.es\/padel-zoco\/"},{"@type":"ListItem","position":3,"name":"Pala Adidas Adipower Legend Seba Nerone 2024"}]},{"@type":"WebSite","@id":"https:\/\/padelzoco.es\/#website","url":"https:\/\/padelzoco.es\/","name":"Padel Zoco","description":"Padel Zoco | Spain","publisher":{"@id":"https:\/\/padelzoco.es\/#organization"},"potentialAction":[{"@type":"SearchAction","target":{"@type":"EntryPoint","urlTemplate":"https:\/\/padelzoco.es\/?s={search_term_string}"},"query-input":{"@type":"PropertyValueSpecification","valueRequired":true,"valueName":"search_term_string"}}],"inLanguage":"en-GB"},{"@type":"Organization","@id":"https:\/\/padelzoco.es\/#organization","name":"Padel Zoco","url":"https:\/\/padelzoco.es\/","logo":{"@type":"ImageObject","inLanguage":"en-GB","@id":"https:\/\/padelzoco.es\/#\/schema\/logo\/image\/","url":"https:\/\/padelzoco.es\/wp-content\/uploads\/2023\/11\/PadelZoco_Logo_black_white.webp","contentUrl":"https:\/\/padelzoco.es\/wp-content\/uploads\/2023\/11\/PadelZoco_Logo_black_white.webp","width":1500,"height":631,"caption":"Padel Zoco"},"image":{"@id":"https:\/\/padelzoco.es\/#\/schema\/logo\/image\/"}}]}},"_links":{"self":[{"href":"https:\/\/padelzoco.es\/en\/wp-json\/wp\/v2\/product\/10086","targetHints":{"allow":["GET"]}}],"collection":[{"href":"https:\/\/padelzoco.es\/en\/wp-json\/wp\/v2\/product"}],"about":[{"href":"https:\/\/padelzoco.es\/en\/wp-json\/wp\/v2\/types\/product"}],"version-history":[{"count":1,"href":"https:\/\/padelzoco.es\/en\/wp-json\/wp\/v2\/product\/10086\/revisions"}],"predecessor-version":[{"id":27794,"href":"https:\/\/padelzoco.es\/en\/wp-json\/wp\/v2\/product\/10086\/revisions\/27794"}],"wp:featuredmedia":[{"embeddable":true,"href":"https:\/\/padelzoco.es\/en\/wp-json\/wp\/v2\/media\/10091"}],"wp:attachment":[{"href":"https:\/\/padelzoco.es\/en\/wp-json\/wp\/v2\/media?parent=10086"}],"wp:term":[{"taxonomy":"product_brand","embeddable":true,"href":"https:\/\/padelzoco.es\/en\/wp-json\/wp\/v2\/product_brand?post=10086"},{"taxonomy":"product_cat","embeddable":true,"href":"https:\/\/padelzoco.es\/en\/wp-json\/wp\/v2\/product_cat?post=10086"},{"taxonomy":"product_tag","embeddable":true,"href":"https:\/\/padelzoco.es\/en\/wp-json\/wp\/v2\/product_tag?post=10086"}],"curies":[{"name":"wp","href":"https:\/\/api.w.org\/{rel}","templated":true}]}}