{"id":10101,"date":"2024-04-18T08:24:28","date_gmt":"2024-04-18T07:24:28","guid":{"rendered":"https:\/\/adc06f55e9.nxcli.io\/?post_type=product&#038;p=10101"},"modified":"2026-04-30T19:14:38","modified_gmt":"2026-04-30T18:14:38","slug":"overgrip-wilson-perforado-padel-1-unidad","status":"publish","type":"product","link":"https:\/\/padelzoco.es\/en\/product\/overgrip-wilson-perforado-padel-1-unidad\/","title":{"rendered":"Overgrip Wilson Perforado Padel 1 Unidad"},"content":{"rendered":"<div class=\"product_content_left\">\n<p data-start=\"107\" data-end=\"302\"><strong data-start=\"107\" data-end=\"149\">Wilson Perforated Overgrip (x1) Blanco<\/strong> ofrece <strong data-start=\"157\" data-end=\"174\">agarre m\u00e1ximo<\/strong> y est\u00e1 dise\u00f1ado espec\u00edficamente para <strong data-start=\"212\" data-end=\"246\">absorber la humedad de la mano<\/strong>, proporcionando un control superior durante el juego.<\/p>\n<p data-start=\"304\" data-end=\"591\">Se trata de un <strong data-start=\"319\" data-end=\"361\">overgrip para raqueta de tenis y p\u00e1del<\/strong>, que se envuelve sobre el mango existente para un <strong data-start=\"412\" data-end=\"436\">agarre personalizado<\/strong> y c\u00f3modo. Su <strong data-start=\"450\" data-end=\"470\">dise\u00f1o perforado<\/strong> mejora la ventilaci\u00f3n y la absorci\u00f3n del sudor, manteniendo la mano seca y evitando deslizamientos durante los golpes.<\/p>\n<p data-start=\"593\" data-end=\"672\">El color <strong data-start=\"602\" data-end=\"620\">blanco cl\u00e1sico<\/strong> aporta un acabado limpio y elegante a tu raqueta.<\/p>\n<p data-start=\"674\" data-end=\"708\"><strong data-start=\"674\" data-end=\"706\">Key Features:<\/strong><\/p>\n<ul data-start=\"709\" data-end=\"942\">\n<li data-section-id=\"1yeqr9d\" data-start=\"709\" data-end=\"748\">\n<p data-start=\"711\" data-end=\"748\">Proporciona agarre m\u00e1ximo y control<\/p>\n<\/li>\n<li data-section-id=\"iq606i\" data-start=\"749\" data-end=\"797\">\n<p data-start=\"751\" data-end=\"797\">Dise\u00f1ado para absorber la humedad de la mano<\/p>\n<\/li>\n<li data-section-id=\"1ucd7ta\" data-start=\"798\" data-end=\"855\">\n<p data-start=\"800\" data-end=\"855\">Overgrip que se envuelve sobre el mango de la raqueta<\/p>\n<\/li>\n<li data-section-id=\"1w93qsf\" data-start=\"856\" data-end=\"906\">\n<p data-start=\"858\" data-end=\"906\">Dise\u00f1o perforado para mejorar la transpiraci\u00f3n<\/p>\n<\/li>\n<li data-section-id=\"l7rmdo\" data-start=\"907\" data-end=\"942\">\n<p data-start=\"909\" data-end=\"942\">Color blanco cl\u00e1sico y elegante<\/p>\n<\/li>\n<\/ul>\n<\/div>","protected":false},"excerpt":{"rendered":"<div class=\"product-information_short-description\">\n<div class=\"s-row\">\n<div class=\"product_content_left\">\n<p data-start=\"71\" data-end=\"219\">El <strong data-start=\"74\" data-end=\"116\">Wilson Perforated Overgrip (x1) Blanco<\/strong> ofrece un <strong data-start=\"127\" data-end=\"144\">agarre m\u00e1ximo<\/strong> y est\u00e1 dise\u00f1ado espec\u00edficamente para <strong data-start=\"182\" data-end=\"216\">eliminar la humedad de la mano<\/strong>.<\/p>\n<ul data-start=\"221\" data-end=\"445\" data-is-last-node=\"\" data-is-only-node=\"\">\n<li data-section-id=\"js66i5\" data-start=\"221\" data-end=\"328\">\n<p data-start=\"223\" data-end=\"328\">Overgrip para raqueta de tenis: Se envuelve alrededor del mango existente para un agarre personalizado.<\/p>\n<\/li>\n<li data-section-id=\"krsfkv\" data-start=\"329\" data-end=\"403\">\n<p data-start=\"331\" data-end=\"403\">Dise\u00f1o perforado: Mejora la transpirabilidad y la absorci\u00f3n del sudor.<\/p>\n<\/li>\n<li data-section-id=\"e0c2b0\" data-start=\"404\" data-end=\"445\" data-is-last-node=\"\">\n<p data-start=\"406\" data-end=\"445\" data-is-last-node=\"\">Color blanco: Aspecto cl\u00e1sico y limpio.<\/p>\n<\/li>\n<\/ul>\n<\/div>\n<\/div>\n<\/div>","protected":false},"featured_media":10102,"template":"","meta":[],"product_brand":[],"product_cat":[637,638,699],"product_tag":[],"class_list":{"0":"post-10101","1":"product","2":"type-product","3":"status-publish","4":"has-post-thumbnail","6":"product_cat-accesorios","7":"product_cat-grips-and-overgrips","8":"product_cat-wilson-padel","9":"pa_brand-wilson","10":"pa_color-blanco","11":"pa_hs_code-134","13":"first","14":"instock","15":"taxable","16":"shipping-taxable","17":"purchasable","18":"product-type-simple"},"yoast_head":"<!-- This site is optimized with the Yoast SEO plugin v27.5 - https:\/\/yoast.com\/product\/yoast-seo-wordpress\/ -->\n<title>padel pro overgrip<\/title>\n<meta name=\"description\" content=\"Overgrip Wilson perforado blanco: m\u00e1xima adherencia, absorbe sudor, mejora el agarre y ventilaci\u00f3n. Ideal para tenis y p\u00e1del.\" \/>\n<meta name=\"robots\" content=\"index, follow, max-snippet:-1, max-image-preview:large, max-video-preview:-1\" \/>\n<link rel=\"canonical\" href=\"https:\/\/padelzoco.es\/en\/product\/overgrip-wilson-perforado-padel-1-unidad\/\" \/>\n<meta property=\"og:locale\" content=\"en_GB\" \/>\n<meta property=\"og:type\" content=\"article\" \/>\n<meta property=\"og:title\" content=\"padel pro overgrip\" \/>\n<meta property=\"og:description\" content=\"Overgrip Wilson perforado blanco: m\u00e1xima adherencia, absorbe sudor, mejora el agarre y ventilaci\u00f3n. Ideal para tenis y p\u00e1del.\" \/>\n<meta property=\"og:url\" content=\"https:\/\/padelzoco.es\/en\/product\/overgrip-wilson-perforado-padel-1-unidad\/\" \/>\n<meta property=\"og:site_name\" content=\"Padel Zoco\" \/>\n<meta property=\"article:modified_time\" content=\"2026-04-30T18:14:38+00:00\" \/>\n<meta property=\"og:image\" content=\"https:\/\/padelzoco.es\/wp-content\/uploads\/2024\/04\/Wilson-Perforated-Overgrip-x1-White.webp\" \/>\n\t<meta property=\"og:image:width\" content=\"1400\" \/>\n\t<meta property=\"og:image:height\" content=\"1400\" \/>\n\t<meta property=\"og:image:type\" content=\"image\/webp\" \/>\n<meta name=\"twitter:card\" content=\"summary_large_image\" \/>\n<meta name=\"twitter:label1\" content=\"Estimated reading time\" \/>\n\t<meta name=\"twitter:data1\" content=\"1 minute\" \/>\n<script type=\"application\/ld+json\" class=\"yoast-schema-graph\">{\"@context\":\"https:\\\/\\\/schema.org\",\"@graph\":[{\"@type\":\"WebPage\",\"@id\":\"https:\\\/\\\/padelzoco.es\\\/product\\\/overgrip-wilson-perforado-padel-1-unidad\\\/\",\"url\":\"https:\\\/\\\/padelzoco.es\\\/product\\\/overgrip-wilson-perforado-padel-1-unidad\\\/\",\"name\":\"padel pro overgrip\",\"isPartOf\":{\"@id\":\"https:\\\/\\\/padelzoco.es\\\/#website\"},\"primaryImageOfPage\":{\"@id\":\"https:\\\/\\\/padelzoco.es\\\/product\\\/overgrip-wilson-perforado-padel-1-unidad\\\/#primaryimage\"},\"image\":{\"@id\":\"https:\\\/\\\/padelzoco.es\\\/product\\\/overgrip-wilson-perforado-padel-1-unidad\\\/#primaryimage\"},\"thumbnailUrl\":\"https:\\\/\\\/padelzoco.es\\\/wp-content\\\/uploads\\\/2024\\\/04\\\/Wilson-Perforated-Overgrip-x1-White.webp\",\"datePublished\":\"2024-04-18T07:24:28+00:00\",\"dateModified\":\"2026-04-30T18:14:38+00:00\",\"description\":\"Overgrip Wilson perforado blanco: m\u00e1xima adherencia, absorbe sudor, mejora el agarre y ventilaci\u00f3n. Ideal para tenis y p\u00e1del.\",\"breadcrumb\":{\"@id\":\"https:\\\/\\\/padelzoco.es\\\/product\\\/overgrip-wilson-perforado-padel-1-unidad\\\/#breadcrumb\"},\"inLanguage\":\"en-GB\",\"potentialAction\":[{\"@type\":\"ReadAction\",\"target\":[\"https:\\\/\\\/padelzoco.es\\\/product\\\/overgrip-wilson-perforado-padel-1-unidad\\\/\"]}]},{\"@type\":\"ImageObject\",\"inLanguage\":\"en-GB\",\"@id\":\"https:\\\/\\\/padelzoco.es\\\/product\\\/overgrip-wilson-perforado-padel-1-unidad\\\/#primaryimage\",\"url\":\"https:\\\/\\\/padelzoco.es\\\/wp-content\\\/uploads\\\/2024\\\/04\\\/Wilson-Perforated-Overgrip-x1-White.webp\",\"contentUrl\":\"https:\\\/\\\/padelzoco.es\\\/wp-content\\\/uploads\\\/2024\\\/04\\\/Wilson-Perforated-Overgrip-x1-White.webp\",\"width\":1400,\"height\":1400,\"caption\":\"Wilson Perforated Overgrip x1 White\"},{\"@type\":\"BreadcrumbList\",\"@id\":\"https:\\\/\\\/padelzoco.es\\\/product\\\/overgrip-wilson-perforado-padel-1-unidad\\\/#breadcrumb\",\"itemListElement\":[{\"@type\":\"ListItem\",\"position\":1,\"name\":\"Home\",\"item\":\"https:\\\/\\\/padelzoco.es\\\/\"},{\"@type\":\"ListItem\",\"position\":2,\"name\":\"Padel Zoco\",\"item\":\"https:\\\/\\\/padelzoco.es\\\/padel-zoco\\\/\"},{\"@type\":\"ListItem\",\"position\":3,\"name\":\"Overgrip Wilson Perforado Padel 1 Unidad\"}]},{\"@type\":\"WebSite\",\"@id\":\"https:\\\/\\\/padelzoco.es\\\/#website\",\"url\":\"https:\\\/\\\/padelzoco.es\\\/\",\"name\":\"Padel Zoco\",\"description\":\"Padel Zoco | Spain\",\"publisher\":{\"@id\":\"https:\\\/\\\/padelzoco.es\\\/#organization\"},\"potentialAction\":[{\"@type\":\"SearchAction\",\"target\":{\"@type\":\"EntryPoint\",\"urlTemplate\":\"https:\\\/\\\/padelzoco.es\\\/?s={search_term_string}\"},\"query-input\":{\"@type\":\"PropertyValueSpecification\",\"valueRequired\":true,\"valueName\":\"search_term_string\"}}],\"inLanguage\":\"en-GB\"},{\"@type\":\"Organization\",\"@id\":\"https:\\\/\\\/padelzoco.es\\\/#organization\",\"name\":\"Padel Zoco\",\"url\":\"https:\\\/\\\/padelzoco.es\\\/\",\"logo\":{\"@type\":\"ImageObject\",\"inLanguage\":\"en-GB\",\"@id\":\"https:\\\/\\\/padelzoco.es\\\/#\\\/schema\\\/logo\\\/image\\\/\",\"url\":\"https:\\\/\\\/padelzoco.es\\\/wp-content\\\/uploads\\\/2023\\\/11\\\/PadelZoco_Logo_black_white.webp\",\"contentUrl\":\"https:\\\/\\\/padelzoco.es\\\/wp-content\\\/uploads\\\/2023\\\/11\\\/PadelZoco_Logo_black_white.webp\",\"width\":1500,\"height\":631,\"caption\":\"Padel Zoco\"},\"image\":{\"@id\":\"https:\\\/\\\/padelzoco.es\\\/#\\\/schema\\\/logo\\\/image\\\/\"}}]}<\/script>\n<!-- \/ Yoast SEO plugin. -->","yoast_head_json":{"title":"padel pro overgrip","description":"Overgrip Wilson perforado blanco: m\u00e1xima adherencia, absorbe sudor, mejora el agarre y ventilaci\u00f3n. Ideal para tenis y p\u00e1del.","robots":{"index":"index","follow":"follow","max-snippet":"max-snippet:-1","max-image-preview":"max-image-preview:large","max-video-preview":"max-video-preview:-1"},"canonical":"https:\/\/padelzoco.es\/en\/product\/overgrip-wilson-perforado-padel-1-unidad\/","og_locale":"en_GB","og_type":"article","og_title":"padel pro overgrip","og_description":"Overgrip Wilson perforado blanco: m\u00e1xima adherencia, absorbe sudor, mejora el agarre y ventilaci\u00f3n. Ideal para tenis y p\u00e1del.","og_url":"https:\/\/padelzoco.es\/en\/product\/overgrip-wilson-perforado-padel-1-unidad\/","og_site_name":"Padel Zoco","article_modified_time":"2026-04-30T18:14:38+00:00","og_image":[{"width":1400,"height":1400,"url":"https:\/\/padelzoco.es\/wp-content\/uploads\/2024\/04\/Wilson-Perforated-Overgrip-x1-White.webp","type":"image\/webp"}],"twitter_card":"summary_large_image","twitter_misc":{"Estimated reading time":"1 minute"},"schema":{"@context":"https:\/\/schema.org","@graph":[{"@type":"WebPage","@id":"https:\/\/padelzoco.es\/product\/overgrip-wilson-perforado-padel-1-unidad\/","url":"https:\/\/padelzoco.es\/product\/overgrip-wilson-perforado-padel-1-unidad\/","name":"padel pro overgrip","isPartOf":{"@id":"https:\/\/padelzoco.es\/#website"},"primaryImageOfPage":{"@id":"https:\/\/padelzoco.es\/product\/overgrip-wilson-perforado-padel-1-unidad\/#primaryimage"},"image":{"@id":"https:\/\/padelzoco.es\/product\/overgrip-wilson-perforado-padel-1-unidad\/#primaryimage"},"thumbnailUrl":"https:\/\/padelzoco.es\/wp-content\/uploads\/2024\/04\/Wilson-Perforated-Overgrip-x1-White.webp","datePublished":"2024-04-18T07:24:28+00:00","dateModified":"2026-04-30T18:14:38+00:00","description":"Overgrip Wilson perforado blanco: m\u00e1xima adherencia, absorbe sudor, mejora el agarre y ventilaci\u00f3n. Ideal para tenis y p\u00e1del.","breadcrumb":{"@id":"https:\/\/padelzoco.es\/product\/overgrip-wilson-perforado-padel-1-unidad\/#breadcrumb"},"inLanguage":"en-GB","potentialAction":[{"@type":"ReadAction","target":["https:\/\/padelzoco.es\/product\/overgrip-wilson-perforado-padel-1-unidad\/"]}]},{"@type":"ImageObject","inLanguage":"en-GB","@id":"https:\/\/padelzoco.es\/product\/overgrip-wilson-perforado-padel-1-unidad\/#primaryimage","url":"https:\/\/padelzoco.es\/wp-content\/uploads\/2024\/04\/Wilson-Perforated-Overgrip-x1-White.webp","contentUrl":"https:\/\/padelzoco.es\/wp-content\/uploads\/2024\/04\/Wilson-Perforated-Overgrip-x1-White.webp","width":1400,"height":1400,"caption":"Wilson Perforated Overgrip x1 White"},{"@type":"BreadcrumbList","@id":"https:\/\/padelzoco.es\/product\/overgrip-wilson-perforado-padel-1-unidad\/#breadcrumb","itemListElement":[{"@type":"ListItem","position":1,"name":"Home","item":"https:\/\/padelzoco.es\/"},{"@type":"ListItem","position":2,"name":"Padel Zoco","item":"https:\/\/padelzoco.es\/padel-zoco\/"},{"@type":"ListItem","position":3,"name":"Overgrip Wilson Perforado Padel 1 Unidad"}]},{"@type":"WebSite","@id":"https:\/\/padelzoco.es\/#website","url":"https:\/\/padelzoco.es\/","name":"Padel Zoco","description":"Padel Zoco | Spain","publisher":{"@id":"https:\/\/padelzoco.es\/#organization"},"potentialAction":[{"@type":"SearchAction","target":{"@type":"EntryPoint","urlTemplate":"https:\/\/padelzoco.es\/?s={search_term_string}"},"query-input":{"@type":"PropertyValueSpecification","valueRequired":true,"valueName":"search_term_string"}}],"inLanguage":"en-GB"},{"@type":"Organization","@id":"https:\/\/padelzoco.es\/#organization","name":"Padel Zoco","url":"https:\/\/padelzoco.es\/","logo":{"@type":"ImageObject","inLanguage":"en-GB","@id":"https:\/\/padelzoco.es\/#\/schema\/logo\/image\/","url":"https:\/\/padelzoco.es\/wp-content\/uploads\/2023\/11\/PadelZoco_Logo_black_white.webp","contentUrl":"https:\/\/padelzoco.es\/wp-content\/uploads\/2023\/11\/PadelZoco_Logo_black_white.webp","width":1500,"height":631,"caption":"Padel Zoco"},"image":{"@id":"https:\/\/padelzoco.es\/#\/schema\/logo\/image\/"}}]}},"_links":{"self":[{"href":"https:\/\/padelzoco.es\/en\/wp-json\/wp\/v2\/product\/10101","targetHints":{"allow":["GET"]}}],"collection":[{"href":"https:\/\/padelzoco.es\/en\/wp-json\/wp\/v2\/product"}],"about":[{"href":"https:\/\/padelzoco.es\/en\/wp-json\/wp\/v2\/types\/product"}],"version-history":[{"count":3,"href":"https:\/\/padelzoco.es\/en\/wp-json\/wp\/v2\/product\/10101\/revisions"}],"predecessor-version":[{"id":37311,"href":"https:\/\/padelzoco.es\/en\/wp-json\/wp\/v2\/product\/10101\/revisions\/37311"}],"wp:featuredmedia":[{"embeddable":true,"href":"https:\/\/padelzoco.es\/en\/wp-json\/wp\/v2\/media\/10102"}],"wp:attachment":[{"href":"https:\/\/padelzoco.es\/en\/wp-json\/wp\/v2\/media?parent=10101"}],"wp:term":[{"taxonomy":"product_brand","embeddable":true,"href":"https:\/\/padelzoco.es\/en\/wp-json\/wp\/v2\/product_brand?post=10101"},{"taxonomy":"product_cat","embeddable":true,"href":"https:\/\/padelzoco.es\/en\/wp-json\/wp\/v2\/product_cat?post=10101"},{"taxonomy":"product_tag","embeddable":true,"href":"https:\/\/padelzoco.es\/en\/wp-json\/wp\/v2\/product_tag?post=10101"}],"curies":[{"name":"wp","href":"https:\/\/api.w.org\/{rel}","templated":true}]}}