{"id":10106,"date":"2024-04-18T09:40:36","date_gmt":"2024-04-18T08:40:36","guid":{"rendered":"https:\/\/adc06f55e9.nxcli.io\/?post_type=product&#038;p=10106"},"modified":"2026-04-30T18:47:45","modified_gmt":"2026-04-30T17:47:45","slug":"paletero-adidas-multigame-negro-3-3-2024","status":"publish","type":"product","link":"https:\/\/padelzoco.es\/en\/product\/paletero-adidas-multigame-negro-3-3-2024\/","title":{"rendered":"Paletero Adidas Multigame Negro 3.3 2024"},"content":{"rendered":"<p>El nuevo paletero de Ale Gal\u00e1n est\u00e1 fabricado para cargar con todo lo que necesita un jugador de p\u00e1del. Su bolsillo central es de gran tama\u00f1o para poder guardar en \u00e9l todo tu equipamiento. Los dos compartimentos laterales son para las palas. Est\u00e1n recubiertos de un aislamiento t\u00e9rmico para llevarlas a buen recaudo. Debajo del compartimento central hay un espacio con rejilla pensado para las zapatillas. Para los objetos peque\u00f1os, el paletero cuenta con tres bolsillos, uno a cada lado, y un tercero en la parte superior.<\/p>\n<p><strong>DETAILS<\/strong><\/p>\n<ul>\n<li><strong>Materials:<\/strong>\u00a0100% Polyester and Thermal insulation<\/li>\n<li><strong>Dimensions: <\/strong>56 x 35 x 29 cm<\/li>\n<li><strong>Color: <\/strong>Black<\/li>\n<\/ul>\n<p>&nbsp;<\/p>\n<p data-sourcepos=\"10:1-10:47\">","protected":false},"excerpt":{"rendered":"<p>El nuevo paletero de Ale Gal\u00e1n est\u00e1 fabricado para cargar con todo lo que necesita un jugador de p\u00e1del. Su bolsillo central es de gran tama\u00f1o para poder guardar en \u00e9l todo tu equipamiento. Los dos compartimentos laterales son para las palas. Est\u00e1n recubiertos de un aislamiento t\u00e9rmico para llevarlas a buen recaudo. Debajo del compartimento central hay un espacio con rejilla pensado para las zapatillas. Para los objetos peque\u00f1os, el paletero cuenta con tres bolsillos, uno a cada lado, y un tercero en la parte superior.<\/p>\n<p><strong>DETAILS<\/strong><\/p>\n<ul>\n<li><strong>Materials:<\/strong>\u00a0100% Polyester and Thermal insulation<\/li>\n<li><strong>Dimensions: <\/strong>56 x 35 x 29 cm<\/li>\n<li><strong>Color: <\/strong>Black<\/li>\n<\/ul>","protected":false},"featured_media":10112,"template":"","meta":[],"product_brand":[],"product_cat":[631,700,636,626,761,754],"product_tag":[],"class_list":{"0":"post-10106","1":"product","2":"type-product","3":"status-publish","4":"has-post-thumbnail","6":"product_cat-adidas-bolsas","7":"product_cat-adidas-padel","8":"product_cat-bolsa","9":"product_cat-bolsas","10":"product_cat-bolsas-ofertas","11":"product_cat-rebajas","12":"pa_brand-adidas","13":"pa_hs_code-673","15":"first","16":"outofstock","17":"taxable","18":"shipping-taxable","19":"purchasable","20":"product-type-simple"},"yoast_head":"<!-- This site is optimized with the Yoast SEO plugin v27.5 - https:\/\/yoast.com\/product\/yoast-seo-wordpress\/ -->\n<title>Paletero Adidas Multigame Negro 3.3 2024 - Padel Zoco<\/title>\n<meta name=\"robots\" content=\"index, follow, max-snippet:-1, max-image-preview:large, max-video-preview:-1\" \/>\n<link rel=\"canonical\" href=\"https:\/\/padelzoco.es\/en\/product\/paletero-adidas-multigame-negro-3-3-2024\/\" \/>\n<meta property=\"og:locale\" content=\"en_GB\" \/>\n<meta property=\"og:type\" content=\"article\" \/>\n<meta property=\"og:title\" content=\"Paletero Adidas Multigame Negro 3.3 2024 - Padel Zoco\" \/>\n<meta property=\"og:description\" content=\"El nuevo paletero de Ale Gal\u00e1n est\u00e1 fabricado para cargar con todo lo que necesita un jugador de p\u00e1del. Su bolsillo central es de gran tama\u00f1o para poder guardar en \u00e9l todo tu equipamiento. Los dos compartimentos laterales son para las palas. Est\u00e1n recubiertos de un aislamiento t\u00e9rmico para llevarlas a buen recaudo. Debajo del compartimento central hay un espacio con rejilla pensado para las zapatillas. Para los objetos peque\u00f1os, el paletero cuenta con tres bolsillos, uno a cada lado, y un tercero en la parte superior.  DETAILS   Materials:\u00a0100% Polyester and Thermal insulation  Dimensions: 56 x 35 x 29 cm  Color: Black\" \/>\n<meta property=\"og:url\" content=\"https:\/\/padelzoco.es\/en\/product\/paletero-adidas-multigame-negro-3-3-2024\/\" \/>\n<meta property=\"og:site_name\" content=\"Padel Zoco\" \/>\n<meta property=\"article:modified_time\" content=\"2026-04-30T17:47:45+00:00\" \/>\n<meta property=\"og:image\" content=\"https:\/\/padelzoco.es\/wp-content\/uploads\/2024\/04\/Adidas-Multigame-Black-3.3-Padel-Bag-Image-6.webp\" \/>\n\t<meta property=\"og:image:width\" content=\"1400\" \/>\n\t<meta property=\"og:image:height\" content=\"1400\" \/>\n\t<meta property=\"og:image:type\" content=\"image\/webp\" \/>\n<meta name=\"twitter:card\" content=\"summary_large_image\" \/>\n<meta name=\"twitter:label1\" content=\"Estimated reading time\" \/>\n\t<meta name=\"twitter:data1\" content=\"1 minute\" \/>\n<script type=\"application\/ld+json\" class=\"yoast-schema-graph\">{\"@context\":\"https:\\\/\\\/schema.org\",\"@graph\":[{\"@type\":\"WebPage\",\"@id\":\"https:\\\/\\\/padelzoco.es\\\/product\\\/paletero-adidas-multigame-negro-3-3-2024\\\/\",\"url\":\"https:\\\/\\\/padelzoco.es\\\/product\\\/paletero-adidas-multigame-negro-3-3-2024\\\/\",\"name\":\"Paletero Adidas Multigame Negro 3.3 2024 - Padel Zoco\",\"isPartOf\":{\"@id\":\"https:\\\/\\\/padelzoco.es\\\/#website\"},\"primaryImageOfPage\":{\"@id\":\"https:\\\/\\\/padelzoco.es\\\/product\\\/paletero-adidas-multigame-negro-3-3-2024\\\/#primaryimage\"},\"image\":{\"@id\":\"https:\\\/\\\/padelzoco.es\\\/product\\\/paletero-adidas-multigame-negro-3-3-2024\\\/#primaryimage\"},\"thumbnailUrl\":\"https:\\\/\\\/padelzoco.es\\\/wp-content\\\/uploads\\\/2024\\\/04\\\/Adidas-Multigame-Black-3.3-Padel-Bag-Image-6.webp\",\"datePublished\":\"2024-04-18T08:40:36+00:00\",\"dateModified\":\"2026-04-30T17:47:45+00:00\",\"breadcrumb\":{\"@id\":\"https:\\\/\\\/padelzoco.es\\\/product\\\/paletero-adidas-multigame-negro-3-3-2024\\\/#breadcrumb\"},\"inLanguage\":\"en-GB\",\"potentialAction\":[{\"@type\":\"ReadAction\",\"target\":[\"https:\\\/\\\/padelzoco.es\\\/product\\\/paletero-adidas-multigame-negro-3-3-2024\\\/\"]}]},{\"@type\":\"ImageObject\",\"inLanguage\":\"en-GB\",\"@id\":\"https:\\\/\\\/padelzoco.es\\\/product\\\/paletero-adidas-multigame-negro-3-3-2024\\\/#primaryimage\",\"url\":\"https:\\\/\\\/padelzoco.es\\\/wp-content\\\/uploads\\\/2024\\\/04\\\/Adidas-Multigame-Black-3.3-Padel-Bag-Image-6.webp\",\"contentUrl\":\"https:\\\/\\\/padelzoco.es\\\/wp-content\\\/uploads\\\/2024\\\/04\\\/Adidas-Multigame-Black-3.3-Padel-Bag-Image-6.webp\",\"width\":1400,\"height\":1400,\"caption\":\"Adidas Multigame Black 3.3 Padel Bag Image 6\"},{\"@type\":\"BreadcrumbList\",\"@id\":\"https:\\\/\\\/padelzoco.es\\\/product\\\/paletero-adidas-multigame-negro-3-3-2024\\\/#breadcrumb\",\"itemListElement\":[{\"@type\":\"ListItem\",\"position\":1,\"name\":\"Home\",\"item\":\"https:\\\/\\\/padelzoco.es\\\/\"},{\"@type\":\"ListItem\",\"position\":2,\"name\":\"Padel Zoco\",\"item\":\"https:\\\/\\\/padelzoco.es\\\/padel-zoco\\\/\"},{\"@type\":\"ListItem\",\"position\":3,\"name\":\"Paletero Adidas Multigame Negro 3.3 2024\"}]},{\"@type\":\"WebSite\",\"@id\":\"https:\\\/\\\/padelzoco.es\\\/#website\",\"url\":\"https:\\\/\\\/padelzoco.es\\\/\",\"name\":\"Padel Zoco\",\"description\":\"Padel Zoco | Spain\",\"publisher\":{\"@id\":\"https:\\\/\\\/padelzoco.es\\\/#organization\"},\"potentialAction\":[{\"@type\":\"SearchAction\",\"target\":{\"@type\":\"EntryPoint\",\"urlTemplate\":\"https:\\\/\\\/padelzoco.es\\\/?s={search_term_string}\"},\"query-input\":{\"@type\":\"PropertyValueSpecification\",\"valueRequired\":true,\"valueName\":\"search_term_string\"}}],\"inLanguage\":\"en-GB\"},{\"@type\":\"Organization\",\"@id\":\"https:\\\/\\\/padelzoco.es\\\/#organization\",\"name\":\"Padel Zoco\",\"url\":\"https:\\\/\\\/padelzoco.es\\\/\",\"logo\":{\"@type\":\"ImageObject\",\"inLanguage\":\"en-GB\",\"@id\":\"https:\\\/\\\/padelzoco.es\\\/#\\\/schema\\\/logo\\\/image\\\/\",\"url\":\"https:\\\/\\\/padelzoco.es\\\/wp-content\\\/uploads\\\/2023\\\/11\\\/PadelZoco_Logo_black_white.webp\",\"contentUrl\":\"https:\\\/\\\/padelzoco.es\\\/wp-content\\\/uploads\\\/2023\\\/11\\\/PadelZoco_Logo_black_white.webp\",\"width\":1500,\"height\":631,\"caption\":\"Padel Zoco\"},\"image\":{\"@id\":\"https:\\\/\\\/padelzoco.es\\\/#\\\/schema\\\/logo\\\/image\\\/\"}}]}<\/script>\n<!-- \/ Yoast SEO plugin. -->","yoast_head_json":{"title":"Paletero Adidas Multigame Negro 3.3 2024 - Padel Zoco","robots":{"index":"index","follow":"follow","max-snippet":"max-snippet:-1","max-image-preview":"max-image-preview:large","max-video-preview":"max-video-preview:-1"},"canonical":"https:\/\/padelzoco.es\/en\/product\/paletero-adidas-multigame-negro-3-3-2024\/","og_locale":"en_GB","og_type":"article","og_title":"Paletero Adidas Multigame Negro 3.3 2024 - Padel Zoco","og_description":"El nuevo paletero de Ale Gal\u00e1n est\u00e1 fabricado para cargar con todo lo que necesita un jugador de p\u00e1del. Su bolsillo central es de gran tama\u00f1o para poder guardar en \u00e9l todo tu equipamiento. Los dos compartimentos laterales son para las palas. Est\u00e1n recubiertos de un aislamiento t\u00e9rmico para llevarlas a buen recaudo. Debajo del compartimento central hay un espacio con rejilla pensado para las zapatillas. Para los objetos peque\u00f1os, el paletero cuenta con tres bolsillos, uno a cada lado, y un tercero en la parte superior.  DETAILS   Materials:\u00a0100% Polyester and Thermal insulation  Dimensions: 56 x 35 x 29 cm  Color: Black","og_url":"https:\/\/padelzoco.es\/en\/product\/paletero-adidas-multigame-negro-3-3-2024\/","og_site_name":"Padel Zoco","article_modified_time":"2026-04-30T17:47:45+00:00","og_image":[{"width":1400,"height":1400,"url":"https:\/\/padelzoco.es\/wp-content\/uploads\/2024\/04\/Adidas-Multigame-Black-3.3-Padel-Bag-Image-6.webp","type":"image\/webp"}],"twitter_card":"summary_large_image","twitter_misc":{"Estimated reading time":"1 minute"},"schema":{"@context":"https:\/\/schema.org","@graph":[{"@type":"WebPage","@id":"https:\/\/padelzoco.es\/product\/paletero-adidas-multigame-negro-3-3-2024\/","url":"https:\/\/padelzoco.es\/product\/paletero-adidas-multigame-negro-3-3-2024\/","name":"Paletero Adidas Multigame Negro 3.3 2024 - Padel Zoco","isPartOf":{"@id":"https:\/\/padelzoco.es\/#website"},"primaryImageOfPage":{"@id":"https:\/\/padelzoco.es\/product\/paletero-adidas-multigame-negro-3-3-2024\/#primaryimage"},"image":{"@id":"https:\/\/padelzoco.es\/product\/paletero-adidas-multigame-negro-3-3-2024\/#primaryimage"},"thumbnailUrl":"https:\/\/padelzoco.es\/wp-content\/uploads\/2024\/04\/Adidas-Multigame-Black-3.3-Padel-Bag-Image-6.webp","datePublished":"2024-04-18T08:40:36+00:00","dateModified":"2026-04-30T17:47:45+00:00","breadcrumb":{"@id":"https:\/\/padelzoco.es\/product\/paletero-adidas-multigame-negro-3-3-2024\/#breadcrumb"},"inLanguage":"en-GB","potentialAction":[{"@type":"ReadAction","target":["https:\/\/padelzoco.es\/product\/paletero-adidas-multigame-negro-3-3-2024\/"]}]},{"@type":"ImageObject","inLanguage":"en-GB","@id":"https:\/\/padelzoco.es\/product\/paletero-adidas-multigame-negro-3-3-2024\/#primaryimage","url":"https:\/\/padelzoco.es\/wp-content\/uploads\/2024\/04\/Adidas-Multigame-Black-3.3-Padel-Bag-Image-6.webp","contentUrl":"https:\/\/padelzoco.es\/wp-content\/uploads\/2024\/04\/Adidas-Multigame-Black-3.3-Padel-Bag-Image-6.webp","width":1400,"height":1400,"caption":"Adidas Multigame Black 3.3 Padel Bag Image 6"},{"@type":"BreadcrumbList","@id":"https:\/\/padelzoco.es\/product\/paletero-adidas-multigame-negro-3-3-2024\/#breadcrumb","itemListElement":[{"@type":"ListItem","position":1,"name":"Home","item":"https:\/\/padelzoco.es\/"},{"@type":"ListItem","position":2,"name":"Padel Zoco","item":"https:\/\/padelzoco.es\/padel-zoco\/"},{"@type":"ListItem","position":3,"name":"Paletero Adidas Multigame Negro 3.3 2024"}]},{"@type":"WebSite","@id":"https:\/\/padelzoco.es\/#website","url":"https:\/\/padelzoco.es\/","name":"Padel Zoco","description":"Padel Zoco | Spain","publisher":{"@id":"https:\/\/padelzoco.es\/#organization"},"potentialAction":[{"@type":"SearchAction","target":{"@type":"EntryPoint","urlTemplate":"https:\/\/padelzoco.es\/?s={search_term_string}"},"query-input":{"@type":"PropertyValueSpecification","valueRequired":true,"valueName":"search_term_string"}}],"inLanguage":"en-GB"},{"@type":"Organization","@id":"https:\/\/padelzoco.es\/#organization","name":"Padel Zoco","url":"https:\/\/padelzoco.es\/","logo":{"@type":"ImageObject","inLanguage":"en-GB","@id":"https:\/\/padelzoco.es\/#\/schema\/logo\/image\/","url":"https:\/\/padelzoco.es\/wp-content\/uploads\/2023\/11\/PadelZoco_Logo_black_white.webp","contentUrl":"https:\/\/padelzoco.es\/wp-content\/uploads\/2023\/11\/PadelZoco_Logo_black_white.webp","width":1500,"height":631,"caption":"Padel Zoco"},"image":{"@id":"https:\/\/padelzoco.es\/#\/schema\/logo\/image\/"}}]}},"_links":{"self":[{"href":"https:\/\/padelzoco.es\/en\/wp-json\/wp\/v2\/product\/10106","targetHints":{"allow":["GET"]}}],"collection":[{"href":"https:\/\/padelzoco.es\/en\/wp-json\/wp\/v2\/product"}],"about":[{"href":"https:\/\/padelzoco.es\/en\/wp-json\/wp\/v2\/types\/product"}],"version-history":[{"count":1,"href":"https:\/\/padelzoco.es\/en\/wp-json\/wp\/v2\/product\/10106\/revisions"}],"predecessor-version":[{"id":27793,"href":"https:\/\/padelzoco.es\/en\/wp-json\/wp\/v2\/product\/10106\/revisions\/27793"}],"wp:featuredmedia":[{"embeddable":true,"href":"https:\/\/padelzoco.es\/en\/wp-json\/wp\/v2\/media\/10112"}],"wp:attachment":[{"href":"https:\/\/padelzoco.es\/en\/wp-json\/wp\/v2\/media?parent=10106"}],"wp:term":[{"taxonomy":"product_brand","embeddable":true,"href":"https:\/\/padelzoco.es\/en\/wp-json\/wp\/v2\/product_brand?post=10106"},{"taxonomy":"product_cat","embeddable":true,"href":"https:\/\/padelzoco.es\/en\/wp-json\/wp\/v2\/product_cat?post=10106"},{"taxonomy":"product_tag","embeddable":true,"href":"https:\/\/padelzoco.es\/en\/wp-json\/wp\/v2\/product_tag?post=10106"}],"curies":[{"name":"wp","href":"https:\/\/api.w.org\/{rel}","templated":true}]}}