{"id":10251,"date":"2024-04-26T12:41:51","date_gmt":"2024-04-26T11:41:51","guid":{"rendered":"https:\/\/adc06f55e9.nxcli.io\/?post_type=product&#038;p=10251"},"modified":"2026-05-07T12:24:40","modified_gmt":"2026-05-07T11:24:40","slug":"nox-protector-de-pala-transparente-2024","status":"publish","type":"product","link":"https:\/\/padelzoco.es\/en\/product\/nox-protector-de-pala-transparente-2024\/","title":{"rendered":"NOX Protector De Pala Transparente"},"content":{"rendered":"<p>Nuevo<strong>\u00a0protector de marco exclusivos transparente<\/strong>.<\/p>\n<p><strong>Protege tu pala de p\u00e1del de golpes y rozaduras<\/strong>\u00a0\u00a1Compra hoy y juega con confianza!<\/p>\n<p><strong>Features:<\/strong><\/p>\n<ul>\n<li><strong>Protecci\u00f3n total del marco<\/strong>: el\u00a0protector de marco Nox est\u00e1 especialmente dise\u00f1ado para cubrir todo el contorno del marco de la pala, evitando que cualquier impacto directo lo da\u00f1e. Olv\u00eddate de los antiest\u00e9ticos ara\u00f1azos y marcas en el marco de tu pala de padel.<\/li>\n<li><strong>Material duradero<\/strong>: Cuenta con cinta adhesiva 3M para una perfecta sujeci\u00f3n durante el juego.\u00a0\u00a0Fabricado con materiales de alta calidad, nuestro protector de marco es resistente y duradero.<\/li>\n<li><strong>Dise\u00f1o discreto:<\/strong>\u00a0Hemos dise\u00f1ado nuestro protector de marco para que sea discreto y elegante.\u00a0\u00a0Adem\u00e1s, est\u00e1 disponible en varias opciones de colores para que puedas elegir la que mejor se adapte a tu estilo.<\/li>\n<\/ul>","protected":false},"excerpt":{"rendered":"<p>Nuevo<strong>\u00a0protector de marco exclusivos transparente<\/strong>.<\/p>\n<p><strong>Protege tu pala de p\u00e1del de golpes y rozaduras<\/strong>\u00a0\u00a1Compra hoy y juega con confianza!<\/p>\n<p><strong>Features:<\/strong><\/p>\n<ul>\n<li><strong>Protecci\u00f3n total del marco<\/strong>: el\u00a0protector de marco Nox est\u00e1 especialmente dise\u00f1ado para cubrir todo el contorno del marco de la pala, evitando que cualquier impacto directo lo da\u00f1e. Olv\u00eddate de los antiest\u00e9ticos ara\u00f1azos y marcas en el marco de tu pala de padel.<\/li>\n<li><strong>Material duradero<\/strong>: Cuenta con cinta adhesiva 3M para una perfecta sujeci\u00f3n durante el juego.\u00a0\u00a0Fabricado con materiales de alta calidad, nuestro protector de marco es resistente y duradero.<\/li>\n<li><strong>Dise\u00f1o discreto:<\/strong>\u00a0Hemos dise\u00f1ado nuestro protector de marco para que sea discreto y elegante.\u00a0\u00a0Adem\u00e1s, est\u00e1 disponible en varias opciones de colores para que puedas elegir la que mejor se adapte a tu estilo.<\/li>\n<\/ul>","protected":false},"featured_media":10252,"template":"","meta":[],"product_brand":[],"product_cat":[637,697,640],"product_tag":[],"class_list":{"0":"post-10251","1":"product","2":"type-product","3":"status-publish","4":"has-post-thumbnail","6":"product_cat-accesorios","7":"product_cat-nox-padel","8":"product_cat-protectores","9":"pa_brand-nox","10":"pa_color-negro","11":"pa_hs_code-134","13":"first","14":"instock","15":"sale","16":"taxable","17":"shipping-taxable","18":"purchasable","19":"product-type-simple"},"yoast_head":"<!-- This site is optimized with the Yoast SEO plugin v27.5 - https:\/\/yoast.com\/product\/yoast-seo-wordpress\/ -->\n<title>NOX Protector De Pala Transparente - Padel Zoco<\/title>\n<meta name=\"robots\" content=\"index, follow, max-snippet:-1, max-image-preview:large, max-video-preview:-1\" \/>\n<link rel=\"canonical\" href=\"https:\/\/padelzoco.es\/en\/product\/nox-protector-de-pala-transparente-2024\/\" \/>\n<meta property=\"og:locale\" content=\"en_GB\" \/>\n<meta property=\"og:type\" content=\"article\" \/>\n<meta property=\"og:title\" content=\"NOX Protector De Pala Transparente - Padel Zoco\" \/>\n<meta property=\"og:description\" content=\"Nuevo\u00a0protector de marco exclusivos transparente.  Protege tu pala de p\u00e1del de golpes y rozaduras\u00a0\u00a1Compra hoy y juega con confianza!  Caracter\u00edsticas:   Protecci\u00f3n total del marco: el\u00a0protector de marco Nox est\u00e1 especialmente dise\u00f1ado para cubrir todo el contorno del marco de la pala, evitando que cualquier impacto directo lo da\u00f1e. Olv\u00eddate de los antiest\u00e9ticos ara\u00f1azos y marcas en el marco de tu pala de padel.  Material duradero: Cuenta con cinta adhesiva 3M para una perfecta sujeci\u00f3n durante el juego.\u00a0\u00a0Fabricado con materiales de alta calidad, nuestro protector de marco es resistente y duradero.  Dise\u00f1o discreto:\u00a0Hemos dise\u00f1ado nuestro protector de marco para que sea discreto y elegante.\u00a0\u00a0Adem\u00e1s, est\u00e1 disponible en varias opciones de colores para que puedas elegir la que mejor se adapte a tu estilo.\" \/>\n<meta property=\"og:url\" content=\"https:\/\/padelzoco.es\/en\/product\/nox-protector-de-pala-transparente-2024\/\" \/>\n<meta property=\"og:site_name\" content=\"Padel Zoco\" \/>\n<meta property=\"article:modified_time\" content=\"2026-05-07T11:24:40+00:00\" \/>\n<meta property=\"og:image\" content=\"https:\/\/padelzoco.es\/wp-content\/uploads\/2024\/04\/NOX-PROTECTOR-DE-PALA-TRANSPARENTE-2024-image-2.webp\" \/>\n\t<meta property=\"og:image:width\" content=\"1400\" \/>\n\t<meta property=\"og:image:height\" content=\"1400\" \/>\n\t<meta property=\"og:image:type\" content=\"image\/webp\" \/>\n<meta name=\"twitter:card\" content=\"summary_large_image\" \/>\n<meta name=\"twitter:label1\" content=\"Estimated reading time\" \/>\n\t<meta name=\"twitter:data1\" content=\"1 minute\" \/>\n<script type=\"application\/ld+json\" class=\"yoast-schema-graph\">{\"@context\":\"https:\\\/\\\/schema.org\",\"@graph\":[{\"@type\":\"WebPage\",\"@id\":\"https:\\\/\\\/padelzoco.es\\\/product\\\/nox-protector-de-pala-transparente-2024\\\/\",\"url\":\"https:\\\/\\\/padelzoco.es\\\/product\\\/nox-protector-de-pala-transparente-2024\\\/\",\"name\":\"NOX Protector De Pala Transparente - Padel Zoco\",\"isPartOf\":{\"@id\":\"https:\\\/\\\/padelzoco.es\\\/#website\"},\"primaryImageOfPage\":{\"@id\":\"https:\\\/\\\/padelzoco.es\\\/product\\\/nox-protector-de-pala-transparente-2024\\\/#primaryimage\"},\"image\":{\"@id\":\"https:\\\/\\\/padelzoco.es\\\/product\\\/nox-protector-de-pala-transparente-2024\\\/#primaryimage\"},\"thumbnailUrl\":\"https:\\\/\\\/padelzoco.es\\\/wp-content\\\/uploads\\\/2024\\\/04\\\/NOX-PROTECTOR-DE-PALA-TRANSPARENTE-2024-image-2.webp\",\"datePublished\":\"2024-04-26T11:41:51+00:00\",\"dateModified\":\"2026-05-07T11:24:40+00:00\",\"breadcrumb\":{\"@id\":\"https:\\\/\\\/padelzoco.es\\\/product\\\/nox-protector-de-pala-transparente-2024\\\/#breadcrumb\"},\"inLanguage\":\"en-GB\",\"potentialAction\":[{\"@type\":\"ReadAction\",\"target\":[\"https:\\\/\\\/padelzoco.es\\\/product\\\/nox-protector-de-pala-transparente-2024\\\/\"]}]},{\"@type\":\"ImageObject\",\"inLanguage\":\"en-GB\",\"@id\":\"https:\\\/\\\/padelzoco.es\\\/product\\\/nox-protector-de-pala-transparente-2024\\\/#primaryimage\",\"url\":\"https:\\\/\\\/padelzoco.es\\\/wp-content\\\/uploads\\\/2024\\\/04\\\/NOX-PROTECTOR-DE-PALA-TRANSPARENTE-2024-image-2.webp\",\"contentUrl\":\"https:\\\/\\\/padelzoco.es\\\/wp-content\\\/uploads\\\/2024\\\/04\\\/NOX-PROTECTOR-DE-PALA-TRANSPARENTE-2024-image-2.webp\",\"width\":1400,\"height\":1400,\"caption\":\"NOX PROTECTOR DE PALA TRANSPARENTE 2024 image 2\"},{\"@type\":\"BreadcrumbList\",\"@id\":\"https:\\\/\\\/padelzoco.es\\\/product\\\/nox-protector-de-pala-transparente-2024\\\/#breadcrumb\",\"itemListElement\":[{\"@type\":\"ListItem\",\"position\":1,\"name\":\"Home\",\"item\":\"https:\\\/\\\/padelzoco.es\\\/\"},{\"@type\":\"ListItem\",\"position\":2,\"name\":\"Padel Zoco\",\"item\":\"https:\\\/\\\/padelzoco.es\\\/padel-zoco\\\/\"},{\"@type\":\"ListItem\",\"position\":3,\"name\":\"NOX Protector De Pala Transparente\"}]},{\"@type\":\"WebSite\",\"@id\":\"https:\\\/\\\/padelzoco.es\\\/#website\",\"url\":\"https:\\\/\\\/padelzoco.es\\\/\",\"name\":\"Padel Zoco\",\"description\":\"Padel Zoco | Spain\",\"publisher\":{\"@id\":\"https:\\\/\\\/padelzoco.es\\\/#organization\"},\"potentialAction\":[{\"@type\":\"SearchAction\",\"target\":{\"@type\":\"EntryPoint\",\"urlTemplate\":\"https:\\\/\\\/padelzoco.es\\\/?s={search_term_string}\"},\"query-input\":{\"@type\":\"PropertyValueSpecification\",\"valueRequired\":true,\"valueName\":\"search_term_string\"}}],\"inLanguage\":\"en-GB\"},{\"@type\":\"Organization\",\"@id\":\"https:\\\/\\\/padelzoco.es\\\/#organization\",\"name\":\"Padel Zoco\",\"url\":\"https:\\\/\\\/padelzoco.es\\\/\",\"logo\":{\"@type\":\"ImageObject\",\"inLanguage\":\"en-GB\",\"@id\":\"https:\\\/\\\/padelzoco.es\\\/#\\\/schema\\\/logo\\\/image\\\/\",\"url\":\"https:\\\/\\\/padelzoco.es\\\/wp-content\\\/uploads\\\/2023\\\/11\\\/PadelZoco_Logo_black_white.webp\",\"contentUrl\":\"https:\\\/\\\/padelzoco.es\\\/wp-content\\\/uploads\\\/2023\\\/11\\\/PadelZoco_Logo_black_white.webp\",\"width\":1500,\"height\":631,\"caption\":\"Padel Zoco\"},\"image\":{\"@id\":\"https:\\\/\\\/padelzoco.es\\\/#\\\/schema\\\/logo\\\/image\\\/\"}}]}<\/script>\n<!-- \/ Yoast SEO plugin. -->","yoast_head_json":{"title":"NOX Protector De Pala Transparente - Padel Zoco","robots":{"index":"index","follow":"follow","max-snippet":"max-snippet:-1","max-image-preview":"max-image-preview:large","max-video-preview":"max-video-preview:-1"},"canonical":"https:\/\/padelzoco.es\/en\/product\/nox-protector-de-pala-transparente-2024\/","og_locale":"en_GB","og_type":"article","og_title":"NOX Protector De Pala Transparente - Padel Zoco","og_description":"Nuevo\u00a0protector de marco exclusivos transparente.  Protege tu pala de p\u00e1del de golpes y rozaduras\u00a0\u00a1Compra hoy y juega con confianza!  Caracter\u00edsticas:   Protecci\u00f3n total del marco: el\u00a0protector de marco Nox est\u00e1 especialmente dise\u00f1ado para cubrir todo el contorno del marco de la pala, evitando que cualquier impacto directo lo da\u00f1e. Olv\u00eddate de los antiest\u00e9ticos ara\u00f1azos y marcas en el marco de tu pala de padel.  Material duradero: Cuenta con cinta adhesiva 3M para una perfecta sujeci\u00f3n durante el juego.\u00a0\u00a0Fabricado con materiales de alta calidad, nuestro protector de marco es resistente y duradero.  Dise\u00f1o discreto:\u00a0Hemos dise\u00f1ado nuestro protector de marco para que sea discreto y elegante.\u00a0\u00a0Adem\u00e1s, est\u00e1 disponible en varias opciones de colores para que puedas elegir la que mejor se adapte a tu estilo.","og_url":"https:\/\/padelzoco.es\/en\/product\/nox-protector-de-pala-transparente-2024\/","og_site_name":"Padel Zoco","article_modified_time":"2026-05-07T11:24:40+00:00","og_image":[{"width":1400,"height":1400,"url":"https:\/\/padelzoco.es\/wp-content\/uploads\/2024\/04\/NOX-PROTECTOR-DE-PALA-TRANSPARENTE-2024-image-2.webp","type":"image\/webp"}],"twitter_card":"summary_large_image","twitter_misc":{"Estimated reading time":"1 minute"},"schema":{"@context":"https:\/\/schema.org","@graph":[{"@type":"WebPage","@id":"https:\/\/padelzoco.es\/product\/nox-protector-de-pala-transparente-2024\/","url":"https:\/\/padelzoco.es\/product\/nox-protector-de-pala-transparente-2024\/","name":"NOX Protector De Pala Transparente - Padel Zoco","isPartOf":{"@id":"https:\/\/padelzoco.es\/#website"},"primaryImageOfPage":{"@id":"https:\/\/padelzoco.es\/product\/nox-protector-de-pala-transparente-2024\/#primaryimage"},"image":{"@id":"https:\/\/padelzoco.es\/product\/nox-protector-de-pala-transparente-2024\/#primaryimage"},"thumbnailUrl":"https:\/\/padelzoco.es\/wp-content\/uploads\/2024\/04\/NOX-PROTECTOR-DE-PALA-TRANSPARENTE-2024-image-2.webp","datePublished":"2024-04-26T11:41:51+00:00","dateModified":"2026-05-07T11:24:40+00:00","breadcrumb":{"@id":"https:\/\/padelzoco.es\/product\/nox-protector-de-pala-transparente-2024\/#breadcrumb"},"inLanguage":"en-GB","potentialAction":[{"@type":"ReadAction","target":["https:\/\/padelzoco.es\/product\/nox-protector-de-pala-transparente-2024\/"]}]},{"@type":"ImageObject","inLanguage":"en-GB","@id":"https:\/\/padelzoco.es\/product\/nox-protector-de-pala-transparente-2024\/#primaryimage","url":"https:\/\/padelzoco.es\/wp-content\/uploads\/2024\/04\/NOX-PROTECTOR-DE-PALA-TRANSPARENTE-2024-image-2.webp","contentUrl":"https:\/\/padelzoco.es\/wp-content\/uploads\/2024\/04\/NOX-PROTECTOR-DE-PALA-TRANSPARENTE-2024-image-2.webp","width":1400,"height":1400,"caption":"NOX PROTECTOR DE PALA TRANSPARENTE 2024 image 2"},{"@type":"BreadcrumbList","@id":"https:\/\/padelzoco.es\/product\/nox-protector-de-pala-transparente-2024\/#breadcrumb","itemListElement":[{"@type":"ListItem","position":1,"name":"Home","item":"https:\/\/padelzoco.es\/"},{"@type":"ListItem","position":2,"name":"Padel Zoco","item":"https:\/\/padelzoco.es\/padel-zoco\/"},{"@type":"ListItem","position":3,"name":"NOX Protector De Pala Transparente"}]},{"@type":"WebSite","@id":"https:\/\/padelzoco.es\/#website","url":"https:\/\/padelzoco.es\/","name":"Padel Zoco","description":"Padel Zoco | Spain","publisher":{"@id":"https:\/\/padelzoco.es\/#organization"},"potentialAction":[{"@type":"SearchAction","target":{"@type":"EntryPoint","urlTemplate":"https:\/\/padelzoco.es\/?s={search_term_string}"},"query-input":{"@type":"PropertyValueSpecification","valueRequired":true,"valueName":"search_term_string"}}],"inLanguage":"en-GB"},{"@type":"Organization","@id":"https:\/\/padelzoco.es\/#organization","name":"Padel Zoco","url":"https:\/\/padelzoco.es\/","logo":{"@type":"ImageObject","inLanguage":"en-GB","@id":"https:\/\/padelzoco.es\/#\/schema\/logo\/image\/","url":"https:\/\/padelzoco.es\/wp-content\/uploads\/2023\/11\/PadelZoco_Logo_black_white.webp","contentUrl":"https:\/\/padelzoco.es\/wp-content\/uploads\/2023\/11\/PadelZoco_Logo_black_white.webp","width":1500,"height":631,"caption":"Padel Zoco"},"image":{"@id":"https:\/\/padelzoco.es\/#\/schema\/logo\/image\/"}}]}},"_links":{"self":[{"href":"https:\/\/padelzoco.es\/en\/wp-json\/wp\/v2\/product\/10251","targetHints":{"allow":["GET"]}}],"collection":[{"href":"https:\/\/padelzoco.es\/en\/wp-json\/wp\/v2\/product"}],"about":[{"href":"https:\/\/padelzoco.es\/en\/wp-json\/wp\/v2\/types\/product"}],"version-history":[{"count":2,"href":"https:\/\/padelzoco.es\/en\/wp-json\/wp\/v2\/product\/10251\/revisions"}],"predecessor-version":[{"id":23469,"href":"https:\/\/padelzoco.es\/en\/wp-json\/wp\/v2\/product\/10251\/revisions\/23469"}],"wp:featuredmedia":[{"embeddable":true,"href":"https:\/\/padelzoco.es\/en\/wp-json\/wp\/v2\/media\/10252"}],"wp:attachment":[{"href":"https:\/\/padelzoco.es\/en\/wp-json\/wp\/v2\/media?parent=10251"}],"wp:term":[{"taxonomy":"product_brand","embeddable":true,"href":"https:\/\/padelzoco.es\/en\/wp-json\/wp\/v2\/product_brand?post=10251"},{"taxonomy":"product_cat","embeddable":true,"href":"https:\/\/padelzoco.es\/en\/wp-json\/wp\/v2\/product_cat?post=10251"},{"taxonomy":"product_tag","embeddable":true,"href":"https:\/\/padelzoco.es\/en\/wp-json\/wp\/v2\/product_tag?post=10251"}],"curies":[{"name":"wp","href":"https:\/\/api.w.org\/{rel}","templated":true}]}}