{"id":10277,"date":"2024-04-26T13:41:48","date_gmt":"2024-04-26T12:41:48","guid":{"rendered":"https:\/\/adc06f55e9.nxcli.io\/?post_type=product&#038;p=10277"},"modified":"2026-04-30T19:15:34","modified_gmt":"2026-04-30T18:15:34","slug":"pala-padel-head-extreme-one","status":"publish","type":"product","link":"https:\/\/padelzoco.es\/en\/product\/pala-padel-head-extreme-one\/","title":{"rendered":"Head Extreme One Padel Racket"},"content":{"rendered":"","protected":false},"excerpt":{"rendered":"<p>The revolutionary EXTREME ONE padel racket is the lightest in the EXTREME series, as well as the most durable, thanks to its visible 12K carbon hitting surface, which enhances its longevity. This racket, manufactured with a new diamond-shaped mold, is both lightweight and powerful, as well as aerodynamic, allowing you to play with consistent spin. The innovative Auxetic technology provides superior power and an exceptional feel on impact, while the new soft plug technology at the base of the handle offers a smoother feel and reduces vibrations. The high-performance EXTREME ONE racket features a premium, original design with a glossy and matte finish.<\/p>\n<ul>\n<li>Shape: Diamond<\/li>\n<li>Face: 12K Carbon<\/li>\n<li>Core: Electric Foam<\/li>\n<li>Thickness: 38mm<\/li>\n<li>Weight: 345g +\/- 10g<\/li>\n<\/ul>","protected":false},"featured_media":10278,"template":"","meta":[],"product_brand":[],"product_cat":[582,584,746,747,589,572,757,754],"product_tag":[],"class_list":{"0":"post-10277","1":"product","2":"type-product","3":"status-publish","4":"has-post-thumbnail","6":"product_cat-avanzado-palas","7":"product_cat-diamante-palas","8":"product_cat-head","9":"product_cat-head-padel","10":"product_cat-hombre-palas","11":"product_cat-palas","12":"product_cat-palas-ofertas","13":"product_cat-rebajas","14":"pa_brand-head","15":"pa_hs_code-134","17":"first","18":"instock","19":"sale","20":"taxable","21":"shipping-taxable","22":"purchasable","23":"product-type-simple"},"yoast_head":"<!-- This site is optimized with the Yoast SEO plugin v27.5 - https:\/\/yoast.com\/product\/yoast-seo-wordpress\/ -->\n<title>Pala Padel Head Extreme One - Padel Zoco<\/title>\n<meta name=\"robots\" content=\"index, follow, max-snippet:-1, max-image-preview:large, max-video-preview:-1\" \/>\n<link rel=\"canonical\" href=\"https:\/\/padelzoco.es\/en\/product\/pala-padel-head-extreme-one\/\" \/>\n<meta property=\"og:locale\" content=\"en_GB\" \/>\n<meta property=\"og:type\" content=\"article\" \/>\n<meta property=\"og:title\" content=\"Pala Padel Head Extreme One - Padel Zoco\" \/>\n<meta property=\"og:description\" content=\"La revolucionaria PALA DE P\u00c1DEL EXTREME ONE es la m\u00e1s ligera de la serie EXTREME, adem\u00e1s de la m\u00e1s resistente, gracias a su superficie de golpeo de carbono 12K visible, que la hace m\u00e1s duradera. Esta pala, fabricada con un nuevo molde en forma de diamante, es ligera a la par que potente y aerodin\u00e1mica, y te permite jugar con un efecto uniforme. La innovadora tecnolog\u00eda Auxetic proporciona una potencia superior y una sensaci\u00f3n de impacto excepcional, mientras que la nueva tecnolog\u00eda de tap\u00f3n blando en la base de la empu\u00f1adura ofrece una mayor sensaci\u00f3n de suavidad en el juego y disminuye las vibraciones. La pala EXTREME ONE de alto rendimiento presenta un dise\u00f1o original de primera calidad con un acabado brillante y mate.   Forma: Diamante  Cara:\u00a0Carbono 12K  N\u00facleo:\u00a0espuma el\u00e9ctrica  Espesor: 38m  Peso: 345 g +\/- 10 g\" \/>\n<meta property=\"og:url\" content=\"https:\/\/padelzoco.es\/en\/product\/pala-padel-head-extreme-one\/\" \/>\n<meta property=\"og:site_name\" content=\"Padel Zoco\" \/>\n<meta property=\"article:modified_time\" content=\"2026-04-30T18:15:34+00:00\" \/>\n<meta property=\"og:image\" content=\"https:\/\/padelzoco.es\/wp-content\/uploads\/2024\/04\/Head-Extreme-One-2023-Padel-Racket-Head-Padel-Rackets-2023-Image-1.webp\" \/>\n\t<meta property=\"og:image:width\" content=\"1400\" \/>\n\t<meta property=\"og:image:height\" content=\"1400\" \/>\n\t<meta property=\"og:image:type\" content=\"image\/webp\" \/>\n<meta name=\"twitter:card\" content=\"summary_large_image\" \/>\n<meta name=\"twitter:label1\" content=\"Estimated reading time\" \/>\n\t<meta name=\"twitter:data1\" content=\"1 minute\" \/>\n<script type=\"application\/ld+json\" class=\"yoast-schema-graph\">{\"@context\":\"https:\\\/\\\/schema.org\",\"@graph\":[{\"@type\":\"WebPage\",\"@id\":\"https:\\\/\\\/padelzoco.es\\\/product\\\/pala-padel-head-extreme-one\\\/\",\"url\":\"https:\\\/\\\/padelzoco.es\\\/product\\\/pala-padel-head-extreme-one\\\/\",\"name\":\"Pala Padel Head Extreme One - Padel Zoco\",\"isPartOf\":{\"@id\":\"https:\\\/\\\/padelzoco.es\\\/#website\"},\"primaryImageOfPage\":{\"@id\":\"https:\\\/\\\/padelzoco.es\\\/product\\\/pala-padel-head-extreme-one\\\/#primaryimage\"},\"image\":{\"@id\":\"https:\\\/\\\/padelzoco.es\\\/product\\\/pala-padel-head-extreme-one\\\/#primaryimage\"},\"thumbnailUrl\":\"https:\\\/\\\/padelzoco.es\\\/wp-content\\\/uploads\\\/2024\\\/04\\\/Head-Extreme-One-2023-Padel-Racket-Head-Padel-Rackets-2023-Image-1.webp\",\"datePublished\":\"2024-04-26T12:41:48+00:00\",\"dateModified\":\"2026-04-30T18:15:34+00:00\",\"breadcrumb\":{\"@id\":\"https:\\\/\\\/padelzoco.es\\\/product\\\/pala-padel-head-extreme-one\\\/#breadcrumb\"},\"inLanguage\":\"en-GB\",\"potentialAction\":[{\"@type\":\"ReadAction\",\"target\":[\"https:\\\/\\\/padelzoco.es\\\/product\\\/pala-padel-head-extreme-one\\\/\"]}]},{\"@type\":\"ImageObject\",\"inLanguage\":\"en-GB\",\"@id\":\"https:\\\/\\\/padelzoco.es\\\/product\\\/pala-padel-head-extreme-one\\\/#primaryimage\",\"url\":\"https:\\\/\\\/padelzoco.es\\\/wp-content\\\/uploads\\\/2024\\\/04\\\/Head-Extreme-One-2023-Padel-Racket-Head-Padel-Rackets-2023-Image-1.webp\",\"contentUrl\":\"https:\\\/\\\/padelzoco.es\\\/wp-content\\\/uploads\\\/2024\\\/04\\\/Head-Extreme-One-2023-Padel-Racket-Head-Padel-Rackets-2023-Image-1.webp\",\"width\":1400,\"height\":1400,\"caption\":\"Head Extreme One 2023 Padel Racket, Head Padel Rackets 2023 Image 1\"},{\"@type\":\"BreadcrumbList\",\"@id\":\"https:\\\/\\\/padelzoco.es\\\/product\\\/pala-padel-head-extreme-one\\\/#breadcrumb\",\"itemListElement\":[{\"@type\":\"ListItem\",\"position\":1,\"name\":\"Home\",\"item\":\"https:\\\/\\\/padelzoco.es\\\/\"},{\"@type\":\"ListItem\",\"position\":2,\"name\":\"Padel Zoco\",\"item\":\"https:\\\/\\\/padelzoco.es\\\/padel-zoco\\\/\"},{\"@type\":\"ListItem\",\"position\":3,\"name\":\"Pala Padel Head Extreme One\"}]},{\"@type\":\"WebSite\",\"@id\":\"https:\\\/\\\/padelzoco.es\\\/#website\",\"url\":\"https:\\\/\\\/padelzoco.es\\\/\",\"name\":\"Padel Zoco\",\"description\":\"Padel Zoco | Spain\",\"publisher\":{\"@id\":\"https:\\\/\\\/padelzoco.es\\\/#organization\"},\"potentialAction\":[{\"@type\":\"SearchAction\",\"target\":{\"@type\":\"EntryPoint\",\"urlTemplate\":\"https:\\\/\\\/padelzoco.es\\\/?s={search_term_string}\"},\"query-input\":{\"@type\":\"PropertyValueSpecification\",\"valueRequired\":true,\"valueName\":\"search_term_string\"}}],\"inLanguage\":\"en-GB\"},{\"@type\":\"Organization\",\"@id\":\"https:\\\/\\\/padelzoco.es\\\/#organization\",\"name\":\"Padel Zoco\",\"url\":\"https:\\\/\\\/padelzoco.es\\\/\",\"logo\":{\"@type\":\"ImageObject\",\"inLanguage\":\"en-GB\",\"@id\":\"https:\\\/\\\/padelzoco.es\\\/#\\\/schema\\\/logo\\\/image\\\/\",\"url\":\"https:\\\/\\\/padelzoco.es\\\/wp-content\\\/uploads\\\/2023\\\/11\\\/PadelZoco_Logo_black_white.webp\",\"contentUrl\":\"https:\\\/\\\/padelzoco.es\\\/wp-content\\\/uploads\\\/2023\\\/11\\\/PadelZoco_Logo_black_white.webp\",\"width\":1500,\"height\":631,\"caption\":\"Padel Zoco\"},\"image\":{\"@id\":\"https:\\\/\\\/padelzoco.es\\\/#\\\/schema\\\/logo\\\/image\\\/\"}}]}<\/script>\n<!-- \/ Yoast SEO plugin. -->","yoast_head_json":{"title":"Pala Padel Head Extreme One - Padel Zoco","robots":{"index":"index","follow":"follow","max-snippet":"max-snippet:-1","max-image-preview":"max-image-preview:large","max-video-preview":"max-video-preview:-1"},"canonical":"https:\/\/padelzoco.es\/en\/product\/pala-padel-head-extreme-one\/","og_locale":"en_GB","og_type":"article","og_title":"Pala Padel Head Extreme One - Padel Zoco","og_description":"La revolucionaria PALA DE P\u00c1DEL EXTREME ONE es la m\u00e1s ligera de la serie EXTREME, adem\u00e1s de la m\u00e1s resistente, gracias a su superficie de golpeo de carbono 12K visible, que la hace m\u00e1s duradera. Esta pala, fabricada con un nuevo molde en forma de diamante, es ligera a la par que potente y aerodin\u00e1mica, y te permite jugar con un efecto uniforme. La innovadora tecnolog\u00eda Auxetic proporciona una potencia superior y una sensaci\u00f3n de impacto excepcional, mientras que la nueva tecnolog\u00eda de tap\u00f3n blando en la base de la empu\u00f1adura ofrece una mayor sensaci\u00f3n de suavidad en el juego y disminuye las vibraciones. La pala EXTREME ONE de alto rendimiento presenta un dise\u00f1o original de primera calidad con un acabado brillante y mate.   Forma: Diamante  Cara:\u00a0Carbono 12K  N\u00facleo:\u00a0espuma el\u00e9ctrica  Espesor: 38m  Peso: 345 g +\/- 10 g","og_url":"https:\/\/padelzoco.es\/en\/product\/pala-padel-head-extreme-one\/","og_site_name":"Padel Zoco","article_modified_time":"2026-04-30T18:15:34+00:00","og_image":[{"width":1400,"height":1400,"url":"https:\/\/padelzoco.es\/wp-content\/uploads\/2024\/04\/Head-Extreme-One-2023-Padel-Racket-Head-Padel-Rackets-2023-Image-1.webp","type":"image\/webp"}],"twitter_card":"summary_large_image","twitter_misc":{"Estimated reading time":"1 minute"},"schema":{"@context":"https:\/\/schema.org","@graph":[{"@type":"WebPage","@id":"https:\/\/padelzoco.es\/product\/pala-padel-head-extreme-one\/","url":"https:\/\/padelzoco.es\/product\/pala-padel-head-extreme-one\/","name":"Pala Padel Head Extreme One - Padel Zoco","isPartOf":{"@id":"https:\/\/padelzoco.es\/#website"},"primaryImageOfPage":{"@id":"https:\/\/padelzoco.es\/product\/pala-padel-head-extreme-one\/#primaryimage"},"image":{"@id":"https:\/\/padelzoco.es\/product\/pala-padel-head-extreme-one\/#primaryimage"},"thumbnailUrl":"https:\/\/padelzoco.es\/wp-content\/uploads\/2024\/04\/Head-Extreme-One-2023-Padel-Racket-Head-Padel-Rackets-2023-Image-1.webp","datePublished":"2024-04-26T12:41:48+00:00","dateModified":"2026-04-30T18:15:34+00:00","breadcrumb":{"@id":"https:\/\/padelzoco.es\/product\/pala-padel-head-extreme-one\/#breadcrumb"},"inLanguage":"en-GB","potentialAction":[{"@type":"ReadAction","target":["https:\/\/padelzoco.es\/product\/pala-padel-head-extreme-one\/"]}]},{"@type":"ImageObject","inLanguage":"en-GB","@id":"https:\/\/padelzoco.es\/product\/pala-padel-head-extreme-one\/#primaryimage","url":"https:\/\/padelzoco.es\/wp-content\/uploads\/2024\/04\/Head-Extreme-One-2023-Padel-Racket-Head-Padel-Rackets-2023-Image-1.webp","contentUrl":"https:\/\/padelzoco.es\/wp-content\/uploads\/2024\/04\/Head-Extreme-One-2023-Padel-Racket-Head-Padel-Rackets-2023-Image-1.webp","width":1400,"height":1400,"caption":"Head Extreme One 2023 Padel Racket, Head Padel Rackets 2023 Image 1"},{"@type":"BreadcrumbList","@id":"https:\/\/padelzoco.es\/product\/pala-padel-head-extreme-one\/#breadcrumb","itemListElement":[{"@type":"ListItem","position":1,"name":"Home","item":"https:\/\/padelzoco.es\/"},{"@type":"ListItem","position":2,"name":"Padel Zoco","item":"https:\/\/padelzoco.es\/padel-zoco\/"},{"@type":"ListItem","position":3,"name":"Pala Padel Head Extreme One"}]},{"@type":"WebSite","@id":"https:\/\/padelzoco.es\/#website","url":"https:\/\/padelzoco.es\/","name":"Padel Zoco","description":"Padel Zoco | Spain","publisher":{"@id":"https:\/\/padelzoco.es\/#organization"},"potentialAction":[{"@type":"SearchAction","target":{"@type":"EntryPoint","urlTemplate":"https:\/\/padelzoco.es\/?s={search_term_string}"},"query-input":{"@type":"PropertyValueSpecification","valueRequired":true,"valueName":"search_term_string"}}],"inLanguage":"en-GB"},{"@type":"Organization","@id":"https:\/\/padelzoco.es\/#organization","name":"Padel Zoco","url":"https:\/\/padelzoco.es\/","logo":{"@type":"ImageObject","inLanguage":"en-GB","@id":"https:\/\/padelzoco.es\/#\/schema\/logo\/image\/","url":"https:\/\/padelzoco.es\/wp-content\/uploads\/2023\/11\/PadelZoco_Logo_black_white.webp","contentUrl":"https:\/\/padelzoco.es\/wp-content\/uploads\/2023\/11\/PadelZoco_Logo_black_white.webp","width":1500,"height":631,"caption":"Padel Zoco"},"image":{"@id":"https:\/\/padelzoco.es\/#\/schema\/logo\/image\/"}}]}},"_links":{"self":[{"href":"https:\/\/padelzoco.es\/en\/wp-json\/wp\/v2\/product\/10277","targetHints":{"allow":["GET"]}}],"collection":[{"href":"https:\/\/padelzoco.es\/en\/wp-json\/wp\/v2\/product"}],"about":[{"href":"https:\/\/padelzoco.es\/en\/wp-json\/wp\/v2\/types\/product"}],"version-history":[{"count":3,"href":"https:\/\/padelzoco.es\/en\/wp-json\/wp\/v2\/product\/10277\/revisions"}],"predecessor-version":[{"id":29498,"href":"https:\/\/padelzoco.es\/en\/wp-json\/wp\/v2\/product\/10277\/revisions\/29498"}],"wp:featuredmedia":[{"embeddable":true,"href":"https:\/\/padelzoco.es\/en\/wp-json\/wp\/v2\/media\/10278"}],"wp:attachment":[{"href":"https:\/\/padelzoco.es\/en\/wp-json\/wp\/v2\/media?parent=10277"}],"wp:term":[{"taxonomy":"product_brand","embeddable":true,"href":"https:\/\/padelzoco.es\/en\/wp-json\/wp\/v2\/product_brand?post=10277"},{"taxonomy":"product_cat","embeddable":true,"href":"https:\/\/padelzoco.es\/en\/wp-json\/wp\/v2\/product_cat?post=10277"},{"taxonomy":"product_tag","embeddable":true,"href":"https:\/\/padelzoco.es\/en\/wp-json\/wp\/v2\/product_tag?post=10277"}],"curies":[{"name":"wp","href":"https:\/\/api.w.org\/{rel}","templated":true}]}}