{"id":10283,"date":"2024-04-26T15:48:57","date_gmt":"2024-04-26T14:48:57","guid":{"rendered":"https:\/\/adc06f55e9.nxcli.io\/?post_type=product&#038;p=10283"},"modified":"2026-02-02T09:26:11","modified_gmt":"2026-02-02T08:26:11","slug":"pala-padel-head-evo-speed-2024","status":"publish","type":"product","link":"https:\/\/padelzoco.es\/en\/product\/pala-padel-head-evo-speed-2024\/","title":{"rendered":"Pala Padel Head Evo Speed 2024"},"content":{"rendered":"<p>Si te est\u00e1s iniciando en el mundo del p\u00e1del, la pala extragrande y con forma de l\u00e1grima EVO\u00a0SPEED te ofrece toda la comodidad, la potencia y la velocidad de ataque que necesitas a medida que aprendes a jugar. Adem\u00e1s, resulta manejable y cuenta con un punto dulce de gran tama\u00f1o, una espuma suave, superficie de golpeo de fibra de vidrio, que ofrece unas sensaciones y un tacto m\u00e1s suaves, as\u00ed como con la tecnolog\u00eda Innegra, que proporciona unos niveles superiores de absorci\u00f3n y estabilidad. Con detalles en cobre y un acabado brillante, la pala EVO\u00a0SPEED tiene tambi\u00e9n un dise\u00f1o distintivo, moderno y de primera categor\u00eda.<\/p>\n<p>\u2022 Comodidad, potencia y velocidad de ataque para aprender a jugar.<br \/>\n\u2022 F\u00e1cil de jugar con ella<br \/>\n\u2022 Pala extragrande con forma de l\u00e1grima, un punto dulce de gran tama\u00f1o y espuma suave<br \/>\n\u2022 Superficie de golpeo de fibra de vidrio para una sensaci\u00f3n y un tacto m\u00e1s suaves<br \/>\n\u2022 Tecnolog\u00eda Innegra para unos niveles superiores de absorci\u00f3n y estabilidad<\/p>\n<ul>\n<li><strong>Brand: HEAD Padel<\/strong><\/li>\n<li><strong>Year: <\/strong>2023<\/li>\n<li><strong>SHAPE: <\/strong>Teardrop OS<\/li>\n<li><strong>WEIGHT: <\/strong>365 g \/ 12.9 OZ<\/li>\n<li><strong>HEAD SIZE: <\/strong>511 cm\u00b2 \/ 79 in\u00b2<\/li>\n<li><strong>BALANCE: <\/strong>275 mm \/ 1.9 in HH<\/li>\n<li><strong>BEAM: <\/strong>38 mm \/ 1.5 in<\/li>\n<li><strong>Techology: <\/strong>INNEGRA\u00a0 &#8211;\u00a0 SOFT FOAM\u00a0 &#8211;\u00a0 POWER FRAME<\/li>\n<\/ul>","protected":false},"excerpt":{"rendered":"<p>Si te est\u00e1s iniciando en el mundo del p\u00e1del, la pala extragrande y con forma de l\u00e1grima EVO\u00a0SPEED te ofrece toda la comodidad, la potencia y la velocidad de ataque que necesitas a medida que aprendes a jugar. Adem\u00e1s, resulta manejable y cuenta con un punto dulce de gran tama\u00f1o, una espuma suave, superficie de golpeo de fibra de vidrio, que ofrece unas sensaciones y un tacto m\u00e1s suaves, as\u00ed como con la tecnolog\u00eda Innegra, que proporciona unos niveles superiores de absorci\u00f3n y estabilidad. Con detalles en cobre y un acabado brillante, la pala EVO\u00a0SPEED tiene tambi\u00e9n un dise\u00f1o distintivo, moderno y de primera categor\u00eda.<\/p>\n<p>\u2022 Comodidad, potencia y velocidad de ataque para aprender a jugar.<br \/>\n\u2022 F\u00e1cil de jugar con ella<br \/>\n\u2022 Pala extragrande con forma de l\u00e1grima, un punto dulce de gran tama\u00f1o y espuma suave<br \/>\n\u2022 Superficie de golpeo de fibra de vidrio para una sensaci\u00f3n y un tacto m\u00e1s suaves<br \/>\n\u2022 Tecnolog\u00eda Innegra para unos niveles superiores de absorci\u00f3n y estabilidad<\/p>\n<ul>\n<li><strong>Brand: HEAD Padel<\/strong><\/li>\n<li><strong>Year: 2023<\/strong><\/li>\n<li><strong>SHAPE: <\/strong>Teardrop OS<\/li>\n<li><strong>WEIGHT: <\/strong>365 g \/ 12.9 OZ<\/li>\n<li><strong>HEAD SIZE: <\/strong>511 cm\u00b2 \/ 79 in\u00b2<\/li>\n<li><strong>BALANCE: <\/strong>275 mm \/ 1.9 in HH<\/li>\n<li><strong>BEAM: <\/strong>38 mm \/ 1.5 in<\/li>\n<li><strong>Techology: <\/strong>INNEGRA\u00a0 &#8211;\u00a0 SOFT FOAM\u00a0 &#8211;\u00a0 POWER FRAME<\/li>\n<\/ul>","protected":false},"featured_media":10285,"template":"","meta":[],"product_brand":[],"product_cat":[582,746,747,589,585,572,757,754],"product_tag":[],"class_list":{"0":"post-10283","1":"product","2":"type-product","3":"status-publish","4":"has-post-thumbnail","6":"product_cat-avanzado-palas","7":"product_cat-head","8":"product_cat-head-padel","9":"product_cat-hombre-palas","10":"product_cat-lagrima-palas","11":"product_cat-palas","12":"product_cat-palas-ofertas","13":"product_cat-rebajas","14":"pa_brand-head","15":"pa_hs_code-134","17":"first","18":"outofstock","19":"sale","20":"taxable","21":"shipping-taxable","22":"purchasable","23":"product-type-simple"},"yoast_head":"<!-- This site is optimized with the Yoast SEO plugin v27.3 - https:\/\/yoast.com\/product\/yoast-seo-wordpress\/ -->\n<title>Pala Padel Head Evo Speed 2024 - Padel Zoco<\/title>\n<meta name=\"description\" content=\"The EVO SPEED padel racquet offers all the comfort, power and attacking speed you need when you&#039;re learning the game. Zoco Padel Shop Madrid,\" \/>\n<meta name=\"robots\" content=\"index, follow, max-snippet:-1, max-image-preview:large, max-video-preview:-1\" \/>\n<link rel=\"canonical\" href=\"https:\/\/padelzoco.es\/en\/product\/pala-padel-head-evo-speed-2024\/\" \/>\n<meta property=\"og:locale\" content=\"en_GB\" \/>\n<meta property=\"og:type\" content=\"article\" \/>\n<meta property=\"og:title\" content=\"Pala Padel Head Evo Speed 2024 - Padel Zoco\" \/>\n<meta property=\"og:description\" content=\"The EVO SPEED padel racquet offers all the comfort, power and attacking speed you need when you&#039;re learning the game. Zoco Padel Shop Madrid,\" \/>\n<meta property=\"og:url\" content=\"https:\/\/padelzoco.es\/en\/product\/pala-padel-head-evo-speed-2024\/\" \/>\n<meta property=\"og:site_name\" content=\"Padel Zoco\" \/>\n<meta property=\"article:modified_time\" content=\"2026-02-02T08:26:11+00:00\" \/>\n<meta property=\"og:image\" content=\"https:\/\/padelzoco.es\/wp-content\/uploads\/2024\/04\/HEAD-EVO-SPEED-PADEL-RACQUET-Padel-Racket-Image-2.webp\" \/>\n\t<meta property=\"og:image:width\" content=\"1400\" \/>\n\t<meta property=\"og:image:height\" content=\"1400\" \/>\n\t<meta property=\"og:image:type\" content=\"image\/webp\" \/>\n<meta name=\"twitter:card\" content=\"summary_large_image\" \/>\n<meta name=\"twitter:label1\" content=\"Estimated reading time\" \/>\n\t<meta name=\"twitter:data1\" content=\"2 minutes\" \/>\n<script type=\"application\/ld+json\" class=\"yoast-schema-graph\">{\"@context\":\"https:\\\/\\\/schema.org\",\"@graph\":[{\"@type\":\"WebPage\",\"@id\":\"https:\\\/\\\/padelzoco.es\\\/product\\\/pala-padel-head-evo-speed-2024\\\/\",\"url\":\"https:\\\/\\\/padelzoco.es\\\/product\\\/pala-padel-head-evo-speed-2024\\\/\",\"name\":\"Pala Padel Head Evo Speed 2024 - Padel Zoco\",\"isPartOf\":{\"@id\":\"https:\\\/\\\/padelzoco.es\\\/#website\"},\"primaryImageOfPage\":{\"@id\":\"https:\\\/\\\/padelzoco.es\\\/product\\\/pala-padel-head-evo-speed-2024\\\/#primaryimage\"},\"image\":{\"@id\":\"https:\\\/\\\/padelzoco.es\\\/product\\\/pala-padel-head-evo-speed-2024\\\/#primaryimage\"},\"thumbnailUrl\":\"https:\\\/\\\/padelzoco.es\\\/wp-content\\\/uploads\\\/2024\\\/04\\\/HEAD-EVO-SPEED-PADEL-RACQUET-Padel-Racket-Image-2.webp\",\"datePublished\":\"2024-04-26T14:48:57+00:00\",\"dateModified\":\"2026-02-02T08:26:11+00:00\",\"description\":\"The EVO SPEED padel racquet offers all the comfort, power and attacking speed you need when you're learning the game. Zoco Padel Shop Madrid,\",\"breadcrumb\":{\"@id\":\"https:\\\/\\\/padelzoco.es\\\/product\\\/pala-padel-head-evo-speed-2024\\\/#breadcrumb\"},\"inLanguage\":\"en-GB\",\"potentialAction\":[{\"@type\":\"ReadAction\",\"target\":[\"https:\\\/\\\/padelzoco.es\\\/product\\\/pala-padel-head-evo-speed-2024\\\/\"]}]},{\"@type\":\"ImageObject\",\"inLanguage\":\"en-GB\",\"@id\":\"https:\\\/\\\/padelzoco.es\\\/product\\\/pala-padel-head-evo-speed-2024\\\/#primaryimage\",\"url\":\"https:\\\/\\\/padelzoco.es\\\/wp-content\\\/uploads\\\/2024\\\/04\\\/HEAD-EVO-SPEED-PADEL-RACQUET-Padel-Racket-Image-2.webp\",\"contentUrl\":\"https:\\\/\\\/padelzoco.es\\\/wp-content\\\/uploads\\\/2024\\\/04\\\/HEAD-EVO-SPEED-PADEL-RACQUET-Padel-Racket-Image-2.webp\",\"width\":1400,\"height\":1400,\"caption\":\"HEAD EVO SPEED PADEL RACQUET, Padel Racket Image 2\"},{\"@type\":\"BreadcrumbList\",\"@id\":\"https:\\\/\\\/padelzoco.es\\\/product\\\/pala-padel-head-evo-speed-2024\\\/#breadcrumb\",\"itemListElement\":[{\"@type\":\"ListItem\",\"position\":1,\"name\":\"Home\",\"item\":\"https:\\\/\\\/padelzoco.es\\\/\"},{\"@type\":\"ListItem\",\"position\":2,\"name\":\"Padel Zoco\",\"item\":\"https:\\\/\\\/padelzoco.es\\\/padel-zoco\\\/\"},{\"@type\":\"ListItem\",\"position\":3,\"name\":\"Pala Padel Head Evo Speed 2024\"}]},{\"@type\":\"WebSite\",\"@id\":\"https:\\\/\\\/padelzoco.es\\\/#website\",\"url\":\"https:\\\/\\\/padelzoco.es\\\/\",\"name\":\"Padel Zoco\",\"description\":\"Padel Zoco | Spain\",\"publisher\":{\"@id\":\"https:\\\/\\\/padelzoco.es\\\/#organization\"},\"potentialAction\":[{\"@type\":\"SearchAction\",\"target\":{\"@type\":\"EntryPoint\",\"urlTemplate\":\"https:\\\/\\\/padelzoco.es\\\/?s={search_term_string}\"},\"query-input\":{\"@type\":\"PropertyValueSpecification\",\"valueRequired\":true,\"valueName\":\"search_term_string\"}}],\"inLanguage\":\"en-GB\"},{\"@type\":\"Organization\",\"@id\":\"https:\\\/\\\/padelzoco.es\\\/#organization\",\"name\":\"Padel Zoco\",\"url\":\"https:\\\/\\\/padelzoco.es\\\/\",\"logo\":{\"@type\":\"ImageObject\",\"inLanguage\":\"en-GB\",\"@id\":\"https:\\\/\\\/padelzoco.es\\\/#\\\/schema\\\/logo\\\/image\\\/\",\"url\":\"https:\\\/\\\/padelzoco.es\\\/wp-content\\\/uploads\\\/2023\\\/11\\\/PadelZoco_Logo_black_white.webp\",\"contentUrl\":\"https:\\\/\\\/padelzoco.es\\\/wp-content\\\/uploads\\\/2023\\\/11\\\/PadelZoco_Logo_black_white.webp\",\"width\":1500,\"height\":631,\"caption\":\"Padel Zoco\"},\"image\":{\"@id\":\"https:\\\/\\\/padelzoco.es\\\/#\\\/schema\\\/logo\\\/image\\\/\"}}]}<\/script>\n<!-- \/ Yoast SEO plugin. -->","yoast_head_json":{"title":"Pala Padel Head Evo Speed 2024 - Padel Zoco","description":"The EVO SPEED padel racquet offers all the comfort, power and attacking speed you need when you're learning the game. Zoco Padel Shop Madrid,","robots":{"index":"index","follow":"follow","max-snippet":"max-snippet:-1","max-image-preview":"max-image-preview:large","max-video-preview":"max-video-preview:-1"},"canonical":"https:\/\/padelzoco.es\/en\/product\/pala-padel-head-evo-speed-2024\/","og_locale":"en_GB","og_type":"article","og_title":"Pala Padel Head Evo Speed 2024 - Padel Zoco","og_description":"The EVO SPEED padel racquet offers all the comfort, power and attacking speed you need when you're learning the game. Zoco Padel Shop Madrid,","og_url":"https:\/\/padelzoco.es\/en\/product\/pala-padel-head-evo-speed-2024\/","og_site_name":"Padel Zoco","article_modified_time":"2026-02-02T08:26:11+00:00","og_image":[{"width":1400,"height":1400,"url":"https:\/\/padelzoco.es\/wp-content\/uploads\/2024\/04\/HEAD-EVO-SPEED-PADEL-RACQUET-Padel-Racket-Image-2.webp","type":"image\/webp"}],"twitter_card":"summary_large_image","twitter_misc":{"Estimated reading time":"2 minutes"},"schema":{"@context":"https:\/\/schema.org","@graph":[{"@type":"WebPage","@id":"https:\/\/padelzoco.es\/product\/pala-padel-head-evo-speed-2024\/","url":"https:\/\/padelzoco.es\/product\/pala-padel-head-evo-speed-2024\/","name":"Pala Padel Head Evo Speed 2024 - Padel Zoco","isPartOf":{"@id":"https:\/\/padelzoco.es\/#website"},"primaryImageOfPage":{"@id":"https:\/\/padelzoco.es\/product\/pala-padel-head-evo-speed-2024\/#primaryimage"},"image":{"@id":"https:\/\/padelzoco.es\/product\/pala-padel-head-evo-speed-2024\/#primaryimage"},"thumbnailUrl":"https:\/\/padelzoco.es\/wp-content\/uploads\/2024\/04\/HEAD-EVO-SPEED-PADEL-RACQUET-Padel-Racket-Image-2.webp","datePublished":"2024-04-26T14:48:57+00:00","dateModified":"2026-02-02T08:26:11+00:00","description":"The EVO SPEED padel racquet offers all the comfort, power and attacking speed you need when you're learning the game. Zoco Padel Shop Madrid,","breadcrumb":{"@id":"https:\/\/padelzoco.es\/product\/pala-padel-head-evo-speed-2024\/#breadcrumb"},"inLanguage":"en-GB","potentialAction":[{"@type":"ReadAction","target":["https:\/\/padelzoco.es\/product\/pala-padel-head-evo-speed-2024\/"]}]},{"@type":"ImageObject","inLanguage":"en-GB","@id":"https:\/\/padelzoco.es\/product\/pala-padel-head-evo-speed-2024\/#primaryimage","url":"https:\/\/padelzoco.es\/wp-content\/uploads\/2024\/04\/HEAD-EVO-SPEED-PADEL-RACQUET-Padel-Racket-Image-2.webp","contentUrl":"https:\/\/padelzoco.es\/wp-content\/uploads\/2024\/04\/HEAD-EVO-SPEED-PADEL-RACQUET-Padel-Racket-Image-2.webp","width":1400,"height":1400,"caption":"HEAD EVO SPEED PADEL RACQUET, Padel Racket Image 2"},{"@type":"BreadcrumbList","@id":"https:\/\/padelzoco.es\/product\/pala-padel-head-evo-speed-2024\/#breadcrumb","itemListElement":[{"@type":"ListItem","position":1,"name":"Home","item":"https:\/\/padelzoco.es\/"},{"@type":"ListItem","position":2,"name":"Padel Zoco","item":"https:\/\/padelzoco.es\/padel-zoco\/"},{"@type":"ListItem","position":3,"name":"Pala Padel Head Evo Speed 2024"}]},{"@type":"WebSite","@id":"https:\/\/padelzoco.es\/#website","url":"https:\/\/padelzoco.es\/","name":"Padel Zoco","description":"Padel Zoco | Spain","publisher":{"@id":"https:\/\/padelzoco.es\/#organization"},"potentialAction":[{"@type":"SearchAction","target":{"@type":"EntryPoint","urlTemplate":"https:\/\/padelzoco.es\/?s={search_term_string}"},"query-input":{"@type":"PropertyValueSpecification","valueRequired":true,"valueName":"search_term_string"}}],"inLanguage":"en-GB"},{"@type":"Organization","@id":"https:\/\/padelzoco.es\/#organization","name":"Padel Zoco","url":"https:\/\/padelzoco.es\/","logo":{"@type":"ImageObject","inLanguage":"en-GB","@id":"https:\/\/padelzoco.es\/#\/schema\/logo\/image\/","url":"https:\/\/padelzoco.es\/wp-content\/uploads\/2023\/11\/PadelZoco_Logo_black_white.webp","contentUrl":"https:\/\/padelzoco.es\/wp-content\/uploads\/2023\/11\/PadelZoco_Logo_black_white.webp","width":1500,"height":631,"caption":"Padel Zoco"},"image":{"@id":"https:\/\/padelzoco.es\/#\/schema\/logo\/image\/"}}]}},"_links":{"self":[{"href":"https:\/\/padelzoco.es\/en\/wp-json\/wp\/v2\/product\/10283","targetHints":{"allow":["GET"]}}],"collection":[{"href":"https:\/\/padelzoco.es\/en\/wp-json\/wp\/v2\/product"}],"about":[{"href":"https:\/\/padelzoco.es\/en\/wp-json\/wp\/v2\/types\/product"}],"version-history":[{"count":1,"href":"https:\/\/padelzoco.es\/en\/wp-json\/wp\/v2\/product\/10283\/revisions"}],"predecessor-version":[{"id":20826,"href":"https:\/\/padelzoco.es\/en\/wp-json\/wp\/v2\/product\/10283\/revisions\/20826"}],"wp:featuredmedia":[{"embeddable":true,"href":"https:\/\/padelzoco.es\/en\/wp-json\/wp\/v2\/media\/10285"}],"wp:attachment":[{"href":"https:\/\/padelzoco.es\/en\/wp-json\/wp\/v2\/media?parent=10283"}],"wp:term":[{"taxonomy":"product_brand","embeddable":true,"href":"https:\/\/padelzoco.es\/en\/wp-json\/wp\/v2\/product_brand?post=10283"},{"taxonomy":"product_cat","embeddable":true,"href":"https:\/\/padelzoco.es\/en\/wp-json\/wp\/v2\/product_cat?post=10283"},{"taxonomy":"product_tag","embeddable":true,"href":"https:\/\/padelzoco.es\/en\/wp-json\/wp\/v2\/product_tag?post=10283"}],"curies":[{"name":"wp","href":"https:\/\/api.w.org\/{rel}","templated":true}]}}