{"id":10331,"date":"2024-05-06T14:34:13","date_gmt":"2024-05-06T13:34:13","guid":{"rendered":"https:\/\/adc06f55e9.nxcli.io\/?post_type=product&#038;p=10331"},"modified":"2026-04-30T18:47:43","modified_gmt":"2026-04-30T17:47:43","slug":"camiseta-wilson-seamless-crew-hombre-negro","status":"publish","type":"product","link":"https:\/\/padelzoco.es\/en\/product\/camiseta-wilson-seamless-crew-hombre-negro\/","title":{"rendered":"Camiseta Wilson Bela Seamless Crew Hombre Negro"},"content":{"rendered":"<p><span style=\"vertical-align: inherit;\"><span style=\"vertical-align: inherit;\">Presentamos la camiseta Wilson Padel Player&#8217;s Seamless Crew, un pin\u00e1culo de innovaci\u00f3n de rendimiento dise\u00f1ado para mejorar tu experiencia atl\u00e9tica. Inspir\u00e1ndose en el rango preciso de movimiento que exigen los lanzadores en el mont\u00edculo, esta prenda integra a la perfecci\u00f3n elementos de dise\u00f1o de vanguardia para mejorar su rendimiento en diversas actividades.<\/span><\/span><\/p>\n<p><span style=\"vertical-align: inherit;\"><span style=\"vertical-align: inherit;\">Dise\u00f1ada centr\u00e1ndose en la parte superior del cuerpo, la camiseta Wilson Player&#8217;s Seamless Crew Padel presenta una construcci\u00f3n \u00fanica de hombros ragl\u00e1n en forma de silla de montar. Este dise\u00f1o no solo evita rozaduras en los puntos de contacto de mucho movimiento, sino que tambi\u00e9n incorpora estrat\u00e9gicamente ventilaci\u00f3n para optimizar el flujo de aire donde la acumulaci\u00f3n de calor es m\u00e1s pronunciada.<\/span><\/span><\/p>\n<p><span style=\"vertical-align: inherit;\"><span style=\"vertical-align: inherit;\">Key Features:<\/span><\/span><\/p>\n<ul>\n<li><span style=\"vertical-align: inherit;\"><span style=\"vertical-align: inherit;\">Tecnolog\u00eda antiolor: Mant\u00e9ngase fresco y sin olores, lo que le permitir\u00e1 mantener el m\u00e1ximo rendimiento con confianza.<\/span><\/span><\/li>\n<li><span style=\"vertical-align: inherit;\"><span style=\"vertical-align: inherit;\">Tejido de secado r\u00e1pido: experimente una r\u00e1pida evaporaci\u00f3n de la humedad para mayor comodidad durante los entrenamientos intensos.<\/span><\/span><\/li>\n<li><span style=\"vertical-align: inherit;\"><span style=\"vertical-align: inherit;\">Ajuste Compresivo: disfrute de un ajuste de compresi\u00f3n flexible y de apoyo que mejora la estabilidad y el rendimiento de los m\u00fasculos.<\/span><\/span><\/li>\n<li><span style=\"vertical-align: inherit;\"><span style=\"vertical-align: inherit;\">Sistema de ventilaci\u00f3n: maximiza el flujo de aire en \u00e1reas cr\u00edticas para mantenerte fresco y c\u00f3modo durante toda tu actividad.<\/span><\/span><\/li>\n<\/ul>\n<p><span style=\"vertical-align: inherit;\"><span style=\"vertical-align: inherit;\">Experimente comodidad, soporte y transpirabilidad incomparables con la camiseta Wilson Player&#8217;s Seamless Crew, dise\u00f1ada para ayudarlo a sobresalir en cada actividad atl\u00e9tica.<\/span><\/span><\/p>\n<p><strong><span style=\"vertical-align: inherit;\"><span style=\"vertical-align: inherit;\">Especificaci\u00f3n:\u00a0<\/span><\/span><\/strong><\/p>\n<ul>\n<li><strong>Categor\u00eda:<\/strong> Parte superior<\/li>\n<li><strong>Composici\u00f3n:<\/strong> 100 % Nailon<\/li>\n<li><strong>Familia de tejido:<\/strong> Pro Seamless<\/li>\n<li><strong>Peso del tejido:<\/strong> Ligero<\/li>\n<li><strong><span style=\"vertical-align: inherit;\"><span style=\"vertical-align: inherit;\">Ajuste:<\/span><\/span><\/strong><span style=\"vertical-align: inherit;\"><span style=\"vertical-align: inherit;\"> atl\u00e9tico<\/span><\/span><\/li>\n<li><strong>Longitud de la parte superior:<\/strong> Cadera baja<\/li>\n<\/ul>","protected":false},"excerpt":{"rendered":"<p><span style=\"vertical-align: inherit;\"><span style=\"vertical-align: inherit;\">Presentamos la camiseta Wilson Padel Player&#8217;s Seamless Crew, un pin\u00e1culo de innovaci\u00f3n de rendimiento dise\u00f1ado para mejorar tu experiencia atl\u00e9tica. Inspir\u00e1ndose en el rango preciso de movimiento que exigen los lanzadores en el mont\u00edculo, esta prenda integra a la perfecci\u00f3n elementos de dise\u00f1o de vanguardia para mejorar su rendimiento en diversas actividades.<\/span><\/span><\/p>\n<p><span style=\"vertical-align: inherit;\"><span style=\"vertical-align: inherit;\">Dise\u00f1ada centr\u00e1ndose en la parte superior del cuerpo, la camiseta Wilson Player&#8217;s Seamless Crew Padel presenta una construcci\u00f3n \u00fanica de hombros ragl\u00e1n en forma de silla de montar. Este dise\u00f1o no solo evita rozaduras en los puntos de contacto de mucho movimiento, sino que tambi\u00e9n incorpora estrat\u00e9gicamente ventilaci\u00f3n para optimizar el flujo de aire donde la acumulaci\u00f3n de calor es m\u00e1s pronunciada.<\/span><\/span><\/p>\n<p><span style=\"vertical-align: inherit;\"><span style=\"vertical-align: inherit;\">Key Features:<\/span><\/span><\/p>\n<ul>\n<li><span style=\"vertical-align: inherit;\"><span style=\"vertical-align: inherit;\">Tecnolog\u00eda antiolor: Mant\u00e9ngase fresco y sin olores, lo que le permitir\u00e1 mantener el m\u00e1ximo rendimiento con confianza.<\/span><\/span><\/li>\n<li><span style=\"vertical-align: inherit;\"><span style=\"vertical-align: inherit;\">Tejido de secado r\u00e1pido: experimente una r\u00e1pida evaporaci\u00f3n de la humedad para mayor comodidad durante los entrenamientos intensos.<\/span><\/span><\/li>\n<li><span style=\"vertical-align: inherit;\"><span style=\"vertical-align: inherit;\">Ajuste Compresivo: disfrute de un ajuste de compresi\u00f3n flexible y de apoyo que mejora la estabilidad y el rendimiento de los m\u00fasculos.<\/span><\/span><\/li>\n<li><span style=\"vertical-align: inherit;\"><span style=\"vertical-align: inherit;\">Sistema de ventilaci\u00f3n: maximiza el flujo de aire en \u00e1reas cr\u00edticas para mantenerte fresco y c\u00f3modo durante toda tu actividad.<\/span><\/span><\/li>\n<\/ul>\n<p><span style=\"vertical-align: inherit;\"><span style=\"vertical-align: inherit;\">Experimente comodidad, soporte y transpirabilidad incomparables con la camiseta Wilson Player&#8217;s Seamless Crew, dise\u00f1ada para ayudarlo a sobresalir en cada actividad atl\u00e9tica.<\/span><\/span><\/p>\n<p><strong><span style=\"vertical-align: inherit;\"><span style=\"vertical-align: inherit;\">Especificaci\u00f3n:\u00a0<\/span><\/span><\/strong><\/p>\n<ul>\n<li><strong><span style=\"vertical-align: inherit;\"><span style=\"vertical-align: inherit;\">Categor\u00eda:<\/span><\/span><\/strong><span style=\"vertical-align: inherit;\"><span style=\"vertical-align: inherit;\"> Parte superior<\/span><\/span><\/li>\n<li><strong><span style=\"vertical-align: inherit;\"><span style=\"vertical-align: inherit;\">Composici\u00f3n:<\/span><\/span><\/strong><span style=\"vertical-align: inherit;\"><span style=\"vertical-align: inherit;\"> 100 % Nailon<\/span><\/span><\/li>\n<li><strong><span style=\"vertical-align: inherit;\"><span style=\"vertical-align: inherit;\">Familia de tejido:<\/span><\/span><\/strong><span style=\"vertical-align: inherit;\"><span style=\"vertical-align: inherit;\"> Pro Seamless<\/span><\/span><\/li>\n<li><strong><span style=\"vertical-align: inherit;\"><span style=\"vertical-align: inherit;\">Peso del tejido:<\/span><\/span><\/strong><span style=\"vertical-align: inherit;\"><span style=\"vertical-align: inherit;\"> Ligero<\/span><\/span><\/li>\n<li><strong><span style=\"vertical-align: inherit;\"><span style=\"vertical-align: inherit;\">Ajuste:<\/span><\/span><\/strong><span style=\"vertical-align: inherit;\"><span style=\"vertical-align: inherit;\"> atl\u00e9tico<\/span><\/span><\/li>\n<li><strong><span style=\"vertical-align: inherit;\"><span style=\"vertical-align: inherit;\">Longitud de la parte superior:<\/span><\/span><\/strong><span style=\"vertical-align: inherit;\"><span style=\"vertical-align: inherit;\"> Cadera baja<\/span><\/span><\/li>\n<\/ul>","protected":false},"featured_media":10344,"template":"","meta":[],"product_brand":[],"product_cat":[611,608,601,699,605],"product_tag":[],"class_list":{"0":"post-10331","1":"product","2":"type-product","3":"status-publish","4":"has-post-thumbnail","6":"product_cat-camisetas-ropa","7":"product_cat-hombre-ropa","8":"product_cat-ropa","9":"product_cat-wilson-padel","10":"product_cat-wilson-ropa","11":"pa_brand-wilson","12":"pa_color-negro","13":"pa_gender-hombre","14":"pa_hs_code-87","15":"pa_size-l","16":"pa_size-m","17":"pa_size-s","18":"pa_size-xl","20":"first","21":"outofstock","22":"taxable","23":"shipping-taxable","24":"product-type-variable"},"yoast_head":"<!-- This site is optimized with the Yoast SEO plugin v27.5 - https:\/\/yoast.com\/product\/yoast-seo-wordpress\/ -->\n<title>Camiseta Wilson Bela Seamless Crew Hombre Negro - Padel Zoco<\/title>\n<meta name=\"description\" content=\"Experience unparalleled comfort, support, and breathability with the Wilson Player&#039;s Seamless Crew, designed to help you excel in every athletic pursuit. Padel Zoco Madrid.\" \/>\n<meta name=\"robots\" content=\"index, follow, max-snippet:-1, max-image-preview:large, max-video-preview:-1\" \/>\n<link rel=\"canonical\" href=\"https:\/\/padelzoco.es\/en\/product\/camiseta-wilson-seamless-crew-hombre-negro\/\" \/>\n<meta property=\"og:locale\" content=\"en_GB\" \/>\n<meta property=\"og:type\" content=\"article\" \/>\n<meta property=\"og:title\" content=\"Camiseta Wilson Bela Seamless Crew Hombre Negro - Padel Zoco\" \/>\n<meta property=\"og:description\" content=\"Experience unparalleled comfort, support, and breathability with the Wilson Player&#039;s Seamless Crew, designed to help you excel in every athletic pursuit. Padel Zoco Madrid.\" \/>\n<meta property=\"og:url\" content=\"https:\/\/padelzoco.es\/en\/product\/camiseta-wilson-seamless-crew-hombre-negro\/\" \/>\n<meta property=\"og:site_name\" content=\"Padel Zoco\" \/>\n<meta property=\"article:modified_time\" content=\"2026-04-30T17:47:43+00:00\" \/>\n<meta property=\"og:image\" content=\"https:\/\/padelzoco.es\/wp-content\/uploads\/2024\/05\/Wilson-Players-Seamless-Crew-Mens-Padel-T-Shirt-Black-Image-1.webp\" \/>\n\t<meta property=\"og:image:width\" content=\"1400\" \/>\n\t<meta property=\"og:image:height\" content=\"1400\" \/>\n\t<meta property=\"og:image:type\" content=\"image\/webp\" \/>\n<meta name=\"twitter:card\" content=\"summary_large_image\" \/>\n<meta name=\"twitter:label1\" content=\"Estimated reading time\" \/>\n\t<meta name=\"twitter:data1\" content=\"2 minutes\" \/>\n<script type=\"application\/ld+json\" class=\"yoast-schema-graph\">{\"@context\":\"https:\\\/\\\/schema.org\",\"@graph\":[{\"@type\":\"WebPage\",\"@id\":\"https:\\\/\\\/padelzoco.es\\\/product\\\/camiseta-wilson-seamless-crew-hombre-negro\\\/\",\"url\":\"https:\\\/\\\/padelzoco.es\\\/product\\\/camiseta-wilson-seamless-crew-hombre-negro\\\/\",\"name\":\"Camiseta Wilson Bela Seamless Crew Hombre Negro - Padel Zoco\",\"isPartOf\":{\"@id\":\"https:\\\/\\\/padelzoco.es\\\/#website\"},\"primaryImageOfPage\":{\"@id\":\"https:\\\/\\\/padelzoco.es\\\/product\\\/camiseta-wilson-seamless-crew-hombre-negro\\\/#primaryimage\"},\"image\":{\"@id\":\"https:\\\/\\\/padelzoco.es\\\/product\\\/camiseta-wilson-seamless-crew-hombre-negro\\\/#primaryimage\"},\"thumbnailUrl\":\"https:\\\/\\\/padelzoco.es\\\/wp-content\\\/uploads\\\/2024\\\/05\\\/Wilson-Players-Seamless-Crew-Mens-Padel-T-Shirt-Black-Image-1.webp\",\"datePublished\":\"2024-05-06T13:34:13+00:00\",\"dateModified\":\"2026-04-30T17:47:43+00:00\",\"description\":\"Experience unparalleled comfort, support, and breathability with the Wilson Player's Seamless Crew, designed to help you excel in every athletic pursuit. Padel Zoco Madrid.\",\"breadcrumb\":{\"@id\":\"https:\\\/\\\/padelzoco.es\\\/product\\\/camiseta-wilson-seamless-crew-hombre-negro\\\/#breadcrumb\"},\"inLanguage\":\"en-GB\",\"potentialAction\":[{\"@type\":\"ReadAction\",\"target\":[\"https:\\\/\\\/padelzoco.es\\\/product\\\/camiseta-wilson-seamless-crew-hombre-negro\\\/\"]}]},{\"@type\":\"ImageObject\",\"inLanguage\":\"en-GB\",\"@id\":\"https:\\\/\\\/padelzoco.es\\\/product\\\/camiseta-wilson-seamless-crew-hombre-negro\\\/#primaryimage\",\"url\":\"https:\\\/\\\/padelzoco.es\\\/wp-content\\\/uploads\\\/2024\\\/05\\\/Wilson-Players-Seamless-Crew-Mens-Padel-T-Shirt-Black-Image-1.webp\",\"contentUrl\":\"https:\\\/\\\/padelzoco.es\\\/wp-content\\\/uploads\\\/2024\\\/05\\\/Wilson-Players-Seamless-Crew-Mens-Padel-T-Shirt-Black-Image-1.webp\",\"width\":1400,\"height\":1400,\"caption\":\"Wilson Players Seamless Crew Men's Padel T-Shirt - Black Image 1\"},{\"@type\":\"BreadcrumbList\",\"@id\":\"https:\\\/\\\/padelzoco.es\\\/product\\\/camiseta-wilson-seamless-crew-hombre-negro\\\/#breadcrumb\",\"itemListElement\":[{\"@type\":\"ListItem\",\"position\":1,\"name\":\"Home\",\"item\":\"https:\\\/\\\/padelzoco.es\\\/\"},{\"@type\":\"ListItem\",\"position\":2,\"name\":\"Padel Zoco\",\"item\":\"https:\\\/\\\/padelzoco.es\\\/padel-zoco\\\/\"},{\"@type\":\"ListItem\",\"position\":3,\"name\":\"Camiseta Wilson Bela Seamless Crew Hombre Negro\"}]},{\"@type\":\"WebSite\",\"@id\":\"https:\\\/\\\/padelzoco.es\\\/#website\",\"url\":\"https:\\\/\\\/padelzoco.es\\\/\",\"name\":\"Padel Zoco\",\"description\":\"Padel Zoco | Spain\",\"publisher\":{\"@id\":\"https:\\\/\\\/padelzoco.es\\\/#organization\"},\"potentialAction\":[{\"@type\":\"SearchAction\",\"target\":{\"@type\":\"EntryPoint\",\"urlTemplate\":\"https:\\\/\\\/padelzoco.es\\\/?s={search_term_string}\"},\"query-input\":{\"@type\":\"PropertyValueSpecification\",\"valueRequired\":true,\"valueName\":\"search_term_string\"}}],\"inLanguage\":\"en-GB\"},{\"@type\":\"Organization\",\"@id\":\"https:\\\/\\\/padelzoco.es\\\/#organization\",\"name\":\"Padel Zoco\",\"url\":\"https:\\\/\\\/padelzoco.es\\\/\",\"logo\":{\"@type\":\"ImageObject\",\"inLanguage\":\"en-GB\",\"@id\":\"https:\\\/\\\/padelzoco.es\\\/#\\\/schema\\\/logo\\\/image\\\/\",\"url\":\"https:\\\/\\\/padelzoco.es\\\/wp-content\\\/uploads\\\/2023\\\/11\\\/PadelZoco_Logo_black_white.webp\",\"contentUrl\":\"https:\\\/\\\/padelzoco.es\\\/wp-content\\\/uploads\\\/2023\\\/11\\\/PadelZoco_Logo_black_white.webp\",\"width\":1500,\"height\":631,\"caption\":\"Padel Zoco\"},\"image\":{\"@id\":\"https:\\\/\\\/padelzoco.es\\\/#\\\/schema\\\/logo\\\/image\\\/\"}}]}<\/script>\n<!-- \/ Yoast SEO plugin. -->","yoast_head_json":{"title":"Camiseta Wilson Bela Seamless Crew Hombre Negro - Padel Zoco","description":"Experience unparalleled comfort, support, and breathability with the Wilson Player's Seamless Crew, designed to help you excel in every athletic pursuit. Padel Zoco Madrid.","robots":{"index":"index","follow":"follow","max-snippet":"max-snippet:-1","max-image-preview":"max-image-preview:large","max-video-preview":"max-video-preview:-1"},"canonical":"https:\/\/padelzoco.es\/en\/product\/camiseta-wilson-seamless-crew-hombre-negro\/","og_locale":"en_GB","og_type":"article","og_title":"Camiseta Wilson Bela Seamless Crew Hombre Negro - Padel Zoco","og_description":"Experience unparalleled comfort, support, and breathability with the Wilson Player's Seamless Crew, designed to help you excel in every athletic pursuit. Padel Zoco Madrid.","og_url":"https:\/\/padelzoco.es\/en\/product\/camiseta-wilson-seamless-crew-hombre-negro\/","og_site_name":"Padel Zoco","article_modified_time":"2026-04-30T17:47:43+00:00","og_image":[{"width":1400,"height":1400,"url":"https:\/\/padelzoco.es\/wp-content\/uploads\/2024\/05\/Wilson-Players-Seamless-Crew-Mens-Padel-T-Shirt-Black-Image-1.webp","type":"image\/webp"}],"twitter_card":"summary_large_image","twitter_misc":{"Estimated reading time":"2 minutes"},"schema":{"@context":"https:\/\/schema.org","@graph":[{"@type":"WebPage","@id":"https:\/\/padelzoco.es\/product\/camiseta-wilson-seamless-crew-hombre-negro\/","url":"https:\/\/padelzoco.es\/product\/camiseta-wilson-seamless-crew-hombre-negro\/","name":"Camiseta Wilson Bela Seamless Crew Hombre Negro - Padel Zoco","isPartOf":{"@id":"https:\/\/padelzoco.es\/#website"},"primaryImageOfPage":{"@id":"https:\/\/padelzoco.es\/product\/camiseta-wilson-seamless-crew-hombre-negro\/#primaryimage"},"image":{"@id":"https:\/\/padelzoco.es\/product\/camiseta-wilson-seamless-crew-hombre-negro\/#primaryimage"},"thumbnailUrl":"https:\/\/padelzoco.es\/wp-content\/uploads\/2024\/05\/Wilson-Players-Seamless-Crew-Mens-Padel-T-Shirt-Black-Image-1.webp","datePublished":"2024-05-06T13:34:13+00:00","dateModified":"2026-04-30T17:47:43+00:00","description":"Experience unparalleled comfort, support, and breathability with the Wilson Player's Seamless Crew, designed to help you excel in every athletic pursuit. Padel Zoco Madrid.","breadcrumb":{"@id":"https:\/\/padelzoco.es\/product\/camiseta-wilson-seamless-crew-hombre-negro\/#breadcrumb"},"inLanguage":"en-GB","potentialAction":[{"@type":"ReadAction","target":["https:\/\/padelzoco.es\/product\/camiseta-wilson-seamless-crew-hombre-negro\/"]}]},{"@type":"ImageObject","inLanguage":"en-GB","@id":"https:\/\/padelzoco.es\/product\/camiseta-wilson-seamless-crew-hombre-negro\/#primaryimage","url":"https:\/\/padelzoco.es\/wp-content\/uploads\/2024\/05\/Wilson-Players-Seamless-Crew-Mens-Padel-T-Shirt-Black-Image-1.webp","contentUrl":"https:\/\/padelzoco.es\/wp-content\/uploads\/2024\/05\/Wilson-Players-Seamless-Crew-Mens-Padel-T-Shirt-Black-Image-1.webp","width":1400,"height":1400,"caption":"Wilson Players Seamless Crew Men's Padel T-Shirt - Black Image 1"},{"@type":"BreadcrumbList","@id":"https:\/\/padelzoco.es\/product\/camiseta-wilson-seamless-crew-hombre-negro\/#breadcrumb","itemListElement":[{"@type":"ListItem","position":1,"name":"Home","item":"https:\/\/padelzoco.es\/"},{"@type":"ListItem","position":2,"name":"Padel Zoco","item":"https:\/\/padelzoco.es\/padel-zoco\/"},{"@type":"ListItem","position":3,"name":"Camiseta Wilson Bela Seamless Crew Hombre Negro"}]},{"@type":"WebSite","@id":"https:\/\/padelzoco.es\/#website","url":"https:\/\/padelzoco.es\/","name":"Padel Zoco","description":"Padel Zoco | Spain","publisher":{"@id":"https:\/\/padelzoco.es\/#organization"},"potentialAction":[{"@type":"SearchAction","target":{"@type":"EntryPoint","urlTemplate":"https:\/\/padelzoco.es\/?s={search_term_string}"},"query-input":{"@type":"PropertyValueSpecification","valueRequired":true,"valueName":"search_term_string"}}],"inLanguage":"en-GB"},{"@type":"Organization","@id":"https:\/\/padelzoco.es\/#organization","name":"Padel Zoco","url":"https:\/\/padelzoco.es\/","logo":{"@type":"ImageObject","inLanguage":"en-GB","@id":"https:\/\/padelzoco.es\/#\/schema\/logo\/image\/","url":"https:\/\/padelzoco.es\/wp-content\/uploads\/2023\/11\/PadelZoco_Logo_black_white.webp","contentUrl":"https:\/\/padelzoco.es\/wp-content\/uploads\/2023\/11\/PadelZoco_Logo_black_white.webp","width":1500,"height":631,"caption":"Padel Zoco"},"image":{"@id":"https:\/\/padelzoco.es\/#\/schema\/logo\/image\/"}}]}},"_links":{"self":[{"href":"https:\/\/padelzoco.es\/en\/wp-json\/wp\/v2\/product\/10331","targetHints":{"allow":["GET"]}}],"collection":[{"href":"https:\/\/padelzoco.es\/en\/wp-json\/wp\/v2\/product"}],"about":[{"href":"https:\/\/padelzoco.es\/en\/wp-json\/wp\/v2\/types\/product"}],"version-history":[{"count":1,"href":"https:\/\/padelzoco.es\/en\/wp-json\/wp\/v2\/product\/10331\/revisions"}],"predecessor-version":[{"id":25306,"href":"https:\/\/padelzoco.es\/en\/wp-json\/wp\/v2\/product\/10331\/revisions\/25306"}],"wp:featuredmedia":[{"embeddable":true,"href":"https:\/\/padelzoco.es\/en\/wp-json\/wp\/v2\/media\/10344"}],"wp:attachment":[{"href":"https:\/\/padelzoco.es\/en\/wp-json\/wp\/v2\/media?parent=10331"}],"wp:term":[{"taxonomy":"product_brand","embeddable":true,"href":"https:\/\/padelzoco.es\/en\/wp-json\/wp\/v2\/product_brand?post=10331"},{"taxonomy":"product_cat","embeddable":true,"href":"https:\/\/padelzoco.es\/en\/wp-json\/wp\/v2\/product_cat?post=10331"},{"taxonomy":"product_tag","embeddable":true,"href":"https:\/\/padelzoco.es\/en\/wp-json\/wp\/v2\/product_tag?post=10331"}],"curies":[{"name":"wp","href":"https:\/\/api.w.org\/{rel}","templated":true}]}}