{"id":10359,"date":"2024-05-06T15:13:38","date_gmt":"2024-05-06T14:13:38","guid":{"rendered":"https:\/\/adc06f55e9.nxcli.io\/?post_type=product&#038;p=10359"},"modified":"2026-04-30T19:32:54","modified_gmt":"2026-04-30T18:32:54","slug":"camiseta-wilson-graphic-tee-hombre-negro","status":"publish","type":"product","link":"https:\/\/padelzoco.es\/en\/product\/camiseta-wilson-graphic-tee-hombre-negro\/","title":{"rendered":"Camiseta Wilson Graphic Tee Hombre Negro"},"content":{"rendered":"","protected":false},"excerpt":{"rendered":"<div id=\"-body-1\" class=\"accordion_body\" role=\"region\" aria-labelledby=\"-title-1\">\n<div class=\"accordion_content\">\n<div class=\"product-detail product-detail_overview\">\n<div id=\"-body-1\" class=\"accordion_body\" role=\"region\" aria-labelledby=\"-title-1\">\n<div class=\"accordion_content\">\n<div class=\"product-detail product-detail_overview\">\n<p>Presentamos la camiseta de p\u00e1del para hombre Wilson Graphic Tee en negro, tu nueva prenda b\u00e1sica para el d\u00eda a d\u00eda. Confeccionada con precisi\u00f3n, esta camiseta combina la comodidad de tu cl\u00e1sico favorito con tecnolog\u00eda avanzada para usar durante todo el d\u00eda. Su ajuste relajado y cl\u00e1sico est\u00e1 confeccionado con nuestra exclusiva tela de algod\u00f3n t\u00e9cnico, lo que garantiza una sensaci\u00f3n de lujo en la piel.<\/p>\n<p>Dise\u00f1ada para seguir el ritmo de tu estilo de vida activo, esta camiseta cuenta con propiedades antiolor, lo que garantiza que te mantengas fresco incluso durante los partidos m\u00e1s largos. El tejido el\u00e1stico y transpirable proporciona movimiento sin restricciones y ventilaci\u00f3n superior, lo que te mantiene fresco y c\u00f3modo cuando el juego se intensifica.<\/p>\n<p>Con capacidades de secado r\u00e1pido, esta camiseta garantiza una r\u00e1pida evaporaci\u00f3n de la humedad, para que puedas concentrarte en tu rendimiento sin distracciones. Gracias a su retenci\u00f3n de forma, puedes contar con esta camiseta para mantener su forma desgaste tras uso, lo que garantiza durabilidad y estilo duraderos.<\/p>\n<\/div>\n<\/div>\n<\/div>\n<p><strong>Specifications:<\/strong><\/p>\n<ul>\n<li>Categor\u00eda:\u00a0Parte superior<\/li>\n<li>Composici\u00f3n:\u00a055 % algod\u00f3n, 37 % tencel, 8 % elastano<\/li>\n<li>Familia de tejido:\u00a0Algod\u00f3n t\u00e9cnico<\/li>\n<li>Peso del tejido:\u00a0LIGERO<\/li>\n<li>Ajuste:\u00a0Cl\u00e1sico<\/li>\n<li>Longitud de la parte superior:\u00a0Cadera baja<\/li>\n<\/ul>\n<\/div>\n<\/div>\n<\/div>","protected":false},"featured_media":10370,"template":"","meta":[],"product_brand":[],"product_cat":[611,608,601,699,605],"product_tag":[],"class_list":{"0":"post-10359","1":"product","2":"type-product","3":"status-publish","4":"has-post-thumbnail","6":"product_cat-camisetas-ropa","7":"product_cat-hombre-ropa","8":"product_cat-ropa","9":"product_cat-wilson-padel","10":"product_cat-wilson-ropa","11":"pa_brand-wilson","12":"pa_color-negro","13":"pa_gender-hombre","14":"pa_hs_code-87","15":"pa_size-l","16":"pa_size-m","17":"pa_size-s","18":"pa_size-xl","19":"pa_size-xxl","21":"first","22":"instock","23":"sale","24":"taxable","25":"shipping-taxable","26":"purchasable","27":"product-type-variable"},"yoast_head":"<!-- This site is optimized with the Yoast SEO plugin v27.5 - https:\/\/yoast.com\/product\/yoast-seo-wordpress\/ -->\n<title>Camiseta Wilson Graphic Tee Hombre Negro - Padel Zoco<\/title>\n<meta name=\"description\" content=\"An everyday Wilso Padel T-shirt with the touch of your favorite cotton tee and odorless, stretch-friendly tech. Buy Now at Padel Zoco Madrid Padel shop.\" \/>\n<meta name=\"robots\" content=\"index, follow, max-snippet:-1, max-image-preview:large, max-video-preview:-1\" \/>\n<link rel=\"canonical\" href=\"https:\/\/padelzoco.es\/en\/product\/camiseta-wilson-graphic-tee-hombre-negro\/\" \/>\n<meta property=\"og:locale\" content=\"en_GB\" \/>\n<meta property=\"og:type\" content=\"article\" \/>\n<meta property=\"og:title\" content=\"Camiseta Wilson Graphic Tee Hombre Negro - Padel Zoco\" \/>\n<meta property=\"og:description\" content=\"An everyday Wilso Padel T-shirt with the touch of your favorite cotton tee and odorless, stretch-friendly tech. Buy Now at Padel Zoco Madrid Padel shop.\" \/>\n<meta property=\"og:url\" content=\"https:\/\/padelzoco.es\/en\/product\/camiseta-wilson-graphic-tee-hombre-negro\/\" \/>\n<meta property=\"og:site_name\" content=\"Padel Zoco\" \/>\n<meta property=\"article:modified_time\" content=\"2026-04-30T18:32:54+00:00\" \/>\n<meta property=\"og:image\" content=\"https:\/\/padelzoco.es\/wp-content\/uploads\/2024\/05\/Wilson-Graphic-Tee-Mens-Padel-T-Shirt-Black-Red-Image-5.webp\" \/>\n\t<meta property=\"og:image:width\" content=\"1400\" \/>\n\t<meta property=\"og:image:height\" content=\"1400\" \/>\n\t<meta property=\"og:image:type\" content=\"image\/webp\" \/>\n<meta name=\"twitter:card\" content=\"summary_large_image\" \/>\n<meta name=\"twitter:label1\" content=\"Estimated reading time\" \/>\n\t<meta name=\"twitter:data1\" content=\"1 minute\" \/>\n<script type=\"application\/ld+json\" class=\"yoast-schema-graph\">{\"@context\":\"https:\\\/\\\/schema.org\",\"@graph\":[{\"@type\":\"WebPage\",\"@id\":\"https:\\\/\\\/padelzoco.es\\\/product\\\/camiseta-wilson-graphic-tee-hombre-negro\\\/\",\"url\":\"https:\\\/\\\/padelzoco.es\\\/product\\\/camiseta-wilson-graphic-tee-hombre-negro\\\/\",\"name\":\"Camiseta Wilson Graphic Tee Hombre Negro - Padel Zoco\",\"isPartOf\":{\"@id\":\"https:\\\/\\\/padelzoco.es\\\/#website\"},\"primaryImageOfPage\":{\"@id\":\"https:\\\/\\\/padelzoco.es\\\/product\\\/camiseta-wilson-graphic-tee-hombre-negro\\\/#primaryimage\"},\"image\":{\"@id\":\"https:\\\/\\\/padelzoco.es\\\/product\\\/camiseta-wilson-graphic-tee-hombre-negro\\\/#primaryimage\"},\"thumbnailUrl\":\"https:\\\/\\\/padelzoco.es\\\/wp-content\\\/uploads\\\/2024\\\/05\\\/Wilson-Graphic-Tee-Mens-Padel-T-Shirt-Black-Red-Image-5.webp\",\"datePublished\":\"2024-05-06T14:13:38+00:00\",\"dateModified\":\"2026-04-30T18:32:54+00:00\",\"description\":\"An everyday Wilso Padel T-shirt with the touch of your favorite cotton tee and odorless, stretch-friendly tech. Buy Now at Padel Zoco Madrid Padel shop.\",\"breadcrumb\":{\"@id\":\"https:\\\/\\\/padelzoco.es\\\/product\\\/camiseta-wilson-graphic-tee-hombre-negro\\\/#breadcrumb\"},\"inLanguage\":\"en-GB\",\"potentialAction\":[{\"@type\":\"ReadAction\",\"target\":[\"https:\\\/\\\/padelzoco.es\\\/product\\\/camiseta-wilson-graphic-tee-hombre-negro\\\/\"]}]},{\"@type\":\"ImageObject\",\"inLanguage\":\"en-GB\",\"@id\":\"https:\\\/\\\/padelzoco.es\\\/product\\\/camiseta-wilson-graphic-tee-hombre-negro\\\/#primaryimage\",\"url\":\"https:\\\/\\\/padelzoco.es\\\/wp-content\\\/uploads\\\/2024\\\/05\\\/Wilson-Graphic-Tee-Mens-Padel-T-Shirt-Black-Red-Image-5.webp\",\"contentUrl\":\"https:\\\/\\\/padelzoco.es\\\/wp-content\\\/uploads\\\/2024\\\/05\\\/Wilson-Graphic-Tee-Mens-Padel-T-Shirt-Black-Red-Image-5.webp\",\"width\":1400,\"height\":1400,\"caption\":\"Wilson Graphic Tee Men's Padel T-Shirt - Black - Red Image 5\"},{\"@type\":\"BreadcrumbList\",\"@id\":\"https:\\\/\\\/padelzoco.es\\\/product\\\/camiseta-wilson-graphic-tee-hombre-negro\\\/#breadcrumb\",\"itemListElement\":[{\"@type\":\"ListItem\",\"position\":1,\"name\":\"Home\",\"item\":\"https:\\\/\\\/padelzoco.es\\\/\"},{\"@type\":\"ListItem\",\"position\":2,\"name\":\"Padel Zoco\",\"item\":\"https:\\\/\\\/padelzoco.es\\\/padel-zoco\\\/\"},{\"@type\":\"ListItem\",\"position\":3,\"name\":\"Camiseta Wilson Graphic Tee Hombre Negro\"}]},{\"@type\":\"WebSite\",\"@id\":\"https:\\\/\\\/padelzoco.es\\\/#website\",\"url\":\"https:\\\/\\\/padelzoco.es\\\/\",\"name\":\"Padel Zoco\",\"description\":\"Padel Zoco | Spain\",\"publisher\":{\"@id\":\"https:\\\/\\\/padelzoco.es\\\/#organization\"},\"potentialAction\":[{\"@type\":\"SearchAction\",\"target\":{\"@type\":\"EntryPoint\",\"urlTemplate\":\"https:\\\/\\\/padelzoco.es\\\/?s={search_term_string}\"},\"query-input\":{\"@type\":\"PropertyValueSpecification\",\"valueRequired\":true,\"valueName\":\"search_term_string\"}}],\"inLanguage\":\"en-GB\"},{\"@type\":\"Organization\",\"@id\":\"https:\\\/\\\/padelzoco.es\\\/#organization\",\"name\":\"Padel Zoco\",\"url\":\"https:\\\/\\\/padelzoco.es\\\/\",\"logo\":{\"@type\":\"ImageObject\",\"inLanguage\":\"en-GB\",\"@id\":\"https:\\\/\\\/padelzoco.es\\\/#\\\/schema\\\/logo\\\/image\\\/\",\"url\":\"https:\\\/\\\/padelzoco.es\\\/wp-content\\\/uploads\\\/2023\\\/11\\\/PadelZoco_Logo_black_white.webp\",\"contentUrl\":\"https:\\\/\\\/padelzoco.es\\\/wp-content\\\/uploads\\\/2023\\\/11\\\/PadelZoco_Logo_black_white.webp\",\"width\":1500,\"height\":631,\"caption\":\"Padel Zoco\"},\"image\":{\"@id\":\"https:\\\/\\\/padelzoco.es\\\/#\\\/schema\\\/logo\\\/image\\\/\"}}]}<\/script>\n<!-- \/ Yoast SEO plugin. -->","yoast_head_json":{"title":"Camiseta Wilson Graphic Tee Hombre Negro - Padel Zoco","description":"An everyday Wilso Padel T-shirt with the touch of your favorite cotton tee and odorless, stretch-friendly tech. Buy Now at Padel Zoco Madrid Padel shop.","robots":{"index":"index","follow":"follow","max-snippet":"max-snippet:-1","max-image-preview":"max-image-preview:large","max-video-preview":"max-video-preview:-1"},"canonical":"https:\/\/padelzoco.es\/en\/product\/camiseta-wilson-graphic-tee-hombre-negro\/","og_locale":"en_GB","og_type":"article","og_title":"Camiseta Wilson Graphic Tee Hombre Negro - Padel Zoco","og_description":"An everyday Wilso Padel T-shirt with the touch of your favorite cotton tee and odorless, stretch-friendly tech. Buy Now at Padel Zoco Madrid Padel shop.","og_url":"https:\/\/padelzoco.es\/en\/product\/camiseta-wilson-graphic-tee-hombre-negro\/","og_site_name":"Padel Zoco","article_modified_time":"2026-04-30T18:32:54+00:00","og_image":[{"width":1400,"height":1400,"url":"https:\/\/padelzoco.es\/wp-content\/uploads\/2024\/05\/Wilson-Graphic-Tee-Mens-Padel-T-Shirt-Black-Red-Image-5.webp","type":"image\/webp"}],"twitter_card":"summary_large_image","twitter_misc":{"Estimated reading time":"1 minute"},"schema":{"@context":"https:\/\/schema.org","@graph":[{"@type":"WebPage","@id":"https:\/\/padelzoco.es\/product\/camiseta-wilson-graphic-tee-hombre-negro\/","url":"https:\/\/padelzoco.es\/product\/camiseta-wilson-graphic-tee-hombre-negro\/","name":"Camiseta Wilson Graphic Tee Hombre Negro - Padel Zoco","isPartOf":{"@id":"https:\/\/padelzoco.es\/#website"},"primaryImageOfPage":{"@id":"https:\/\/padelzoco.es\/product\/camiseta-wilson-graphic-tee-hombre-negro\/#primaryimage"},"image":{"@id":"https:\/\/padelzoco.es\/product\/camiseta-wilson-graphic-tee-hombre-negro\/#primaryimage"},"thumbnailUrl":"https:\/\/padelzoco.es\/wp-content\/uploads\/2024\/05\/Wilson-Graphic-Tee-Mens-Padel-T-Shirt-Black-Red-Image-5.webp","datePublished":"2024-05-06T14:13:38+00:00","dateModified":"2026-04-30T18:32:54+00:00","description":"An everyday Wilso Padel T-shirt with the touch of your favorite cotton tee and odorless, stretch-friendly tech. Buy Now at Padel Zoco Madrid Padel shop.","breadcrumb":{"@id":"https:\/\/padelzoco.es\/product\/camiseta-wilson-graphic-tee-hombre-negro\/#breadcrumb"},"inLanguage":"en-GB","potentialAction":[{"@type":"ReadAction","target":["https:\/\/padelzoco.es\/product\/camiseta-wilson-graphic-tee-hombre-negro\/"]}]},{"@type":"ImageObject","inLanguage":"en-GB","@id":"https:\/\/padelzoco.es\/product\/camiseta-wilson-graphic-tee-hombre-negro\/#primaryimage","url":"https:\/\/padelzoco.es\/wp-content\/uploads\/2024\/05\/Wilson-Graphic-Tee-Mens-Padel-T-Shirt-Black-Red-Image-5.webp","contentUrl":"https:\/\/padelzoco.es\/wp-content\/uploads\/2024\/05\/Wilson-Graphic-Tee-Mens-Padel-T-Shirt-Black-Red-Image-5.webp","width":1400,"height":1400,"caption":"Wilson Graphic Tee Men's Padel T-Shirt - Black - Red Image 5"},{"@type":"BreadcrumbList","@id":"https:\/\/padelzoco.es\/product\/camiseta-wilson-graphic-tee-hombre-negro\/#breadcrumb","itemListElement":[{"@type":"ListItem","position":1,"name":"Home","item":"https:\/\/padelzoco.es\/"},{"@type":"ListItem","position":2,"name":"Padel Zoco","item":"https:\/\/padelzoco.es\/padel-zoco\/"},{"@type":"ListItem","position":3,"name":"Camiseta Wilson Graphic Tee Hombre Negro"}]},{"@type":"WebSite","@id":"https:\/\/padelzoco.es\/#website","url":"https:\/\/padelzoco.es\/","name":"Padel Zoco","description":"Padel Zoco | Spain","publisher":{"@id":"https:\/\/padelzoco.es\/#organization"},"potentialAction":[{"@type":"SearchAction","target":{"@type":"EntryPoint","urlTemplate":"https:\/\/padelzoco.es\/?s={search_term_string}"},"query-input":{"@type":"PropertyValueSpecification","valueRequired":true,"valueName":"search_term_string"}}],"inLanguage":"en-GB"},{"@type":"Organization","@id":"https:\/\/padelzoco.es\/#organization","name":"Padel Zoco","url":"https:\/\/padelzoco.es\/","logo":{"@type":"ImageObject","inLanguage":"en-GB","@id":"https:\/\/padelzoco.es\/#\/schema\/logo\/image\/","url":"https:\/\/padelzoco.es\/wp-content\/uploads\/2023\/11\/PadelZoco_Logo_black_white.webp","contentUrl":"https:\/\/padelzoco.es\/wp-content\/uploads\/2023\/11\/PadelZoco_Logo_black_white.webp","width":1500,"height":631,"caption":"Padel Zoco"},"image":{"@id":"https:\/\/padelzoco.es\/#\/schema\/logo\/image\/"}}]}},"_links":{"self":[{"href":"https:\/\/padelzoco.es\/en\/wp-json\/wp\/v2\/product\/10359","targetHints":{"allow":["GET"]}}],"collection":[{"href":"https:\/\/padelzoco.es\/en\/wp-json\/wp\/v2\/product"}],"about":[{"href":"https:\/\/padelzoco.es\/en\/wp-json\/wp\/v2\/types\/product"}],"version-history":[{"count":3,"href":"https:\/\/padelzoco.es\/en\/wp-json\/wp\/v2\/product\/10359\/revisions"}],"predecessor-version":[{"id":29935,"href":"https:\/\/padelzoco.es\/en\/wp-json\/wp\/v2\/product\/10359\/revisions\/29935"}],"wp:featuredmedia":[{"embeddable":true,"href":"https:\/\/padelzoco.es\/en\/wp-json\/wp\/v2\/media\/10370"}],"wp:attachment":[{"href":"https:\/\/padelzoco.es\/en\/wp-json\/wp\/v2\/media?parent=10359"}],"wp:term":[{"taxonomy":"product_brand","embeddable":true,"href":"https:\/\/padelzoco.es\/en\/wp-json\/wp\/v2\/product_brand?post=10359"},{"taxonomy":"product_cat","embeddable":true,"href":"https:\/\/padelzoco.es\/en\/wp-json\/wp\/v2\/product_cat?post=10359"},{"taxonomy":"product_tag","embeddable":true,"href":"https:\/\/padelzoco.es\/en\/wp-json\/wp\/v2\/product_tag?post=10359"}],"curies":[{"name":"wp","href":"https:\/\/api.w.org\/{rel}","templated":true}]}}