{"id":10371,"date":"2024-05-06T15:30:44","date_gmt":"2024-05-06T14:30:44","guid":{"rendered":"https:\/\/adc06f55e9.nxcli.io\/?post_type=product&#038;p=10371"},"modified":"2026-03-19T12:23:32","modified_gmt":"2026-03-19T11:23:32","slug":"camiseta-wilson-graphic-tee-hombre-gris","status":"publish","type":"product","link":"https:\/\/padelzoco.es\/en\/product\/camiseta-wilson-graphic-tee-hombre-gris\/","title":{"rendered":"Camiseta Wilson Graphic Tee Hombre Gris"},"content":{"rendered":"<p data-start=\"0\" data-end=\"499\">La camiseta de p\u00e1del para hombre Wilson Graphic Tee en gris es una prenda vers\u00e1til dise\u00f1ada para acompa\u00f1arte tanto dentro como fuera de la pista. Confeccionada con precisi\u00f3n, combina la comodidad de una camiseta cl\u00e1sica con tecnolog\u00eda avanzada, gracias a su exclusivo tejido de algod\u00f3n t\u00e9cnico (55 % algod\u00f3n, 37 % tencel, 8 % elastano), que ofrece una sensaci\u00f3n suave y agradable sobre la piel junto con un ajuste relajado y cl\u00e1sico que garantiza libertad de movimiento.<\/p>\n<p data-start=\"501\" data-end=\"1011\">Pensada para un estilo de vida activo, incorpora propiedades antiolor que ayudan a mantener la frescura incluso durante los partidos m\u00e1s largos. Su tejido el\u00e1stico y transpirable proporciona ventilaci\u00f3n superior y movilidad sin restricciones, manteni\u00e9ndote c\u00f3modo en todo momento. Adem\u00e1s, su capacidad de secado r\u00e1pido favorece la evaporaci\u00f3n de la humedad, mientras que la retenci\u00f3n de forma asegura que la prenda mantenga su estructura y estilo uso tras uso, ofreciendo durabilidad y rendimiento constante.<\/p>\n<p data-start=\"1013\" data-end=\"1036\"><strong data-start=\"1013\" data-end=\"1034\">Specifications:<\/strong><\/p>\n<ul data-start=\"1037\" data-end=\"1257\">\n<li data-section-id=\"1n1fnxs\" data-start=\"1037\" data-end=\"1066\">\n<p data-start=\"1039\" data-end=\"1066\">Categor\u00eda: Parte superior<\/p>\n<\/li>\n<li data-section-id=\"137abem\" data-start=\"1067\" data-end=\"1123\">\n<p data-start=\"1069\" data-end=\"1123\">Composici\u00f3n: 55 % algod\u00f3n, 37 % tencel, 8 % elastano<\/p>\n<\/li>\n<li data-section-id=\"1g23h1g\" data-start=\"1124\" data-end=\"1162\">\n<p data-start=\"1126\" data-end=\"1162\">Familia de tejido: Algod\u00f3n t\u00e9cnico<\/p>\n<\/li>\n<li data-section-id=\"ajbjsl\" data-start=\"1163\" data-end=\"1190\">\n<p data-start=\"1165\" data-end=\"1190\">Peso del tejido: Ligero<\/p>\n<\/li>\n<li data-section-id=\"1bze1au\" data-start=\"1191\" data-end=\"1210\">\n<p data-start=\"1193\" data-end=\"1210\">Ajuste: Cl\u00e1sico<\/p>\n<\/li>\n<li data-section-id=\"19vn087\" data-start=\"1211\" data-end=\"1257\">\n<p data-start=\"1213\" data-end=\"1257\">Longitud de la parte superior: Cadera baja<\/p>\n<\/li>\n<\/ul>","protected":false},"excerpt":{"rendered":"<div id=\"-body-1\" class=\"accordion_body\" role=\"region\" aria-labelledby=\"-title-1\">\n<div class=\"accordion_content\">\n<div class=\"product-detail product-detail_overview\">\n<p data-start=\"1264\" data-end=\"1529\">La camiseta Wilson Graphic Tee para hombre en gris combina comodidad, transpirabilidad y estilo para el d\u00eda a d\u00eda y el juego. Su tejido t\u00e9cnico ligero y el\u00e1stico ofrece una sensaci\u00f3n suave y permite moverte con total libertad en la pista.<\/p>\n<p data-start=\"1531\" data-end=\"1705\">Cuenta con propiedades antiolor, secado r\u00e1pido y retenci\u00f3n de forma, garantizando frescura, rendimiento y durabilidad en cada uso, tanto en entrenamientos como en partidos.<\/p>\n<\/div>\n<\/div>\n<\/div>","protected":false},"featured_media":10378,"template":"","meta":[],"product_brand":[],"product_cat":[611,608,601,699,605],"product_tag":[],"class_list":{"0":"post-10371","1":"product","2":"type-product","3":"status-publish","4":"has-post-thumbnail","6":"product_cat-camisetas-ropa","7":"product_cat-hombre-ropa","8":"product_cat-ropa","9":"product_cat-wilson-padel","10":"product_cat-wilson-ropa","11":"pa_brand-wilson","12":"pa_color-grey","13":"pa_gender-hombre","14":"pa_hs_code-87","15":"pa_size-l","16":"pa_size-m","17":"pa_size-s","18":"pa_size-xl","19":"pa_size-xxl","21":"first","22":"instock","23":"sale","24":"taxable","25":"shipping-taxable","26":"purchasable","27":"product-type-variable"},"yoast_head":"<!-- This site is optimized with the Yoast SEO plugin v27.3 - https:\/\/yoast.com\/product\/yoast-seo-wordpress\/ -->\n<title>Camiseta Wilson Graphic Tee Hombre Gris - Padel Zoco<\/title>\n<meta name=\"description\" content=\"Camiseta Wilson Graphic Tee gris para hombre, ligera, transpirable y de secado r\u00e1pido, con propiedades antiolor y ajuste c\u00f3modo para m\u00e1ximo rendimiento y estilo.\" \/>\n<meta name=\"robots\" content=\"index, follow, max-snippet:-1, max-image-preview:large, max-video-preview:-1\" \/>\n<link rel=\"canonical\" href=\"https:\/\/padelzoco.es\/en\/product\/camiseta-wilson-graphic-tee-hombre-gris\/\" \/>\n<meta property=\"og:locale\" content=\"en_GB\" \/>\n<meta property=\"og:type\" content=\"article\" \/>\n<meta property=\"og:title\" content=\"Camiseta Wilson Graphic Tee Hombre Gris - Padel Zoco\" \/>\n<meta property=\"og:description\" content=\"Camiseta Wilson Graphic Tee gris para hombre, ligera, transpirable y de secado r\u00e1pido, con propiedades antiolor y ajuste c\u00f3modo para m\u00e1ximo rendimiento y estilo.\" \/>\n<meta property=\"og:url\" content=\"https:\/\/padelzoco.es\/en\/product\/camiseta-wilson-graphic-tee-hombre-gris\/\" \/>\n<meta property=\"og:site_name\" content=\"Padel Zoco\" \/>\n<meta property=\"article:modified_time\" content=\"2026-03-19T11:23:32+00:00\" \/>\n<meta property=\"og:image\" content=\"https:\/\/padelzoco.es\/wp-content\/uploads\/2024\/05\/Wilson-Graphic-Tee-Mens-Padel-T-Shirt-Grey-Image-1.webp\" \/>\n\t<meta property=\"og:image:width\" content=\"1400\" \/>\n\t<meta property=\"og:image:height\" content=\"1400\" \/>\n\t<meta property=\"og:image:type\" content=\"image\/webp\" \/>\n<meta name=\"twitter:card\" content=\"summary_large_image\" \/>\n<meta name=\"twitter:label1\" content=\"Estimated reading time\" \/>\n\t<meta name=\"twitter:data1\" content=\"2 minutes\" \/>\n<script type=\"application\/ld+json\" class=\"yoast-schema-graph\">{\"@context\":\"https:\\\/\\\/schema.org\",\"@graph\":[{\"@type\":\"WebPage\",\"@id\":\"https:\\\/\\\/padelzoco.es\\\/product\\\/camiseta-wilson-graphic-tee-hombre-gris\\\/\",\"url\":\"https:\\\/\\\/padelzoco.es\\\/product\\\/camiseta-wilson-graphic-tee-hombre-gris\\\/\",\"name\":\"Camiseta Wilson Graphic Tee Hombre Gris - Padel Zoco\",\"isPartOf\":{\"@id\":\"https:\\\/\\\/padelzoco.es\\\/#website\"},\"primaryImageOfPage\":{\"@id\":\"https:\\\/\\\/padelzoco.es\\\/product\\\/camiseta-wilson-graphic-tee-hombre-gris\\\/#primaryimage\"},\"image\":{\"@id\":\"https:\\\/\\\/padelzoco.es\\\/product\\\/camiseta-wilson-graphic-tee-hombre-gris\\\/#primaryimage\"},\"thumbnailUrl\":\"https:\\\/\\\/padelzoco.es\\\/wp-content\\\/uploads\\\/2024\\\/05\\\/Wilson-Graphic-Tee-Mens-Padel-T-Shirt-Grey-Image-1.webp\",\"datePublished\":\"2024-05-06T14:30:44+00:00\",\"dateModified\":\"2026-03-19T11:23:32+00:00\",\"description\":\"Camiseta Wilson Graphic Tee gris para hombre, ligera, transpirable y de secado r\u00e1pido, con propiedades antiolor y ajuste c\u00f3modo para m\u00e1ximo rendimiento y estilo.\",\"breadcrumb\":{\"@id\":\"https:\\\/\\\/padelzoco.es\\\/product\\\/camiseta-wilson-graphic-tee-hombre-gris\\\/#breadcrumb\"},\"inLanguage\":\"en-GB\",\"potentialAction\":[{\"@type\":\"ReadAction\",\"target\":[\"https:\\\/\\\/padelzoco.es\\\/product\\\/camiseta-wilson-graphic-tee-hombre-gris\\\/\"]}]},{\"@type\":\"ImageObject\",\"inLanguage\":\"en-GB\",\"@id\":\"https:\\\/\\\/padelzoco.es\\\/product\\\/camiseta-wilson-graphic-tee-hombre-gris\\\/#primaryimage\",\"url\":\"https:\\\/\\\/padelzoco.es\\\/wp-content\\\/uploads\\\/2024\\\/05\\\/Wilson-Graphic-Tee-Mens-Padel-T-Shirt-Grey-Image-1.webp\",\"contentUrl\":\"https:\\\/\\\/padelzoco.es\\\/wp-content\\\/uploads\\\/2024\\\/05\\\/Wilson-Graphic-Tee-Mens-Padel-T-Shirt-Grey-Image-1.webp\",\"width\":1400,\"height\":1400,\"caption\":\"Wilson Graphic Tee Men's Padel T-Shirt - Grey Image 1\"},{\"@type\":\"BreadcrumbList\",\"@id\":\"https:\\\/\\\/padelzoco.es\\\/product\\\/camiseta-wilson-graphic-tee-hombre-gris\\\/#breadcrumb\",\"itemListElement\":[{\"@type\":\"ListItem\",\"position\":1,\"name\":\"Home\",\"item\":\"https:\\\/\\\/padelzoco.es\\\/\"},{\"@type\":\"ListItem\",\"position\":2,\"name\":\"Padel Zoco\",\"item\":\"https:\\\/\\\/padelzoco.es\\\/padel-zoco\\\/\"},{\"@type\":\"ListItem\",\"position\":3,\"name\":\"Camiseta Wilson Graphic Tee Hombre Gris\"}]},{\"@type\":\"WebSite\",\"@id\":\"https:\\\/\\\/padelzoco.es\\\/#website\",\"url\":\"https:\\\/\\\/padelzoco.es\\\/\",\"name\":\"Padel Zoco\",\"description\":\"Padel Zoco | Spain\",\"publisher\":{\"@id\":\"https:\\\/\\\/padelzoco.es\\\/#organization\"},\"potentialAction\":[{\"@type\":\"SearchAction\",\"target\":{\"@type\":\"EntryPoint\",\"urlTemplate\":\"https:\\\/\\\/padelzoco.es\\\/?s={search_term_string}\"},\"query-input\":{\"@type\":\"PropertyValueSpecification\",\"valueRequired\":true,\"valueName\":\"search_term_string\"}}],\"inLanguage\":\"en-GB\"},{\"@type\":\"Organization\",\"@id\":\"https:\\\/\\\/padelzoco.es\\\/#organization\",\"name\":\"Padel Zoco\",\"url\":\"https:\\\/\\\/padelzoco.es\\\/\",\"logo\":{\"@type\":\"ImageObject\",\"inLanguage\":\"en-GB\",\"@id\":\"https:\\\/\\\/padelzoco.es\\\/#\\\/schema\\\/logo\\\/image\\\/\",\"url\":\"https:\\\/\\\/padelzoco.es\\\/wp-content\\\/uploads\\\/2023\\\/11\\\/PadelZoco_Logo_black_white.webp\",\"contentUrl\":\"https:\\\/\\\/padelzoco.es\\\/wp-content\\\/uploads\\\/2023\\\/11\\\/PadelZoco_Logo_black_white.webp\",\"width\":1500,\"height\":631,\"caption\":\"Padel Zoco\"},\"image\":{\"@id\":\"https:\\\/\\\/padelzoco.es\\\/#\\\/schema\\\/logo\\\/image\\\/\"}}]}<\/script>\n<!-- \/ Yoast SEO plugin. -->","yoast_head_json":{"title":"Camiseta Wilson Graphic Tee Hombre Gris - Padel Zoco","description":"Camiseta Wilson Graphic Tee gris para hombre, ligera, transpirable y de secado r\u00e1pido, con propiedades antiolor y ajuste c\u00f3modo para m\u00e1ximo rendimiento y estilo.","robots":{"index":"index","follow":"follow","max-snippet":"max-snippet:-1","max-image-preview":"max-image-preview:large","max-video-preview":"max-video-preview:-1"},"canonical":"https:\/\/padelzoco.es\/en\/product\/camiseta-wilson-graphic-tee-hombre-gris\/","og_locale":"en_GB","og_type":"article","og_title":"Camiseta Wilson Graphic Tee Hombre Gris - Padel Zoco","og_description":"Camiseta Wilson Graphic Tee gris para hombre, ligera, transpirable y de secado r\u00e1pido, con propiedades antiolor y ajuste c\u00f3modo para m\u00e1ximo rendimiento y estilo.","og_url":"https:\/\/padelzoco.es\/en\/product\/camiseta-wilson-graphic-tee-hombre-gris\/","og_site_name":"Padel Zoco","article_modified_time":"2026-03-19T11:23:32+00:00","og_image":[{"width":1400,"height":1400,"url":"https:\/\/padelzoco.es\/wp-content\/uploads\/2024\/05\/Wilson-Graphic-Tee-Mens-Padel-T-Shirt-Grey-Image-1.webp","type":"image\/webp"}],"twitter_card":"summary_large_image","twitter_misc":{"Estimated reading time":"2 minutes"},"schema":{"@context":"https:\/\/schema.org","@graph":[{"@type":"WebPage","@id":"https:\/\/padelzoco.es\/product\/camiseta-wilson-graphic-tee-hombre-gris\/","url":"https:\/\/padelzoco.es\/product\/camiseta-wilson-graphic-tee-hombre-gris\/","name":"Camiseta Wilson Graphic Tee Hombre Gris - Padel Zoco","isPartOf":{"@id":"https:\/\/padelzoco.es\/#website"},"primaryImageOfPage":{"@id":"https:\/\/padelzoco.es\/product\/camiseta-wilson-graphic-tee-hombre-gris\/#primaryimage"},"image":{"@id":"https:\/\/padelzoco.es\/product\/camiseta-wilson-graphic-tee-hombre-gris\/#primaryimage"},"thumbnailUrl":"https:\/\/padelzoco.es\/wp-content\/uploads\/2024\/05\/Wilson-Graphic-Tee-Mens-Padel-T-Shirt-Grey-Image-1.webp","datePublished":"2024-05-06T14:30:44+00:00","dateModified":"2026-03-19T11:23:32+00:00","description":"Camiseta Wilson Graphic Tee gris para hombre, ligera, transpirable y de secado r\u00e1pido, con propiedades antiolor y ajuste c\u00f3modo para m\u00e1ximo rendimiento y estilo.","breadcrumb":{"@id":"https:\/\/padelzoco.es\/product\/camiseta-wilson-graphic-tee-hombre-gris\/#breadcrumb"},"inLanguage":"en-GB","potentialAction":[{"@type":"ReadAction","target":["https:\/\/padelzoco.es\/product\/camiseta-wilson-graphic-tee-hombre-gris\/"]}]},{"@type":"ImageObject","inLanguage":"en-GB","@id":"https:\/\/padelzoco.es\/product\/camiseta-wilson-graphic-tee-hombre-gris\/#primaryimage","url":"https:\/\/padelzoco.es\/wp-content\/uploads\/2024\/05\/Wilson-Graphic-Tee-Mens-Padel-T-Shirt-Grey-Image-1.webp","contentUrl":"https:\/\/padelzoco.es\/wp-content\/uploads\/2024\/05\/Wilson-Graphic-Tee-Mens-Padel-T-Shirt-Grey-Image-1.webp","width":1400,"height":1400,"caption":"Wilson Graphic Tee Men's Padel T-Shirt - Grey Image 1"},{"@type":"BreadcrumbList","@id":"https:\/\/padelzoco.es\/product\/camiseta-wilson-graphic-tee-hombre-gris\/#breadcrumb","itemListElement":[{"@type":"ListItem","position":1,"name":"Home","item":"https:\/\/padelzoco.es\/"},{"@type":"ListItem","position":2,"name":"Padel Zoco","item":"https:\/\/padelzoco.es\/padel-zoco\/"},{"@type":"ListItem","position":3,"name":"Camiseta Wilson Graphic Tee Hombre Gris"}]},{"@type":"WebSite","@id":"https:\/\/padelzoco.es\/#website","url":"https:\/\/padelzoco.es\/","name":"Padel Zoco","description":"Padel Zoco | Spain","publisher":{"@id":"https:\/\/padelzoco.es\/#organization"},"potentialAction":[{"@type":"SearchAction","target":{"@type":"EntryPoint","urlTemplate":"https:\/\/padelzoco.es\/?s={search_term_string}"},"query-input":{"@type":"PropertyValueSpecification","valueRequired":true,"valueName":"search_term_string"}}],"inLanguage":"en-GB"},{"@type":"Organization","@id":"https:\/\/padelzoco.es\/#organization","name":"Padel Zoco","url":"https:\/\/padelzoco.es\/","logo":{"@type":"ImageObject","inLanguage":"en-GB","@id":"https:\/\/padelzoco.es\/#\/schema\/logo\/image\/","url":"https:\/\/padelzoco.es\/wp-content\/uploads\/2023\/11\/PadelZoco_Logo_black_white.webp","contentUrl":"https:\/\/padelzoco.es\/wp-content\/uploads\/2023\/11\/PadelZoco_Logo_black_white.webp","width":1500,"height":631,"caption":"Padel Zoco"},"image":{"@id":"https:\/\/padelzoco.es\/#\/schema\/logo\/image\/"}}]}},"_links":{"self":[{"href":"https:\/\/padelzoco.es\/en\/wp-json\/wp\/v2\/product\/10371","targetHints":{"allow":["GET"]}}],"collection":[{"href":"https:\/\/padelzoco.es\/en\/wp-json\/wp\/v2\/product"}],"about":[{"href":"https:\/\/padelzoco.es\/en\/wp-json\/wp\/v2\/types\/product"}],"version-history":[{"count":5,"href":"https:\/\/padelzoco.es\/en\/wp-json\/wp\/v2\/product\/10371\/revisions"}],"predecessor-version":[{"id":37788,"href":"https:\/\/padelzoco.es\/en\/wp-json\/wp\/v2\/product\/10371\/revisions\/37788"}],"wp:featuredmedia":[{"embeddable":true,"href":"https:\/\/padelzoco.es\/en\/wp-json\/wp\/v2\/media\/10378"}],"wp:attachment":[{"href":"https:\/\/padelzoco.es\/en\/wp-json\/wp\/v2\/media?parent=10371"}],"wp:term":[{"taxonomy":"product_brand","embeddable":true,"href":"https:\/\/padelzoco.es\/en\/wp-json\/wp\/v2\/product_brand?post=10371"},{"taxonomy":"product_cat","embeddable":true,"href":"https:\/\/padelzoco.es\/en\/wp-json\/wp\/v2\/product_cat?post=10371"},{"taxonomy":"product_tag","embeddable":true,"href":"https:\/\/padelzoco.es\/en\/wp-json\/wp\/v2\/product_tag?post=10371"}],"curies":[{"name":"wp","href":"https:\/\/api.w.org\/{rel}","templated":true}]}}