{"id":10436,"date":"2024-05-06T22:40:06","date_gmt":"2024-05-06T21:40:06","guid":{"rendered":"https:\/\/adc06f55e9.nxcli.io\/?post_type=product&#038;p=10436"},"modified":"2026-04-30T19:32:53","modified_gmt":"2026-04-30T18:32:53","slug":"pantalon-wilson-tournament-7inches-hombre-blanco","status":"publish","type":"product","link":"https:\/\/padelzoco.es\/en\/product\/pantalon-wilson-tournament-7inches-hombre-blanco\/","title":{"rendered":"Pantal\u00f3n Wilson Bela Tournament Hombre Blanco"},"content":{"rendered":"<p data-start=\"0\" data-end=\"435\">Los pantalones cortos Wilson Tournament est\u00e1n dise\u00f1ados para ofrecer la m\u00e1xima comodidad y frescura en los d\u00edas de calor. Su tejido ultraligero y el\u00e1stico, combinado con perforaciones estrat\u00e9gicas, mejora la ventilaci\u00f3n y permite un juego \u00e1gil sin restricciones. La cintura de punto con cord\u00f3n ajustable garantiza un ajuste seguro y c\u00f3modo, mientras que los bolsillos para pelota y almacenamiento aportan practicidad en cada partido.<\/p>\n<p data-start=\"459\" data-end=\"619\">\n<p data-start=\"621\" data-end=\"640\">\n<p data-start=\"642\" data-end=\"813\" data-is-last-node=\"\" data-is-only-node=\"\">","protected":false},"excerpt":{"rendered":"<div class=\"simple-accordion__item\">\n<div class=\"content rte active\">\n<div class=\"simple-accordion__item\">\n<div class=\"content rte active\">\n<div class=\"product-detail product-detail_overview\">\n<div class=\"product-detail product-detail_overview\">\n<p class=\"product-description_content\">A veces no se trata solo de enfrentarse al adversario, sino tambi\u00e9n al tiempo. El pantal\u00f3n corto Tournament es el pantal\u00f3n corto definitivo de Wilson para los d\u00edas calurosos. Ultraligero y transpirable, el tejido el\u00e1stico est\u00e1 perforado para facilitar la ventilaci\u00f3n. La cintura de punto tiene una textura similar a la malla y un cord\u00f3n de ajuste integrado, por lo que mantiene una fuerte sujeci\u00f3n sin sensaci\u00f3n de restricci\u00f3n.<\/p>\n<\/div>\n<ul class=\"product-highlights_list\">\n<li>Athletic Fit<\/li>\n<li>Storage pocket<\/li>\n<li>Ball pocket<\/li>\n<li>Adjustable waistband<\/li>\n<\/ul>\n<p>Features:\u00a0Stretch \u2013 Quick-Drying \u2013 Breathable \u2013 Moisture-Wicking.<\/p>\n<\/div>\n<\/div>\n<\/div>\n<\/div>\n<\/div>","protected":false},"featured_media":10443,"template":"","meta":[],"product_brand":[],"product_cat":[608,613,601,699,605],"product_tag":[],"class_list":{"0":"post-10436","1":"product","2":"type-product","3":"status-publish","4":"has-post-thumbnail","6":"product_cat-hombre-ropa","7":"product_cat-pantalones-ropa","8":"product_cat-ropa","9":"product_cat-wilson-padel","10":"product_cat-wilson-ropa","11":"pa_brand-wilson","12":"pa_color-blanco","13":"pa_gender-hombre","14":"pa_hs_code-87","15":"pa_size-l","16":"pa_size-m","17":"pa_size-s","18":"pa_size-xl","19":"pa_size-xxl","21":"first","22":"instock","23":"sale","24":"taxable","25":"shipping-taxable","26":"purchasable","27":"product-type-variable"},"yoast_head":"<!-- This site is optimized with the Yoast SEO plugin v27.5 - https:\/\/yoast.com\/product\/yoast-seo-wordpress\/ -->\n<title>Pantal\u00f3n Wilson Bela Tournament Hombre Blanco - Padel Zoco<\/title>\n<meta name=\"description\" content=\"Pantalones cortos Wilson Tournament para hombre, ultraligeros y transpirables, con ajuste ajustable y bolsillos, dise\u00f1ados para m\u00e1xima comodidad y ventilaci\u00f3n en la pista.\" \/>\n<meta name=\"robots\" content=\"index, follow, max-snippet:-1, max-image-preview:large, max-video-preview:-1\" \/>\n<link rel=\"canonical\" href=\"https:\/\/padelzoco.es\/en\/product\/pantalon-wilson-tournament-7inches-hombre-blanco\/\" \/>\n<meta property=\"og:locale\" content=\"en_GB\" \/>\n<meta property=\"og:type\" content=\"article\" \/>\n<meta property=\"og:title\" content=\"Pantal\u00f3n Wilson Bela Tournament Hombre Blanco - Padel Zoco\" \/>\n<meta property=\"og:description\" content=\"Pantalones cortos Wilson Tournament para hombre, ultraligeros y transpirables, con ajuste ajustable y bolsillos, dise\u00f1ados para m\u00e1xima comodidad y ventilaci\u00f3n en la pista.\" \/>\n<meta property=\"og:url\" content=\"https:\/\/padelzoco.es\/en\/product\/pantalon-wilson-tournament-7inches-hombre-blanco\/\" \/>\n<meta property=\"og:site_name\" content=\"Padel Zoco\" \/>\n<meta property=\"article:modified_time\" content=\"2026-04-30T18:32:53+00:00\" \/>\n<meta property=\"og:image\" content=\"https:\/\/padelzoco.es\/wp-content\/uploads\/2024\/05\/Wilson-TOURNAMENT-7in-Mens-Padel-Shorts-White-Image-1.webp\" \/>\n\t<meta property=\"og:image:width\" content=\"1400\" \/>\n\t<meta property=\"og:image:height\" content=\"1400\" \/>\n\t<meta property=\"og:image:type\" content=\"image\/webp\" \/>\n<meta name=\"twitter:card\" content=\"summary_large_image\" \/>\n<meta name=\"twitter:label1\" content=\"Estimated reading time\" \/>\n\t<meta name=\"twitter:data1\" content=\"1 minute\" \/>\n<script type=\"application\/ld+json\" class=\"yoast-schema-graph\">{\"@context\":\"https:\\\/\\\/schema.org\",\"@graph\":[{\"@type\":\"WebPage\",\"@id\":\"https:\\\/\\\/padelzoco.es\\\/product\\\/pantalon-wilson-tournament-7inches-hombre-blanco\\\/\",\"url\":\"https:\\\/\\\/padelzoco.es\\\/product\\\/pantalon-wilson-tournament-7inches-hombre-blanco\\\/\",\"name\":\"Pantal\u00f3n Wilson Bela Tournament Hombre Blanco - Padel Zoco\",\"isPartOf\":{\"@id\":\"https:\\\/\\\/padelzoco.es\\\/#website\"},\"primaryImageOfPage\":{\"@id\":\"https:\\\/\\\/padelzoco.es\\\/product\\\/pantalon-wilson-tournament-7inches-hombre-blanco\\\/#primaryimage\"},\"image\":{\"@id\":\"https:\\\/\\\/padelzoco.es\\\/product\\\/pantalon-wilson-tournament-7inches-hombre-blanco\\\/#primaryimage\"},\"thumbnailUrl\":\"https:\\\/\\\/padelzoco.es\\\/wp-content\\\/uploads\\\/2024\\\/05\\\/Wilson-TOURNAMENT-7in-Mens-Padel-Shorts-White-Image-1.webp\",\"datePublished\":\"2024-05-06T21:40:06+00:00\",\"dateModified\":\"2026-04-30T18:32:53+00:00\",\"description\":\"Pantalones cortos Wilson Tournament para hombre, ultraligeros y transpirables, con ajuste ajustable y bolsillos, dise\u00f1ados para m\u00e1xima comodidad y ventilaci\u00f3n en la pista.\",\"breadcrumb\":{\"@id\":\"https:\\\/\\\/padelzoco.es\\\/product\\\/pantalon-wilson-tournament-7inches-hombre-blanco\\\/#breadcrumb\"},\"inLanguage\":\"en-GB\",\"potentialAction\":[{\"@type\":\"ReadAction\",\"target\":[\"https:\\\/\\\/padelzoco.es\\\/product\\\/pantalon-wilson-tournament-7inches-hombre-blanco\\\/\"]}]},{\"@type\":\"ImageObject\",\"inLanguage\":\"en-GB\",\"@id\":\"https:\\\/\\\/padelzoco.es\\\/product\\\/pantalon-wilson-tournament-7inches-hombre-blanco\\\/#primaryimage\",\"url\":\"https:\\\/\\\/padelzoco.es\\\/wp-content\\\/uploads\\\/2024\\\/05\\\/Wilson-TOURNAMENT-7in-Mens-Padel-Shorts-White-Image-1.webp\",\"contentUrl\":\"https:\\\/\\\/padelzoco.es\\\/wp-content\\\/uploads\\\/2024\\\/05\\\/Wilson-TOURNAMENT-7in-Mens-Padel-Shorts-White-Image-1.webp\",\"width\":1400,\"height\":1400,\"caption\":\"Wilson TOURNAMENT 7in Men's Padel Shorts White Image 1\"},{\"@type\":\"BreadcrumbList\",\"@id\":\"https:\\\/\\\/padelzoco.es\\\/product\\\/pantalon-wilson-tournament-7inches-hombre-blanco\\\/#breadcrumb\",\"itemListElement\":[{\"@type\":\"ListItem\",\"position\":1,\"name\":\"Home\",\"item\":\"https:\\\/\\\/padelzoco.es\\\/\"},{\"@type\":\"ListItem\",\"position\":2,\"name\":\"Padel Zoco\",\"item\":\"https:\\\/\\\/padelzoco.es\\\/padel-zoco\\\/\"},{\"@type\":\"ListItem\",\"position\":3,\"name\":\"Pantal\u00f3n Wilson Bela Tournament Hombre Blanco\"}]},{\"@type\":\"WebSite\",\"@id\":\"https:\\\/\\\/padelzoco.es\\\/#website\",\"url\":\"https:\\\/\\\/padelzoco.es\\\/\",\"name\":\"Padel Zoco\",\"description\":\"Padel Zoco | Spain\",\"publisher\":{\"@id\":\"https:\\\/\\\/padelzoco.es\\\/#organization\"},\"potentialAction\":[{\"@type\":\"SearchAction\",\"target\":{\"@type\":\"EntryPoint\",\"urlTemplate\":\"https:\\\/\\\/padelzoco.es\\\/?s={search_term_string}\"},\"query-input\":{\"@type\":\"PropertyValueSpecification\",\"valueRequired\":true,\"valueName\":\"search_term_string\"}}],\"inLanguage\":\"en-GB\"},{\"@type\":\"Organization\",\"@id\":\"https:\\\/\\\/padelzoco.es\\\/#organization\",\"name\":\"Padel Zoco\",\"url\":\"https:\\\/\\\/padelzoco.es\\\/\",\"logo\":{\"@type\":\"ImageObject\",\"inLanguage\":\"en-GB\",\"@id\":\"https:\\\/\\\/padelzoco.es\\\/#\\\/schema\\\/logo\\\/image\\\/\",\"url\":\"https:\\\/\\\/padelzoco.es\\\/wp-content\\\/uploads\\\/2023\\\/11\\\/PadelZoco_Logo_black_white.webp\",\"contentUrl\":\"https:\\\/\\\/padelzoco.es\\\/wp-content\\\/uploads\\\/2023\\\/11\\\/PadelZoco_Logo_black_white.webp\",\"width\":1500,\"height\":631,\"caption\":\"Padel Zoco\"},\"image\":{\"@id\":\"https:\\\/\\\/padelzoco.es\\\/#\\\/schema\\\/logo\\\/image\\\/\"}}]}<\/script>\n<!-- \/ Yoast SEO plugin. -->","yoast_head_json":{"title":"Pantal\u00f3n Wilson Bela Tournament Hombre Blanco - Padel Zoco","description":"Pantalones cortos Wilson Tournament para hombre, ultraligeros y transpirables, con ajuste ajustable y bolsillos, dise\u00f1ados para m\u00e1xima comodidad y ventilaci\u00f3n en la pista.","robots":{"index":"index","follow":"follow","max-snippet":"max-snippet:-1","max-image-preview":"max-image-preview:large","max-video-preview":"max-video-preview:-1"},"canonical":"https:\/\/padelzoco.es\/en\/product\/pantalon-wilson-tournament-7inches-hombre-blanco\/","og_locale":"en_GB","og_type":"article","og_title":"Pantal\u00f3n Wilson Bela Tournament Hombre Blanco - Padel Zoco","og_description":"Pantalones cortos Wilson Tournament para hombre, ultraligeros y transpirables, con ajuste ajustable y bolsillos, dise\u00f1ados para m\u00e1xima comodidad y ventilaci\u00f3n en la pista.","og_url":"https:\/\/padelzoco.es\/en\/product\/pantalon-wilson-tournament-7inches-hombre-blanco\/","og_site_name":"Padel Zoco","article_modified_time":"2026-04-30T18:32:53+00:00","og_image":[{"width":1400,"height":1400,"url":"https:\/\/padelzoco.es\/wp-content\/uploads\/2024\/05\/Wilson-TOURNAMENT-7in-Mens-Padel-Shorts-White-Image-1.webp","type":"image\/webp"}],"twitter_card":"summary_large_image","twitter_misc":{"Estimated reading time":"1 minute"},"schema":{"@context":"https:\/\/schema.org","@graph":[{"@type":"WebPage","@id":"https:\/\/padelzoco.es\/product\/pantalon-wilson-tournament-7inches-hombre-blanco\/","url":"https:\/\/padelzoco.es\/product\/pantalon-wilson-tournament-7inches-hombre-blanco\/","name":"Pantal\u00f3n Wilson Bela Tournament Hombre Blanco - Padel Zoco","isPartOf":{"@id":"https:\/\/padelzoco.es\/#website"},"primaryImageOfPage":{"@id":"https:\/\/padelzoco.es\/product\/pantalon-wilson-tournament-7inches-hombre-blanco\/#primaryimage"},"image":{"@id":"https:\/\/padelzoco.es\/product\/pantalon-wilson-tournament-7inches-hombre-blanco\/#primaryimage"},"thumbnailUrl":"https:\/\/padelzoco.es\/wp-content\/uploads\/2024\/05\/Wilson-TOURNAMENT-7in-Mens-Padel-Shorts-White-Image-1.webp","datePublished":"2024-05-06T21:40:06+00:00","dateModified":"2026-04-30T18:32:53+00:00","description":"Pantalones cortos Wilson Tournament para hombre, ultraligeros y transpirables, con ajuste ajustable y bolsillos, dise\u00f1ados para m\u00e1xima comodidad y ventilaci\u00f3n en la pista.","breadcrumb":{"@id":"https:\/\/padelzoco.es\/product\/pantalon-wilson-tournament-7inches-hombre-blanco\/#breadcrumb"},"inLanguage":"en-GB","potentialAction":[{"@type":"ReadAction","target":["https:\/\/padelzoco.es\/product\/pantalon-wilson-tournament-7inches-hombre-blanco\/"]}]},{"@type":"ImageObject","inLanguage":"en-GB","@id":"https:\/\/padelzoco.es\/product\/pantalon-wilson-tournament-7inches-hombre-blanco\/#primaryimage","url":"https:\/\/padelzoco.es\/wp-content\/uploads\/2024\/05\/Wilson-TOURNAMENT-7in-Mens-Padel-Shorts-White-Image-1.webp","contentUrl":"https:\/\/padelzoco.es\/wp-content\/uploads\/2024\/05\/Wilson-TOURNAMENT-7in-Mens-Padel-Shorts-White-Image-1.webp","width":1400,"height":1400,"caption":"Wilson TOURNAMENT 7in Men's Padel Shorts White Image 1"},{"@type":"BreadcrumbList","@id":"https:\/\/padelzoco.es\/product\/pantalon-wilson-tournament-7inches-hombre-blanco\/#breadcrumb","itemListElement":[{"@type":"ListItem","position":1,"name":"Home","item":"https:\/\/padelzoco.es\/"},{"@type":"ListItem","position":2,"name":"Padel Zoco","item":"https:\/\/padelzoco.es\/padel-zoco\/"},{"@type":"ListItem","position":3,"name":"Pantal\u00f3n Wilson Bela Tournament Hombre Blanco"}]},{"@type":"WebSite","@id":"https:\/\/padelzoco.es\/#website","url":"https:\/\/padelzoco.es\/","name":"Padel Zoco","description":"Padel Zoco | Spain","publisher":{"@id":"https:\/\/padelzoco.es\/#organization"},"potentialAction":[{"@type":"SearchAction","target":{"@type":"EntryPoint","urlTemplate":"https:\/\/padelzoco.es\/?s={search_term_string}"},"query-input":{"@type":"PropertyValueSpecification","valueRequired":true,"valueName":"search_term_string"}}],"inLanguage":"en-GB"},{"@type":"Organization","@id":"https:\/\/padelzoco.es\/#organization","name":"Padel Zoco","url":"https:\/\/padelzoco.es\/","logo":{"@type":"ImageObject","inLanguage":"en-GB","@id":"https:\/\/padelzoco.es\/#\/schema\/logo\/image\/","url":"https:\/\/padelzoco.es\/wp-content\/uploads\/2023\/11\/PadelZoco_Logo_black_white.webp","contentUrl":"https:\/\/padelzoco.es\/wp-content\/uploads\/2023\/11\/PadelZoco_Logo_black_white.webp","width":1500,"height":631,"caption":"Padel Zoco"},"image":{"@id":"https:\/\/padelzoco.es\/#\/schema\/logo\/image\/"}}]}},"_links":{"self":[{"href":"https:\/\/padelzoco.es\/en\/wp-json\/wp\/v2\/product\/10436","targetHints":{"allow":["GET"]}}],"collection":[{"href":"https:\/\/padelzoco.es\/en\/wp-json\/wp\/v2\/product"}],"about":[{"href":"https:\/\/padelzoco.es\/en\/wp-json\/wp\/v2\/types\/product"}],"version-history":[{"count":5,"href":"https:\/\/padelzoco.es\/en\/wp-json\/wp\/v2\/product\/10436\/revisions"}],"predecessor-version":[{"id":37754,"href":"https:\/\/padelzoco.es\/en\/wp-json\/wp\/v2\/product\/10436\/revisions\/37754"}],"wp:featuredmedia":[{"embeddable":true,"href":"https:\/\/padelzoco.es\/en\/wp-json\/wp\/v2\/media\/10443"}],"wp:attachment":[{"href":"https:\/\/padelzoco.es\/en\/wp-json\/wp\/v2\/media?parent=10436"}],"wp:term":[{"taxonomy":"product_brand","embeddable":true,"href":"https:\/\/padelzoco.es\/en\/wp-json\/wp\/v2\/product_brand?post=10436"},{"taxonomy":"product_cat","embeddable":true,"href":"https:\/\/padelzoco.es\/en\/wp-json\/wp\/v2\/product_cat?post=10436"},{"taxonomy":"product_tag","embeddable":true,"href":"https:\/\/padelzoco.es\/en\/wp-json\/wp\/v2\/product_tag?post=10436"}],"curies":[{"name":"wp","href":"https:\/\/api.w.org\/{rel}","templated":true}]}}