{"id":10457,"date":"2024-05-06T23:03:26","date_gmt":"2024-05-06T22:03:26","guid":{"rendered":"https:\/\/adc06f55e9.nxcli.io\/?post_type=product&#038;p=10457"},"modified":"2026-02-02T16:57:35","modified_gmt":"2026-02-02T15:57:35","slug":"blister-wilson-pro-verde-3-overgrips","status":"publish","type":"product","link":"https:\/\/padelzoco.es\/en\/product\/blister-wilson-pro-verde-3-overgrips\/","title":{"rendered":"Blister Wilson Pro Verde 3 Overgrips"},"content":{"rendered":"<div id=\"-body-1\" class=\"accordion_body\" role=\"region\" aria-labelledby=\"-title-1\">\n<div class=\"accordion_content\">\n<div class=\"product-detail product-detail_overview\">\n<p><b>El agarre definitivo con la Pro Overgrip de Wilson<\/b><\/p>\n<p>Este sobregrip adherente pone al alcance de tu mano el control definitivo.<\/p>\n<p>Se trata uno de los mejores sobregrips sint\u00e9ticos del mercado y tambi\u00e9n de los m\u00e1s utilizados. Su estructura superficial adherente y h\u00fameda maximiza la sensaci\u00f3n de juego. Fija la raqueta a tu mano m\u00e1s que ninguna otra cinta y absorbe el sudor de forma eficiente. Un sobregrip en el que puedes confiar.<\/p>\n<p>\u00a1Hazte t\u00fa tambi\u00e9n con la m\u00e1xima sensaci\u00f3n de juego en llamativos colores!<\/p>\n<p><b>Puntos fuertes:<\/b><\/p>\n<ul>\n<li>Sobregrip sint\u00e9tico<\/li>\n<li>Superficie adherente y h\u00fameda para un agarre definitivo<\/li>\n<li>Control absoluto de agarre de la raqueta<\/li>\n<li>\u00d3ptima absorci\u00f3n del sudor<\/li>\n<li>1,2 m de largo, 2, 5 cm de ancho, 0,6 mm de grosor<\/li>\n<\/ul>\n<\/div>\n<\/div>\n<\/div>\n<p>&nbsp;<\/p>","protected":false},"excerpt":{"rendered":"<div id=\"-body-1\" class=\"accordion_body\" role=\"region\" aria-labelledby=\"-title-1\">\n<div class=\"accordion_content\">\n<div class=\"product-detail product-detail_overview\">\n<p><b>El agarre definitivo con la Pro Overgrip de Wilson<\/b><\/p>\n<p>Este sobregrip adherente pone al alcance de tu mano el control definitivo.<\/p>\n<p>Se trata uno de los mejores sobregrips sint\u00e9ticos del mercado y tambi\u00e9n de los m\u00e1s utilizados. Su estructura superficial adherente y h\u00fameda maximiza la sensaci\u00f3n de juego. Fija la raqueta a tu mano m\u00e1s que ninguna otra cinta y absorbe el sudor de forma eficiente. Un sobregrip en el que puedes confiar.<\/p>\n<p>\u00a1Hazte t\u00fa tambi\u00e9n con la m\u00e1xima sensaci\u00f3n de juego en llamativos colores!<\/p>\n<p><b>Puntos fuertes:<\/b><\/p>\n<ul>\n<li>Sobregrip sint\u00e9tico<\/li>\n<li>Superficie adherente y h\u00fameda para un agarre definitivo<\/li>\n<li>Control absoluto de agarre de la raqueta<\/li>\n<li>\u00d3ptima absorci\u00f3n del sudor<\/li>\n<li>1,2 m de largo, 2, 5 cm de ancho, 0,6 mm de grosor<\/li>\n<\/ul>\n<\/div>\n<\/div>\n<\/div>\n<p>&nbsp;<\/p>","protected":false},"featured_media":10458,"template":"","meta":[],"product_brand":[],"product_cat":[637,638,699],"product_tag":[],"class_list":{"0":"post-10457","1":"product","2":"type-product","3":"status-publish","4":"has-post-thumbnail","6":"product_cat-accesorios","7":"product_cat-grips-and-overgrips","8":"product_cat-wilson-padel","9":"pa_brand-wilson","10":"pa_color-green","11":"pa_hs_code-134","13":"first","14":"instock","15":"taxable","16":"shipping-taxable","17":"purchasable","18":"product-type-simple"},"yoast_head":"<!-- This site is optimized with the Yoast SEO plugin v27.3 - https:\/\/yoast.com\/product\/yoast-seo-wordpress\/ -->\n<title>Blister Wilson Pro Verde 3 Overgrips - Padel Zoco<\/title>\n<meta name=\"robots\" content=\"index, follow, max-snippet:-1, max-image-preview:large, max-video-preview:-1\" \/>\n<link rel=\"canonical\" href=\"https:\/\/padelzoco.es\/en\/product\/blister-wilson-pro-verde-3-overgrips\/\" \/>\n<meta property=\"og:locale\" content=\"en_GB\" \/>\n<meta property=\"og:type\" content=\"article\" \/>\n<meta property=\"og:title\" content=\"Blister Wilson Pro Verde 3 Overgrips - Padel Zoco\" \/>\n<meta property=\"og:description\" content=\"El agarre definitivo con la Pro Overgrip de Wilson  Este sobregrip adherente pone al alcance de tu mano el control definitivo.  Se trata uno de los mejores sobregrips sint\u00e9ticos del mercado y tambi\u00e9n de los m\u00e1s utilizados. Su estructura superficial adherente y h\u00fameda maximiza la sensaci\u00f3n de juego. Fija la raqueta a tu mano m\u00e1s que ninguna otra cinta y absorbe el sudor de forma eficiente. Un sobregrip en el que puedes confiar.  \u00a1Hazte t\u00fa tambi\u00e9n con la m\u00e1xima sensaci\u00f3n de juego en llamativos colores!  Puntos fuertes:   Sobregrip sint\u00e9tico  Superficie adherente y h\u00fameda para un agarre definitivo  Control absoluto de agarre de la raqueta  \u00d3ptima absorci\u00f3n del sudor  1,2 m de largo, 2, 5 cm de ancho, 0,6 mm de grosor     &nbsp;\" \/>\n<meta property=\"og:url\" content=\"https:\/\/padelzoco.es\/en\/product\/blister-wilson-pro-verde-3-overgrips\/\" \/>\n<meta property=\"og:site_name\" content=\"Padel Zoco\" \/>\n<meta property=\"article:modified_time\" content=\"2026-02-02T15:57:35+00:00\" \/>\n<meta property=\"og:image\" content=\"https:\/\/padelzoco.es\/wp-content\/uploads\/2024\/05\/Wilson-Padel-Pro-Overgrip-Pack-Of-3-Image-2.webp\" \/>\n\t<meta property=\"og:image:width\" content=\"1400\" \/>\n\t<meta property=\"og:image:height\" content=\"1400\" \/>\n\t<meta property=\"og:image:type\" content=\"image\/webp\" \/>\n<meta name=\"twitter:card\" content=\"summary_large_image\" \/>\n<meta name=\"twitter:label1\" content=\"Estimated reading time\" \/>\n\t<meta name=\"twitter:data1\" content=\"1 minute\" \/>\n<script type=\"application\/ld+json\" class=\"yoast-schema-graph\">{\"@context\":\"https:\\\/\\\/schema.org\",\"@graph\":[{\"@type\":\"WebPage\",\"@id\":\"https:\\\/\\\/padelzoco.es\\\/product\\\/blister-wilson-pro-verde-3-overgrips\\\/\",\"url\":\"https:\\\/\\\/padelzoco.es\\\/product\\\/blister-wilson-pro-verde-3-overgrips\\\/\",\"name\":\"Blister Wilson Pro Verde 3 Overgrips - Padel Zoco\",\"isPartOf\":{\"@id\":\"https:\\\/\\\/padelzoco.es\\\/#website\"},\"primaryImageOfPage\":{\"@id\":\"https:\\\/\\\/padelzoco.es\\\/product\\\/blister-wilson-pro-verde-3-overgrips\\\/#primaryimage\"},\"image\":{\"@id\":\"https:\\\/\\\/padelzoco.es\\\/product\\\/blister-wilson-pro-verde-3-overgrips\\\/#primaryimage\"},\"thumbnailUrl\":\"https:\\\/\\\/padelzoco.es\\\/wp-content\\\/uploads\\\/2024\\\/05\\\/Wilson-Padel-Pro-Overgrip-Pack-Of-3-Image-2.webp\",\"datePublished\":\"2024-05-06T22:03:26+00:00\",\"dateModified\":\"2026-02-02T15:57:35+00:00\",\"breadcrumb\":{\"@id\":\"https:\\\/\\\/padelzoco.es\\\/product\\\/blister-wilson-pro-verde-3-overgrips\\\/#breadcrumb\"},\"inLanguage\":\"en-GB\",\"potentialAction\":[{\"@type\":\"ReadAction\",\"target\":[\"https:\\\/\\\/padelzoco.es\\\/product\\\/blister-wilson-pro-verde-3-overgrips\\\/\"]}]},{\"@type\":\"ImageObject\",\"inLanguage\":\"en-GB\",\"@id\":\"https:\\\/\\\/padelzoco.es\\\/product\\\/blister-wilson-pro-verde-3-overgrips\\\/#primaryimage\",\"url\":\"https:\\\/\\\/padelzoco.es\\\/wp-content\\\/uploads\\\/2024\\\/05\\\/Wilson-Padel-Pro-Overgrip-Pack-Of-3-Image-2.webp\",\"contentUrl\":\"https:\\\/\\\/padelzoco.es\\\/wp-content\\\/uploads\\\/2024\\\/05\\\/Wilson-Padel-Pro-Overgrip-Pack-Of-3-Image-2.webp\",\"width\":1400,\"height\":1400,\"caption\":\"Wilson Padel Pro Overgrip Pack Of 3 Image 2\"},{\"@type\":\"BreadcrumbList\",\"@id\":\"https:\\\/\\\/padelzoco.es\\\/product\\\/blister-wilson-pro-verde-3-overgrips\\\/#breadcrumb\",\"itemListElement\":[{\"@type\":\"ListItem\",\"position\":1,\"name\":\"Home\",\"item\":\"https:\\\/\\\/padelzoco.es\\\/\"},{\"@type\":\"ListItem\",\"position\":2,\"name\":\"Padel Zoco\",\"item\":\"https:\\\/\\\/padelzoco.es\\\/padel-zoco\\\/\"},{\"@type\":\"ListItem\",\"position\":3,\"name\":\"Blister Wilson Pro Verde 3 Overgrips\"}]},{\"@type\":\"WebSite\",\"@id\":\"https:\\\/\\\/padelzoco.es\\\/#website\",\"url\":\"https:\\\/\\\/padelzoco.es\\\/\",\"name\":\"Padel Zoco\",\"description\":\"Padel Zoco | Spain\",\"publisher\":{\"@id\":\"https:\\\/\\\/padelzoco.es\\\/#organization\"},\"potentialAction\":[{\"@type\":\"SearchAction\",\"target\":{\"@type\":\"EntryPoint\",\"urlTemplate\":\"https:\\\/\\\/padelzoco.es\\\/?s={search_term_string}\"},\"query-input\":{\"@type\":\"PropertyValueSpecification\",\"valueRequired\":true,\"valueName\":\"search_term_string\"}}],\"inLanguage\":\"en-GB\"},{\"@type\":\"Organization\",\"@id\":\"https:\\\/\\\/padelzoco.es\\\/#organization\",\"name\":\"Padel Zoco\",\"url\":\"https:\\\/\\\/padelzoco.es\\\/\",\"logo\":{\"@type\":\"ImageObject\",\"inLanguage\":\"en-GB\",\"@id\":\"https:\\\/\\\/padelzoco.es\\\/#\\\/schema\\\/logo\\\/image\\\/\",\"url\":\"https:\\\/\\\/padelzoco.es\\\/wp-content\\\/uploads\\\/2023\\\/11\\\/PadelZoco_Logo_black_white.webp\",\"contentUrl\":\"https:\\\/\\\/padelzoco.es\\\/wp-content\\\/uploads\\\/2023\\\/11\\\/PadelZoco_Logo_black_white.webp\",\"width\":1500,\"height\":631,\"caption\":\"Padel Zoco\"},\"image\":{\"@id\":\"https:\\\/\\\/padelzoco.es\\\/#\\\/schema\\\/logo\\\/image\\\/\"}}]}<\/script>\n<!-- \/ Yoast SEO plugin. -->","yoast_head_json":{"title":"Blister Wilson Pro Verde 3 Overgrips - Padel Zoco","robots":{"index":"index","follow":"follow","max-snippet":"max-snippet:-1","max-image-preview":"max-image-preview:large","max-video-preview":"max-video-preview:-1"},"canonical":"https:\/\/padelzoco.es\/en\/product\/blister-wilson-pro-verde-3-overgrips\/","og_locale":"en_GB","og_type":"article","og_title":"Blister Wilson Pro Verde 3 Overgrips - Padel Zoco","og_description":"El agarre definitivo con la Pro Overgrip de Wilson  Este sobregrip adherente pone al alcance de tu mano el control definitivo.  Se trata uno de los mejores sobregrips sint\u00e9ticos del mercado y tambi\u00e9n de los m\u00e1s utilizados. Su estructura superficial adherente y h\u00fameda maximiza la sensaci\u00f3n de juego. Fija la raqueta a tu mano m\u00e1s que ninguna otra cinta y absorbe el sudor de forma eficiente. Un sobregrip en el que puedes confiar.  \u00a1Hazte t\u00fa tambi\u00e9n con la m\u00e1xima sensaci\u00f3n de juego en llamativos colores!  Puntos fuertes:   Sobregrip sint\u00e9tico  Superficie adherente y h\u00fameda para un agarre definitivo  Control absoluto de agarre de la raqueta  \u00d3ptima absorci\u00f3n del sudor  1,2 m de largo, 2, 5 cm de ancho, 0,6 mm de grosor     &nbsp;","og_url":"https:\/\/padelzoco.es\/en\/product\/blister-wilson-pro-verde-3-overgrips\/","og_site_name":"Padel Zoco","article_modified_time":"2026-02-02T15:57:35+00:00","og_image":[{"width":1400,"height":1400,"url":"https:\/\/padelzoco.es\/wp-content\/uploads\/2024\/05\/Wilson-Padel-Pro-Overgrip-Pack-Of-3-Image-2.webp","type":"image\/webp"}],"twitter_card":"summary_large_image","twitter_misc":{"Estimated reading time":"1 minute"},"schema":{"@context":"https:\/\/schema.org","@graph":[{"@type":"WebPage","@id":"https:\/\/padelzoco.es\/product\/blister-wilson-pro-verde-3-overgrips\/","url":"https:\/\/padelzoco.es\/product\/blister-wilson-pro-verde-3-overgrips\/","name":"Blister Wilson Pro Verde 3 Overgrips - Padel Zoco","isPartOf":{"@id":"https:\/\/padelzoco.es\/#website"},"primaryImageOfPage":{"@id":"https:\/\/padelzoco.es\/product\/blister-wilson-pro-verde-3-overgrips\/#primaryimage"},"image":{"@id":"https:\/\/padelzoco.es\/product\/blister-wilson-pro-verde-3-overgrips\/#primaryimage"},"thumbnailUrl":"https:\/\/padelzoco.es\/wp-content\/uploads\/2024\/05\/Wilson-Padel-Pro-Overgrip-Pack-Of-3-Image-2.webp","datePublished":"2024-05-06T22:03:26+00:00","dateModified":"2026-02-02T15:57:35+00:00","breadcrumb":{"@id":"https:\/\/padelzoco.es\/product\/blister-wilson-pro-verde-3-overgrips\/#breadcrumb"},"inLanguage":"en-GB","potentialAction":[{"@type":"ReadAction","target":["https:\/\/padelzoco.es\/product\/blister-wilson-pro-verde-3-overgrips\/"]}]},{"@type":"ImageObject","inLanguage":"en-GB","@id":"https:\/\/padelzoco.es\/product\/blister-wilson-pro-verde-3-overgrips\/#primaryimage","url":"https:\/\/padelzoco.es\/wp-content\/uploads\/2024\/05\/Wilson-Padel-Pro-Overgrip-Pack-Of-3-Image-2.webp","contentUrl":"https:\/\/padelzoco.es\/wp-content\/uploads\/2024\/05\/Wilson-Padel-Pro-Overgrip-Pack-Of-3-Image-2.webp","width":1400,"height":1400,"caption":"Wilson Padel Pro Overgrip Pack Of 3 Image 2"},{"@type":"BreadcrumbList","@id":"https:\/\/padelzoco.es\/product\/blister-wilson-pro-verde-3-overgrips\/#breadcrumb","itemListElement":[{"@type":"ListItem","position":1,"name":"Home","item":"https:\/\/padelzoco.es\/"},{"@type":"ListItem","position":2,"name":"Padel Zoco","item":"https:\/\/padelzoco.es\/padel-zoco\/"},{"@type":"ListItem","position":3,"name":"Blister Wilson Pro Verde 3 Overgrips"}]},{"@type":"WebSite","@id":"https:\/\/padelzoco.es\/#website","url":"https:\/\/padelzoco.es\/","name":"Padel Zoco","description":"Padel Zoco | Spain","publisher":{"@id":"https:\/\/padelzoco.es\/#organization"},"potentialAction":[{"@type":"SearchAction","target":{"@type":"EntryPoint","urlTemplate":"https:\/\/padelzoco.es\/?s={search_term_string}"},"query-input":{"@type":"PropertyValueSpecification","valueRequired":true,"valueName":"search_term_string"}}],"inLanguage":"en-GB"},{"@type":"Organization","@id":"https:\/\/padelzoco.es\/#organization","name":"Padel Zoco","url":"https:\/\/padelzoco.es\/","logo":{"@type":"ImageObject","inLanguage":"en-GB","@id":"https:\/\/padelzoco.es\/#\/schema\/logo\/image\/","url":"https:\/\/padelzoco.es\/wp-content\/uploads\/2023\/11\/PadelZoco_Logo_black_white.webp","contentUrl":"https:\/\/padelzoco.es\/wp-content\/uploads\/2023\/11\/PadelZoco_Logo_black_white.webp","width":1500,"height":631,"caption":"Padel Zoco"},"image":{"@id":"https:\/\/padelzoco.es\/#\/schema\/logo\/image\/"}}]}},"_links":{"self":[{"href":"https:\/\/padelzoco.es\/en\/wp-json\/wp\/v2\/product\/10457","targetHints":{"allow":["GET"]}}],"collection":[{"href":"https:\/\/padelzoco.es\/en\/wp-json\/wp\/v2\/product"}],"about":[{"href":"https:\/\/padelzoco.es\/en\/wp-json\/wp\/v2\/types\/product"}],"version-history":[{"count":1,"href":"https:\/\/padelzoco.es\/en\/wp-json\/wp\/v2\/product\/10457\/revisions"}],"predecessor-version":[{"id":27772,"href":"https:\/\/padelzoco.es\/en\/wp-json\/wp\/v2\/product\/10457\/revisions\/27772"}],"wp:featuredmedia":[{"embeddable":true,"href":"https:\/\/padelzoco.es\/en\/wp-json\/wp\/v2\/media\/10458"}],"wp:attachment":[{"href":"https:\/\/padelzoco.es\/en\/wp-json\/wp\/v2\/media?parent=10457"}],"wp:term":[{"taxonomy":"product_brand","embeddable":true,"href":"https:\/\/padelzoco.es\/en\/wp-json\/wp\/v2\/product_brand?post=10457"},{"taxonomy":"product_cat","embeddable":true,"href":"https:\/\/padelzoco.es\/en\/wp-json\/wp\/v2\/product_cat?post=10457"},{"taxonomy":"product_tag","embeddable":true,"href":"https:\/\/padelzoco.es\/en\/wp-json\/wp\/v2\/product_tag?post=10457"}],"curies":[{"name":"wp","href":"https:\/\/api.w.org\/{rel}","templated":true}]}}