{"id":10565,"date":"2024-05-10T21:01:33","date_gmt":"2024-05-10T20:01:33","guid":{"rendered":"https:\/\/adc06f55e9.nxcli.io\/?post_type=product&#038;p=10565"},"modified":"2026-04-30T19:32:52","modified_gmt":"2026-04-30T18:32:52","slug":"camiseta-nox-tirantes-team-fit-negra","status":"publish","type":"product","link":"https:\/\/padelzoco.es\/en\/product\/camiseta-nox-tirantes-team-fit-negra\/","title":{"rendered":"Camiseta Nox Tirantes Team Fit Negra"},"content":{"rendered":"<p data-start=\"0\" data-end=\"257\">La camiseta Nox Tirantes Team Fit Negra est\u00e1 dise\u00f1ada para jugadoras de p\u00e1del que buscan comodidad, frescura y un estilo favorecedor en la pista. Su corte entallado y tirantes permiten libertad de movimiento mientras mantiene un look elegante y deportivo.<\/p>\n<p data-start=\"259\" data-end=\"537\">Fabricada con el tejido ligero de Nox y tecnolog\u00eda \u00abBalance Fresh\u00bb, ofrece transpirabilidad y frescura en cada golpe, manteni\u00e9ndote c\u00f3moda incluso en partidos intensos. Su dise\u00f1o en negro con detalles en rojo la convierte en un b\u00e1sico imprescindible dentro de tu equipamiento.<\/p>\n<p data-start=\"713\" data-end=\"732\">\n<p data-start=\"734\" data-end=\"890\" data-is-last-node=\"\" data-is-only-node=\"\">","protected":false},"excerpt":{"rendered":"<p><span style=\"vertical-align: inherit;\">Camiseta de tirantes t\u00e9cnica de p\u00e1del NOX mujer<\/span><span style=\"vertical-align: inherit;\"> con tirantes y corte entallado.<\/span><\/p>\n<p><span style=\"vertical-align: inherit;\">En color negro con detalle en rojo Nox.<\/span><\/p>\n<p><span style=\"vertical-align: inherit;\">Su favorecedor dise\u00f1o hace de la camiseta Nox TEAM un\u00a0 <\/span><span style=\"vertical-align: inherit;\">b\u00e1sico c\u00f3modo y elegante.<\/span><\/p>\n<p><span style=\"vertical-align: inherit;\">Cuenta con\u00a0 <\/span><span style=\"vertical-align: inherit;\">el tejido ligero\u00a0<\/span><span style=\"vertical-align: inherit;\"> de Nox con\u00a0 <\/span><span style=\"vertical-align: inherit;\">tecnolog\u00eda \u00abBalance Fresh\u00bb<\/span><span style=\"vertical-align: inherit;\"> \u00a0para m\u00e1xima comodidad durante el juego. Adem\u00e1s cuenta con un nuevo tejido que aporta mayor\u00a0 <\/span><span style=\"vertical-align: inherit;\">transpirabilidad y frescura en cada movimiento.<\/span><\/p>\n<p><span style=\"vertical-align: inherit;\">Composici\u00f3n<\/span><span style=\"vertical-align: inherit;\"> : 80% Poli\u00e9ster &#8211; 20% Elastano<\/span><\/p>","protected":false},"featured_media":10574,"template":"","meta":[],"product_brand":[],"product_cat":[609,697,603,601,695],"product_tag":[],"class_list":{"0":"post-10565","1":"product","2":"type-product","3":"status-publish","4":"has-post-thumbnail","6":"product_cat-mujer-ropa","7":"product_cat-nox-padel","8":"product_cat-nox-ropa","9":"product_cat-ropa","10":"product_cat-topas","11":"pa_brand-nox","12":"pa_color-negro","13":"pa_gender-mujer","14":"pa_hs_code-724","15":"pa_size-l","16":"pa_size-m","17":"pa_size-s","18":"pa_size-xl","19":"pa_size-xs","21":"first","22":"instock","23":"sale","24":"taxable","25":"shipping-taxable","26":"purchasable","27":"product-type-variable"},"yoast_head":"<!-- This site is optimized with the Yoast SEO plugin v27.5 - https:\/\/yoast.com\/product\/yoast-seo-wordpress\/ -->\n<title>Camiseta Nox Tirantes Team Fit Negra - Padel Zoco<\/title>\n<meta name=\"description\" content=\"Camiseta de tirantes Nox Team Fit negra para mujer, transpirable y ligera, con tecnolog\u00eda Balance Fresh para m\u00e1xima comodidad durante tus partidos de p\u00e1del.\" \/>\n<meta name=\"robots\" content=\"index, follow, max-snippet:-1, max-image-preview:large, max-video-preview:-1\" \/>\n<link rel=\"canonical\" href=\"https:\/\/padelzoco.es\/en\/product\/camiseta-nox-tirantes-team-fit-negra\/\" \/>\n<meta property=\"og:locale\" content=\"en_GB\" \/>\n<meta property=\"og:type\" content=\"article\" \/>\n<meta property=\"og:title\" content=\"Camiseta Nox Tirantes Team Fit Negra - Padel Zoco\" \/>\n<meta property=\"og:description\" content=\"Camiseta de tirantes Nox Team Fit negra para mujer, transpirable y ligera, con tecnolog\u00eda Balance Fresh para m\u00e1xima comodidad durante tus partidos de p\u00e1del.\" \/>\n<meta property=\"og:url\" content=\"https:\/\/padelzoco.es\/en\/product\/camiseta-nox-tirantes-team-fit-negra\/\" \/>\n<meta property=\"og:site_name\" content=\"Padel Zoco\" \/>\n<meta property=\"article:modified_time\" content=\"2026-04-30T18:32:52+00:00\" \/>\n<meta property=\"og:image\" content=\"https:\/\/padelzoco.es\/wp-content\/uploads\/2024\/05\/NOX-Womens-Padel-TANK-TOP-Black-Image-4.webp\" \/>\n\t<meta property=\"og:image:width\" content=\"1400\" \/>\n\t<meta property=\"og:image:height\" content=\"1400\" \/>\n\t<meta property=\"og:image:type\" content=\"image\/webp\" \/>\n<meta name=\"twitter:card\" content=\"summary_large_image\" \/>\n<meta name=\"twitter:label1\" content=\"Estimated reading time\" \/>\n\t<meta name=\"twitter:data1\" content=\"1 minute\" \/>\n<script type=\"application\/ld+json\" class=\"yoast-schema-graph\">{\"@context\":\"https:\\\/\\\/schema.org\",\"@graph\":[{\"@type\":\"WebPage\",\"@id\":\"https:\\\/\\\/padelzoco.es\\\/product\\\/camiseta-nox-tirantes-team-fit-negra\\\/\",\"url\":\"https:\\\/\\\/padelzoco.es\\\/product\\\/camiseta-nox-tirantes-team-fit-negra\\\/\",\"name\":\"Camiseta Nox Tirantes Team Fit Negra - Padel Zoco\",\"isPartOf\":{\"@id\":\"https:\\\/\\\/padelzoco.es\\\/#website\"},\"primaryImageOfPage\":{\"@id\":\"https:\\\/\\\/padelzoco.es\\\/product\\\/camiseta-nox-tirantes-team-fit-negra\\\/#primaryimage\"},\"image\":{\"@id\":\"https:\\\/\\\/padelzoco.es\\\/product\\\/camiseta-nox-tirantes-team-fit-negra\\\/#primaryimage\"},\"thumbnailUrl\":\"https:\\\/\\\/padelzoco.es\\\/wp-content\\\/uploads\\\/2024\\\/05\\\/NOX-Womens-Padel-TANK-TOP-Black-Image-4.webp\",\"datePublished\":\"2024-05-10T20:01:33+00:00\",\"dateModified\":\"2026-04-30T18:32:52+00:00\",\"description\":\"Camiseta de tirantes Nox Team Fit negra para mujer, transpirable y ligera, con tecnolog\u00eda Balance Fresh para m\u00e1xima comodidad durante tus partidos de p\u00e1del.\",\"breadcrumb\":{\"@id\":\"https:\\\/\\\/padelzoco.es\\\/product\\\/camiseta-nox-tirantes-team-fit-negra\\\/#breadcrumb\"},\"inLanguage\":\"en-GB\",\"potentialAction\":[{\"@type\":\"ReadAction\",\"target\":[\"https:\\\/\\\/padelzoco.es\\\/product\\\/camiseta-nox-tirantes-team-fit-negra\\\/\"]}]},{\"@type\":\"ImageObject\",\"inLanguage\":\"en-GB\",\"@id\":\"https:\\\/\\\/padelzoco.es\\\/product\\\/camiseta-nox-tirantes-team-fit-negra\\\/#primaryimage\",\"url\":\"https:\\\/\\\/padelzoco.es\\\/wp-content\\\/uploads\\\/2024\\\/05\\\/NOX-Womens-Padel-TANK-TOP-Black-Image-4.webp\",\"contentUrl\":\"https:\\\/\\\/padelzoco.es\\\/wp-content\\\/uploads\\\/2024\\\/05\\\/NOX-Womens-Padel-TANK-TOP-Black-Image-4.webp\",\"width\":1400,\"height\":1400,\"caption\":\"NOX Women's Padel TANK TOP Black Image 4\"},{\"@type\":\"BreadcrumbList\",\"@id\":\"https:\\\/\\\/padelzoco.es\\\/product\\\/camiseta-nox-tirantes-team-fit-negra\\\/#breadcrumb\",\"itemListElement\":[{\"@type\":\"ListItem\",\"position\":1,\"name\":\"Home\",\"item\":\"https:\\\/\\\/padelzoco.es\\\/\"},{\"@type\":\"ListItem\",\"position\":2,\"name\":\"Padel Zoco\",\"item\":\"https:\\\/\\\/padelzoco.es\\\/padel-zoco\\\/\"},{\"@type\":\"ListItem\",\"position\":3,\"name\":\"Camiseta Nox Tirantes Team Fit Negra\"}]},{\"@type\":\"WebSite\",\"@id\":\"https:\\\/\\\/padelzoco.es\\\/#website\",\"url\":\"https:\\\/\\\/padelzoco.es\\\/\",\"name\":\"Padel Zoco\",\"description\":\"Padel Zoco | Spain\",\"publisher\":{\"@id\":\"https:\\\/\\\/padelzoco.es\\\/#organization\"},\"potentialAction\":[{\"@type\":\"SearchAction\",\"target\":{\"@type\":\"EntryPoint\",\"urlTemplate\":\"https:\\\/\\\/padelzoco.es\\\/?s={search_term_string}\"},\"query-input\":{\"@type\":\"PropertyValueSpecification\",\"valueRequired\":true,\"valueName\":\"search_term_string\"}}],\"inLanguage\":\"en-GB\"},{\"@type\":\"Organization\",\"@id\":\"https:\\\/\\\/padelzoco.es\\\/#organization\",\"name\":\"Padel Zoco\",\"url\":\"https:\\\/\\\/padelzoco.es\\\/\",\"logo\":{\"@type\":\"ImageObject\",\"inLanguage\":\"en-GB\",\"@id\":\"https:\\\/\\\/padelzoco.es\\\/#\\\/schema\\\/logo\\\/image\\\/\",\"url\":\"https:\\\/\\\/padelzoco.es\\\/wp-content\\\/uploads\\\/2023\\\/11\\\/PadelZoco_Logo_black_white.webp\",\"contentUrl\":\"https:\\\/\\\/padelzoco.es\\\/wp-content\\\/uploads\\\/2023\\\/11\\\/PadelZoco_Logo_black_white.webp\",\"width\":1500,\"height\":631,\"caption\":\"Padel Zoco\"},\"image\":{\"@id\":\"https:\\\/\\\/padelzoco.es\\\/#\\\/schema\\\/logo\\\/image\\\/\"}}]}<\/script>\n<!-- \/ Yoast SEO plugin. -->","yoast_head_json":{"title":"Camiseta Nox Tirantes Team Fit Negra - Padel Zoco","description":"Camiseta de tirantes Nox Team Fit negra para mujer, transpirable y ligera, con tecnolog\u00eda Balance Fresh para m\u00e1xima comodidad durante tus partidos de p\u00e1del.","robots":{"index":"index","follow":"follow","max-snippet":"max-snippet:-1","max-image-preview":"max-image-preview:large","max-video-preview":"max-video-preview:-1"},"canonical":"https:\/\/padelzoco.es\/en\/product\/camiseta-nox-tirantes-team-fit-negra\/","og_locale":"en_GB","og_type":"article","og_title":"Camiseta Nox Tirantes Team Fit Negra - Padel Zoco","og_description":"Camiseta de tirantes Nox Team Fit negra para mujer, transpirable y ligera, con tecnolog\u00eda Balance Fresh para m\u00e1xima comodidad durante tus partidos de p\u00e1del.","og_url":"https:\/\/padelzoco.es\/en\/product\/camiseta-nox-tirantes-team-fit-negra\/","og_site_name":"Padel Zoco","article_modified_time":"2026-04-30T18:32:52+00:00","og_image":[{"width":1400,"height":1400,"url":"https:\/\/padelzoco.es\/wp-content\/uploads\/2024\/05\/NOX-Womens-Padel-TANK-TOP-Black-Image-4.webp","type":"image\/webp"}],"twitter_card":"summary_large_image","twitter_misc":{"Estimated reading time":"1 minute"},"schema":{"@context":"https:\/\/schema.org","@graph":[{"@type":"WebPage","@id":"https:\/\/padelzoco.es\/product\/camiseta-nox-tirantes-team-fit-negra\/","url":"https:\/\/padelzoco.es\/product\/camiseta-nox-tirantes-team-fit-negra\/","name":"Camiseta Nox Tirantes Team Fit Negra - Padel Zoco","isPartOf":{"@id":"https:\/\/padelzoco.es\/#website"},"primaryImageOfPage":{"@id":"https:\/\/padelzoco.es\/product\/camiseta-nox-tirantes-team-fit-negra\/#primaryimage"},"image":{"@id":"https:\/\/padelzoco.es\/product\/camiseta-nox-tirantes-team-fit-negra\/#primaryimage"},"thumbnailUrl":"https:\/\/padelzoco.es\/wp-content\/uploads\/2024\/05\/NOX-Womens-Padel-TANK-TOP-Black-Image-4.webp","datePublished":"2024-05-10T20:01:33+00:00","dateModified":"2026-04-30T18:32:52+00:00","description":"Camiseta de tirantes Nox Team Fit negra para mujer, transpirable y ligera, con tecnolog\u00eda Balance Fresh para m\u00e1xima comodidad durante tus partidos de p\u00e1del.","breadcrumb":{"@id":"https:\/\/padelzoco.es\/product\/camiseta-nox-tirantes-team-fit-negra\/#breadcrumb"},"inLanguage":"en-GB","potentialAction":[{"@type":"ReadAction","target":["https:\/\/padelzoco.es\/product\/camiseta-nox-tirantes-team-fit-negra\/"]}]},{"@type":"ImageObject","inLanguage":"en-GB","@id":"https:\/\/padelzoco.es\/product\/camiseta-nox-tirantes-team-fit-negra\/#primaryimage","url":"https:\/\/padelzoco.es\/wp-content\/uploads\/2024\/05\/NOX-Womens-Padel-TANK-TOP-Black-Image-4.webp","contentUrl":"https:\/\/padelzoco.es\/wp-content\/uploads\/2024\/05\/NOX-Womens-Padel-TANK-TOP-Black-Image-4.webp","width":1400,"height":1400,"caption":"NOX Women's Padel TANK TOP Black Image 4"},{"@type":"BreadcrumbList","@id":"https:\/\/padelzoco.es\/product\/camiseta-nox-tirantes-team-fit-negra\/#breadcrumb","itemListElement":[{"@type":"ListItem","position":1,"name":"Home","item":"https:\/\/padelzoco.es\/"},{"@type":"ListItem","position":2,"name":"Padel Zoco","item":"https:\/\/padelzoco.es\/padel-zoco\/"},{"@type":"ListItem","position":3,"name":"Camiseta Nox Tirantes Team Fit Negra"}]},{"@type":"WebSite","@id":"https:\/\/padelzoco.es\/#website","url":"https:\/\/padelzoco.es\/","name":"Padel Zoco","description":"Padel Zoco | Spain","publisher":{"@id":"https:\/\/padelzoco.es\/#organization"},"potentialAction":[{"@type":"SearchAction","target":{"@type":"EntryPoint","urlTemplate":"https:\/\/padelzoco.es\/?s={search_term_string}"},"query-input":{"@type":"PropertyValueSpecification","valueRequired":true,"valueName":"search_term_string"}}],"inLanguage":"en-GB"},{"@type":"Organization","@id":"https:\/\/padelzoco.es\/#organization","name":"Padel Zoco","url":"https:\/\/padelzoco.es\/","logo":{"@type":"ImageObject","inLanguage":"en-GB","@id":"https:\/\/padelzoco.es\/#\/schema\/logo\/image\/","url":"https:\/\/padelzoco.es\/wp-content\/uploads\/2023\/11\/PadelZoco_Logo_black_white.webp","contentUrl":"https:\/\/padelzoco.es\/wp-content\/uploads\/2023\/11\/PadelZoco_Logo_black_white.webp","width":1500,"height":631,"caption":"Padel Zoco"},"image":{"@id":"https:\/\/padelzoco.es\/#\/schema\/logo\/image\/"}}]}},"_links":{"self":[{"href":"https:\/\/padelzoco.es\/en\/wp-json\/wp\/v2\/product\/10565","targetHints":{"allow":["GET"]}}],"collection":[{"href":"https:\/\/padelzoco.es\/en\/wp-json\/wp\/v2\/product"}],"about":[{"href":"https:\/\/padelzoco.es\/en\/wp-json\/wp\/v2\/types\/product"}],"version-history":[{"count":5,"href":"https:\/\/padelzoco.es\/en\/wp-json\/wp\/v2\/product\/10565\/revisions"}],"predecessor-version":[{"id":37749,"href":"https:\/\/padelzoco.es\/en\/wp-json\/wp\/v2\/product\/10565\/revisions\/37749"}],"wp:featuredmedia":[{"embeddable":true,"href":"https:\/\/padelzoco.es\/en\/wp-json\/wp\/v2\/media\/10574"}],"wp:attachment":[{"href":"https:\/\/padelzoco.es\/en\/wp-json\/wp\/v2\/media?parent=10565"}],"wp:term":[{"taxonomy":"product_brand","embeddable":true,"href":"https:\/\/padelzoco.es\/en\/wp-json\/wp\/v2\/product_brand?post=10565"},{"taxonomy":"product_cat","embeddable":true,"href":"https:\/\/padelzoco.es\/en\/wp-json\/wp\/v2\/product_cat?post=10565"},{"taxonomy":"product_tag","embeddable":true,"href":"https:\/\/padelzoco.es\/en\/wp-json\/wp\/v2\/product_tag?post=10565"}],"curies":[{"name":"wp","href":"https:\/\/api.w.org\/{rel}","templated":true}]}}