{"id":10607,"date":"2024-05-15T21:46:30","date_gmt":"2024-05-15T20:46:30","guid":{"rendered":"https:\/\/adc06f55e9.nxcli.io\/?post_type=product&#038;p=10607"},"modified":"2026-04-30T19:32:51","modified_gmt":"2026-04-30T18:32:51","slug":"zapatillas-wilson-kaos-swift-1-5-clay-white-red","status":"publish","type":"product","link":"https:\/\/padelzoco.es\/en\/product\/zapatillas-wilson-kaos-swift-1-5-clay-white-red\/","title":{"rendered":"WILSON Kaos Swift 1.5 Clay Padel Shoes White Red"},"content":{"rendered":"","protected":false},"excerpt":{"rendered":"<p><strong>Comfortable, fast, Kaos Swift<\/strong><\/p>\n<p>Speed \u200b\u200bon the court is about much more than sprinting in a straight line. With the Wilson Kaos Swift 1.5 Clay tennis shoes, you'll be quick in every direction, whether you're moving laterally or sprinting back to set up a smash. Since lateral movement is paramount in tennis, this shoe sits on a Kaos chassis that provides flexibility and support for lateral sprints. We've improved ventilation to keep you cool and comfortable on the move. We've also added a wider toe box so you're ready for intense sprints right from the start. With these comfortable and fast tennis shoes, reaching for another ball is now much easier.<\/p>\n<p><strong>Highlights of the Wilson Padel Shoes Kaos Swift 1.5<\/strong><\/p>\n<ul>\n<li>Updated Traditional Fit: The optimal blend of support, stability, durability, and cushioning with every step<\/li>\n<li>Kaos Chassis: Supports the natural foot movement of fast players with flexible arch support and stable lateral support<\/li>\n<li>Composition: Enhanced speed and comfort on the court with lightweight materials, breathable mesh, and an internal shoe construction<\/li>\n<li>Ideal for which surface: Sand<\/li>\n<\/ul>","protected":false},"featured_media":10615,"template":"","meta":[],"product_brand":[],"product_cat":[599,754,699,596,592,758],"product_tag":[],"class_list":{"0":"post-10607","1":"product","2":"type-product","3":"status-publish","4":"has-post-thumbnail","6":"product_cat-hombre-zapatillas","7":"product_cat-rebajas","8":"product_cat-wilson-padel","9":"product_cat-wilson-zapatillas","10":"product_cat-zapatillas","11":"product_cat-zapatillas-ofertas","12":"pa_brand-wilson","13":"pa_color-blanco","14":"pa_gender-hombre","15":"pa_hs_code-87","16":"pa_shoes-size-40-2-3","17":"pa_shoes-size-41-1-3","18":"pa_shoes-size-89","19":"pa_shoes-size-42-2-3","20":"pa_shoes-size-43-1-3","21":"pa_shoes-size-82","22":"pa_shoes-size-44-2-3","23":"pa_shoes-size-45-1-3","24":"pa_shoes-size-85","25":"pa_shoes-size-46-2-3","26":"pa_shoes-size-47-1-3","27":"pa_shoes-size-678","28":"pa_shoes-size-49-1-3","30":"first","31":"outofstock","32":"taxable","33":"shipping-taxable","34":"product-type-variable"},"yoast_head":"<!-- This site is optimized with the Yoast SEO plugin v27.5 - https:\/\/yoast.com\/product\/yoast-seo-wordpress\/ -->\n<title>Zapatillas Wilson Kaos Swift 1.5 Clay White Red - Padel Zoco<\/title>\n<meta name=\"robots\" content=\"index, follow, max-snippet:-1, max-image-preview:large, max-video-preview:-1\" \/>\n<link rel=\"canonical\" href=\"https:\/\/padelzoco.es\/en\/product\/zapatillas-wilson-kaos-swift-1-5-clay-white-red\/\" \/>\n<meta property=\"og:locale\" content=\"en_GB\" \/>\n<meta property=\"og:type\" content=\"article\" \/>\n<meta property=\"og:title\" content=\"Zapatillas Wilson Kaos Swift 1.5 Clay White Red - Padel Zoco\" \/>\n<meta property=\"og:description\" content=\"C\u00f3modo, r\u00e1pido, Kaos Swift  La rapidez en la pista es mucho m\u00e1s que esprintar r\u00e1pido en l\u00ednea recta. Con las zapatillas de tenis Kaos Swift 1.5 Clay de Wilson, ser\u00e1s r\u00e1pido en todas las direcciones, tanto si te mueves lateralmente como si corres hacia atr\u00e1s para preparar un smash. Dado que el movimiento lateral es primordial en el tenis, esta zapatilla se asienta sobre un chasis Kaos que te proporciona flexibilidad y sujeci\u00f3n para los sprints laterales. Hemos mejorado la ventilaci\u00f3n para mantenerte fresco y c\u00f3modo en movimiento. Tambi\u00e9n hemos a\u00f1adido una puntera m\u00e1s ancha para que est\u00e9s preparado para sprints intensos desde el principio. Con estas zapatillas de tenis c\u00f3modas y r\u00e1pidas, ahora es mucho m\u00e1s f\u00e1cil alcanzar otra pelota.  Los aspectos m\u00e1s destacados de las Wilson Kaos Swift 1.5   Ajuste tradicional actualizado: La mezcla \u00f3ptima de sujeci\u00f3n, estabilidad, durabilidad y amortiguaci\u00f3n a cada paso  Kaos Chassis: Apoya el movimiento natural del pie de los jugadores r\u00e1pidos con soporte flexible del arco y soporte lateral estable  Composici\u00f3n: M\u00e1s velocidad y comodidad en la pista con materiales ligeros, malla transpirable y una construcci\u00f3n interior de la zapatilla  Ideal para qu\u00e9 superficie: arena\" \/>\n<meta property=\"og:url\" content=\"https:\/\/padelzoco.es\/en\/product\/zapatillas-wilson-kaos-swift-1-5-clay-white-red\/\" \/>\n<meta property=\"og:site_name\" content=\"Padel Zoco\" \/>\n<meta property=\"article:modified_time\" content=\"2026-04-30T18:32:51+00:00\" \/>\n<meta property=\"og:image\" content=\"https:\/\/padelzoco.es\/wp-content\/uploads\/2024\/05\/WILSON-KAOS-SWIFT-1.5-Mens-Padel-Shoes-Mens-Tannis-Shoes-Image-1.webp\" \/>\n\t<meta property=\"og:image:width\" content=\"1400\" \/>\n\t<meta property=\"og:image:height\" content=\"1400\" \/>\n\t<meta property=\"og:image:type\" content=\"image\/webp\" \/>\n<meta name=\"twitter:card\" content=\"summary_large_image\" \/>\n<meta name=\"twitter:label1\" content=\"Estimated reading time\" \/>\n\t<meta name=\"twitter:data1\" content=\"1 minute\" \/>\n<script type=\"application\/ld+json\" class=\"yoast-schema-graph\">{\"@context\":\"https:\\\/\\\/schema.org\",\"@graph\":[{\"@type\":\"WebPage\",\"@id\":\"https:\\\/\\\/padelzoco.es\\\/product\\\/zapatillas-wilson-kaos-swift-1-5-clay-white-red\\\/\",\"url\":\"https:\\\/\\\/padelzoco.es\\\/product\\\/zapatillas-wilson-kaos-swift-1-5-clay-white-red\\\/\",\"name\":\"Zapatillas Wilson Kaos Swift 1.5 Clay White Red - Padel Zoco\",\"isPartOf\":{\"@id\":\"https:\\\/\\\/padelzoco.es\\\/#website\"},\"primaryImageOfPage\":{\"@id\":\"https:\\\/\\\/padelzoco.es\\\/product\\\/zapatillas-wilson-kaos-swift-1-5-clay-white-red\\\/#primaryimage\"},\"image\":{\"@id\":\"https:\\\/\\\/padelzoco.es\\\/product\\\/zapatillas-wilson-kaos-swift-1-5-clay-white-red\\\/#primaryimage\"},\"thumbnailUrl\":\"https:\\\/\\\/padelzoco.es\\\/wp-content\\\/uploads\\\/2024\\\/05\\\/WILSON-KAOS-SWIFT-1.5-Mens-Padel-Shoes-Mens-Tannis-Shoes-Image-1.webp\",\"datePublished\":\"2024-05-15T20:46:30+00:00\",\"dateModified\":\"2026-04-30T18:32:51+00:00\",\"breadcrumb\":{\"@id\":\"https:\\\/\\\/padelzoco.es\\\/product\\\/zapatillas-wilson-kaos-swift-1-5-clay-white-red\\\/#breadcrumb\"},\"inLanguage\":\"en-GB\",\"potentialAction\":[{\"@type\":\"ReadAction\",\"target\":[\"https:\\\/\\\/padelzoco.es\\\/product\\\/zapatillas-wilson-kaos-swift-1-5-clay-white-red\\\/\"]}]},{\"@type\":\"ImageObject\",\"inLanguage\":\"en-GB\",\"@id\":\"https:\\\/\\\/padelzoco.es\\\/product\\\/zapatillas-wilson-kaos-swift-1-5-clay-white-red\\\/#primaryimage\",\"url\":\"https:\\\/\\\/padelzoco.es\\\/wp-content\\\/uploads\\\/2024\\\/05\\\/WILSON-KAOS-SWIFT-1.5-Mens-Padel-Shoes-Mens-Tannis-Shoes-Image-1.webp\",\"contentUrl\":\"https:\\\/\\\/padelzoco.es\\\/wp-content\\\/uploads\\\/2024\\\/05\\\/WILSON-KAOS-SWIFT-1.5-Mens-Padel-Shoes-Mens-Tannis-Shoes-Image-1.webp\",\"width\":1400,\"height\":1400,\"caption\":\"WILSON KAOS SWIFT 1.5 Men's Padel Shoes, Men's Tannis Shoes Image 1\"},{\"@type\":\"BreadcrumbList\",\"@id\":\"https:\\\/\\\/padelzoco.es\\\/product\\\/zapatillas-wilson-kaos-swift-1-5-clay-white-red\\\/#breadcrumb\",\"itemListElement\":[{\"@type\":\"ListItem\",\"position\":1,\"name\":\"Home\",\"item\":\"https:\\\/\\\/padelzoco.es\\\/\"},{\"@type\":\"ListItem\",\"position\":2,\"name\":\"Padel Zoco\",\"item\":\"https:\\\/\\\/padelzoco.es\\\/padel-zoco\\\/\"},{\"@type\":\"ListItem\",\"position\":3,\"name\":\"Zapatillas Wilson Kaos Swift 1.5 Clay White Red\"}]},{\"@type\":\"WebSite\",\"@id\":\"https:\\\/\\\/padelzoco.es\\\/#website\",\"url\":\"https:\\\/\\\/padelzoco.es\\\/\",\"name\":\"Padel Zoco\",\"description\":\"Padel Zoco | Spain\",\"publisher\":{\"@id\":\"https:\\\/\\\/padelzoco.es\\\/#organization\"},\"potentialAction\":[{\"@type\":\"SearchAction\",\"target\":{\"@type\":\"EntryPoint\",\"urlTemplate\":\"https:\\\/\\\/padelzoco.es\\\/?s={search_term_string}\"},\"query-input\":{\"@type\":\"PropertyValueSpecification\",\"valueRequired\":true,\"valueName\":\"search_term_string\"}}],\"inLanguage\":\"en-GB\"},{\"@type\":\"Organization\",\"@id\":\"https:\\\/\\\/padelzoco.es\\\/#organization\",\"name\":\"Padel Zoco\",\"url\":\"https:\\\/\\\/padelzoco.es\\\/\",\"logo\":{\"@type\":\"ImageObject\",\"inLanguage\":\"en-GB\",\"@id\":\"https:\\\/\\\/padelzoco.es\\\/#\\\/schema\\\/logo\\\/image\\\/\",\"url\":\"https:\\\/\\\/padelzoco.es\\\/wp-content\\\/uploads\\\/2023\\\/11\\\/PadelZoco_Logo_black_white.webp\",\"contentUrl\":\"https:\\\/\\\/padelzoco.es\\\/wp-content\\\/uploads\\\/2023\\\/11\\\/PadelZoco_Logo_black_white.webp\",\"width\":1500,\"height\":631,\"caption\":\"Padel Zoco\"},\"image\":{\"@id\":\"https:\\\/\\\/padelzoco.es\\\/#\\\/schema\\\/logo\\\/image\\\/\"}}]}<\/script>\n<!-- \/ Yoast SEO plugin. -->","yoast_head_json":{"title":"Zapatillas Wilson Kaos Swift 1.5 Clay White Red - Padel Zoco","robots":{"index":"index","follow":"follow","max-snippet":"max-snippet:-1","max-image-preview":"max-image-preview:large","max-video-preview":"max-video-preview:-1"},"canonical":"https:\/\/padelzoco.es\/en\/product\/zapatillas-wilson-kaos-swift-1-5-clay-white-red\/","og_locale":"en_GB","og_type":"article","og_title":"Zapatillas Wilson Kaos Swift 1.5 Clay White Red - Padel Zoco","og_description":"C\u00f3modo, r\u00e1pido, Kaos Swift  La rapidez en la pista es mucho m\u00e1s que esprintar r\u00e1pido en l\u00ednea recta. Con las zapatillas de tenis Kaos Swift 1.5 Clay de Wilson, ser\u00e1s r\u00e1pido en todas las direcciones, tanto si te mueves lateralmente como si corres hacia atr\u00e1s para preparar un smash. Dado que el movimiento lateral es primordial en el tenis, esta zapatilla se asienta sobre un chasis Kaos que te proporciona flexibilidad y sujeci\u00f3n para los sprints laterales. Hemos mejorado la ventilaci\u00f3n para mantenerte fresco y c\u00f3modo en movimiento. Tambi\u00e9n hemos a\u00f1adido una puntera m\u00e1s ancha para que est\u00e9s preparado para sprints intensos desde el principio. Con estas zapatillas de tenis c\u00f3modas y r\u00e1pidas, ahora es mucho m\u00e1s f\u00e1cil alcanzar otra pelota.  Los aspectos m\u00e1s destacados de las Wilson Kaos Swift 1.5   Ajuste tradicional actualizado: La mezcla \u00f3ptima de sujeci\u00f3n, estabilidad, durabilidad y amortiguaci\u00f3n a cada paso  Kaos Chassis: Apoya el movimiento natural del pie de los jugadores r\u00e1pidos con soporte flexible del arco y soporte lateral estable  Composici\u00f3n: M\u00e1s velocidad y comodidad en la pista con materiales ligeros, malla transpirable y una construcci\u00f3n interior de la zapatilla  Ideal para qu\u00e9 superficie: arena","og_url":"https:\/\/padelzoco.es\/en\/product\/zapatillas-wilson-kaos-swift-1-5-clay-white-red\/","og_site_name":"Padel Zoco","article_modified_time":"2026-04-30T18:32:51+00:00","og_image":[{"width":1400,"height":1400,"url":"https:\/\/padelzoco.es\/wp-content\/uploads\/2024\/05\/WILSON-KAOS-SWIFT-1.5-Mens-Padel-Shoes-Mens-Tannis-Shoes-Image-1.webp","type":"image\/webp"}],"twitter_card":"summary_large_image","twitter_misc":{"Estimated reading time":"1 minute"},"schema":{"@context":"https:\/\/schema.org","@graph":[{"@type":"WebPage","@id":"https:\/\/padelzoco.es\/product\/zapatillas-wilson-kaos-swift-1-5-clay-white-red\/","url":"https:\/\/padelzoco.es\/product\/zapatillas-wilson-kaos-swift-1-5-clay-white-red\/","name":"Zapatillas Wilson Kaos Swift 1.5 Clay White Red - Padel Zoco","isPartOf":{"@id":"https:\/\/padelzoco.es\/#website"},"primaryImageOfPage":{"@id":"https:\/\/padelzoco.es\/product\/zapatillas-wilson-kaos-swift-1-5-clay-white-red\/#primaryimage"},"image":{"@id":"https:\/\/padelzoco.es\/product\/zapatillas-wilson-kaos-swift-1-5-clay-white-red\/#primaryimage"},"thumbnailUrl":"https:\/\/padelzoco.es\/wp-content\/uploads\/2024\/05\/WILSON-KAOS-SWIFT-1.5-Mens-Padel-Shoes-Mens-Tannis-Shoes-Image-1.webp","datePublished":"2024-05-15T20:46:30+00:00","dateModified":"2026-04-30T18:32:51+00:00","breadcrumb":{"@id":"https:\/\/padelzoco.es\/product\/zapatillas-wilson-kaos-swift-1-5-clay-white-red\/#breadcrumb"},"inLanguage":"en-GB","potentialAction":[{"@type":"ReadAction","target":["https:\/\/padelzoco.es\/product\/zapatillas-wilson-kaos-swift-1-5-clay-white-red\/"]}]},{"@type":"ImageObject","inLanguage":"en-GB","@id":"https:\/\/padelzoco.es\/product\/zapatillas-wilson-kaos-swift-1-5-clay-white-red\/#primaryimage","url":"https:\/\/padelzoco.es\/wp-content\/uploads\/2024\/05\/WILSON-KAOS-SWIFT-1.5-Mens-Padel-Shoes-Mens-Tannis-Shoes-Image-1.webp","contentUrl":"https:\/\/padelzoco.es\/wp-content\/uploads\/2024\/05\/WILSON-KAOS-SWIFT-1.5-Mens-Padel-Shoes-Mens-Tannis-Shoes-Image-1.webp","width":1400,"height":1400,"caption":"WILSON KAOS SWIFT 1.5 Men's Padel Shoes, Men's Tannis Shoes Image 1"},{"@type":"BreadcrumbList","@id":"https:\/\/padelzoco.es\/product\/zapatillas-wilson-kaos-swift-1-5-clay-white-red\/#breadcrumb","itemListElement":[{"@type":"ListItem","position":1,"name":"Home","item":"https:\/\/padelzoco.es\/"},{"@type":"ListItem","position":2,"name":"Padel Zoco","item":"https:\/\/padelzoco.es\/padel-zoco\/"},{"@type":"ListItem","position":3,"name":"Zapatillas Wilson Kaos Swift 1.5 Clay White Red"}]},{"@type":"WebSite","@id":"https:\/\/padelzoco.es\/#website","url":"https:\/\/padelzoco.es\/","name":"Padel Zoco","description":"Padel Zoco | Spain","publisher":{"@id":"https:\/\/padelzoco.es\/#organization"},"potentialAction":[{"@type":"SearchAction","target":{"@type":"EntryPoint","urlTemplate":"https:\/\/padelzoco.es\/?s={search_term_string}"},"query-input":{"@type":"PropertyValueSpecification","valueRequired":true,"valueName":"search_term_string"}}],"inLanguage":"en-GB"},{"@type":"Organization","@id":"https:\/\/padelzoco.es\/#organization","name":"Padel Zoco","url":"https:\/\/padelzoco.es\/","logo":{"@type":"ImageObject","inLanguage":"en-GB","@id":"https:\/\/padelzoco.es\/#\/schema\/logo\/image\/","url":"https:\/\/padelzoco.es\/wp-content\/uploads\/2023\/11\/PadelZoco_Logo_black_white.webp","contentUrl":"https:\/\/padelzoco.es\/wp-content\/uploads\/2023\/11\/PadelZoco_Logo_black_white.webp","width":1500,"height":631,"caption":"Padel Zoco"},"image":{"@id":"https:\/\/padelzoco.es\/#\/schema\/logo\/image\/"}}]}},"_links":{"self":[{"href":"https:\/\/padelzoco.es\/en\/wp-json\/wp\/v2\/product\/10607","targetHints":{"allow":["GET"]}}],"collection":[{"href":"https:\/\/padelzoco.es\/en\/wp-json\/wp\/v2\/product"}],"about":[{"href":"https:\/\/padelzoco.es\/en\/wp-json\/wp\/v2\/types\/product"}],"version-history":[{"count":5,"href":"https:\/\/padelzoco.es\/en\/wp-json\/wp\/v2\/product\/10607\/revisions"}],"predecessor-version":[{"id":35478,"href":"https:\/\/padelzoco.es\/en\/wp-json\/wp\/v2\/product\/10607\/revisions\/35478"}],"wp:featuredmedia":[{"embeddable":true,"href":"https:\/\/padelzoco.es\/en\/wp-json\/wp\/v2\/media\/10615"}],"wp:attachment":[{"href":"https:\/\/padelzoco.es\/en\/wp-json\/wp\/v2\/media?parent=10607"}],"wp:term":[{"taxonomy":"product_brand","embeddable":true,"href":"https:\/\/padelzoco.es\/en\/wp-json\/wp\/v2\/product_brand?post=10607"},{"taxonomy":"product_cat","embeddable":true,"href":"https:\/\/padelzoco.es\/en\/wp-json\/wp\/v2\/product_cat?post=10607"},{"taxonomy":"product_tag","embeddable":true,"href":"https:\/\/padelzoco.es\/en\/wp-json\/wp\/v2\/product_tag?post=10607"}],"curies":[{"name":"wp","href":"https:\/\/api.w.org\/{rel}","templated":true}]}}