{"id":10754,"date":"2024-05-22T15:02:06","date_gmt":"2024-05-22T14:02:06","guid":{"rendered":"https:\/\/adc06f55e9.nxcli.io\/?post_type=product&#038;p=10754"},"modified":"2026-04-09T17:34:28","modified_gmt":"2026-04-09T16:34:28","slug":"bote-3-pelotas-wilson-premier-padel","status":"publish","type":"product","link":"https:\/\/padelzoco.es\/en\/product\/bote-3-pelotas-wilson-premier-padel\/","title":{"rendered":"Bote 3 Pelotas Wilson Premier Padel"},"content":{"rendered":"<p data-start=\"0\" data-end=\"387\">El bote de 3 pelotas de <span class=\"hover:entity-accent entity-underline inline cursor-pointer align-baseline\"><span class=\"whitespace-normal\">Wilson<\/span><\/span> est\u00e1 dise\u00f1ado para jugadores que buscan acelerar el ritmo del juego, especialmente en superficies de pista lentas, altitudes bajas y condiciones clim\u00e1ticas fr\u00edas. Estas pelotas ofrecen una respuesta m\u00e1s r\u00e1pida, permitiendo intercambios m\u00e1s din\u00e1micos y un juego m\u00e1s agresivo desde el primer punto.<\/p>\n<p data-start=\"389\" data-end=\"741\">Fabricadas con el innovador fieltro Dura-Weave, envuelven firmemente el n\u00facleo para mejorar la velocidad y mantener un rendimiento consistente incluso en condiciones m\u00e1s exigentes. Como pelota oficial de Premier Padel, combinan jugabilidad, durabilidad y fiabilidad, convirti\u00e9ndose en una opci\u00f3n ideal tanto para entrenamientos como para competici\u00f3n.<\/p>","protected":false},"excerpt":{"rendered":"<div id=\"-body-1\" class=\"accordion_body\" role=\"region\" aria-labelledby=\"-title-1\">\n<div class=\"accordion_content\">\n<div class=\"product-detail product-detail_overview\">\n<div id=\"-body-1\" class=\"accordion_body\" role=\"region\" aria-labelledby=\"-title-1\">\n<div class=\"accordion_content\">\n<div class=\"product-detail product-detail_overview\">\n<p class=\"product-description_content\">Dise\u00f1adas para ralentizar el juego, este bote de 3 pelotas de Wilson resulta ideal para superficies m\u00e1s r\u00e1pidas, altitudes m\u00e1s elevadas o condiciones de calor y humedad. Cada pelota est\u00e1 fabricada con el nuevo fieltro Dura-Weave con coloraci\u00f3n HiVis para facilitar el seguimiento. La pelota oficial de Premier Padel combina jugabilidad y consistencia. Ser\u00e1 tu arma secreta para alargar los rallies y controlar el ritmo del partido.<\/p>\n<\/div>\n<\/div>\n<\/div>\n<p>&nbsp;<\/p>\n<\/div>\n<\/div>\n<\/div>","protected":false},"featured_media":10758,"template":"","meta":[],"product_brand":[],"product_cat":[618,699,622],"product_tag":[],"class_list":{"0":"post-10754","1":"product","2":"type-product","3":"status-publish","4":"has-post-thumbnail","6":"product_cat-pelotas","7":"product_cat-wilson-padel","8":"product_cat-wilson-pelotas","9":"pa_brand-wilson","10":"pa_hs_code-87","12":"first","13":"instock","14":"sale","15":"taxable","16":"shipping-taxable","17":"purchasable","18":"product-type-simple"},"yoast_head":"<!-- This site is optimized with the Yoast SEO plugin v27.3 - https:\/\/yoast.com\/product\/yoast-seo-wordpress\/ -->\n<title>Bote 3 Pelotas Wilson Premier Padel - Padel Zoco<\/title>\n<meta name=\"description\" content=\"Bote de 3 pelotas Wilson con fieltro Dura-Weave, ideal para pistas lentas y clima fr\u00edo, ofreciendo mayor velocidad y consistencia en el juego\" \/>\n<meta name=\"robots\" content=\"index, follow, max-snippet:-1, max-image-preview:large, max-video-preview:-1\" \/>\n<link rel=\"canonical\" href=\"https:\/\/padelzoco.es\/en\/product\/bote-3-pelotas-wilson-premier-padel\/\" \/>\n<meta property=\"og:locale\" content=\"en_GB\" \/>\n<meta property=\"og:type\" content=\"article\" \/>\n<meta property=\"og:title\" content=\"Bote 3 Pelotas Wilson Premier Padel - Padel Zoco\" \/>\n<meta property=\"og:description\" content=\"Bote de 3 pelotas Wilson con fieltro Dura-Weave, ideal para pistas lentas y clima fr\u00edo, ofreciendo mayor velocidad y consistencia en el juego\" \/>\n<meta property=\"og:url\" content=\"https:\/\/padelzoco.es\/en\/product\/bote-3-pelotas-wilson-premier-padel\/\" \/>\n<meta property=\"og:site_name\" content=\"Padel Zoco\" \/>\n<meta property=\"article:modified_time\" content=\"2026-04-09T16:34:28+00:00\" \/>\n<meta property=\"og:image\" content=\"https:\/\/padelzoco.es\/wp-content\/uploads\/2024\/05\/Wilson-Premier-Padel-Balls-can-of-3-Image-1.webp\" \/>\n\t<meta property=\"og:image:width\" content=\"1400\" \/>\n\t<meta property=\"og:image:height\" content=\"1400\" \/>\n\t<meta property=\"og:image:type\" content=\"image\/webp\" \/>\n<meta name=\"twitter:card\" content=\"summary_large_image\" \/>\n<meta name=\"twitter:label1\" content=\"Estimated reading time\" \/>\n\t<meta name=\"twitter:data1\" content=\"1 minute\" \/>\n<script type=\"application\/ld+json\" class=\"yoast-schema-graph\">{\"@context\":\"https:\\\/\\\/schema.org\",\"@graph\":[{\"@type\":\"WebPage\",\"@id\":\"https:\\\/\\\/padelzoco.es\\\/product\\\/bote-3-pelotas-wilson-premier-padel\\\/\",\"url\":\"https:\\\/\\\/padelzoco.es\\\/product\\\/bote-3-pelotas-wilson-premier-padel\\\/\",\"name\":\"Bote 3 Pelotas Wilson Premier Padel - Padel Zoco\",\"isPartOf\":{\"@id\":\"https:\\\/\\\/padelzoco.es\\\/#website\"},\"primaryImageOfPage\":{\"@id\":\"https:\\\/\\\/padelzoco.es\\\/product\\\/bote-3-pelotas-wilson-premier-padel\\\/#primaryimage\"},\"image\":{\"@id\":\"https:\\\/\\\/padelzoco.es\\\/product\\\/bote-3-pelotas-wilson-premier-padel\\\/#primaryimage\"},\"thumbnailUrl\":\"https:\\\/\\\/padelzoco.es\\\/wp-content\\\/uploads\\\/2024\\\/05\\\/Wilson-Premier-Padel-Balls-can-of-3-Image-1.webp\",\"datePublished\":\"2024-05-22T14:02:06+00:00\",\"dateModified\":\"2026-04-09T16:34:28+00:00\",\"description\":\"Bote de 3 pelotas Wilson con fieltro Dura-Weave, ideal para pistas lentas y clima fr\u00edo, ofreciendo mayor velocidad y consistencia en el juego\",\"breadcrumb\":{\"@id\":\"https:\\\/\\\/padelzoco.es\\\/product\\\/bote-3-pelotas-wilson-premier-padel\\\/#breadcrumb\"},\"inLanguage\":\"en-GB\",\"potentialAction\":[{\"@type\":\"ReadAction\",\"target\":[\"https:\\\/\\\/padelzoco.es\\\/product\\\/bote-3-pelotas-wilson-premier-padel\\\/\"]}]},{\"@type\":\"ImageObject\",\"inLanguage\":\"en-GB\",\"@id\":\"https:\\\/\\\/padelzoco.es\\\/product\\\/bote-3-pelotas-wilson-premier-padel\\\/#primaryimage\",\"url\":\"https:\\\/\\\/padelzoco.es\\\/wp-content\\\/uploads\\\/2024\\\/05\\\/Wilson-Premier-Padel-Balls-can-of-3-Image-1.webp\",\"contentUrl\":\"https:\\\/\\\/padelzoco.es\\\/wp-content\\\/uploads\\\/2024\\\/05\\\/Wilson-Premier-Padel-Balls-can-of-3-Image-1.webp\",\"width\":1400,\"height\":1400,\"caption\":\"Wilson Premier Padel Balls can of 3 Image 1\"},{\"@type\":\"BreadcrumbList\",\"@id\":\"https:\\\/\\\/padelzoco.es\\\/product\\\/bote-3-pelotas-wilson-premier-padel\\\/#breadcrumb\",\"itemListElement\":[{\"@type\":\"ListItem\",\"position\":1,\"name\":\"Home\",\"item\":\"https:\\\/\\\/padelzoco.es\\\/\"},{\"@type\":\"ListItem\",\"position\":2,\"name\":\"Padel Zoco\",\"item\":\"https:\\\/\\\/padelzoco.es\\\/padel-zoco\\\/\"},{\"@type\":\"ListItem\",\"position\":3,\"name\":\"Bote 3 Pelotas Wilson Premier Padel\"}]},{\"@type\":\"WebSite\",\"@id\":\"https:\\\/\\\/padelzoco.es\\\/#website\",\"url\":\"https:\\\/\\\/padelzoco.es\\\/\",\"name\":\"Padel Zoco\",\"description\":\"Padel Zoco | Spain\",\"publisher\":{\"@id\":\"https:\\\/\\\/padelzoco.es\\\/#organization\"},\"potentialAction\":[{\"@type\":\"SearchAction\",\"target\":{\"@type\":\"EntryPoint\",\"urlTemplate\":\"https:\\\/\\\/padelzoco.es\\\/?s={search_term_string}\"},\"query-input\":{\"@type\":\"PropertyValueSpecification\",\"valueRequired\":true,\"valueName\":\"search_term_string\"}}],\"inLanguage\":\"en-GB\"},{\"@type\":\"Organization\",\"@id\":\"https:\\\/\\\/padelzoco.es\\\/#organization\",\"name\":\"Padel Zoco\",\"url\":\"https:\\\/\\\/padelzoco.es\\\/\",\"logo\":{\"@type\":\"ImageObject\",\"inLanguage\":\"en-GB\",\"@id\":\"https:\\\/\\\/padelzoco.es\\\/#\\\/schema\\\/logo\\\/image\\\/\",\"url\":\"https:\\\/\\\/padelzoco.es\\\/wp-content\\\/uploads\\\/2023\\\/11\\\/PadelZoco_Logo_black_white.webp\",\"contentUrl\":\"https:\\\/\\\/padelzoco.es\\\/wp-content\\\/uploads\\\/2023\\\/11\\\/PadelZoco_Logo_black_white.webp\",\"width\":1500,\"height\":631,\"caption\":\"Padel Zoco\"},\"image\":{\"@id\":\"https:\\\/\\\/padelzoco.es\\\/#\\\/schema\\\/logo\\\/image\\\/\"}}]}<\/script>\n<!-- \/ Yoast SEO plugin. -->","yoast_head_json":{"title":"Bote 3 Pelotas Wilson Premier Padel - Padel Zoco","description":"Bote de 3 pelotas Wilson con fieltro Dura-Weave, ideal para pistas lentas y clima fr\u00edo, ofreciendo mayor velocidad y consistencia en el juego","robots":{"index":"index","follow":"follow","max-snippet":"max-snippet:-1","max-image-preview":"max-image-preview:large","max-video-preview":"max-video-preview:-1"},"canonical":"https:\/\/padelzoco.es\/en\/product\/bote-3-pelotas-wilson-premier-padel\/","og_locale":"en_GB","og_type":"article","og_title":"Bote 3 Pelotas Wilson Premier Padel - Padel Zoco","og_description":"Bote de 3 pelotas Wilson con fieltro Dura-Weave, ideal para pistas lentas y clima fr\u00edo, ofreciendo mayor velocidad y consistencia en el juego","og_url":"https:\/\/padelzoco.es\/en\/product\/bote-3-pelotas-wilson-premier-padel\/","og_site_name":"Padel Zoco","article_modified_time":"2026-04-09T16:34:28+00:00","og_image":[{"width":1400,"height":1400,"url":"https:\/\/padelzoco.es\/wp-content\/uploads\/2024\/05\/Wilson-Premier-Padel-Balls-can-of-3-Image-1.webp","type":"image\/webp"}],"twitter_card":"summary_large_image","twitter_misc":{"Estimated reading time":"1 minute"},"schema":{"@context":"https:\/\/schema.org","@graph":[{"@type":"WebPage","@id":"https:\/\/padelzoco.es\/product\/bote-3-pelotas-wilson-premier-padel\/","url":"https:\/\/padelzoco.es\/product\/bote-3-pelotas-wilson-premier-padel\/","name":"Bote 3 Pelotas Wilson Premier Padel - Padel Zoco","isPartOf":{"@id":"https:\/\/padelzoco.es\/#website"},"primaryImageOfPage":{"@id":"https:\/\/padelzoco.es\/product\/bote-3-pelotas-wilson-premier-padel\/#primaryimage"},"image":{"@id":"https:\/\/padelzoco.es\/product\/bote-3-pelotas-wilson-premier-padel\/#primaryimage"},"thumbnailUrl":"https:\/\/padelzoco.es\/wp-content\/uploads\/2024\/05\/Wilson-Premier-Padel-Balls-can-of-3-Image-1.webp","datePublished":"2024-05-22T14:02:06+00:00","dateModified":"2026-04-09T16:34:28+00:00","description":"Bote de 3 pelotas Wilson con fieltro Dura-Weave, ideal para pistas lentas y clima fr\u00edo, ofreciendo mayor velocidad y consistencia en el juego","breadcrumb":{"@id":"https:\/\/padelzoco.es\/product\/bote-3-pelotas-wilson-premier-padel\/#breadcrumb"},"inLanguage":"en-GB","potentialAction":[{"@type":"ReadAction","target":["https:\/\/padelzoco.es\/product\/bote-3-pelotas-wilson-premier-padel\/"]}]},{"@type":"ImageObject","inLanguage":"en-GB","@id":"https:\/\/padelzoco.es\/product\/bote-3-pelotas-wilson-premier-padel\/#primaryimage","url":"https:\/\/padelzoco.es\/wp-content\/uploads\/2024\/05\/Wilson-Premier-Padel-Balls-can-of-3-Image-1.webp","contentUrl":"https:\/\/padelzoco.es\/wp-content\/uploads\/2024\/05\/Wilson-Premier-Padel-Balls-can-of-3-Image-1.webp","width":1400,"height":1400,"caption":"Wilson Premier Padel Balls can of 3 Image 1"},{"@type":"BreadcrumbList","@id":"https:\/\/padelzoco.es\/product\/bote-3-pelotas-wilson-premier-padel\/#breadcrumb","itemListElement":[{"@type":"ListItem","position":1,"name":"Home","item":"https:\/\/padelzoco.es\/"},{"@type":"ListItem","position":2,"name":"Padel Zoco","item":"https:\/\/padelzoco.es\/padel-zoco\/"},{"@type":"ListItem","position":3,"name":"Bote 3 Pelotas Wilson Premier Padel"}]},{"@type":"WebSite","@id":"https:\/\/padelzoco.es\/#website","url":"https:\/\/padelzoco.es\/","name":"Padel Zoco","description":"Padel Zoco | Spain","publisher":{"@id":"https:\/\/padelzoco.es\/#organization"},"potentialAction":[{"@type":"SearchAction","target":{"@type":"EntryPoint","urlTemplate":"https:\/\/padelzoco.es\/?s={search_term_string}"},"query-input":{"@type":"PropertyValueSpecification","valueRequired":true,"valueName":"search_term_string"}}],"inLanguage":"en-GB"},{"@type":"Organization","@id":"https:\/\/padelzoco.es\/#organization","name":"Padel Zoco","url":"https:\/\/padelzoco.es\/","logo":{"@type":"ImageObject","inLanguage":"en-GB","@id":"https:\/\/padelzoco.es\/#\/schema\/logo\/image\/","url":"https:\/\/padelzoco.es\/wp-content\/uploads\/2023\/11\/PadelZoco_Logo_black_white.webp","contentUrl":"https:\/\/padelzoco.es\/wp-content\/uploads\/2023\/11\/PadelZoco_Logo_black_white.webp","width":1500,"height":631,"caption":"Padel Zoco"},"image":{"@id":"https:\/\/padelzoco.es\/#\/schema\/logo\/image\/"}}]}},"_links":{"self":[{"href":"https:\/\/padelzoco.es\/en\/wp-json\/wp\/v2\/product\/10754","targetHints":{"allow":["GET"]}}],"collection":[{"href":"https:\/\/padelzoco.es\/en\/wp-json\/wp\/v2\/product"}],"about":[{"href":"https:\/\/padelzoco.es\/en\/wp-json\/wp\/v2\/types\/product"}],"version-history":[{"count":3,"href":"https:\/\/padelzoco.es\/en\/wp-json\/wp\/v2\/product\/10754\/revisions"}],"predecessor-version":[{"id":37814,"href":"https:\/\/padelzoco.es\/en\/wp-json\/wp\/v2\/product\/10754\/revisions\/37814"}],"wp:featuredmedia":[{"embeddable":true,"href":"https:\/\/padelzoco.es\/en\/wp-json\/wp\/v2\/media\/10758"}],"wp:attachment":[{"href":"https:\/\/padelzoco.es\/en\/wp-json\/wp\/v2\/media?parent=10754"}],"wp:term":[{"taxonomy":"product_brand","embeddable":true,"href":"https:\/\/padelzoco.es\/en\/wp-json\/wp\/v2\/product_brand?post=10754"},{"taxonomy":"product_cat","embeddable":true,"href":"https:\/\/padelzoco.es\/en\/wp-json\/wp\/v2\/product_cat?post=10754"},{"taxonomy":"product_tag","embeddable":true,"href":"https:\/\/padelzoco.es\/en\/wp-json\/wp\/v2\/product_tag?post=10754"}],"curies":[{"name":"wp","href":"https:\/\/api.w.org\/{rel}","templated":true}]}}