{"id":10759,"date":"2024-05-22T19:01:24","date_gmt":"2024-05-22T18:01:24","guid":{"rendered":"https:\/\/adc06f55e9.nxcli.io\/?post_type=product&#038;p=10759"},"modified":"2026-03-19T13:30:03","modified_gmt":"2026-03-19T12:30:03","slug":"cajon-24-botes-pelotas-wilson-premier-padel","status":"publish","type":"product","link":"https:\/\/padelzoco.es\/en\/product\/cajon-24-botes-pelotas-wilson-premier-padel\/","title":{"rendered":"Caj\u00f3n 24 Botes Pelotas Wilson Premier Padel"},"content":{"rendered":"<p data-start=\"0\" data-end=\"387\">El bote de 3 pelotas de <span class=\"hover:entity-accent entity-underline inline cursor-pointer align-baseline\"><span class=\"whitespace-normal\">Wilson<\/span><\/span> est\u00e1 dise\u00f1ado para jugadores que buscan acelerar el ritmo del juego, especialmente en superficies de pista lentas, altitudes bajas y condiciones clim\u00e1ticas fr\u00edas. Estas pelotas ofrecen una respuesta m\u00e1s r\u00e1pida, permitiendo intercambios m\u00e1s din\u00e1micos y un juego m\u00e1s agresivo desde el primer punto.<\/p>\n<p data-start=\"389\" data-end=\"741\">Fabricadas con el innovador fieltro Dura-Weave, envuelven firmemente el n\u00facleo para mejorar la velocidad y mantener un rendimiento consistente incluso en condiciones m\u00e1s exigentes. Como pelota oficial de Premier Padel, combinan jugabilidad, durabilidad y fiabilidad, convirti\u00e9ndose en una opci\u00f3n ideal tanto para entrenamientos como para competici\u00f3n.<\/p>\n<p data-start=\"743\" data-end=\"766\"><strong data-start=\"743\" data-end=\"764\">Specifications:<\/strong><\/p>\n<ul data-start=\"767\" data-end=\"1003\">\n<li data-section-id=\"bcmzta\" data-start=\"767\" data-end=\"784\">\n<p data-start=\"769\" data-end=\"784\">Brand: Wilson<\/p>\n<\/li>\n<li data-section-id=\"15c8hv4\" data-start=\"785\" data-end=\"817\">\n<p data-start=\"787\" data-end=\"817\">Cantidad: 3 pelotas por bote<\/p>\n<\/li>\n<li data-section-id=\"1awqgfd\" data-start=\"818\" data-end=\"852\">\n<p data-start=\"820\" data-end=\"852\">Tecnolog\u00eda: Fieltro Dura-Weave<\/p>\n<\/li>\n<li data-section-id=\"1uirfyv\" data-start=\"853\" data-end=\"903\">\n<p data-start=\"855\" data-end=\"903\">Uso: Pistas lentas, climas fr\u00edos, baja altitud<\/p>\n<\/li>\n<li data-section-id=\"1xmn2mc\" data-start=\"904\" data-end=\"955\">\n<p data-start=\"906\" data-end=\"955\">Caracter\u00edsticas: Mayor velocidad y consistencia<\/p>\n<\/li>\n<li data-section-id=\"1rrxpu5\" data-start=\"956\" data-end=\"1003\">\n<p data-start=\"958\" data-end=\"1003\">Certificaci\u00f3n: Pelota oficial Premier Padel<\/p>\n<\/li>\n<\/ul>","protected":false},"excerpt":{"rendered":"<div id=\"-body-1\" class=\"accordion_body\" role=\"region\" aria-labelledby=\"-title-1\">\n<div class=\"accordion_content\">\n<div class=\"product-detail product-detail_overview\">\n<div id=\"-body-1\" class=\"accordion_body\" role=\"region\" aria-labelledby=\"-title-1\">\n<div class=\"accordion_content\">\n<div class=\"product-detail product-detail_overview\">\n<p class=\"product-description_content\">Dise\u00f1adas para acelerar el juego, este bote de 3 pelotas de Wilson es ideal para superficies de pista lentas, altitudes bajas y condiciones clim\u00e1ticas fr\u00edas. Cada pelota est\u00e1 fabricada con el nuevo fieltro Dura-Weave, que envuelve firmemente el n\u00facleo y permite que se mueva m\u00e1s r\u00e1pido incluso en condiciones lentas. La pelota oficial de p\u00e1del Premier combina jugabilidad y consistencia. Ser\u00e1 tu arma secreta para conseguir rallies m\u00e1s r\u00e1pidos y animados.<\/p>\n<\/div>\n<\/div>\n<\/div>\n<p>&nbsp;<\/p>\n<\/div>\n<\/div>\n<\/div>","protected":false},"featured_media":10760,"template":"","meta":[],"product_brand":[],"product_cat":[625,618,699,622],"product_tag":[],"class_list":{"0":"post-10759","1":"product","2":"type-product","3":"status-publish","4":"has-post-thumbnail","6":"product_cat-cajon-pelotas","7":"product_cat-pelotas","8":"product_cat-wilson-padel","9":"product_cat-wilson-pelotas","10":"pa_brand-wilson","11":"pa_hs_code-87","13":"first","14":"instock","15":"sale","16":"taxable","17":"shipping-taxable","18":"purchasable","19":"product-type-simple"},"yoast_head":"<!-- This site is optimized with the Yoast SEO plugin v27.3 - https:\/\/yoast.com\/product\/yoast-seo-wordpress\/ -->\n<title>Caj\u00f3n 24 Botes Pelotas Wilson Premier Padel - Padel Zoco<\/title>\n<meta name=\"description\" content=\"Caja de 24 Botes de 3 pelotas Wilson con fieltro Dura-Weave, ideal para pistas lentas y clima fr\u00edo, ofreciendo mayor velocidad y consistencia en el juego.\" \/>\n<meta name=\"robots\" content=\"index, follow, max-snippet:-1, max-image-preview:large, max-video-preview:-1\" \/>\n<link rel=\"canonical\" href=\"https:\/\/padelzoco.es\/en\/product\/cajon-24-botes-pelotas-wilson-premier-padel\/\" \/>\n<meta property=\"og:locale\" content=\"en_GB\" \/>\n<meta property=\"og:type\" content=\"article\" \/>\n<meta property=\"og:title\" content=\"Caj\u00f3n 24 Botes Pelotas Wilson Premier Padel - Padel Zoco\" \/>\n<meta property=\"og:description\" content=\"Caja de 24 Botes de 3 pelotas Wilson con fieltro Dura-Weave, ideal para pistas lentas y clima fr\u00edo, ofreciendo mayor velocidad y consistencia en el juego.\" \/>\n<meta property=\"og:url\" content=\"https:\/\/padelzoco.es\/en\/product\/cajon-24-botes-pelotas-wilson-premier-padel\/\" \/>\n<meta property=\"og:site_name\" content=\"Padel Zoco\" \/>\n<meta property=\"article:modified_time\" content=\"2026-03-19T12:30:03+00:00\" \/>\n<meta property=\"og:image\" content=\"https:\/\/padelzoco.es\/wp-content\/uploads\/2024\/05\/Cajon-24-Botes-Pelotas-Wilson-Premier-Padel.webp\" \/>\n\t<meta property=\"og:image:width\" content=\"1400\" \/>\n\t<meta property=\"og:image:height\" content=\"1400\" \/>\n\t<meta property=\"og:image:type\" content=\"image\/webp\" \/>\n<meta name=\"twitter:card\" content=\"summary_large_image\" \/>\n<meta name=\"twitter:label1\" content=\"Estimated reading time\" \/>\n\t<meta name=\"twitter:data1\" content=\"1 minute\" \/>\n<script type=\"application\/ld+json\" class=\"yoast-schema-graph\">{\"@context\":\"https:\\\/\\\/schema.org\",\"@graph\":[{\"@type\":\"WebPage\",\"@id\":\"https:\\\/\\\/padelzoco.es\\\/product\\\/cajon-24-botes-pelotas-wilson-premier-padel\\\/\",\"url\":\"https:\\\/\\\/padelzoco.es\\\/product\\\/cajon-24-botes-pelotas-wilson-premier-padel\\\/\",\"name\":\"Caj\u00f3n 24 Botes Pelotas Wilson Premier Padel - Padel Zoco\",\"isPartOf\":{\"@id\":\"https:\\\/\\\/padelzoco.es\\\/#website\"},\"primaryImageOfPage\":{\"@id\":\"https:\\\/\\\/padelzoco.es\\\/product\\\/cajon-24-botes-pelotas-wilson-premier-padel\\\/#primaryimage\"},\"image\":{\"@id\":\"https:\\\/\\\/padelzoco.es\\\/product\\\/cajon-24-botes-pelotas-wilson-premier-padel\\\/#primaryimage\"},\"thumbnailUrl\":\"https:\\\/\\\/padelzoco.es\\\/wp-content\\\/uploads\\\/2024\\\/05\\\/Cajon-24-Botes-Pelotas-Wilson-Premier-Padel.webp\",\"datePublished\":\"2024-05-22T18:01:24+00:00\",\"dateModified\":\"2026-03-19T12:30:03+00:00\",\"description\":\"Caja de 24 Botes de 3 pelotas Wilson con fieltro Dura-Weave, ideal para pistas lentas y clima fr\u00edo, ofreciendo mayor velocidad y consistencia en el juego.\",\"breadcrumb\":{\"@id\":\"https:\\\/\\\/padelzoco.es\\\/product\\\/cajon-24-botes-pelotas-wilson-premier-padel\\\/#breadcrumb\"},\"inLanguage\":\"en-GB\",\"potentialAction\":[{\"@type\":\"ReadAction\",\"target\":[\"https:\\\/\\\/padelzoco.es\\\/product\\\/cajon-24-botes-pelotas-wilson-premier-padel\\\/\"]}]},{\"@type\":\"ImageObject\",\"inLanguage\":\"en-GB\",\"@id\":\"https:\\\/\\\/padelzoco.es\\\/product\\\/cajon-24-botes-pelotas-wilson-premier-padel\\\/#primaryimage\",\"url\":\"https:\\\/\\\/padelzoco.es\\\/wp-content\\\/uploads\\\/2024\\\/05\\\/Cajon-24-Botes-Pelotas-Wilson-Premier-Padel.webp\",\"contentUrl\":\"https:\\\/\\\/padelzoco.es\\\/wp-content\\\/uploads\\\/2024\\\/05\\\/Cajon-24-Botes-Pelotas-Wilson-Premier-Padel.webp\",\"width\":1400,\"height\":1400,\"caption\":\"Caj\u00f3n 24 Botes Pelotas Wilson Premier Padel\"},{\"@type\":\"BreadcrumbList\",\"@id\":\"https:\\\/\\\/padelzoco.es\\\/product\\\/cajon-24-botes-pelotas-wilson-premier-padel\\\/#breadcrumb\",\"itemListElement\":[{\"@type\":\"ListItem\",\"position\":1,\"name\":\"Home\",\"item\":\"https:\\\/\\\/padelzoco.es\\\/\"},{\"@type\":\"ListItem\",\"position\":2,\"name\":\"Padel Zoco\",\"item\":\"https:\\\/\\\/padelzoco.es\\\/padel-zoco\\\/\"},{\"@type\":\"ListItem\",\"position\":3,\"name\":\"Caj\u00f3n 24 Botes Pelotas Wilson Premier Padel\"}]},{\"@type\":\"WebSite\",\"@id\":\"https:\\\/\\\/padelzoco.es\\\/#website\",\"url\":\"https:\\\/\\\/padelzoco.es\\\/\",\"name\":\"Padel Zoco\",\"description\":\"Padel Zoco | Spain\",\"publisher\":{\"@id\":\"https:\\\/\\\/padelzoco.es\\\/#organization\"},\"potentialAction\":[{\"@type\":\"SearchAction\",\"target\":{\"@type\":\"EntryPoint\",\"urlTemplate\":\"https:\\\/\\\/padelzoco.es\\\/?s={search_term_string}\"},\"query-input\":{\"@type\":\"PropertyValueSpecification\",\"valueRequired\":true,\"valueName\":\"search_term_string\"}}],\"inLanguage\":\"en-GB\"},{\"@type\":\"Organization\",\"@id\":\"https:\\\/\\\/padelzoco.es\\\/#organization\",\"name\":\"Padel Zoco\",\"url\":\"https:\\\/\\\/padelzoco.es\\\/\",\"logo\":{\"@type\":\"ImageObject\",\"inLanguage\":\"en-GB\",\"@id\":\"https:\\\/\\\/padelzoco.es\\\/#\\\/schema\\\/logo\\\/image\\\/\",\"url\":\"https:\\\/\\\/padelzoco.es\\\/wp-content\\\/uploads\\\/2023\\\/11\\\/PadelZoco_Logo_black_white.webp\",\"contentUrl\":\"https:\\\/\\\/padelzoco.es\\\/wp-content\\\/uploads\\\/2023\\\/11\\\/PadelZoco_Logo_black_white.webp\",\"width\":1500,\"height\":631,\"caption\":\"Padel Zoco\"},\"image\":{\"@id\":\"https:\\\/\\\/padelzoco.es\\\/#\\\/schema\\\/logo\\\/image\\\/\"}}]}<\/script>\n<!-- \/ Yoast SEO plugin. -->","yoast_head_json":{"title":"Caj\u00f3n 24 Botes Pelotas Wilson Premier Padel - Padel Zoco","description":"Caja de 24 Botes de 3 pelotas Wilson con fieltro Dura-Weave, ideal para pistas lentas y clima fr\u00edo, ofreciendo mayor velocidad y consistencia en el juego.","robots":{"index":"index","follow":"follow","max-snippet":"max-snippet:-1","max-image-preview":"max-image-preview:large","max-video-preview":"max-video-preview:-1"},"canonical":"https:\/\/padelzoco.es\/en\/product\/cajon-24-botes-pelotas-wilson-premier-padel\/","og_locale":"en_GB","og_type":"article","og_title":"Caj\u00f3n 24 Botes Pelotas Wilson Premier Padel - Padel Zoco","og_description":"Caja de 24 Botes de 3 pelotas Wilson con fieltro Dura-Weave, ideal para pistas lentas y clima fr\u00edo, ofreciendo mayor velocidad y consistencia en el juego.","og_url":"https:\/\/padelzoco.es\/en\/product\/cajon-24-botes-pelotas-wilson-premier-padel\/","og_site_name":"Padel Zoco","article_modified_time":"2026-03-19T12:30:03+00:00","og_image":[{"width":1400,"height":1400,"url":"https:\/\/padelzoco.es\/wp-content\/uploads\/2024\/05\/Cajon-24-Botes-Pelotas-Wilson-Premier-Padel.webp","type":"image\/webp"}],"twitter_card":"summary_large_image","twitter_misc":{"Estimated reading time":"1 minute"},"schema":{"@context":"https:\/\/schema.org","@graph":[{"@type":"WebPage","@id":"https:\/\/padelzoco.es\/product\/cajon-24-botes-pelotas-wilson-premier-padel\/","url":"https:\/\/padelzoco.es\/product\/cajon-24-botes-pelotas-wilson-premier-padel\/","name":"Caj\u00f3n 24 Botes Pelotas Wilson Premier Padel - Padel Zoco","isPartOf":{"@id":"https:\/\/padelzoco.es\/#website"},"primaryImageOfPage":{"@id":"https:\/\/padelzoco.es\/product\/cajon-24-botes-pelotas-wilson-premier-padel\/#primaryimage"},"image":{"@id":"https:\/\/padelzoco.es\/product\/cajon-24-botes-pelotas-wilson-premier-padel\/#primaryimage"},"thumbnailUrl":"https:\/\/padelzoco.es\/wp-content\/uploads\/2024\/05\/Cajon-24-Botes-Pelotas-Wilson-Premier-Padel.webp","datePublished":"2024-05-22T18:01:24+00:00","dateModified":"2026-03-19T12:30:03+00:00","description":"Caja de 24 Botes de 3 pelotas Wilson con fieltro Dura-Weave, ideal para pistas lentas y clima fr\u00edo, ofreciendo mayor velocidad y consistencia en el juego.","breadcrumb":{"@id":"https:\/\/padelzoco.es\/product\/cajon-24-botes-pelotas-wilson-premier-padel\/#breadcrumb"},"inLanguage":"en-GB","potentialAction":[{"@type":"ReadAction","target":["https:\/\/padelzoco.es\/product\/cajon-24-botes-pelotas-wilson-premier-padel\/"]}]},{"@type":"ImageObject","inLanguage":"en-GB","@id":"https:\/\/padelzoco.es\/product\/cajon-24-botes-pelotas-wilson-premier-padel\/#primaryimage","url":"https:\/\/padelzoco.es\/wp-content\/uploads\/2024\/05\/Cajon-24-Botes-Pelotas-Wilson-Premier-Padel.webp","contentUrl":"https:\/\/padelzoco.es\/wp-content\/uploads\/2024\/05\/Cajon-24-Botes-Pelotas-Wilson-Premier-Padel.webp","width":1400,"height":1400,"caption":"Caj\u00f3n 24 Botes Pelotas Wilson Premier Padel"},{"@type":"BreadcrumbList","@id":"https:\/\/padelzoco.es\/product\/cajon-24-botes-pelotas-wilson-premier-padel\/#breadcrumb","itemListElement":[{"@type":"ListItem","position":1,"name":"Home","item":"https:\/\/padelzoco.es\/"},{"@type":"ListItem","position":2,"name":"Padel Zoco","item":"https:\/\/padelzoco.es\/padel-zoco\/"},{"@type":"ListItem","position":3,"name":"Caj\u00f3n 24 Botes Pelotas Wilson Premier Padel"}]},{"@type":"WebSite","@id":"https:\/\/padelzoco.es\/#website","url":"https:\/\/padelzoco.es\/","name":"Padel Zoco","description":"Padel Zoco | Spain","publisher":{"@id":"https:\/\/padelzoco.es\/#organization"},"potentialAction":[{"@type":"SearchAction","target":{"@type":"EntryPoint","urlTemplate":"https:\/\/padelzoco.es\/?s={search_term_string}"},"query-input":{"@type":"PropertyValueSpecification","valueRequired":true,"valueName":"search_term_string"}}],"inLanguage":"en-GB"},{"@type":"Organization","@id":"https:\/\/padelzoco.es\/#organization","name":"Padel Zoco","url":"https:\/\/padelzoco.es\/","logo":{"@type":"ImageObject","inLanguage":"en-GB","@id":"https:\/\/padelzoco.es\/#\/schema\/logo\/image\/","url":"https:\/\/padelzoco.es\/wp-content\/uploads\/2023\/11\/PadelZoco_Logo_black_white.webp","contentUrl":"https:\/\/padelzoco.es\/wp-content\/uploads\/2023\/11\/PadelZoco_Logo_black_white.webp","width":1500,"height":631,"caption":"Padel Zoco"},"image":{"@id":"https:\/\/padelzoco.es\/#\/schema\/logo\/image\/"}}]}},"_links":{"self":[{"href":"https:\/\/padelzoco.es\/en\/wp-json\/wp\/v2\/product\/10759","targetHints":{"allow":["GET"]}}],"collection":[{"href":"https:\/\/padelzoco.es\/en\/wp-json\/wp\/v2\/product"}],"about":[{"href":"https:\/\/padelzoco.es\/en\/wp-json\/wp\/v2\/types\/product"}],"version-history":[{"count":4,"href":"https:\/\/padelzoco.es\/en\/wp-json\/wp\/v2\/product\/10759\/revisions"}],"predecessor-version":[{"id":37813,"href":"https:\/\/padelzoco.es\/en\/wp-json\/wp\/v2\/product\/10759\/revisions\/37813"}],"wp:featuredmedia":[{"embeddable":true,"href":"https:\/\/padelzoco.es\/en\/wp-json\/wp\/v2\/media\/10760"}],"wp:attachment":[{"href":"https:\/\/padelzoco.es\/en\/wp-json\/wp\/v2\/media?parent=10759"}],"wp:term":[{"taxonomy":"product_brand","embeddable":true,"href":"https:\/\/padelzoco.es\/en\/wp-json\/wp\/v2\/product_brand?post=10759"},{"taxonomy":"product_cat","embeddable":true,"href":"https:\/\/padelzoco.es\/en\/wp-json\/wp\/v2\/product_cat?post=10759"},{"taxonomy":"product_tag","embeddable":true,"href":"https:\/\/padelzoco.es\/en\/wp-json\/wp\/v2\/product_tag?post=10759"}],"curies":[{"name":"wp","href":"https:\/\/api.w.org\/{rel}","templated":true}]}}