{"id":10816,"date":"2024-06-02T11:42:42","date_gmt":"2024-06-02T10:42:42","guid":{"rendered":"https:\/\/adc06f55e9.nxcli.io\/?post_type=product&#038;p=10816"},"modified":"2026-04-30T18:47:33","modified_gmt":"2026-04-30T17:47:33","slug":"pala-padel-head-bolt-smbl","status":"publish","type":"product","link":"https:\/\/padelzoco.es\/en\/product\/pala-padel-head-bolt-smbl\/","title":{"rendered":"Pala Padel Head Bolt SMBL"},"content":{"rendered":"<p>Si eres un jugador ocasional que est\u00e1 empezando a competir en su club y no te asusta el color, entra con fuerza en la pista con el dise\u00f1o atrevido de la pala BOLT. Esta pala de gran tama\u00f1o con forma de l\u00e1grima no solo dar\u00e1 vida a tu juego, sino que lo cargar\u00e1 de energ\u00eda gracias a su potencia f\u00e1cil de controlar y sus sensaciones de suavidad, adem\u00e1s de su nivel de tolerancia. La superficie de golpeo de fibra de vidrio proporciona unas sensaciones y un tacto m\u00e1s suaves, mientras que el punto dulce de mayor tama\u00f1o ofrece m\u00e1s tolerancia.<\/p>\n<p>\u2022 Dise\u00f1o atrevido y vistoso<br \/>\n\u2022 Potencia f\u00e1cil de controlar para jugadores ocasionales que est\u00e1n empezando a competir en un club<br \/>\n\u2022 Pala polivalente y de gran tama\u00f1o con forma de l\u00e1grima que aporta energ\u00eda a tu juego<br \/>\n\u2022 Superficie de golpeo de fibra de vidrio para una sensaci\u00f3n y un tacto m\u00e1s suaves<br \/>\n\u2022 Punto dulce de mayor tama\u00f1o que ofrece m\u00e1s tolerancia<\/p>\n<p><strong>Specification:<\/strong><\/p>\n<ul>\n<li><strong>Brand:<\/strong> HEAD PADEL<\/li>\n<li><strong>Level:<\/strong> Beginner<\/li>\n<li><strong>Shape:<\/strong> Teardrop OS<\/li>\n<li><strong>Weight (gr):<\/strong> 365 g \/ 12.9 oz<\/li>\n<li><strong>Balance (mm):<\/strong> 265 mm<\/li>\n<li><strong>Beam:<\/strong> 38 mm \/ 1.5 in<\/li>\n<li><strong>Performance:<\/strong> Power<\/li>\n<li><strong>Head Size:<\/strong> 525 cm\u00b2 \/ 81 in\u00b2<\/li>\n<li><strong>Techology:<\/strong> INNEGRA &#8211; POWER FOAM &#8211; POWER FRAME &#8211; INTEGRATED PROTECTOR SYSTEM (IPS) &#8211; TAILORED FRAME<\/li>\n<\/ul>","protected":false},"excerpt":{"rendered":"<p>Si eres un jugador ocasional que est\u00e1 empezando a competir en su club y no te asusta el color, entra con fuerza en la pista con el dise\u00f1o atrevido de la pala BOLT. Esta pala de gran tama\u00f1o con forma de l\u00e1grima no solo dar\u00e1 vida a tu juego, sino que lo cargar\u00e1 de energ\u00eda gracias a su potencia f\u00e1cil de controlar y sus sensaciones de suavidad, adem\u00e1s de su nivel de tolerancia. La superficie de golpeo de fibra de vidrio proporciona unas sensaciones y un tacto m\u00e1s suaves, mientras que el punto dulce de mayor tama\u00f1o ofrece m\u00e1s tolerancia.<\/p>\n<p>\u2022 Dise\u00f1o atrevido y vistoso<br \/>\n\u2022 Potencia f\u00e1cil de controlar para jugadores ocasionales que est\u00e1n empezando a competir en un club<br \/>\n\u2022 Pala polivalente y de gran tama\u00f1o con forma de l\u00e1grima que aporta energ\u00eda a tu juego<br \/>\n\u2022 Superficie de golpeo de fibra de vidrio para una sensaci\u00f3n y un tacto m\u00e1s suaves<br \/>\n\u2022 Punto dulce de mayor tama\u00f1o que ofrece m\u00e1s tolerancia<\/p>\n<p><strong>Specification:<\/strong><\/p>\n<ul>\n<li><strong>Brand:<\/strong> HEAD PADEL<\/li>\n<li><strong>Level:<\/strong> Beginner<\/li>\n<li><strong>Shape:<\/strong> Teardrop OS<\/li>\n<li><strong>Weight (gr):<\/strong> 365 g \/ 12.9 oz<\/li>\n<li><strong>Balance (mm):<\/strong> 265 mm<\/li>\n<li><strong>Beam:<\/strong> 38 mm \/ 1.5 in<\/li>\n<li><strong>Performance:<\/strong> Power<\/li>\n<li><strong>Head Size:<\/strong> 525 cm\u00b2 \/ 81 in\u00b2<\/li>\n<li><strong>Techology:<\/strong> INNEGRA &#8211; POWER FOAM &#8211; POWER FRAME &#8211; INTEGRATED PROTECTOR SYSTEM (IPS) &#8211; TAILORED FRAME<\/li>\n<\/ul>","protected":false},"featured_media":10821,"template":"","meta":[],"product_brand":[],"product_cat":[746,747,589,581,585,590,572,757,580,754],"product_tag":[],"class_list":{"0":"post-10816","1":"product","2":"type-product","3":"status-publish","4":"has-post-thumbnail","6":"product_cat-head","7":"product_cat-head-padel","8":"product_cat-hombre-palas","9":"product_cat-intermedio-palas","10":"product_cat-lagrima-palas","11":"product_cat-mujer-palas","12":"product_cat-palas","13":"product_cat-palas-ofertas","14":"product_cat-principiante-palas","15":"product_cat-rebajas","16":"pa_brand-head","17":"pa_gender-mujer","18":"pa_hs_code-134","20":"first","21":"outofstock","22":"sale","23":"taxable","24":"shipping-taxable","25":"purchasable","26":"product-type-simple"},"yoast_head":"<!-- This site is optimized with the Yoast SEO plugin v27.6 - https:\/\/yoast.com\/product\/yoast-seo-wordpress\/ -->\n<title>Pala Padel Head Bolt SMBL - Padel Zoco<\/title>\n<meta name=\"description\" content=\"HEAD Padel Racket Bolt, A great choice for beginner players to enjoy starting padel with a big sweet spot and easy power. Visit Padel Shop Madrid Spain.\" \/>\n<meta name=\"robots\" content=\"index, follow, max-snippet:-1, max-image-preview:large, max-video-preview:-1\" \/>\n<link rel=\"canonical\" href=\"https:\/\/padelzoco.es\/en\/product\/pala-padel-head-bolt-smbl\/\" \/>\n<meta property=\"og:locale\" content=\"en_GB\" \/>\n<meta property=\"og:type\" content=\"article\" \/>\n<meta property=\"og:title\" content=\"Pala Padel Head Bolt SMBL - Padel Zoco\" \/>\n<meta property=\"og:description\" content=\"HEAD Padel Racket Bolt, A great choice for beginner players to enjoy starting padel with a big sweet spot and easy power. Visit Padel Shop Madrid Spain.\" \/>\n<meta property=\"og:url\" content=\"https:\/\/padelzoco.es\/en\/product\/pala-padel-head-bolt-smbl\/\" \/>\n<meta property=\"og:site_name\" content=\"Padel Zoco\" \/>\n<meta property=\"article:modified_time\" content=\"2026-04-30T17:47:33+00:00\" \/>\n<meta property=\"og:image\" content=\"https:\/\/padelzoco.es\/wp-content\/uploads\/2024\/06\/HEAD-Padel-Racket-Bolt-SMBL-image-1.webp\" \/>\n\t<meta property=\"og:image:width\" content=\"1400\" \/>\n\t<meta property=\"og:image:height\" content=\"1400\" \/>\n\t<meta property=\"og:image:type\" content=\"image\/webp\" \/>\n<meta name=\"twitter:card\" content=\"summary_large_image\" \/>\n<meta name=\"twitter:label1\" content=\"Estimated reading time\" \/>\n\t<meta name=\"twitter:data1\" content=\"2 minutes\" \/>\n<script type=\"application\/ld+json\" class=\"yoast-schema-graph\">{\"@context\":\"https:\\\/\\\/schema.org\",\"@graph\":[{\"@type\":\"WebPage\",\"@id\":\"https:\\\/\\\/padelzoco.es\\\/product\\\/pala-padel-head-bolt-smbl\\\/\",\"url\":\"https:\\\/\\\/padelzoco.es\\\/product\\\/pala-padel-head-bolt-smbl\\\/\",\"name\":\"Pala Padel Head Bolt SMBL - Padel Zoco\",\"isPartOf\":{\"@id\":\"https:\\\/\\\/padelzoco.es\\\/#website\"},\"primaryImageOfPage\":{\"@id\":\"https:\\\/\\\/padelzoco.es\\\/product\\\/pala-padel-head-bolt-smbl\\\/#primaryimage\"},\"image\":{\"@id\":\"https:\\\/\\\/padelzoco.es\\\/product\\\/pala-padel-head-bolt-smbl\\\/#primaryimage\"},\"thumbnailUrl\":\"https:\\\/\\\/padelzoco.es\\\/wp-content\\\/uploads\\\/2024\\\/06\\\/HEAD-Padel-Racket-Bolt-SMBL-image-1.webp\",\"datePublished\":\"2024-06-02T10:42:42+00:00\",\"dateModified\":\"2026-04-30T17:47:33+00:00\",\"description\":\"HEAD Padel Racket Bolt, A great choice for beginner players to enjoy starting padel with a big sweet spot and easy power. Visit Padel Shop Madrid Spain.\",\"breadcrumb\":{\"@id\":\"https:\\\/\\\/padelzoco.es\\\/product\\\/pala-padel-head-bolt-smbl\\\/#breadcrumb\"},\"inLanguage\":\"en-GB\",\"potentialAction\":[{\"@type\":\"ReadAction\",\"target\":[\"https:\\\/\\\/padelzoco.es\\\/product\\\/pala-padel-head-bolt-smbl\\\/\"]}]},{\"@type\":\"ImageObject\",\"inLanguage\":\"en-GB\",\"@id\":\"https:\\\/\\\/padelzoco.es\\\/product\\\/pala-padel-head-bolt-smbl\\\/#primaryimage\",\"url\":\"https:\\\/\\\/padelzoco.es\\\/wp-content\\\/uploads\\\/2024\\\/06\\\/HEAD-Padel-Racket-Bolt-SMBL-image-1.webp\",\"contentUrl\":\"https:\\\/\\\/padelzoco.es\\\/wp-content\\\/uploads\\\/2024\\\/06\\\/HEAD-Padel-Racket-Bolt-SMBL-image-1.webp\",\"width\":1400,\"height\":1400,\"caption\":\"HEAD Padel Racket Bolt SMBL image 1\"},{\"@type\":\"BreadcrumbList\",\"@id\":\"https:\\\/\\\/padelzoco.es\\\/product\\\/pala-padel-head-bolt-smbl\\\/#breadcrumb\",\"itemListElement\":[{\"@type\":\"ListItem\",\"position\":1,\"name\":\"Home\",\"item\":\"https:\\\/\\\/padelzoco.es\\\/\"},{\"@type\":\"ListItem\",\"position\":2,\"name\":\"Padel Zoco\",\"item\":\"https:\\\/\\\/padelzoco.es\\\/padel-zoco\\\/\"},{\"@type\":\"ListItem\",\"position\":3,\"name\":\"Pala Padel Head Bolt SMBL\"}]},{\"@type\":\"WebSite\",\"@id\":\"https:\\\/\\\/padelzoco.es\\\/#website\",\"url\":\"https:\\\/\\\/padelzoco.es\\\/\",\"name\":\"Padel Zoco\",\"description\":\"Padel Zoco | Spain\",\"publisher\":{\"@id\":\"https:\\\/\\\/padelzoco.es\\\/#organization\"},\"potentialAction\":[{\"@type\":\"SearchAction\",\"target\":{\"@type\":\"EntryPoint\",\"urlTemplate\":\"https:\\\/\\\/padelzoco.es\\\/?s={search_term_string}\"},\"query-input\":{\"@type\":\"PropertyValueSpecification\",\"valueRequired\":true,\"valueName\":\"search_term_string\"}}],\"inLanguage\":\"en-GB\"},{\"@type\":\"Organization\",\"@id\":\"https:\\\/\\\/padelzoco.es\\\/#organization\",\"name\":\"Padel Zoco\",\"url\":\"https:\\\/\\\/padelzoco.es\\\/\",\"logo\":{\"@type\":\"ImageObject\",\"inLanguage\":\"en-GB\",\"@id\":\"https:\\\/\\\/padelzoco.es\\\/#\\\/schema\\\/logo\\\/image\\\/\",\"url\":\"https:\\\/\\\/padelzoco.es\\\/wp-content\\\/uploads\\\/2023\\\/11\\\/PadelZoco_Logo_black_white.webp\",\"contentUrl\":\"https:\\\/\\\/padelzoco.es\\\/wp-content\\\/uploads\\\/2023\\\/11\\\/PadelZoco_Logo_black_white.webp\",\"width\":1500,\"height\":631,\"caption\":\"Padel Zoco\"},\"image\":{\"@id\":\"https:\\\/\\\/padelzoco.es\\\/#\\\/schema\\\/logo\\\/image\\\/\"}}]}<\/script>\n<!-- \/ Yoast SEO plugin. -->","yoast_head_json":{"title":"Pala Padel Head Bolt SMBL - Padel Zoco","description":"HEAD Padel Racket Bolt, A great choice for beginner players to enjoy starting padel with a big sweet spot and easy power. Visit Padel Shop Madrid Spain.","robots":{"index":"index","follow":"follow","max-snippet":"max-snippet:-1","max-image-preview":"max-image-preview:large","max-video-preview":"max-video-preview:-1"},"canonical":"https:\/\/padelzoco.es\/en\/product\/pala-padel-head-bolt-smbl\/","og_locale":"en_GB","og_type":"article","og_title":"Pala Padel Head Bolt SMBL - Padel Zoco","og_description":"HEAD Padel Racket Bolt, A great choice for beginner players to enjoy starting padel with a big sweet spot and easy power. Visit Padel Shop Madrid Spain.","og_url":"https:\/\/padelzoco.es\/en\/product\/pala-padel-head-bolt-smbl\/","og_site_name":"Padel Zoco","article_modified_time":"2026-04-30T17:47:33+00:00","og_image":[{"width":1400,"height":1400,"url":"https:\/\/padelzoco.es\/wp-content\/uploads\/2024\/06\/HEAD-Padel-Racket-Bolt-SMBL-image-1.webp","type":"image\/webp"}],"twitter_card":"summary_large_image","twitter_misc":{"Estimated reading time":"2 minutes"},"schema":{"@context":"https:\/\/schema.org","@graph":[{"@type":"WebPage","@id":"https:\/\/padelzoco.es\/product\/pala-padel-head-bolt-smbl\/","url":"https:\/\/padelzoco.es\/product\/pala-padel-head-bolt-smbl\/","name":"Pala Padel Head Bolt SMBL - Padel Zoco","isPartOf":{"@id":"https:\/\/padelzoco.es\/#website"},"primaryImageOfPage":{"@id":"https:\/\/padelzoco.es\/product\/pala-padel-head-bolt-smbl\/#primaryimage"},"image":{"@id":"https:\/\/padelzoco.es\/product\/pala-padel-head-bolt-smbl\/#primaryimage"},"thumbnailUrl":"https:\/\/padelzoco.es\/wp-content\/uploads\/2024\/06\/HEAD-Padel-Racket-Bolt-SMBL-image-1.webp","datePublished":"2024-06-02T10:42:42+00:00","dateModified":"2026-04-30T17:47:33+00:00","description":"HEAD Padel Racket Bolt, A great choice for beginner players to enjoy starting padel with a big sweet spot and easy power. Visit Padel Shop Madrid Spain.","breadcrumb":{"@id":"https:\/\/padelzoco.es\/product\/pala-padel-head-bolt-smbl\/#breadcrumb"},"inLanguage":"en-GB","potentialAction":[{"@type":"ReadAction","target":["https:\/\/padelzoco.es\/product\/pala-padel-head-bolt-smbl\/"]}]},{"@type":"ImageObject","inLanguage":"en-GB","@id":"https:\/\/padelzoco.es\/product\/pala-padel-head-bolt-smbl\/#primaryimage","url":"https:\/\/padelzoco.es\/wp-content\/uploads\/2024\/06\/HEAD-Padel-Racket-Bolt-SMBL-image-1.webp","contentUrl":"https:\/\/padelzoco.es\/wp-content\/uploads\/2024\/06\/HEAD-Padel-Racket-Bolt-SMBL-image-1.webp","width":1400,"height":1400,"caption":"HEAD Padel Racket Bolt SMBL image 1"},{"@type":"BreadcrumbList","@id":"https:\/\/padelzoco.es\/product\/pala-padel-head-bolt-smbl\/#breadcrumb","itemListElement":[{"@type":"ListItem","position":1,"name":"Home","item":"https:\/\/padelzoco.es\/"},{"@type":"ListItem","position":2,"name":"Padel Zoco","item":"https:\/\/padelzoco.es\/padel-zoco\/"},{"@type":"ListItem","position":3,"name":"Pala Padel Head Bolt SMBL"}]},{"@type":"WebSite","@id":"https:\/\/padelzoco.es\/#website","url":"https:\/\/padelzoco.es\/","name":"Padel Zoco","description":"Padel Zoco | Spain","publisher":{"@id":"https:\/\/padelzoco.es\/#organization"},"potentialAction":[{"@type":"SearchAction","target":{"@type":"EntryPoint","urlTemplate":"https:\/\/padelzoco.es\/?s={search_term_string}"},"query-input":{"@type":"PropertyValueSpecification","valueRequired":true,"valueName":"search_term_string"}}],"inLanguage":"en-GB"},{"@type":"Organization","@id":"https:\/\/padelzoco.es\/#organization","name":"Padel Zoco","url":"https:\/\/padelzoco.es\/","logo":{"@type":"ImageObject","inLanguage":"en-GB","@id":"https:\/\/padelzoco.es\/#\/schema\/logo\/image\/","url":"https:\/\/padelzoco.es\/wp-content\/uploads\/2023\/11\/PadelZoco_Logo_black_white.webp","contentUrl":"https:\/\/padelzoco.es\/wp-content\/uploads\/2023\/11\/PadelZoco_Logo_black_white.webp","width":1500,"height":631,"caption":"Padel Zoco"},"image":{"@id":"https:\/\/padelzoco.es\/#\/schema\/logo\/image\/"}}]}},"_links":{"self":[{"href":"https:\/\/padelzoco.es\/en\/wp-json\/wp\/v2\/product\/10816","targetHints":{"allow":["GET"]}}],"collection":[{"href":"https:\/\/padelzoco.es\/en\/wp-json\/wp\/v2\/product"}],"about":[{"href":"https:\/\/padelzoco.es\/en\/wp-json\/wp\/v2\/types\/product"}],"version-history":[{"count":1,"href":"https:\/\/padelzoco.es\/en\/wp-json\/wp\/v2\/product\/10816\/revisions"}],"predecessor-version":[{"id":27762,"href":"https:\/\/padelzoco.es\/en\/wp-json\/wp\/v2\/product\/10816\/revisions\/27762"}],"wp:featuredmedia":[{"embeddable":true,"href":"https:\/\/padelzoco.es\/en\/wp-json\/wp\/v2\/media\/10821"}],"wp:attachment":[{"href":"https:\/\/padelzoco.es\/en\/wp-json\/wp\/v2\/media?parent=10816"}],"wp:term":[{"taxonomy":"product_brand","embeddable":true,"href":"https:\/\/padelzoco.es\/en\/wp-json\/wp\/v2\/product_brand?post=10816"},{"taxonomy":"product_cat","embeddable":true,"href":"https:\/\/padelzoco.es\/en\/wp-json\/wp\/v2\/product_cat?post=10816"},{"taxonomy":"product_tag","embeddable":true,"href":"https:\/\/padelzoco.es\/en\/wp-json\/wp\/v2\/product_tag?post=10816"}],"curies":[{"name":"wp","href":"https:\/\/api.w.org\/{rel}","templated":true}]}}