{"id":10884,"date":"2024-06-06T13:40:19","date_gmt":"2024-06-06T12:40:19","guid":{"rendered":"https:\/\/adc06f55e9.nxcli.io\/?post_type=product&#038;p=10884"},"modified":"2026-04-30T19:32:49","modified_gmt":"2026-04-30T18:32:49","slug":"floky-calcetin-s-mash-2-0-negro","status":"publish","type":"product","link":"https:\/\/padelzoco.es\/en\/product\/floky-calcetin-s-mash-2-0-negro\/","title":{"rendered":"Floky Calcet\u00edn S-Mash 2.0 Negro"},"content":{"rendered":"","protected":false},"excerpt":{"rendered":"<p>S-MASH 2.0\u00a0es la evoluci\u00f3n definitiva de la media para p\u00e1del y tenis, ofreciendo\u00a0m\u00e1xima estabilidad y protecci\u00f3n\u00a0gracias a su elaboraci\u00f3n alveolar que envuelve el tobillo.<\/p>\n<p>El\u00a0sistema antideslizante\u00a0bajo el pie asegura agarre durante los cambios de direcci\u00f3n y saltos, mientras que las aplicaciones de soporte previenen lesiones musculares. La\u00a0compresi\u00f3n plantar\u00a0mejora el flujo sangu\u00edneo y la oxigenaci\u00f3n muscular. El sistema de fijaci\u00f3n interna ayuda a disipar vibraciones,\u00a0reduciendo el riesgo de inflamaciones y traumas. Fabricada con hilos reciclados, esta media promueve la sostenibilidad y ofrece\u00a0confort, durabilidad y rendimiento excepcional.<\/p>","protected":false},"featured_media":10899,"template":"","meta":[],"product_brand":[],"product_cat":[614,754,610],"product_tag":[],"class_list":{"0":"post-10884","1":"product","2":"type-product","3":"status-publish","4":"has-post-thumbnail","6":"product_cat-calcetines-ropa","7":"product_cat-rebajas","8":"product_cat-tipo-de-prenda","9":"pa_brand-floky","10":"pa_color-negro","11":"pa_country_of_origin-china","12":"pa_hs_code-740","13":"pa_size-l-xl-44-47","14":"pa_size-m-l-40-43","15":"pa_size-xs-s-36-39","17":"first","18":"instock","19":"sale","20":"taxable","21":"shipping-taxable","22":"purchasable","23":"product-type-variable"},"yoast_head":"<!-- This site is optimized with the Yoast SEO plugin v27.5 - https:\/\/yoast.com\/product\/yoast-seo-wordpress\/ -->\n<title>Floky Calcet\u00edn S-Mash 2.0 Negro - Padel Zoco<\/title>\n<meta name=\"description\" content=\"S-MASH 2.0 es la evoluci\u00f3n definitiva de la media para p\u00e1del y tenis, ofreciendo m\u00e1xima estabilidad y protecci\u00f3n gracias a su elaboraci\u00f3n alveolar que envuelve el tobillo.\" \/>\n<meta name=\"robots\" content=\"index, follow, max-snippet:-1, max-image-preview:large, max-video-preview:-1\" \/>\n<link rel=\"canonical\" href=\"https:\/\/padelzoco.es\/en\/product\/floky-calcetin-s-mash-2-0-negro\/\" \/>\n<meta property=\"og:locale\" content=\"en_GB\" \/>\n<meta property=\"og:type\" content=\"article\" \/>\n<meta property=\"og:title\" content=\"Floky Calcet\u00edn S-Mash 2.0 Negro - Padel Zoco\" \/>\n<meta property=\"og:description\" content=\"S-MASH 2.0 es la evoluci\u00f3n definitiva de la media para p\u00e1del y tenis, ofreciendo m\u00e1xima estabilidad y protecci\u00f3n gracias a su elaboraci\u00f3n alveolar que envuelve el tobillo.\" \/>\n<meta property=\"og:url\" content=\"https:\/\/padelzoco.es\/en\/product\/floky-calcetin-s-mash-2-0-negro\/\" \/>\n<meta property=\"og:site_name\" content=\"Padel Zoco\" \/>\n<meta property=\"article:modified_time\" content=\"2026-04-30T18:32:49+00:00\" \/>\n<meta property=\"og:image\" content=\"https:\/\/padelzoco.es\/wp-content\/uploads\/2024\/06\/Calcetin-FLOKY-S-MASH-2.0-image-1.webp\" \/>\n\t<meta property=\"og:image:width\" content=\"1400\" \/>\n\t<meta property=\"og:image:height\" content=\"1400\" \/>\n\t<meta property=\"og:image:type\" content=\"image\/webp\" \/>\n<meta name=\"twitter:card\" content=\"summary_large_image\" \/>\n<meta name=\"twitter:label1\" content=\"Estimated reading time\" \/>\n\t<meta name=\"twitter:data1\" content=\"1 minute\" \/>\n<script type=\"application\/ld+json\" class=\"yoast-schema-graph\">{\"@context\":\"https:\\\/\\\/schema.org\",\"@graph\":[{\"@type\":\"WebPage\",\"@id\":\"https:\\\/\\\/padelzoco.es\\\/product\\\/floky-calcetin-s-mash-2-0-negro\\\/\",\"url\":\"https:\\\/\\\/padelzoco.es\\\/product\\\/floky-calcetin-s-mash-2-0-negro\\\/\",\"name\":\"Floky Calcet\u00edn S-Mash 2.0 Negro - Padel Zoco\",\"isPartOf\":{\"@id\":\"https:\\\/\\\/padelzoco.es\\\/#website\"},\"primaryImageOfPage\":{\"@id\":\"https:\\\/\\\/padelzoco.es\\\/product\\\/floky-calcetin-s-mash-2-0-negro\\\/#primaryimage\"},\"image\":{\"@id\":\"https:\\\/\\\/padelzoco.es\\\/product\\\/floky-calcetin-s-mash-2-0-negro\\\/#primaryimage\"},\"thumbnailUrl\":\"https:\\\/\\\/padelzoco.es\\\/wp-content\\\/uploads\\\/2024\\\/06\\\/Calcetin-FLOKY-S-MASH-2.0-image-1.webp\",\"datePublished\":\"2024-06-06T12:40:19+00:00\",\"dateModified\":\"2026-04-30T18:32:49+00:00\",\"description\":\"S-MASH 2.0 es la evoluci\u00f3n definitiva de la media para p\u00e1del y tenis, ofreciendo m\u00e1xima estabilidad y protecci\u00f3n gracias a su elaboraci\u00f3n alveolar que envuelve el tobillo.\",\"breadcrumb\":{\"@id\":\"https:\\\/\\\/padelzoco.es\\\/product\\\/floky-calcetin-s-mash-2-0-negro\\\/#breadcrumb\"},\"inLanguage\":\"en-GB\",\"potentialAction\":[{\"@type\":\"ReadAction\",\"target\":[\"https:\\\/\\\/padelzoco.es\\\/product\\\/floky-calcetin-s-mash-2-0-negro\\\/\"]}]},{\"@type\":\"ImageObject\",\"inLanguage\":\"en-GB\",\"@id\":\"https:\\\/\\\/padelzoco.es\\\/product\\\/floky-calcetin-s-mash-2-0-negro\\\/#primaryimage\",\"url\":\"https:\\\/\\\/padelzoco.es\\\/wp-content\\\/uploads\\\/2024\\\/06\\\/Calcetin-FLOKY-S-MASH-2.0-image-1.webp\",\"contentUrl\":\"https:\\\/\\\/padelzoco.es\\\/wp-content\\\/uploads\\\/2024\\\/06\\\/Calcetin-FLOKY-S-MASH-2.0-image-1.webp\",\"width\":1400,\"height\":1400,\"caption\":\"Calcet\u00edn FLOKY S-MASH 2.0 image 1\"},{\"@type\":\"BreadcrumbList\",\"@id\":\"https:\\\/\\\/padelzoco.es\\\/product\\\/floky-calcetin-s-mash-2-0-negro\\\/#breadcrumb\",\"itemListElement\":[{\"@type\":\"ListItem\",\"position\":1,\"name\":\"Home\",\"item\":\"https:\\\/\\\/padelzoco.es\\\/\"},{\"@type\":\"ListItem\",\"position\":2,\"name\":\"Padel Zoco\",\"item\":\"https:\\\/\\\/padelzoco.es\\\/padel-zoco\\\/\"},{\"@type\":\"ListItem\",\"position\":3,\"name\":\"Floky Calcet\u00edn S-Mash 2.0 Negro\"}]},{\"@type\":\"WebSite\",\"@id\":\"https:\\\/\\\/padelzoco.es\\\/#website\",\"url\":\"https:\\\/\\\/padelzoco.es\\\/\",\"name\":\"Padel Zoco\",\"description\":\"Padel Zoco | Spain\",\"publisher\":{\"@id\":\"https:\\\/\\\/padelzoco.es\\\/#organization\"},\"potentialAction\":[{\"@type\":\"SearchAction\",\"target\":{\"@type\":\"EntryPoint\",\"urlTemplate\":\"https:\\\/\\\/padelzoco.es\\\/?s={search_term_string}\"},\"query-input\":{\"@type\":\"PropertyValueSpecification\",\"valueRequired\":true,\"valueName\":\"search_term_string\"}}],\"inLanguage\":\"en-GB\"},{\"@type\":\"Organization\",\"@id\":\"https:\\\/\\\/padelzoco.es\\\/#organization\",\"name\":\"Padel Zoco\",\"url\":\"https:\\\/\\\/padelzoco.es\\\/\",\"logo\":{\"@type\":\"ImageObject\",\"inLanguage\":\"en-GB\",\"@id\":\"https:\\\/\\\/padelzoco.es\\\/#\\\/schema\\\/logo\\\/image\\\/\",\"url\":\"https:\\\/\\\/padelzoco.es\\\/wp-content\\\/uploads\\\/2023\\\/11\\\/PadelZoco_Logo_black_white.webp\",\"contentUrl\":\"https:\\\/\\\/padelzoco.es\\\/wp-content\\\/uploads\\\/2023\\\/11\\\/PadelZoco_Logo_black_white.webp\",\"width\":1500,\"height\":631,\"caption\":\"Padel Zoco\"},\"image\":{\"@id\":\"https:\\\/\\\/padelzoco.es\\\/#\\\/schema\\\/logo\\\/image\\\/\"}}]}<\/script>\n<!-- \/ Yoast SEO plugin. -->","yoast_head_json":{"title":"Floky Calcet\u00edn S-Mash 2.0 Negro - Padel Zoco","description":"S-MASH 2.0 es la evoluci\u00f3n definitiva de la media para p\u00e1del y tenis, ofreciendo m\u00e1xima estabilidad y protecci\u00f3n gracias a su elaboraci\u00f3n alveolar que envuelve el tobillo.","robots":{"index":"index","follow":"follow","max-snippet":"max-snippet:-1","max-image-preview":"max-image-preview:large","max-video-preview":"max-video-preview:-1"},"canonical":"https:\/\/padelzoco.es\/en\/product\/floky-calcetin-s-mash-2-0-negro\/","og_locale":"en_GB","og_type":"article","og_title":"Floky Calcet\u00edn S-Mash 2.0 Negro - Padel Zoco","og_description":"S-MASH 2.0 es la evoluci\u00f3n definitiva de la media para p\u00e1del y tenis, ofreciendo m\u00e1xima estabilidad y protecci\u00f3n gracias a su elaboraci\u00f3n alveolar que envuelve el tobillo.","og_url":"https:\/\/padelzoco.es\/en\/product\/floky-calcetin-s-mash-2-0-negro\/","og_site_name":"Padel Zoco","article_modified_time":"2026-04-30T18:32:49+00:00","og_image":[{"width":1400,"height":1400,"url":"https:\/\/padelzoco.es\/wp-content\/uploads\/2024\/06\/Calcetin-FLOKY-S-MASH-2.0-image-1.webp","type":"image\/webp"}],"twitter_card":"summary_large_image","twitter_misc":{"Estimated reading time":"1 minute"},"schema":{"@context":"https:\/\/schema.org","@graph":[{"@type":"WebPage","@id":"https:\/\/padelzoco.es\/product\/floky-calcetin-s-mash-2-0-negro\/","url":"https:\/\/padelzoco.es\/product\/floky-calcetin-s-mash-2-0-negro\/","name":"Floky Calcet\u00edn S-Mash 2.0 Negro - Padel Zoco","isPartOf":{"@id":"https:\/\/padelzoco.es\/#website"},"primaryImageOfPage":{"@id":"https:\/\/padelzoco.es\/product\/floky-calcetin-s-mash-2-0-negro\/#primaryimage"},"image":{"@id":"https:\/\/padelzoco.es\/product\/floky-calcetin-s-mash-2-0-negro\/#primaryimage"},"thumbnailUrl":"https:\/\/padelzoco.es\/wp-content\/uploads\/2024\/06\/Calcetin-FLOKY-S-MASH-2.0-image-1.webp","datePublished":"2024-06-06T12:40:19+00:00","dateModified":"2026-04-30T18:32:49+00:00","description":"S-MASH 2.0 es la evoluci\u00f3n definitiva de la media para p\u00e1del y tenis, ofreciendo m\u00e1xima estabilidad y protecci\u00f3n gracias a su elaboraci\u00f3n alveolar que envuelve el tobillo.","breadcrumb":{"@id":"https:\/\/padelzoco.es\/product\/floky-calcetin-s-mash-2-0-negro\/#breadcrumb"},"inLanguage":"en-GB","potentialAction":[{"@type":"ReadAction","target":["https:\/\/padelzoco.es\/product\/floky-calcetin-s-mash-2-0-negro\/"]}]},{"@type":"ImageObject","inLanguage":"en-GB","@id":"https:\/\/padelzoco.es\/product\/floky-calcetin-s-mash-2-0-negro\/#primaryimage","url":"https:\/\/padelzoco.es\/wp-content\/uploads\/2024\/06\/Calcetin-FLOKY-S-MASH-2.0-image-1.webp","contentUrl":"https:\/\/padelzoco.es\/wp-content\/uploads\/2024\/06\/Calcetin-FLOKY-S-MASH-2.0-image-1.webp","width":1400,"height":1400,"caption":"Calcet\u00edn FLOKY S-MASH 2.0 image 1"},{"@type":"BreadcrumbList","@id":"https:\/\/padelzoco.es\/product\/floky-calcetin-s-mash-2-0-negro\/#breadcrumb","itemListElement":[{"@type":"ListItem","position":1,"name":"Home","item":"https:\/\/padelzoco.es\/"},{"@type":"ListItem","position":2,"name":"Padel Zoco","item":"https:\/\/padelzoco.es\/padel-zoco\/"},{"@type":"ListItem","position":3,"name":"Floky Calcet\u00edn S-Mash 2.0 Negro"}]},{"@type":"WebSite","@id":"https:\/\/padelzoco.es\/#website","url":"https:\/\/padelzoco.es\/","name":"Padel Zoco","description":"Padel Zoco | Spain","publisher":{"@id":"https:\/\/padelzoco.es\/#organization"},"potentialAction":[{"@type":"SearchAction","target":{"@type":"EntryPoint","urlTemplate":"https:\/\/padelzoco.es\/?s={search_term_string}"},"query-input":{"@type":"PropertyValueSpecification","valueRequired":true,"valueName":"search_term_string"}}],"inLanguage":"en-GB"},{"@type":"Organization","@id":"https:\/\/padelzoco.es\/#organization","name":"Padel Zoco","url":"https:\/\/padelzoco.es\/","logo":{"@type":"ImageObject","inLanguage":"en-GB","@id":"https:\/\/padelzoco.es\/#\/schema\/logo\/image\/","url":"https:\/\/padelzoco.es\/wp-content\/uploads\/2023\/11\/PadelZoco_Logo_black_white.webp","contentUrl":"https:\/\/padelzoco.es\/wp-content\/uploads\/2023\/11\/PadelZoco_Logo_black_white.webp","width":1500,"height":631,"caption":"Padel Zoco"},"image":{"@id":"https:\/\/padelzoco.es\/#\/schema\/logo\/image\/"}}]}},"_links":{"self":[{"href":"https:\/\/padelzoco.es\/en\/wp-json\/wp\/v2\/product\/10884","targetHints":{"allow":["GET"]}}],"collection":[{"href":"https:\/\/padelzoco.es\/en\/wp-json\/wp\/v2\/product"}],"about":[{"href":"https:\/\/padelzoco.es\/en\/wp-json\/wp\/v2\/types\/product"}],"version-history":[{"count":5,"href":"https:\/\/padelzoco.es\/en\/wp-json\/wp\/v2\/product\/10884\/revisions"}],"predecessor-version":[{"id":29923,"href":"https:\/\/padelzoco.es\/en\/wp-json\/wp\/v2\/product\/10884\/revisions\/29923"}],"wp:featuredmedia":[{"embeddable":true,"href":"https:\/\/padelzoco.es\/en\/wp-json\/wp\/v2\/media\/10899"}],"wp:attachment":[{"href":"https:\/\/padelzoco.es\/en\/wp-json\/wp\/v2\/media?parent=10884"}],"wp:term":[{"taxonomy":"product_brand","embeddable":true,"href":"https:\/\/padelzoco.es\/en\/wp-json\/wp\/v2\/product_brand?post=10884"},{"taxonomy":"product_cat","embeddable":true,"href":"https:\/\/padelzoco.es\/en\/wp-json\/wp\/v2\/product_cat?post=10884"},{"taxonomy":"product_tag","embeddable":true,"href":"https:\/\/padelzoco.es\/en\/wp-json\/wp\/v2\/product_tag?post=10884"}],"curies":[{"name":"wp","href":"https:\/\/api.w.org\/{rel}","templated":true}]}}