{"id":11079,"date":"2024-06-17T12:56:04","date_gmt":"2024-06-17T11:56:04","guid":{"rendered":"https:\/\/adc06f55e9.nxcli.io\/?post_type=product&#038;p=11079"},"modified":"2026-02-02T09:25:54","modified_gmt":"2026-02-02T08:25:54","slug":"pala-padel-head-speed-motion-ltd-ari-sanchez-2024","status":"publish","type":"product","link":"https:\/\/padelzoco.es\/en\/product\/pala-padel-head-speed-motion-ltd-ari-sanchez-2024\/","title":{"rendered":"Pala Padel Head Speed Motion LTD Ari S\u00e1nchez 2024"},"content":{"rendered":"<p>Basada en el modelo Speed Motion, y provista de las mismas prestaciones y tecnolog\u00edas, la pala SPEED MOTION LTD ARI S\u00c1NCHEZ luce un dise\u00f1o exclusivo pensado para \u2018Magic Ari\u2019, la n\u00famero 1 del mundo. Su toque m\u00e1gico se ha incorporado al dise\u00f1o de la pala con algunos detalles hologr\u00e1ficos. Como co-dise\u00f1adora, Ari eligi\u00f3 los colores para esta pala de edici\u00f3n limitada, provista de un dise\u00f1o elegante y exclusivo, que incluye su firma. Esta pala, fabricada con un molde en forma de l\u00e1grima, es ideal para jugadores avanzados y profesionales que buscan la mezcla perfecta de potencia y control, con un nivel extra de manejabilidad.<\/p>\n<p>\u00b7 Edici\u00f3n limitada co-dise\u00f1ada por Ari S\u00e1nchez, n\u00famero 1 del mundo<br \/>\n\u00b7 Colores elegantes y exclusivos elegidos por Ari<br \/>\n\u00b7 Dise\u00f1o con la firma de Ari y detalles hologr\u00e1ficos hechos para \u2018Magic Ari\u2019<br \/>\n\u00b7 Hecha para jugadores avanzados y profesionales que buscan potencia sin perder el control<br \/>\n\u00b7 Pala vers\u00e1til y manejable<br \/>\n\u00b7 Molde en forma de l\u00e1grima<br \/>\n\u00b7 Basada en el modelo Speed Motion, con las mismas prestaciones y tecnolog\u00edas<br \/>\n\u2022 Includes the Pro Spin Strips accessory, new adhesive strips with a textured surface to generate more ball grip and spin.<\/p>\n<p>FORMA: L\u00e1grima<\/p>\n<p>PESO: 360 g \/ 12.7 oz<\/p>\n<p>TAMA\u00d1O DE CABEZA: 465 cm\u00b2 \/ 72 in\u00b2<\/p>\n<p>EQUILIBRIO: 270 mm \/ 1.7 in HH<\/p>\n<p>BEAM: 38 mm \/ 1.5 in<\/p>","protected":false},"excerpt":{"rendered":"<p>Basada en el modelo Speed Motion, y provista de las mismas prestaciones y tecnolog\u00edas, la pala SPEED MOTION LTD ARI S\u00c1NCHEZ luce un dise\u00f1o exclusivo pensado para \u2018Magic Ari\u2019, la n\u00famero 1 del mundo. Su toque m\u00e1gico se ha incorporado al dise\u00f1o de la pala con algunos detalles hologr\u00e1ficos. Como co-dise\u00f1adora, Ari eligi\u00f3 los colores para esta pala de edici\u00f3n limitada, provista de un dise\u00f1o elegante y exclusivo, que incluye su firma. Esta pala, fabricada con un molde en forma de l\u00e1grima, es ideal para jugadores avanzados y profesionales que buscan la mezcla perfecta de potencia y control, con un nivel extra de manejabilidad.<\/p>\n<p>\u00b7 Edici\u00f3n limitada co-dise\u00f1ada por Ari S\u00e1nchez, n\u00famero 1 del mundo<br \/>\n\u00b7 Colores elegantes y exclusivos elegidos por Ari<br \/>\n\u00b7 Dise\u00f1o con la firma de Ari y detalles hologr\u00e1ficos hechos para \u2018Magic Ari\u2019<br \/>\n\u00b7 Hecha para jugadores avanzados y profesionales que buscan potencia sin perder el control<br \/>\n\u00b7 Pala vers\u00e1til y manejable<br \/>\n\u00b7 Molde en forma de l\u00e1grima<br \/>\n\u00b7 Basada en el modelo Speed Motion, con las mismas prestaciones y tecnolog\u00edas<br \/>\n\u2022 Includes the Pro Spin Strips accessory, new adhesive strips with a textured surface to generate more ball grip and spin.<\/p>\n<p>FORMA: L\u00e1grima<\/p>\n<p>PESO: 360 g \/ 12.7 oz<\/p>\n<p>TAMA\u00d1O DE CABEZA: 465 cm\u00b2 \/ 72 in\u00b2<\/p>\n<p>EQUILIBRIO: 270 mm \/ 1.7 in HH<\/p>\n<p>BEAM: 38 mm \/ 1.5 in<\/p>","protected":false},"featured_media":11340,"template":"","meta":[],"product_brand":[],"product_cat":[777,582,746,747,589,581,585,590,572,757,754,588],"product_tag":[],"class_list":{"0":"post-11079","1":"product","2":"type-product","3":"status-publish","4":"has-post-thumbnail","6":"product_cat-ari-sanchez","7":"product_cat-avanzado-palas","8":"product_cat-head","9":"product_cat-head-padel","10":"product_cat-hombre-palas","11":"product_cat-intermedio-palas","12":"product_cat-lagrima-palas","13":"product_cat-mujer-palas","14":"product_cat-palas","15":"product_cat-palas-ofertas","16":"product_cat-rebajas","17":"product_cat-tipo-de-jugador-palas","18":"pa_brand-head","19":"pa_gender-mujer","20":"pa_hs_code-134","22":"first","23":"outofstock","24":"sale","25":"taxable","26":"shipping-taxable","27":"purchasable","28":"product-type-simple"},"yoast_head":"<!-- This site is optimized with the Yoast SEO plugin v27.3 - https:\/\/yoast.com\/product\/yoast-seo-wordpress\/ -->\n<title>Pala Padel Head Speed Motion LTD Ari S\u00e1nchez 2024 - Padel Zoco<\/title>\n<meta name=\"description\" content=\"The limited edition SPEED MOTION ARI S\u00c1NCHEZ padel racquet has an exclusive and elegant look with playful details designed for world number one \u2018Magic Ari\u2019.\" \/>\n<meta name=\"robots\" content=\"index, follow, max-snippet:-1, max-image-preview:large, max-video-preview:-1\" \/>\n<link rel=\"canonical\" href=\"https:\/\/padelzoco.es\/en\/product\/pala-padel-head-speed-motion-ltd-ari-sanchez-2024\/\" \/>\n<meta property=\"og:locale\" content=\"en_GB\" \/>\n<meta property=\"og:type\" content=\"article\" \/>\n<meta property=\"og:title\" content=\"Pala Padel Head Speed Motion LTD Ari S\u00e1nchez 2024 - Padel Zoco\" \/>\n<meta property=\"og:description\" content=\"The limited edition SPEED MOTION ARI S\u00c1NCHEZ padel racquet has an exclusive and elegant look with playful details designed for world number one \u2018Magic Ari\u2019.\" \/>\n<meta property=\"og:url\" content=\"https:\/\/padelzoco.es\/en\/product\/pala-padel-head-speed-motion-ltd-ari-sanchez-2024\/\" \/>\n<meta property=\"og:site_name\" content=\"Padel Zoco\" \/>\n<meta property=\"article:modified_time\" content=\"2026-02-02T08:25:54+00:00\" \/>\n<meta property=\"og:image\" content=\"https:\/\/padelzoco.es\/wp-content\/uploads\/2024\/06\/HEAD-Speed-Speed-Motion-Ltd-Ari-Sanchez-2024-image-7.webp\" \/>\n\t<meta property=\"og:image:width\" content=\"1400\" \/>\n\t<meta property=\"og:image:height\" content=\"1400\" \/>\n\t<meta property=\"og:image:type\" content=\"image\/webp\" \/>\n<meta name=\"twitter:card\" content=\"summary_large_image\" \/>\n<meta name=\"twitter:label1\" content=\"Estimated reading time\" \/>\n\t<meta name=\"twitter:data1\" content=\"2 minutes\" \/>\n<script type=\"application\/ld+json\" class=\"yoast-schema-graph\">{\"@context\":\"https:\\\/\\\/schema.org\",\"@graph\":[{\"@type\":\"WebPage\",\"@id\":\"https:\\\/\\\/padelzoco.es\\\/product\\\/pala-padel-head-speed-motion-ltd-ari-sanchez-2024\\\/\",\"url\":\"https:\\\/\\\/padelzoco.es\\\/product\\\/pala-padel-head-speed-motion-ltd-ari-sanchez-2024\\\/\",\"name\":\"Pala Padel Head Speed Motion LTD Ari S\u00e1nchez 2024 - Padel Zoco\",\"isPartOf\":{\"@id\":\"https:\\\/\\\/padelzoco.es\\\/#website\"},\"primaryImageOfPage\":{\"@id\":\"https:\\\/\\\/padelzoco.es\\\/product\\\/pala-padel-head-speed-motion-ltd-ari-sanchez-2024\\\/#primaryimage\"},\"image\":{\"@id\":\"https:\\\/\\\/padelzoco.es\\\/product\\\/pala-padel-head-speed-motion-ltd-ari-sanchez-2024\\\/#primaryimage\"},\"thumbnailUrl\":\"https:\\\/\\\/padelzoco.es\\\/wp-content\\\/uploads\\\/2024\\\/06\\\/HEAD-Speed-Speed-Motion-Ltd-Ari-Sanchez-2024-image-7.webp\",\"datePublished\":\"2024-06-17T11:56:04+00:00\",\"dateModified\":\"2026-02-02T08:25:54+00:00\",\"description\":\"The limited edition SPEED MOTION ARI S\u00c1NCHEZ padel racquet has an exclusive and elegant look with playful details designed for world number one \u2018Magic Ari\u2019.\",\"breadcrumb\":{\"@id\":\"https:\\\/\\\/padelzoco.es\\\/product\\\/pala-padel-head-speed-motion-ltd-ari-sanchez-2024\\\/#breadcrumb\"},\"inLanguage\":\"en-GB\",\"potentialAction\":[{\"@type\":\"ReadAction\",\"target\":[\"https:\\\/\\\/padelzoco.es\\\/product\\\/pala-padel-head-speed-motion-ltd-ari-sanchez-2024\\\/\"]}]},{\"@type\":\"ImageObject\",\"inLanguage\":\"en-GB\",\"@id\":\"https:\\\/\\\/padelzoco.es\\\/product\\\/pala-padel-head-speed-motion-ltd-ari-sanchez-2024\\\/#primaryimage\",\"url\":\"https:\\\/\\\/padelzoco.es\\\/wp-content\\\/uploads\\\/2024\\\/06\\\/HEAD-Speed-Speed-Motion-Ltd-Ari-Sanchez-2024-image-7.webp\",\"contentUrl\":\"https:\\\/\\\/padelzoco.es\\\/wp-content\\\/uploads\\\/2024\\\/06\\\/HEAD-Speed-Speed-Motion-Ltd-Ari-Sanchez-2024-image-7.webp\",\"width\":1400,\"height\":1400,\"caption\":\"HEAD Speed Speed Motion Ltd Ari S\u00e1nchez 2024 image 7\"},{\"@type\":\"BreadcrumbList\",\"@id\":\"https:\\\/\\\/padelzoco.es\\\/product\\\/pala-padel-head-speed-motion-ltd-ari-sanchez-2024\\\/#breadcrumb\",\"itemListElement\":[{\"@type\":\"ListItem\",\"position\":1,\"name\":\"Home\",\"item\":\"https:\\\/\\\/padelzoco.es\\\/\"},{\"@type\":\"ListItem\",\"position\":2,\"name\":\"Padel Zoco\",\"item\":\"https:\\\/\\\/padelzoco.es\\\/padel-zoco\\\/\"},{\"@type\":\"ListItem\",\"position\":3,\"name\":\"Pala Padel Head Speed Motion LTD Ari S\u00e1nchez 2024\"}]},{\"@type\":\"WebSite\",\"@id\":\"https:\\\/\\\/padelzoco.es\\\/#website\",\"url\":\"https:\\\/\\\/padelzoco.es\\\/\",\"name\":\"Padel Zoco\",\"description\":\"Padel Zoco | Spain\",\"publisher\":{\"@id\":\"https:\\\/\\\/padelzoco.es\\\/#organization\"},\"potentialAction\":[{\"@type\":\"SearchAction\",\"target\":{\"@type\":\"EntryPoint\",\"urlTemplate\":\"https:\\\/\\\/padelzoco.es\\\/?s={search_term_string}\"},\"query-input\":{\"@type\":\"PropertyValueSpecification\",\"valueRequired\":true,\"valueName\":\"search_term_string\"}}],\"inLanguage\":\"en-GB\"},{\"@type\":\"Organization\",\"@id\":\"https:\\\/\\\/padelzoco.es\\\/#organization\",\"name\":\"Padel Zoco\",\"url\":\"https:\\\/\\\/padelzoco.es\\\/\",\"logo\":{\"@type\":\"ImageObject\",\"inLanguage\":\"en-GB\",\"@id\":\"https:\\\/\\\/padelzoco.es\\\/#\\\/schema\\\/logo\\\/image\\\/\",\"url\":\"https:\\\/\\\/padelzoco.es\\\/wp-content\\\/uploads\\\/2023\\\/11\\\/PadelZoco_Logo_black_white.webp\",\"contentUrl\":\"https:\\\/\\\/padelzoco.es\\\/wp-content\\\/uploads\\\/2023\\\/11\\\/PadelZoco_Logo_black_white.webp\",\"width\":1500,\"height\":631,\"caption\":\"Padel Zoco\"},\"image\":{\"@id\":\"https:\\\/\\\/padelzoco.es\\\/#\\\/schema\\\/logo\\\/image\\\/\"}}]}<\/script>\n<!-- \/ Yoast SEO plugin. -->","yoast_head_json":{"title":"Pala Padel Head Speed Motion LTD Ari S\u00e1nchez 2024 - Padel Zoco","description":"The limited edition SPEED MOTION ARI S\u00c1NCHEZ padel racquet has an exclusive and elegant look with playful details designed for world number one \u2018Magic Ari\u2019.","robots":{"index":"index","follow":"follow","max-snippet":"max-snippet:-1","max-image-preview":"max-image-preview:large","max-video-preview":"max-video-preview:-1"},"canonical":"https:\/\/padelzoco.es\/en\/product\/pala-padel-head-speed-motion-ltd-ari-sanchez-2024\/","og_locale":"en_GB","og_type":"article","og_title":"Pala Padel Head Speed Motion LTD Ari S\u00e1nchez 2024 - Padel Zoco","og_description":"The limited edition SPEED MOTION ARI S\u00c1NCHEZ padel racquet has an exclusive and elegant look with playful details designed for world number one \u2018Magic Ari\u2019.","og_url":"https:\/\/padelzoco.es\/en\/product\/pala-padel-head-speed-motion-ltd-ari-sanchez-2024\/","og_site_name":"Padel Zoco","article_modified_time":"2026-02-02T08:25:54+00:00","og_image":[{"width":1400,"height":1400,"url":"https:\/\/padelzoco.es\/wp-content\/uploads\/2024\/06\/HEAD-Speed-Speed-Motion-Ltd-Ari-Sanchez-2024-image-7.webp","type":"image\/webp"}],"twitter_card":"summary_large_image","twitter_misc":{"Estimated reading time":"2 minutes"},"schema":{"@context":"https:\/\/schema.org","@graph":[{"@type":"WebPage","@id":"https:\/\/padelzoco.es\/product\/pala-padel-head-speed-motion-ltd-ari-sanchez-2024\/","url":"https:\/\/padelzoco.es\/product\/pala-padel-head-speed-motion-ltd-ari-sanchez-2024\/","name":"Pala Padel Head Speed Motion LTD Ari S\u00e1nchez 2024 - Padel Zoco","isPartOf":{"@id":"https:\/\/padelzoco.es\/#website"},"primaryImageOfPage":{"@id":"https:\/\/padelzoco.es\/product\/pala-padel-head-speed-motion-ltd-ari-sanchez-2024\/#primaryimage"},"image":{"@id":"https:\/\/padelzoco.es\/product\/pala-padel-head-speed-motion-ltd-ari-sanchez-2024\/#primaryimage"},"thumbnailUrl":"https:\/\/padelzoco.es\/wp-content\/uploads\/2024\/06\/HEAD-Speed-Speed-Motion-Ltd-Ari-Sanchez-2024-image-7.webp","datePublished":"2024-06-17T11:56:04+00:00","dateModified":"2026-02-02T08:25:54+00:00","description":"The limited edition SPEED MOTION ARI S\u00c1NCHEZ padel racquet has an exclusive and elegant look with playful details designed for world number one \u2018Magic Ari\u2019.","breadcrumb":{"@id":"https:\/\/padelzoco.es\/product\/pala-padel-head-speed-motion-ltd-ari-sanchez-2024\/#breadcrumb"},"inLanguage":"en-GB","potentialAction":[{"@type":"ReadAction","target":["https:\/\/padelzoco.es\/product\/pala-padel-head-speed-motion-ltd-ari-sanchez-2024\/"]}]},{"@type":"ImageObject","inLanguage":"en-GB","@id":"https:\/\/padelzoco.es\/product\/pala-padel-head-speed-motion-ltd-ari-sanchez-2024\/#primaryimage","url":"https:\/\/padelzoco.es\/wp-content\/uploads\/2024\/06\/HEAD-Speed-Speed-Motion-Ltd-Ari-Sanchez-2024-image-7.webp","contentUrl":"https:\/\/padelzoco.es\/wp-content\/uploads\/2024\/06\/HEAD-Speed-Speed-Motion-Ltd-Ari-Sanchez-2024-image-7.webp","width":1400,"height":1400,"caption":"HEAD Speed Speed Motion Ltd Ari S\u00e1nchez 2024 image 7"},{"@type":"BreadcrumbList","@id":"https:\/\/padelzoco.es\/product\/pala-padel-head-speed-motion-ltd-ari-sanchez-2024\/#breadcrumb","itemListElement":[{"@type":"ListItem","position":1,"name":"Home","item":"https:\/\/padelzoco.es\/"},{"@type":"ListItem","position":2,"name":"Padel Zoco","item":"https:\/\/padelzoco.es\/padel-zoco\/"},{"@type":"ListItem","position":3,"name":"Pala Padel Head Speed Motion LTD Ari S\u00e1nchez 2024"}]},{"@type":"WebSite","@id":"https:\/\/padelzoco.es\/#website","url":"https:\/\/padelzoco.es\/","name":"Padel Zoco","description":"Padel Zoco | Spain","publisher":{"@id":"https:\/\/padelzoco.es\/#organization"},"potentialAction":[{"@type":"SearchAction","target":{"@type":"EntryPoint","urlTemplate":"https:\/\/padelzoco.es\/?s={search_term_string}"},"query-input":{"@type":"PropertyValueSpecification","valueRequired":true,"valueName":"search_term_string"}}],"inLanguage":"en-GB"},{"@type":"Organization","@id":"https:\/\/padelzoco.es\/#organization","name":"Padel Zoco","url":"https:\/\/padelzoco.es\/","logo":{"@type":"ImageObject","inLanguage":"en-GB","@id":"https:\/\/padelzoco.es\/#\/schema\/logo\/image\/","url":"https:\/\/padelzoco.es\/wp-content\/uploads\/2023\/11\/PadelZoco_Logo_black_white.webp","contentUrl":"https:\/\/padelzoco.es\/wp-content\/uploads\/2023\/11\/PadelZoco_Logo_black_white.webp","width":1500,"height":631,"caption":"Padel Zoco"},"image":{"@id":"https:\/\/padelzoco.es\/#\/schema\/logo\/image\/"}}]}},"_links":{"self":[{"href":"https:\/\/padelzoco.es\/en\/wp-json\/wp\/v2\/product\/11079","targetHints":{"allow":["GET"]}}],"collection":[{"href":"https:\/\/padelzoco.es\/en\/wp-json\/wp\/v2\/product"}],"about":[{"href":"https:\/\/padelzoco.es\/en\/wp-json\/wp\/v2\/types\/product"}],"version-history":[{"count":1,"href":"https:\/\/padelzoco.es\/en\/wp-json\/wp\/v2\/product\/11079\/revisions"}],"predecessor-version":[{"id":23077,"href":"https:\/\/padelzoco.es\/en\/wp-json\/wp\/v2\/product\/11079\/revisions\/23077"}],"wp:featuredmedia":[{"embeddable":true,"href":"https:\/\/padelzoco.es\/en\/wp-json\/wp\/v2\/media\/11340"}],"wp:attachment":[{"href":"https:\/\/padelzoco.es\/en\/wp-json\/wp\/v2\/media?parent=11079"}],"wp:term":[{"taxonomy":"product_brand","embeddable":true,"href":"https:\/\/padelzoco.es\/en\/wp-json\/wp\/v2\/product_brand?post=11079"},{"taxonomy":"product_cat","embeddable":true,"href":"https:\/\/padelzoco.es\/en\/wp-json\/wp\/v2\/product_cat?post=11079"},{"taxonomy":"product_tag","embeddable":true,"href":"https:\/\/padelzoco.es\/en\/wp-json\/wp\/v2\/product_tag?post=11079"}],"curies":[{"name":"wp","href":"https:\/\/api.w.org\/{rel}","templated":true}]}}