{"id":11326,"date":"2024-06-25T12:54:02","date_gmt":"2024-06-25T11:54:02","guid":{"rendered":"https:\/\/adc06f55e9.nxcli.io\/?post_type=product&#038;p=11326"},"modified":"2026-03-18T18:58:33","modified_gmt":"2026-03-18T17:58:33","slug":"pantalon-asics-court-women","status":"publish","type":"product","link":"https:\/\/padelzoco.es\/en\/product\/pantalon-asics-court-women\/","title":{"rendered":"Pantalon Asics Court Women"},"content":{"rendered":"<p data-start=\"0\" data-end=\"338\">Los pantalones cortos Asics Court Women est\u00e1n dise\u00f1ados para ofrecer libertad de movimiento y comodidad en la pista, permiti\u00e9ndote jugar sin restricciones. Su tejido suave y de secado r\u00e1pido mantiene la ligereza durante todo el partido, mientras que la construcci\u00f3n flexible mejora el rango de movimiento en cada golpe y desplazamiento.<\/p>\n<p data-start=\"340\" data-end=\"500\">Adem\u00e1s, al menos el 50% del material principal est\u00e1 fabricado con materiales reciclados, apoyando la sostenibilidad sin sacrificar rendimiento ni durabilidad.<\/p>\n<p data-start=\"502\" data-end=\"522\">\n<p data-start=\"524\" data-end=\"700\">\n<p data-start=\"702\" data-end=\"721\">\n<p data-start=\"723\" data-end=\"886\" data-is-last-node=\"\" data-is-only-node=\"\">","protected":false},"excerpt":{"rendered":"<div class=\"small-bold\">\n<p>Estos pantalones cortos est\u00e1n dise\u00f1ados para ayudarte a mover tu cuerpo y tu mente de forma libre en la pista.<\/p>\n<p>Cuenta con un tejido suave y de secado r\u00e1pido para mantener la ligereza y la comodidad de la prenda durante todo tu partido.<\/p>\n<p>Adem\u00e1s, el material ligero y flexible de la prenda est\u00e1 dise\u00f1ado para mejorar el rango de movimiento durante los diferentes movimientos sobre la pista.<\/p>\n<p>Al menos el 50% del material principal de la prenda est\u00e1 fabricado con materiales reciclados para reducir los residuos y las emisiones de carbono.<\/p>\n<p>Tejido principal: 100% Poli\u00e9ster \/ Inserci\u00f3n: 92% Poli\u00e9ster \/ 8% Elastano<\/p>\n<div class=\"product-info-numbers\"><\/div>\n<\/div>","protected":false},"featured_media":11336,"template":"","meta":[],"product_brand":[],"product_cat":[606,617,609,613,601],"product_tag":[],"class_list":{"0":"post-11326","1":"product","2":"type-product","3":"status-publish","4":"has-post-thumbnail","6":"product_cat-asics-ropa","7":"product_cat-faldas-ropa","8":"product_cat-mujer-ropa","9":"product_cat-pantalones-ropa","10":"product_cat-ropa","11":"pa_brand-asics","12":"pa_color-negro","13":"pa_gender-mujer","14":"pa_hs_code-87","15":"pa_size-l","16":"pa_size-m","17":"pa_size-s","18":"pa_size-xl","20":"first","21":"instock","22":"sale","23":"taxable","24":"shipping-taxable","25":"purchasable","26":"product-type-variable"},"yoast_head":"<!-- This site is optimized with the Yoast SEO plugin v27.4 - https:\/\/yoast.com\/product\/yoast-seo-wordpress\/ -->\n<title>Pantalon Asics Court Women - Padel Zoco<\/title>\n<meta name=\"description\" content=\"Pantalones cortos Asics Court Women, c\u00f3modos y ligeros, con tejido de secado r\u00e1pido y materiales reciclados, perfectos para m\u00e1xima libertad de movimiento en p\u00e1del.\" \/>\n<meta name=\"robots\" content=\"index, follow, max-snippet:-1, max-image-preview:large, max-video-preview:-1\" \/>\n<link rel=\"canonical\" href=\"https:\/\/padelzoco.es\/en\/product\/pantalon-asics-court-women\/\" \/>\n<meta property=\"og:locale\" content=\"en_GB\" \/>\n<meta property=\"og:type\" content=\"article\" \/>\n<meta property=\"og:title\" content=\"Pantalon Asics Court Women - Padel Zoco\" \/>\n<meta property=\"og:description\" content=\"Pantalones cortos Asics Court Women, c\u00f3modos y ligeros, con tejido de secado r\u00e1pido y materiales reciclados, perfectos para m\u00e1xima libertad de movimiento en p\u00e1del.\" \/>\n<meta property=\"og:url\" content=\"https:\/\/padelzoco.es\/en\/product\/pantalon-asics-court-women\/\" \/>\n<meta property=\"og:site_name\" content=\"Padel Zoco\" \/>\n<meta property=\"article:modified_time\" content=\"2026-03-18T17:58:33+00:00\" \/>\n<meta property=\"og:image\" content=\"https:\/\/padelzoco.es\/wp-content\/uploads\/2024\/06\/ASICS-Court-Short-For-Women-image-1.webp\" \/>\n\t<meta property=\"og:image:width\" content=\"1400\" \/>\n\t<meta property=\"og:image:height\" content=\"1400\" \/>\n\t<meta property=\"og:image:type\" content=\"image\/webp\" \/>\n<meta name=\"twitter:card\" content=\"summary_large_image\" \/>\n<meta name=\"twitter:label1\" content=\"Estimated reading time\" \/>\n\t<meta name=\"twitter:data1\" content=\"1 minute\" \/>\n<script type=\"application\/ld+json\" class=\"yoast-schema-graph\">{\"@context\":\"https:\\\/\\\/schema.org\",\"@graph\":[{\"@type\":\"WebPage\",\"@id\":\"https:\\\/\\\/padelzoco.es\\\/product\\\/pantalon-asics-court-women\\\/\",\"url\":\"https:\\\/\\\/padelzoco.es\\\/product\\\/pantalon-asics-court-women\\\/\",\"name\":\"Pantalon Asics Court Women - Padel Zoco\",\"isPartOf\":{\"@id\":\"https:\\\/\\\/padelzoco.es\\\/#website\"},\"primaryImageOfPage\":{\"@id\":\"https:\\\/\\\/padelzoco.es\\\/product\\\/pantalon-asics-court-women\\\/#primaryimage\"},\"image\":{\"@id\":\"https:\\\/\\\/padelzoco.es\\\/product\\\/pantalon-asics-court-women\\\/#primaryimage\"},\"thumbnailUrl\":\"https:\\\/\\\/padelzoco.es\\\/wp-content\\\/uploads\\\/2024\\\/06\\\/ASICS-Court-Short-For-Women-image-1.webp\",\"datePublished\":\"2024-06-25T11:54:02+00:00\",\"dateModified\":\"2026-03-18T17:58:33+00:00\",\"description\":\"Pantalones cortos Asics Court Women, c\u00f3modos y ligeros, con tejido de secado r\u00e1pido y materiales reciclados, perfectos para m\u00e1xima libertad de movimiento en p\u00e1del.\",\"breadcrumb\":{\"@id\":\"https:\\\/\\\/padelzoco.es\\\/product\\\/pantalon-asics-court-women\\\/#breadcrumb\"},\"inLanguage\":\"en-GB\",\"potentialAction\":[{\"@type\":\"ReadAction\",\"target\":[\"https:\\\/\\\/padelzoco.es\\\/product\\\/pantalon-asics-court-women\\\/\"]}]},{\"@type\":\"ImageObject\",\"inLanguage\":\"en-GB\",\"@id\":\"https:\\\/\\\/padelzoco.es\\\/product\\\/pantalon-asics-court-women\\\/#primaryimage\",\"url\":\"https:\\\/\\\/padelzoco.es\\\/wp-content\\\/uploads\\\/2024\\\/06\\\/ASICS-Court-Short-For-Women-image-1.webp\",\"contentUrl\":\"https:\\\/\\\/padelzoco.es\\\/wp-content\\\/uploads\\\/2024\\\/06\\\/ASICS-Court-Short-For-Women-image-1.webp\",\"width\":1400,\"height\":1400,\"caption\":\"ASICS Court Short For Women image 1\"},{\"@type\":\"BreadcrumbList\",\"@id\":\"https:\\\/\\\/padelzoco.es\\\/product\\\/pantalon-asics-court-women\\\/#breadcrumb\",\"itemListElement\":[{\"@type\":\"ListItem\",\"position\":1,\"name\":\"Home\",\"item\":\"https:\\\/\\\/padelzoco.es\\\/\"},{\"@type\":\"ListItem\",\"position\":2,\"name\":\"Padel Zoco\",\"item\":\"https:\\\/\\\/padelzoco.es\\\/padel-zoco\\\/\"},{\"@type\":\"ListItem\",\"position\":3,\"name\":\"Pantalon Asics Court Women\"}]},{\"@type\":\"WebSite\",\"@id\":\"https:\\\/\\\/padelzoco.es\\\/#website\",\"url\":\"https:\\\/\\\/padelzoco.es\\\/\",\"name\":\"Padel Zoco\",\"description\":\"Padel Zoco | Spain\",\"publisher\":{\"@id\":\"https:\\\/\\\/padelzoco.es\\\/#organization\"},\"potentialAction\":[{\"@type\":\"SearchAction\",\"target\":{\"@type\":\"EntryPoint\",\"urlTemplate\":\"https:\\\/\\\/padelzoco.es\\\/?s={search_term_string}\"},\"query-input\":{\"@type\":\"PropertyValueSpecification\",\"valueRequired\":true,\"valueName\":\"search_term_string\"}}],\"inLanguage\":\"en-GB\"},{\"@type\":\"Organization\",\"@id\":\"https:\\\/\\\/padelzoco.es\\\/#organization\",\"name\":\"Padel Zoco\",\"url\":\"https:\\\/\\\/padelzoco.es\\\/\",\"logo\":{\"@type\":\"ImageObject\",\"inLanguage\":\"en-GB\",\"@id\":\"https:\\\/\\\/padelzoco.es\\\/#\\\/schema\\\/logo\\\/image\\\/\",\"url\":\"https:\\\/\\\/padelzoco.es\\\/wp-content\\\/uploads\\\/2023\\\/11\\\/PadelZoco_Logo_black_white.webp\",\"contentUrl\":\"https:\\\/\\\/padelzoco.es\\\/wp-content\\\/uploads\\\/2023\\\/11\\\/PadelZoco_Logo_black_white.webp\",\"width\":1500,\"height\":631,\"caption\":\"Padel Zoco\"},\"image\":{\"@id\":\"https:\\\/\\\/padelzoco.es\\\/#\\\/schema\\\/logo\\\/image\\\/\"}}]}<\/script>\n<!-- \/ Yoast SEO plugin. -->","yoast_head_json":{"title":"Pantalon Asics Court Women - Padel Zoco","description":"Pantalones cortos Asics Court Women, c\u00f3modos y ligeros, con tejido de secado r\u00e1pido y materiales reciclados, perfectos para m\u00e1xima libertad de movimiento en p\u00e1del.","robots":{"index":"index","follow":"follow","max-snippet":"max-snippet:-1","max-image-preview":"max-image-preview:large","max-video-preview":"max-video-preview:-1"},"canonical":"https:\/\/padelzoco.es\/en\/product\/pantalon-asics-court-women\/","og_locale":"en_GB","og_type":"article","og_title":"Pantalon Asics Court Women - Padel Zoco","og_description":"Pantalones cortos Asics Court Women, c\u00f3modos y ligeros, con tejido de secado r\u00e1pido y materiales reciclados, perfectos para m\u00e1xima libertad de movimiento en p\u00e1del.","og_url":"https:\/\/padelzoco.es\/en\/product\/pantalon-asics-court-women\/","og_site_name":"Padel Zoco","article_modified_time":"2026-03-18T17:58:33+00:00","og_image":[{"width":1400,"height":1400,"url":"https:\/\/padelzoco.es\/wp-content\/uploads\/2024\/06\/ASICS-Court-Short-For-Women-image-1.webp","type":"image\/webp"}],"twitter_card":"summary_large_image","twitter_misc":{"Estimated reading time":"1 minute"},"schema":{"@context":"https:\/\/schema.org","@graph":[{"@type":"WebPage","@id":"https:\/\/padelzoco.es\/product\/pantalon-asics-court-women\/","url":"https:\/\/padelzoco.es\/product\/pantalon-asics-court-women\/","name":"Pantalon Asics Court Women - Padel Zoco","isPartOf":{"@id":"https:\/\/padelzoco.es\/#website"},"primaryImageOfPage":{"@id":"https:\/\/padelzoco.es\/product\/pantalon-asics-court-women\/#primaryimage"},"image":{"@id":"https:\/\/padelzoco.es\/product\/pantalon-asics-court-women\/#primaryimage"},"thumbnailUrl":"https:\/\/padelzoco.es\/wp-content\/uploads\/2024\/06\/ASICS-Court-Short-For-Women-image-1.webp","datePublished":"2024-06-25T11:54:02+00:00","dateModified":"2026-03-18T17:58:33+00:00","description":"Pantalones cortos Asics Court Women, c\u00f3modos y ligeros, con tejido de secado r\u00e1pido y materiales reciclados, perfectos para m\u00e1xima libertad de movimiento en p\u00e1del.","breadcrumb":{"@id":"https:\/\/padelzoco.es\/product\/pantalon-asics-court-women\/#breadcrumb"},"inLanguage":"en-GB","potentialAction":[{"@type":"ReadAction","target":["https:\/\/padelzoco.es\/product\/pantalon-asics-court-women\/"]}]},{"@type":"ImageObject","inLanguage":"en-GB","@id":"https:\/\/padelzoco.es\/product\/pantalon-asics-court-women\/#primaryimage","url":"https:\/\/padelzoco.es\/wp-content\/uploads\/2024\/06\/ASICS-Court-Short-For-Women-image-1.webp","contentUrl":"https:\/\/padelzoco.es\/wp-content\/uploads\/2024\/06\/ASICS-Court-Short-For-Women-image-1.webp","width":1400,"height":1400,"caption":"ASICS Court Short For Women image 1"},{"@type":"BreadcrumbList","@id":"https:\/\/padelzoco.es\/product\/pantalon-asics-court-women\/#breadcrumb","itemListElement":[{"@type":"ListItem","position":1,"name":"Home","item":"https:\/\/padelzoco.es\/"},{"@type":"ListItem","position":2,"name":"Padel Zoco","item":"https:\/\/padelzoco.es\/padel-zoco\/"},{"@type":"ListItem","position":3,"name":"Pantalon Asics Court Women"}]},{"@type":"WebSite","@id":"https:\/\/padelzoco.es\/#website","url":"https:\/\/padelzoco.es\/","name":"Padel Zoco","description":"Padel Zoco | Spain","publisher":{"@id":"https:\/\/padelzoco.es\/#organization"},"potentialAction":[{"@type":"SearchAction","target":{"@type":"EntryPoint","urlTemplate":"https:\/\/padelzoco.es\/?s={search_term_string}"},"query-input":{"@type":"PropertyValueSpecification","valueRequired":true,"valueName":"search_term_string"}}],"inLanguage":"en-GB"},{"@type":"Organization","@id":"https:\/\/padelzoco.es\/#organization","name":"Padel Zoco","url":"https:\/\/padelzoco.es\/","logo":{"@type":"ImageObject","inLanguage":"en-GB","@id":"https:\/\/padelzoco.es\/#\/schema\/logo\/image\/","url":"https:\/\/padelzoco.es\/wp-content\/uploads\/2023\/11\/PadelZoco_Logo_black_white.webp","contentUrl":"https:\/\/padelzoco.es\/wp-content\/uploads\/2023\/11\/PadelZoco_Logo_black_white.webp","width":1500,"height":631,"caption":"Padel Zoco"},"image":{"@id":"https:\/\/padelzoco.es\/#\/schema\/logo\/image\/"}}]}},"_links":{"self":[{"href":"https:\/\/padelzoco.es\/en\/wp-json\/wp\/v2\/product\/11326","targetHints":{"allow":["GET"]}}],"collection":[{"href":"https:\/\/padelzoco.es\/en\/wp-json\/wp\/v2\/product"}],"about":[{"href":"https:\/\/padelzoco.es\/en\/wp-json\/wp\/v2\/types\/product"}],"version-history":[{"count":5,"href":"https:\/\/padelzoco.es\/en\/wp-json\/wp\/v2\/product\/11326\/revisions"}],"predecessor-version":[{"id":37748,"href":"https:\/\/padelzoco.es\/en\/wp-json\/wp\/v2\/product\/11326\/revisions\/37748"}],"wp:featuredmedia":[{"embeddable":true,"href":"https:\/\/padelzoco.es\/en\/wp-json\/wp\/v2\/media\/11336"}],"wp:attachment":[{"href":"https:\/\/padelzoco.es\/en\/wp-json\/wp\/v2\/media?parent=11326"}],"wp:term":[{"taxonomy":"product_brand","embeddable":true,"href":"https:\/\/padelzoco.es\/en\/wp-json\/wp\/v2\/product_brand?post=11326"},{"taxonomy":"product_cat","embeddable":true,"href":"https:\/\/padelzoco.es\/en\/wp-json\/wp\/v2\/product_cat?post=11326"},{"taxonomy":"product_tag","embeddable":true,"href":"https:\/\/padelzoco.es\/en\/wp-json\/wp\/v2\/product_tag?post=11326"}],"curies":[{"name":"wp","href":"https:\/\/api.w.org\/{rel}","templated":true}]}}