{"id":11422,"date":"2024-06-27T18:27:29","date_gmt":"2024-06-27T17:27:29","guid":{"rendered":"https:\/\/adc06f55e9.nxcli.io\/?post_type=product&#038;p=11422"},"modified":"2026-03-25T01:54:23","modified_gmt":"2026-03-25T00:54:23","slug":"floky-manguito-no-strain-kaleido","status":"publish","type":"product","link":"https:\/\/padelzoco.es\/en\/product\/floky-manguito-no-strain-kaleido\/","title":{"rendered":"Floky Manguito No Strain Kaleido"},"content":{"rendered":"<div class=\"product-form__description rte\">\n<p>El manguito NO-STRAIN es el\u00a0<strong>primer manguito biomec\u00e1nico<\/strong>\u00a0dise\u00f1ado para reducir las vibraciones y prevenir lesiones en muchos deportes. Gracias a sus aplicaciones de compresi\u00f3n y biomec\u00e1nicas,\u00a0<strong>protege el codo, el antebrazo y las partes musculares del deportista<\/strong>, reduciendo trastornos inflamatorios y lesiones como la epicondilitis.<\/p>\n<\/div>\n<div class=\"product-form__custom-liquid\">\n<div id=\"KiwiSizingChart\" class=\"kiwiSizingLoaded\" data-sizing-id=\"36933644\" data-display-mode=\"2\" data-recommender-display-mode=\"2\" data-layout-type=\"0\">\n<div class=\"ks-chart-container sizing-chart-container ks-container-with-modal\">\n<div id=\"ks-chart-content-576105\" class=\"ks-modal-content-hidden\">\n<div>\n<div class=\"ks-modal-header\"><\/div>\n<\/div>\n<\/div>\n<\/div>\n<\/div>\n<\/div>\n<p><img decoding=\"async\" src=\"https:\/\/cdn.kiwisizing.com\/1b1a66-2-1706530745907.png\" \/><\/p>","protected":false},"excerpt":{"rendered":"<div class=\"product-form__description rte\">\n<p>El manguito NO-STRAIN es el\u00a0<strong>primer manguito biomec\u00e1nico<\/strong>\u00a0dise\u00f1ado para reducir las vibraciones y prevenir lesiones en muchos deportes. Gracias a sus aplicaciones de compresi\u00f3n y biomec\u00e1nicas,\u00a0<strong>protege el codo, el antebrazo y las partes musculares del deportista<\/strong>, reduciendo trastornos inflamatorios y lesiones como la epicondilitis.<\/p>\n<h5 style=\"text-align: center;\"><strong>VIENE 1 UNIDAD<\/strong><\/h5>\n<\/div>\n<p><img decoding=\"async\" src=\"https:\/\/cdn.kiwisizing.com\/1b1a66-2-1706530745907.png\" \/><\/p>","protected":false},"featured_media":11428,"template":"","meta":[],"product_brand":[],"product_cat":[637,703,763,754],"product_tag":[],"class_list":{"0":"post-11422","1":"product","2":"type-product","3":"status-publish","4":"has-post-thumbnail","6":"product_cat-accesorios","7":"product_cat-fernandobelasteguin","8":"product_cat-manguito","9":"product_cat-rebajas","10":"pa_brand-floky","11":"pa_color-green","12":"pa_hs_code-769","13":"pa_size-t1-xs-s","14":"pa_size-t2-ml","15":"pa_size-t3-l-xll","16":"pa_size-t4-xxl","18":"first","19":"instock","20":"sale","21":"taxable","22":"shipping-taxable","23":"purchasable","24":"product-type-variable"},"yoast_head":"<!-- This site is optimized with the Yoast SEO plugin v27.3 - https:\/\/yoast.com\/product\/yoast-seo-wordpress\/ -->\n<title>Floky Manguito No Strain Kaleido - Padel Zoco<\/title>\n<meta name=\"description\" content=\"Los manguitos son intercambiables (utilizables en el mismo brazo).Los manguitos negro, blanco y amarillo fluorescente se venden por pares. Pala Madrid Zoco.\" \/>\n<meta name=\"robots\" content=\"index, follow, max-snippet:-1, max-image-preview:large, max-video-preview:-1\" \/>\n<link rel=\"canonical\" href=\"https:\/\/padelzoco.es\/en\/product\/floky-manguito-no-strain-kaleido\/\" \/>\n<meta property=\"og:locale\" content=\"en_GB\" \/>\n<meta property=\"og:type\" content=\"article\" \/>\n<meta property=\"og:title\" content=\"Floky Manguito No Strain Kaleido - Padel Zoco\" \/>\n<meta property=\"og:description\" content=\"Los manguitos son intercambiables (utilizables en el mismo brazo).Los manguitos negro, blanco y amarillo fluorescente se venden por pares. Pala Madrid Zoco.\" \/>\n<meta property=\"og:url\" content=\"https:\/\/padelzoco.es\/en\/product\/floky-manguito-no-strain-kaleido\/\" \/>\n<meta property=\"og:site_name\" content=\"Padel Zoco\" \/>\n<meta property=\"article:modified_time\" content=\"2026-03-25T00:54:23+00:00\" \/>\n<meta property=\"og:image\" content=\"https:\/\/padelzoco.es\/wp-content\/uploads\/2024\/06\/Floky-Manguito-No-Strain-Kaleido-image-2.webp\" \/>\n\t<meta property=\"og:image:width\" content=\"1400\" \/>\n\t<meta property=\"og:image:height\" content=\"1400\" \/>\n\t<meta property=\"og:image:type\" content=\"image\/webp\" \/>\n<meta name=\"twitter:card\" content=\"summary_large_image\" \/>\n<meta name=\"twitter:label1\" content=\"Estimated reading time\" \/>\n\t<meta name=\"twitter:data1\" content=\"1 minute\" \/>\n<script type=\"application\/ld+json\" class=\"yoast-schema-graph\">{\"@context\":\"https:\\\/\\\/schema.org\",\"@graph\":[{\"@type\":\"WebPage\",\"@id\":\"https:\\\/\\\/padelzoco.es\\\/product\\\/floky-manguito-no-strain-kaleido\\\/\",\"url\":\"https:\\\/\\\/padelzoco.es\\\/product\\\/floky-manguito-no-strain-kaleido\\\/\",\"name\":\"Floky Manguito No Strain Kaleido - Padel Zoco\",\"isPartOf\":{\"@id\":\"https:\\\/\\\/padelzoco.es\\\/#website\"},\"primaryImageOfPage\":{\"@id\":\"https:\\\/\\\/padelzoco.es\\\/product\\\/floky-manguito-no-strain-kaleido\\\/#primaryimage\"},\"image\":{\"@id\":\"https:\\\/\\\/padelzoco.es\\\/product\\\/floky-manguito-no-strain-kaleido\\\/#primaryimage\"},\"thumbnailUrl\":\"https:\\\/\\\/padelzoco.es\\\/wp-content\\\/uploads\\\/2024\\\/06\\\/Floky-Manguito-No-Strain-Kaleido-image-2.webp\",\"datePublished\":\"2024-06-27T17:27:29+00:00\",\"dateModified\":\"2026-03-25T00:54:23+00:00\",\"description\":\"Los manguitos son intercambiables (utilizables en el mismo brazo).Los manguitos negro, blanco y amarillo fluorescente se venden por pares. Pala Madrid Zoco.\",\"breadcrumb\":{\"@id\":\"https:\\\/\\\/padelzoco.es\\\/product\\\/floky-manguito-no-strain-kaleido\\\/#breadcrumb\"},\"inLanguage\":\"en-GB\",\"potentialAction\":[{\"@type\":\"ReadAction\",\"target\":[\"https:\\\/\\\/padelzoco.es\\\/product\\\/floky-manguito-no-strain-kaleido\\\/\"]}]},{\"@type\":\"ImageObject\",\"inLanguage\":\"en-GB\",\"@id\":\"https:\\\/\\\/padelzoco.es\\\/product\\\/floky-manguito-no-strain-kaleido\\\/#primaryimage\",\"url\":\"https:\\\/\\\/padelzoco.es\\\/wp-content\\\/uploads\\\/2024\\\/06\\\/Floky-Manguito-No-Strain-Kaleido-image-2.webp\",\"contentUrl\":\"https:\\\/\\\/padelzoco.es\\\/wp-content\\\/uploads\\\/2024\\\/06\\\/Floky-Manguito-No-Strain-Kaleido-image-2.webp\",\"width\":1400,\"height\":1400,\"caption\":\"Floky Manguito No Strain Kaleido image 2\"},{\"@type\":\"BreadcrumbList\",\"@id\":\"https:\\\/\\\/padelzoco.es\\\/product\\\/floky-manguito-no-strain-kaleido\\\/#breadcrumb\",\"itemListElement\":[{\"@type\":\"ListItem\",\"position\":1,\"name\":\"Home\",\"item\":\"https:\\\/\\\/padelzoco.es\\\/\"},{\"@type\":\"ListItem\",\"position\":2,\"name\":\"Padel Zoco\",\"item\":\"https:\\\/\\\/padelzoco.es\\\/padel-zoco\\\/\"},{\"@type\":\"ListItem\",\"position\":3,\"name\":\"Floky Manguito No Strain Kaleido\"}]},{\"@type\":\"WebSite\",\"@id\":\"https:\\\/\\\/padelzoco.es\\\/#website\",\"url\":\"https:\\\/\\\/padelzoco.es\\\/\",\"name\":\"Padel Zoco\",\"description\":\"Padel Zoco | Spain\",\"publisher\":{\"@id\":\"https:\\\/\\\/padelzoco.es\\\/#organization\"},\"potentialAction\":[{\"@type\":\"SearchAction\",\"target\":{\"@type\":\"EntryPoint\",\"urlTemplate\":\"https:\\\/\\\/padelzoco.es\\\/?s={search_term_string}\"},\"query-input\":{\"@type\":\"PropertyValueSpecification\",\"valueRequired\":true,\"valueName\":\"search_term_string\"}}],\"inLanguage\":\"en-GB\"},{\"@type\":\"Organization\",\"@id\":\"https:\\\/\\\/padelzoco.es\\\/#organization\",\"name\":\"Padel Zoco\",\"url\":\"https:\\\/\\\/padelzoco.es\\\/\",\"logo\":{\"@type\":\"ImageObject\",\"inLanguage\":\"en-GB\",\"@id\":\"https:\\\/\\\/padelzoco.es\\\/#\\\/schema\\\/logo\\\/image\\\/\",\"url\":\"https:\\\/\\\/padelzoco.es\\\/wp-content\\\/uploads\\\/2023\\\/11\\\/PadelZoco_Logo_black_white.webp\",\"contentUrl\":\"https:\\\/\\\/padelzoco.es\\\/wp-content\\\/uploads\\\/2023\\\/11\\\/PadelZoco_Logo_black_white.webp\",\"width\":1500,\"height\":631,\"caption\":\"Padel Zoco\"},\"image\":{\"@id\":\"https:\\\/\\\/padelzoco.es\\\/#\\\/schema\\\/logo\\\/image\\\/\"}}]}<\/script>\n<!-- \/ Yoast SEO plugin. -->","yoast_head_json":{"title":"Floky Manguito No Strain Kaleido - Padel Zoco","description":"Los manguitos son intercambiables (utilizables en el mismo brazo).Los manguitos negro, blanco y amarillo fluorescente se venden por pares. Pala Madrid Zoco.","robots":{"index":"index","follow":"follow","max-snippet":"max-snippet:-1","max-image-preview":"max-image-preview:large","max-video-preview":"max-video-preview:-1"},"canonical":"https:\/\/padelzoco.es\/en\/product\/floky-manguito-no-strain-kaleido\/","og_locale":"en_GB","og_type":"article","og_title":"Floky Manguito No Strain Kaleido - Padel Zoco","og_description":"Los manguitos son intercambiables (utilizables en el mismo brazo).Los manguitos negro, blanco y amarillo fluorescente se venden por pares. Pala Madrid Zoco.","og_url":"https:\/\/padelzoco.es\/en\/product\/floky-manguito-no-strain-kaleido\/","og_site_name":"Padel Zoco","article_modified_time":"2026-03-25T00:54:23+00:00","og_image":[{"width":1400,"height":1400,"url":"https:\/\/padelzoco.es\/wp-content\/uploads\/2024\/06\/Floky-Manguito-No-Strain-Kaleido-image-2.webp","type":"image\/webp"}],"twitter_card":"summary_large_image","twitter_misc":{"Estimated reading time":"1 minute"},"schema":{"@context":"https:\/\/schema.org","@graph":[{"@type":"WebPage","@id":"https:\/\/padelzoco.es\/product\/floky-manguito-no-strain-kaleido\/","url":"https:\/\/padelzoco.es\/product\/floky-manguito-no-strain-kaleido\/","name":"Floky Manguito No Strain Kaleido - Padel Zoco","isPartOf":{"@id":"https:\/\/padelzoco.es\/#website"},"primaryImageOfPage":{"@id":"https:\/\/padelzoco.es\/product\/floky-manguito-no-strain-kaleido\/#primaryimage"},"image":{"@id":"https:\/\/padelzoco.es\/product\/floky-manguito-no-strain-kaleido\/#primaryimage"},"thumbnailUrl":"https:\/\/padelzoco.es\/wp-content\/uploads\/2024\/06\/Floky-Manguito-No-Strain-Kaleido-image-2.webp","datePublished":"2024-06-27T17:27:29+00:00","dateModified":"2026-03-25T00:54:23+00:00","description":"Los manguitos son intercambiables (utilizables en el mismo brazo).Los manguitos negro, blanco y amarillo fluorescente se venden por pares. Pala Madrid Zoco.","breadcrumb":{"@id":"https:\/\/padelzoco.es\/product\/floky-manguito-no-strain-kaleido\/#breadcrumb"},"inLanguage":"en-GB","potentialAction":[{"@type":"ReadAction","target":["https:\/\/padelzoco.es\/product\/floky-manguito-no-strain-kaleido\/"]}]},{"@type":"ImageObject","inLanguage":"en-GB","@id":"https:\/\/padelzoco.es\/product\/floky-manguito-no-strain-kaleido\/#primaryimage","url":"https:\/\/padelzoco.es\/wp-content\/uploads\/2024\/06\/Floky-Manguito-No-Strain-Kaleido-image-2.webp","contentUrl":"https:\/\/padelzoco.es\/wp-content\/uploads\/2024\/06\/Floky-Manguito-No-Strain-Kaleido-image-2.webp","width":1400,"height":1400,"caption":"Floky Manguito No Strain Kaleido image 2"},{"@type":"BreadcrumbList","@id":"https:\/\/padelzoco.es\/product\/floky-manguito-no-strain-kaleido\/#breadcrumb","itemListElement":[{"@type":"ListItem","position":1,"name":"Home","item":"https:\/\/padelzoco.es\/"},{"@type":"ListItem","position":2,"name":"Padel Zoco","item":"https:\/\/padelzoco.es\/padel-zoco\/"},{"@type":"ListItem","position":3,"name":"Floky Manguito No Strain Kaleido"}]},{"@type":"WebSite","@id":"https:\/\/padelzoco.es\/#website","url":"https:\/\/padelzoco.es\/","name":"Padel Zoco","description":"Padel Zoco | Spain","publisher":{"@id":"https:\/\/padelzoco.es\/#organization"},"potentialAction":[{"@type":"SearchAction","target":{"@type":"EntryPoint","urlTemplate":"https:\/\/padelzoco.es\/?s={search_term_string}"},"query-input":{"@type":"PropertyValueSpecification","valueRequired":true,"valueName":"search_term_string"}}],"inLanguage":"en-GB"},{"@type":"Organization","@id":"https:\/\/padelzoco.es\/#organization","name":"Padel Zoco","url":"https:\/\/padelzoco.es\/","logo":{"@type":"ImageObject","inLanguage":"en-GB","@id":"https:\/\/padelzoco.es\/#\/schema\/logo\/image\/","url":"https:\/\/padelzoco.es\/wp-content\/uploads\/2023\/11\/PadelZoco_Logo_black_white.webp","contentUrl":"https:\/\/padelzoco.es\/wp-content\/uploads\/2023\/11\/PadelZoco_Logo_black_white.webp","width":1500,"height":631,"caption":"Padel Zoco"},"image":{"@id":"https:\/\/padelzoco.es\/#\/schema\/logo\/image\/"}}]}},"_links":{"self":[{"href":"https:\/\/padelzoco.es\/en\/wp-json\/wp\/v2\/product\/11422","targetHints":{"allow":["GET"]}}],"collection":[{"href":"https:\/\/padelzoco.es\/en\/wp-json\/wp\/v2\/product"}],"about":[{"href":"https:\/\/padelzoco.es\/en\/wp-json\/wp\/v2\/types\/product"}],"version-history":[{"count":2,"href":"https:\/\/padelzoco.es\/en\/wp-json\/wp\/v2\/product\/11422\/revisions"}],"predecessor-version":[{"id":22536,"href":"https:\/\/padelzoco.es\/en\/wp-json\/wp\/v2\/product\/11422\/revisions\/22536"}],"wp:featuredmedia":[{"embeddable":true,"href":"https:\/\/padelzoco.es\/en\/wp-json\/wp\/v2\/media\/11428"}],"wp:attachment":[{"href":"https:\/\/padelzoco.es\/en\/wp-json\/wp\/v2\/media?parent=11422"}],"wp:term":[{"taxonomy":"product_brand","embeddable":true,"href":"https:\/\/padelzoco.es\/en\/wp-json\/wp\/v2\/product_brand?post=11422"},{"taxonomy":"product_cat","embeddable":true,"href":"https:\/\/padelzoco.es\/en\/wp-json\/wp\/v2\/product_cat?post=11422"},{"taxonomy":"product_tag","embeddable":true,"href":"https:\/\/padelzoco.es\/en\/wp-json\/wp\/v2\/product_tag?post=11422"}],"curies":[{"name":"wp","href":"https:\/\/api.w.org\/{rel}","templated":true}]}}