{"id":11552,"date":"2024-07-03T14:33:33","date_gmt":"2024-07-03T13:33:33","guid":{"rendered":"https:\/\/adc06f55e9.nxcli.io\/?post_type=product&#038;p=11552"},"modified":"2026-02-02T09:25:48","modified_gmt":"2026-02-02T08:25:48","slug":"pack-de-3-botes-de-pelotas-head-padel-pro-s","status":"publish","type":"product","link":"https:\/\/padelzoco.es\/en\/product\/pack-de-3-botes-de-pelotas-head-padel-pro-s\/","title":{"rendered":"Pack de 3 Botes de Pelotas Head Padel Pro S"},"content":{"rendered":"<div id=\"-body-1\" class=\"accordion_body\" role=\"region\" aria-labelledby=\"-title-1\">\n<div class=\"accordion_content\">\n<div class=\"product-detail product-detail_overview\">\n<div id=\"maincontent\" class=\"page-main\">\n<div class=\"columns\">\n<p>Las\u00a0<strong>pelotas de p\u00e1del Head Pro S\u00a0<\/strong>son la opci\u00f3n ideal para aquellos jugadores que desean una pelota un poco m\u00e1s viva, r\u00e1pida y con una alta resistencia y precisi\u00f3n.<\/p>\n<\/div>\n<\/div>\n<footer class=\"page-footer\">\n<div class=\"footer content\">\n<div id=\"footer-newsletter\" class=\"background-image-6669ba6339be3\" data-content-type=\"row\" data-appearance=\"full-width\" data-enable-parallax=\"0\" data-parallax-speed=\"0.5\" data-background-images=\"{&quot;desktop_image&quot;:&quot;https:\/\/cdn-magento2-media.head.com\/wysiwyg\/HEAD-Website-athelete-footer-1920-200.jpg&quot;,&quot;mobile_image&quot;:&quot;https:\/\/cdn-magento2-media.head.com\/wysiwyg\/HEAD_Website_Athlete_Footer_600-200.jpg&quot;}\" data-background-type=\"image\" data-video-loop=\"true\" data-video-play-only-visible=\"true\" data-video-lazy-load=\"true\" data-video-fallback-src=\"\" data-gtm-label=\"\" data-element=\"main\">\n<div class=\"row-full-width-inner\" data-element=\"inner\"><\/div>\n<\/div>\n<\/div>\n<\/footer>\n<\/div>\n<\/div>\n<\/div>","protected":false},"excerpt":{"rendered":"<div id=\"-body-1\" class=\"accordion_body\" role=\"region\" aria-labelledby=\"-title-1\">\n<div class=\"accordion_content\">\n<div class=\"product-detail product-detail_overview\">\n<div id=\"-body-1\" class=\"accordion_body\" role=\"region\" aria-labelledby=\"-title-1\">\n<div class=\"accordion_content\">\n<div class=\"product-detail product-detail_overview\">\n<p class=\"product-description_content\">Las\u00a0<strong>pelotas de p\u00e1del Head Pro S\u00a0<\/strong>son la opci\u00f3n ideal para aquellos jugadores que desean una pelota un poco m\u00e1s viva, r\u00e1pida y con una alta resistencia y precisi\u00f3n.<\/p>\n<\/div>\n<\/div>\n<\/div>\n<\/div>\n<\/div>\n<\/div>","protected":false},"featured_media":11553,"template":"","meta":[],"product_brand":[],"product_cat":[747,774,618,624],"product_tag":[],"class_list":{"0":"post-11552","1":"product","2":"type-product","3":"status-publish","4":"has-post-thumbnail","6":"product_cat-head-padel","7":"product_cat-head-pelotas","8":"product_cat-pelotas","9":"product_cat-tubo-pelotas","10":"pa_brand-wilson","11":"pa_hs_code-87","13":"first","14":"outofstock","15":"sale","16":"taxable","17":"shipping-taxable","18":"purchasable","19":"product-type-simple"},"yoast_head":"<!-- This site is optimized with the Yoast SEO plugin v27.3 - https:\/\/yoast.com\/product\/yoast-seo-wordpress\/ -->\n<title>Pack de 3 Botes de Pelotas Head Padel Pro S - Padel Zoco<\/title>\n<meta name=\"description\" content=\"HEAD Padel Ball Pro S is the most famous ball of the professional World Padel Tour, and a perfect choice for players who are looking for a slightly faster and more lively ball. Padel Shop Madrid.\" \/>\n<meta name=\"robots\" content=\"index, follow, max-snippet:-1, max-image-preview:large, max-video-preview:-1\" \/>\n<link rel=\"canonical\" href=\"https:\/\/padelzoco.es\/en\/product\/pack-de-3-botes-de-pelotas-head-padel-pro-s\/\" \/>\n<meta property=\"og:locale\" content=\"en_GB\" \/>\n<meta property=\"og:type\" content=\"article\" \/>\n<meta property=\"og:title\" content=\"Pack de 3 Botes de Pelotas Head Padel Pro S - Padel Zoco\" \/>\n<meta property=\"og:description\" content=\"HEAD Padel Ball Pro S is the most famous ball of the professional World Padel Tour, and a perfect choice for players who are looking for a slightly faster and more lively ball. Padel Shop Madrid.\" \/>\n<meta property=\"og:url\" content=\"https:\/\/padelzoco.es\/en\/product\/pack-de-3-botes-de-pelotas-head-padel-pro-s\/\" \/>\n<meta property=\"og:site_name\" content=\"Padel Zoco\" \/>\n<meta property=\"article:modified_time\" content=\"2026-02-02T08:25:48+00:00\" \/>\n<meta property=\"og:image\" content=\"https:\/\/padelzoco.es\/wp-content\/uploads\/2024\/07\/Pack-de-3-Botes-de-Pelotas-Head-Padel-Pro-S.webp\" \/>\n\t<meta property=\"og:image:width\" content=\"1400\" \/>\n\t<meta property=\"og:image:height\" content=\"1400\" \/>\n\t<meta property=\"og:image:type\" content=\"image\/webp\" \/>\n<meta name=\"twitter:card\" content=\"summary_large_image\" \/>\n<meta name=\"twitter:label1\" content=\"Estimated reading time\" \/>\n\t<meta name=\"twitter:data1\" content=\"1 minute\" \/>\n<script type=\"application\/ld+json\" class=\"yoast-schema-graph\">{\"@context\":\"https:\\\/\\\/schema.org\",\"@graph\":[{\"@type\":\"WebPage\",\"@id\":\"https:\\\/\\\/padelzoco.es\\\/product\\\/pack-de-3-botes-de-pelotas-head-padel-pro-s\\\/\",\"url\":\"https:\\\/\\\/padelzoco.es\\\/product\\\/pack-de-3-botes-de-pelotas-head-padel-pro-s\\\/\",\"name\":\"Pack de 3 Botes de Pelotas Head Padel Pro S - Padel Zoco\",\"isPartOf\":{\"@id\":\"https:\\\/\\\/padelzoco.es\\\/#website\"},\"primaryImageOfPage\":{\"@id\":\"https:\\\/\\\/padelzoco.es\\\/product\\\/pack-de-3-botes-de-pelotas-head-padel-pro-s\\\/#primaryimage\"},\"image\":{\"@id\":\"https:\\\/\\\/padelzoco.es\\\/product\\\/pack-de-3-botes-de-pelotas-head-padel-pro-s\\\/#primaryimage\"},\"thumbnailUrl\":\"https:\\\/\\\/padelzoco.es\\\/wp-content\\\/uploads\\\/2024\\\/07\\\/Pack-de-3-Botes-de-Pelotas-Head-Padel-Pro-S.webp\",\"datePublished\":\"2024-07-03T13:33:33+00:00\",\"dateModified\":\"2026-02-02T08:25:48+00:00\",\"description\":\"HEAD Padel Ball Pro S is the most famous ball of the professional World Padel Tour, and a perfect choice for players who are looking for a slightly faster and more lively ball. Padel Shop Madrid.\",\"breadcrumb\":{\"@id\":\"https:\\\/\\\/padelzoco.es\\\/product\\\/pack-de-3-botes-de-pelotas-head-padel-pro-s\\\/#breadcrumb\"},\"inLanguage\":\"en-GB\",\"potentialAction\":[{\"@type\":\"ReadAction\",\"target\":[\"https:\\\/\\\/padelzoco.es\\\/product\\\/pack-de-3-botes-de-pelotas-head-padel-pro-s\\\/\"]}]},{\"@type\":\"ImageObject\",\"inLanguage\":\"en-GB\",\"@id\":\"https:\\\/\\\/padelzoco.es\\\/product\\\/pack-de-3-botes-de-pelotas-head-padel-pro-s\\\/#primaryimage\",\"url\":\"https:\\\/\\\/padelzoco.es\\\/wp-content\\\/uploads\\\/2024\\\/07\\\/Pack-de-3-Botes-de-Pelotas-Head-Padel-Pro-S.webp\",\"contentUrl\":\"https:\\\/\\\/padelzoco.es\\\/wp-content\\\/uploads\\\/2024\\\/07\\\/Pack-de-3-Botes-de-Pelotas-Head-Padel-Pro-S.webp\",\"width\":1400,\"height\":1400},{\"@type\":\"BreadcrumbList\",\"@id\":\"https:\\\/\\\/padelzoco.es\\\/product\\\/pack-de-3-botes-de-pelotas-head-padel-pro-s\\\/#breadcrumb\",\"itemListElement\":[{\"@type\":\"ListItem\",\"position\":1,\"name\":\"Home\",\"item\":\"https:\\\/\\\/padelzoco.es\\\/\"},{\"@type\":\"ListItem\",\"position\":2,\"name\":\"Padel Zoco\",\"item\":\"https:\\\/\\\/padelzoco.es\\\/padel-zoco\\\/\"},{\"@type\":\"ListItem\",\"position\":3,\"name\":\"Pack de 3 Botes de Pelotas Head Padel Pro S\"}]},{\"@type\":\"WebSite\",\"@id\":\"https:\\\/\\\/padelzoco.es\\\/#website\",\"url\":\"https:\\\/\\\/padelzoco.es\\\/\",\"name\":\"Padel Zoco\",\"description\":\"Padel Zoco | Spain\",\"publisher\":{\"@id\":\"https:\\\/\\\/padelzoco.es\\\/#organization\"},\"potentialAction\":[{\"@type\":\"SearchAction\",\"target\":{\"@type\":\"EntryPoint\",\"urlTemplate\":\"https:\\\/\\\/padelzoco.es\\\/?s={search_term_string}\"},\"query-input\":{\"@type\":\"PropertyValueSpecification\",\"valueRequired\":true,\"valueName\":\"search_term_string\"}}],\"inLanguage\":\"en-GB\"},{\"@type\":\"Organization\",\"@id\":\"https:\\\/\\\/padelzoco.es\\\/#organization\",\"name\":\"Padel Zoco\",\"url\":\"https:\\\/\\\/padelzoco.es\\\/\",\"logo\":{\"@type\":\"ImageObject\",\"inLanguage\":\"en-GB\",\"@id\":\"https:\\\/\\\/padelzoco.es\\\/#\\\/schema\\\/logo\\\/image\\\/\",\"url\":\"https:\\\/\\\/padelzoco.es\\\/wp-content\\\/uploads\\\/2023\\\/11\\\/PadelZoco_Logo_black_white.webp\",\"contentUrl\":\"https:\\\/\\\/padelzoco.es\\\/wp-content\\\/uploads\\\/2023\\\/11\\\/PadelZoco_Logo_black_white.webp\",\"width\":1500,\"height\":631,\"caption\":\"Padel Zoco\"},\"image\":{\"@id\":\"https:\\\/\\\/padelzoco.es\\\/#\\\/schema\\\/logo\\\/image\\\/\"}}]}<\/script>\n<!-- \/ Yoast SEO plugin. -->","yoast_head_json":{"title":"Pack de 3 Botes de Pelotas Head Padel Pro S - Padel Zoco","description":"HEAD Padel Ball Pro S is the most famous ball of the professional World Padel Tour, and a perfect choice for players who are looking for a slightly faster and more lively ball. Padel Shop Madrid.","robots":{"index":"index","follow":"follow","max-snippet":"max-snippet:-1","max-image-preview":"max-image-preview:large","max-video-preview":"max-video-preview:-1"},"canonical":"https:\/\/padelzoco.es\/en\/product\/pack-de-3-botes-de-pelotas-head-padel-pro-s\/","og_locale":"en_GB","og_type":"article","og_title":"Pack de 3 Botes de Pelotas Head Padel Pro S - Padel Zoco","og_description":"HEAD Padel Ball Pro S is the most famous ball of the professional World Padel Tour, and a perfect choice for players who are looking for a slightly faster and more lively ball. Padel Shop Madrid.","og_url":"https:\/\/padelzoco.es\/en\/product\/pack-de-3-botes-de-pelotas-head-padel-pro-s\/","og_site_name":"Padel Zoco","article_modified_time":"2026-02-02T08:25:48+00:00","og_image":[{"width":1400,"height":1400,"url":"https:\/\/padelzoco.es\/wp-content\/uploads\/2024\/07\/Pack-de-3-Botes-de-Pelotas-Head-Padel-Pro-S.webp","type":"image\/webp"}],"twitter_card":"summary_large_image","twitter_misc":{"Estimated reading time":"1 minute"},"schema":{"@context":"https:\/\/schema.org","@graph":[{"@type":"WebPage","@id":"https:\/\/padelzoco.es\/product\/pack-de-3-botes-de-pelotas-head-padel-pro-s\/","url":"https:\/\/padelzoco.es\/product\/pack-de-3-botes-de-pelotas-head-padel-pro-s\/","name":"Pack de 3 Botes de Pelotas Head Padel Pro S - Padel Zoco","isPartOf":{"@id":"https:\/\/padelzoco.es\/#website"},"primaryImageOfPage":{"@id":"https:\/\/padelzoco.es\/product\/pack-de-3-botes-de-pelotas-head-padel-pro-s\/#primaryimage"},"image":{"@id":"https:\/\/padelzoco.es\/product\/pack-de-3-botes-de-pelotas-head-padel-pro-s\/#primaryimage"},"thumbnailUrl":"https:\/\/padelzoco.es\/wp-content\/uploads\/2024\/07\/Pack-de-3-Botes-de-Pelotas-Head-Padel-Pro-S.webp","datePublished":"2024-07-03T13:33:33+00:00","dateModified":"2026-02-02T08:25:48+00:00","description":"HEAD Padel Ball Pro S is the most famous ball of the professional World Padel Tour, and a perfect choice for players who are looking for a slightly faster and more lively ball. Padel Shop Madrid.","breadcrumb":{"@id":"https:\/\/padelzoco.es\/product\/pack-de-3-botes-de-pelotas-head-padel-pro-s\/#breadcrumb"},"inLanguage":"en-GB","potentialAction":[{"@type":"ReadAction","target":["https:\/\/padelzoco.es\/product\/pack-de-3-botes-de-pelotas-head-padel-pro-s\/"]}]},{"@type":"ImageObject","inLanguage":"en-GB","@id":"https:\/\/padelzoco.es\/product\/pack-de-3-botes-de-pelotas-head-padel-pro-s\/#primaryimage","url":"https:\/\/padelzoco.es\/wp-content\/uploads\/2024\/07\/Pack-de-3-Botes-de-Pelotas-Head-Padel-Pro-S.webp","contentUrl":"https:\/\/padelzoco.es\/wp-content\/uploads\/2024\/07\/Pack-de-3-Botes-de-Pelotas-Head-Padel-Pro-S.webp","width":1400,"height":1400},{"@type":"BreadcrumbList","@id":"https:\/\/padelzoco.es\/product\/pack-de-3-botes-de-pelotas-head-padel-pro-s\/#breadcrumb","itemListElement":[{"@type":"ListItem","position":1,"name":"Home","item":"https:\/\/padelzoco.es\/"},{"@type":"ListItem","position":2,"name":"Padel Zoco","item":"https:\/\/padelzoco.es\/padel-zoco\/"},{"@type":"ListItem","position":3,"name":"Pack de 3 Botes de Pelotas Head Padel Pro S"}]},{"@type":"WebSite","@id":"https:\/\/padelzoco.es\/#website","url":"https:\/\/padelzoco.es\/","name":"Padel Zoco","description":"Padel Zoco | Spain","publisher":{"@id":"https:\/\/padelzoco.es\/#organization"},"potentialAction":[{"@type":"SearchAction","target":{"@type":"EntryPoint","urlTemplate":"https:\/\/padelzoco.es\/?s={search_term_string}"},"query-input":{"@type":"PropertyValueSpecification","valueRequired":true,"valueName":"search_term_string"}}],"inLanguage":"en-GB"},{"@type":"Organization","@id":"https:\/\/padelzoco.es\/#organization","name":"Padel Zoco","url":"https:\/\/padelzoco.es\/","logo":{"@type":"ImageObject","inLanguage":"en-GB","@id":"https:\/\/padelzoco.es\/#\/schema\/logo\/image\/","url":"https:\/\/padelzoco.es\/wp-content\/uploads\/2023\/11\/PadelZoco_Logo_black_white.webp","contentUrl":"https:\/\/padelzoco.es\/wp-content\/uploads\/2023\/11\/PadelZoco_Logo_black_white.webp","width":1500,"height":631,"caption":"Padel Zoco"},"image":{"@id":"https:\/\/padelzoco.es\/#\/schema\/logo\/image\/"}}]}},"_links":{"self":[{"href":"https:\/\/padelzoco.es\/en\/wp-json\/wp\/v2\/product\/11552","targetHints":{"allow":["GET"]}}],"collection":[{"href":"https:\/\/padelzoco.es\/en\/wp-json\/wp\/v2\/product"}],"about":[{"href":"https:\/\/padelzoco.es\/en\/wp-json\/wp\/v2\/types\/product"}],"version-history":[{"count":1,"href":"https:\/\/padelzoco.es\/en\/wp-json\/wp\/v2\/product\/11552\/revisions"}],"predecessor-version":[{"id":27745,"href":"https:\/\/padelzoco.es\/en\/wp-json\/wp\/v2\/product\/11552\/revisions\/27745"}],"wp:featuredmedia":[{"embeddable":true,"href":"https:\/\/padelzoco.es\/en\/wp-json\/wp\/v2\/media\/11553"}],"wp:attachment":[{"href":"https:\/\/padelzoco.es\/en\/wp-json\/wp\/v2\/media?parent=11552"}],"wp:term":[{"taxonomy":"product_brand","embeddable":true,"href":"https:\/\/padelzoco.es\/en\/wp-json\/wp\/v2\/product_brand?post=11552"},{"taxonomy":"product_cat","embeddable":true,"href":"https:\/\/padelzoco.es\/en\/wp-json\/wp\/v2\/product_cat?post=11552"},{"taxonomy":"product_tag","embeddable":true,"href":"https:\/\/padelzoco.es\/en\/wp-json\/wp\/v2\/product_tag?post=11552"}],"curies":[{"name":"wp","href":"https:\/\/api.w.org\/{rel}","templated":true}]}}