{"id":11659,"date":"2024-07-10T16:51:39","date_gmt":"2024-07-10T15:51:39","guid":{"rendered":"https:\/\/adc06f55e9.nxcli.io\/?post_type=product&#038;p=11659"},"modified":"2026-04-30T19:32:45","modified_gmt":"2026-04-30T18:32:45","slug":"joma-a1-clay-padel-shoes-white","status":"publish","type":"product","link":"https:\/\/padelzoco.es\/en\/product\/joma-a1-clay-padel-shoes-white\/","title":{"rendered":"Zapatillas Padel Joma A1 Clay Blanco"},"content":{"rendered":"<p>Joma A1 Padel Clay Unisex padel sneakers. Special edition for the A1 Padel circuit. Top range, maximum performance and technology in a single pair of sneakers developed for professional padel. Designed for players with good technique who need the maximum cushioning, reactivity, protection and grip.<\/p>\n<p>Upper made of mesh with a personalized elegant Jacquard finish, providing lightness and flexibility. Optimized breathability thanks to VTS technology. Thermosealed JOMA SPORTECH system improves the fit and support without adding weight to the sneakers.<\/p>\n<p>Rubber reinforcement PROTECTION system in those areas most sensitive to rubbing and impacts with the skin.<\/p>\n<p>DUAL REACTIVE midsole. The upper part is made of phylon, while the lower part incorporates REACTIVE BALL technology, absorbing impacts and helping to propel. Featuring a central STABILIS piece to prevent twisting of the sneakers providing superior stability.<\/p>\n<p>DURABILITY rubber outsole with a spike pattern, providing necessary grip on slippery surfaces, expelling sand from the sole, but providing smooth sliding on the court with ease.<\/p>\n<ul>\n<li>VTS design with breathable mesh<\/li>\n<li>SPORTECH design with heat-sealed adjustment system<\/li>\n<li>Phylon DUAL REACTIVE midsole and REACTIVE BALL. Incorporates STABILIS.<\/li>\n<li>DURABILITY rubber sole<\/li>\n<li>PROTECTION reinforcement<\/li>\n<li>Intensity of use: training and competition<\/li>\n<li>Performance: high premium<\/li>\n<li>Grip &#8211; Cushioning &#8211; Comfort &#8211; Stability &#8211; Protection &#8211; Responsiveness &#8211; Abrasion resistant<\/li>\n<\/ul>","protected":false},"excerpt":{"rendered":"<p>Zapatillas de p\u00e1del unisex. Edici\u00f3n especial para circuito A1 P\u00e1del. Alta gama, m\u00e1ximo rendimiento y tecnolog\u00eda en unas solas zapatillas desarrolladas para el p\u00e1del profesional. Destinadas a jugadores con buena t\u00e9cnica que necesitan lo m\u00e1ximo en amortiguaci\u00f3n, reactividad, protecci\u00f3n y agarre.<\/p>\n<p>Upper confeccionado en mesh con un elegante acabado en Jacquard personalizado para proporcionar ligereza y flexibilidad. Transpirabilidad optimizada gracias a la tecnolog\u00eda VTS. El sistema termosellado JOMA SPORTECH conserva las propiedades de ajuste y sujeci\u00f3n sin a\u00f1adir peso a las zapatillas.<\/p>\n<p>Refuerzo de goma en aquellas zonas m\u00e1s sensibles a roces y golpes. Estas aplicaciones forman el sistema PROTECTION.<\/p>\n<p>Mediasuela DUAL REACTIVE. La parte superior es de phylon, mientras que en la parte inferior se ha incorporado la tecnolg\u00eda REACTIVE BALL, que absorbe los impactos e impulsa. Equipada con una pieza STABILIS central para evitar torsiones de las zapatillas y devolver una estabilidad superior.<\/p>\n<p>Suela de caucho DURABILITY de espiga o clay. Brinda el agarre necesario en superficies resbaladizas, ya que expulsa la arena de la suela, pero permitiendo los deslizamientos por la pista sin dificultades.<\/p>\n<ul>\n<li>VTS design with breathable mesh<\/li>\n<li>SPORTECH design with heat-sealed adjustment system<\/li>\n<li>Phylon DUAL REACTIVE midsole and REACTIVE BALL. Incorporates STABILIS.<\/li>\n<li>DURABILITY rubber sole<\/li>\n<li>PROTECTION reinforcement<\/li>\n<li>Intensity of use: training and competition<\/li>\n<li>Performance: high premium<\/li>\n<li>Grip &#8211; Cushioning &#8211; Comfort &#8211; Stability &#8211; Protection &#8211; Responsiveness &#8211; Abrasion resistant<\/li>\n<\/ul>","protected":false},"featured_media":11677,"template":"","meta":[],"product_brand":[],"product_cat":[599,797,600,754,699,596,592,758],"product_tag":[],"class_list":{"0":"post-11659","1":"product","2":"type-product","3":"status-publish","4":"has-post-thumbnail","6":"product_cat-hombre-zapatillas","7":"product_cat-joma-zapatillas","8":"product_cat-mujer-zapatillas","9":"product_cat-rebajas","10":"product_cat-wilson-padel","11":"product_cat-wilson-zapatillas","12":"product_cat-zapatillas","13":"product_cat-zapatillas-ofertas","14":"pa_brand-joma","15":"pa_color-blanco","16":"pa_gender-hombre","17":"pa_gender-mujer","18":"pa_gender-unisexo","19":"pa_hs_code-87","20":"pa_shoes-size-80","21":"pa_shoes-size-89","22":"pa_shoes-size-42-5","23":"pa_shoes-size-81","24":"pa_shoes-size-43-5","25":"pa_shoes-size-82","26":"pa_shoes-size-44-5","27":"pa_shoes-size-84","28":"pa_shoes-size-85","29":"pa_shoes-size-304","31":"first","32":"outofstock","33":"taxable","34":"shipping-taxable","35":"product-type-variable"},"yoast_head":"<!-- This site is optimized with the Yoast SEO plugin v27.5 - https:\/\/yoast.com\/product\/yoast-seo-wordpress\/ -->\n<title>Zapatillas Padel Joma A1 Clay Blanco - Padel Zoco<\/title>\n<meta name=\"description\" content=\"Joma A1 Padel Clay Unisex padel sneakers with extreme Grip, Softest Cushioning, extreme Comfort, max Stability - Protection - Responsiveness - Abrasion resistant\" \/>\n<meta name=\"robots\" content=\"index, follow, max-snippet:-1, max-image-preview:large, max-video-preview:-1\" \/>\n<link rel=\"canonical\" href=\"https:\/\/padelzoco.es\/en\/product\/joma-a1-clay-padel-shoes-white\/\" \/>\n<meta property=\"og:locale\" content=\"en_GB\" \/>\n<meta property=\"og:type\" content=\"article\" \/>\n<meta property=\"og:title\" content=\"Zapatillas Padel Joma A1 Clay Blanco - Padel Zoco\" \/>\n<meta property=\"og:description\" content=\"Joma A1 Padel Clay Unisex padel sneakers with extreme Grip, Softest Cushioning, extreme Comfort, max Stability - Protection - Responsiveness - Abrasion resistant\" \/>\n<meta property=\"og:url\" content=\"https:\/\/padelzoco.es\/en\/product\/joma-a1-clay-padel-shoes-white\/\" \/>\n<meta property=\"og:site_name\" content=\"Padel Zoco\" \/>\n<meta property=\"article:modified_time\" content=\"2026-04-30T18:32:45+00:00\" \/>\n<meta property=\"og:image\" content=\"https:\/\/padelzoco.es\/wp-content\/uploads\/2024\/07\/JOMA-A1-Clay-Padel-Shoes-2024-White-image-2.webp\" \/>\n\t<meta property=\"og:image:width\" content=\"1400\" \/>\n\t<meta property=\"og:image:height\" content=\"1400\" \/>\n\t<meta property=\"og:image:type\" content=\"image\/webp\" \/>\n<meta name=\"twitter:card\" content=\"summary_large_image\" \/>\n<meta name=\"twitter:label1\" content=\"Estimated reading time\" \/>\n\t<meta name=\"twitter:data1\" content=\"2 minutes\" \/>\n<script type=\"application\/ld+json\" class=\"yoast-schema-graph\">{\"@context\":\"https:\\\/\\\/schema.org\",\"@graph\":[{\"@type\":\"WebPage\",\"@id\":\"https:\\\/\\\/padelzoco.es\\\/product\\\/joma-a1-clay-padel-shoes-white\\\/\",\"url\":\"https:\\\/\\\/padelzoco.es\\\/product\\\/joma-a1-clay-padel-shoes-white\\\/\",\"name\":\"Zapatillas Padel Joma A1 Clay Blanco - Padel Zoco\",\"isPartOf\":{\"@id\":\"https:\\\/\\\/padelzoco.es\\\/#website\"},\"primaryImageOfPage\":{\"@id\":\"https:\\\/\\\/padelzoco.es\\\/product\\\/joma-a1-clay-padel-shoes-white\\\/#primaryimage\"},\"image\":{\"@id\":\"https:\\\/\\\/padelzoco.es\\\/product\\\/joma-a1-clay-padel-shoes-white\\\/#primaryimage\"},\"thumbnailUrl\":\"https:\\\/\\\/padelzoco.es\\\/wp-content\\\/uploads\\\/2024\\\/07\\\/JOMA-A1-Clay-Padel-Shoes-2024-White-image-2.webp\",\"datePublished\":\"2024-07-10T15:51:39+00:00\",\"dateModified\":\"2026-04-30T18:32:45+00:00\",\"description\":\"Joma A1 Padel Clay Unisex padel sneakers with extreme Grip, Softest Cushioning, extreme Comfort, max Stability - Protection - Responsiveness - Abrasion resistant\",\"breadcrumb\":{\"@id\":\"https:\\\/\\\/padelzoco.es\\\/product\\\/joma-a1-clay-padel-shoes-white\\\/#breadcrumb\"},\"inLanguage\":\"en-GB\",\"potentialAction\":[{\"@type\":\"ReadAction\",\"target\":[\"https:\\\/\\\/padelzoco.es\\\/product\\\/joma-a1-clay-padel-shoes-white\\\/\"]}]},{\"@type\":\"ImageObject\",\"inLanguage\":\"en-GB\",\"@id\":\"https:\\\/\\\/padelzoco.es\\\/product\\\/joma-a1-clay-padel-shoes-white\\\/#primaryimage\",\"url\":\"https:\\\/\\\/padelzoco.es\\\/wp-content\\\/uploads\\\/2024\\\/07\\\/JOMA-A1-Clay-Padel-Shoes-2024-White-image-2.webp\",\"contentUrl\":\"https:\\\/\\\/padelzoco.es\\\/wp-content\\\/uploads\\\/2024\\\/07\\\/JOMA-A1-Clay-Padel-Shoes-2024-White-image-2.webp\",\"width\":1400,\"height\":1400,\"caption\":\"JOMA A1 Clay Padel Shoes 2024 White image 2\"},{\"@type\":\"BreadcrumbList\",\"@id\":\"https:\\\/\\\/padelzoco.es\\\/product\\\/joma-a1-clay-padel-shoes-white\\\/#breadcrumb\",\"itemListElement\":[{\"@type\":\"ListItem\",\"position\":1,\"name\":\"Home\",\"item\":\"https:\\\/\\\/padelzoco.es\\\/\"},{\"@type\":\"ListItem\",\"position\":2,\"name\":\"Padel Zoco\",\"item\":\"https:\\\/\\\/padelzoco.es\\\/padel-zoco\\\/\"},{\"@type\":\"ListItem\",\"position\":3,\"name\":\"Zapatillas Padel Joma A1 Clay Blanco\"}]},{\"@type\":\"WebSite\",\"@id\":\"https:\\\/\\\/padelzoco.es\\\/#website\",\"url\":\"https:\\\/\\\/padelzoco.es\\\/\",\"name\":\"Padel Zoco\",\"description\":\"Padel Zoco | Spain\",\"publisher\":{\"@id\":\"https:\\\/\\\/padelzoco.es\\\/#organization\"},\"potentialAction\":[{\"@type\":\"SearchAction\",\"target\":{\"@type\":\"EntryPoint\",\"urlTemplate\":\"https:\\\/\\\/padelzoco.es\\\/?s={search_term_string}\"},\"query-input\":{\"@type\":\"PropertyValueSpecification\",\"valueRequired\":true,\"valueName\":\"search_term_string\"}}],\"inLanguage\":\"en-GB\"},{\"@type\":\"Organization\",\"@id\":\"https:\\\/\\\/padelzoco.es\\\/#organization\",\"name\":\"Padel Zoco\",\"url\":\"https:\\\/\\\/padelzoco.es\\\/\",\"logo\":{\"@type\":\"ImageObject\",\"inLanguage\":\"en-GB\",\"@id\":\"https:\\\/\\\/padelzoco.es\\\/#\\\/schema\\\/logo\\\/image\\\/\",\"url\":\"https:\\\/\\\/padelzoco.es\\\/wp-content\\\/uploads\\\/2023\\\/11\\\/PadelZoco_Logo_black_white.webp\",\"contentUrl\":\"https:\\\/\\\/padelzoco.es\\\/wp-content\\\/uploads\\\/2023\\\/11\\\/PadelZoco_Logo_black_white.webp\",\"width\":1500,\"height\":631,\"caption\":\"Padel Zoco\"},\"image\":{\"@id\":\"https:\\\/\\\/padelzoco.es\\\/#\\\/schema\\\/logo\\\/image\\\/\"}}]}<\/script>\n<!-- \/ Yoast SEO plugin. -->","yoast_head_json":{"title":"Zapatillas Padel Joma A1 Clay Blanco - Padel Zoco","description":"Joma A1 Padel Clay Unisex padel sneakers with extreme Grip, Softest Cushioning, extreme Comfort, max Stability - Protection - Responsiveness - Abrasion resistant","robots":{"index":"index","follow":"follow","max-snippet":"max-snippet:-1","max-image-preview":"max-image-preview:large","max-video-preview":"max-video-preview:-1"},"canonical":"https:\/\/padelzoco.es\/en\/product\/joma-a1-clay-padel-shoes-white\/","og_locale":"en_GB","og_type":"article","og_title":"Zapatillas Padel Joma A1 Clay Blanco - Padel Zoco","og_description":"Joma A1 Padel Clay Unisex padel sneakers with extreme Grip, Softest Cushioning, extreme Comfort, max Stability - Protection - Responsiveness - Abrasion resistant","og_url":"https:\/\/padelzoco.es\/en\/product\/joma-a1-clay-padel-shoes-white\/","og_site_name":"Padel Zoco","article_modified_time":"2026-04-30T18:32:45+00:00","og_image":[{"width":1400,"height":1400,"url":"https:\/\/padelzoco.es\/wp-content\/uploads\/2024\/07\/JOMA-A1-Clay-Padel-Shoes-2024-White-image-2.webp","type":"image\/webp"}],"twitter_card":"summary_large_image","twitter_misc":{"Estimated reading time":"2 minutes"},"schema":{"@context":"https:\/\/schema.org","@graph":[{"@type":"WebPage","@id":"https:\/\/padelzoco.es\/product\/joma-a1-clay-padel-shoes-white\/","url":"https:\/\/padelzoco.es\/product\/joma-a1-clay-padel-shoes-white\/","name":"Zapatillas Padel Joma A1 Clay Blanco - Padel Zoco","isPartOf":{"@id":"https:\/\/padelzoco.es\/#website"},"primaryImageOfPage":{"@id":"https:\/\/padelzoco.es\/product\/joma-a1-clay-padel-shoes-white\/#primaryimage"},"image":{"@id":"https:\/\/padelzoco.es\/product\/joma-a1-clay-padel-shoes-white\/#primaryimage"},"thumbnailUrl":"https:\/\/padelzoco.es\/wp-content\/uploads\/2024\/07\/JOMA-A1-Clay-Padel-Shoes-2024-White-image-2.webp","datePublished":"2024-07-10T15:51:39+00:00","dateModified":"2026-04-30T18:32:45+00:00","description":"Joma A1 Padel Clay Unisex padel sneakers with extreme Grip, Softest Cushioning, extreme Comfort, max Stability - Protection - Responsiveness - Abrasion resistant","breadcrumb":{"@id":"https:\/\/padelzoco.es\/product\/joma-a1-clay-padel-shoes-white\/#breadcrumb"},"inLanguage":"en-GB","potentialAction":[{"@type":"ReadAction","target":["https:\/\/padelzoco.es\/product\/joma-a1-clay-padel-shoes-white\/"]}]},{"@type":"ImageObject","inLanguage":"en-GB","@id":"https:\/\/padelzoco.es\/product\/joma-a1-clay-padel-shoes-white\/#primaryimage","url":"https:\/\/padelzoco.es\/wp-content\/uploads\/2024\/07\/JOMA-A1-Clay-Padel-Shoes-2024-White-image-2.webp","contentUrl":"https:\/\/padelzoco.es\/wp-content\/uploads\/2024\/07\/JOMA-A1-Clay-Padel-Shoes-2024-White-image-2.webp","width":1400,"height":1400,"caption":"JOMA A1 Clay Padel Shoes 2024 White image 2"},{"@type":"BreadcrumbList","@id":"https:\/\/padelzoco.es\/product\/joma-a1-clay-padel-shoes-white\/#breadcrumb","itemListElement":[{"@type":"ListItem","position":1,"name":"Home","item":"https:\/\/padelzoco.es\/"},{"@type":"ListItem","position":2,"name":"Padel Zoco","item":"https:\/\/padelzoco.es\/padel-zoco\/"},{"@type":"ListItem","position":3,"name":"Zapatillas Padel Joma A1 Clay Blanco"}]},{"@type":"WebSite","@id":"https:\/\/padelzoco.es\/#website","url":"https:\/\/padelzoco.es\/","name":"Padel Zoco","description":"Padel Zoco | Spain","publisher":{"@id":"https:\/\/padelzoco.es\/#organization"},"potentialAction":[{"@type":"SearchAction","target":{"@type":"EntryPoint","urlTemplate":"https:\/\/padelzoco.es\/?s={search_term_string}"},"query-input":{"@type":"PropertyValueSpecification","valueRequired":true,"valueName":"search_term_string"}}],"inLanguage":"en-GB"},{"@type":"Organization","@id":"https:\/\/padelzoco.es\/#organization","name":"Padel Zoco","url":"https:\/\/padelzoco.es\/","logo":{"@type":"ImageObject","inLanguage":"en-GB","@id":"https:\/\/padelzoco.es\/#\/schema\/logo\/image\/","url":"https:\/\/padelzoco.es\/wp-content\/uploads\/2023\/11\/PadelZoco_Logo_black_white.webp","contentUrl":"https:\/\/padelzoco.es\/wp-content\/uploads\/2023\/11\/PadelZoco_Logo_black_white.webp","width":1500,"height":631,"caption":"Padel Zoco"},"image":{"@id":"https:\/\/padelzoco.es\/#\/schema\/logo\/image\/"}}]}},"_links":{"self":[{"href":"https:\/\/padelzoco.es\/en\/wp-json\/wp\/v2\/product\/11659","targetHints":{"allow":["GET"]}}],"collection":[{"href":"https:\/\/padelzoco.es\/en\/wp-json\/wp\/v2\/product"}],"about":[{"href":"https:\/\/padelzoco.es\/en\/wp-json\/wp\/v2\/types\/product"}],"version-history":[{"count":1,"href":"https:\/\/padelzoco.es\/en\/wp-json\/wp\/v2\/product\/11659\/revisions"}],"predecessor-version":[{"id":27743,"href":"https:\/\/padelzoco.es\/en\/wp-json\/wp\/v2\/product\/11659\/revisions\/27743"}],"wp:featuredmedia":[{"embeddable":true,"href":"https:\/\/padelzoco.es\/en\/wp-json\/wp\/v2\/media\/11677"}],"wp:attachment":[{"href":"https:\/\/padelzoco.es\/en\/wp-json\/wp\/v2\/media?parent=11659"}],"wp:term":[{"taxonomy":"product_brand","embeddable":true,"href":"https:\/\/padelzoco.es\/en\/wp-json\/wp\/v2\/product_brand?post=11659"},{"taxonomy":"product_cat","embeddable":true,"href":"https:\/\/padelzoco.es\/en\/wp-json\/wp\/v2\/product_cat?post=11659"},{"taxonomy":"product_tag","embeddable":true,"href":"https:\/\/padelzoco.es\/en\/wp-json\/wp\/v2\/product_tag?post=11659"}],"curies":[{"name":"wp","href":"https:\/\/api.w.org\/{rel}","templated":true}]}}