{"id":11859,"date":"2024-07-20T16:37:08","date_gmt":"2024-07-20T15:37:08","guid":{"rendered":"https:\/\/adc06f55e9.nxcli.io\/?post_type=product&#038;p=11859"},"modified":"2026-02-02T09:25:46","modified_gmt":"2026-02-02T08:25:46","slug":"pala-padel-nox-tl10-future-2024-tino-libaak","status":"publish","type":"product","link":"https:\/\/padelzoco.es\/en\/product\/pala-padel-nox-tl10-future-2024-tino-libaak\/","title":{"rendered":"Pala Padel Nox TL10 Future 2024 Tino Libaak"},"content":{"rendered":"<p>Introducing the new Nox Padel Racket 2024 <b>TL10 FUTURE <\/b>, the 2024 racket of <b>Tino Libaak.<\/b><\/p>\n<p>Designed for one of the most promising young drive players,\u00a0<b>Tino Libaak.<\/b>\u00a0A teardrop-shaped racket that stands out for its adaptability to various match situations, allowing for excellent ball output from the back thanks to the\u00a0<b>EV50 rubber<\/b>, and is quick and manageable at the net, where Tino showcases his potential with a rapid backhand volley, now enhanced by\u00a0<b>12K Aluminized Carbon Fiber.<\/b><\/p>\n<p>The 2024 Nox Padel Racket\u00a0<b>TL10 FUTURE<\/b> includes the pioneering replaceable safety strap system <b>Smartstrap\u00ae<\/b>. Improve the hygiene and safety of your racket by easily replacing the strap without losing the warranty as it doesn&#8217;t require manipulating the bottom cap. More customization options at your fingertips!<\/p>\n<p><strong>Feature:<\/strong><\/p>\n<ul>\n<li><strong>Brand:<\/strong> NOX Padel<\/li>\n<li><strong>Year:<\/strong> 2024<\/li>\n<li><strong>Shape:<\/strong> Teardrop<\/li>\n<li><strong>Made For:<\/strong> Advanced Padel Player<\/li>\n<li><strong>Core:<\/strong> EV50<\/li>\n<li><strong>Frame:<\/strong> 100% Carbon<\/li>\n<li><strong>Control:<\/strong> 9\/10<\/li>\n<li><strong>Power:<\/strong> 10\/10<\/li>\n<\/ul>\n<p><strong>Techology:<\/strong> CARBON FRAME &#8211; DCS &#8211; DYNAMIC COMPOSITE STRUCTURE &#8211; EV50 RUBBER &#8211; 12K CARBON &#8211; ROUGH SURFACE &#8211; AVS (Vibration absorption system) &#8211; SMARTSTRAP\u00ae<\/p>","protected":false},"excerpt":{"rendered":"<p class=\"p1\">Te presentamos la nueva pala de p\u00e1del Nox<b>\u00a0TL10\u00a0FUTURE 2024<\/b>, la pala de\u00a0<strong>Tino Libaak<\/strong><strong>.<\/strong><\/p>\n<p class=\"p1\">Dise\u00f1ada para uno de los j\u00f3venes jugadores de drive m\u00e1s prometedores,\u00a0<strong>Tino Libaak<\/strong>. Una pala con forma de gota que destaca por su adaptabilidad a las distintas\u00a0situaciones de partido que permite manejar desde el fondo con gran salida de bola gracias a la\u00a0<strong>goma EV50<\/strong>\u00a0y a su vez es r\u00e1pida y manejable en la red, donde Tino despliega su potencial con una\u00a0r\u00e1pidisima\u00a0volea de rev\u00e9s, ahora potenciada por la\u00a0<strong>Fibra de Carbono Aluminizado 12K<\/strong>.<\/p>\n<p class=\"p2\">La<b>\u00a0TL10\u00a0FUTURE \u00a0<\/b>incluye el pionero sistema de cord\u00f3n de seguridad reemplazable\u00a0<b>Smartstrap\u00ae<\/b>. Mejora la higiene y la seguridad de tu pala reemplazando f\u00e1cilmente el cord\u00f3n sin perder la garant\u00eda al no tener que manipular el tap\u00f3n inferior. \u00a1M\u00e1s opciones de personalizaci\u00f3n al alcance de tu mano!<\/p>\n<p><strong>Feature:<\/strong><\/p>\n<ul>\n<li><strong>Brand:<\/strong> NOX Padel<\/li>\n<li><strong>Year:<\/strong> 2024<\/li>\n<li><strong>Shape:<\/strong> Teardrop<\/li>\n<li><strong>Made For:<\/strong> Advanced Padel Player<\/li>\n<li><strong>Core:<\/strong> EV50<\/li>\n<li><strong>Frame:<\/strong> 100% Carbon<\/li>\n<li><strong>Control:<\/strong> 9\/10<\/li>\n<li><strong>Power:<\/strong> 10\/10<\/li>\n<\/ul>\n<p><strong>Techology:<\/strong> CARBON FRAME &#8211; DCS &#8211; DYNAMIC COMPOSITE STRUCTURE &#8211; EV50 RUBBER &#8211; 12K CARBON &#8211; ROUGH SURFACE &#8211; AVS (Vibration absorption system) &#8211; SMARTSTRAP\u00ae<\/p>","protected":false},"featured_media":11865,"template":"","meta":[],"product_brand":[],"product_cat":[582,589,585,697,574,572,799],"product_tag":[],"class_list":{"0":"post-11859","1":"product","2":"type-product","3":"status-publish","4":"has-post-thumbnail","6":"product_cat-avanzado-palas","7":"product_cat-hombre-palas","8":"product_cat-lagrima-palas","9":"product_cat-nox-padel","10":"product_cat-nox-palas","11":"product_cat-palas","12":"product_cat-tino-libaak","13":"pa_brand-nox","14":"pa_gender-hombre","15":"pa_hs_code-134","17":"first","18":"outofstock","19":"sale","20":"taxable","21":"shipping-taxable","22":"purchasable","23":"product-type-simple"},"yoast_head":"<!-- This site is optimized with the Yoast SEO plugin v27.5 - https:\/\/yoast.com\/product\/yoast-seo-wordpress\/ -->\n<title>Pala Padel Nox TL10 Future 2024 Tino Libaak - Padel Zoco<\/title>\n<meta name=\"description\" content=\"Nox Padel Racket 2024 TL10 FUTURE , the 2024 racket of Tino Libaak. Teardrop Shapped padel racket for the best padel players. visit padel zoco madrid padel shop.\" \/>\n<meta name=\"robots\" content=\"index, follow, max-snippet:-1, max-image-preview:large, max-video-preview:-1\" \/>\n<link rel=\"canonical\" href=\"https:\/\/padelzoco.es\/en\/product\/pala-padel-nox-tl10-future-2024-tino-libaak\/\" \/>\n<meta property=\"og:locale\" content=\"en_GB\" \/>\n<meta property=\"og:type\" content=\"article\" \/>\n<meta property=\"og:title\" content=\"Pala Padel Nox TL10 Future 2024 Tino Libaak - Padel Zoco\" \/>\n<meta property=\"og:description\" content=\"Nox Padel Racket 2024 TL10 FUTURE , the 2024 racket of Tino Libaak. Teardrop Shapped padel racket for the best padel players. visit padel zoco madrid padel shop.\" \/>\n<meta property=\"og:url\" content=\"https:\/\/padelzoco.es\/en\/product\/pala-padel-nox-tl10-future-2024-tino-libaak\/\" \/>\n<meta property=\"og:site_name\" content=\"Padel Zoco\" \/>\n<meta property=\"article:modified_time\" content=\"2026-02-02T08:25:46+00:00\" \/>\n<meta property=\"og:image\" content=\"https:\/\/padelzoco.es\/wp-content\/uploads\/2024\/07\/Nox-Padel-Racket-TL10-Future-2024-Tino-Libaak-image-2.webp\" \/>\n\t<meta property=\"og:image:width\" content=\"1400\" \/>\n\t<meta property=\"og:image:height\" content=\"1400\" \/>\n\t<meta property=\"og:image:type\" content=\"image\/webp\" \/>\n<meta name=\"twitter:card\" content=\"summary_large_image\" \/>\n<meta name=\"twitter:label1\" content=\"Estimated reading time\" \/>\n\t<meta name=\"twitter:data1\" content=\"1 minute\" \/>\n<script type=\"application\/ld+json\" class=\"yoast-schema-graph\">{\"@context\":\"https:\\\/\\\/schema.org\",\"@graph\":[{\"@type\":\"WebPage\",\"@id\":\"https:\\\/\\\/padelzoco.es\\\/product\\\/pala-padel-nox-tl10-future-2024-tino-libaak\\\/\",\"url\":\"https:\\\/\\\/padelzoco.es\\\/product\\\/pala-padel-nox-tl10-future-2024-tino-libaak\\\/\",\"name\":\"Pala Padel Nox TL10 Future 2024 Tino Libaak - Padel Zoco\",\"isPartOf\":{\"@id\":\"https:\\\/\\\/padelzoco.es\\\/#website\"},\"primaryImageOfPage\":{\"@id\":\"https:\\\/\\\/padelzoco.es\\\/product\\\/pala-padel-nox-tl10-future-2024-tino-libaak\\\/#primaryimage\"},\"image\":{\"@id\":\"https:\\\/\\\/padelzoco.es\\\/product\\\/pala-padel-nox-tl10-future-2024-tino-libaak\\\/#primaryimage\"},\"thumbnailUrl\":\"https:\\\/\\\/padelzoco.es\\\/wp-content\\\/uploads\\\/2024\\\/07\\\/Nox-Padel-Racket-TL10-Future-2024-Tino-Libaak-image-2.webp\",\"datePublished\":\"2024-07-20T15:37:08+00:00\",\"dateModified\":\"2026-02-02T08:25:46+00:00\",\"description\":\"Nox Padel Racket 2024 TL10 FUTURE , the 2024 racket of Tino Libaak. Teardrop Shapped padel racket for the best padel players. visit padel zoco madrid padel shop.\",\"breadcrumb\":{\"@id\":\"https:\\\/\\\/padelzoco.es\\\/product\\\/pala-padel-nox-tl10-future-2024-tino-libaak\\\/#breadcrumb\"},\"inLanguage\":\"en-GB\",\"potentialAction\":[{\"@type\":\"ReadAction\",\"target\":[\"https:\\\/\\\/padelzoco.es\\\/product\\\/pala-padel-nox-tl10-future-2024-tino-libaak\\\/\"]}]},{\"@type\":\"ImageObject\",\"inLanguage\":\"en-GB\",\"@id\":\"https:\\\/\\\/padelzoco.es\\\/product\\\/pala-padel-nox-tl10-future-2024-tino-libaak\\\/#primaryimage\",\"url\":\"https:\\\/\\\/padelzoco.es\\\/wp-content\\\/uploads\\\/2024\\\/07\\\/Nox-Padel-Racket-TL10-Future-2024-Tino-Libaak-image-2.webp\",\"contentUrl\":\"https:\\\/\\\/padelzoco.es\\\/wp-content\\\/uploads\\\/2024\\\/07\\\/Nox-Padel-Racket-TL10-Future-2024-Tino-Libaak-image-2.webp\",\"width\":1400,\"height\":1400,\"caption\":\"Nox Padel Racket TL10 Future 2024 Tino Libaak image 2\"},{\"@type\":\"BreadcrumbList\",\"@id\":\"https:\\\/\\\/padelzoco.es\\\/product\\\/pala-padel-nox-tl10-future-2024-tino-libaak\\\/#breadcrumb\",\"itemListElement\":[{\"@type\":\"ListItem\",\"position\":1,\"name\":\"Home\",\"item\":\"https:\\\/\\\/padelzoco.es\\\/\"},{\"@type\":\"ListItem\",\"position\":2,\"name\":\"Padel Zoco\",\"item\":\"https:\\\/\\\/padelzoco.es\\\/padel-zoco\\\/\"},{\"@type\":\"ListItem\",\"position\":3,\"name\":\"Pala Padel Nox TL10 Future 2024 Tino Libaak\"}]},{\"@type\":\"WebSite\",\"@id\":\"https:\\\/\\\/padelzoco.es\\\/#website\",\"url\":\"https:\\\/\\\/padelzoco.es\\\/\",\"name\":\"Padel Zoco\",\"description\":\"Padel Zoco | Spain\",\"publisher\":{\"@id\":\"https:\\\/\\\/padelzoco.es\\\/#organization\"},\"potentialAction\":[{\"@type\":\"SearchAction\",\"target\":{\"@type\":\"EntryPoint\",\"urlTemplate\":\"https:\\\/\\\/padelzoco.es\\\/?s={search_term_string}\"},\"query-input\":{\"@type\":\"PropertyValueSpecification\",\"valueRequired\":true,\"valueName\":\"search_term_string\"}}],\"inLanguage\":\"en-GB\"},{\"@type\":\"Organization\",\"@id\":\"https:\\\/\\\/padelzoco.es\\\/#organization\",\"name\":\"Padel Zoco\",\"url\":\"https:\\\/\\\/padelzoco.es\\\/\",\"logo\":{\"@type\":\"ImageObject\",\"inLanguage\":\"en-GB\",\"@id\":\"https:\\\/\\\/padelzoco.es\\\/#\\\/schema\\\/logo\\\/image\\\/\",\"url\":\"https:\\\/\\\/padelzoco.es\\\/wp-content\\\/uploads\\\/2023\\\/11\\\/PadelZoco_Logo_black_white.webp\",\"contentUrl\":\"https:\\\/\\\/padelzoco.es\\\/wp-content\\\/uploads\\\/2023\\\/11\\\/PadelZoco_Logo_black_white.webp\",\"width\":1500,\"height\":631,\"caption\":\"Padel Zoco\"},\"image\":{\"@id\":\"https:\\\/\\\/padelzoco.es\\\/#\\\/schema\\\/logo\\\/image\\\/\"}}]}<\/script>\n<!-- \/ Yoast SEO plugin. -->","yoast_head_json":{"title":"Pala Padel Nox TL10 Future 2024 Tino Libaak - Padel Zoco","description":"Nox Padel Racket 2024 TL10 FUTURE , the 2024 racket of Tino Libaak. Teardrop Shapped padel racket for the best padel players. visit padel zoco madrid padel shop.","robots":{"index":"index","follow":"follow","max-snippet":"max-snippet:-1","max-image-preview":"max-image-preview:large","max-video-preview":"max-video-preview:-1"},"canonical":"https:\/\/padelzoco.es\/en\/product\/pala-padel-nox-tl10-future-2024-tino-libaak\/","og_locale":"en_GB","og_type":"article","og_title":"Pala Padel Nox TL10 Future 2024 Tino Libaak - Padel Zoco","og_description":"Nox Padel Racket 2024 TL10 FUTURE , the 2024 racket of Tino Libaak. Teardrop Shapped padel racket for the best padel players. visit padel zoco madrid padel shop.","og_url":"https:\/\/padelzoco.es\/en\/product\/pala-padel-nox-tl10-future-2024-tino-libaak\/","og_site_name":"Padel Zoco","article_modified_time":"2026-02-02T08:25:46+00:00","og_image":[{"width":1400,"height":1400,"url":"https:\/\/padelzoco.es\/wp-content\/uploads\/2024\/07\/Nox-Padel-Racket-TL10-Future-2024-Tino-Libaak-image-2.webp","type":"image\/webp"}],"twitter_card":"summary_large_image","twitter_misc":{"Estimated reading time":"1 minute"},"schema":{"@context":"https:\/\/schema.org","@graph":[{"@type":"WebPage","@id":"https:\/\/padelzoco.es\/product\/pala-padel-nox-tl10-future-2024-tino-libaak\/","url":"https:\/\/padelzoco.es\/product\/pala-padel-nox-tl10-future-2024-tino-libaak\/","name":"Pala Padel Nox TL10 Future 2024 Tino Libaak - Padel Zoco","isPartOf":{"@id":"https:\/\/padelzoco.es\/#website"},"primaryImageOfPage":{"@id":"https:\/\/padelzoco.es\/product\/pala-padel-nox-tl10-future-2024-tino-libaak\/#primaryimage"},"image":{"@id":"https:\/\/padelzoco.es\/product\/pala-padel-nox-tl10-future-2024-tino-libaak\/#primaryimage"},"thumbnailUrl":"https:\/\/padelzoco.es\/wp-content\/uploads\/2024\/07\/Nox-Padel-Racket-TL10-Future-2024-Tino-Libaak-image-2.webp","datePublished":"2024-07-20T15:37:08+00:00","dateModified":"2026-02-02T08:25:46+00:00","description":"Nox Padel Racket 2024 TL10 FUTURE , the 2024 racket of Tino Libaak. Teardrop Shapped padel racket for the best padel players. visit padel zoco madrid padel shop.","breadcrumb":{"@id":"https:\/\/padelzoco.es\/product\/pala-padel-nox-tl10-future-2024-tino-libaak\/#breadcrumb"},"inLanguage":"en-GB","potentialAction":[{"@type":"ReadAction","target":["https:\/\/padelzoco.es\/product\/pala-padel-nox-tl10-future-2024-tino-libaak\/"]}]},{"@type":"ImageObject","inLanguage":"en-GB","@id":"https:\/\/padelzoco.es\/product\/pala-padel-nox-tl10-future-2024-tino-libaak\/#primaryimage","url":"https:\/\/padelzoco.es\/wp-content\/uploads\/2024\/07\/Nox-Padel-Racket-TL10-Future-2024-Tino-Libaak-image-2.webp","contentUrl":"https:\/\/padelzoco.es\/wp-content\/uploads\/2024\/07\/Nox-Padel-Racket-TL10-Future-2024-Tino-Libaak-image-2.webp","width":1400,"height":1400,"caption":"Nox Padel Racket TL10 Future 2024 Tino Libaak image 2"},{"@type":"BreadcrumbList","@id":"https:\/\/padelzoco.es\/product\/pala-padel-nox-tl10-future-2024-tino-libaak\/#breadcrumb","itemListElement":[{"@type":"ListItem","position":1,"name":"Home","item":"https:\/\/padelzoco.es\/"},{"@type":"ListItem","position":2,"name":"Padel Zoco","item":"https:\/\/padelzoco.es\/padel-zoco\/"},{"@type":"ListItem","position":3,"name":"Pala Padel Nox TL10 Future 2024 Tino Libaak"}]},{"@type":"WebSite","@id":"https:\/\/padelzoco.es\/#website","url":"https:\/\/padelzoco.es\/","name":"Padel Zoco","description":"Padel Zoco | Spain","publisher":{"@id":"https:\/\/padelzoco.es\/#organization"},"potentialAction":[{"@type":"SearchAction","target":{"@type":"EntryPoint","urlTemplate":"https:\/\/padelzoco.es\/?s={search_term_string}"},"query-input":{"@type":"PropertyValueSpecification","valueRequired":true,"valueName":"search_term_string"}}],"inLanguage":"en-GB"},{"@type":"Organization","@id":"https:\/\/padelzoco.es\/#organization","name":"Padel Zoco","url":"https:\/\/padelzoco.es\/","logo":{"@type":"ImageObject","inLanguage":"en-GB","@id":"https:\/\/padelzoco.es\/#\/schema\/logo\/image\/","url":"https:\/\/padelzoco.es\/wp-content\/uploads\/2023\/11\/PadelZoco_Logo_black_white.webp","contentUrl":"https:\/\/padelzoco.es\/wp-content\/uploads\/2023\/11\/PadelZoco_Logo_black_white.webp","width":1500,"height":631,"caption":"Padel Zoco"},"image":{"@id":"https:\/\/padelzoco.es\/#\/schema\/logo\/image\/"}}]}},"_links":{"self":[{"href":"https:\/\/padelzoco.es\/en\/wp-json\/wp\/v2\/product\/11859","targetHints":{"allow":["GET"]}}],"collection":[{"href":"https:\/\/padelzoco.es\/en\/wp-json\/wp\/v2\/product"}],"about":[{"href":"https:\/\/padelzoco.es\/en\/wp-json\/wp\/v2\/types\/product"}],"version-history":[{"count":1,"href":"https:\/\/padelzoco.es\/en\/wp-json\/wp\/v2\/product\/11859\/revisions"}],"predecessor-version":[{"id":27738,"href":"https:\/\/padelzoco.es\/en\/wp-json\/wp\/v2\/product\/11859\/revisions\/27738"}],"wp:featuredmedia":[{"embeddable":true,"href":"https:\/\/padelzoco.es\/en\/wp-json\/wp\/v2\/media\/11865"}],"wp:attachment":[{"href":"https:\/\/padelzoco.es\/en\/wp-json\/wp\/v2\/media?parent=11859"}],"wp:term":[{"taxonomy":"product_brand","embeddable":true,"href":"https:\/\/padelzoco.es\/en\/wp-json\/wp\/v2\/product_brand?post=11859"},{"taxonomy":"product_cat","embeddable":true,"href":"https:\/\/padelzoco.es\/en\/wp-json\/wp\/v2\/product_cat?post=11859"},{"taxonomy":"product_tag","embeddable":true,"href":"https:\/\/padelzoco.es\/en\/wp-json\/wp\/v2\/product_tag?post=11859"}],"curies":[{"name":"wp","href":"https:\/\/api.w.org\/{rel}","templated":true}]}}