{"id":12020,"date":"2024-07-27T17:16:46","date_gmt":"2024-07-27T16:16:46","guid":{"rendered":"https:\/\/adc06f55e9.nxcli.io\/?post_type=product&#038;p=12020"},"modified":"2026-04-06T16:27:53","modified_gmt":"2026-04-06T15:27:53","slug":"4on-totalgrip-spray","status":"publish","type":"product","link":"https:\/\/padelzoco.es\/en\/product\/4on-totalgrip-spray\/","title":{"rendered":"4on TotalGrip Spray"},"content":{"rendered":"<p data-start=\"81\" data-end=\"248\">El <strong data-start=\"84\" data-end=\"122\">spray antideslizante 4on TotalGrip<\/strong> es un producto avanzado dise\u00f1ado para ofrecer <strong data-start=\"169\" data-end=\"196\">m\u00e1ximo agarre y control<\/strong> en condiciones de calor, humedad o sudor intenso.<\/p>\n<p data-start=\"250\" data-end=\"494\">Gracias a sus <strong data-start=\"264\" data-end=\"309\">finas part\u00edculas activadas por la humedad<\/strong>, el spray genera una sensaci\u00f3n de <strong data-start=\"344\" data-end=\"378\">ligera adherencia (stickiness)<\/strong> que aumenta la fricci\u00f3n en la mano, mejorando el contacto con el grip y optimizando el rendimiento en cada golpe.<\/p>\n<p data-start=\"496\" data-end=\"682\">Ideal para jugadores que necesitan un agarre fiable en situaciones exigentes, el <strong data-start=\"577\" data-end=\"600\">4on TotalGrip Spray<\/strong> garantiza control y seguridad incluso en los momentos m\u00e1s intensos del partido.<\/p>\n<p data-start=\"684\" data-end=\"718\"><strong data-start=\"684\" data-end=\"716\">Key Features:<\/strong><\/p>\n<ul data-start=\"719\" data-end=\"953\">\n<li data-section-id=\"5jcbgg\" data-start=\"719\" data-end=\"764\">\n<p data-start=\"721\" data-end=\"764\">Efecto antideslizante de alto rendimiento<\/p>\n<\/li>\n<li data-section-id=\"1uvdisg\" data-start=\"765\" data-end=\"826\">\n<p data-start=\"767\" data-end=\"826\">Part\u00edculas activadas por la humedad para mayor adherencia<\/p>\n<\/li>\n<li data-section-id=\"10fl9ne\" data-start=\"827\" data-end=\"876\">\n<p data-start=\"829\" data-end=\"876\">Mejora el control y la precisi\u00f3n en el golpeo<\/p>\n<\/li>\n<li data-section-id=\"7ijimh\" data-start=\"877\" data-end=\"920\">\n<p data-start=\"879\" data-end=\"920\">Ideal para condiciones de calor y sudor<\/p>\n<\/li>\n<li data-section-id=\"kht4jk\" data-start=\"921\" data-end=\"953\">\n<p data-start=\"923\" data-end=\"953\">Aplicaci\u00f3n r\u00e1pida y pr\u00e1ctica<\/p>\n<\/li>\n<\/ul>\n<p data-start=\"955\" data-end=\"978\"><strong data-start=\"955\" data-end=\"976\">Specifications:<\/strong><\/p>\n<ul data-start=\"979\" data-end=\"1025\">\n<li data-section-id=\"byro7\" data-start=\"979\" data-end=\"1001\">\n<p data-start=\"981\" data-end=\"1001\"><strong data-start=\"981\" data-end=\"993\">Formato:<\/strong> Spray<\/p>\n<\/li>\n<li data-section-id=\"1qc8obr\" data-start=\"1002\" data-end=\"1025\">\n<p data-start=\"1004\" data-end=\"1025\"><strong data-start=\"1004\" data-end=\"1016\">Volumen:<\/strong> 200 ml<\/p>\n<\/li>\n<\/ul>","protected":false},"excerpt":{"rendered":"<p><strong>Sobre el producto<\/strong><br \/>\n4on TotalGrip Spray es un producto antideslizante muy avanzado que evita el sudor y deja el m\u00e1ximo agarre y fricci\u00f3n en condiciones de humedad, sudor y calor. Las part\u00edculas finas en el aerosol se activan con la humedad, lo que a su vez proporciona una adherencia que brinda un agarre de alta fricci\u00f3n que optimiza el control.<\/p>\n<p><strong>Informaci\u00f3n del Producto\u00a0<\/strong><br \/>\nVolumen: 200ML<\/p>","protected":false},"featured_media":12021,"template":"","meta":[],"product_brand":[],"product_cat":[801,637,803],"product_tag":[],"class_list":{"0":"post-12020","1":"product","2":"type-product","3":"status-publish","4":"has-post-thumbnail","6":"product_cat-4on","7":"product_cat-accesorios","8":"product_cat-grip-sprays","10":"first","11":"instock","12":"sale","13":"taxable","14":"shipping-taxable","15":"purchasable","16":"product-type-simple"},"yoast_head":"<!-- This site is optimized with the Yoast SEO plugin v27.3 - https:\/\/yoast.com\/product\/yoast-seo-wordpress\/ -->\n<title>4on TotalGrip Spray - Padel Zoco<\/title>\n<meta name=\"description\" content=\"4on TotalGrip Spray 200 ml: spray antideslizante que mejora el agarre y control en condiciones de sudor y calor, ideal para p\u00e1del y deportes de raqueta.\" \/>\n<meta name=\"robots\" content=\"index, follow, max-snippet:-1, max-image-preview:large, max-video-preview:-1\" \/>\n<link rel=\"canonical\" href=\"https:\/\/padelzoco.es\/en\/product\/4on-totalgrip-spray\/\" \/>\n<meta property=\"og:locale\" content=\"en_GB\" \/>\n<meta property=\"og:type\" content=\"article\" \/>\n<meta property=\"og:title\" content=\"4on TotalGrip Spray - Padel Zoco\" \/>\n<meta property=\"og:description\" content=\"4on TotalGrip Spray 200 ml: spray antideslizante que mejora el agarre y control en condiciones de sudor y calor, ideal para p\u00e1del y deportes de raqueta.\" \/>\n<meta property=\"og:url\" content=\"https:\/\/padelzoco.es\/en\/product\/4on-totalgrip-spray\/\" \/>\n<meta property=\"og:site_name\" content=\"Padel Zoco\" \/>\n<meta property=\"article:modified_time\" content=\"2026-04-06T15:27:53+00:00\" \/>\n<meta property=\"og:image\" content=\"https:\/\/padelzoco.es\/wp-content\/uploads\/2024\/07\/4on-TotalSpin-Padel-Grip-Spray.webp\" \/>\n\t<meta property=\"og:image:width\" content=\"1400\" \/>\n\t<meta property=\"og:image:height\" content=\"1400\" \/>\n\t<meta property=\"og:image:type\" content=\"image\/webp\" \/>\n<meta name=\"twitter:card\" content=\"summary_large_image\" \/>\n<meta name=\"twitter:label1\" content=\"Estimated reading time\" \/>\n\t<meta name=\"twitter:data1\" content=\"1 minute\" \/>\n<script type=\"application\/ld+json\" class=\"yoast-schema-graph\">{\"@context\":\"https:\\\/\\\/schema.org\",\"@graph\":[{\"@type\":\"WebPage\",\"@id\":\"https:\\\/\\\/padelzoco.es\\\/product\\\/4on-totalgrip-spray\\\/\",\"url\":\"https:\\\/\\\/padelzoco.es\\\/product\\\/4on-totalgrip-spray\\\/\",\"name\":\"4on TotalGrip Spray - Padel Zoco\",\"isPartOf\":{\"@id\":\"https:\\\/\\\/padelzoco.es\\\/#website\"},\"primaryImageOfPage\":{\"@id\":\"https:\\\/\\\/padelzoco.es\\\/product\\\/4on-totalgrip-spray\\\/#primaryimage\"},\"image\":{\"@id\":\"https:\\\/\\\/padelzoco.es\\\/product\\\/4on-totalgrip-spray\\\/#primaryimage\"},\"thumbnailUrl\":\"https:\\\/\\\/padelzoco.es\\\/wp-content\\\/uploads\\\/2024\\\/07\\\/4on-TotalSpin-Padel-Grip-Spray.webp\",\"datePublished\":\"2024-07-27T16:16:46+00:00\",\"dateModified\":\"2026-04-06T15:27:53+00:00\",\"description\":\"4on TotalGrip Spray 200 ml: spray antideslizante que mejora el agarre y control en condiciones de sudor y calor, ideal para p\u00e1del y deportes de raqueta.\",\"breadcrumb\":{\"@id\":\"https:\\\/\\\/padelzoco.es\\\/product\\\/4on-totalgrip-spray\\\/#breadcrumb\"},\"inLanguage\":\"en-GB\",\"potentialAction\":[{\"@type\":\"ReadAction\",\"target\":[\"https:\\\/\\\/padelzoco.es\\\/product\\\/4on-totalgrip-spray\\\/\"]}]},{\"@type\":\"ImageObject\",\"inLanguage\":\"en-GB\",\"@id\":\"https:\\\/\\\/padelzoco.es\\\/product\\\/4on-totalgrip-spray\\\/#primaryimage\",\"url\":\"https:\\\/\\\/padelzoco.es\\\/wp-content\\\/uploads\\\/2024\\\/07\\\/4on-TotalSpin-Padel-Grip-Spray.webp\",\"contentUrl\":\"https:\\\/\\\/padelzoco.es\\\/wp-content\\\/uploads\\\/2024\\\/07\\\/4on-TotalSpin-Padel-Grip-Spray.webp\",\"width\":1400,\"height\":1400},{\"@type\":\"BreadcrumbList\",\"@id\":\"https:\\\/\\\/padelzoco.es\\\/product\\\/4on-totalgrip-spray\\\/#breadcrumb\",\"itemListElement\":[{\"@type\":\"ListItem\",\"position\":1,\"name\":\"Home\",\"item\":\"https:\\\/\\\/padelzoco.es\\\/\"},{\"@type\":\"ListItem\",\"position\":2,\"name\":\"Padel Zoco\",\"item\":\"https:\\\/\\\/padelzoco.es\\\/padel-zoco\\\/\"},{\"@type\":\"ListItem\",\"position\":3,\"name\":\"4on TotalGrip Spray\"}]},{\"@type\":\"WebSite\",\"@id\":\"https:\\\/\\\/padelzoco.es\\\/#website\",\"url\":\"https:\\\/\\\/padelzoco.es\\\/\",\"name\":\"Padel Zoco\",\"description\":\"Padel Zoco | Spain\",\"publisher\":{\"@id\":\"https:\\\/\\\/padelzoco.es\\\/#organization\"},\"potentialAction\":[{\"@type\":\"SearchAction\",\"target\":{\"@type\":\"EntryPoint\",\"urlTemplate\":\"https:\\\/\\\/padelzoco.es\\\/?s={search_term_string}\"},\"query-input\":{\"@type\":\"PropertyValueSpecification\",\"valueRequired\":true,\"valueName\":\"search_term_string\"}}],\"inLanguage\":\"en-GB\"},{\"@type\":\"Organization\",\"@id\":\"https:\\\/\\\/padelzoco.es\\\/#organization\",\"name\":\"Padel Zoco\",\"url\":\"https:\\\/\\\/padelzoco.es\\\/\",\"logo\":{\"@type\":\"ImageObject\",\"inLanguage\":\"en-GB\",\"@id\":\"https:\\\/\\\/padelzoco.es\\\/#\\\/schema\\\/logo\\\/image\\\/\",\"url\":\"https:\\\/\\\/padelzoco.es\\\/wp-content\\\/uploads\\\/2023\\\/11\\\/PadelZoco_Logo_black_white.webp\",\"contentUrl\":\"https:\\\/\\\/padelzoco.es\\\/wp-content\\\/uploads\\\/2023\\\/11\\\/PadelZoco_Logo_black_white.webp\",\"width\":1500,\"height\":631,\"caption\":\"Padel Zoco\"},\"image\":{\"@id\":\"https:\\\/\\\/padelzoco.es\\\/#\\\/schema\\\/logo\\\/image\\\/\"}}]}<\/script>\n<!-- \/ Yoast SEO plugin. -->","yoast_head_json":{"title":"4on TotalGrip Spray - Padel Zoco","description":"4on TotalGrip Spray 200 ml: spray antideslizante que mejora el agarre y control en condiciones de sudor y calor, ideal para p\u00e1del y deportes de raqueta.","robots":{"index":"index","follow":"follow","max-snippet":"max-snippet:-1","max-image-preview":"max-image-preview:large","max-video-preview":"max-video-preview:-1"},"canonical":"https:\/\/padelzoco.es\/en\/product\/4on-totalgrip-spray\/","og_locale":"en_GB","og_type":"article","og_title":"4on TotalGrip Spray - Padel Zoco","og_description":"4on TotalGrip Spray 200 ml: spray antideslizante que mejora el agarre y control en condiciones de sudor y calor, ideal para p\u00e1del y deportes de raqueta.","og_url":"https:\/\/padelzoco.es\/en\/product\/4on-totalgrip-spray\/","og_site_name":"Padel Zoco","article_modified_time":"2026-04-06T15:27:53+00:00","og_image":[{"width":1400,"height":1400,"url":"https:\/\/padelzoco.es\/wp-content\/uploads\/2024\/07\/4on-TotalSpin-Padel-Grip-Spray.webp","type":"image\/webp"}],"twitter_card":"summary_large_image","twitter_misc":{"Estimated reading time":"1 minute"},"schema":{"@context":"https:\/\/schema.org","@graph":[{"@type":"WebPage","@id":"https:\/\/padelzoco.es\/product\/4on-totalgrip-spray\/","url":"https:\/\/padelzoco.es\/product\/4on-totalgrip-spray\/","name":"4on TotalGrip Spray - Padel Zoco","isPartOf":{"@id":"https:\/\/padelzoco.es\/#website"},"primaryImageOfPage":{"@id":"https:\/\/padelzoco.es\/product\/4on-totalgrip-spray\/#primaryimage"},"image":{"@id":"https:\/\/padelzoco.es\/product\/4on-totalgrip-spray\/#primaryimage"},"thumbnailUrl":"https:\/\/padelzoco.es\/wp-content\/uploads\/2024\/07\/4on-TotalSpin-Padel-Grip-Spray.webp","datePublished":"2024-07-27T16:16:46+00:00","dateModified":"2026-04-06T15:27:53+00:00","description":"4on TotalGrip Spray 200 ml: spray antideslizante que mejora el agarre y control en condiciones de sudor y calor, ideal para p\u00e1del y deportes de raqueta.","breadcrumb":{"@id":"https:\/\/padelzoco.es\/product\/4on-totalgrip-spray\/#breadcrumb"},"inLanguage":"en-GB","potentialAction":[{"@type":"ReadAction","target":["https:\/\/padelzoco.es\/product\/4on-totalgrip-spray\/"]}]},{"@type":"ImageObject","inLanguage":"en-GB","@id":"https:\/\/padelzoco.es\/product\/4on-totalgrip-spray\/#primaryimage","url":"https:\/\/padelzoco.es\/wp-content\/uploads\/2024\/07\/4on-TotalSpin-Padel-Grip-Spray.webp","contentUrl":"https:\/\/padelzoco.es\/wp-content\/uploads\/2024\/07\/4on-TotalSpin-Padel-Grip-Spray.webp","width":1400,"height":1400},{"@type":"BreadcrumbList","@id":"https:\/\/padelzoco.es\/product\/4on-totalgrip-spray\/#breadcrumb","itemListElement":[{"@type":"ListItem","position":1,"name":"Home","item":"https:\/\/padelzoco.es\/"},{"@type":"ListItem","position":2,"name":"Padel Zoco","item":"https:\/\/padelzoco.es\/padel-zoco\/"},{"@type":"ListItem","position":3,"name":"4on TotalGrip Spray"}]},{"@type":"WebSite","@id":"https:\/\/padelzoco.es\/#website","url":"https:\/\/padelzoco.es\/","name":"Padel Zoco","description":"Padel Zoco | Spain","publisher":{"@id":"https:\/\/padelzoco.es\/#organization"},"potentialAction":[{"@type":"SearchAction","target":{"@type":"EntryPoint","urlTemplate":"https:\/\/padelzoco.es\/?s={search_term_string}"},"query-input":{"@type":"PropertyValueSpecification","valueRequired":true,"valueName":"search_term_string"}}],"inLanguage":"en-GB"},{"@type":"Organization","@id":"https:\/\/padelzoco.es\/#organization","name":"Padel Zoco","url":"https:\/\/padelzoco.es\/","logo":{"@type":"ImageObject","inLanguage":"en-GB","@id":"https:\/\/padelzoco.es\/#\/schema\/logo\/image\/","url":"https:\/\/padelzoco.es\/wp-content\/uploads\/2023\/11\/PadelZoco_Logo_black_white.webp","contentUrl":"https:\/\/padelzoco.es\/wp-content\/uploads\/2023\/11\/PadelZoco_Logo_black_white.webp","width":1500,"height":631,"caption":"Padel Zoco"},"image":{"@id":"https:\/\/padelzoco.es\/#\/schema\/logo\/image\/"}}]}},"_links":{"self":[{"href":"https:\/\/padelzoco.es\/en\/wp-json\/wp\/v2\/product\/12020","targetHints":{"allow":["GET"]}}],"collection":[{"href":"https:\/\/padelzoco.es\/en\/wp-json\/wp\/v2\/product"}],"about":[{"href":"https:\/\/padelzoco.es\/en\/wp-json\/wp\/v2\/types\/product"}],"version-history":[{"count":3,"href":"https:\/\/padelzoco.es\/en\/wp-json\/wp\/v2\/product\/12020\/revisions"}],"predecessor-version":[{"id":37873,"href":"https:\/\/padelzoco.es\/en\/wp-json\/wp\/v2\/product\/12020\/revisions\/37873"}],"wp:featuredmedia":[{"embeddable":true,"href":"https:\/\/padelzoco.es\/en\/wp-json\/wp\/v2\/media\/12021"}],"wp:attachment":[{"href":"https:\/\/padelzoco.es\/en\/wp-json\/wp\/v2\/media?parent=12020"}],"wp:term":[{"taxonomy":"product_brand","embeddable":true,"href":"https:\/\/padelzoco.es\/en\/wp-json\/wp\/v2\/product_brand?post=12020"},{"taxonomy":"product_cat","embeddable":true,"href":"https:\/\/padelzoco.es\/en\/wp-json\/wp\/v2\/product_cat?post=12020"},{"taxonomy":"product_tag","embeddable":true,"href":"https:\/\/padelzoco.es\/en\/wp-json\/wp\/v2\/product_tag?post=12020"}],"curies":[{"name":"wp","href":"https:\/\/api.w.org\/{rel}","templated":true}]}}