{"id":12101,"date":"2024-08-06T13:09:35","date_gmt":"2024-08-06T12:09:35","guid":{"rendered":"https:\/\/adc06f55e9.nxcli.io\/?post_type=product&#038;p=12101"},"modified":"2026-03-18T18:42:55","modified_gmt":"2026-03-18T17:42:55","slug":"pantalon-asics-court-padel-mujer-blanco","status":"publish","type":"product","link":"https:\/\/padelzoco.es\/en\/product\/pantalon-asics-court-padel-mujer-blanco\/","title":{"rendered":"Pantalon ASICS Court Padel mujer blanco"},"content":{"rendered":"<p data-start=\"0\" data-end=\"314\">El pantal\u00f3n corto WOMEN\u2019S COURT Padel SHORT de <span class=\"hover:entity-accent entity-underline inline cursor-pointer align-baseline\"><span class=\"whitespace-normal\">ASICS<\/span><\/span> est\u00e1 dise\u00f1ado para ofrecer libertad de movimiento y comodidad total en la pista. Su tejido suave y de secado r\u00e1pido ayuda a mantener una sensaci\u00f3n ligera durante todo el partido, permiti\u00e9ndote concentrarte \u00fanicamente en tu juego.<\/p>\n<p data-start=\"316\" data-end=\"642\">Gracias a su material ligero y flexible, esta prenda mejora el rango de movimiento en cada desplazamiento, adapt\u00e1ndose a los cambios de ritmo y a los movimientos din\u00e1micos del p\u00e1del. Adem\u00e1s, est\u00e1 fabricado con al menos un 50% de materiales reciclados, contribuyendo a reducir el impacto ambiental sin renunciar al rendimiento.<\/p>\n<p data-start=\"897\" data-end=\"1059\">","protected":false},"excerpt":{"rendered":"<div class=\"small-bold\">\n<div class=\"product-mobile-change-position\">\n<p data-start=\"666\" data-end=\"895\">Pantal\u00f3n corto ASICS Court Padel para mujer, ligero y de secado r\u00e1pido, dise\u00f1ado para ofrecer comodidad y libertad de movimiento en pista. Su tejido flexible se adapta a cada movimiento, mejorando el rendimiento durante el juego.<\/p>\n<p data-start=\"897\" data-end=\"1059\">Fabricado parcialmente con materiales reciclados, combina funcionalidad, confort y sostenibilidad, siendo ideal tanto para entrenamientos como para competici\u00f3n.<\/p>\n<\/div>\n<\/div>","protected":false},"featured_media":12113,"template":"","meta":[],"product_brand":[],"product_cat":[606,617,609,613,601],"product_tag":[],"class_list":{"0":"post-12101","1":"product","2":"type-product","3":"status-publish","4":"has-post-thumbnail","6":"product_cat-asics-ropa","7":"product_cat-faldas-ropa","8":"product_cat-mujer-ropa","9":"product_cat-pantalones-ropa","10":"product_cat-ropa","11":"pa_brand-asics","12":"pa_color-negro","13":"pa_gender-mujer","14":"pa_hs_code-87","15":"pa_size-l","16":"pa_size-m","17":"pa_size-s","18":"pa_size-xl","20":"first","21":"instock","22":"sale","23":"taxable","24":"shipping-taxable","25":"purchasable","26":"product-type-variable"},"yoast_head":"<!-- This site is optimized with the Yoast SEO plugin v27.4 - https:\/\/yoast.com\/product\/yoast-seo-wordpress\/ -->\n<title>Pantalon ASICS Court Padel mujer blanco - Padel Zoco<\/title>\n<meta name=\"description\" content=\"Pantal\u00f3n corto ASICS Court Padel mujer, ligero y transpirable, con tejido flexible y materiales reciclados para m\u00e1ximo confort en pista.\" \/>\n<meta name=\"robots\" content=\"index, follow, max-snippet:-1, max-image-preview:large, max-video-preview:-1\" \/>\n<link rel=\"canonical\" href=\"https:\/\/padelzoco.es\/en\/product\/pantalon-asics-court-padel-mujer-blanco\/\" \/>\n<meta property=\"og:locale\" content=\"en_GB\" \/>\n<meta property=\"og:type\" content=\"article\" \/>\n<meta property=\"og:title\" content=\"Pantalon ASICS Court Padel mujer blanco - Padel Zoco\" \/>\n<meta property=\"og:description\" content=\"Pantal\u00f3n corto ASICS Court Padel mujer, ligero y transpirable, con tejido flexible y materiales reciclados para m\u00e1ximo confort en pista.\" \/>\n<meta property=\"og:url\" content=\"https:\/\/padelzoco.es\/en\/product\/pantalon-asics-court-padel-mujer-blanco\/\" \/>\n<meta property=\"og:site_name\" content=\"Padel Zoco\" \/>\n<meta property=\"article:modified_time\" content=\"2026-03-18T17:42:55+00:00\" \/>\n<meta property=\"og:image\" content=\"https:\/\/padelzoco.es\/wp-content\/uploads\/2024\/08\/Asics-WOMENS-COURT-Padel-SHORT.webp\" \/>\n\t<meta property=\"og:image:width\" content=\"1400\" \/>\n\t<meta property=\"og:image:height\" content=\"1400\" \/>\n\t<meta property=\"og:image:type\" content=\"image\/webp\" \/>\n<meta name=\"twitter:card\" content=\"summary_large_image\" \/>\n<meta name=\"twitter:label1\" content=\"Estimated reading time\" \/>\n\t<meta name=\"twitter:data1\" content=\"1 minute\" \/>\n<script type=\"application\/ld+json\" class=\"yoast-schema-graph\">{\"@context\":\"https:\\\/\\\/schema.org\",\"@graph\":[{\"@type\":\"WebPage\",\"@id\":\"https:\\\/\\\/padelzoco.es\\\/product\\\/pantalon-asics-court-padel-mujer-blanco\\\/\",\"url\":\"https:\\\/\\\/padelzoco.es\\\/product\\\/pantalon-asics-court-padel-mujer-blanco\\\/\",\"name\":\"Pantalon ASICS Court Padel mujer blanco - Padel Zoco\",\"isPartOf\":{\"@id\":\"https:\\\/\\\/padelzoco.es\\\/#website\"},\"primaryImageOfPage\":{\"@id\":\"https:\\\/\\\/padelzoco.es\\\/product\\\/pantalon-asics-court-padel-mujer-blanco\\\/#primaryimage\"},\"image\":{\"@id\":\"https:\\\/\\\/padelzoco.es\\\/product\\\/pantalon-asics-court-padel-mujer-blanco\\\/#primaryimage\"},\"thumbnailUrl\":\"https:\\\/\\\/padelzoco.es\\\/wp-content\\\/uploads\\\/2024\\\/08\\\/Asics-WOMENS-COURT-Padel-SHORT.webp\",\"datePublished\":\"2024-08-06T12:09:35+00:00\",\"dateModified\":\"2026-03-18T17:42:55+00:00\",\"description\":\"Pantal\u00f3n corto ASICS Court Padel mujer, ligero y transpirable, con tejido flexible y materiales reciclados para m\u00e1ximo confort en pista.\",\"breadcrumb\":{\"@id\":\"https:\\\/\\\/padelzoco.es\\\/product\\\/pantalon-asics-court-padel-mujer-blanco\\\/#breadcrumb\"},\"inLanguage\":\"en-GB\",\"potentialAction\":[{\"@type\":\"ReadAction\",\"target\":[\"https:\\\/\\\/padelzoco.es\\\/product\\\/pantalon-asics-court-padel-mujer-blanco\\\/\"]}]},{\"@type\":\"ImageObject\",\"inLanguage\":\"en-GB\",\"@id\":\"https:\\\/\\\/padelzoco.es\\\/product\\\/pantalon-asics-court-padel-mujer-blanco\\\/#primaryimage\",\"url\":\"https:\\\/\\\/padelzoco.es\\\/wp-content\\\/uploads\\\/2024\\\/08\\\/Asics-WOMENS-COURT-Padel-SHORT.webp\",\"contentUrl\":\"https:\\\/\\\/padelzoco.es\\\/wp-content\\\/uploads\\\/2024\\\/08\\\/Asics-WOMENS-COURT-Padel-SHORT.webp\",\"width\":1400,\"height\":1400,\"caption\":\"Asics WOMEN'S COURT Padel SHORT\"},{\"@type\":\"BreadcrumbList\",\"@id\":\"https:\\\/\\\/padelzoco.es\\\/product\\\/pantalon-asics-court-padel-mujer-blanco\\\/#breadcrumb\",\"itemListElement\":[{\"@type\":\"ListItem\",\"position\":1,\"name\":\"Home\",\"item\":\"https:\\\/\\\/padelzoco.es\\\/\"},{\"@type\":\"ListItem\",\"position\":2,\"name\":\"Padel Zoco\",\"item\":\"https:\\\/\\\/padelzoco.es\\\/padel-zoco\\\/\"},{\"@type\":\"ListItem\",\"position\":3,\"name\":\"Pantalon ASICS Court Padel mujer blanco\"}]},{\"@type\":\"WebSite\",\"@id\":\"https:\\\/\\\/padelzoco.es\\\/#website\",\"url\":\"https:\\\/\\\/padelzoco.es\\\/\",\"name\":\"Padel Zoco\",\"description\":\"Padel Zoco | Spain\",\"publisher\":{\"@id\":\"https:\\\/\\\/padelzoco.es\\\/#organization\"},\"potentialAction\":[{\"@type\":\"SearchAction\",\"target\":{\"@type\":\"EntryPoint\",\"urlTemplate\":\"https:\\\/\\\/padelzoco.es\\\/?s={search_term_string}\"},\"query-input\":{\"@type\":\"PropertyValueSpecification\",\"valueRequired\":true,\"valueName\":\"search_term_string\"}}],\"inLanguage\":\"en-GB\"},{\"@type\":\"Organization\",\"@id\":\"https:\\\/\\\/padelzoco.es\\\/#organization\",\"name\":\"Padel Zoco\",\"url\":\"https:\\\/\\\/padelzoco.es\\\/\",\"logo\":{\"@type\":\"ImageObject\",\"inLanguage\":\"en-GB\",\"@id\":\"https:\\\/\\\/padelzoco.es\\\/#\\\/schema\\\/logo\\\/image\\\/\",\"url\":\"https:\\\/\\\/padelzoco.es\\\/wp-content\\\/uploads\\\/2023\\\/11\\\/PadelZoco_Logo_black_white.webp\",\"contentUrl\":\"https:\\\/\\\/padelzoco.es\\\/wp-content\\\/uploads\\\/2023\\\/11\\\/PadelZoco_Logo_black_white.webp\",\"width\":1500,\"height\":631,\"caption\":\"Padel Zoco\"},\"image\":{\"@id\":\"https:\\\/\\\/padelzoco.es\\\/#\\\/schema\\\/logo\\\/image\\\/\"}}]}<\/script>\n<!-- \/ Yoast SEO plugin. -->","yoast_head_json":{"title":"Pantalon ASICS Court Padel mujer blanco - Padel Zoco","description":"Pantal\u00f3n corto ASICS Court Padel mujer, ligero y transpirable, con tejido flexible y materiales reciclados para m\u00e1ximo confort en pista.","robots":{"index":"index","follow":"follow","max-snippet":"max-snippet:-1","max-image-preview":"max-image-preview:large","max-video-preview":"max-video-preview:-1"},"canonical":"https:\/\/padelzoco.es\/en\/product\/pantalon-asics-court-padel-mujer-blanco\/","og_locale":"en_GB","og_type":"article","og_title":"Pantalon ASICS Court Padel mujer blanco - Padel Zoco","og_description":"Pantal\u00f3n corto ASICS Court Padel mujer, ligero y transpirable, con tejido flexible y materiales reciclados para m\u00e1ximo confort en pista.","og_url":"https:\/\/padelzoco.es\/en\/product\/pantalon-asics-court-padel-mujer-blanco\/","og_site_name":"Padel Zoco","article_modified_time":"2026-03-18T17:42:55+00:00","og_image":[{"width":1400,"height":1400,"url":"https:\/\/padelzoco.es\/wp-content\/uploads\/2024\/08\/Asics-WOMENS-COURT-Padel-SHORT.webp","type":"image\/webp"}],"twitter_card":"summary_large_image","twitter_misc":{"Estimated reading time":"1 minute"},"schema":{"@context":"https:\/\/schema.org","@graph":[{"@type":"WebPage","@id":"https:\/\/padelzoco.es\/product\/pantalon-asics-court-padel-mujer-blanco\/","url":"https:\/\/padelzoco.es\/product\/pantalon-asics-court-padel-mujer-blanco\/","name":"Pantalon ASICS Court Padel mujer blanco - Padel Zoco","isPartOf":{"@id":"https:\/\/padelzoco.es\/#website"},"primaryImageOfPage":{"@id":"https:\/\/padelzoco.es\/product\/pantalon-asics-court-padel-mujer-blanco\/#primaryimage"},"image":{"@id":"https:\/\/padelzoco.es\/product\/pantalon-asics-court-padel-mujer-blanco\/#primaryimage"},"thumbnailUrl":"https:\/\/padelzoco.es\/wp-content\/uploads\/2024\/08\/Asics-WOMENS-COURT-Padel-SHORT.webp","datePublished":"2024-08-06T12:09:35+00:00","dateModified":"2026-03-18T17:42:55+00:00","description":"Pantal\u00f3n corto ASICS Court Padel mujer, ligero y transpirable, con tejido flexible y materiales reciclados para m\u00e1ximo confort en pista.","breadcrumb":{"@id":"https:\/\/padelzoco.es\/product\/pantalon-asics-court-padel-mujer-blanco\/#breadcrumb"},"inLanguage":"en-GB","potentialAction":[{"@type":"ReadAction","target":["https:\/\/padelzoco.es\/product\/pantalon-asics-court-padel-mujer-blanco\/"]}]},{"@type":"ImageObject","inLanguage":"en-GB","@id":"https:\/\/padelzoco.es\/product\/pantalon-asics-court-padel-mujer-blanco\/#primaryimage","url":"https:\/\/padelzoco.es\/wp-content\/uploads\/2024\/08\/Asics-WOMENS-COURT-Padel-SHORT.webp","contentUrl":"https:\/\/padelzoco.es\/wp-content\/uploads\/2024\/08\/Asics-WOMENS-COURT-Padel-SHORT.webp","width":1400,"height":1400,"caption":"Asics WOMEN'S COURT Padel SHORT"},{"@type":"BreadcrumbList","@id":"https:\/\/padelzoco.es\/product\/pantalon-asics-court-padel-mujer-blanco\/#breadcrumb","itemListElement":[{"@type":"ListItem","position":1,"name":"Home","item":"https:\/\/padelzoco.es\/"},{"@type":"ListItem","position":2,"name":"Padel Zoco","item":"https:\/\/padelzoco.es\/padel-zoco\/"},{"@type":"ListItem","position":3,"name":"Pantalon ASICS Court Padel mujer blanco"}]},{"@type":"WebSite","@id":"https:\/\/padelzoco.es\/#website","url":"https:\/\/padelzoco.es\/","name":"Padel Zoco","description":"Padel Zoco | Spain","publisher":{"@id":"https:\/\/padelzoco.es\/#organization"},"potentialAction":[{"@type":"SearchAction","target":{"@type":"EntryPoint","urlTemplate":"https:\/\/padelzoco.es\/?s={search_term_string}"},"query-input":{"@type":"PropertyValueSpecification","valueRequired":true,"valueName":"search_term_string"}}],"inLanguage":"en-GB"},{"@type":"Organization","@id":"https:\/\/padelzoco.es\/#organization","name":"Padel Zoco","url":"https:\/\/padelzoco.es\/","logo":{"@type":"ImageObject","inLanguage":"en-GB","@id":"https:\/\/padelzoco.es\/#\/schema\/logo\/image\/","url":"https:\/\/padelzoco.es\/wp-content\/uploads\/2023\/11\/PadelZoco_Logo_black_white.webp","contentUrl":"https:\/\/padelzoco.es\/wp-content\/uploads\/2023\/11\/PadelZoco_Logo_black_white.webp","width":1500,"height":631,"caption":"Padel Zoco"},"image":{"@id":"https:\/\/padelzoco.es\/#\/schema\/logo\/image\/"}}]}},"_links":{"self":[{"href":"https:\/\/padelzoco.es\/en\/wp-json\/wp\/v2\/product\/12101","targetHints":{"allow":["GET"]}}],"collection":[{"href":"https:\/\/padelzoco.es\/en\/wp-json\/wp\/v2\/product"}],"about":[{"href":"https:\/\/padelzoco.es\/en\/wp-json\/wp\/v2\/types\/product"}],"version-history":[{"count":4,"href":"https:\/\/padelzoco.es\/en\/wp-json\/wp\/v2\/product\/12101\/revisions"}],"predecessor-version":[{"id":37731,"href":"https:\/\/padelzoco.es\/en\/wp-json\/wp\/v2\/product\/12101\/revisions\/37731"}],"wp:featuredmedia":[{"embeddable":true,"href":"https:\/\/padelzoco.es\/en\/wp-json\/wp\/v2\/media\/12113"}],"wp:attachment":[{"href":"https:\/\/padelzoco.es\/en\/wp-json\/wp\/v2\/media?parent=12101"}],"wp:term":[{"taxonomy":"product_brand","embeddable":true,"href":"https:\/\/padelzoco.es\/en\/wp-json\/wp\/v2\/product_brand?post=12101"},{"taxonomy":"product_cat","embeddable":true,"href":"https:\/\/padelzoco.es\/en\/wp-json\/wp\/v2\/product_cat?post=12101"},{"taxonomy":"product_tag","embeddable":true,"href":"https:\/\/padelzoco.es\/en\/wp-json\/wp\/v2\/product_tag?post=12101"}],"curies":[{"name":"wp","href":"https:\/\/api.w.org\/{rel}","templated":true}]}}