{"id":12146,"date":"2024-08-06T14:04:12","date_gmt":"2024-08-06T13:04:12","guid":{"rendered":"https:\/\/adc06f55e9.nxcli.io\/?post_type=product&#038;p=12146"},"modified":"2026-03-18T17:45:24","modified_gmt":"2026-03-18T16:45:24","slug":"pantalon-corto-asics-court-9in-hombre-azul","status":"publish","type":"product","link":"https:\/\/padelzoco.es\/en\/product\/pantalon-corto-asics-court-9in-hombre-azul\/","title":{"rendered":"Pantalon corto Asics Court 9IN hombre azul"},"content":{"rendered":"<div class=\"product-mobile-change-position\">\n<p data-start=\"0\" data-end=\"286\">El pantal\u00f3n corto COURT 7IN SHORT est\u00e1 dise\u00f1ado para ofrecer comodidad, ligereza y una excelente ventilaci\u00f3n durante el juego. Sus paneles traseros de malla y la abertura en el bajo mejoran el flujo de aire, ayudando a mantenerte fresco incluso en los momentos m\u00e1s intensos del partido.<\/p>\n<p data-start=\"288\" data-end=\"586\">Cuenta con bolsillos amplios con capacidad para guardar hasta tres pelotas de tenis, lo que lo hace pr\u00e1ctico tanto para entrenamientos como competici\u00f3n. Adem\u00e1s, est\u00e1 fabricado con al menos un 50% de materiales reciclados, contribuyendo a reducir el impacto ambiental sin comprometer el rendimiento.<\/p>\n<\/div>","protected":false},"excerpt":{"rendered":"<div class=\"small-bold\">\n<div class=\"product-mobile-change-position\">\n<div class=\"product-mobile-change-position\">\n<p>Los pantalones cortos COURT 9IN SHORT est\u00e1n dise\u00f1ados para ofrecer un flujo de aire y una comodidad avanzados.<\/p>\n<p>Sus paneles de malla posteriores y ventilaci\u00f3n en el dobladillo mejoran la transpirabilidad.<\/p>\n<p>Por otro lado, los bolsillos de los pantalones cortos son lo suficientemente amplios para guardar tres pelotas de tenis.<\/p>\n<p>Al menos el 50% del material principal de la prenda est\u00e1 fabricado con materiales reciclados para reducir los residuos y las emisiones de carbono<\/p>\n<p>Tejido principal: 100% Poli\u00e9ster \/ Inserci\u00f3n: 92% Poli\u00e9ster \/ 8% Elastano<\/p>\n<\/div>\n<\/div>\n<\/div>","protected":false},"featured_media":12156,"template":"","meta":[],"product_brand":[],"product_cat":[606,608,613,601],"product_tag":[],"class_list":{"0":"post-12146","1":"product","2":"type-product","3":"status-publish","4":"has-post-thumbnail","6":"product_cat-asics-ropa","7":"product_cat-hombre-ropa","8":"product_cat-pantalones-ropa","9":"product_cat-ropa","10":"pa_brand-asics","11":"pa_color-blue","12":"pa_gender-hombre","13":"pa_hs_code-87","14":"pa_size-l","15":"pa_size-m","16":"pa_size-s","17":"pa_size-xl","19":"first","20":"instock","21":"sale","22":"taxable","23":"shipping-taxable","24":"purchasable","25":"product-type-variable"},"yoast_head":"<!-- This site is optimized with the Yoast SEO plugin v27.3 - https:\/\/yoast.com\/product\/yoast-seo-wordpress\/ -->\n<title>Pantalon corto Asics Court 9IN hombre azul - Padel Zoco<\/title>\n<meta name=\"description\" content=\"Pantal\u00f3n COURT 7IN SHORT ligero y transpirable con paneles de malla, bolsillos amplios y tejido reciclado para m\u00e1ximo confort en pista.\" \/>\n<meta name=\"robots\" content=\"index, follow, max-snippet:-1, max-image-preview:large, max-video-preview:-1\" \/>\n<link rel=\"canonical\" href=\"https:\/\/padelzoco.es\/en\/product\/pantalon-corto-asics-court-9in-hombre-azul\/\" \/>\n<meta property=\"og:locale\" content=\"en_GB\" \/>\n<meta property=\"og:type\" content=\"article\" \/>\n<meta property=\"og:title\" content=\"Pantalon corto Asics Court 9IN hombre azul - Padel Zoco\" \/>\n<meta property=\"og:description\" content=\"Pantal\u00f3n COURT 7IN SHORT ligero y transpirable con paneles de malla, bolsillos amplios y tejido reciclado para m\u00e1ximo confort en pista.\" \/>\n<meta property=\"og:url\" content=\"https:\/\/padelzoco.es\/en\/product\/pantalon-corto-asics-court-9in-hombre-azul\/\" \/>\n<meta property=\"og:site_name\" content=\"Padel Zoco\" \/>\n<meta property=\"article:modified_time\" content=\"2026-03-18T16:45:24+00:00\" \/>\n<meta property=\"og:image\" content=\"https:\/\/padelzoco.es\/wp-content\/uploads\/2024\/08\/Asics-COURT-7IN-Padel-SHORT-for-Men-Navy-blue.webp\" \/>\n\t<meta property=\"og:image:width\" content=\"1400\" \/>\n\t<meta property=\"og:image:height\" content=\"1400\" \/>\n\t<meta property=\"og:image:type\" content=\"image\/webp\" \/>\n<meta name=\"twitter:card\" content=\"summary_large_image\" \/>\n<meta name=\"twitter:label1\" content=\"Estimated reading time\" \/>\n\t<meta name=\"twitter:data1\" content=\"1 minute\" \/>\n<script type=\"application\/ld+json\" class=\"yoast-schema-graph\">{\"@context\":\"https:\\\/\\\/schema.org\",\"@graph\":[{\"@type\":\"WebPage\",\"@id\":\"https:\\\/\\\/padelzoco.es\\\/product\\\/pantalon-corto-asics-court-9in-hombre-azul\\\/\",\"url\":\"https:\\\/\\\/padelzoco.es\\\/product\\\/pantalon-corto-asics-court-9in-hombre-azul\\\/\",\"name\":\"Pantalon corto Asics Court 9IN hombre azul - Padel Zoco\",\"isPartOf\":{\"@id\":\"https:\\\/\\\/padelzoco.es\\\/#website\"},\"primaryImageOfPage\":{\"@id\":\"https:\\\/\\\/padelzoco.es\\\/product\\\/pantalon-corto-asics-court-9in-hombre-azul\\\/#primaryimage\"},\"image\":{\"@id\":\"https:\\\/\\\/padelzoco.es\\\/product\\\/pantalon-corto-asics-court-9in-hombre-azul\\\/#primaryimage\"},\"thumbnailUrl\":\"https:\\\/\\\/padelzoco.es\\\/wp-content\\\/uploads\\\/2024\\\/08\\\/Asics-COURT-7IN-Padel-SHORT-for-Men-Navy-blue.webp\",\"datePublished\":\"2024-08-06T13:04:12+00:00\",\"dateModified\":\"2026-03-18T16:45:24+00:00\",\"description\":\"Pantal\u00f3n COURT 7IN SHORT ligero y transpirable con paneles de malla, bolsillos amplios y tejido reciclado para m\u00e1ximo confort en pista.\",\"breadcrumb\":{\"@id\":\"https:\\\/\\\/padelzoco.es\\\/product\\\/pantalon-corto-asics-court-9in-hombre-azul\\\/#breadcrumb\"},\"inLanguage\":\"en-GB\",\"potentialAction\":[{\"@type\":\"ReadAction\",\"target\":[\"https:\\\/\\\/padelzoco.es\\\/product\\\/pantalon-corto-asics-court-9in-hombre-azul\\\/\"]}]},{\"@type\":\"ImageObject\",\"inLanguage\":\"en-GB\",\"@id\":\"https:\\\/\\\/padelzoco.es\\\/product\\\/pantalon-corto-asics-court-9in-hombre-azul\\\/#primaryimage\",\"url\":\"https:\\\/\\\/padelzoco.es\\\/wp-content\\\/uploads\\\/2024\\\/08\\\/Asics-COURT-7IN-Padel-SHORT-for-Men-Navy-blue.webp\",\"contentUrl\":\"https:\\\/\\\/padelzoco.es\\\/wp-content\\\/uploads\\\/2024\\\/08\\\/Asics-COURT-7IN-Padel-SHORT-for-Men-Navy-blue.webp\",\"width\":1400,\"height\":1400,\"caption\":\"Asics COURT 7IN Padel SHORT for Men Navy blue\"},{\"@type\":\"BreadcrumbList\",\"@id\":\"https:\\\/\\\/padelzoco.es\\\/product\\\/pantalon-corto-asics-court-9in-hombre-azul\\\/#breadcrumb\",\"itemListElement\":[{\"@type\":\"ListItem\",\"position\":1,\"name\":\"Home\",\"item\":\"https:\\\/\\\/padelzoco.es\\\/\"},{\"@type\":\"ListItem\",\"position\":2,\"name\":\"Padel Zoco\",\"item\":\"https:\\\/\\\/padelzoco.es\\\/padel-zoco\\\/\"},{\"@type\":\"ListItem\",\"position\":3,\"name\":\"Pantalon corto Asics Court 9IN hombre azul\"}]},{\"@type\":\"WebSite\",\"@id\":\"https:\\\/\\\/padelzoco.es\\\/#website\",\"url\":\"https:\\\/\\\/padelzoco.es\\\/\",\"name\":\"Padel Zoco\",\"description\":\"Padel Zoco | Spain\",\"publisher\":{\"@id\":\"https:\\\/\\\/padelzoco.es\\\/#organization\"},\"potentialAction\":[{\"@type\":\"SearchAction\",\"target\":{\"@type\":\"EntryPoint\",\"urlTemplate\":\"https:\\\/\\\/padelzoco.es\\\/?s={search_term_string}\"},\"query-input\":{\"@type\":\"PropertyValueSpecification\",\"valueRequired\":true,\"valueName\":\"search_term_string\"}}],\"inLanguage\":\"en-GB\"},{\"@type\":\"Organization\",\"@id\":\"https:\\\/\\\/padelzoco.es\\\/#organization\",\"name\":\"Padel Zoco\",\"url\":\"https:\\\/\\\/padelzoco.es\\\/\",\"logo\":{\"@type\":\"ImageObject\",\"inLanguage\":\"en-GB\",\"@id\":\"https:\\\/\\\/padelzoco.es\\\/#\\\/schema\\\/logo\\\/image\\\/\",\"url\":\"https:\\\/\\\/padelzoco.es\\\/wp-content\\\/uploads\\\/2023\\\/11\\\/PadelZoco_Logo_black_white.webp\",\"contentUrl\":\"https:\\\/\\\/padelzoco.es\\\/wp-content\\\/uploads\\\/2023\\\/11\\\/PadelZoco_Logo_black_white.webp\",\"width\":1500,\"height\":631,\"caption\":\"Padel Zoco\"},\"image\":{\"@id\":\"https:\\\/\\\/padelzoco.es\\\/#\\\/schema\\\/logo\\\/image\\\/\"}}]}<\/script>\n<!-- \/ Yoast SEO plugin. -->","yoast_head_json":{"title":"Pantalon corto Asics Court 9IN hombre azul - Padel Zoco","description":"Pantal\u00f3n COURT 7IN SHORT ligero y transpirable con paneles de malla, bolsillos amplios y tejido reciclado para m\u00e1ximo confort en pista.","robots":{"index":"index","follow":"follow","max-snippet":"max-snippet:-1","max-image-preview":"max-image-preview:large","max-video-preview":"max-video-preview:-1"},"canonical":"https:\/\/padelzoco.es\/en\/product\/pantalon-corto-asics-court-9in-hombre-azul\/","og_locale":"en_GB","og_type":"article","og_title":"Pantalon corto Asics Court 9IN hombre azul - Padel Zoco","og_description":"Pantal\u00f3n COURT 7IN SHORT ligero y transpirable con paneles de malla, bolsillos amplios y tejido reciclado para m\u00e1ximo confort en pista.","og_url":"https:\/\/padelzoco.es\/en\/product\/pantalon-corto-asics-court-9in-hombre-azul\/","og_site_name":"Padel Zoco","article_modified_time":"2026-03-18T16:45:24+00:00","og_image":[{"width":1400,"height":1400,"url":"https:\/\/padelzoco.es\/wp-content\/uploads\/2024\/08\/Asics-COURT-7IN-Padel-SHORT-for-Men-Navy-blue.webp","type":"image\/webp"}],"twitter_card":"summary_large_image","twitter_misc":{"Estimated reading time":"1 minute"},"schema":{"@context":"https:\/\/schema.org","@graph":[{"@type":"WebPage","@id":"https:\/\/padelzoco.es\/product\/pantalon-corto-asics-court-9in-hombre-azul\/","url":"https:\/\/padelzoco.es\/product\/pantalon-corto-asics-court-9in-hombre-azul\/","name":"Pantalon corto Asics Court 9IN hombre azul - Padel Zoco","isPartOf":{"@id":"https:\/\/padelzoco.es\/#website"},"primaryImageOfPage":{"@id":"https:\/\/padelzoco.es\/product\/pantalon-corto-asics-court-9in-hombre-azul\/#primaryimage"},"image":{"@id":"https:\/\/padelzoco.es\/product\/pantalon-corto-asics-court-9in-hombre-azul\/#primaryimage"},"thumbnailUrl":"https:\/\/padelzoco.es\/wp-content\/uploads\/2024\/08\/Asics-COURT-7IN-Padel-SHORT-for-Men-Navy-blue.webp","datePublished":"2024-08-06T13:04:12+00:00","dateModified":"2026-03-18T16:45:24+00:00","description":"Pantal\u00f3n COURT 7IN SHORT ligero y transpirable con paneles de malla, bolsillos amplios y tejido reciclado para m\u00e1ximo confort en pista.","breadcrumb":{"@id":"https:\/\/padelzoco.es\/product\/pantalon-corto-asics-court-9in-hombre-azul\/#breadcrumb"},"inLanguage":"en-GB","potentialAction":[{"@type":"ReadAction","target":["https:\/\/padelzoco.es\/product\/pantalon-corto-asics-court-9in-hombre-azul\/"]}]},{"@type":"ImageObject","inLanguage":"en-GB","@id":"https:\/\/padelzoco.es\/product\/pantalon-corto-asics-court-9in-hombre-azul\/#primaryimage","url":"https:\/\/padelzoco.es\/wp-content\/uploads\/2024\/08\/Asics-COURT-7IN-Padel-SHORT-for-Men-Navy-blue.webp","contentUrl":"https:\/\/padelzoco.es\/wp-content\/uploads\/2024\/08\/Asics-COURT-7IN-Padel-SHORT-for-Men-Navy-blue.webp","width":1400,"height":1400,"caption":"Asics COURT 7IN Padel SHORT for Men Navy blue"},{"@type":"BreadcrumbList","@id":"https:\/\/padelzoco.es\/product\/pantalon-corto-asics-court-9in-hombre-azul\/#breadcrumb","itemListElement":[{"@type":"ListItem","position":1,"name":"Home","item":"https:\/\/padelzoco.es\/"},{"@type":"ListItem","position":2,"name":"Padel Zoco","item":"https:\/\/padelzoco.es\/padel-zoco\/"},{"@type":"ListItem","position":3,"name":"Pantalon corto Asics Court 9IN hombre azul"}]},{"@type":"WebSite","@id":"https:\/\/padelzoco.es\/#website","url":"https:\/\/padelzoco.es\/","name":"Padel Zoco","description":"Padel Zoco | Spain","publisher":{"@id":"https:\/\/padelzoco.es\/#organization"},"potentialAction":[{"@type":"SearchAction","target":{"@type":"EntryPoint","urlTemplate":"https:\/\/padelzoco.es\/?s={search_term_string}"},"query-input":{"@type":"PropertyValueSpecification","valueRequired":true,"valueName":"search_term_string"}}],"inLanguage":"en-GB"},{"@type":"Organization","@id":"https:\/\/padelzoco.es\/#organization","name":"Padel Zoco","url":"https:\/\/padelzoco.es\/","logo":{"@type":"ImageObject","inLanguage":"en-GB","@id":"https:\/\/padelzoco.es\/#\/schema\/logo\/image\/","url":"https:\/\/padelzoco.es\/wp-content\/uploads\/2023\/11\/PadelZoco_Logo_black_white.webp","contentUrl":"https:\/\/padelzoco.es\/wp-content\/uploads\/2023\/11\/PadelZoco_Logo_black_white.webp","width":1500,"height":631,"caption":"Padel Zoco"},"image":{"@id":"https:\/\/padelzoco.es\/#\/schema\/logo\/image\/"}}]}},"_links":{"self":[{"href":"https:\/\/padelzoco.es\/en\/wp-json\/wp\/v2\/product\/12146","targetHints":{"allow":["GET"]}}],"collection":[{"href":"https:\/\/padelzoco.es\/en\/wp-json\/wp\/v2\/product"}],"about":[{"href":"https:\/\/padelzoco.es\/en\/wp-json\/wp\/v2\/types\/product"}],"version-history":[{"count":4,"href":"https:\/\/padelzoco.es\/en\/wp-json\/wp\/v2\/product\/12146\/revisions"}],"predecessor-version":[{"id":37725,"href":"https:\/\/padelzoco.es\/en\/wp-json\/wp\/v2\/product\/12146\/revisions\/37725"}],"wp:featuredmedia":[{"embeddable":true,"href":"https:\/\/padelzoco.es\/en\/wp-json\/wp\/v2\/media\/12156"}],"wp:attachment":[{"href":"https:\/\/padelzoco.es\/en\/wp-json\/wp\/v2\/media?parent=12146"}],"wp:term":[{"taxonomy":"product_brand","embeddable":true,"href":"https:\/\/padelzoco.es\/en\/wp-json\/wp\/v2\/product_brand?post=12146"},{"taxonomy":"product_cat","embeddable":true,"href":"https:\/\/padelzoco.es\/en\/wp-json\/wp\/v2\/product_cat?post=12146"},{"taxonomy":"product_tag","embeddable":true,"href":"https:\/\/padelzoco.es\/en\/wp-json\/wp\/v2\/product_tag?post=12146"}],"curies":[{"name":"wp","href":"https:\/\/api.w.org\/{rel}","templated":true}]}}