{"id":12157,"date":"2024-08-06T14:42:15","date_gmt":"2024-08-06T13:42:15","guid":{"rendered":"https:\/\/adc06f55e9.nxcli.io\/?post_type=product&#038;p=12157"},"modified":"2026-03-20T20:13:12","modified_gmt":"2026-03-20T19:13:12","slug":"4on-totaldry-spray","status":"publish","type":"product","link":"https:\/\/padelzoco.es\/en\/product\/4on-totaldry-spray\/","title":{"rendered":"4on TotalDry Spray"},"content":{"rendered":"<p data-start=\"81\" data-end=\"272\">El <strong data-start=\"84\" data-end=\"119\">spray antitranspirante TotalDry<\/strong> est\u00e1 dise\u00f1ado para jugadores que buscan <strong data-start=\"160\" data-end=\"193\">reducir el sudor en las manos<\/strong> y mantener un agarre seco, limpio y sin sensaci\u00f3n pegajosa durante el juego.<\/p>\n<p data-start=\"274\" data-end=\"596\">Especialmente desarrollado para <strong data-start=\"306\" data-end=\"329\">deportes de raqueta<\/strong>, este producto se absorbe r\u00e1pidamente en la piel y proporciona una sensaci\u00f3n <strong data-start=\"407\" data-end=\"435\">neutral, seca y sin olor<\/strong>, mejorando el control y la confianza en cada golpe. A diferencia de otros productos, <strong data-start=\"521\" data-end=\"553\">no contiene magnesio (chalk)<\/strong>, evitando residuos en la mano o el grip.<\/p>\n<p data-start=\"598\" data-end=\"795\">Desarrollado y fabricado en Suecia en colaboraci\u00f3n con el jugador profesional <strong data-start=\"676\" data-end=\"717\"><span class=\"hover:entity-accent entity-underline inline cursor-pointer align-baseline\"><span class=\"whitespace-normal\">Daniel Windahl<\/span><\/span><\/strong>, TotalDry ofrece una soluci\u00f3n eficaz para mantener el rendimiento en pista.<\/p>\n<p data-start=\"797\" data-end=\"815\"><strong data-start=\"797\" data-end=\"813\">Modo de uso:<\/strong><\/p>\n<ul data-start=\"816\" data-end=\"1021\">\n<li data-section-id=\"1slhhn\" data-start=\"816\" data-end=\"870\">\n<p data-start=\"818\" data-end=\"870\">Aplicar sobre <strong data-start=\"832\" data-end=\"868\">mu\u00f1eca, palma y dorso de la mano<\/strong><\/p>\n<\/li>\n<li data-section-id=\"qm6pt\" data-start=\"871\" data-end=\"927\">\n<p data-start=\"873\" data-end=\"927\">Cubrir bien la superficie para reducir la sudoraci\u00f3n<\/p>\n<\/li>\n<li data-section-id=\"1owmxnm\" data-start=\"928\" data-end=\"986\">\n<p data-start=\"930\" data-end=\"986\">Dejar absorber durante <strong data-start=\"953\" data-end=\"984\">5\u201310 minutos antes de jugar<\/strong><\/p>\n<\/li>\n<li data-section-id=\"411bp\" data-start=\"987\" data-end=\"1021\">\n<p data-start=\"989\" data-end=\"1021\">Reaplicar cuando sea necesario<\/p>\n<\/li>\n<\/ul>\n<p data-start=\"1023\" data-end=\"1057\"><strong data-start=\"1023\" data-end=\"1055\">Key Features:<\/strong><\/p>\n<ul data-start=\"1058\" data-end=\"1252\">\n<li data-section-id=\"1tvu9cg\" data-start=\"1058\" data-end=\"1102\">\n<p data-start=\"1060\" data-end=\"1102\">Reduce eficazmente el sudor en las manos<\/p>\n<\/li>\n<li data-section-id=\"2uxjzv\" data-start=\"1103\" data-end=\"1135\">\n<p data-start=\"1105\" data-end=\"1135\">Secado r\u00e1pido y sin residuos<\/p>\n<\/li>\n<li data-section-id=\"jtjx47\" data-start=\"1136\" data-end=\"1173\">\n<p data-start=\"1138\" data-end=\"1173\">Sensaci\u00f3n seca, neutra y sin olor<\/p>\n<\/li>\n<li data-section-id=\"1krrm9o\" data-start=\"1174\" data-end=\"1203\">\n<p data-start=\"1176\" data-end=\"1203\">Sin magnesio (chalk-free)<\/p>\n<\/li>\n<li data-section-id=\"prhm6v\" data-start=\"1204\" data-end=\"1252\">\n<p data-start=\"1206\" data-end=\"1252\">Ideal para p\u00e1del y otros deportes de raqueta<\/p>\n<\/li>\n<\/ul>","protected":false},"excerpt":{"rendered":"<p>El\u00a0<strong>4ON SPRAY TOTAL DRY<\/strong>\u00a0es un revolucionario\u00a0<strong>spray antitranspirante<\/strong>\u00a0dise\u00f1ado para reducir el exceso del sudor en las manos durante la pr\u00e1ctica de deportes de raqueta, como en este caso es el p\u00e1del. Este producto revolucionario nos ofrece una soluci\u00f3n eficaz ante esto, evitando que nuestra pala resbale durante la pr\u00e1ctica.<\/p>\n<p>Se ha formulado sin magnesio, por lo que se absorbe r\u00e1pidamente en la piel, proporcionando una zona seca y neutral.<\/p>\n<p><strong>\u00bfC\u00f3mo aplicarlo?<\/strong><\/p>\n<p>Se recomienda rociar el producto en la mu\u00f1eca, la palma y la parte superior de la mano, cubriendo la mayor \u00e1rea posible para maximizar su eficacia. Despu\u00e9s de la aplicaci\u00f3n, se debe permitir que el producto haga efecto en la piel durante 5 a 10 minutos, lo que garantiza resultados \u00f3ptimos y duraderos.<\/p>","protected":false},"featured_media":12158,"template":"","meta":[],"product_brand":[],"product_cat":[801,637,803],"product_tag":[],"class_list":{"0":"post-12157","1":"product","2":"type-product","3":"status-publish","4":"has-post-thumbnail","6":"product_cat-4on","7":"product_cat-accesorios","8":"product_cat-grip-sprays","10":"first","11":"instock","12":"sale","13":"taxable","14":"shipping-taxable","15":"purchasable","16":"product-type-simple"},"yoast_head":"<!-- This site is optimized with the Yoast SEO plugin v27.3 - https:\/\/yoast.com\/product\/yoast-seo-wordpress\/ -->\n<title>4on TotalDry Spray - Padel Zoco<\/title>\n<meta name=\"description\" content=\"TotalDry spray antitranspirante para manos, ideal para p\u00e1del. Reduce el sudor, seca r\u00e1pido y mejora el agarre sin residuos ni sensaci\u00f3n pegajosa.\" \/>\n<meta name=\"robots\" content=\"index, follow, max-snippet:-1, max-image-preview:large, max-video-preview:-1\" \/>\n<link rel=\"canonical\" href=\"https:\/\/padelzoco.es\/en\/product\/4on-totaldry-spray\/\" \/>\n<meta property=\"og:locale\" content=\"en_GB\" \/>\n<meta property=\"og:type\" content=\"article\" \/>\n<meta property=\"og:title\" content=\"4on TotalDry Spray - Padel Zoco\" \/>\n<meta property=\"og:description\" content=\"TotalDry spray antitranspirante para manos, ideal para p\u00e1del. Reduce el sudor, seca r\u00e1pido y mejora el agarre sin residuos ni sensaci\u00f3n pegajosa.\" \/>\n<meta property=\"og:url\" content=\"https:\/\/padelzoco.es\/en\/product\/4on-totaldry-spray\/\" \/>\n<meta property=\"og:site_name\" content=\"Padel Zoco\" \/>\n<meta property=\"article:modified_time\" content=\"2026-03-20T19:13:12+00:00\" \/>\n<meta property=\"og:image\" content=\"https:\/\/padelzoco.es\/wp-content\/uploads\/2024\/08\/4on-TotalDry-Spray-01.webp\" \/>\n\t<meta property=\"og:image:width\" content=\"1400\" \/>\n\t<meta property=\"og:image:height\" content=\"1400\" \/>\n\t<meta property=\"og:image:type\" content=\"image\/webp\" \/>\n<meta name=\"twitter:card\" content=\"summary_large_image\" \/>\n<meta name=\"twitter:label1\" content=\"Estimated reading time\" \/>\n\t<meta name=\"twitter:data1\" content=\"1 minute\" \/>\n<script type=\"application\/ld+json\" class=\"yoast-schema-graph\">{\"@context\":\"https:\\\/\\\/schema.org\",\"@graph\":[{\"@type\":\"WebPage\",\"@id\":\"https:\\\/\\\/padelzoco.es\\\/product\\\/4on-totaldry-spray\\\/\",\"url\":\"https:\\\/\\\/padelzoco.es\\\/product\\\/4on-totaldry-spray\\\/\",\"name\":\"4on TotalDry Spray - Padel Zoco\",\"isPartOf\":{\"@id\":\"https:\\\/\\\/padelzoco.es\\\/#website\"},\"primaryImageOfPage\":{\"@id\":\"https:\\\/\\\/padelzoco.es\\\/product\\\/4on-totaldry-spray\\\/#primaryimage\"},\"image\":{\"@id\":\"https:\\\/\\\/padelzoco.es\\\/product\\\/4on-totaldry-spray\\\/#primaryimage\"},\"thumbnailUrl\":\"https:\\\/\\\/padelzoco.es\\\/wp-content\\\/uploads\\\/2024\\\/08\\\/4on-TotalDry-Spray-01.webp\",\"datePublished\":\"2024-08-06T13:42:15+00:00\",\"dateModified\":\"2026-03-20T19:13:12+00:00\",\"description\":\"TotalDry spray antitranspirante para manos, ideal para p\u00e1del. Reduce el sudor, seca r\u00e1pido y mejora el agarre sin residuos ni sensaci\u00f3n pegajosa.\",\"breadcrumb\":{\"@id\":\"https:\\\/\\\/padelzoco.es\\\/product\\\/4on-totaldry-spray\\\/#breadcrumb\"},\"inLanguage\":\"en-GB\",\"potentialAction\":[{\"@type\":\"ReadAction\",\"target\":[\"https:\\\/\\\/padelzoco.es\\\/product\\\/4on-totaldry-spray\\\/\"]}]},{\"@type\":\"ImageObject\",\"inLanguage\":\"en-GB\",\"@id\":\"https:\\\/\\\/padelzoco.es\\\/product\\\/4on-totaldry-spray\\\/#primaryimage\",\"url\":\"https:\\\/\\\/padelzoco.es\\\/wp-content\\\/uploads\\\/2024\\\/08\\\/4on-TotalDry-Spray-01.webp\",\"contentUrl\":\"https:\\\/\\\/padelzoco.es\\\/wp-content\\\/uploads\\\/2024\\\/08\\\/4on-TotalDry-Spray-01.webp\",\"width\":1400,\"height\":1400,\"caption\":\"4on TotalDry Spray 01\"},{\"@type\":\"BreadcrumbList\",\"@id\":\"https:\\\/\\\/padelzoco.es\\\/product\\\/4on-totaldry-spray\\\/#breadcrumb\",\"itemListElement\":[{\"@type\":\"ListItem\",\"position\":1,\"name\":\"Home\",\"item\":\"https:\\\/\\\/padelzoco.es\\\/\"},{\"@type\":\"ListItem\",\"position\":2,\"name\":\"Padel Zoco\",\"item\":\"https:\\\/\\\/padelzoco.es\\\/padel-zoco\\\/\"},{\"@type\":\"ListItem\",\"position\":3,\"name\":\"4on TotalDry Spray\"}]},{\"@type\":\"WebSite\",\"@id\":\"https:\\\/\\\/padelzoco.es\\\/#website\",\"url\":\"https:\\\/\\\/padelzoco.es\\\/\",\"name\":\"Padel Zoco\",\"description\":\"Padel Zoco | Spain\",\"publisher\":{\"@id\":\"https:\\\/\\\/padelzoco.es\\\/#organization\"},\"potentialAction\":[{\"@type\":\"SearchAction\",\"target\":{\"@type\":\"EntryPoint\",\"urlTemplate\":\"https:\\\/\\\/padelzoco.es\\\/?s={search_term_string}\"},\"query-input\":{\"@type\":\"PropertyValueSpecification\",\"valueRequired\":true,\"valueName\":\"search_term_string\"}}],\"inLanguage\":\"en-GB\"},{\"@type\":\"Organization\",\"@id\":\"https:\\\/\\\/padelzoco.es\\\/#organization\",\"name\":\"Padel Zoco\",\"url\":\"https:\\\/\\\/padelzoco.es\\\/\",\"logo\":{\"@type\":\"ImageObject\",\"inLanguage\":\"en-GB\",\"@id\":\"https:\\\/\\\/padelzoco.es\\\/#\\\/schema\\\/logo\\\/image\\\/\",\"url\":\"https:\\\/\\\/padelzoco.es\\\/wp-content\\\/uploads\\\/2023\\\/11\\\/PadelZoco_Logo_black_white.webp\",\"contentUrl\":\"https:\\\/\\\/padelzoco.es\\\/wp-content\\\/uploads\\\/2023\\\/11\\\/PadelZoco_Logo_black_white.webp\",\"width\":1500,\"height\":631,\"caption\":\"Padel Zoco\"},\"image\":{\"@id\":\"https:\\\/\\\/padelzoco.es\\\/#\\\/schema\\\/logo\\\/image\\\/\"}}]}<\/script>\n<!-- \/ Yoast SEO plugin. -->","yoast_head_json":{"title":"4on TotalDry Spray - Padel Zoco","description":"TotalDry spray antitranspirante para manos, ideal para p\u00e1del. Reduce el sudor, seca r\u00e1pido y mejora el agarre sin residuos ni sensaci\u00f3n pegajosa.","robots":{"index":"index","follow":"follow","max-snippet":"max-snippet:-1","max-image-preview":"max-image-preview:large","max-video-preview":"max-video-preview:-1"},"canonical":"https:\/\/padelzoco.es\/en\/product\/4on-totaldry-spray\/","og_locale":"en_GB","og_type":"article","og_title":"4on TotalDry Spray - Padel Zoco","og_description":"TotalDry spray antitranspirante para manos, ideal para p\u00e1del. Reduce el sudor, seca r\u00e1pido y mejora el agarre sin residuos ni sensaci\u00f3n pegajosa.","og_url":"https:\/\/padelzoco.es\/en\/product\/4on-totaldry-spray\/","og_site_name":"Padel Zoco","article_modified_time":"2026-03-20T19:13:12+00:00","og_image":[{"width":1400,"height":1400,"url":"https:\/\/padelzoco.es\/wp-content\/uploads\/2024\/08\/4on-TotalDry-Spray-01.webp","type":"image\/webp"}],"twitter_card":"summary_large_image","twitter_misc":{"Estimated reading time":"1 minute"},"schema":{"@context":"https:\/\/schema.org","@graph":[{"@type":"WebPage","@id":"https:\/\/padelzoco.es\/product\/4on-totaldry-spray\/","url":"https:\/\/padelzoco.es\/product\/4on-totaldry-spray\/","name":"4on TotalDry Spray - Padel Zoco","isPartOf":{"@id":"https:\/\/padelzoco.es\/#website"},"primaryImageOfPage":{"@id":"https:\/\/padelzoco.es\/product\/4on-totaldry-spray\/#primaryimage"},"image":{"@id":"https:\/\/padelzoco.es\/product\/4on-totaldry-spray\/#primaryimage"},"thumbnailUrl":"https:\/\/padelzoco.es\/wp-content\/uploads\/2024\/08\/4on-TotalDry-Spray-01.webp","datePublished":"2024-08-06T13:42:15+00:00","dateModified":"2026-03-20T19:13:12+00:00","description":"TotalDry spray antitranspirante para manos, ideal para p\u00e1del. Reduce el sudor, seca r\u00e1pido y mejora el agarre sin residuos ni sensaci\u00f3n pegajosa.","breadcrumb":{"@id":"https:\/\/padelzoco.es\/product\/4on-totaldry-spray\/#breadcrumb"},"inLanguage":"en-GB","potentialAction":[{"@type":"ReadAction","target":["https:\/\/padelzoco.es\/product\/4on-totaldry-spray\/"]}]},{"@type":"ImageObject","inLanguage":"en-GB","@id":"https:\/\/padelzoco.es\/product\/4on-totaldry-spray\/#primaryimage","url":"https:\/\/padelzoco.es\/wp-content\/uploads\/2024\/08\/4on-TotalDry-Spray-01.webp","contentUrl":"https:\/\/padelzoco.es\/wp-content\/uploads\/2024\/08\/4on-TotalDry-Spray-01.webp","width":1400,"height":1400,"caption":"4on TotalDry Spray 01"},{"@type":"BreadcrumbList","@id":"https:\/\/padelzoco.es\/product\/4on-totaldry-spray\/#breadcrumb","itemListElement":[{"@type":"ListItem","position":1,"name":"Home","item":"https:\/\/padelzoco.es\/"},{"@type":"ListItem","position":2,"name":"Padel Zoco","item":"https:\/\/padelzoco.es\/padel-zoco\/"},{"@type":"ListItem","position":3,"name":"4on TotalDry Spray"}]},{"@type":"WebSite","@id":"https:\/\/padelzoco.es\/#website","url":"https:\/\/padelzoco.es\/","name":"Padel Zoco","description":"Padel Zoco | Spain","publisher":{"@id":"https:\/\/padelzoco.es\/#organization"},"potentialAction":[{"@type":"SearchAction","target":{"@type":"EntryPoint","urlTemplate":"https:\/\/padelzoco.es\/?s={search_term_string}"},"query-input":{"@type":"PropertyValueSpecification","valueRequired":true,"valueName":"search_term_string"}}],"inLanguage":"en-GB"},{"@type":"Organization","@id":"https:\/\/padelzoco.es\/#organization","name":"Padel Zoco","url":"https:\/\/padelzoco.es\/","logo":{"@type":"ImageObject","inLanguage":"en-GB","@id":"https:\/\/padelzoco.es\/#\/schema\/logo\/image\/","url":"https:\/\/padelzoco.es\/wp-content\/uploads\/2023\/11\/PadelZoco_Logo_black_white.webp","contentUrl":"https:\/\/padelzoco.es\/wp-content\/uploads\/2023\/11\/PadelZoco_Logo_black_white.webp","width":1500,"height":631,"caption":"Padel Zoco"},"image":{"@id":"https:\/\/padelzoco.es\/#\/schema\/logo\/image\/"}}]}},"_links":{"self":[{"href":"https:\/\/padelzoco.es\/en\/wp-json\/wp\/v2\/product\/12157","targetHints":{"allow":["GET"]}}],"collection":[{"href":"https:\/\/padelzoco.es\/en\/wp-json\/wp\/v2\/product"}],"about":[{"href":"https:\/\/padelzoco.es\/en\/wp-json\/wp\/v2\/types\/product"}],"version-history":[{"count":3,"href":"https:\/\/padelzoco.es\/en\/wp-json\/wp\/v2\/product\/12157\/revisions"}],"predecessor-version":[{"id":37871,"href":"https:\/\/padelzoco.es\/en\/wp-json\/wp\/v2\/product\/12157\/revisions\/37871"}],"wp:featuredmedia":[{"embeddable":true,"href":"https:\/\/padelzoco.es\/en\/wp-json\/wp\/v2\/media\/12158"}],"wp:attachment":[{"href":"https:\/\/padelzoco.es\/en\/wp-json\/wp\/v2\/media?parent=12157"}],"wp:term":[{"taxonomy":"product_brand","embeddable":true,"href":"https:\/\/padelzoco.es\/en\/wp-json\/wp\/v2\/product_brand?post=12157"},{"taxonomy":"product_cat","embeddable":true,"href":"https:\/\/padelzoco.es\/en\/wp-json\/wp\/v2\/product_cat?post=12157"},{"taxonomy":"product_tag","embeddable":true,"href":"https:\/\/padelzoco.es\/en\/wp-json\/wp\/v2\/product_tag?post=12157"}],"curies":[{"name":"wp","href":"https:\/\/api.w.org\/{rel}","templated":true}]}}