{"id":12660,"date":"2024-09-12T14:54:19","date_gmt":"2024-09-12T13:54:19","guid":{"rendered":"https:\/\/adc06f55e9.nxcli.io\/?post_type=product&#038;p=12660"},"modified":"2026-03-17T14:29:19","modified_gmt":"2026-03-17T13:29:19","slug":"pala-padel-bullpadel-xplo-comfort-2025","status":"publish","type":"product","link":"https:\/\/padelzoco.es\/en\/product\/pala-padel-bullpadel-xplo-comfort-2025\/","title":{"rendered":"Bullpadel Xplo Comfort 2025 Padel Racket"},"content":{"rendered":"<p data-start=\"81\" data-end=\"371\"><strong data-start=\"81\" data-end=\"121\">Pala de p\u00e1del Bullpadel XPLO Comfort<\/strong> est\u00e1 dise\u00f1ada para jugadores avanzados que buscan un equilibrio perfecto entre <strong data-start=\"201\" data-end=\"234\">potencia, control y comodidad<\/strong>. Su dise\u00f1o ergon\u00f3mico y tecnolog\u00edas avanzadas permiten ejecutar golpes precisos y potentes sin sacrificar el confort durante el juego.<\/p>\n<p data-start=\"373\" data-end=\"581\">Gracias a su <strong data-start=\"386\" data-end=\"406\">forma geom\u00e9trica<\/strong> y balance optimizado, esta pala ofrece una excelente combinaci\u00f3n de estabilidad y manejabilidad, ideal para jugadores de ataque que desean dominar cada punto con confianza.<\/p>\n<p data-start=\"583\" data-end=\"916\">El n\u00facleo exterior de <strong data-start=\"605\" data-end=\"615\">Fibrix<\/strong> aporta una mayor elasticidad y sensaci\u00f3n de golpeo m\u00e1s suave, mientras que el n\u00facleo interior <strong data-start=\"710\" data-end=\"722\">MultiEVA<\/strong> proporciona una respuesta adaptativa, generando potencia en golpes intensos y control en situaciones defensivas. Esta combinaci\u00f3n garantiza un rendimiento equilibrado en todo tipo de jugadas.<\/p>\n<p data-start=\"918\" data-end=\"952\"><strong data-start=\"918\" data-end=\"950\">Key Features:<\/strong><\/p>\n<ul data-start=\"953\" data-end=\"1300\">\n<li data-section-id=\"zs2e4i\" data-start=\"953\" data-end=\"1028\">\n<p data-start=\"955\" data-end=\"1028\"><strong data-start=\"955\" data-end=\"983\">Fibrix (n\u00facleo exterior)<\/strong> \u2013 Mayor elasticidad y confort en el golpeo<\/p>\n<\/li>\n<li data-section-id=\"171beva\" data-start=\"1029\" data-end=\"1101\">\n<p data-start=\"1031\" data-end=\"1101\"><strong data-start=\"1031\" data-end=\"1061\">MultiEVA (n\u00facleo interior)<\/strong> \u2013 Equilibrio entre potencia y control<\/p>\n<\/li>\n<li data-section-id=\"6xuotm\" data-start=\"1102\" data-end=\"1166\">\n<p data-start=\"1104\" data-end=\"1166\"><strong data-start=\"1104\" data-end=\"1124\">Forma geom\u00e9trica<\/strong> \u2013 Estabilidad y precisi\u00f3n en cada golpe<\/p>\n<\/li>\n<li data-section-id=\"kszuh9\" data-start=\"1167\" data-end=\"1239\">\n<p data-start=\"1169\" data-end=\"1239\"><strong data-start=\"1169\" data-end=\"1185\">Balance 26.5<\/strong> \u2013 Excelente combinaci\u00f3n de manejabilidad y potencia<\/p>\n<\/li>\n<li data-section-id=\"14sh16g\" data-start=\"1240\" data-end=\"1300\">\n<p data-start=\"1242\" data-end=\"1300\"><strong data-start=\"1242\" data-end=\"1263\">Dise\u00f1o ergon\u00f3mico<\/strong> \u2013 Mayor comodidad durante el juego<\/p>\n<\/li>\n<\/ul>\n<p data-start=\"1302\" data-end=\"1325\"><strong data-start=\"1302\" data-end=\"1323\">Specifications:<\/strong><\/p>\n<ul data-start=\"1326\" data-end=\"1473\">\n<li data-section-id=\"1c5rlzi\" data-start=\"1326\" data-end=\"1349\">\n<p data-start=\"1328\" data-end=\"1349\"><strong data-start=\"1328\" data-end=\"1337\">Peso:<\/strong> 365\u2013375 g<\/p>\n<\/li>\n<li data-section-id=\"9h9rel\" data-start=\"1350\" data-end=\"1371\">\n<p data-start=\"1352\" data-end=\"1371\"><strong data-start=\"1352\" data-end=\"1363\">Perfil:<\/strong> 38 mm<\/p>\n<\/li>\n<li data-section-id=\"1oqn79d\" data-start=\"1372\" data-end=\"1397\">\n<p data-start=\"1374\" data-end=\"1397\"><strong data-start=\"1374\" data-end=\"1384\">Forma:<\/strong> Geom\u00e9trica<\/p>\n<\/li>\n<li data-section-id=\"11cwq4r\" data-start=\"1398\" data-end=\"1419\">\n<p data-start=\"1400\" data-end=\"1419\"><strong data-start=\"1400\" data-end=\"1412\">Balance:<\/strong> 26.5<\/p>\n<\/li>\n<li data-section-id=\"1c7dubm\" data-start=\"1420\" data-end=\"1443\">\n<p data-start=\"1422\" data-end=\"1443\"><strong data-start=\"1422\" data-end=\"1432\">Nivel:<\/strong> Advance<\/p>\n<\/li>\n<li data-section-id=\"1n21rzq\" data-start=\"1444\" data-end=\"1473\">\n<p data-start=\"1446\" data-end=\"1473\"><strong data-start=\"1446\" data-end=\"1464\">Tipo de juego:<\/strong> Attack<\/p>\n<\/li>\n<\/ul>\n<p data-start=\"1475\" data-end=\"1660\">Pensada para jugadores que buscan rendimiento sin renunciar al confort, la <strong data-start=\"1550\" data-end=\"1576\">Bullpadel XPLO Comfort<\/strong> ofrece una experiencia equilibrada para destacar tanto en ataque como en control.<\/p>\n<p data-start=\"1662\" data-end=\"1847\" data-is-last-node=\"\" data-is-only-node=\"\">","protected":false},"excerpt":{"rendered":"<p data-start=\"81\" data-end=\"371\"><strong data-start=\"81\" data-end=\"121\">Pala de p\u00e1del Bullpadel XPLO Comfort<\/strong> est\u00e1 dise\u00f1ada para jugadores avanzados que buscan un equilibrio perfecto entre <strong data-start=\"201\" data-end=\"234\">potencia, control y comodidad<\/strong>. Su dise\u00f1o ergon\u00f3mico y tecnolog\u00edas avanzadas permiten ejecutar golpes precisos y potentes sin sacrificar el confort durante el juego.<\/p>\n<p data-start=\"373\" data-end=\"581\">Gracias a su <strong data-start=\"386\" data-end=\"406\">forma geom\u00e9trica<\/strong> y balance optimizado, esta pala ofrece una excelente combinaci\u00f3n de estabilidad y manejabilidad, ideal para jugadores de ataque que desean dominar cada punto con confianza.<\/p>\n<p data-start=\"1302\" data-end=\"1325\"><strong data-start=\"1302\" data-end=\"1323\">Specifications:<\/strong><\/p>\n<ul data-start=\"1326\" data-end=\"1473\">\n<li data-section-id=\"1c5rlzi\" data-start=\"1326\" data-end=\"1349\">\n<p data-start=\"1328\" data-end=\"1349\"><strong data-start=\"1328\" data-end=\"1337\">Peso:<\/strong> 365\u2013375 g<\/p>\n<\/li>\n<li data-section-id=\"9h9rel\" data-start=\"1350\" data-end=\"1371\">\n<p data-start=\"1352\" data-end=\"1371\"><strong data-start=\"1352\" data-end=\"1363\">Perfil:<\/strong> 38 mm<\/p>\n<\/li>\n<li data-section-id=\"1oqn79d\" data-start=\"1372\" data-end=\"1397\">\n<p data-start=\"1374\" data-end=\"1397\"><strong data-start=\"1374\" data-end=\"1384\">Forma:<\/strong> Geom\u00e9trica<\/p>\n<\/li>\n<li data-section-id=\"11cwq4r\" data-start=\"1398\" data-end=\"1419\">\n<p data-start=\"1400\" data-end=\"1419\"><strong data-start=\"1400\" data-end=\"1412\">Balance:<\/strong> 26.5<\/p>\n<\/li>\n<li data-section-id=\"1c7dubm\" data-start=\"1420\" data-end=\"1443\">\n<p data-start=\"1422\" data-end=\"1443\"><strong data-start=\"1422\" data-end=\"1432\">Nivel:<\/strong> Advance<\/p>\n<\/li>\n<li data-section-id=\"1n21rzq\" data-start=\"1444\" data-end=\"1473\">\n<p data-start=\"1446\" data-end=\"1473\"><strong data-start=\"1446\" data-end=\"1464\">Tipo de juego:<\/strong> Attack<\/p>\n<\/li>\n<\/ul>\n<p data-start=\"373\" data-end=\"581\">\n<p data-start=\"373\" data-end=\"581\">","protected":false},"featured_media":12807,"template":"","meta":[],"product_brand":[],"product_cat":[582,698,575,587,589,572,757,754],"product_tag":[],"class_list":{"0":"post-12660","1":"product","2":"type-product","3":"status-publish","4":"has-post-thumbnail","6":"product_cat-avanzado-palas","7":"product_cat-bullpadel-padel","8":"product_cat-bullpadel-palas","9":"product_cat-hibrida-palas","10":"product_cat-hombre-palas","11":"product_cat-palas","12":"product_cat-palas-ofertas","13":"product_cat-rebajas","14":"pa_brand-bullpadel","15":"pa_gender-unisexo","16":"pa_hs_code-134","18":"first","19":"instock","20":"sale","21":"taxable","22":"shipping-taxable","23":"purchasable","24":"product-type-simple"},"yoast_head":"<!-- This site is optimized with the Yoast SEO plugin v27.3 - https:\/\/yoast.com\/product\/yoast-seo-wordpress\/ -->\n<title>Pala Padel Bullpadel Xplo Comfort 2025 - Padel Zoco<\/title>\n<meta name=\"description\" content=\"Bullpadel XPLO Comfort combina potencia, control y confort con Fibrix y MultiEVA. Pala avanzada con excelente manejabilidad y precisi\u00f3n para jugadores ofensivos.\" \/>\n<meta name=\"robots\" content=\"index, follow, max-snippet:-1, max-image-preview:large, max-video-preview:-1\" \/>\n<link rel=\"canonical\" href=\"https:\/\/padelzoco.es\/en\/product\/pala-padel-bullpadel-xplo-comfort-2025\/\" \/>\n<meta property=\"og:locale\" content=\"en_GB\" \/>\n<meta property=\"og:type\" content=\"article\" \/>\n<meta property=\"og:title\" content=\"Pala Padel Bullpadel Xplo Comfort 2025 - Padel Zoco\" \/>\n<meta property=\"og:description\" content=\"Bullpadel XPLO Comfort combina potencia, control y confort con Fibrix y MultiEVA. Pala avanzada con excelente manejabilidad y precisi\u00f3n para jugadores ofensivos.\" \/>\n<meta property=\"og:url\" content=\"https:\/\/padelzoco.es\/en\/product\/pala-padel-bullpadel-xplo-comfort-2025\/\" \/>\n<meta property=\"og:site_name\" content=\"Padel Zoco\" \/>\n<meta property=\"article:modified_time\" content=\"2026-03-17T13:29:19+00:00\" \/>\n<meta property=\"og:image\" content=\"https:\/\/padelzoco.es\/wp-content\/uploads\/2024\/09\/BULLPADEL-XPLO-COMFORT-2025-Padel-Racket-01-1.webp\" \/>\n\t<meta property=\"og:image:width\" content=\"1400\" \/>\n\t<meta property=\"og:image:height\" content=\"1400\" \/>\n\t<meta property=\"og:image:type\" content=\"image\/webp\" \/>\n<meta name=\"twitter:card\" content=\"summary_large_image\" \/>\n<meta name=\"twitter:label1\" content=\"Estimated reading time\" \/>\n\t<meta name=\"twitter:data1\" content=\"2 minutes\" \/>\n<script type=\"application\/ld+json\" class=\"yoast-schema-graph\">{\"@context\":\"https:\\\/\\\/schema.org\",\"@graph\":[{\"@type\":\"WebPage\",\"@id\":\"https:\\\/\\\/padelzoco.es\\\/product\\\/pala-padel-bullpadel-xplo-comfort-2025\\\/\",\"url\":\"https:\\\/\\\/padelzoco.es\\\/product\\\/pala-padel-bullpadel-xplo-comfort-2025\\\/\",\"name\":\"Pala Padel Bullpadel Xplo Comfort 2025 - Padel Zoco\",\"isPartOf\":{\"@id\":\"https:\\\/\\\/padelzoco.es\\\/#website\"},\"primaryImageOfPage\":{\"@id\":\"https:\\\/\\\/padelzoco.es\\\/product\\\/pala-padel-bullpadel-xplo-comfort-2025\\\/#primaryimage\"},\"image\":{\"@id\":\"https:\\\/\\\/padelzoco.es\\\/product\\\/pala-padel-bullpadel-xplo-comfort-2025\\\/#primaryimage\"},\"thumbnailUrl\":\"https:\\\/\\\/padelzoco.es\\\/wp-content\\\/uploads\\\/2024\\\/09\\\/BULLPADEL-XPLO-COMFORT-2025-Padel-Racket-01-1.webp\",\"datePublished\":\"2024-09-12T13:54:19+00:00\",\"dateModified\":\"2026-03-17T13:29:19+00:00\",\"description\":\"Bullpadel XPLO Comfort combina potencia, control y confort con Fibrix y MultiEVA. Pala avanzada con excelente manejabilidad y precisi\u00f3n para jugadores ofensivos.\",\"breadcrumb\":{\"@id\":\"https:\\\/\\\/padelzoco.es\\\/product\\\/pala-padel-bullpadel-xplo-comfort-2025\\\/#breadcrumb\"},\"inLanguage\":\"en-GB\",\"potentialAction\":[{\"@type\":\"ReadAction\",\"target\":[\"https:\\\/\\\/padelzoco.es\\\/product\\\/pala-padel-bullpadel-xplo-comfort-2025\\\/\"]}]},{\"@type\":\"ImageObject\",\"inLanguage\":\"en-GB\",\"@id\":\"https:\\\/\\\/padelzoco.es\\\/product\\\/pala-padel-bullpadel-xplo-comfort-2025\\\/#primaryimage\",\"url\":\"https:\\\/\\\/padelzoco.es\\\/wp-content\\\/uploads\\\/2024\\\/09\\\/BULLPADEL-XPLO-COMFORT-2025-Padel-Racket-01-1.webp\",\"contentUrl\":\"https:\\\/\\\/padelzoco.es\\\/wp-content\\\/uploads\\\/2024\\\/09\\\/BULLPADEL-XPLO-COMFORT-2025-Padel-Racket-01-1.webp\",\"width\":1400,\"height\":1400,\"caption\":\"BULLPADEL XPLO COMFORT 2025 Padel Racket 01\"},{\"@type\":\"BreadcrumbList\",\"@id\":\"https:\\\/\\\/padelzoco.es\\\/product\\\/pala-padel-bullpadel-xplo-comfort-2025\\\/#breadcrumb\",\"itemListElement\":[{\"@type\":\"ListItem\",\"position\":1,\"name\":\"Home\",\"item\":\"https:\\\/\\\/padelzoco.es\\\/\"},{\"@type\":\"ListItem\",\"position\":2,\"name\":\"Padel Zoco\",\"item\":\"https:\\\/\\\/padelzoco.es\\\/padel-zoco\\\/\"},{\"@type\":\"ListItem\",\"position\":3,\"name\":\"Pala Padel Bullpadel Xplo Comfort 2025\"}]},{\"@type\":\"WebSite\",\"@id\":\"https:\\\/\\\/padelzoco.es\\\/#website\",\"url\":\"https:\\\/\\\/padelzoco.es\\\/\",\"name\":\"Padel Zoco\",\"description\":\"Padel Zoco | Spain\",\"publisher\":{\"@id\":\"https:\\\/\\\/padelzoco.es\\\/#organization\"},\"potentialAction\":[{\"@type\":\"SearchAction\",\"target\":{\"@type\":\"EntryPoint\",\"urlTemplate\":\"https:\\\/\\\/padelzoco.es\\\/?s={search_term_string}\"},\"query-input\":{\"@type\":\"PropertyValueSpecification\",\"valueRequired\":true,\"valueName\":\"search_term_string\"}}],\"inLanguage\":\"en-GB\"},{\"@type\":\"Organization\",\"@id\":\"https:\\\/\\\/padelzoco.es\\\/#organization\",\"name\":\"Padel Zoco\",\"url\":\"https:\\\/\\\/padelzoco.es\\\/\",\"logo\":{\"@type\":\"ImageObject\",\"inLanguage\":\"en-GB\",\"@id\":\"https:\\\/\\\/padelzoco.es\\\/#\\\/schema\\\/logo\\\/image\\\/\",\"url\":\"https:\\\/\\\/padelzoco.es\\\/wp-content\\\/uploads\\\/2023\\\/11\\\/PadelZoco_Logo_black_white.webp\",\"contentUrl\":\"https:\\\/\\\/padelzoco.es\\\/wp-content\\\/uploads\\\/2023\\\/11\\\/PadelZoco_Logo_black_white.webp\",\"width\":1500,\"height\":631,\"caption\":\"Padel Zoco\"},\"image\":{\"@id\":\"https:\\\/\\\/padelzoco.es\\\/#\\\/schema\\\/logo\\\/image\\\/\"}}]}<\/script>\n<!-- \/ Yoast SEO plugin. -->","yoast_head_json":{"title":"Pala Padel Bullpadel Xplo Comfort 2025 - Padel Zoco","description":"Bullpadel XPLO Comfort combina potencia, control y confort con Fibrix y MultiEVA. Pala avanzada con excelente manejabilidad y precisi\u00f3n para jugadores ofensivos.","robots":{"index":"index","follow":"follow","max-snippet":"max-snippet:-1","max-image-preview":"max-image-preview:large","max-video-preview":"max-video-preview:-1"},"canonical":"https:\/\/padelzoco.es\/en\/product\/pala-padel-bullpadel-xplo-comfort-2025\/","og_locale":"en_GB","og_type":"article","og_title":"Pala Padel Bullpadel Xplo Comfort 2025 - Padel Zoco","og_description":"Bullpadel XPLO Comfort combina potencia, control y confort con Fibrix y MultiEVA. Pala avanzada con excelente manejabilidad y precisi\u00f3n para jugadores ofensivos.","og_url":"https:\/\/padelzoco.es\/en\/product\/pala-padel-bullpadel-xplo-comfort-2025\/","og_site_name":"Padel Zoco","article_modified_time":"2026-03-17T13:29:19+00:00","og_image":[{"width":1400,"height":1400,"url":"https:\/\/padelzoco.es\/wp-content\/uploads\/2024\/09\/BULLPADEL-XPLO-COMFORT-2025-Padel-Racket-01-1.webp","type":"image\/webp"}],"twitter_card":"summary_large_image","twitter_misc":{"Estimated reading time":"2 minutes"},"schema":{"@context":"https:\/\/schema.org","@graph":[{"@type":"WebPage","@id":"https:\/\/padelzoco.es\/product\/pala-padel-bullpadel-xplo-comfort-2025\/","url":"https:\/\/padelzoco.es\/product\/pala-padel-bullpadel-xplo-comfort-2025\/","name":"Pala Padel Bullpadel Xplo Comfort 2025 - Padel Zoco","isPartOf":{"@id":"https:\/\/padelzoco.es\/#website"},"primaryImageOfPage":{"@id":"https:\/\/padelzoco.es\/product\/pala-padel-bullpadel-xplo-comfort-2025\/#primaryimage"},"image":{"@id":"https:\/\/padelzoco.es\/product\/pala-padel-bullpadel-xplo-comfort-2025\/#primaryimage"},"thumbnailUrl":"https:\/\/padelzoco.es\/wp-content\/uploads\/2024\/09\/BULLPADEL-XPLO-COMFORT-2025-Padel-Racket-01-1.webp","datePublished":"2024-09-12T13:54:19+00:00","dateModified":"2026-03-17T13:29:19+00:00","description":"Bullpadel XPLO Comfort combina potencia, control y confort con Fibrix y MultiEVA. Pala avanzada con excelente manejabilidad y precisi\u00f3n para jugadores ofensivos.","breadcrumb":{"@id":"https:\/\/padelzoco.es\/product\/pala-padel-bullpadel-xplo-comfort-2025\/#breadcrumb"},"inLanguage":"en-GB","potentialAction":[{"@type":"ReadAction","target":["https:\/\/padelzoco.es\/product\/pala-padel-bullpadel-xplo-comfort-2025\/"]}]},{"@type":"ImageObject","inLanguage":"en-GB","@id":"https:\/\/padelzoco.es\/product\/pala-padel-bullpadel-xplo-comfort-2025\/#primaryimage","url":"https:\/\/padelzoco.es\/wp-content\/uploads\/2024\/09\/BULLPADEL-XPLO-COMFORT-2025-Padel-Racket-01-1.webp","contentUrl":"https:\/\/padelzoco.es\/wp-content\/uploads\/2024\/09\/BULLPADEL-XPLO-COMFORT-2025-Padel-Racket-01-1.webp","width":1400,"height":1400,"caption":"BULLPADEL XPLO COMFORT 2025 Padel Racket 01"},{"@type":"BreadcrumbList","@id":"https:\/\/padelzoco.es\/product\/pala-padel-bullpadel-xplo-comfort-2025\/#breadcrumb","itemListElement":[{"@type":"ListItem","position":1,"name":"Home","item":"https:\/\/padelzoco.es\/"},{"@type":"ListItem","position":2,"name":"Padel Zoco","item":"https:\/\/padelzoco.es\/padel-zoco\/"},{"@type":"ListItem","position":3,"name":"Pala Padel Bullpadel Xplo Comfort 2025"}]},{"@type":"WebSite","@id":"https:\/\/padelzoco.es\/#website","url":"https:\/\/padelzoco.es\/","name":"Padel Zoco","description":"Padel Zoco | Spain","publisher":{"@id":"https:\/\/padelzoco.es\/#organization"},"potentialAction":[{"@type":"SearchAction","target":{"@type":"EntryPoint","urlTemplate":"https:\/\/padelzoco.es\/?s={search_term_string}"},"query-input":{"@type":"PropertyValueSpecification","valueRequired":true,"valueName":"search_term_string"}}],"inLanguage":"en-GB"},{"@type":"Organization","@id":"https:\/\/padelzoco.es\/#organization","name":"Padel Zoco","url":"https:\/\/padelzoco.es\/","logo":{"@type":"ImageObject","inLanguage":"en-GB","@id":"https:\/\/padelzoco.es\/#\/schema\/logo\/image\/","url":"https:\/\/padelzoco.es\/wp-content\/uploads\/2023\/11\/PadelZoco_Logo_black_white.webp","contentUrl":"https:\/\/padelzoco.es\/wp-content\/uploads\/2023\/11\/PadelZoco_Logo_black_white.webp","width":1500,"height":631,"caption":"Padel Zoco"},"image":{"@id":"https:\/\/padelzoco.es\/#\/schema\/logo\/image\/"}}]}},"_links":{"self":[{"href":"https:\/\/padelzoco.es\/en\/wp-json\/wp\/v2\/product\/12660","targetHints":{"allow":["GET"]}}],"collection":[{"href":"https:\/\/padelzoco.es\/en\/wp-json\/wp\/v2\/product"}],"about":[{"href":"https:\/\/padelzoco.es\/en\/wp-json\/wp\/v2\/types\/product"}],"version-history":[{"count":5,"href":"https:\/\/padelzoco.es\/en\/wp-json\/wp\/v2\/product\/12660\/revisions"}],"predecessor-version":[{"id":37533,"href":"https:\/\/padelzoco.es\/en\/wp-json\/wp\/v2\/product\/12660\/revisions\/37533"}],"wp:featuredmedia":[{"embeddable":true,"href":"https:\/\/padelzoco.es\/en\/wp-json\/wp\/v2\/media\/12807"}],"wp:attachment":[{"href":"https:\/\/padelzoco.es\/en\/wp-json\/wp\/v2\/media?parent=12660"}],"wp:term":[{"taxonomy":"product_brand","embeddable":true,"href":"https:\/\/padelzoco.es\/en\/wp-json\/wp\/v2\/product_brand?post=12660"},{"taxonomy":"product_cat","embeddable":true,"href":"https:\/\/padelzoco.es\/en\/wp-json\/wp\/v2\/product_cat?post=12660"},{"taxonomy":"product_tag","embeddable":true,"href":"https:\/\/padelzoco.es\/en\/wp-json\/wp\/v2\/product_tag?post=12660"}],"curies":[{"name":"wp","href":"https:\/\/api.w.org\/{rel}","templated":true}]}}