{"id":12670,"date":"2024-09-12T16:03:40","date_gmt":"2024-09-12T15:03:40","guid":{"rendered":"https:\/\/adc06f55e9.nxcli.io\/?post_type=product&#038;p=12670"},"modified":"2026-03-05T20:08:27","modified_gmt":"2026-03-05T19:08:27","slug":"pala-padel-bullpadel-hack-04-hybrid-2025","status":"publish","type":"product","link":"https:\/\/padelzoco.es\/en\/product\/pala-padel-bullpadel-hack-04-hybrid-2025\/","title":{"rendered":"Bullpadel Hack 04 Hybrid 2025 Padel Racket"},"content":{"rendered":"","protected":false},"excerpt":{"rendered":"<div class=\"flex max-w-full flex-col flex-grow\">\n<div class=\"min-h-[20px] text-message flex w-full flex-col items-end gap-2 whitespace-normal break-words [.text-message+&amp;]:mt-5\" dir=\"auto\" data-message-author-role=\"assistant\" data-message-id=\"80504844-9ef5-42ce-8059-59c2ae71b1c2\">\n<div class=\"flex w-full flex-col gap-1 empty:hidden first:pt-[3px]\">\n<div class=\"flex max-w-full flex-col flex-grow\">\n<div class=\"min-h-[20px] text-message flex w-full flex-col items-end gap-2 whitespace-normal break-words [.text-message+&amp;]:mt-5\" dir=\"auto\" data-message-author-role=\"assistant\" data-message-id=\"80504844-9ef5-42ce-8059-59c2ae71b1c2\">\n<div class=\"flex w-full flex-col gap-1 empty:hidden first:pt-[3px]\">\n<div class=\"markdown prose w-full break-words dark:prose-invert light\">\n<p>Presentamos la Bullpadel Hack 04 Hybrid 2025, la pala oficial de Paquito Navarro para la temporada, dise\u00f1ada para jugadores que buscan precisi\u00f3n y control. La Hack 04 Hybrid cuenta con tecnolog\u00edas de vanguardia como Total Channel y Tricore, que mejoran la aerodin\u00e1mica y minimizan las vibraciones para una mayor estabilidad. Su exclusivo dise\u00f1o de agujeros de doble tama\u00f1o ampl\u00eda el punto dulce, asegurando golpes m\u00e1s consistentes y precisos. El sistema de equilibrio adaptable permite la personalizaci\u00f3n del peso, ajust\u00e1ndose a las preferencias de cada jugador.<\/p>\n<p><strong>Caracter\u00edsticas:<\/strong><\/p>\n<ul>\n<li>Total Channel para reducir la resistencia al aire y lograr swings m\u00e1s r\u00e1pidos y potentes.<\/li>\n<li>Tricore para estabilidad y reducci\u00f3n de vibraciones.<\/li>\n<li>Caras de carbono 18K y un n\u00facleo Multieva para una sensaci\u00f3n receptiva y el\u00e1stica.<\/li>\n<li>Superficie rugosa para un mejor control del spin.<\/li>\n<\/ul>\n<\/div>\n<\/div>\n<\/div>\n<\/div>\n<\/div>\n<\/div>\n<\/div>\n","protected":false},"featured_media":12793,"template":"","meta":[],"product_brand":[],"product_cat":[582,698,575,589,581,572,757,754,586],"product_tag":[],"class_list":{"0":"post-12670","1":"product","2":"type-product","3":"status-publish","4":"has-post-thumbnail","6":"product_cat-avanzado-palas","7":"product_cat-bullpadel-padel","8":"product_cat-bullpadel-palas","9":"product_cat-hombre-palas","10":"product_cat-intermedio-palas","11":"product_cat-palas","12":"product_cat-palas-ofertas","13":"product_cat-rebajas","14":"product_cat-redonda-palas","15":"pa_brand-bullpadel","16":"pa_gender-hombre","17":"pa_hs_code-134","19":"first","20":"outofstock","21":"sale","22":"taxable","23":"shipping-taxable","24":"purchasable","25":"product-type-simple"},"yoast_head":"<!-- This site is optimized with the Yoast SEO plugin v27.3 - https:\/\/yoast.com\/product\/yoast-seo-wordpress\/ -->\n<title>Pala Padel Bullpadel Hack 04 Hybrid 2025 - Padel Zoco<\/title>\n<meta name=\"robots\" content=\"index, follow, max-snippet:-1, max-image-preview:large, max-video-preview:-1\" \/>\n<link rel=\"canonical\" href=\"https:\/\/padelzoco.es\/en\/product\/pala-padel-bullpadel-hack-04-hybrid-2025\/\" \/>\n<meta property=\"og:locale\" content=\"en_GB\" \/>\n<meta property=\"og:type\" content=\"article\" \/>\n<meta property=\"og:title\" content=\"Pala Padel Bullpadel Hack 04 Hybrid 2025 - Padel Zoco\" \/>\n<meta property=\"og:description\" content=\"Presentamos la Bullpadel Hack 04 Hybrid 2025, la pala oficial de Paquito Navarro para la temporada, dise\u00f1ada para jugadores que buscan precisi\u00f3n y control. La Hack 04 Hybrid cuenta con tecnolog\u00edas de vanguardia como Total Channel y Tricore, que mejoran la aerodin\u00e1mica y minimizan las vibraciones para una mayor estabilidad. Su exclusivo dise\u00f1o de agujeros de doble tama\u00f1o ampl\u00eda el punto dulce, asegurando golpes m\u00e1s consistentes y precisos. El sistema de equilibrio adaptable permite la personalizaci\u00f3n del peso, ajust\u00e1ndose a las preferencias de cada jugador.  Caracter\u00edsticas:   Total Channel para reducir la resistencia al aire y lograr swings m\u00e1s r\u00e1pidos y potentes.  Tricore para estabilidad y reducci\u00f3n de vibraciones.  Caras de carbono 18K y un n\u00facleo Multieva para una sensaci\u00f3n receptiva y el\u00e1stica.  Superficie rugosa para un mejor control del spin.\" \/>\n<meta property=\"og:url\" content=\"https:\/\/padelzoco.es\/en\/product\/pala-padel-bullpadel-hack-04-hybrid-2025\/\" \/>\n<meta property=\"og:site_name\" content=\"Padel Zoco\" \/>\n<meta property=\"article:modified_time\" content=\"2026-03-05T19:08:27+00:00\" \/>\n<meta property=\"og:image\" content=\"https:\/\/padelzoco.es\/wp-content\/uploads\/2024\/09\/BULLPADEL-HACK-04-HYBRID-2025-Padel-Racket-01.webp\" \/>\n\t<meta property=\"og:image:width\" content=\"1400\" \/>\n\t<meta property=\"og:image:height\" content=\"1400\" \/>\n\t<meta property=\"og:image:type\" content=\"image\/webp\" \/>\n<meta name=\"twitter:card\" content=\"summary_large_image\" \/>\n<meta name=\"twitter:label1\" content=\"Estimated reading time\" \/>\n\t<meta name=\"twitter:data1\" content=\"1 minute\" \/>\n<script type=\"application\/ld+json\" class=\"yoast-schema-graph\">{\"@context\":\"https:\\\/\\\/schema.org\",\"@graph\":[{\"@type\":\"WebPage\",\"@id\":\"https:\\\/\\\/padelzoco.es\\\/product\\\/pala-padel-bullpadel-hack-04-hybrid-2025\\\/\",\"url\":\"https:\\\/\\\/padelzoco.es\\\/product\\\/pala-padel-bullpadel-hack-04-hybrid-2025\\\/\",\"name\":\"Pala Padel Bullpadel Hack 04 Hybrid 2025 - Padel Zoco\",\"isPartOf\":{\"@id\":\"https:\\\/\\\/padelzoco.es\\\/#website\"},\"primaryImageOfPage\":{\"@id\":\"https:\\\/\\\/padelzoco.es\\\/product\\\/pala-padel-bullpadel-hack-04-hybrid-2025\\\/#primaryimage\"},\"image\":{\"@id\":\"https:\\\/\\\/padelzoco.es\\\/product\\\/pala-padel-bullpadel-hack-04-hybrid-2025\\\/#primaryimage\"},\"thumbnailUrl\":\"https:\\\/\\\/padelzoco.es\\\/wp-content\\\/uploads\\\/2024\\\/09\\\/BULLPADEL-HACK-04-HYBRID-2025-Padel-Racket-01.webp\",\"datePublished\":\"2024-09-12T15:03:40+00:00\",\"dateModified\":\"2026-03-05T19:08:27+00:00\",\"breadcrumb\":{\"@id\":\"https:\\\/\\\/padelzoco.es\\\/product\\\/pala-padel-bullpadel-hack-04-hybrid-2025\\\/#breadcrumb\"},\"inLanguage\":\"en-GB\",\"potentialAction\":[{\"@type\":\"ReadAction\",\"target\":[\"https:\\\/\\\/padelzoco.es\\\/product\\\/pala-padel-bullpadel-hack-04-hybrid-2025\\\/\"]}]},{\"@type\":\"ImageObject\",\"inLanguage\":\"en-GB\",\"@id\":\"https:\\\/\\\/padelzoco.es\\\/product\\\/pala-padel-bullpadel-hack-04-hybrid-2025\\\/#primaryimage\",\"url\":\"https:\\\/\\\/padelzoco.es\\\/wp-content\\\/uploads\\\/2024\\\/09\\\/BULLPADEL-HACK-04-HYBRID-2025-Padel-Racket-01.webp\",\"contentUrl\":\"https:\\\/\\\/padelzoco.es\\\/wp-content\\\/uploads\\\/2024\\\/09\\\/BULLPADEL-HACK-04-HYBRID-2025-Padel-Racket-01.webp\",\"width\":1400,\"height\":1400,\"caption\":\"BULLPADEL HACK 04 HYBRID 2025 Padel Racket 01\"},{\"@type\":\"BreadcrumbList\",\"@id\":\"https:\\\/\\\/padelzoco.es\\\/product\\\/pala-padel-bullpadel-hack-04-hybrid-2025\\\/#breadcrumb\",\"itemListElement\":[{\"@type\":\"ListItem\",\"position\":1,\"name\":\"Home\",\"item\":\"https:\\\/\\\/padelzoco.es\\\/\"},{\"@type\":\"ListItem\",\"position\":2,\"name\":\"Padel Zoco\",\"item\":\"https:\\\/\\\/padelzoco.es\\\/padel-zoco\\\/\"},{\"@type\":\"ListItem\",\"position\":3,\"name\":\"Pala Padel Bullpadel Hack 04 Hybrid 2025\"}]},{\"@type\":\"WebSite\",\"@id\":\"https:\\\/\\\/padelzoco.es\\\/#website\",\"url\":\"https:\\\/\\\/padelzoco.es\\\/\",\"name\":\"Padel Zoco\",\"description\":\"Padel Zoco | Spain\",\"publisher\":{\"@id\":\"https:\\\/\\\/padelzoco.es\\\/#organization\"},\"potentialAction\":[{\"@type\":\"SearchAction\",\"target\":{\"@type\":\"EntryPoint\",\"urlTemplate\":\"https:\\\/\\\/padelzoco.es\\\/?s={search_term_string}\"},\"query-input\":{\"@type\":\"PropertyValueSpecification\",\"valueRequired\":true,\"valueName\":\"search_term_string\"}}],\"inLanguage\":\"en-GB\"},{\"@type\":\"Organization\",\"@id\":\"https:\\\/\\\/padelzoco.es\\\/#organization\",\"name\":\"Padel Zoco\",\"url\":\"https:\\\/\\\/padelzoco.es\\\/\",\"logo\":{\"@type\":\"ImageObject\",\"inLanguage\":\"en-GB\",\"@id\":\"https:\\\/\\\/padelzoco.es\\\/#\\\/schema\\\/logo\\\/image\\\/\",\"url\":\"https:\\\/\\\/padelzoco.es\\\/wp-content\\\/uploads\\\/2023\\\/11\\\/PadelZoco_Logo_black_white.webp\",\"contentUrl\":\"https:\\\/\\\/padelzoco.es\\\/wp-content\\\/uploads\\\/2023\\\/11\\\/PadelZoco_Logo_black_white.webp\",\"width\":1500,\"height\":631,\"caption\":\"Padel Zoco\"},\"image\":{\"@id\":\"https:\\\/\\\/padelzoco.es\\\/#\\\/schema\\\/logo\\\/image\\\/\"}}]}<\/script>\n<!-- \/ Yoast SEO plugin. -->","yoast_head_json":{"title":"Pala Padel Bullpadel Hack 04 Hybrid 2025 - Padel Zoco","robots":{"index":"index","follow":"follow","max-snippet":"max-snippet:-1","max-image-preview":"max-image-preview:large","max-video-preview":"max-video-preview:-1"},"canonical":"https:\/\/padelzoco.es\/en\/product\/pala-padel-bullpadel-hack-04-hybrid-2025\/","og_locale":"en_GB","og_type":"article","og_title":"Pala Padel Bullpadel Hack 04 Hybrid 2025 - Padel Zoco","og_description":"Presentamos la Bullpadel Hack 04 Hybrid 2025, la pala oficial de Paquito Navarro para la temporada, dise\u00f1ada para jugadores que buscan precisi\u00f3n y control. La Hack 04 Hybrid cuenta con tecnolog\u00edas de vanguardia como Total Channel y Tricore, que mejoran la aerodin\u00e1mica y minimizan las vibraciones para una mayor estabilidad. Su exclusivo dise\u00f1o de agujeros de doble tama\u00f1o ampl\u00eda el punto dulce, asegurando golpes m\u00e1s consistentes y precisos. El sistema de equilibrio adaptable permite la personalizaci\u00f3n del peso, ajust\u00e1ndose a las preferencias de cada jugador.  Caracter\u00edsticas:   Total Channel para reducir la resistencia al aire y lograr swings m\u00e1s r\u00e1pidos y potentes.  Tricore para estabilidad y reducci\u00f3n de vibraciones.  Caras de carbono 18K y un n\u00facleo Multieva para una sensaci\u00f3n receptiva y el\u00e1stica.  Superficie rugosa para un mejor control del spin.","og_url":"https:\/\/padelzoco.es\/en\/product\/pala-padel-bullpadel-hack-04-hybrid-2025\/","og_site_name":"Padel Zoco","article_modified_time":"2026-03-05T19:08:27+00:00","og_image":[{"width":1400,"height":1400,"url":"https:\/\/padelzoco.es\/wp-content\/uploads\/2024\/09\/BULLPADEL-HACK-04-HYBRID-2025-Padel-Racket-01.webp","type":"image\/webp"}],"twitter_card":"summary_large_image","twitter_misc":{"Estimated reading time":"1 minute"},"schema":{"@context":"https:\/\/schema.org","@graph":[{"@type":"WebPage","@id":"https:\/\/padelzoco.es\/product\/pala-padel-bullpadel-hack-04-hybrid-2025\/","url":"https:\/\/padelzoco.es\/product\/pala-padel-bullpadel-hack-04-hybrid-2025\/","name":"Pala Padel Bullpadel Hack 04 Hybrid 2025 - Padel Zoco","isPartOf":{"@id":"https:\/\/padelzoco.es\/#website"},"primaryImageOfPage":{"@id":"https:\/\/padelzoco.es\/product\/pala-padel-bullpadel-hack-04-hybrid-2025\/#primaryimage"},"image":{"@id":"https:\/\/padelzoco.es\/product\/pala-padel-bullpadel-hack-04-hybrid-2025\/#primaryimage"},"thumbnailUrl":"https:\/\/padelzoco.es\/wp-content\/uploads\/2024\/09\/BULLPADEL-HACK-04-HYBRID-2025-Padel-Racket-01.webp","datePublished":"2024-09-12T15:03:40+00:00","dateModified":"2026-03-05T19:08:27+00:00","breadcrumb":{"@id":"https:\/\/padelzoco.es\/product\/pala-padel-bullpadel-hack-04-hybrid-2025\/#breadcrumb"},"inLanguage":"en-GB","potentialAction":[{"@type":"ReadAction","target":["https:\/\/padelzoco.es\/product\/pala-padel-bullpadel-hack-04-hybrid-2025\/"]}]},{"@type":"ImageObject","inLanguage":"en-GB","@id":"https:\/\/padelzoco.es\/product\/pala-padel-bullpadel-hack-04-hybrid-2025\/#primaryimage","url":"https:\/\/padelzoco.es\/wp-content\/uploads\/2024\/09\/BULLPADEL-HACK-04-HYBRID-2025-Padel-Racket-01.webp","contentUrl":"https:\/\/padelzoco.es\/wp-content\/uploads\/2024\/09\/BULLPADEL-HACK-04-HYBRID-2025-Padel-Racket-01.webp","width":1400,"height":1400,"caption":"BULLPADEL HACK 04 HYBRID 2025 Padel Racket 01"},{"@type":"BreadcrumbList","@id":"https:\/\/padelzoco.es\/product\/pala-padel-bullpadel-hack-04-hybrid-2025\/#breadcrumb","itemListElement":[{"@type":"ListItem","position":1,"name":"Home","item":"https:\/\/padelzoco.es\/"},{"@type":"ListItem","position":2,"name":"Padel Zoco","item":"https:\/\/padelzoco.es\/padel-zoco\/"},{"@type":"ListItem","position":3,"name":"Pala Padel Bullpadel Hack 04 Hybrid 2025"}]},{"@type":"WebSite","@id":"https:\/\/padelzoco.es\/#website","url":"https:\/\/padelzoco.es\/","name":"Padel Zoco","description":"Padel Zoco | Spain","publisher":{"@id":"https:\/\/padelzoco.es\/#organization"},"potentialAction":[{"@type":"SearchAction","target":{"@type":"EntryPoint","urlTemplate":"https:\/\/padelzoco.es\/?s={search_term_string}"},"query-input":{"@type":"PropertyValueSpecification","valueRequired":true,"valueName":"search_term_string"}}],"inLanguage":"en-GB"},{"@type":"Organization","@id":"https:\/\/padelzoco.es\/#organization","name":"Padel Zoco","url":"https:\/\/padelzoco.es\/","logo":{"@type":"ImageObject","inLanguage":"en-GB","@id":"https:\/\/padelzoco.es\/#\/schema\/logo\/image\/","url":"https:\/\/padelzoco.es\/wp-content\/uploads\/2023\/11\/PadelZoco_Logo_black_white.webp","contentUrl":"https:\/\/padelzoco.es\/wp-content\/uploads\/2023\/11\/PadelZoco_Logo_black_white.webp","width":1500,"height":631,"caption":"Padel Zoco"},"image":{"@id":"https:\/\/padelzoco.es\/#\/schema\/logo\/image\/"}}]}},"_links":{"self":[{"href":"https:\/\/padelzoco.es\/en\/wp-json\/wp\/v2\/product\/12670","targetHints":{"allow":["GET"]}}],"collection":[{"href":"https:\/\/padelzoco.es\/en\/wp-json\/wp\/v2\/product"}],"about":[{"href":"https:\/\/padelzoco.es\/en\/wp-json\/wp\/v2\/types\/product"}],"version-history":[{"count":3,"href":"https:\/\/padelzoco.es\/en\/wp-json\/wp\/v2\/product\/12670\/revisions"}],"predecessor-version":[{"id":29478,"href":"https:\/\/padelzoco.es\/en\/wp-json\/wp\/v2\/product\/12670\/revisions\/29478"}],"wp:featuredmedia":[{"embeddable":true,"href":"https:\/\/padelzoco.es\/en\/wp-json\/wp\/v2\/media\/12793"}],"wp:attachment":[{"href":"https:\/\/padelzoco.es\/en\/wp-json\/wp\/v2\/media?parent=12670"}],"wp:term":[{"taxonomy":"product_brand","embeddable":true,"href":"https:\/\/padelzoco.es\/en\/wp-json\/wp\/v2\/product_brand?post=12670"},{"taxonomy":"product_cat","embeddable":true,"href":"https:\/\/padelzoco.es\/en\/wp-json\/wp\/v2\/product_cat?post=12670"},{"taxonomy":"product_tag","embeddable":true,"href":"https:\/\/padelzoco.es\/en\/wp-json\/wp\/v2\/product_tag?post=12670"}],"curies":[{"name":"wp","href":"https:\/\/api.w.org\/{rel}","templated":true}]}}