{"id":12735,"date":"2024-09-14T10:40:38","date_gmt":"2024-09-14T09:40:38","guid":{"rendered":"https:\/\/adc06f55e9.nxcli.io\/?post_type=product&#038;p=12735"},"modified":"2026-04-30T19:17:35","modified_gmt":"2026-04-30T18:17:35","slug":"pala-padel-bullpadel-xplo-2025-martin-di-nenno","status":"publish","type":"product","link":"https:\/\/padelzoco.es\/en\/product\/pala-padel-bullpadel-xplo-2025-martin-di-nenno\/","title":{"rendered":"Bullpadel Xplo Padel Racket 2025 Mart\u00edn Di Nenno"},"content":{"rendered":"<p data-start=\"79\" data-end=\"393\"><strong data-start=\"79\" data-end=\"116\">Pala de p\u00e1del Bullpadel XPlo 2025<\/strong> es el \u00faltimo modelo respaldado por <span class=\"hover:entity-accent entity-underline inline cursor-pointer align-baseline\"><span class=\"whitespace-normal\">Mart\u00edn Di Nenno<\/span><\/span>, dise\u00f1ada para jugadores avanzados que buscan <strong data-start=\"236\" data-end=\"278\">potencia m\u00e1xima con un tacto semi-duro<\/strong>. Esta pala est\u00e1 pensada para transformar tu rendimiento, ofreciendo un juego agresivo y dominante en cada punto.<\/p>\n<p data-start=\"395\" data-end=\"580\">Incorpora el sistema <strong data-start=\"416\" data-end=\"433\">Custom Weight<\/strong>, que permite ajustar el balance seg\u00fan tus preferencias, y el grip <strong data-start=\"500\" data-end=\"512\">Hesacore<\/strong>, que mejora el confort, reduce vibraciones y optimiza el control.<\/p>\n<p data-start=\"582\" data-end=\"955\">Su superficie con <strong data-start=\"600\" data-end=\"621\">X-Tend Carbon 12K<\/strong> aporta mayor durabilidad, resistencia y una excelente respuesta en el golpeo, mientras que el n\u00facleo <strong data-start=\"723\" data-end=\"735\">MultiEva<\/strong> ofrece un rebote adaptativo seg\u00fan la intensidad del golpe, proporcionando potencia en golpes fuertes y control en los m\u00e1s suaves. La <strong data-start=\"869\" data-end=\"890\">superficie rugosa<\/strong> mejora el spin, permitiendo imprimir m\u00e1s efecto en cada golpe.<\/p>\n<p data-start=\"957\" data-end=\"1369\">Entre sus innovaciones destaca la <strong data-start=\"991\" data-end=\"1014\">Geoshape Technology<\/strong>, que incrementa la potencia con un balance adelantado para un juego m\u00e1s ofensivo. La tecnolog\u00eda <strong data-start=\"1111\" data-end=\"1124\">Air Power<\/strong> mejora la aerodin\u00e1mica, facilitando movimientos m\u00e1s r\u00e1pidos, mientras que el <strong data-start=\"1202\" data-end=\"1217\">Wave System<\/strong> optimiza la distribuci\u00f3n de energ\u00eda para mayor estabilidad. Adem\u00e1s, el sistema <strong data-start=\"1297\" data-end=\"1312\">Smart Holes<\/strong> permite ajustar el balance y optimizar el punto dulce.<\/p>\n<p data-start=\"1371\" data-end=\"1413\"><strong data-start=\"1371\" data-end=\"1411\">Key Technologies and Features<\/strong><\/p>\n<ul data-start=\"1414\" data-end=\"1980\">\n<li data-section-id=\"1r56ih1\" data-start=\"1414\" data-end=\"1483\">\n<p data-start=\"1416\" data-end=\"1483\"><strong data-start=\"1416\" data-end=\"1437\">X-Tend Carbon 12K<\/strong> \u2013 Mayor durabilidad y potencia en el golpeo<\/p>\n<\/li>\n<li data-section-id=\"vnfzw3\" data-start=\"1484\" data-end=\"1551\">\n<p data-start=\"1486\" data-end=\"1551\"><strong data-start=\"1486\" data-end=\"1498\">MultiEva<\/strong> \u2013 N\u00facleo de doble densidad para potencia y control<\/p>\n<\/li>\n<li data-section-id=\"mi1ojm\" data-start=\"1552\" data-end=\"1614\">\n<p data-start=\"1554\" data-end=\"1614\"><strong data-start=\"1554\" data-end=\"1571\">Custom Weight<\/strong> \u2013 Ajuste personalizado de peso y balance<\/p>\n<\/li>\n<li data-section-id=\"1jukq0f\" data-start=\"1615\" data-end=\"1679\">\n<p data-start=\"1617\" data-end=\"1679\"><strong data-start=\"1617\" data-end=\"1634\">Hesacore Grip<\/strong> \u2013 Mayor confort y reducci\u00f3n de vibraciones<\/p>\n<\/li>\n<li data-section-id=\"14nrlka\" data-start=\"1680\" data-end=\"1747\">\n<p data-start=\"1682\" data-end=\"1747\"><strong data-start=\"1682\" data-end=\"1705\">Geoshape Technology<\/strong> \u2013 Dise\u00f1o que potencia el juego ofensivo<\/p>\n<\/li>\n<li data-section-id=\"r3zguz\" data-start=\"1748\" data-end=\"1807\">\n<p data-start=\"1750\" data-end=\"1807\"><strong data-start=\"1750\" data-end=\"1763\">Air Power<\/strong> \u2013 Mejor aerodin\u00e1mica y velocidad de swing<\/p>\n<\/li>\n<li data-section-id=\"1fz4ft7\" data-start=\"1808\" data-end=\"1866\">\n<p data-start=\"1810\" data-end=\"1866\"><strong data-start=\"1810\" data-end=\"1825\">Wave System<\/strong> \u2013 Distribuci\u00f3n eficiente de la energ\u00eda<\/p>\n<\/li>\n<li data-section-id=\"21ttg6\" data-start=\"1867\" data-end=\"1925\">\n<p data-start=\"1869\" data-end=\"1925\"><strong data-start=\"1869\" data-end=\"1884\">Smart Holes<\/strong> \u2013 Optimiza el punto dulce y el balance<\/p>\n<\/li>\n<li data-section-id=\"1topczs\" data-start=\"1926\" data-end=\"1980\">\n<p data-start=\"1928\" data-end=\"1980\"><strong data-start=\"1928\" data-end=\"1949\">Superficie rugosa<\/strong> \u2013 Mayor efecto en los golpes<\/p>\n<\/li>\n<\/ul>\n<p data-start=\"1982\" data-end=\"2005\"><strong data-start=\"1982\" data-end=\"2003\">Specifications:<\/strong><\/p>\n<ul data-start=\"2006\" data-end=\"2131\">\n<li data-section-id=\"33zumy\" data-start=\"2006\" data-end=\"2029\">\n<p data-start=\"2008\" data-end=\"2029\"><strong data-start=\"2008\" data-end=\"2018\">Forma:<\/strong> Diamond<\/p>\n<\/li>\n<li data-section-id=\"1aaupfv\" data-start=\"2030\" data-end=\"2053\">\n<p data-start=\"2032\" data-end=\"2053\"><strong data-start=\"2032\" data-end=\"2041\">Peso:<\/strong> 360\u2013375 g<\/p>\n<\/li>\n<li data-section-id=\"9h9rel\" data-start=\"2054\" data-end=\"2075\">\n<p data-start=\"2056\" data-end=\"2075\"><strong data-start=\"2056\" data-end=\"2067\">Perfil:<\/strong> 38 mm<\/p>\n<\/li>\n<li data-section-id=\"1c7dubm\" data-start=\"2076\" data-end=\"2099\">\n<p data-start=\"2078\" data-end=\"2099\"><strong data-start=\"2078\" data-end=\"2088\">Nivel:<\/strong> Advance<\/p>\n<\/li>\n<li data-section-id=\"olc694\" data-start=\"2100\" data-end=\"2131\">\n<p data-start=\"2102\" data-end=\"2131\"><strong data-start=\"2102\" data-end=\"2120\">Tipo de juego:<\/strong> Potencia<\/p>\n<\/li>\n<\/ul>\n<p data-start=\"2133\" data-end=\"2320\">Dise\u00f1ada para jugadores que buscan dominar con un estilo agresivo, la <strong data-start=\"2203\" data-end=\"2226\">Bullpadel XPlo 2025<\/strong> combina <strong data-start=\"2235\" data-end=\"2277\">potencia, tecnolog\u00eda y personalizaci\u00f3n<\/strong> para llevar tu juego al siguiente nivel.<\/p>","protected":false},"excerpt":{"rendered":"<p data-start=\"79\" data-end=\"393\"><strong data-start=\"79\" data-end=\"116\">Pala de p\u00e1del Bullpadel XPlo 2025<\/strong> es el \u00faltimo modelo respaldado por <span class=\"hover:entity-accent entity-underline inline cursor-pointer align-baseline\"><span class=\"whitespace-normal\">Mart\u00edn Di Nenno<\/span><\/span>, dise\u00f1ada para jugadores avanzados que buscan <strong data-start=\"236\" data-end=\"278\">potencia m\u00e1xima con un tacto semi-duro<\/strong>. Esta pala est\u00e1 pensada para transformar tu rendimiento, ofreciendo un juego agresivo y dominante en cada punto.<\/p>\n<p data-start=\"395\" data-end=\"580\">Incorpora el sistema <strong data-start=\"416\" data-end=\"433\">Custom Weight<\/strong>, que permite ajustar el balance seg\u00fan tus preferencias, y el grip <strong data-start=\"500\" data-end=\"512\">Hesacore<\/strong>, que mejora el confort, reduce vibraciones y optimiza el control.<\/p>\n<p data-start=\"1982\" data-end=\"2005\"><strong data-start=\"1982\" data-end=\"2003\">Specifications:<\/strong><\/p>\n<ul data-start=\"2006\" data-end=\"2131\">\n<li data-section-id=\"33zumy\" data-start=\"2006\" data-end=\"2029\">\n<p data-start=\"2008\" data-end=\"2029\"><strong data-start=\"2008\" data-end=\"2018\">Forma:<\/strong> Diamond<\/p>\n<\/li>\n<li data-section-id=\"1aaupfv\" data-start=\"2030\" data-end=\"2053\">\n<p data-start=\"2032\" data-end=\"2053\"><strong data-start=\"2032\" data-end=\"2041\">Peso:<\/strong> 360\u2013375 g<\/p>\n<\/li>\n<li data-section-id=\"9h9rel\" data-start=\"2054\" data-end=\"2075\">\n<p data-start=\"2056\" data-end=\"2075\"><strong data-start=\"2056\" data-end=\"2067\">Perfil:<\/strong> 38 mm<\/p>\n<\/li>\n<li data-section-id=\"1c7dubm\" data-start=\"2076\" data-end=\"2099\">\n<p data-start=\"2078\" data-end=\"2099\"><strong data-start=\"2078\" data-end=\"2088\">Nivel:<\/strong> Advance<\/p>\n<\/li>\n<li data-section-id=\"olc694\" data-start=\"2100\" data-end=\"2131\">\n<p data-start=\"2102\" data-end=\"2131\"><strong data-start=\"2102\" data-end=\"2120\">Tipo de juego:<\/strong> Potencia<\/p>\n<\/li>\n<\/ul>\n<p data-start=\"395\" data-end=\"580\">\n<p data-start=\"395\" data-end=\"580\">","protected":false},"featured_media":12755,"template":"","meta":[],"product_brand":[],"product_cat":[582,698,575,584,590,572,757,754],"product_tag":[],"class_list":{"0":"post-12735","1":"product","2":"type-product","3":"status-publish","4":"has-post-thumbnail","6":"product_cat-avanzado-palas","7":"product_cat-bullpadel-padel","8":"product_cat-bullpadel-palas","9":"product_cat-diamante-palas","10":"product_cat-mujer-palas","11":"product_cat-palas","12":"product_cat-palas-ofertas","13":"product_cat-rebajas","14":"pa_brand-bullpadel","15":"pa_gender-hombre","16":"pa_hs_code-134","18":"first","19":"instock","20":"sale","21":"taxable","22":"shipping-taxable","23":"purchasable","24":"product-type-simple"},"yoast_head":"<!-- This site is optimized with the Yoast SEO plugin v27.5 - https:\/\/yoast.com\/product\/yoast-seo-wordpress\/ -->\n<title>Pala Padel Bullpadel Xplo 2025 Mart\u00edn Di Nenno - Padel Zoco<\/title>\n<meta name=\"description\" content=\"La Bullpadel XPlo 2025 es una pala con innovaciones como la tecnolog\u00eda X-Tend Carbon 12K y el Smart Holes, para jugadores que buscan potencia y control\" \/>\n<meta name=\"robots\" content=\"index, follow, max-snippet:-1, max-image-preview:large, max-video-preview:-1\" \/>\n<link rel=\"canonical\" href=\"https:\/\/padelzoco.es\/en\/product\/pala-padel-bullpadel-xplo-2025-martin-di-nenno\/\" \/>\n<meta property=\"og:locale\" content=\"en_GB\" \/>\n<meta property=\"og:type\" content=\"article\" \/>\n<meta property=\"og:title\" content=\"Pala Padel Bullpadel Xplo 2025 Mart\u00edn Di Nenno - Padel Zoco\" \/>\n<meta property=\"og:description\" content=\"La Bullpadel XPlo 2025 es una pala con innovaciones como la tecnolog\u00eda X-Tend Carbon 12K y el Smart Holes, para jugadores que buscan potencia y control\" \/>\n<meta property=\"og:url\" content=\"https:\/\/padelzoco.es\/en\/product\/pala-padel-bullpadel-xplo-2025-martin-di-nenno\/\" \/>\n<meta property=\"og:site_name\" content=\"Padel Zoco\" \/>\n<meta property=\"article:modified_time\" content=\"2026-04-30T18:17:35+00:00\" \/>\n<meta property=\"og:image\" content=\"https:\/\/padelzoco.es\/wp-content\/uploads\/2024\/09\/BULLPADEL-XPLO-2025-Padel-Racket-06.webp\" \/>\n\t<meta property=\"og:image:width\" content=\"1400\" \/>\n\t<meta property=\"og:image:height\" content=\"1400\" \/>\n\t<meta property=\"og:image:type\" content=\"image\/webp\" \/>\n<meta name=\"twitter:card\" content=\"summary_large_image\" \/>\n<meta name=\"twitter:label1\" content=\"Estimated reading time\" \/>\n\t<meta name=\"twitter:data1\" content=\"2 minutes\" \/>\n<script type=\"application\/ld+json\" class=\"yoast-schema-graph\">{\"@context\":\"https:\\\/\\\/schema.org\",\"@graph\":[{\"@type\":\"WebPage\",\"@id\":\"https:\\\/\\\/padelzoco.es\\\/product\\\/pala-padel-bullpadel-xplo-2025-martin-di-nenno\\\/\",\"url\":\"https:\\\/\\\/padelzoco.es\\\/product\\\/pala-padel-bullpadel-xplo-2025-martin-di-nenno\\\/\",\"name\":\"Pala Padel Bullpadel Xplo 2025 Mart\u00edn Di Nenno - Padel Zoco\",\"isPartOf\":{\"@id\":\"https:\\\/\\\/padelzoco.es\\\/#website\"},\"primaryImageOfPage\":{\"@id\":\"https:\\\/\\\/padelzoco.es\\\/product\\\/pala-padel-bullpadel-xplo-2025-martin-di-nenno\\\/#primaryimage\"},\"image\":{\"@id\":\"https:\\\/\\\/padelzoco.es\\\/product\\\/pala-padel-bullpadel-xplo-2025-martin-di-nenno\\\/#primaryimage\"},\"thumbnailUrl\":\"https:\\\/\\\/padelzoco.es\\\/wp-content\\\/uploads\\\/2024\\\/09\\\/BULLPADEL-XPLO-2025-Padel-Racket-06.webp\",\"datePublished\":\"2024-09-14T09:40:38+00:00\",\"dateModified\":\"2026-04-30T18:17:35+00:00\",\"description\":\"La Bullpadel XPlo 2025 es una pala con innovaciones como la tecnolog\u00eda X-Tend Carbon 12K y el Smart Holes, para jugadores que buscan potencia y control\",\"breadcrumb\":{\"@id\":\"https:\\\/\\\/padelzoco.es\\\/product\\\/pala-padel-bullpadel-xplo-2025-martin-di-nenno\\\/#breadcrumb\"},\"inLanguage\":\"en-GB\",\"potentialAction\":[{\"@type\":\"ReadAction\",\"target\":[\"https:\\\/\\\/padelzoco.es\\\/product\\\/pala-padel-bullpadel-xplo-2025-martin-di-nenno\\\/\"]}]},{\"@type\":\"ImageObject\",\"inLanguage\":\"en-GB\",\"@id\":\"https:\\\/\\\/padelzoco.es\\\/product\\\/pala-padel-bullpadel-xplo-2025-martin-di-nenno\\\/#primaryimage\",\"url\":\"https:\\\/\\\/padelzoco.es\\\/wp-content\\\/uploads\\\/2024\\\/09\\\/BULLPADEL-XPLO-2025-Padel-Racket-06.webp\",\"contentUrl\":\"https:\\\/\\\/padelzoco.es\\\/wp-content\\\/uploads\\\/2024\\\/09\\\/BULLPADEL-XPLO-2025-Padel-Racket-06.webp\",\"width\":1400,\"height\":1400,\"caption\":\"BULLPADEL XPLO 2025 Padel Racket 06\"},{\"@type\":\"BreadcrumbList\",\"@id\":\"https:\\\/\\\/padelzoco.es\\\/product\\\/pala-padel-bullpadel-xplo-2025-martin-di-nenno\\\/#breadcrumb\",\"itemListElement\":[{\"@type\":\"ListItem\",\"position\":1,\"name\":\"Home\",\"item\":\"https:\\\/\\\/padelzoco.es\\\/\"},{\"@type\":\"ListItem\",\"position\":2,\"name\":\"Padel Zoco\",\"item\":\"https:\\\/\\\/padelzoco.es\\\/padel-zoco\\\/\"},{\"@type\":\"ListItem\",\"position\":3,\"name\":\"Pala Padel Bullpadel Xplo 2025 Mart\u00edn Di Nenno\"}]},{\"@type\":\"WebSite\",\"@id\":\"https:\\\/\\\/padelzoco.es\\\/#website\",\"url\":\"https:\\\/\\\/padelzoco.es\\\/\",\"name\":\"Padel Zoco\",\"description\":\"Padel Zoco | Spain\",\"publisher\":{\"@id\":\"https:\\\/\\\/padelzoco.es\\\/#organization\"},\"potentialAction\":[{\"@type\":\"SearchAction\",\"target\":{\"@type\":\"EntryPoint\",\"urlTemplate\":\"https:\\\/\\\/padelzoco.es\\\/?s={search_term_string}\"},\"query-input\":{\"@type\":\"PropertyValueSpecification\",\"valueRequired\":true,\"valueName\":\"search_term_string\"}}],\"inLanguage\":\"en-GB\"},{\"@type\":\"Organization\",\"@id\":\"https:\\\/\\\/padelzoco.es\\\/#organization\",\"name\":\"Padel Zoco\",\"url\":\"https:\\\/\\\/padelzoco.es\\\/\",\"logo\":{\"@type\":\"ImageObject\",\"inLanguage\":\"en-GB\",\"@id\":\"https:\\\/\\\/padelzoco.es\\\/#\\\/schema\\\/logo\\\/image\\\/\",\"url\":\"https:\\\/\\\/padelzoco.es\\\/wp-content\\\/uploads\\\/2023\\\/11\\\/PadelZoco_Logo_black_white.webp\",\"contentUrl\":\"https:\\\/\\\/padelzoco.es\\\/wp-content\\\/uploads\\\/2023\\\/11\\\/PadelZoco_Logo_black_white.webp\",\"width\":1500,\"height\":631,\"caption\":\"Padel Zoco\"},\"image\":{\"@id\":\"https:\\\/\\\/padelzoco.es\\\/#\\\/schema\\\/logo\\\/image\\\/\"}}]}<\/script>\n<!-- \/ Yoast SEO plugin. -->","yoast_head_json":{"title":"Pala Padel Bullpadel Xplo 2025 Mart\u00edn Di Nenno - Padel Zoco","description":"La Bullpadel XPlo 2025 es una pala con innovaciones como la tecnolog\u00eda X-Tend Carbon 12K y el Smart Holes, para jugadores que buscan potencia y control","robots":{"index":"index","follow":"follow","max-snippet":"max-snippet:-1","max-image-preview":"max-image-preview:large","max-video-preview":"max-video-preview:-1"},"canonical":"https:\/\/padelzoco.es\/en\/product\/pala-padel-bullpadel-xplo-2025-martin-di-nenno\/","og_locale":"en_GB","og_type":"article","og_title":"Pala Padel Bullpadel Xplo 2025 Mart\u00edn Di Nenno - Padel Zoco","og_description":"La Bullpadel XPlo 2025 es una pala con innovaciones como la tecnolog\u00eda X-Tend Carbon 12K y el Smart Holes, para jugadores que buscan potencia y control","og_url":"https:\/\/padelzoco.es\/en\/product\/pala-padel-bullpadel-xplo-2025-martin-di-nenno\/","og_site_name":"Padel Zoco","article_modified_time":"2026-04-30T18:17:35+00:00","og_image":[{"width":1400,"height":1400,"url":"https:\/\/padelzoco.es\/wp-content\/uploads\/2024\/09\/BULLPADEL-XPLO-2025-Padel-Racket-06.webp","type":"image\/webp"}],"twitter_card":"summary_large_image","twitter_misc":{"Estimated reading time":"2 minutes"},"schema":{"@context":"https:\/\/schema.org","@graph":[{"@type":"WebPage","@id":"https:\/\/padelzoco.es\/product\/pala-padel-bullpadel-xplo-2025-martin-di-nenno\/","url":"https:\/\/padelzoco.es\/product\/pala-padel-bullpadel-xplo-2025-martin-di-nenno\/","name":"Pala Padel Bullpadel Xplo 2025 Mart\u00edn Di Nenno - Padel Zoco","isPartOf":{"@id":"https:\/\/padelzoco.es\/#website"},"primaryImageOfPage":{"@id":"https:\/\/padelzoco.es\/product\/pala-padel-bullpadel-xplo-2025-martin-di-nenno\/#primaryimage"},"image":{"@id":"https:\/\/padelzoco.es\/product\/pala-padel-bullpadel-xplo-2025-martin-di-nenno\/#primaryimage"},"thumbnailUrl":"https:\/\/padelzoco.es\/wp-content\/uploads\/2024\/09\/BULLPADEL-XPLO-2025-Padel-Racket-06.webp","datePublished":"2024-09-14T09:40:38+00:00","dateModified":"2026-04-30T18:17:35+00:00","description":"La Bullpadel XPlo 2025 es una pala con innovaciones como la tecnolog\u00eda X-Tend Carbon 12K y el Smart Holes, para jugadores que buscan potencia y control","breadcrumb":{"@id":"https:\/\/padelzoco.es\/product\/pala-padel-bullpadel-xplo-2025-martin-di-nenno\/#breadcrumb"},"inLanguage":"en-GB","potentialAction":[{"@type":"ReadAction","target":["https:\/\/padelzoco.es\/product\/pala-padel-bullpadel-xplo-2025-martin-di-nenno\/"]}]},{"@type":"ImageObject","inLanguage":"en-GB","@id":"https:\/\/padelzoco.es\/product\/pala-padel-bullpadel-xplo-2025-martin-di-nenno\/#primaryimage","url":"https:\/\/padelzoco.es\/wp-content\/uploads\/2024\/09\/BULLPADEL-XPLO-2025-Padel-Racket-06.webp","contentUrl":"https:\/\/padelzoco.es\/wp-content\/uploads\/2024\/09\/BULLPADEL-XPLO-2025-Padel-Racket-06.webp","width":1400,"height":1400,"caption":"BULLPADEL XPLO 2025 Padel Racket 06"},{"@type":"BreadcrumbList","@id":"https:\/\/padelzoco.es\/product\/pala-padel-bullpadel-xplo-2025-martin-di-nenno\/#breadcrumb","itemListElement":[{"@type":"ListItem","position":1,"name":"Home","item":"https:\/\/padelzoco.es\/"},{"@type":"ListItem","position":2,"name":"Padel Zoco","item":"https:\/\/padelzoco.es\/padel-zoco\/"},{"@type":"ListItem","position":3,"name":"Pala Padel Bullpadel Xplo 2025 Mart\u00edn Di Nenno"}]},{"@type":"WebSite","@id":"https:\/\/padelzoco.es\/#website","url":"https:\/\/padelzoco.es\/","name":"Padel Zoco","description":"Padel Zoco | Spain","publisher":{"@id":"https:\/\/padelzoco.es\/#organization"},"potentialAction":[{"@type":"SearchAction","target":{"@type":"EntryPoint","urlTemplate":"https:\/\/padelzoco.es\/?s={search_term_string}"},"query-input":{"@type":"PropertyValueSpecification","valueRequired":true,"valueName":"search_term_string"}}],"inLanguage":"en-GB"},{"@type":"Organization","@id":"https:\/\/padelzoco.es\/#organization","name":"Padel Zoco","url":"https:\/\/padelzoco.es\/","logo":{"@type":"ImageObject","inLanguage":"en-GB","@id":"https:\/\/padelzoco.es\/#\/schema\/logo\/image\/","url":"https:\/\/padelzoco.es\/wp-content\/uploads\/2023\/11\/PadelZoco_Logo_black_white.webp","contentUrl":"https:\/\/padelzoco.es\/wp-content\/uploads\/2023\/11\/PadelZoco_Logo_black_white.webp","width":1500,"height":631,"caption":"Padel Zoco"},"image":{"@id":"https:\/\/padelzoco.es\/#\/schema\/logo\/image\/"}}]}},"_links":{"self":[{"href":"https:\/\/padelzoco.es\/en\/wp-json\/wp\/v2\/product\/12735","targetHints":{"allow":["GET"]}}],"collection":[{"href":"https:\/\/padelzoco.es\/en\/wp-json\/wp\/v2\/product"}],"about":[{"href":"https:\/\/padelzoco.es\/en\/wp-json\/wp\/v2\/types\/product"}],"version-history":[{"count":5,"href":"https:\/\/padelzoco.es\/en\/wp-json\/wp\/v2\/product\/12735\/revisions"}],"predecessor-version":[{"id":37528,"href":"https:\/\/padelzoco.es\/en\/wp-json\/wp\/v2\/product\/12735\/revisions\/37528"}],"wp:featuredmedia":[{"embeddable":true,"href":"https:\/\/padelzoco.es\/en\/wp-json\/wp\/v2\/media\/12755"}],"wp:attachment":[{"href":"https:\/\/padelzoco.es\/en\/wp-json\/wp\/v2\/media?parent=12735"}],"wp:term":[{"taxonomy":"product_brand","embeddable":true,"href":"https:\/\/padelzoco.es\/en\/wp-json\/wp\/v2\/product_brand?post=12735"},{"taxonomy":"product_cat","embeddable":true,"href":"https:\/\/padelzoco.es\/en\/wp-json\/wp\/v2\/product_cat?post=12735"},{"taxonomy":"product_tag","embeddable":true,"href":"https:\/\/padelzoco.es\/en\/wp-json\/wp\/v2\/product_tag?post=12735"}],"curies":[{"name":"wp","href":"https:\/\/api.w.org\/{rel}","templated":true}]}}