{"id":12978,"date":"2024-09-21T12:11:06","date_gmt":"2024-09-21T11:11:06","guid":{"rendered":"https:\/\/adc06f55e9.nxcli.io\/?post_type=product&#038;p=12978"},"modified":"2026-04-30T18:47:10","modified_gmt":"2026-04-30T17:47:10","slug":"paletero-nox-open-series-negro-marron","status":"publish","type":"product","link":"https:\/\/padelzoco.es\/en\/product\/paletero-nox-open-series-negro-marron\/","title":{"rendered":"Paletero Nox Open Series negro marr\u00f3n"},"content":{"rendered":"<p>Discover the new LUXURY padel racket collection made with the best textiles and technical materials to reduce weight and increase resistance. In black\/brown color.<\/p>\n<p><strong>FEATURES:<\/strong><\/p>\n<ul>\n<li>Main compartment with side opening with capacity for 3\u00a0padel racket, clothes, etc.<\/li>\n<li>Thermal compartment (NOX ThermoTech technology) with capacity for 2\u00a0padel racket, bottles and other temperature sensitive items, ensuring protection against heat.<\/li>\n<li>Side compartments with distributed pockets for accessories, cell phone, wallet, keys, etc.<\/li>\n<li>Ventilated compartment for shoes, allowing ventilation and avoiding bad odors.<\/li>\n<li>Pocket on the back.<\/li>\n<li>Backpack function with the possibility of removing the handles for greater comfort and versatility of use.<\/li>\n<li>Ergonomic main handle. Rigid base with additional protection against bumps and uneven surfaces.<\/li>\n<\/ul>\n<p><strong>Dimensions:<\/strong>\u00a0600 x 300 x 350 mm<\/p>\n<p><strong>Capacity:<\/strong>\u00a060 liters<\/p>","protected":false},"excerpt":{"rendered":"<div class=\"product-detail product-detail_overview\">\n<div class=\"product-detail product-detail_overview\">\n<div class=\"product_content_left\">\n<div class=\"product-detail product-detail_overview\">\n<div class=\"product_content_left\">\n<div class=\"product_content_left\">\n<div class=\"product-detail product-detail_overview\">\n<div class=\"product_content_left\">\n<div class=\"product_content_left\">\n<div class=\"product_content_left\">\n<div class=\"product-detail product-detail_overview\">\n<div class=\"product_content_left\">\n<div class=\"product_content_left\">\n<div class=\"not-in-quickbuy\">\n<div class=\"product-description spaced-text-row rte cf\">\n<p>Descubre la nueva colecci\u00f3n de paleteros de p\u00e1del LUXURY realizados con los mejores textiles y materiales t\u00e9cnicos para reducir el peso y aumentar la resistencia. En color negro\/marr\u00f3n.<\/p>\n<p><strong>CARACTER\u00cdSTICAS:<\/strong><\/p>\n<ul>\n<li>Compartimiento principal con apertura lateral con capacidad para 3 palas de p\u00e1del, ropa, etc.<\/li>\n<li>Compartimento t\u00e9rmico (tecnolog\u00eda NOX ThermoTech) con capacidad para 2 palas de p\u00e1del, botellas y otros elementos sensibles a la temperatura, asegurando su protecci\u00f3n contra el calor.<\/li>\n<li>Compartimentos laterales con bolsillos distribuidos para accesorios, m\u00f3vil, cartera, llaves, etc.<\/li>\n<li>Compartimento aireado para zapatillas, \u00a0permitiendo la ventilaci\u00f3n y evitando malos olores.<\/li>\n<li>Bolsillo en la parte posterior.<\/li>\n<li>Funci\u00f3n de mochila con posibilidad de quitar las asas para mayor comodidad y versatilidad de uso.<\/li>\n<li>Asa principal ergon\u00f3mica. Base r\u00edgida con protecci\u00f3n adicional contra golpes y superficies irregulares.<\/li>\n<\/ul>\n<p><strong>Medidas:<\/strong>\u00a0600 x 300 x 350 mm<\/p>\n<p><strong>Capacidad:<\/strong>\u00a0\u00a060 litros<\/p>\n<\/div>\n<\/div>\n<div class=\"lightly-spaced-row not-in-quickbuy\">\n<div class=\"product-info-block with-icon\"><\/div>\n<\/div>\n<\/div>\n<\/div>\n<\/div>\n<\/div>\n<\/div>\n<\/div>\n<\/div>\n<\/div>\n<\/div>\n<\/div>\n<\/div>\n<\/div>\n<\/div>","protected":false},"featured_media":12982,"template":"","meta":[],"product_brand":[],"product_cat":[636,626,761,697,628],"product_tag":[],"class_list":{"0":"post-12978","1":"product","2":"type-product","3":"status-publish","4":"has-post-thumbnail","6":"product_cat-bolsa","7":"product_cat-bolsas","8":"product_cat-bolsas-ofertas","9":"product_cat-nox-padel","10":"product_cat-nox-bolsas","11":"pa_brand-nox","12":"pa_hs_code-673","14":"first","15":"outofstock","16":"sale","17":"taxable","18":"shipping-taxable","19":"purchasable","20":"product-type-simple"},"yoast_head":"<!-- This site is optimized with the Yoast SEO plugin v27.6 - https:\/\/yoast.com\/product\/yoast-seo-wordpress\/ -->\n<title>Paletero Nox Open Series negro marr\u00f3n - Padel Zoco<\/title>\n<meta name=\"robots\" content=\"index, follow, max-snippet:-1, max-image-preview:large, max-video-preview:-1\" \/>\n<link rel=\"canonical\" href=\"https:\/\/padelzoco.es\/en\/product\/paletero-nox-open-series-negro-marron\/\" \/>\n<meta property=\"og:locale\" content=\"en_GB\" \/>\n<meta property=\"og:type\" content=\"article\" \/>\n<meta property=\"og:title\" content=\"Paletero Nox Open Series negro marr\u00f3n - Padel Zoco\" \/>\n<meta property=\"og:description\" content=\"Descubre la nueva colecci\u00f3n de paleteros de p\u00e1del LUXURY realizados con los mejores textiles y materiales t\u00e9cnicos para reducir el peso y aumentar la resistencia. En color negro\/marr\u00f3n.  CARACTER\u00cdSTICAS:   Compartimiento principal con apertura lateral con capacidad para 3 palas de p\u00e1del, ropa, etc.  Compartimento t\u00e9rmico (tecnolog\u00eda NOX ThermoTech) con capacidad para 2 palas de p\u00e1del, botellas y otros elementos sensibles a la temperatura, asegurando su protecci\u00f3n contra el calor.  Compartimentos laterales con bolsillos distribuidos para accesorios, m\u00f3vil, cartera, llaves, etc.  Compartimento aireado para zapatillas, \u00a0permitiendo la ventilaci\u00f3n y evitando malos olores.  Bolsillo en la parte posterior.  Funci\u00f3n de mochila con posibilidad de quitar las asas para mayor comodidad y versatilidad de uso.  Asa principal ergon\u00f3mica. Base r\u00edgida con protecci\u00f3n adicional contra golpes y superficies irregulares.  Medidas:\u00a0600 x 300 x 350 mm  Capacidad:\u00a0\u00a060 litros\" \/>\n<meta property=\"og:url\" content=\"https:\/\/padelzoco.es\/en\/product\/paletero-nox-open-series-negro-marron\/\" \/>\n<meta property=\"og:site_name\" content=\"Padel Zoco\" \/>\n<meta property=\"article:modified_time\" content=\"2026-04-30T17:47:10+00:00\" \/>\n<meta property=\"og:image\" content=\"https:\/\/padelzoco.es\/wp-content\/uploads\/2024\/09\/NOX-Open-Series-Padel-Bag-Black-Brown-03.webp\" \/>\n\t<meta property=\"og:image:width\" content=\"1400\" \/>\n\t<meta property=\"og:image:height\" content=\"1400\" \/>\n\t<meta property=\"og:image:type\" content=\"image\/webp\" \/>\n<meta name=\"twitter:card\" content=\"summary_large_image\" \/>\n<meta name=\"twitter:label1\" content=\"Estimated reading time\" \/>\n\t<meta name=\"twitter:data1\" content=\"1 minute\" \/>\n<script type=\"application\/ld+json\" class=\"yoast-schema-graph\">{\"@context\":\"https:\\\/\\\/schema.org\",\"@graph\":[{\"@type\":\"WebPage\",\"@id\":\"https:\\\/\\\/padelzoco.es\\\/product\\\/paletero-nox-open-series-negro-marron\\\/\",\"url\":\"https:\\\/\\\/padelzoco.es\\\/product\\\/paletero-nox-open-series-negro-marron\\\/\",\"name\":\"Paletero Nox Open Series negro marr\u00f3n - Padel Zoco\",\"isPartOf\":{\"@id\":\"https:\\\/\\\/padelzoco.es\\\/#website\"},\"primaryImageOfPage\":{\"@id\":\"https:\\\/\\\/padelzoco.es\\\/product\\\/paletero-nox-open-series-negro-marron\\\/#primaryimage\"},\"image\":{\"@id\":\"https:\\\/\\\/padelzoco.es\\\/product\\\/paletero-nox-open-series-negro-marron\\\/#primaryimage\"},\"thumbnailUrl\":\"https:\\\/\\\/padelzoco.es\\\/wp-content\\\/uploads\\\/2024\\\/09\\\/NOX-Open-Series-Padel-Bag-Black-Brown-03.webp\",\"datePublished\":\"2024-09-21T11:11:06+00:00\",\"dateModified\":\"2026-04-30T17:47:10+00:00\",\"breadcrumb\":{\"@id\":\"https:\\\/\\\/padelzoco.es\\\/product\\\/paletero-nox-open-series-negro-marron\\\/#breadcrumb\"},\"inLanguage\":\"en-GB\",\"potentialAction\":[{\"@type\":\"ReadAction\",\"target\":[\"https:\\\/\\\/padelzoco.es\\\/product\\\/paletero-nox-open-series-negro-marron\\\/\"]}]},{\"@type\":\"ImageObject\",\"inLanguage\":\"en-GB\",\"@id\":\"https:\\\/\\\/padelzoco.es\\\/product\\\/paletero-nox-open-series-negro-marron\\\/#primaryimage\",\"url\":\"https:\\\/\\\/padelzoco.es\\\/wp-content\\\/uploads\\\/2024\\\/09\\\/NOX-Open-Series-Padel-Bag-Black-Brown-03.webp\",\"contentUrl\":\"https:\\\/\\\/padelzoco.es\\\/wp-content\\\/uploads\\\/2024\\\/09\\\/NOX-Open-Series-Padel-Bag-Black-Brown-03.webp\",\"width\":1400,\"height\":1400,\"caption\":\"NOX Open Series Padel Bag Black Brown 03\"},{\"@type\":\"BreadcrumbList\",\"@id\":\"https:\\\/\\\/padelzoco.es\\\/product\\\/paletero-nox-open-series-negro-marron\\\/#breadcrumb\",\"itemListElement\":[{\"@type\":\"ListItem\",\"position\":1,\"name\":\"Home\",\"item\":\"https:\\\/\\\/padelzoco.es\\\/\"},{\"@type\":\"ListItem\",\"position\":2,\"name\":\"Padel Zoco\",\"item\":\"https:\\\/\\\/padelzoco.es\\\/padel-zoco\\\/\"},{\"@type\":\"ListItem\",\"position\":3,\"name\":\"Paletero Nox Open Series negro marr\u00f3n\"}]},{\"@type\":\"WebSite\",\"@id\":\"https:\\\/\\\/padelzoco.es\\\/#website\",\"url\":\"https:\\\/\\\/padelzoco.es\\\/\",\"name\":\"Padel Zoco\",\"description\":\"Padel Zoco | Spain\",\"publisher\":{\"@id\":\"https:\\\/\\\/padelzoco.es\\\/#organization\"},\"potentialAction\":[{\"@type\":\"SearchAction\",\"target\":{\"@type\":\"EntryPoint\",\"urlTemplate\":\"https:\\\/\\\/padelzoco.es\\\/?s={search_term_string}\"},\"query-input\":{\"@type\":\"PropertyValueSpecification\",\"valueRequired\":true,\"valueName\":\"search_term_string\"}}],\"inLanguage\":\"en-GB\"},{\"@type\":\"Organization\",\"@id\":\"https:\\\/\\\/padelzoco.es\\\/#organization\",\"name\":\"Padel Zoco\",\"url\":\"https:\\\/\\\/padelzoco.es\\\/\",\"logo\":{\"@type\":\"ImageObject\",\"inLanguage\":\"en-GB\",\"@id\":\"https:\\\/\\\/padelzoco.es\\\/#\\\/schema\\\/logo\\\/image\\\/\",\"url\":\"https:\\\/\\\/padelzoco.es\\\/wp-content\\\/uploads\\\/2023\\\/11\\\/PadelZoco_Logo_black_white.webp\",\"contentUrl\":\"https:\\\/\\\/padelzoco.es\\\/wp-content\\\/uploads\\\/2023\\\/11\\\/PadelZoco_Logo_black_white.webp\",\"width\":1500,\"height\":631,\"caption\":\"Padel Zoco\"},\"image\":{\"@id\":\"https:\\\/\\\/padelzoco.es\\\/#\\\/schema\\\/logo\\\/image\\\/\"}}]}<\/script>\n<!-- \/ Yoast SEO plugin. -->","yoast_head_json":{"title":"Paletero Nox Open Series negro marr\u00f3n - Padel Zoco","robots":{"index":"index","follow":"follow","max-snippet":"max-snippet:-1","max-image-preview":"max-image-preview:large","max-video-preview":"max-video-preview:-1"},"canonical":"https:\/\/padelzoco.es\/en\/product\/paletero-nox-open-series-negro-marron\/","og_locale":"en_GB","og_type":"article","og_title":"Paletero Nox Open Series negro marr\u00f3n - Padel Zoco","og_description":"Descubre la nueva colecci\u00f3n de paleteros de p\u00e1del LUXURY realizados con los mejores textiles y materiales t\u00e9cnicos para reducir el peso y aumentar la resistencia. En color negro\/marr\u00f3n.  CARACTER\u00cdSTICAS:   Compartimiento principal con apertura lateral con capacidad para 3 palas de p\u00e1del, ropa, etc.  Compartimento t\u00e9rmico (tecnolog\u00eda NOX ThermoTech) con capacidad para 2 palas de p\u00e1del, botellas y otros elementos sensibles a la temperatura, asegurando su protecci\u00f3n contra el calor.  Compartimentos laterales con bolsillos distribuidos para accesorios, m\u00f3vil, cartera, llaves, etc.  Compartimento aireado para zapatillas, \u00a0permitiendo la ventilaci\u00f3n y evitando malos olores.  Bolsillo en la parte posterior.  Funci\u00f3n de mochila con posibilidad de quitar las asas para mayor comodidad y versatilidad de uso.  Asa principal ergon\u00f3mica. Base r\u00edgida con protecci\u00f3n adicional contra golpes y superficies irregulares.  Medidas:\u00a0600 x 300 x 350 mm  Capacidad:\u00a0\u00a060 litros","og_url":"https:\/\/padelzoco.es\/en\/product\/paletero-nox-open-series-negro-marron\/","og_site_name":"Padel Zoco","article_modified_time":"2026-04-30T17:47:10+00:00","og_image":[{"width":1400,"height":1400,"url":"https:\/\/padelzoco.es\/wp-content\/uploads\/2024\/09\/NOX-Open-Series-Padel-Bag-Black-Brown-03.webp","type":"image\/webp"}],"twitter_card":"summary_large_image","twitter_misc":{"Estimated reading time":"1 minute"},"schema":{"@context":"https:\/\/schema.org","@graph":[{"@type":"WebPage","@id":"https:\/\/padelzoco.es\/product\/paletero-nox-open-series-negro-marron\/","url":"https:\/\/padelzoco.es\/product\/paletero-nox-open-series-negro-marron\/","name":"Paletero Nox Open Series negro marr\u00f3n - Padel Zoco","isPartOf":{"@id":"https:\/\/padelzoco.es\/#website"},"primaryImageOfPage":{"@id":"https:\/\/padelzoco.es\/product\/paletero-nox-open-series-negro-marron\/#primaryimage"},"image":{"@id":"https:\/\/padelzoco.es\/product\/paletero-nox-open-series-negro-marron\/#primaryimage"},"thumbnailUrl":"https:\/\/padelzoco.es\/wp-content\/uploads\/2024\/09\/NOX-Open-Series-Padel-Bag-Black-Brown-03.webp","datePublished":"2024-09-21T11:11:06+00:00","dateModified":"2026-04-30T17:47:10+00:00","breadcrumb":{"@id":"https:\/\/padelzoco.es\/product\/paletero-nox-open-series-negro-marron\/#breadcrumb"},"inLanguage":"en-GB","potentialAction":[{"@type":"ReadAction","target":["https:\/\/padelzoco.es\/product\/paletero-nox-open-series-negro-marron\/"]}]},{"@type":"ImageObject","inLanguage":"en-GB","@id":"https:\/\/padelzoco.es\/product\/paletero-nox-open-series-negro-marron\/#primaryimage","url":"https:\/\/padelzoco.es\/wp-content\/uploads\/2024\/09\/NOX-Open-Series-Padel-Bag-Black-Brown-03.webp","contentUrl":"https:\/\/padelzoco.es\/wp-content\/uploads\/2024\/09\/NOX-Open-Series-Padel-Bag-Black-Brown-03.webp","width":1400,"height":1400,"caption":"NOX Open Series Padel Bag Black Brown 03"},{"@type":"BreadcrumbList","@id":"https:\/\/padelzoco.es\/product\/paletero-nox-open-series-negro-marron\/#breadcrumb","itemListElement":[{"@type":"ListItem","position":1,"name":"Home","item":"https:\/\/padelzoco.es\/"},{"@type":"ListItem","position":2,"name":"Padel Zoco","item":"https:\/\/padelzoco.es\/padel-zoco\/"},{"@type":"ListItem","position":3,"name":"Paletero Nox Open Series negro marr\u00f3n"}]},{"@type":"WebSite","@id":"https:\/\/padelzoco.es\/#website","url":"https:\/\/padelzoco.es\/","name":"Padel Zoco","description":"Padel Zoco | Spain","publisher":{"@id":"https:\/\/padelzoco.es\/#organization"},"potentialAction":[{"@type":"SearchAction","target":{"@type":"EntryPoint","urlTemplate":"https:\/\/padelzoco.es\/?s={search_term_string}"},"query-input":{"@type":"PropertyValueSpecification","valueRequired":true,"valueName":"search_term_string"}}],"inLanguage":"en-GB"},{"@type":"Organization","@id":"https:\/\/padelzoco.es\/#organization","name":"Padel Zoco","url":"https:\/\/padelzoco.es\/","logo":{"@type":"ImageObject","inLanguage":"en-GB","@id":"https:\/\/padelzoco.es\/#\/schema\/logo\/image\/","url":"https:\/\/padelzoco.es\/wp-content\/uploads\/2023\/11\/PadelZoco_Logo_black_white.webp","contentUrl":"https:\/\/padelzoco.es\/wp-content\/uploads\/2023\/11\/PadelZoco_Logo_black_white.webp","width":1500,"height":631,"caption":"Padel Zoco"},"image":{"@id":"https:\/\/padelzoco.es\/#\/schema\/logo\/image\/"}}]}},"_links":{"self":[{"href":"https:\/\/padelzoco.es\/en\/wp-json\/wp\/v2\/product\/12978","targetHints":{"allow":["GET"]}}],"collection":[{"href":"https:\/\/padelzoco.es\/en\/wp-json\/wp\/v2\/product"}],"about":[{"href":"https:\/\/padelzoco.es\/en\/wp-json\/wp\/v2\/types\/product"}],"version-history":[{"count":1,"href":"https:\/\/padelzoco.es\/en\/wp-json\/wp\/v2\/product\/12978\/revisions"}],"predecessor-version":[{"id":27718,"href":"https:\/\/padelzoco.es\/en\/wp-json\/wp\/v2\/product\/12978\/revisions\/27718"}],"wp:featuredmedia":[{"embeddable":true,"href":"https:\/\/padelzoco.es\/en\/wp-json\/wp\/v2\/media\/12982"}],"wp:attachment":[{"href":"https:\/\/padelzoco.es\/en\/wp-json\/wp\/v2\/media?parent=12978"}],"wp:term":[{"taxonomy":"product_brand","embeddable":true,"href":"https:\/\/padelzoco.es\/en\/wp-json\/wp\/v2\/product_brand?post=12978"},{"taxonomy":"product_cat","embeddable":true,"href":"https:\/\/padelzoco.es\/en\/wp-json\/wp\/v2\/product_cat?post=12978"},{"taxonomy":"product_tag","embeddable":true,"href":"https:\/\/padelzoco.es\/en\/wp-json\/wp\/v2\/product_tag?post=12978"}],"curies":[{"name":"wp","href":"https:\/\/api.w.org\/{rel}","templated":true}]}}