{"id":13011,"date":"2024-09-21T12:49:25","date_gmt":"2024-09-21T11:49:25","guid":{"rendered":"https:\/\/adc06f55e9.nxcli.io\/?post_type=product&#038;p=13011"},"modified":"2026-03-19T10:50:45","modified_gmt":"2026-03-19T09:50:45","slug":"camiseta-nox-sponsors-agustin-tapia-gris-2025","status":"publish","type":"product","link":"https:\/\/padelzoco.es\/en\/product\/camiseta-nox-sponsors-agustin-tapia-gris-2025\/","title":{"rendered":"Camiseta Nox Sponsors Agustin Tapia Gris 2025"},"content":{"rendered":"<p data-start=\"0\" data-end=\"381\">Si\u00e9ntete como el \u201cMozart de Catamarca\u201d con la r\u00e9plica oficial de la camiseta utilizada por <span class=\"hover:entity-accent entity-underline inline cursor-pointer align-baseline\"><span class=\"whitespace-normal\">Agust\u00edn Tapia<\/span><\/span> en competici\u00f3n durante la temporada 2024. Dise\u00f1ada por <span class=\"hover:entity-accent entity-underline inline cursor-pointer align-baseline\"><span class=\"whitespace-normal\">NOX<\/span><\/span>, esta camiseta en color gris incorpora la serigraf\u00eda de su nombre y sponsors como Qatar Airways y AppPadel, aportando un look aut\u00e9ntico y profesional en pista.<\/p>\n<p data-start=\"383\" data-end=\"636\">Su corte cl\u00e1sico y vers\u00e1til ofrece un ajuste c\u00f3modo que se adapta a cualquier tipo de jugador, permitiendo total libertad de movimiento. El dise\u00f1o de manga corta y cuello redondo garantiza funcionalidad y confort en los momentos m\u00e1s exigentes del juego.<\/p>\n<p data-start=\"638\" data-end=\"994\">Gracias a la tecnolog\u00eda Sweat Control, el tejido altamente absorbente mantiene la piel seca durante todo el partido, mientras que el sistema Balance Fresh proporciona una sensaci\u00f3n de ligereza y frescura incluso en condiciones de m\u00e1xima intensidad. Su composici\u00f3n premium de poli\u00e9ster y elastano asegura durabilidad, elasticidad y un rendimiento constante.<\/p>\n<p data-start=\"280\" data-end=\"469\" data-is-last-node=\"\" data-is-only-node=\"\">","protected":false},"excerpt":{"rendered":"<div id=\"product-description-short-2160\" class=\"rte-content product-description\">\n<div class=\"not-in-quickbuy\">\n<div class=\"product-description spaced-text-row rte cf\">\n<p data-start=\"22\" data-end=\"278\">Camiseta r\u00e9plica de <span class=\"hover:entity-accent entity-underline inline cursor-pointer align-baseline\"><span class=\"whitespace-normal\">Agust\u00edn Tapia<\/span><\/span> para la temporada 2024, dise\u00f1ada por <span class=\"hover:entity-accent entity-underline inline cursor-pointer align-baseline\"><span class=\"whitespace-normal\">NOX<\/span><\/span> en color gris con sponsors oficiales. Ofrece un ajuste c\u00f3modo y gran libertad de movimiento para rendir al m\u00e1ximo en pista.<\/p>\n<p data-start=\"280\" data-end=\"469\" data-is-last-node=\"\" data-is-only-node=\"\">Gracias a sus tecnolog\u00edas Sweat Control y Balance Fresh, mantiene la piel seca y aporta una sensaci\u00f3n ligera y fresca durante el juego, siendo ideal tanto para partidos como entrenamientos.<\/p>\n<\/div>\n<\/div>\n<div class=\"lightly-spaced-row not-in-quickbuy\">\n<div class=\"product-info-block with-icon\"><\/div>\n<\/div>\n<\/div>","protected":false},"featured_media":13021,"template":"","meta":[],"product_brand":[],"product_cat":[705,611,608,697,603,601],"product_tag":[],"class_list":{"0":"post-13011","1":"product","2":"type-product","3":"status-publish","4":"has-post-thumbnail","6":"product_cat-agustin-tapia","7":"product_cat-camisetas-ropa","8":"product_cat-hombre-ropa","9":"product_cat-nox-padel","10":"product_cat-nox-ropa","11":"product_cat-ropa","12":"pa_brand-nox","13":"pa_color-grey","14":"pa_gender-hombre","15":"pa_hs_code-87","16":"pa_size-l","17":"pa_size-m","18":"pa_size-s","19":"pa_size-xl","20":"pa_size-xxl","22":"first","23":"instock","24":"sale","25":"taxable","26":"shipping-taxable","27":"purchasable","28":"product-type-variable"},"yoast_head":"<!-- This site is optimized with the Yoast SEO plugin v27.3 - https:\/\/yoast.com\/product\/yoast-seo-wordpress\/ -->\n<title>Camiseta Nox Sponsors Agustin Tapia Gris 2025 - Padel Zoco<\/title>\n<meta name=\"description\" content=\"Camiseta NOX AT10 gris 2024 de Agust\u00edn Tapia, con Sweat Control y Balance Fresh, ideal para jugar con estilo y m\u00e1ximo confort.\" \/>\n<meta name=\"robots\" content=\"index, follow, max-snippet:-1, max-image-preview:large, max-video-preview:-1\" \/>\n<link rel=\"canonical\" href=\"https:\/\/padelzoco.es\/en\/product\/camiseta-nox-sponsors-agustin-tapia-gris-2025\/\" \/>\n<meta property=\"og:locale\" content=\"en_GB\" \/>\n<meta property=\"og:type\" content=\"article\" \/>\n<meta property=\"og:title\" content=\"Camiseta Nox Sponsors Agustin Tapia Gris 2025 - Padel Zoco\" \/>\n<meta property=\"og:description\" content=\"Camiseta NOX AT10 gris 2024 de Agust\u00edn Tapia, con Sweat Control y Balance Fresh, ideal para jugar con estilo y m\u00e1ximo confort.\" \/>\n<meta property=\"og:url\" content=\"https:\/\/padelzoco.es\/en\/product\/camiseta-nox-sponsors-agustin-tapia-gris-2025\/\" \/>\n<meta property=\"og:site_name\" content=\"Padel Zoco\" \/>\n<meta property=\"article:modified_time\" content=\"2026-03-19T09:50:45+00:00\" \/>\n<meta property=\"og:image\" content=\"https:\/\/padelzoco.es\/wp-content\/uploads\/2024\/09\/NOX-Sponsors-Agustin-Tapia-AT10-Padel-T-Shirt-Grey-01.webp\" \/>\n\t<meta property=\"og:image:width\" content=\"1400\" \/>\n\t<meta property=\"og:image:height\" content=\"1400\" \/>\n\t<meta property=\"og:image:type\" content=\"image\/webp\" \/>\n<meta name=\"twitter:card\" content=\"summary_large_image\" \/>\n<meta name=\"twitter:label1\" content=\"Estimated reading time\" \/>\n\t<meta name=\"twitter:data1\" content=\"1 minute\" \/>\n<script type=\"application\/ld+json\" class=\"yoast-schema-graph\">{\"@context\":\"https:\\\/\\\/schema.org\",\"@graph\":[{\"@type\":\"WebPage\",\"@id\":\"https:\\\/\\\/padelzoco.es\\\/product\\\/camiseta-nox-sponsors-agustin-tapia-gris-2025\\\/\",\"url\":\"https:\\\/\\\/padelzoco.es\\\/product\\\/camiseta-nox-sponsors-agustin-tapia-gris-2025\\\/\",\"name\":\"Camiseta Nox Sponsors Agustin Tapia Gris 2025 - Padel Zoco\",\"isPartOf\":{\"@id\":\"https:\\\/\\\/padelzoco.es\\\/#website\"},\"primaryImageOfPage\":{\"@id\":\"https:\\\/\\\/padelzoco.es\\\/product\\\/camiseta-nox-sponsors-agustin-tapia-gris-2025\\\/#primaryimage\"},\"image\":{\"@id\":\"https:\\\/\\\/padelzoco.es\\\/product\\\/camiseta-nox-sponsors-agustin-tapia-gris-2025\\\/#primaryimage\"},\"thumbnailUrl\":\"https:\\\/\\\/padelzoco.es\\\/wp-content\\\/uploads\\\/2024\\\/09\\\/NOX-Sponsors-Agustin-Tapia-AT10-Padel-T-Shirt-Grey-01.webp\",\"datePublished\":\"2024-09-21T11:49:25+00:00\",\"dateModified\":\"2026-03-19T09:50:45+00:00\",\"description\":\"Camiseta NOX AT10 gris 2024 de Agust\u00edn Tapia, con Sweat Control y Balance Fresh, ideal para jugar con estilo y m\u00e1ximo confort.\",\"breadcrumb\":{\"@id\":\"https:\\\/\\\/padelzoco.es\\\/product\\\/camiseta-nox-sponsors-agustin-tapia-gris-2025\\\/#breadcrumb\"},\"inLanguage\":\"en-GB\",\"potentialAction\":[{\"@type\":\"ReadAction\",\"target\":[\"https:\\\/\\\/padelzoco.es\\\/product\\\/camiseta-nox-sponsors-agustin-tapia-gris-2025\\\/\"]}]},{\"@type\":\"ImageObject\",\"inLanguage\":\"en-GB\",\"@id\":\"https:\\\/\\\/padelzoco.es\\\/product\\\/camiseta-nox-sponsors-agustin-tapia-gris-2025\\\/#primaryimage\",\"url\":\"https:\\\/\\\/padelzoco.es\\\/wp-content\\\/uploads\\\/2024\\\/09\\\/NOX-Sponsors-Agustin-Tapia-AT10-Padel-T-Shirt-Grey-01.webp\",\"contentUrl\":\"https:\\\/\\\/padelzoco.es\\\/wp-content\\\/uploads\\\/2024\\\/09\\\/NOX-Sponsors-Agustin-Tapia-AT10-Padel-T-Shirt-Grey-01.webp\",\"width\":1400,\"height\":1400,\"caption\":\"NOX Sponsors Agustin Tapia AT10 Padel T-Shirt Grey 01\"},{\"@type\":\"BreadcrumbList\",\"@id\":\"https:\\\/\\\/padelzoco.es\\\/product\\\/camiseta-nox-sponsors-agustin-tapia-gris-2025\\\/#breadcrumb\",\"itemListElement\":[{\"@type\":\"ListItem\",\"position\":1,\"name\":\"Home\",\"item\":\"https:\\\/\\\/padelzoco.es\\\/\"},{\"@type\":\"ListItem\",\"position\":2,\"name\":\"Padel Zoco\",\"item\":\"https:\\\/\\\/padelzoco.es\\\/padel-zoco\\\/\"},{\"@type\":\"ListItem\",\"position\":3,\"name\":\"Camiseta Nox Sponsors Agustin Tapia Gris 2025\"}]},{\"@type\":\"WebSite\",\"@id\":\"https:\\\/\\\/padelzoco.es\\\/#website\",\"url\":\"https:\\\/\\\/padelzoco.es\\\/\",\"name\":\"Padel Zoco\",\"description\":\"Padel Zoco | Spain\",\"publisher\":{\"@id\":\"https:\\\/\\\/padelzoco.es\\\/#organization\"},\"potentialAction\":[{\"@type\":\"SearchAction\",\"target\":{\"@type\":\"EntryPoint\",\"urlTemplate\":\"https:\\\/\\\/padelzoco.es\\\/?s={search_term_string}\"},\"query-input\":{\"@type\":\"PropertyValueSpecification\",\"valueRequired\":true,\"valueName\":\"search_term_string\"}}],\"inLanguage\":\"en-GB\"},{\"@type\":\"Organization\",\"@id\":\"https:\\\/\\\/padelzoco.es\\\/#organization\",\"name\":\"Padel Zoco\",\"url\":\"https:\\\/\\\/padelzoco.es\\\/\",\"logo\":{\"@type\":\"ImageObject\",\"inLanguage\":\"en-GB\",\"@id\":\"https:\\\/\\\/padelzoco.es\\\/#\\\/schema\\\/logo\\\/image\\\/\",\"url\":\"https:\\\/\\\/padelzoco.es\\\/wp-content\\\/uploads\\\/2023\\\/11\\\/PadelZoco_Logo_black_white.webp\",\"contentUrl\":\"https:\\\/\\\/padelzoco.es\\\/wp-content\\\/uploads\\\/2023\\\/11\\\/PadelZoco_Logo_black_white.webp\",\"width\":1500,\"height\":631,\"caption\":\"Padel Zoco\"},\"image\":{\"@id\":\"https:\\\/\\\/padelzoco.es\\\/#\\\/schema\\\/logo\\\/image\\\/\"}}]}<\/script>\n<!-- \/ Yoast SEO plugin. -->","yoast_head_json":{"title":"Camiseta Nox Sponsors Agustin Tapia Gris 2025 - Padel Zoco","description":"Camiseta NOX AT10 gris 2024 de Agust\u00edn Tapia, con Sweat Control y Balance Fresh, ideal para jugar con estilo y m\u00e1ximo confort.","robots":{"index":"index","follow":"follow","max-snippet":"max-snippet:-1","max-image-preview":"max-image-preview:large","max-video-preview":"max-video-preview:-1"},"canonical":"https:\/\/padelzoco.es\/en\/product\/camiseta-nox-sponsors-agustin-tapia-gris-2025\/","og_locale":"en_GB","og_type":"article","og_title":"Camiseta Nox Sponsors Agustin Tapia Gris 2025 - Padel Zoco","og_description":"Camiseta NOX AT10 gris 2024 de Agust\u00edn Tapia, con Sweat Control y Balance Fresh, ideal para jugar con estilo y m\u00e1ximo confort.","og_url":"https:\/\/padelzoco.es\/en\/product\/camiseta-nox-sponsors-agustin-tapia-gris-2025\/","og_site_name":"Padel Zoco","article_modified_time":"2026-03-19T09:50:45+00:00","og_image":[{"width":1400,"height":1400,"url":"https:\/\/padelzoco.es\/wp-content\/uploads\/2024\/09\/NOX-Sponsors-Agustin-Tapia-AT10-Padel-T-Shirt-Grey-01.webp","type":"image\/webp"}],"twitter_card":"summary_large_image","twitter_misc":{"Estimated reading time":"1 minute"},"schema":{"@context":"https:\/\/schema.org","@graph":[{"@type":"WebPage","@id":"https:\/\/padelzoco.es\/product\/camiseta-nox-sponsors-agustin-tapia-gris-2025\/","url":"https:\/\/padelzoco.es\/product\/camiseta-nox-sponsors-agustin-tapia-gris-2025\/","name":"Camiseta Nox Sponsors Agustin Tapia Gris 2025 - Padel Zoco","isPartOf":{"@id":"https:\/\/padelzoco.es\/#website"},"primaryImageOfPage":{"@id":"https:\/\/padelzoco.es\/product\/camiseta-nox-sponsors-agustin-tapia-gris-2025\/#primaryimage"},"image":{"@id":"https:\/\/padelzoco.es\/product\/camiseta-nox-sponsors-agustin-tapia-gris-2025\/#primaryimage"},"thumbnailUrl":"https:\/\/padelzoco.es\/wp-content\/uploads\/2024\/09\/NOX-Sponsors-Agustin-Tapia-AT10-Padel-T-Shirt-Grey-01.webp","datePublished":"2024-09-21T11:49:25+00:00","dateModified":"2026-03-19T09:50:45+00:00","description":"Camiseta NOX AT10 gris 2024 de Agust\u00edn Tapia, con Sweat Control y Balance Fresh, ideal para jugar con estilo y m\u00e1ximo confort.","breadcrumb":{"@id":"https:\/\/padelzoco.es\/product\/camiseta-nox-sponsors-agustin-tapia-gris-2025\/#breadcrumb"},"inLanguage":"en-GB","potentialAction":[{"@type":"ReadAction","target":["https:\/\/padelzoco.es\/product\/camiseta-nox-sponsors-agustin-tapia-gris-2025\/"]}]},{"@type":"ImageObject","inLanguage":"en-GB","@id":"https:\/\/padelzoco.es\/product\/camiseta-nox-sponsors-agustin-tapia-gris-2025\/#primaryimage","url":"https:\/\/padelzoco.es\/wp-content\/uploads\/2024\/09\/NOX-Sponsors-Agustin-Tapia-AT10-Padel-T-Shirt-Grey-01.webp","contentUrl":"https:\/\/padelzoco.es\/wp-content\/uploads\/2024\/09\/NOX-Sponsors-Agustin-Tapia-AT10-Padel-T-Shirt-Grey-01.webp","width":1400,"height":1400,"caption":"NOX Sponsors Agustin Tapia AT10 Padel T-Shirt Grey 01"},{"@type":"BreadcrumbList","@id":"https:\/\/padelzoco.es\/product\/camiseta-nox-sponsors-agustin-tapia-gris-2025\/#breadcrumb","itemListElement":[{"@type":"ListItem","position":1,"name":"Home","item":"https:\/\/padelzoco.es\/"},{"@type":"ListItem","position":2,"name":"Padel Zoco","item":"https:\/\/padelzoco.es\/padel-zoco\/"},{"@type":"ListItem","position":3,"name":"Camiseta Nox Sponsors Agustin Tapia Gris 2025"}]},{"@type":"WebSite","@id":"https:\/\/padelzoco.es\/#website","url":"https:\/\/padelzoco.es\/","name":"Padel Zoco","description":"Padel Zoco | Spain","publisher":{"@id":"https:\/\/padelzoco.es\/#organization"},"potentialAction":[{"@type":"SearchAction","target":{"@type":"EntryPoint","urlTemplate":"https:\/\/padelzoco.es\/?s={search_term_string}"},"query-input":{"@type":"PropertyValueSpecification","valueRequired":true,"valueName":"search_term_string"}}],"inLanguage":"en-GB"},{"@type":"Organization","@id":"https:\/\/padelzoco.es\/#organization","name":"Padel Zoco","url":"https:\/\/padelzoco.es\/","logo":{"@type":"ImageObject","inLanguage":"en-GB","@id":"https:\/\/padelzoco.es\/#\/schema\/logo\/image\/","url":"https:\/\/padelzoco.es\/wp-content\/uploads\/2023\/11\/PadelZoco_Logo_black_white.webp","contentUrl":"https:\/\/padelzoco.es\/wp-content\/uploads\/2023\/11\/PadelZoco_Logo_black_white.webp","width":1500,"height":631,"caption":"Padel Zoco"},"image":{"@id":"https:\/\/padelzoco.es\/#\/schema\/logo\/image\/"}}]}},"_links":{"self":[{"href":"https:\/\/padelzoco.es\/en\/wp-json\/wp\/v2\/product\/13011","targetHints":{"allow":["GET"]}}],"collection":[{"href":"https:\/\/padelzoco.es\/en\/wp-json\/wp\/v2\/product"}],"about":[{"href":"https:\/\/padelzoco.es\/en\/wp-json\/wp\/v2\/types\/product"}],"version-history":[{"count":7,"href":"https:\/\/padelzoco.es\/en\/wp-json\/wp\/v2\/product\/13011\/revisions"}],"predecessor-version":[{"id":37723,"href":"https:\/\/padelzoco.es\/en\/wp-json\/wp\/v2\/product\/13011\/revisions\/37723"}],"wp:featuredmedia":[{"embeddable":true,"href":"https:\/\/padelzoco.es\/en\/wp-json\/wp\/v2\/media\/13021"}],"wp:attachment":[{"href":"https:\/\/padelzoco.es\/en\/wp-json\/wp\/v2\/media?parent=13011"}],"wp:term":[{"taxonomy":"product_brand","embeddable":true,"href":"https:\/\/padelzoco.es\/en\/wp-json\/wp\/v2\/product_brand?post=13011"},{"taxonomy":"product_cat","embeddable":true,"href":"https:\/\/padelzoco.es\/en\/wp-json\/wp\/v2\/product_cat?post=13011"},{"taxonomy":"product_tag","embeddable":true,"href":"https:\/\/padelzoco.es\/en\/wp-json\/wp\/v2\/product_tag?post=13011"}],"curies":[{"name":"wp","href":"https:\/\/api.w.org\/{rel}","templated":true}]}}