{"id":13050,"date":"2024-09-21T13:17:08","date_gmt":"2024-09-21T12:17:08","guid":{"rendered":"https:\/\/adc06f55e9.nxcli.io\/?post_type=product&#038;p=13050"},"modified":"2026-04-30T19:32:38","modified_gmt":"2026-04-30T18:32:38","slug":"camiseta-nox-sponsors-agustin-tapia-negro","status":"publish","type":"product","link":"https:\/\/padelzoco.es\/en\/product\/camiseta-nox-sponsors-agustin-tapia-negro\/","title":{"rendered":"Camiseta Nox Sponsors Agustin Tapia Negro 2025"},"content":{"rendered":"","protected":false},"excerpt":{"rendered":"<div id=\"product-description-short-2160\" class=\"rte-content product-description\">\n<div class=\"not-in-quickbuy\">\n<div class=\"product-description spaced-text-row rte cf\">\n<p>Si\u00e9ntete como el aut\u00e9ntico\u00a0\u00abMozart de Catamarca\u00bb\u00a0con la\u00a0Camiseta Sponsors AT10 Negro, la r\u00e9plica oficial que utiliza\u00a0Agust\u00edn Tapia\u00a0en competici\u00f3n para la temporada 2024.<\/p>\n<p>Incluye serigraf\u00eda de su nombre y sponsors: Qatar Airways y AppPadel<\/p>\n<p>Caracter\u00edsticas Destacadas de la Camiseta Sponsors AT10 Black<\/p>\n<ul>\n<li>Corte Cl\u00e1sico y Vers\u00e1til:\u00a0La\u00a0camiseta de p\u00e1del\u00a0ofrece un ajuste c\u00f3modo que se adapta perfectamente a cualquier tipo de cuerpo, permitiendo total libertad de movimiento en la pista.<\/li>\n<li>Estilo y Elegancia en Negro:\u00a0Dise\u00f1ada en un elegante color negro, esta camiseta no solo destaca por su funcionalidad, sino tambi\u00e9n por su estilo moderno y sofisticado, ideal para jugadores de todos los niveles.<\/li>\n<li>Dise\u00f1o Funcional:\u00a0Con un dise\u00f1o de manga corta y cuello redondo, esta camiseta combina practicidad y comodidad, perfecta para tus partidos m\u00e1s exigentes.<\/li>\n<li>Tecnolog\u00eda Sweat Control:\u00a0Fabricada con tejido super absorbente\u00a0\u00abSweat Control\u00bb\u00a0de NOX, esta camiseta mantiene la piel seca y c\u00f3moda durante toda la partida, optimizando tu rendimiento en la pista.<\/li>\n<li>Ligereza y Confort con Balance Fresh:\u00a0Disfruta de una sensaci\u00f3n de ligereza y frescura gracias a la tecnolog\u00eda\u00a0\u00abBalance Fresh\u00bb\u00a0de NOX, que proporciona confort m\u00e1ximo incluso en los partidos m\u00e1s intensos.<\/li>\n<li>Composici\u00f3n Premium:\u00a0Confeccionada en 90% poli\u00e9ster y 10% elastano, esta camiseta ofrece una combinaci\u00f3n perfecta de elasticidad y durabilidad, asegurando que se mantenga en excelente estado partido tras partido.<\/li>\n<\/ul>\n<p>Consigue ahora la\u00a0Camiseta Sponsors AT10 Negro\u00a0y siente la diferencia en tu rendimiento en la pista.\u00a0\u00a1Compra la tuya hoy mismo en NOX Sport y lleva tu juego de p\u00e1del al siguiente nivel!<\/p>\n<\/div>\n<\/div>\n<div class=\"lightly-spaced-row not-in-quickbuy\">\n<div class=\"product-info-block with-icon\"><\/div>\n<\/div>\n<\/div>","protected":false},"featured_media":13058,"template":"","meta":[],"product_brand":[],"product_cat":[705,611,608,697,603,601],"product_tag":[],"class_list":{"0":"post-13050","1":"product","2":"type-product","3":"status-publish","4":"has-post-thumbnail","6":"product_cat-agustin-tapia","7":"product_cat-camisetas-ropa","8":"product_cat-hombre-ropa","9":"product_cat-nox-padel","10":"product_cat-nox-ropa","11":"product_cat-ropa","12":"pa_brand-nox","13":"pa_color-negro","14":"pa_gender-hombre","15":"pa_hs_code-87","16":"pa_size-l","17":"pa_size-m","18":"pa_size-s","19":"pa_size-xl","20":"pa_size-xxl","22":"first","23":"outofstock","24":"taxable","25":"shipping-taxable","26":"product-type-variable"},"yoast_head":"<!-- This site is optimized with the Yoast SEO plugin v27.5 - https:\/\/yoast.com\/product\/yoast-seo-wordpress\/ -->\n<title>Camiseta Nox Sponsors Agustin Tapia Negro 2025 - Padel Zoco<\/title>\n<meta name=\"robots\" content=\"index, follow, max-snippet:-1, max-image-preview:large, max-video-preview:-1\" \/>\n<link rel=\"canonical\" href=\"https:\/\/padelzoco.es\/en\/product\/camiseta-nox-sponsors-agustin-tapia-negro\/\" \/>\n<meta property=\"og:locale\" content=\"en_GB\" \/>\n<meta property=\"og:type\" content=\"article\" \/>\n<meta property=\"og:title\" content=\"Camiseta Nox Sponsors Agustin Tapia Negro 2025 - Padel Zoco\" \/>\n<meta property=\"og:description\" content=\"Si\u00e9ntete como el aut\u00e9ntico\u00a0&quot;Mozart de Catamarca&quot;\u00a0con la\u00a0Camiseta Sponsors AT10 Negro, la r\u00e9plica oficial que utiliza\u00a0Agust\u00edn Tapia\u00a0en competici\u00f3n para la temporada 2024.  Incluye serigraf\u00eda de su nombre y sponsors: Qatar Airways y AppPadel  Caracter\u00edsticas Destacadas de la Camiseta Sponsors AT10 Black   Corte Cl\u00e1sico y Vers\u00e1til:\u00a0La\u00a0camiseta de p\u00e1del\u00a0ofrece un ajuste c\u00f3modo que se adapta perfectamente a cualquier tipo de cuerpo, permitiendo total libertad de movimiento en la pista.  Estilo y Elegancia en Negro:\u00a0Dise\u00f1ada en un elegante color negro, esta camiseta no solo destaca por su funcionalidad, sino tambi\u00e9n por su estilo moderno y sofisticado, ideal para jugadores de todos los niveles.  Dise\u00f1o Funcional:\u00a0Con un dise\u00f1o de manga corta y cuello redondo, esta camiseta combina practicidad y comodidad, perfecta para tus partidos m\u00e1s exigentes.  Tecnolog\u00eda Sweat Control:\u00a0Fabricada con tejido super absorbente\u00a0&quot;Sweat Control&quot;\u00a0de NOX, esta camiseta mantiene la piel seca y c\u00f3moda durante toda la partida, optimizando tu rendimiento en la pista.  Ligereza y Confort con Balance Fresh:\u00a0Disfruta de una sensaci\u00f3n de ligereza y frescura gracias a la tecnolog\u00eda\u00a0&quot;Balance Fresh&quot;\u00a0de NOX, que proporciona confort m\u00e1ximo incluso en los partidos m\u00e1s intensos.  Composici\u00f3n Premium:\u00a0Confeccionada en 90% poli\u00e9ster y 10% elastano, esta camiseta ofrece una combinaci\u00f3n perfecta de elasticidad y durabilidad, asegurando que se mantenga en excelente estado partido tras partido.  Consigue ahora la\u00a0Camiseta Sponsors AT10 Negro\u00a0y siente la diferencia en tu rendimiento en la pista.\u00a0\u00a1Compra la tuya hoy mismo en NOX Sport y lleva tu juego de p\u00e1del al siguiente nivel!\" \/>\n<meta property=\"og:url\" content=\"https:\/\/padelzoco.es\/en\/product\/camiseta-nox-sponsors-agustin-tapia-negro\/\" \/>\n<meta property=\"og:site_name\" content=\"Padel Zoco\" \/>\n<meta property=\"article:modified_time\" content=\"2026-04-30T18:32:38+00:00\" \/>\n<meta property=\"og:image\" content=\"https:\/\/padelzoco.es\/wp-content\/uploads\/2024\/09\/NOX-Sponsors-Agustin-Tapia-AT10-Padel-T-Shirt-Black-02.webp\" \/>\n\t<meta property=\"og:image:width\" content=\"1400\" \/>\n\t<meta property=\"og:image:height\" content=\"1400\" \/>\n\t<meta property=\"og:image:type\" content=\"image\/webp\" \/>\n<meta name=\"twitter:card\" content=\"summary_large_image\" \/>\n<meta name=\"twitter:label1\" content=\"Estimated reading time\" \/>\n\t<meta name=\"twitter:data1\" content=\"1 minute\" \/>\n<script type=\"application\/ld+json\" class=\"yoast-schema-graph\">{\"@context\":\"https:\\\/\\\/schema.org\",\"@graph\":[{\"@type\":\"WebPage\",\"@id\":\"https:\\\/\\\/padelzoco.es\\\/product\\\/camiseta-nox-sponsors-agustin-tapia-negro\\\/\",\"url\":\"https:\\\/\\\/padelzoco.es\\\/product\\\/camiseta-nox-sponsors-agustin-tapia-negro\\\/\",\"name\":\"Camiseta Nox Sponsors Agustin Tapia Negro 2025 - Padel Zoco\",\"isPartOf\":{\"@id\":\"https:\\\/\\\/padelzoco.es\\\/#website\"},\"primaryImageOfPage\":{\"@id\":\"https:\\\/\\\/padelzoco.es\\\/product\\\/camiseta-nox-sponsors-agustin-tapia-negro\\\/#primaryimage\"},\"image\":{\"@id\":\"https:\\\/\\\/padelzoco.es\\\/product\\\/camiseta-nox-sponsors-agustin-tapia-negro\\\/#primaryimage\"},\"thumbnailUrl\":\"https:\\\/\\\/padelzoco.es\\\/wp-content\\\/uploads\\\/2024\\\/09\\\/NOX-Sponsors-Agustin-Tapia-AT10-Padel-T-Shirt-Black-02.webp\",\"datePublished\":\"2024-09-21T12:17:08+00:00\",\"dateModified\":\"2026-04-30T18:32:38+00:00\",\"breadcrumb\":{\"@id\":\"https:\\\/\\\/padelzoco.es\\\/product\\\/camiseta-nox-sponsors-agustin-tapia-negro\\\/#breadcrumb\"},\"inLanguage\":\"en-GB\",\"potentialAction\":[{\"@type\":\"ReadAction\",\"target\":[\"https:\\\/\\\/padelzoco.es\\\/product\\\/camiseta-nox-sponsors-agustin-tapia-negro\\\/\"]}]},{\"@type\":\"ImageObject\",\"inLanguage\":\"en-GB\",\"@id\":\"https:\\\/\\\/padelzoco.es\\\/product\\\/camiseta-nox-sponsors-agustin-tapia-negro\\\/#primaryimage\",\"url\":\"https:\\\/\\\/padelzoco.es\\\/wp-content\\\/uploads\\\/2024\\\/09\\\/NOX-Sponsors-Agustin-Tapia-AT10-Padel-T-Shirt-Black-02.webp\",\"contentUrl\":\"https:\\\/\\\/padelzoco.es\\\/wp-content\\\/uploads\\\/2024\\\/09\\\/NOX-Sponsors-Agustin-Tapia-AT10-Padel-T-Shirt-Black-02.webp\",\"width\":1400,\"height\":1400,\"caption\":\"NOX Sponsors Agustin Tapia AT10 Padel T-Shirt Black 02\"},{\"@type\":\"BreadcrumbList\",\"@id\":\"https:\\\/\\\/padelzoco.es\\\/product\\\/camiseta-nox-sponsors-agustin-tapia-negro\\\/#breadcrumb\",\"itemListElement\":[{\"@type\":\"ListItem\",\"position\":1,\"name\":\"Home\",\"item\":\"https:\\\/\\\/padelzoco.es\\\/\"},{\"@type\":\"ListItem\",\"position\":2,\"name\":\"Padel Zoco\",\"item\":\"https:\\\/\\\/padelzoco.es\\\/padel-zoco\\\/\"},{\"@type\":\"ListItem\",\"position\":3,\"name\":\"Camiseta Nox Sponsors Agustin Tapia Negro 2025\"}]},{\"@type\":\"WebSite\",\"@id\":\"https:\\\/\\\/padelzoco.es\\\/#website\",\"url\":\"https:\\\/\\\/padelzoco.es\\\/\",\"name\":\"Padel Zoco\",\"description\":\"Padel Zoco | Spain\",\"publisher\":{\"@id\":\"https:\\\/\\\/padelzoco.es\\\/#organization\"},\"potentialAction\":[{\"@type\":\"SearchAction\",\"target\":{\"@type\":\"EntryPoint\",\"urlTemplate\":\"https:\\\/\\\/padelzoco.es\\\/?s={search_term_string}\"},\"query-input\":{\"@type\":\"PropertyValueSpecification\",\"valueRequired\":true,\"valueName\":\"search_term_string\"}}],\"inLanguage\":\"en-GB\"},{\"@type\":\"Organization\",\"@id\":\"https:\\\/\\\/padelzoco.es\\\/#organization\",\"name\":\"Padel Zoco\",\"url\":\"https:\\\/\\\/padelzoco.es\\\/\",\"logo\":{\"@type\":\"ImageObject\",\"inLanguage\":\"en-GB\",\"@id\":\"https:\\\/\\\/padelzoco.es\\\/#\\\/schema\\\/logo\\\/image\\\/\",\"url\":\"https:\\\/\\\/padelzoco.es\\\/wp-content\\\/uploads\\\/2023\\\/11\\\/PadelZoco_Logo_black_white.webp\",\"contentUrl\":\"https:\\\/\\\/padelzoco.es\\\/wp-content\\\/uploads\\\/2023\\\/11\\\/PadelZoco_Logo_black_white.webp\",\"width\":1500,\"height\":631,\"caption\":\"Padel Zoco\"},\"image\":{\"@id\":\"https:\\\/\\\/padelzoco.es\\\/#\\\/schema\\\/logo\\\/image\\\/\"}}]}<\/script>\n<!-- \/ Yoast SEO plugin. -->","yoast_head_json":{"title":"Camiseta Nox Sponsors Agustin Tapia Negro 2025 - Padel Zoco","robots":{"index":"index","follow":"follow","max-snippet":"max-snippet:-1","max-image-preview":"max-image-preview:large","max-video-preview":"max-video-preview:-1"},"canonical":"https:\/\/padelzoco.es\/en\/product\/camiseta-nox-sponsors-agustin-tapia-negro\/","og_locale":"en_GB","og_type":"article","og_title":"Camiseta Nox Sponsors Agustin Tapia Negro 2025 - Padel Zoco","og_description":"Si\u00e9ntete como el aut\u00e9ntico\u00a0\"Mozart de Catamarca\"\u00a0con la\u00a0Camiseta Sponsors AT10 Negro, la r\u00e9plica oficial que utiliza\u00a0Agust\u00edn Tapia\u00a0en competici\u00f3n para la temporada 2024.  Incluye serigraf\u00eda de su nombre y sponsors: Qatar Airways y AppPadel  Caracter\u00edsticas Destacadas de la Camiseta Sponsors AT10 Black   Corte Cl\u00e1sico y Vers\u00e1til:\u00a0La\u00a0camiseta de p\u00e1del\u00a0ofrece un ajuste c\u00f3modo que se adapta perfectamente a cualquier tipo de cuerpo, permitiendo total libertad de movimiento en la pista.  Estilo y Elegancia en Negro:\u00a0Dise\u00f1ada en un elegante color negro, esta camiseta no solo destaca por su funcionalidad, sino tambi\u00e9n por su estilo moderno y sofisticado, ideal para jugadores de todos los niveles.  Dise\u00f1o Funcional:\u00a0Con un dise\u00f1o de manga corta y cuello redondo, esta camiseta combina practicidad y comodidad, perfecta para tus partidos m\u00e1s exigentes.  Tecnolog\u00eda Sweat Control:\u00a0Fabricada con tejido super absorbente\u00a0\"Sweat Control\"\u00a0de NOX, esta camiseta mantiene la piel seca y c\u00f3moda durante toda la partida, optimizando tu rendimiento en la pista.  Ligereza y Confort con Balance Fresh:\u00a0Disfruta de una sensaci\u00f3n de ligereza y frescura gracias a la tecnolog\u00eda\u00a0\"Balance Fresh\"\u00a0de NOX, que proporciona confort m\u00e1ximo incluso en los partidos m\u00e1s intensos.  Composici\u00f3n Premium:\u00a0Confeccionada en 90% poli\u00e9ster y 10% elastano, esta camiseta ofrece una combinaci\u00f3n perfecta de elasticidad y durabilidad, asegurando que se mantenga en excelente estado partido tras partido.  Consigue ahora la\u00a0Camiseta Sponsors AT10 Negro\u00a0y siente la diferencia en tu rendimiento en la pista.\u00a0\u00a1Compra la tuya hoy mismo en NOX Sport y lleva tu juego de p\u00e1del al siguiente nivel!","og_url":"https:\/\/padelzoco.es\/en\/product\/camiseta-nox-sponsors-agustin-tapia-negro\/","og_site_name":"Padel Zoco","article_modified_time":"2026-04-30T18:32:38+00:00","og_image":[{"width":1400,"height":1400,"url":"https:\/\/padelzoco.es\/wp-content\/uploads\/2024\/09\/NOX-Sponsors-Agustin-Tapia-AT10-Padel-T-Shirt-Black-02.webp","type":"image\/webp"}],"twitter_card":"summary_large_image","twitter_misc":{"Estimated reading time":"1 minute"},"schema":{"@context":"https:\/\/schema.org","@graph":[{"@type":"WebPage","@id":"https:\/\/padelzoco.es\/product\/camiseta-nox-sponsors-agustin-tapia-negro\/","url":"https:\/\/padelzoco.es\/product\/camiseta-nox-sponsors-agustin-tapia-negro\/","name":"Camiseta Nox Sponsors Agustin Tapia Negro 2025 - Padel Zoco","isPartOf":{"@id":"https:\/\/padelzoco.es\/#website"},"primaryImageOfPage":{"@id":"https:\/\/padelzoco.es\/product\/camiseta-nox-sponsors-agustin-tapia-negro\/#primaryimage"},"image":{"@id":"https:\/\/padelzoco.es\/product\/camiseta-nox-sponsors-agustin-tapia-negro\/#primaryimage"},"thumbnailUrl":"https:\/\/padelzoco.es\/wp-content\/uploads\/2024\/09\/NOX-Sponsors-Agustin-Tapia-AT10-Padel-T-Shirt-Black-02.webp","datePublished":"2024-09-21T12:17:08+00:00","dateModified":"2026-04-30T18:32:38+00:00","breadcrumb":{"@id":"https:\/\/padelzoco.es\/product\/camiseta-nox-sponsors-agustin-tapia-negro\/#breadcrumb"},"inLanguage":"en-GB","potentialAction":[{"@type":"ReadAction","target":["https:\/\/padelzoco.es\/product\/camiseta-nox-sponsors-agustin-tapia-negro\/"]}]},{"@type":"ImageObject","inLanguage":"en-GB","@id":"https:\/\/padelzoco.es\/product\/camiseta-nox-sponsors-agustin-tapia-negro\/#primaryimage","url":"https:\/\/padelzoco.es\/wp-content\/uploads\/2024\/09\/NOX-Sponsors-Agustin-Tapia-AT10-Padel-T-Shirt-Black-02.webp","contentUrl":"https:\/\/padelzoco.es\/wp-content\/uploads\/2024\/09\/NOX-Sponsors-Agustin-Tapia-AT10-Padel-T-Shirt-Black-02.webp","width":1400,"height":1400,"caption":"NOX Sponsors Agustin Tapia AT10 Padel T-Shirt Black 02"},{"@type":"BreadcrumbList","@id":"https:\/\/padelzoco.es\/product\/camiseta-nox-sponsors-agustin-tapia-negro\/#breadcrumb","itemListElement":[{"@type":"ListItem","position":1,"name":"Home","item":"https:\/\/padelzoco.es\/"},{"@type":"ListItem","position":2,"name":"Padel Zoco","item":"https:\/\/padelzoco.es\/padel-zoco\/"},{"@type":"ListItem","position":3,"name":"Camiseta Nox Sponsors Agustin Tapia Negro 2025"}]},{"@type":"WebSite","@id":"https:\/\/padelzoco.es\/#website","url":"https:\/\/padelzoco.es\/","name":"Padel Zoco","description":"Padel Zoco | Spain","publisher":{"@id":"https:\/\/padelzoco.es\/#organization"},"potentialAction":[{"@type":"SearchAction","target":{"@type":"EntryPoint","urlTemplate":"https:\/\/padelzoco.es\/?s={search_term_string}"},"query-input":{"@type":"PropertyValueSpecification","valueRequired":true,"valueName":"search_term_string"}}],"inLanguage":"en-GB"},{"@type":"Organization","@id":"https:\/\/padelzoco.es\/#organization","name":"Padel Zoco","url":"https:\/\/padelzoco.es\/","logo":{"@type":"ImageObject","inLanguage":"en-GB","@id":"https:\/\/padelzoco.es\/#\/schema\/logo\/image\/","url":"https:\/\/padelzoco.es\/wp-content\/uploads\/2023\/11\/PadelZoco_Logo_black_white.webp","contentUrl":"https:\/\/padelzoco.es\/wp-content\/uploads\/2023\/11\/PadelZoco_Logo_black_white.webp","width":1500,"height":631,"caption":"Padel Zoco"},"image":{"@id":"https:\/\/padelzoco.es\/#\/schema\/logo\/image\/"}}]}},"_links":{"self":[{"href":"https:\/\/padelzoco.es\/en\/wp-json\/wp\/v2\/product\/13050","targetHints":{"allow":["GET"]}}],"collection":[{"href":"https:\/\/padelzoco.es\/en\/wp-json\/wp\/v2\/product"}],"about":[{"href":"https:\/\/padelzoco.es\/en\/wp-json\/wp\/v2\/types\/product"}],"version-history":[{"count":3,"href":"https:\/\/padelzoco.es\/en\/wp-json\/wp\/v2\/product\/13050\/revisions"}],"predecessor-version":[{"id":29902,"href":"https:\/\/padelzoco.es\/en\/wp-json\/wp\/v2\/product\/13050\/revisions\/29902"}],"wp:featuredmedia":[{"embeddable":true,"href":"https:\/\/padelzoco.es\/en\/wp-json\/wp\/v2\/media\/13058"}],"wp:attachment":[{"href":"https:\/\/padelzoco.es\/en\/wp-json\/wp\/v2\/media?parent=13050"}],"wp:term":[{"taxonomy":"product_brand","embeddable":true,"href":"https:\/\/padelzoco.es\/en\/wp-json\/wp\/v2\/product_brand?post=13050"},{"taxonomy":"product_cat","embeddable":true,"href":"https:\/\/padelzoco.es\/en\/wp-json\/wp\/v2\/product_cat?post=13050"},{"taxonomy":"product_tag","embeddable":true,"href":"https:\/\/padelzoco.es\/en\/wp-json\/wp\/v2\/product_tag?post=13050"}],"curies":[{"name":"wp","href":"https:\/\/api.w.org\/{rel}","templated":true}]}}