{"id":13061,"date":"2024-09-21T13:26:11","date_gmt":"2024-09-21T12:26:11","guid":{"rendered":"https:\/\/adc06f55e9.nxcli.io\/?post_type=product&#038;p=13061"},"modified":"2026-04-30T19:32:38","modified_gmt":"2026-04-30T18:32:38","slug":"zapatillas-nox-ml10-hexa-negro-gris","status":"publish","type":"product","link":"https:\/\/padelzoco.es\/en\/product\/zapatillas-nox-ml10-hexa-negro-gris\/","title":{"rendered":"Zapatillas Nox ML10 Hexa Negro gris"},"content":{"rendered":"<p>Get ready for the revolution in padel footwear with the new Nox ML10 HEXA Padel Shoes Black\/Slate Grey Edition 2024! These shoes, designed with the most advanced technology, not only elevate your performance on the court, but also take care of your health with every move.<\/p>\n<h3>Top Padel Shoe Technology for the Best Performance<\/h3>\n<p><strong>Chosen by the Professionals:<\/strong>\u00a0The Nox ML10 HEXA 2024 are the favorite shoes of the most charismatic player on the padel circuit, Miguel Lamperti. He relies on them for both his training sessions and his official matches, ensuring optimum performance and maximum comfort at all times.<\/p>\n<h3>Official Shoes of Premier Padel Spain 2024<\/h3>\n<div class=\"p1\"><strong>Clinically endorsed by Marta Rueda<\/strong>podiatrist at the Centro de Estudios del Pie Mart\u00edn Rueda, advisor to the Centro de Alto Rendimiento Deportivo de Sant Cugat (Spain) and hundreds of elite athletes.<\/div>\n<div><\/div>\n<div class=\"p1\"><strong>Techology:\u00a0<\/strong>AGG Technology (Advanced Gravity Geometry) &#8211; Lateral Support &#8211; Optimal Grip Outsole &#8211; Maximum Cushioning &#8211; Ortholite insole<\/div>","protected":false},"excerpt":{"rendered":"<p>\u00a1Prep\u00e1rate para la revoluci\u00f3n en el calzado de p\u00e1del con las nuevas Zapatillas de p\u00e1del Nox ML10 HEXA Negro\/Gris Pizarra edici\u00f3n 2024! Estas zapatillas, dise\u00f1adas con la m\u00e1s avanzada tecnolog\u00eda, no solo elevan tu rendimiento en la pista, sino que tambi\u00e9n cuidan de tu salud en cada movimiento.<\/p>\n<h3>M\u00e1xima Tecnolog\u00eda en Calzado de P\u00e1del para el Mejor Rendimiento<\/h3>\n<p><strong>Elegidas por los Profesionales:<\/strong>\u00a0Las Nox ML10 HEXA 2024 son las zapatillas preferidas del jugador m\u00e1s carism\u00e1tico del circuito de p\u00e1del, Miguel Lamperti. \u00c9l conf\u00eda en ellas tanto para sus entrenamientos como para sus partidos oficiales, asegurando un rendimiento \u00f3ptimo y la m\u00e1xima comodidad en cada momento.<\/p>\n<h3>Zapatillas Oficiales de Premier Padel Espa\u00f1a 2024<\/h3>\n<div class=\"p1\"><strong>Avalado cl\u00ednicamente por Marta Rueda<\/strong>, pod\u00f3loga del Centro de Estudios del Pie Mart\u00edn Rueda, asesora del Centro de Alto Rendimiento Deportivo de Sant Cugat (Espa\u00f1a) y de cientos de deportistas de \u00e9lite.<\/div>","protected":false},"featured_media":13074,"template":"","meta":[],"product_brand":[],"product_cat":[599,702,697,594,754,592,758],"product_tag":[],"class_list":{"0":"post-13061","1":"product","2":"type-product","3":"status-publish","4":"has-post-thumbnail","6":"product_cat-hombre-zapatillas","7":"product_cat-miguel-lamperti","8":"product_cat-nox-padel","9":"product_cat-nox-zapatillas","10":"product_cat-rebajas","11":"product_cat-zapatillas","12":"product_cat-zapatillas-ofertas","13":"pa_brand-nox","14":"pa_color-negro","15":"pa_gender-hombre","16":"pa_hs_code-87","17":"pa_shoes-size-89","18":"pa_shoes-size-81","20":"first","21":"outofstock","22":"taxable","23":"shipping-taxable","24":"product-type-variable"},"yoast_head":"<!-- This site is optimized with the Yoast SEO plugin v27.5 - https:\/\/yoast.com\/product\/yoast-seo-wordpress\/ -->\n<title>Zapatillas Nox ML10 Hexa Negro gris - Padel Zoco<\/title>\n<meta name=\"robots\" content=\"index, follow, max-snippet:-1, max-image-preview:large, max-video-preview:-1\" \/>\n<link rel=\"canonical\" href=\"https:\/\/padelzoco.es\/en\/product\/zapatillas-nox-ml10-hexa-negro-gris\/\" \/>\n<meta property=\"og:locale\" content=\"en_GB\" \/>\n<meta property=\"og:type\" content=\"article\" \/>\n<meta property=\"og:title\" content=\"Zapatillas Nox ML10 Hexa Negro gris - Padel Zoco\" \/>\n<meta property=\"og:description\" content=\"\u00a1Prep\u00e1rate para la revoluci\u00f3n en el calzado de p\u00e1del con las nuevas Zapatillas de p\u00e1del Nox ML10 HEXA Negro\/Gris Pizarra edici\u00f3n 2024! Estas zapatillas, dise\u00f1adas con la m\u00e1s avanzada tecnolog\u00eda, no solo elevan tu rendimiento en la pista, sino que tambi\u00e9n cuidan de tu salud en cada movimiento. M\u00e1xima Tecnolog\u00eda en Calzado de P\u00e1del para el Mejor Rendimiento Elegidas por los Profesionales:\u00a0Las Nox ML10 HEXA 2024 son las zapatillas preferidas del jugador m\u00e1s carism\u00e1tico del circuito de p\u00e1del, Miguel Lamperti. \u00c9l conf\u00eda en ellas tanto para sus entrenamientos como para sus partidos oficiales, asegurando un rendimiento \u00f3ptimo y la m\u00e1xima comodidad en cada momento. Zapatillas Oficiales de Premier Padel Espa\u00f1a 2024 Avalado cl\u00ednicamente por Marta Rueda, pod\u00f3loga del Centro de Estudios del Pie Mart\u00edn Rueda, asesora del Centro de Alto Rendimiento Deportivo de Sant Cugat (Espa\u00f1a) y de cientos de deportistas de \u00e9lite.\" \/>\n<meta property=\"og:url\" content=\"https:\/\/padelzoco.es\/en\/product\/zapatillas-nox-ml10-hexa-negro-gris\/\" \/>\n<meta property=\"og:site_name\" content=\"Padel Zoco\" \/>\n<meta property=\"article:modified_time\" content=\"2026-04-30T18:32:38+00:00\" \/>\n<meta property=\"og:image\" content=\"https:\/\/padelzoco.es\/wp-content\/uploads\/2024\/09\/Nox-ML10-HEXA-Padel-Shoes-Black-Slate-08.webp\" \/>\n\t<meta property=\"og:image:width\" content=\"1400\" \/>\n\t<meta property=\"og:image:height\" content=\"1400\" \/>\n\t<meta property=\"og:image:type\" content=\"image\/webp\" \/>\n<meta name=\"twitter:card\" content=\"summary_large_image\" \/>\n<meta name=\"twitter:label1\" content=\"Estimated reading time\" \/>\n\t<meta name=\"twitter:data1\" content=\"1 minute\" \/>\n<script type=\"application\/ld+json\" class=\"yoast-schema-graph\">{\"@context\":\"https:\\\/\\\/schema.org\",\"@graph\":[{\"@type\":\"WebPage\",\"@id\":\"https:\\\/\\\/padelzoco.es\\\/product\\\/zapatillas-nox-ml10-hexa-negro-gris\\\/\",\"url\":\"https:\\\/\\\/padelzoco.es\\\/product\\\/zapatillas-nox-ml10-hexa-negro-gris\\\/\",\"name\":\"Zapatillas Nox ML10 Hexa Negro gris - Padel Zoco\",\"isPartOf\":{\"@id\":\"https:\\\/\\\/padelzoco.es\\\/#website\"},\"primaryImageOfPage\":{\"@id\":\"https:\\\/\\\/padelzoco.es\\\/product\\\/zapatillas-nox-ml10-hexa-negro-gris\\\/#primaryimage\"},\"image\":{\"@id\":\"https:\\\/\\\/padelzoco.es\\\/product\\\/zapatillas-nox-ml10-hexa-negro-gris\\\/#primaryimage\"},\"thumbnailUrl\":\"https:\\\/\\\/padelzoco.es\\\/wp-content\\\/uploads\\\/2024\\\/09\\\/Nox-ML10-HEXA-Padel-Shoes-Black-Slate-08.webp\",\"datePublished\":\"2024-09-21T12:26:11+00:00\",\"dateModified\":\"2026-04-30T18:32:38+00:00\",\"breadcrumb\":{\"@id\":\"https:\\\/\\\/padelzoco.es\\\/product\\\/zapatillas-nox-ml10-hexa-negro-gris\\\/#breadcrumb\"},\"inLanguage\":\"en-GB\",\"potentialAction\":[{\"@type\":\"ReadAction\",\"target\":[\"https:\\\/\\\/padelzoco.es\\\/product\\\/zapatillas-nox-ml10-hexa-negro-gris\\\/\"]}]},{\"@type\":\"ImageObject\",\"inLanguage\":\"en-GB\",\"@id\":\"https:\\\/\\\/padelzoco.es\\\/product\\\/zapatillas-nox-ml10-hexa-negro-gris\\\/#primaryimage\",\"url\":\"https:\\\/\\\/padelzoco.es\\\/wp-content\\\/uploads\\\/2024\\\/09\\\/Nox-ML10-HEXA-Padel-Shoes-Black-Slate-08.webp\",\"contentUrl\":\"https:\\\/\\\/padelzoco.es\\\/wp-content\\\/uploads\\\/2024\\\/09\\\/Nox-ML10-HEXA-Padel-Shoes-Black-Slate-08.webp\",\"width\":1400,\"height\":1400,\"caption\":\"Nox ML10 HEXA Padel Shoes Black Slate 08\"},{\"@type\":\"BreadcrumbList\",\"@id\":\"https:\\\/\\\/padelzoco.es\\\/product\\\/zapatillas-nox-ml10-hexa-negro-gris\\\/#breadcrumb\",\"itemListElement\":[{\"@type\":\"ListItem\",\"position\":1,\"name\":\"Home\",\"item\":\"https:\\\/\\\/padelzoco.es\\\/\"},{\"@type\":\"ListItem\",\"position\":2,\"name\":\"Padel Zoco\",\"item\":\"https:\\\/\\\/padelzoco.es\\\/padel-zoco\\\/\"},{\"@type\":\"ListItem\",\"position\":3,\"name\":\"Zapatillas Nox ML10 Hexa Negro gris\"}]},{\"@type\":\"WebSite\",\"@id\":\"https:\\\/\\\/padelzoco.es\\\/#website\",\"url\":\"https:\\\/\\\/padelzoco.es\\\/\",\"name\":\"Padel Zoco\",\"description\":\"Padel Zoco | Spain\",\"publisher\":{\"@id\":\"https:\\\/\\\/padelzoco.es\\\/#organization\"},\"potentialAction\":[{\"@type\":\"SearchAction\",\"target\":{\"@type\":\"EntryPoint\",\"urlTemplate\":\"https:\\\/\\\/padelzoco.es\\\/?s={search_term_string}\"},\"query-input\":{\"@type\":\"PropertyValueSpecification\",\"valueRequired\":true,\"valueName\":\"search_term_string\"}}],\"inLanguage\":\"en-GB\"},{\"@type\":\"Organization\",\"@id\":\"https:\\\/\\\/padelzoco.es\\\/#organization\",\"name\":\"Padel Zoco\",\"url\":\"https:\\\/\\\/padelzoco.es\\\/\",\"logo\":{\"@type\":\"ImageObject\",\"inLanguage\":\"en-GB\",\"@id\":\"https:\\\/\\\/padelzoco.es\\\/#\\\/schema\\\/logo\\\/image\\\/\",\"url\":\"https:\\\/\\\/padelzoco.es\\\/wp-content\\\/uploads\\\/2023\\\/11\\\/PadelZoco_Logo_black_white.webp\",\"contentUrl\":\"https:\\\/\\\/padelzoco.es\\\/wp-content\\\/uploads\\\/2023\\\/11\\\/PadelZoco_Logo_black_white.webp\",\"width\":1500,\"height\":631,\"caption\":\"Padel Zoco\"},\"image\":{\"@id\":\"https:\\\/\\\/padelzoco.es\\\/#\\\/schema\\\/logo\\\/image\\\/\"}}]}<\/script>\n<!-- \/ Yoast SEO plugin. -->","yoast_head_json":{"title":"Zapatillas Nox ML10 Hexa Negro gris - Padel Zoco","robots":{"index":"index","follow":"follow","max-snippet":"max-snippet:-1","max-image-preview":"max-image-preview:large","max-video-preview":"max-video-preview:-1"},"canonical":"https:\/\/padelzoco.es\/en\/product\/zapatillas-nox-ml10-hexa-negro-gris\/","og_locale":"en_GB","og_type":"article","og_title":"Zapatillas Nox ML10 Hexa Negro gris - Padel Zoco","og_description":"\u00a1Prep\u00e1rate para la revoluci\u00f3n en el calzado de p\u00e1del con las nuevas Zapatillas de p\u00e1del Nox ML10 HEXA Negro\/Gris Pizarra edici\u00f3n 2024! Estas zapatillas, dise\u00f1adas con la m\u00e1s avanzada tecnolog\u00eda, no solo elevan tu rendimiento en la pista, sino que tambi\u00e9n cuidan de tu salud en cada movimiento. M\u00e1xima Tecnolog\u00eda en Calzado de P\u00e1del para el Mejor Rendimiento Elegidas por los Profesionales:\u00a0Las Nox ML10 HEXA 2024 son las zapatillas preferidas del jugador m\u00e1s carism\u00e1tico del circuito de p\u00e1del, Miguel Lamperti. \u00c9l conf\u00eda en ellas tanto para sus entrenamientos como para sus partidos oficiales, asegurando un rendimiento \u00f3ptimo y la m\u00e1xima comodidad en cada momento. Zapatillas Oficiales de Premier Padel Espa\u00f1a 2024 Avalado cl\u00ednicamente por Marta Rueda, pod\u00f3loga del Centro de Estudios del Pie Mart\u00edn Rueda, asesora del Centro de Alto Rendimiento Deportivo de Sant Cugat (Espa\u00f1a) y de cientos de deportistas de \u00e9lite.","og_url":"https:\/\/padelzoco.es\/en\/product\/zapatillas-nox-ml10-hexa-negro-gris\/","og_site_name":"Padel Zoco","article_modified_time":"2026-04-30T18:32:38+00:00","og_image":[{"width":1400,"height":1400,"url":"https:\/\/padelzoco.es\/wp-content\/uploads\/2024\/09\/Nox-ML10-HEXA-Padel-Shoes-Black-Slate-08.webp","type":"image\/webp"}],"twitter_card":"summary_large_image","twitter_misc":{"Estimated reading time":"1 minute"},"schema":{"@context":"https:\/\/schema.org","@graph":[{"@type":"WebPage","@id":"https:\/\/padelzoco.es\/product\/zapatillas-nox-ml10-hexa-negro-gris\/","url":"https:\/\/padelzoco.es\/product\/zapatillas-nox-ml10-hexa-negro-gris\/","name":"Zapatillas Nox ML10 Hexa Negro gris - Padel Zoco","isPartOf":{"@id":"https:\/\/padelzoco.es\/#website"},"primaryImageOfPage":{"@id":"https:\/\/padelzoco.es\/product\/zapatillas-nox-ml10-hexa-negro-gris\/#primaryimage"},"image":{"@id":"https:\/\/padelzoco.es\/product\/zapatillas-nox-ml10-hexa-negro-gris\/#primaryimage"},"thumbnailUrl":"https:\/\/padelzoco.es\/wp-content\/uploads\/2024\/09\/Nox-ML10-HEXA-Padel-Shoes-Black-Slate-08.webp","datePublished":"2024-09-21T12:26:11+00:00","dateModified":"2026-04-30T18:32:38+00:00","breadcrumb":{"@id":"https:\/\/padelzoco.es\/product\/zapatillas-nox-ml10-hexa-negro-gris\/#breadcrumb"},"inLanguage":"en-GB","potentialAction":[{"@type":"ReadAction","target":["https:\/\/padelzoco.es\/product\/zapatillas-nox-ml10-hexa-negro-gris\/"]}]},{"@type":"ImageObject","inLanguage":"en-GB","@id":"https:\/\/padelzoco.es\/product\/zapatillas-nox-ml10-hexa-negro-gris\/#primaryimage","url":"https:\/\/padelzoco.es\/wp-content\/uploads\/2024\/09\/Nox-ML10-HEXA-Padel-Shoes-Black-Slate-08.webp","contentUrl":"https:\/\/padelzoco.es\/wp-content\/uploads\/2024\/09\/Nox-ML10-HEXA-Padel-Shoes-Black-Slate-08.webp","width":1400,"height":1400,"caption":"Nox ML10 HEXA Padel Shoes Black Slate 08"},{"@type":"BreadcrumbList","@id":"https:\/\/padelzoco.es\/product\/zapatillas-nox-ml10-hexa-negro-gris\/#breadcrumb","itemListElement":[{"@type":"ListItem","position":1,"name":"Home","item":"https:\/\/padelzoco.es\/"},{"@type":"ListItem","position":2,"name":"Padel Zoco","item":"https:\/\/padelzoco.es\/padel-zoco\/"},{"@type":"ListItem","position":3,"name":"Zapatillas Nox ML10 Hexa Negro gris"}]},{"@type":"WebSite","@id":"https:\/\/padelzoco.es\/#website","url":"https:\/\/padelzoco.es\/","name":"Padel Zoco","description":"Padel Zoco | Spain","publisher":{"@id":"https:\/\/padelzoco.es\/#organization"},"potentialAction":[{"@type":"SearchAction","target":{"@type":"EntryPoint","urlTemplate":"https:\/\/padelzoco.es\/?s={search_term_string}"},"query-input":{"@type":"PropertyValueSpecification","valueRequired":true,"valueName":"search_term_string"}}],"inLanguage":"en-GB"},{"@type":"Organization","@id":"https:\/\/padelzoco.es\/#organization","name":"Padel Zoco","url":"https:\/\/padelzoco.es\/","logo":{"@type":"ImageObject","inLanguage":"en-GB","@id":"https:\/\/padelzoco.es\/#\/schema\/logo\/image\/","url":"https:\/\/padelzoco.es\/wp-content\/uploads\/2023\/11\/PadelZoco_Logo_black_white.webp","contentUrl":"https:\/\/padelzoco.es\/wp-content\/uploads\/2023\/11\/PadelZoco_Logo_black_white.webp","width":1500,"height":631,"caption":"Padel Zoco"},"image":{"@id":"https:\/\/padelzoco.es\/#\/schema\/logo\/image\/"}}]}},"_links":{"self":[{"href":"https:\/\/padelzoco.es\/en\/wp-json\/wp\/v2\/product\/13061","targetHints":{"allow":["GET"]}}],"collection":[{"href":"https:\/\/padelzoco.es\/en\/wp-json\/wp\/v2\/product"}],"about":[{"href":"https:\/\/padelzoco.es\/en\/wp-json\/wp\/v2\/types\/product"}],"version-history":[{"count":1,"href":"https:\/\/padelzoco.es\/en\/wp-json\/wp\/v2\/product\/13061\/revisions"}],"predecessor-version":[{"id":27716,"href":"https:\/\/padelzoco.es\/en\/wp-json\/wp\/v2\/product\/13061\/revisions\/27716"}],"wp:featuredmedia":[{"embeddable":true,"href":"https:\/\/padelzoco.es\/en\/wp-json\/wp\/v2\/media\/13074"}],"wp:attachment":[{"href":"https:\/\/padelzoco.es\/en\/wp-json\/wp\/v2\/media?parent=13061"}],"wp:term":[{"taxonomy":"product_brand","embeddable":true,"href":"https:\/\/padelzoco.es\/en\/wp-json\/wp\/v2\/product_brand?post=13061"},{"taxonomy":"product_cat","embeddable":true,"href":"https:\/\/padelzoco.es\/en\/wp-json\/wp\/v2\/product_cat?post=13061"},{"taxonomy":"product_tag","embeddable":true,"href":"https:\/\/padelzoco.es\/en\/wp-json\/wp\/v2\/product_tag?post=13061"}],"curies":[{"name":"wp","href":"https:\/\/api.w.org\/{rel}","templated":true}]}}