{"id":13123,"date":"2024-09-23T19:15:27","date_gmt":"2024-09-23T18:15:27","guid":{"rendered":"https:\/\/adc06f55e9.nxcli.io\/?post_type=product&#038;p=13123"},"modified":"2026-02-02T09:25:25","modified_gmt":"2026-02-02T08:25:25","slug":"pala-padel-nox-at10-genius-18k-alum-agustin-tapia-2025","status":"publish","type":"product","link":"https:\/\/padelzoco.es\/en\/product\/pala-padel-nox-at10-genius-18k-alum-agustin-tapia-2025\/","title":{"rendered":"Pala Padel Nox AT10 Genius 18K Alum Agustin Tapia 2025"},"content":{"rendered":"<div class=\"flex-1 overflow-hidden\">\n<div class=\"h-full\">\n<div class=\"react-scroll-to-bottom--css-zpbpe-79elbk h-full\">\n<div class=\"react-scroll-to-bottom--css-zpbpe-1n7m0yu\">\n<div class=\"flex flex-col text-sm md:pb-9\">\n<article class=\"w-full text-token-text-primary focus-visible:outline-2 focus-visible:outline-offset-[-4px]\" dir=\"auto\" data-testid=\"conversation-turn-15\" data-scroll-anchor=\"true\">\n<div class=\"text-base py-[18px] px-3 md:px-4 m-auto w-full md:px-5 lg:px-4 xl:px-5\">\n<div class=\"mx-auto flex flex-1 gap-4 text-base md:gap-5 lg:gap-6 md:max-w-3xl lg:max-w-[40rem] xl:max-w-[48rem]\">\n<div class=\"group\/conversation-turn relative flex w-full min-w-0 flex-col agent-turn\">\n<div class=\"flex-col gap-1 md:gap-3\">\n<div class=\"flex max-w-full flex-col flex-grow\">\n<div class=\"min-h-[20px] text-message flex w-full flex-col items-end gap-2 whitespace-normal break-words [.text-message+&amp;]:mt-5\" dir=\"auto\" data-message-author-role=\"assistant\" data-message-id=\"2097f7da-dd34-4d62-8642-1aed34d6c538\">\n<div class=\"flex w-full flex-col gap-1 empty:hidden first:pt-[3px]\">\n<div class=\"markdown prose w-full break-words dark:prose-invert light\">\n<p>The 2025 NOX Padel Racket AT10 Genius 18K Alum Agust\u00edn Tapia, offering perfect balance and faster defensive shots. Featuring an octagonal butt cap and EOS Flap technology for improved grip and maneuverability, it\u2019s made with 18K Alum Carbon and an MLD Black Eva core for a comfortable, medium-hard feel. EXCLUSIVE SPIN technology enhances control and spin, while the NOX Custom Grip\u00ae and Pulse System reduce vibrations for less joint fatigue. The Smartstrap\u00ae system provides a safer, more hygienic, and customizable safety cord.<\/p>\n<ul>\n<li><strong>Brand:<\/strong> NOX<\/li>\n<li><strong>Year:<\/strong> 2025<\/li>\n<li><strong>Shape:<\/strong> Hybrid<\/li>\n<li><strong>Frame:<\/strong> Carbon<\/li>\n<li><strong>Core:<\/strong> MLD Black Eva<\/li>\n<li><strong>Face:<\/strong> 18K Alum Carbon<\/li>\n<li><strong>Surface:<\/strong> Exclusive 3D Spin and sand rough texture<\/li>\n<li><strong>Power:<\/strong> 90\/100<\/li>\n<li><strong>Control:<\/strong> 100\/100<\/li>\n<li><strong>Thickness:<\/strong> 38 mm<\/li>\n<li><strong>Weight:<\/strong> 360-375g<\/li>\n<\/ul>\n<p><strong>Octagonal butt cap<\/strong> and <strong>EOS Flap technology<\/strong> for improved grip and maneuverability<\/p>\n<p><strong>18K Alum Carbon<\/strong> and <strong>MLD Black Eva<\/strong> core for a solid, comfortable feel<\/p>\n<p><strong>EXCLUSIVE SPIN technology<\/strong> for enhanced control and spin<\/p>\n<p><strong>NOX Custom Grip\u00ae<\/strong> and <strong>Pulse System<\/strong> to reduce vibrations and joint fatigue<\/p>\n<p><strong>Smartstrap\u00ae system<\/strong> for a safer, customizable safety cord.<\/p>\n<p>&nbsp;<\/p>\n<\/div>\n<\/div>\n<\/div>\n<\/div>\n<\/div>\n<\/div>\n<\/div>\n<\/div>\n<\/article>\n<\/div>\n<\/div>\n<\/div>\n<\/div>\n<\/div>\n","protected":false},"excerpt":{"rendered":"<div class=\"flex-1 overflow-hidden\">\n<div class=\"h-full\">\n<div class=\"react-scroll-to-bottom--css-zpbpe-79elbk h-full\">\n<div class=\"react-scroll-to-bottom--css-zpbpe-1n7m0yu\">\n<div class=\"flex flex-col text-sm md:pb-9\">\n<article class=\"w-full text-token-text-primary focus-visible:outline-2 focus-visible:outline-offset-[-4px]\" dir=\"auto\" data-testid=\"conversation-turn-15\" data-scroll-anchor=\"true\">\n<div class=\"text-base py-[18px] px-3 md:px-4 m-auto w-full md:px-5 lg:px-4 xl:px-5\">\n<div class=\"mx-auto flex flex-1 gap-4 text-base md:gap-5 lg:gap-6 md:max-w-3xl lg:max-w-[40rem] xl:max-w-[48rem]\">\n<div class=\"group\/conversation-turn relative flex w-full min-w-0 flex-col agent-turn\">\n<div class=\"flex-col gap-1 md:gap-3\">\n<div class=\"flex max-w-full flex-col flex-grow\">\n<div class=\"min-h-[20px] text-message flex w-full flex-col items-end gap-2 whitespace-normal break-words [.text-message+&amp;]:mt-5\" dir=\"auto\" data-message-author-role=\"assistant\" data-message-id=\"2097f7da-dd34-4d62-8642-1aed34d6c538\">\n<div class=\"flex w-full flex-col gap-1 empty:hidden first:pt-[3px]\">\n<div class=\"markdown prose w-full break-words dark:prose-invert light\">\n<div class=\"flex-1 overflow-hidden\">\n<div class=\"h-full\">\n<div class=\"react-scroll-to-bottom--css-zpbpe-79elbk h-full\">\n<div class=\"react-scroll-to-bottom--css-zpbpe-1n7m0yu\">\n<div class=\"flex flex-col text-sm md:pb-9\">\n<article class=\"w-full text-token-text-primary focus-visible:outline-2 focus-visible:outline-offset-[-4px]\" dir=\"auto\" data-testid=\"conversation-turn-15\" data-scroll-anchor=\"true\">\n<div class=\"text-base py-[18px] px-3 md:px-4 m-auto w-full md:px-5 lg:px-4 xl:px-5\">\n<div class=\"mx-auto flex flex-1 gap-4 text-base md:gap-5 lg:gap-6 md:max-w-3xl lg:max-w-[40rem] xl:max-w-[48rem]\">\n<div class=\"group\/conversation-turn relative flex w-full min-w-0 flex-col agent-turn\">\n<div class=\"flex-col gap-1 md:gap-3\">\n<div class=\"flex max-w-full flex-col flex-grow\">\n<div class=\"min-h-[20px] text-message flex w-full flex-col items-end gap-2 whitespace-normal break-words [.text-message+&amp;]:mt-5\" dir=\"auto\" data-message-author-role=\"assistant\" data-message-id=\"2097f7da-dd34-4d62-8642-1aed34d6c538\">\n<div class=\"flex w-full flex-col gap-1 empty:hidden first:pt-[3px]\">\n<p data-start=\"0\" data-end=\"658\">La <strong data-start=\"3\" data-end=\"50\">pala de padel NOX AT10 Genius 18K Alum 2025<\/strong> de <strong data-start=\"54\" data-end=\"71\">Agust\u00edn Tapia<\/strong> ofrece un equilibrio perfecto y <strong data-start=\"104\" data-end=\"136\">tiros defensivos m\u00e1s r\u00e1pidos<\/strong>. Cuenta con un <strong data-start=\"152\" data-end=\"174\">butt cap octagonal<\/strong> y la tecnolog\u00eda <strong data-start=\"191\" data-end=\"203\">EOS Flap<\/strong> para un mejor agarre y maniobrabilidad. Est\u00e1 fabricada con <strong data-start=\"263\" data-end=\"282\">18K Alum Carbon<\/strong> y un n\u00facleo <strong data-start=\"295\" data-end=\"312\">MLD Black Eva<\/strong> para una sensaci\u00f3n <strong data-start=\"332\" data-end=\"342\">c\u00f3moda<\/strong> y de dureza media. La tecnolog\u00eda <strong data-start=\"376\" data-end=\"394\">EXCLUSIVE SPIN<\/strong> mejora el <strong data-start=\"405\" data-end=\"416\">control<\/strong> y el <strong data-start=\"422\" data-end=\"430\">spin<\/strong>, mientras que el <strong data-start=\"448\" data-end=\"468\">NOX Custom Grip\u00ae<\/strong> y el <strong data-start=\"474\" data-end=\"490\">Pulse System<\/strong> reducen las vibraciones, disminuyendo la fatiga en las articulaciones. El sistema <strong data-start=\"573\" data-end=\"588\">Smartstrap\u00ae<\/strong> ofrece un cord\u00f3n de seguridad m\u00e1s seguro, higi\u00e9nico y personalizable.<\/p>\n<hr data-start=\"660\" data-end=\"663\" \/>\n<h3 data-start=\"665\" data-end=\"701\"><strong data-start=\"669\" data-end=\"701\">Caracter\u00edsticas principales:<\/strong><\/h3>\n<ul data-start=\"703\" data-end=\"1410\">\n<li data-start=\"703\" data-end=\"721\">\n<p data-start=\"705\" data-end=\"721\"><strong data-start=\"705\" data-end=\"714\">Marca<\/strong>: NOX<\/p>\n<\/li>\n<li data-start=\"722\" data-end=\"739\">\n<p data-start=\"724\" data-end=\"739\"><strong data-start=\"724\" data-end=\"731\">A\u00f1o<\/strong>: 2025<\/p>\n<\/li>\n<li data-start=\"740\" data-end=\"762\">\n<p data-start=\"742\" data-end=\"762\"><strong data-start=\"742\" data-end=\"751\">Forma<\/strong>: H\u00edbrida<\/p>\n<\/li>\n<li data-start=\"763\" data-end=\"785\">\n<p data-start=\"765\" data-end=\"785\"><strong data-start=\"765\" data-end=\"774\">Marco<\/strong>: Carbono<\/p>\n<\/li>\n<li data-start=\"786\" data-end=\"815\">\n<p data-start=\"788\" data-end=\"815\"><strong data-start=\"788\" data-end=\"798\">N\u00facleo<\/strong>: MLD Black Eva<\/p>\n<\/li>\n<li data-start=\"816\" data-end=\"845\">\n<p data-start=\"818\" data-end=\"845\"><strong data-start=\"818\" data-end=\"826\">Cara<\/strong>: 18K Alum Carbon<\/p>\n<\/li>\n<li data-start=\"846\" data-end=\"911\">\n<p data-start=\"848\" data-end=\"911\"><strong data-start=\"848\" data-end=\"862\">Superficie<\/strong>: Textura 3D Spin exclusiva y rugosidad arenosa<\/p>\n<\/li>\n<li data-start=\"912\" data-end=\"936\">\n<p data-start=\"914\" data-end=\"936\"><strong data-start=\"914\" data-end=\"926\">Potencia<\/strong>: 90\/100<\/p>\n<\/li>\n<li data-start=\"937\" data-end=\"961\">\n<p data-start=\"939\" data-end=\"961\"><strong data-start=\"939\" data-end=\"950\">Control<\/strong>: 100\/100<\/p>\n<\/li>\n<li data-start=\"962\" data-end=\"983\">\n<p data-start=\"964\" data-end=\"983\"><strong data-start=\"964\" data-end=\"974\">Grosor<\/strong>: 38 mm<\/p>\n<\/li>\n<li data-start=\"984\" data-end=\"1006\">\n<p data-start=\"986\" data-end=\"1006\"><strong data-start=\"986\" data-end=\"994\">Peso<\/strong>: 360-375g<\/p>\n<\/li>\n<li data-start=\"1008\" data-end=\"1088\">\n<p data-start=\"1010\" data-end=\"1088\"><strong data-start=\"1010\" data-end=\"1032\">Butt cap octagonal<\/strong> y <strong data-start=\"1035\" data-end=\"1047\">EOS Flap<\/strong> para un mejor agarre y maniobrabilidad<\/p>\n<\/li>\n<li data-start=\"1089\" data-end=\"1174\">\n<p data-start=\"1091\" data-end=\"1174\"><strong data-start=\"1091\" data-end=\"1110\">18K Alum Carbon<\/strong> y n\u00facleo <strong data-start=\"1120\" data-end=\"1137\">MLD Black Eva<\/strong> para una sensaci\u00f3n s\u00f3lida y c\u00f3moda<\/p>\n<\/li>\n<li data-start=\"1175\" data-end=\"1234\">\n<p data-start=\"1177\" data-end=\"1234\"><strong data-start=\"1177\" data-end=\"1195\">EXCLUSIVE SPIN<\/strong> para un mayor <strong data-start=\"1210\" data-end=\"1221\">control<\/strong> y <strong data-start=\"1224\" data-end=\"1232\">spin<\/strong><\/p>\n<\/li>\n<li data-start=\"1235\" data-end=\"1334\">\n<p data-start=\"1237\" data-end=\"1334\"><strong data-start=\"1237\" data-end=\"1257\">NOX Custom Grip\u00ae<\/strong> y <strong data-start=\"1260\" data-end=\"1276\">Pulse System<\/strong> para reducir vibraciones y fatiga en las articulaciones<\/p>\n<\/li>\n<li data-start=\"1335\" data-end=\"1410\">\n<p data-start=\"1337\" data-end=\"1410\"><strong data-start=\"1337\" data-end=\"1352\">Smartstrap\u00ae<\/strong> para un cord\u00f3n de seguridad m\u00e1s seguro y personalizable<\/p>\n<\/li>\n<\/ul>\n<\/div>\n<\/div>\n<\/div>\n<\/div>\n<\/div>\n<\/div>\n<\/div>\n<\/article>\n<\/div>\n<\/div>\n<\/div>\n<\/div>\n<\/div>\n<\/div>\n<\/div>\n<\/div>\n<\/div>\n<\/div>\n<\/div>\n<\/div>\n<\/div>\n<\/article>\n<\/div>\n<\/div>\n<\/div>\n<\/div>\n<\/div>\n","protected":false},"featured_media":13136,"template":"","meta":[],"product_brand":[],"product_cat":[705,582,589,585,697,574,572],"product_tag":[],"class_list":{"0":"post-13123","1":"product","2":"type-product","3":"status-publish","4":"has-post-thumbnail","6":"product_cat-agustin-tapia","7":"product_cat-avanzado-palas","8":"product_cat-hombre-palas","9":"product_cat-lagrima-palas","10":"product_cat-nox-padel","11":"product_cat-nox-palas","12":"product_cat-palas","13":"pa_brand-nox","14":"pa_gender-hombre","15":"pa_hs_code-134","17":"first","18":"outofstock","19":"sale","20":"taxable","21":"shipping-taxable","22":"purchasable","23":"product-type-simple"},"yoast_head":"<!-- This site is optimized with the Yoast SEO plugin v27.3 - https:\/\/yoast.com\/product\/yoast-seo-wordpress\/ -->\n<title>Pala Padel Nox AT10 Genius 18K Alum Agustin Tapia 2025 - Padel Zoco<\/title>\n<meta name=\"description\" content=\"La pala NOX AT10 Genius 18K Alum 2025 de Agust\u00edn Tapia ofrece control, potencia y manejobcon tecnolog\u00edas avanzadas como EXCLUSIVE SPIN y Smartstrap\u00ae.\" \/>\n<meta name=\"robots\" content=\"index, follow, max-snippet:-1, max-image-preview:large, max-video-preview:-1\" \/>\n<link rel=\"canonical\" href=\"https:\/\/padelzoco.es\/en\/product\/pala-padel-nox-at10-genius-18k-alum-agustin-tapia-2025\/\" \/>\n<meta property=\"og:locale\" content=\"en_GB\" \/>\n<meta property=\"og:type\" content=\"article\" \/>\n<meta property=\"og:title\" content=\"Pala Padel Nox AT10 Genius 18K Alum Agustin Tapia 2025 - Padel Zoco\" \/>\n<meta property=\"og:description\" content=\"La pala NOX AT10 Genius 18K Alum 2025 de Agust\u00edn Tapia ofrece control, potencia y manejobcon tecnolog\u00edas avanzadas como EXCLUSIVE SPIN y Smartstrap\u00ae.\" \/>\n<meta property=\"og:url\" content=\"https:\/\/padelzoco.es\/en\/product\/pala-padel-nox-at10-genius-18k-alum-agustin-tapia-2025\/\" \/>\n<meta property=\"og:site_name\" content=\"Padel Zoco\" \/>\n<meta property=\"article:modified_time\" content=\"2026-02-02T08:25:25+00:00\" \/>\n<meta property=\"og:image\" content=\"https:\/\/padelzoco.es\/wp-content\/uploads\/2024\/09\/NOX-AT10-Genius-18K-Alum-Agustin-Tapia-2025-Padel-Racket-00.webp\" \/>\n\t<meta property=\"og:image:width\" content=\"1400\" \/>\n\t<meta property=\"og:image:height\" content=\"1400\" \/>\n\t<meta property=\"og:image:type\" content=\"image\/webp\" \/>\n<meta name=\"twitter:card\" content=\"summary_large_image\" \/>\n<meta name=\"twitter:label1\" content=\"Estimated reading time\" \/>\n\t<meta name=\"twitter:data1\" content=\"1 minute\" \/>\n<script type=\"application\/ld+json\" class=\"yoast-schema-graph\">{\"@context\":\"https:\\\/\\\/schema.org\",\"@graph\":[{\"@type\":\"WebPage\",\"@id\":\"https:\\\/\\\/padelzoco.es\\\/product\\\/pala-padel-nox-at10-genius-18k-alum-agustin-tapia-2025\\\/\",\"url\":\"https:\\\/\\\/padelzoco.es\\\/product\\\/pala-padel-nox-at10-genius-18k-alum-agustin-tapia-2025\\\/\",\"name\":\"Pala Padel Nox AT10 Genius 18K Alum Agustin Tapia 2025 - Padel Zoco\",\"isPartOf\":{\"@id\":\"https:\\\/\\\/padelzoco.es\\\/#website\"},\"primaryImageOfPage\":{\"@id\":\"https:\\\/\\\/padelzoco.es\\\/product\\\/pala-padel-nox-at10-genius-18k-alum-agustin-tapia-2025\\\/#primaryimage\"},\"image\":{\"@id\":\"https:\\\/\\\/padelzoco.es\\\/product\\\/pala-padel-nox-at10-genius-18k-alum-agustin-tapia-2025\\\/#primaryimage\"},\"thumbnailUrl\":\"https:\\\/\\\/padelzoco.es\\\/wp-content\\\/uploads\\\/2024\\\/09\\\/NOX-AT10-Genius-18K-Alum-Agustin-Tapia-2025-Padel-Racket-00.webp\",\"datePublished\":\"2024-09-23T18:15:27+00:00\",\"dateModified\":\"2026-02-02T08:25:25+00:00\",\"description\":\"La pala NOX AT10 Genius 18K Alum 2025 de Agust\u00edn Tapia ofrece control, potencia y manejobcon tecnolog\u00edas avanzadas como EXCLUSIVE SPIN y Smartstrap\u00ae.\",\"breadcrumb\":{\"@id\":\"https:\\\/\\\/padelzoco.es\\\/product\\\/pala-padel-nox-at10-genius-18k-alum-agustin-tapia-2025\\\/#breadcrumb\"},\"inLanguage\":\"en-GB\",\"potentialAction\":[{\"@type\":\"ReadAction\",\"target\":[\"https:\\\/\\\/padelzoco.es\\\/product\\\/pala-padel-nox-at10-genius-18k-alum-agustin-tapia-2025\\\/\"]}]},{\"@type\":\"ImageObject\",\"inLanguage\":\"en-GB\",\"@id\":\"https:\\\/\\\/padelzoco.es\\\/product\\\/pala-padel-nox-at10-genius-18k-alum-agustin-tapia-2025\\\/#primaryimage\",\"url\":\"https:\\\/\\\/padelzoco.es\\\/wp-content\\\/uploads\\\/2024\\\/09\\\/NOX-AT10-Genius-18K-Alum-Agustin-Tapia-2025-Padel-Racket-00.webp\",\"contentUrl\":\"https:\\\/\\\/padelzoco.es\\\/wp-content\\\/uploads\\\/2024\\\/09\\\/NOX-AT10-Genius-18K-Alum-Agustin-Tapia-2025-Padel-Racket-00.webp\",\"width\":1400,\"height\":1400,\"caption\":\"NOX AT10 Genius 18K Alum Agustin Tapia 2025 Padel Racket 00\"},{\"@type\":\"BreadcrumbList\",\"@id\":\"https:\\\/\\\/padelzoco.es\\\/product\\\/pala-padel-nox-at10-genius-18k-alum-agustin-tapia-2025\\\/#breadcrumb\",\"itemListElement\":[{\"@type\":\"ListItem\",\"position\":1,\"name\":\"Home\",\"item\":\"https:\\\/\\\/padelzoco.es\\\/\"},{\"@type\":\"ListItem\",\"position\":2,\"name\":\"Padel Zoco\",\"item\":\"https:\\\/\\\/padelzoco.es\\\/padel-zoco\\\/\"},{\"@type\":\"ListItem\",\"position\":3,\"name\":\"Pala Padel Nox AT10 Genius 18K Alum Agustin Tapia 2025\"}]},{\"@type\":\"WebSite\",\"@id\":\"https:\\\/\\\/padelzoco.es\\\/#website\",\"url\":\"https:\\\/\\\/padelzoco.es\\\/\",\"name\":\"Padel Zoco\",\"description\":\"Padel Zoco | Spain\",\"publisher\":{\"@id\":\"https:\\\/\\\/padelzoco.es\\\/#organization\"},\"potentialAction\":[{\"@type\":\"SearchAction\",\"target\":{\"@type\":\"EntryPoint\",\"urlTemplate\":\"https:\\\/\\\/padelzoco.es\\\/?s={search_term_string}\"},\"query-input\":{\"@type\":\"PropertyValueSpecification\",\"valueRequired\":true,\"valueName\":\"search_term_string\"}}],\"inLanguage\":\"en-GB\"},{\"@type\":\"Organization\",\"@id\":\"https:\\\/\\\/padelzoco.es\\\/#organization\",\"name\":\"Padel Zoco\",\"url\":\"https:\\\/\\\/padelzoco.es\\\/\",\"logo\":{\"@type\":\"ImageObject\",\"inLanguage\":\"en-GB\",\"@id\":\"https:\\\/\\\/padelzoco.es\\\/#\\\/schema\\\/logo\\\/image\\\/\",\"url\":\"https:\\\/\\\/padelzoco.es\\\/wp-content\\\/uploads\\\/2023\\\/11\\\/PadelZoco_Logo_black_white.webp\",\"contentUrl\":\"https:\\\/\\\/padelzoco.es\\\/wp-content\\\/uploads\\\/2023\\\/11\\\/PadelZoco_Logo_black_white.webp\",\"width\":1500,\"height\":631,\"caption\":\"Padel Zoco\"},\"image\":{\"@id\":\"https:\\\/\\\/padelzoco.es\\\/#\\\/schema\\\/logo\\\/image\\\/\"}}]}<\/script>\n<!-- \/ Yoast SEO plugin. -->","yoast_head_json":{"title":"Pala Padel Nox AT10 Genius 18K Alum Agustin Tapia 2025 - Padel Zoco","description":"La pala NOX AT10 Genius 18K Alum 2025 de Agust\u00edn Tapia ofrece control, potencia y manejobcon tecnolog\u00edas avanzadas como EXCLUSIVE SPIN y Smartstrap\u00ae.","robots":{"index":"index","follow":"follow","max-snippet":"max-snippet:-1","max-image-preview":"max-image-preview:large","max-video-preview":"max-video-preview:-1"},"canonical":"https:\/\/padelzoco.es\/en\/product\/pala-padel-nox-at10-genius-18k-alum-agustin-tapia-2025\/","og_locale":"en_GB","og_type":"article","og_title":"Pala Padel Nox AT10 Genius 18K Alum Agustin Tapia 2025 - Padel Zoco","og_description":"La pala NOX AT10 Genius 18K Alum 2025 de Agust\u00edn Tapia ofrece control, potencia y manejobcon tecnolog\u00edas avanzadas como EXCLUSIVE SPIN y Smartstrap\u00ae.","og_url":"https:\/\/padelzoco.es\/en\/product\/pala-padel-nox-at10-genius-18k-alum-agustin-tapia-2025\/","og_site_name":"Padel Zoco","article_modified_time":"2026-02-02T08:25:25+00:00","og_image":[{"width":1400,"height":1400,"url":"https:\/\/padelzoco.es\/wp-content\/uploads\/2024\/09\/NOX-AT10-Genius-18K-Alum-Agustin-Tapia-2025-Padel-Racket-00.webp","type":"image\/webp"}],"twitter_card":"summary_large_image","twitter_misc":{"Estimated reading time":"1 minute"},"schema":{"@context":"https:\/\/schema.org","@graph":[{"@type":"WebPage","@id":"https:\/\/padelzoco.es\/product\/pala-padel-nox-at10-genius-18k-alum-agustin-tapia-2025\/","url":"https:\/\/padelzoco.es\/product\/pala-padel-nox-at10-genius-18k-alum-agustin-tapia-2025\/","name":"Pala Padel Nox AT10 Genius 18K Alum Agustin Tapia 2025 - Padel Zoco","isPartOf":{"@id":"https:\/\/padelzoco.es\/#website"},"primaryImageOfPage":{"@id":"https:\/\/padelzoco.es\/product\/pala-padel-nox-at10-genius-18k-alum-agustin-tapia-2025\/#primaryimage"},"image":{"@id":"https:\/\/padelzoco.es\/product\/pala-padel-nox-at10-genius-18k-alum-agustin-tapia-2025\/#primaryimage"},"thumbnailUrl":"https:\/\/padelzoco.es\/wp-content\/uploads\/2024\/09\/NOX-AT10-Genius-18K-Alum-Agustin-Tapia-2025-Padel-Racket-00.webp","datePublished":"2024-09-23T18:15:27+00:00","dateModified":"2026-02-02T08:25:25+00:00","description":"La pala NOX AT10 Genius 18K Alum 2025 de Agust\u00edn Tapia ofrece control, potencia y manejobcon tecnolog\u00edas avanzadas como EXCLUSIVE SPIN y Smartstrap\u00ae.","breadcrumb":{"@id":"https:\/\/padelzoco.es\/product\/pala-padel-nox-at10-genius-18k-alum-agustin-tapia-2025\/#breadcrumb"},"inLanguage":"en-GB","potentialAction":[{"@type":"ReadAction","target":["https:\/\/padelzoco.es\/product\/pala-padel-nox-at10-genius-18k-alum-agustin-tapia-2025\/"]}]},{"@type":"ImageObject","inLanguage":"en-GB","@id":"https:\/\/padelzoco.es\/product\/pala-padel-nox-at10-genius-18k-alum-agustin-tapia-2025\/#primaryimage","url":"https:\/\/padelzoco.es\/wp-content\/uploads\/2024\/09\/NOX-AT10-Genius-18K-Alum-Agustin-Tapia-2025-Padel-Racket-00.webp","contentUrl":"https:\/\/padelzoco.es\/wp-content\/uploads\/2024\/09\/NOX-AT10-Genius-18K-Alum-Agustin-Tapia-2025-Padel-Racket-00.webp","width":1400,"height":1400,"caption":"NOX AT10 Genius 18K Alum Agustin Tapia 2025 Padel Racket 00"},{"@type":"BreadcrumbList","@id":"https:\/\/padelzoco.es\/product\/pala-padel-nox-at10-genius-18k-alum-agustin-tapia-2025\/#breadcrumb","itemListElement":[{"@type":"ListItem","position":1,"name":"Home","item":"https:\/\/padelzoco.es\/"},{"@type":"ListItem","position":2,"name":"Padel Zoco","item":"https:\/\/padelzoco.es\/padel-zoco\/"},{"@type":"ListItem","position":3,"name":"Pala Padel Nox AT10 Genius 18K Alum Agustin Tapia 2025"}]},{"@type":"WebSite","@id":"https:\/\/padelzoco.es\/#website","url":"https:\/\/padelzoco.es\/","name":"Padel Zoco","description":"Padel Zoco | Spain","publisher":{"@id":"https:\/\/padelzoco.es\/#organization"},"potentialAction":[{"@type":"SearchAction","target":{"@type":"EntryPoint","urlTemplate":"https:\/\/padelzoco.es\/?s={search_term_string}"},"query-input":{"@type":"PropertyValueSpecification","valueRequired":true,"valueName":"search_term_string"}}],"inLanguage":"en-GB"},{"@type":"Organization","@id":"https:\/\/padelzoco.es\/#organization","name":"Padel Zoco","url":"https:\/\/padelzoco.es\/","logo":{"@type":"ImageObject","inLanguage":"en-GB","@id":"https:\/\/padelzoco.es\/#\/schema\/logo\/image\/","url":"https:\/\/padelzoco.es\/wp-content\/uploads\/2023\/11\/PadelZoco_Logo_black_white.webp","contentUrl":"https:\/\/padelzoco.es\/wp-content\/uploads\/2023\/11\/PadelZoco_Logo_black_white.webp","width":1500,"height":631,"caption":"Padel Zoco"},"image":{"@id":"https:\/\/padelzoco.es\/#\/schema\/logo\/image\/"}}]}},"_links":{"self":[{"href":"https:\/\/padelzoco.es\/en\/wp-json\/wp\/v2\/product\/13123","targetHints":{"allow":["GET"]}}],"collection":[{"href":"https:\/\/padelzoco.es\/en\/wp-json\/wp\/v2\/product"}],"about":[{"href":"https:\/\/padelzoco.es\/en\/wp-json\/wp\/v2\/types\/product"}],"version-history":[{"count":1,"href":"https:\/\/padelzoco.es\/en\/wp-json\/wp\/v2\/product\/13123\/revisions"}],"predecessor-version":[{"id":19159,"href":"https:\/\/padelzoco.es\/en\/wp-json\/wp\/v2\/product\/13123\/revisions\/19159"}],"wp:featuredmedia":[{"embeddable":true,"href":"https:\/\/padelzoco.es\/en\/wp-json\/wp\/v2\/media\/13136"}],"wp:attachment":[{"href":"https:\/\/padelzoco.es\/en\/wp-json\/wp\/v2\/media?parent=13123"}],"wp:term":[{"taxonomy":"product_brand","embeddable":true,"href":"https:\/\/padelzoco.es\/en\/wp-json\/wp\/v2\/product_brand?post=13123"},{"taxonomy":"product_cat","embeddable":true,"href":"https:\/\/padelzoco.es\/en\/wp-json\/wp\/v2\/product_cat?post=13123"},{"taxonomy":"product_tag","embeddable":true,"href":"https:\/\/padelzoco.es\/en\/wp-json\/wp\/v2\/product_tag?post=13123"}],"curies":[{"name":"wp","href":"https:\/\/api.w.org\/{rel}","templated":true}]}}