{"id":13137,"date":"2024-09-23T20:00:43","date_gmt":"2024-09-23T19:00:43","guid":{"rendered":"https:\/\/adc06f55e9.nxcli.io\/?post_type=product&#038;p=13137"},"modified":"2026-02-02T09:25:24","modified_gmt":"2026-02-02T08:25:24","slug":"pala-padel-nox-at10-attack-18k-alum-agustin-tapia-2025","status":"publish","type":"product","link":"https:\/\/padelzoco.es\/en\/product\/pala-padel-nox-at10-attack-18k-alum-agustin-tapia-2025\/","title":{"rendered":"Pala Padel Nox AT10 Attack 18K Alum Agustin Tapia 2025"},"content":{"rendered":"<div class=\"flex max-w-full flex-col flex-grow\">\n<div class=\"min-h-[20px] text-message flex w-full flex-col items-end gap-2 whitespace-normal break-words [.text-message+&amp;]:mt-5\" dir=\"auto\" data-message-author-role=\"assistant\" data-message-id=\"58ad6633-a0a4-4d68-8caf-2205e3831223\">\n<div class=\"flex w-full flex-col gap-1 empty:hidden first:pt-[3px]\">\n<div class=\"markdown prose w-full break-words dark:prose-invert light\">\n<p>The NOX Padel Racket 2025 AT10 Genius Attack 18 Alum Agustin Tapia is tailored for players seeking maximum aggression in offensive shots, featuring a diamond shape. It includes an octagonal butt cap for enhanced grip, regardless of holding style, and retains EOS Flap technology to improve maneuverability and weight distribution for fast, lethal performance on the court. The 18K aluminized carbon and MLD Black Eva core provide a comfortable feel with a solid medium-hard touch, while the aluminized carbon enhances temperature resistance for consistent performance in varying conditions. EXCLUSIVE SPIN technology, with dual rough finishes (3D hexagonal center and sand texture), improves control and spin. The NOX Custom Grip\u00ae and Pulse System minimize vibrations to reduce joint fatigue, and the Smartstrap\u00ae system offers a hygienic, customizable safety cord.<\/p>\n<p><strong>Specifications:<\/strong><\/p>\n<ul>\n<li><strong>Weight:<\/strong> 360-375g<\/li>\n<li><strong>Thickness:<\/strong> 38 mm<\/li>\n<li><strong>Frame Material:<\/strong> Carbon<\/li>\n<li><strong>Core Material:<\/strong> MLD Black Eva<\/li>\n<li><strong>Face Material:<\/strong> 18K Alum Carbon<\/li>\n<li><strong>Surface Texture:<\/strong> Exclusive SPIN 3D and sand roughness<\/li>\n<li><strong>Shape:<\/strong> Diamond<\/li>\n<li><strong>Power Rating:<\/strong> 100\/100<\/li>\n<li><strong>Control Rating:<\/strong> 90\/100<\/li>\n<\/ul>\n<p><strong>Technologies:<\/strong><\/p>\n<ul>\n<li><strong>18K Alum Carbon:<\/strong> Provides durability and temperature resistance.<\/li>\n<li><strong>MLD Black Eva Core:<\/strong> Ensures comfort and a solid touch.<\/li>\n<li><strong>EOS Flap Technology:<\/strong> Enhances maneuverability and weight distribution.<\/li>\n<li><strong>EXCLUSIVE SPIN:<\/strong> Dual rough finishes for improved control and spin.<\/li>\n<li><strong>NOX Custom Grip\u00ae &amp; Pulse System:<\/strong> Reduce vibrations for less joint fatigue.<\/li>\n<li><strong>Smartstrap\u00ae:<\/strong> Replaceable safety cord for improved hygiene and customization.<\/li>\n<\/ul>\n<div class=\"flex max-w-full flex-col flex-grow\">\n<div class=\"min-h-[20px] text-message flex w-full flex-col items-end gap-2 whitespace-normal break-words [.text-message+&amp;]:mt-5\" dir=\"auto\" data-message-author-role=\"assistant\" data-message-id=\"f0b3e96d-ea90-4179-9cf9-0d8346b6ce53\">\n<div class=\"flex w-full flex-col gap-1 empty:hidden first:pt-[3px]\">\n<div class=\"markdown prose w-full break-words dark:prose-invert light\">\n<p>This racket is designed for aggressive players who prioritize power, control, and performance on the court.<\/p>\n<\/div>\n<\/div>\n<\/div>\n<\/div>\n<\/div>\n<\/div>\n<\/div>\n<\/div>\n","protected":false},"excerpt":{"rendered":"<div class=\"flex max-w-full flex-col flex-grow\">\n<div class=\"min-h-[20px] text-message flex w-full flex-col items-end gap-2 whitespace-normal break-words [.text-message+&amp;]:mt-5\" dir=\"auto\" data-message-author-role=\"assistant\" data-message-id=\"58ad6633-a0a4-4d68-8caf-2205e3831223\">\n<div class=\"flex w-full flex-col gap-1 empty:hidden first:pt-[3px]\">\n<div class=\"markdown prose w-full break-words dark:prose-invert light\">\n<p data-start=\"0\" data-end=\"1058\">La <strong data-start=\"3\" data-end=\"47\">pala NOX AT10 Genius Attack 18 Alum 2025<\/strong> de <strong data-start=\"51\" data-end=\"68\">Agust\u00edn Tapia<\/strong> est\u00e1 dise\u00f1ada para jugadores que buscan <strong data-start=\"109\" data-end=\"131\">m\u00e1xima agresividad<\/strong> en sus <strong data-start=\"139\" data-end=\"158\">tiros ofensivos<\/strong>, con una <strong data-start=\"168\" data-end=\"186\">forma diamante<\/strong>. Incluye un <strong data-start=\"199\" data-end=\"221\">butt cap octagonal<\/strong> para mejorar el agarre, independientemente del estilo de sujeci\u00f3n, y mantiene la tecnolog\u00eda <strong data-start=\"314\" data-end=\"326\">EOS Flap<\/strong> para mejorar la <strong data-start=\"343\" data-end=\"362\">maniobrabilidad<\/strong> y la distribuci\u00f3n del peso, asegurando un rendimiento r\u00e1pido y letal en la pista. El <strong data-start=\"448\" data-end=\"475\">carbono aluminizado 18K<\/strong> y el n\u00facleo <strong data-start=\"488\" data-end=\"505\">MLD Black Eva<\/strong> ofrecen una sensaci\u00f3n c\u00f3moda con un toque <strong data-start=\"548\" data-end=\"558\">s\u00f3lido<\/strong> y de dureza media, mientras que el carbono aluminizado mejora la resistencia a las temperaturas para un rendimiento constante en diversas condiciones. La tecnolog\u00eda <strong data-start=\"724\" data-end=\"742\">EXCLUSIVE SPIN<\/strong>, con acabados rugosos dobles (centro 3D hexagonal y textura arenosa), mejora el <strong data-start=\"823\" data-end=\"834\">control<\/strong> y el <strong data-start=\"840\" data-end=\"848\">spin<\/strong>. El <strong data-start=\"853\" data-end=\"873\">NOX Custom Grip\u00ae<\/strong> y el <strong data-start=\"879\" data-end=\"895\">Pulse System<\/strong> reducen las vibraciones para disminuir la fatiga en las articulaciones, y el sistema <strong data-start=\"981\" data-end=\"996\">Smartstrap\u00ae<\/strong> ofrece un cord\u00f3n de seguridad m\u00e1s higi\u00e9nico y personalizable.<\/p>\n<hr data-start=\"1060\" data-end=\"1063\" \/>\n<h3 data-start=\"1065\" data-end=\"1090\"><strong data-start=\"1069\" data-end=\"1090\">Especificaciones:<\/strong><\/h3>\n<ul data-start=\"1092\" data-end=\"1427\">\n<li data-start=\"1092\" data-end=\"1114\"><strong data-start=\"1094\" data-end=\"1102\">Peso<\/strong>: 360-375g<\/li>\n<li data-start=\"1115\" data-end=\"1136\"><strong data-start=\"1117\" data-end=\"1127\">Grosor<\/strong>: 38 mm<\/li>\n<li data-start=\"1137\" data-end=\"1176\"><strong data-start=\"1139\" data-end=\"1161\">Material del marco<\/strong>: <strong data-start=\"1163\" data-end=\"1174\">Carbono<\/strong><\/li>\n<li data-start=\"1177\" data-end=\"1223\"><strong data-start=\"1179\" data-end=\"1202\">Material del n\u00facleo<\/strong>: <strong data-start=\"1204\" data-end=\"1221\">MLD Black Eva<\/strong><\/li>\n<li data-start=\"1224\" data-end=\"1273\"><strong data-start=\"1226\" data-end=\"1249\">Material de la cara<\/strong>: <strong data-start=\"1251\" data-end=\"1271\">Carbono 18K Alum<\/strong><\/li>\n<li data-start=\"1274\" data-end=\"1349\"><strong data-start=\"1276\" data-end=\"1304\">Textura de la superficie<\/strong>: <strong data-start=\"1306\" data-end=\"1317\">SPIN 3D<\/strong> exclusivo y rugosidad arenosa<\/li>\n<li data-start=\"1350\" data-end=\"1377\"><strong data-start=\"1352\" data-end=\"1361\">Forma<\/strong>: <strong data-start=\"1363\" data-end=\"1375\">Diamante<\/strong><\/li>\n<li data-start=\"1378\" data-end=\"1403\"><strong data-start=\"1380\" data-end=\"1392\">Potencia<\/strong>: 100\/100<\/li>\n<li data-start=\"1404\" data-end=\"1427\"><strong data-start=\"1406\" data-end=\"1417\">Control<\/strong>: 90\/100<\/li>\n<\/ul>\n<hr data-start=\"1429\" data-end=\"1432\" \/>\n<h3 data-start=\"1434\" data-end=\"1454\"><strong data-start=\"1438\" data-end=\"1454\">Tecnolog\u00edas:<\/strong><\/h3>\n<ul data-start=\"1456\" data-end=\"1957\">\n<li data-start=\"1456\" data-end=\"1532\"><strong data-start=\"1458\" data-end=\"1478\">Carbono 18K Alum<\/strong>: Aporta durabilidad y resistencia a la temperatura.<\/li>\n<li data-start=\"1533\" data-end=\"1599\"><strong data-start=\"1535\" data-end=\"1559\">N\u00facleo MLD Black Eva<\/strong>: Garantiza confort y un toque s\u00f3lido.<\/li>\n<li data-start=\"1600\" data-end=\"1682\"><strong data-start=\"1602\" data-end=\"1625\">Tecnolog\u00eda EOS Flap<\/strong>: Mejora la maniobrabilidad y la distribuci\u00f3n del peso.<\/li>\n<li data-start=\"1683\" data-end=\"1765\"><strong data-start=\"1685\" data-end=\"1703\">EXCLUSIVE SPIN<\/strong>: Acabados rugosos dobles para mejorar el control y el spin.<\/li>\n<li data-start=\"1766\" data-end=\"1867\"><strong data-start=\"1768\" data-end=\"1803\">NOX Custom Grip\u00ae y Pulse System<\/strong>: Reducen vibraciones para menos fatiga en las articulaciones.<\/li>\n<li data-start=\"1868\" data-end=\"1957\"><strong data-start=\"1870\" data-end=\"1885\">Smartstrap\u00ae<\/strong>: Cord\u00f3n de seguridad reemplazable para mejor higiene y personalizaci\u00f3n.<\/li>\n<\/ul>\n<\/div>\n<\/div>\n<\/div>\n<\/div>\n","protected":false},"featured_media":13150,"template":"","meta":[],"product_brand":[],"product_cat":[705,582,584,589,697,574,572],"product_tag":[],"class_list":{"0":"post-13137","1":"product","2":"type-product","3":"status-publish","4":"has-post-thumbnail","6":"product_cat-agustin-tapia","7":"product_cat-avanzado-palas","8":"product_cat-diamante-palas","9":"product_cat-hombre-palas","10":"product_cat-nox-padel","11":"product_cat-nox-palas","12":"product_cat-palas","13":"pa_brand-nox","14":"pa_gender-hombre","15":"pa_hs_code-134","17":"first","18":"outofstock","19":"sale","20":"taxable","21":"shipping-taxable","22":"purchasable","23":"product-type-simple"},"yoast_head":"<!-- This site is optimized with the Yoast SEO plugin v27.3 - https:\/\/yoast.com\/product\/yoast-seo-wordpress\/ -->\n<title>Pala Padel Nox AT10 Attack 18K Alum Agustin Tapia 2025 - Padel Zoco<\/title>\n<meta name=\"description\" content=\"La pala NOX AT10 Genius Attack 18 Alum 2025 de Agust\u00edn Tapia ofrece potencia, control y rendimiento, con tecnolog\u00eda avanzada y un agarre mejorado.\" \/>\n<meta name=\"robots\" content=\"index, follow, max-snippet:-1, max-image-preview:large, max-video-preview:-1\" \/>\n<link rel=\"canonical\" href=\"https:\/\/padelzoco.es\/en\/product\/pala-padel-nox-at10-attack-18k-alum-agustin-tapia-2025\/\" \/>\n<meta property=\"og:locale\" content=\"en_GB\" \/>\n<meta property=\"og:type\" content=\"article\" \/>\n<meta property=\"og:title\" content=\"Pala Padel Nox AT10 Attack 18K Alum Agustin Tapia 2025 - Padel Zoco\" \/>\n<meta property=\"og:description\" content=\"La pala NOX AT10 Genius Attack 18 Alum 2025 de Agust\u00edn Tapia ofrece potencia, control y rendimiento, con tecnolog\u00eda avanzada y un agarre mejorado.\" \/>\n<meta property=\"og:url\" content=\"https:\/\/padelzoco.es\/en\/product\/pala-padel-nox-at10-attack-18k-alum-agustin-tapia-2025\/\" \/>\n<meta property=\"og:site_name\" content=\"Padel Zoco\" \/>\n<meta property=\"article:modified_time\" content=\"2026-02-02T08:25:24+00:00\" \/>\n<meta property=\"og:image\" content=\"https:\/\/padelzoco.es\/wp-content\/uploads\/2024\/09\/NOX-AT10-Genius-Attack-18-Alum-Agustin-Tapia-Padel-Racket-01.webp\" \/>\n\t<meta property=\"og:image:width\" content=\"1400\" \/>\n\t<meta property=\"og:image:height\" content=\"1400\" \/>\n\t<meta property=\"og:image:type\" content=\"image\/webp\" \/>\n<meta name=\"twitter:card\" content=\"summary_large_image\" \/>\n<meta name=\"twitter:label1\" content=\"Estimated reading time\" \/>\n\t<meta name=\"twitter:data1\" content=\"2 minutes\" \/>\n<script type=\"application\/ld+json\" class=\"yoast-schema-graph\">{\"@context\":\"https:\\\/\\\/schema.org\",\"@graph\":[{\"@type\":\"WebPage\",\"@id\":\"https:\\\/\\\/padelzoco.es\\\/product\\\/pala-padel-nox-at10-attack-18k-alum-agustin-tapia-2025\\\/\",\"url\":\"https:\\\/\\\/padelzoco.es\\\/product\\\/pala-padel-nox-at10-attack-18k-alum-agustin-tapia-2025\\\/\",\"name\":\"Pala Padel Nox AT10 Attack 18K Alum Agustin Tapia 2025 - Padel Zoco\",\"isPartOf\":{\"@id\":\"https:\\\/\\\/padelzoco.es\\\/#website\"},\"primaryImageOfPage\":{\"@id\":\"https:\\\/\\\/padelzoco.es\\\/product\\\/pala-padel-nox-at10-attack-18k-alum-agustin-tapia-2025\\\/#primaryimage\"},\"image\":{\"@id\":\"https:\\\/\\\/padelzoco.es\\\/product\\\/pala-padel-nox-at10-attack-18k-alum-agustin-tapia-2025\\\/#primaryimage\"},\"thumbnailUrl\":\"https:\\\/\\\/padelzoco.es\\\/wp-content\\\/uploads\\\/2024\\\/09\\\/NOX-AT10-Genius-Attack-18-Alum-Agustin-Tapia-Padel-Racket-01.webp\",\"datePublished\":\"2024-09-23T19:00:43+00:00\",\"dateModified\":\"2026-02-02T08:25:24+00:00\",\"description\":\"La pala NOX AT10 Genius Attack 18 Alum 2025 de Agust\u00edn Tapia ofrece potencia, control y rendimiento, con tecnolog\u00eda avanzada y un agarre mejorado.\",\"breadcrumb\":{\"@id\":\"https:\\\/\\\/padelzoco.es\\\/product\\\/pala-padel-nox-at10-attack-18k-alum-agustin-tapia-2025\\\/#breadcrumb\"},\"inLanguage\":\"en-GB\",\"potentialAction\":[{\"@type\":\"ReadAction\",\"target\":[\"https:\\\/\\\/padelzoco.es\\\/product\\\/pala-padel-nox-at10-attack-18k-alum-agustin-tapia-2025\\\/\"]}]},{\"@type\":\"ImageObject\",\"inLanguage\":\"en-GB\",\"@id\":\"https:\\\/\\\/padelzoco.es\\\/product\\\/pala-padel-nox-at10-attack-18k-alum-agustin-tapia-2025\\\/#primaryimage\",\"url\":\"https:\\\/\\\/padelzoco.es\\\/wp-content\\\/uploads\\\/2024\\\/09\\\/NOX-AT10-Genius-Attack-18-Alum-Agustin-Tapia-Padel-Racket-01.webp\",\"contentUrl\":\"https:\\\/\\\/padelzoco.es\\\/wp-content\\\/uploads\\\/2024\\\/09\\\/NOX-AT10-Genius-Attack-18-Alum-Agustin-Tapia-Padel-Racket-01.webp\",\"width\":1400,\"height\":1400,\"caption\":\"NOX AT10 Genius Attack 18 Alum Agustin Tapia Padel Racket 01\"},{\"@type\":\"BreadcrumbList\",\"@id\":\"https:\\\/\\\/padelzoco.es\\\/product\\\/pala-padel-nox-at10-attack-18k-alum-agustin-tapia-2025\\\/#breadcrumb\",\"itemListElement\":[{\"@type\":\"ListItem\",\"position\":1,\"name\":\"Home\",\"item\":\"https:\\\/\\\/padelzoco.es\\\/\"},{\"@type\":\"ListItem\",\"position\":2,\"name\":\"Padel Zoco\",\"item\":\"https:\\\/\\\/padelzoco.es\\\/padel-zoco\\\/\"},{\"@type\":\"ListItem\",\"position\":3,\"name\":\"Pala Padel Nox AT10 Attack 18K Alum Agustin Tapia 2025\"}]},{\"@type\":\"WebSite\",\"@id\":\"https:\\\/\\\/padelzoco.es\\\/#website\",\"url\":\"https:\\\/\\\/padelzoco.es\\\/\",\"name\":\"Padel Zoco\",\"description\":\"Padel Zoco | Spain\",\"publisher\":{\"@id\":\"https:\\\/\\\/padelzoco.es\\\/#organization\"},\"potentialAction\":[{\"@type\":\"SearchAction\",\"target\":{\"@type\":\"EntryPoint\",\"urlTemplate\":\"https:\\\/\\\/padelzoco.es\\\/?s={search_term_string}\"},\"query-input\":{\"@type\":\"PropertyValueSpecification\",\"valueRequired\":true,\"valueName\":\"search_term_string\"}}],\"inLanguage\":\"en-GB\"},{\"@type\":\"Organization\",\"@id\":\"https:\\\/\\\/padelzoco.es\\\/#organization\",\"name\":\"Padel Zoco\",\"url\":\"https:\\\/\\\/padelzoco.es\\\/\",\"logo\":{\"@type\":\"ImageObject\",\"inLanguage\":\"en-GB\",\"@id\":\"https:\\\/\\\/padelzoco.es\\\/#\\\/schema\\\/logo\\\/image\\\/\",\"url\":\"https:\\\/\\\/padelzoco.es\\\/wp-content\\\/uploads\\\/2023\\\/11\\\/PadelZoco_Logo_black_white.webp\",\"contentUrl\":\"https:\\\/\\\/padelzoco.es\\\/wp-content\\\/uploads\\\/2023\\\/11\\\/PadelZoco_Logo_black_white.webp\",\"width\":1500,\"height\":631,\"caption\":\"Padel Zoco\"},\"image\":{\"@id\":\"https:\\\/\\\/padelzoco.es\\\/#\\\/schema\\\/logo\\\/image\\\/\"}}]}<\/script>\n<!-- \/ Yoast SEO plugin. -->","yoast_head_json":{"title":"Pala Padel Nox AT10 Attack 18K Alum Agustin Tapia 2025 - Padel Zoco","description":"La pala NOX AT10 Genius Attack 18 Alum 2025 de Agust\u00edn Tapia ofrece potencia, control y rendimiento, con tecnolog\u00eda avanzada y un agarre mejorado.","robots":{"index":"index","follow":"follow","max-snippet":"max-snippet:-1","max-image-preview":"max-image-preview:large","max-video-preview":"max-video-preview:-1"},"canonical":"https:\/\/padelzoco.es\/en\/product\/pala-padel-nox-at10-attack-18k-alum-agustin-tapia-2025\/","og_locale":"en_GB","og_type":"article","og_title":"Pala Padel Nox AT10 Attack 18K Alum Agustin Tapia 2025 - Padel Zoco","og_description":"La pala NOX AT10 Genius Attack 18 Alum 2025 de Agust\u00edn Tapia ofrece potencia, control y rendimiento, con tecnolog\u00eda avanzada y un agarre mejorado.","og_url":"https:\/\/padelzoco.es\/en\/product\/pala-padel-nox-at10-attack-18k-alum-agustin-tapia-2025\/","og_site_name":"Padel Zoco","article_modified_time":"2026-02-02T08:25:24+00:00","og_image":[{"width":1400,"height":1400,"url":"https:\/\/padelzoco.es\/wp-content\/uploads\/2024\/09\/NOX-AT10-Genius-Attack-18-Alum-Agustin-Tapia-Padel-Racket-01.webp","type":"image\/webp"}],"twitter_card":"summary_large_image","twitter_misc":{"Estimated reading time":"2 minutes"},"schema":{"@context":"https:\/\/schema.org","@graph":[{"@type":"WebPage","@id":"https:\/\/padelzoco.es\/product\/pala-padel-nox-at10-attack-18k-alum-agustin-tapia-2025\/","url":"https:\/\/padelzoco.es\/product\/pala-padel-nox-at10-attack-18k-alum-agustin-tapia-2025\/","name":"Pala Padel Nox AT10 Attack 18K Alum Agustin Tapia 2025 - Padel Zoco","isPartOf":{"@id":"https:\/\/padelzoco.es\/#website"},"primaryImageOfPage":{"@id":"https:\/\/padelzoco.es\/product\/pala-padel-nox-at10-attack-18k-alum-agustin-tapia-2025\/#primaryimage"},"image":{"@id":"https:\/\/padelzoco.es\/product\/pala-padel-nox-at10-attack-18k-alum-agustin-tapia-2025\/#primaryimage"},"thumbnailUrl":"https:\/\/padelzoco.es\/wp-content\/uploads\/2024\/09\/NOX-AT10-Genius-Attack-18-Alum-Agustin-Tapia-Padel-Racket-01.webp","datePublished":"2024-09-23T19:00:43+00:00","dateModified":"2026-02-02T08:25:24+00:00","description":"La pala NOX AT10 Genius Attack 18 Alum 2025 de Agust\u00edn Tapia ofrece potencia, control y rendimiento, con tecnolog\u00eda avanzada y un agarre mejorado.","breadcrumb":{"@id":"https:\/\/padelzoco.es\/product\/pala-padel-nox-at10-attack-18k-alum-agustin-tapia-2025\/#breadcrumb"},"inLanguage":"en-GB","potentialAction":[{"@type":"ReadAction","target":["https:\/\/padelzoco.es\/product\/pala-padel-nox-at10-attack-18k-alum-agustin-tapia-2025\/"]}]},{"@type":"ImageObject","inLanguage":"en-GB","@id":"https:\/\/padelzoco.es\/product\/pala-padel-nox-at10-attack-18k-alum-agustin-tapia-2025\/#primaryimage","url":"https:\/\/padelzoco.es\/wp-content\/uploads\/2024\/09\/NOX-AT10-Genius-Attack-18-Alum-Agustin-Tapia-Padel-Racket-01.webp","contentUrl":"https:\/\/padelzoco.es\/wp-content\/uploads\/2024\/09\/NOX-AT10-Genius-Attack-18-Alum-Agustin-Tapia-Padel-Racket-01.webp","width":1400,"height":1400,"caption":"NOX AT10 Genius Attack 18 Alum Agustin Tapia Padel Racket 01"},{"@type":"BreadcrumbList","@id":"https:\/\/padelzoco.es\/product\/pala-padel-nox-at10-attack-18k-alum-agustin-tapia-2025\/#breadcrumb","itemListElement":[{"@type":"ListItem","position":1,"name":"Home","item":"https:\/\/padelzoco.es\/"},{"@type":"ListItem","position":2,"name":"Padel Zoco","item":"https:\/\/padelzoco.es\/padel-zoco\/"},{"@type":"ListItem","position":3,"name":"Pala Padel Nox AT10 Attack 18K Alum Agustin Tapia 2025"}]},{"@type":"WebSite","@id":"https:\/\/padelzoco.es\/#website","url":"https:\/\/padelzoco.es\/","name":"Padel Zoco","description":"Padel Zoco | Spain","publisher":{"@id":"https:\/\/padelzoco.es\/#organization"},"potentialAction":[{"@type":"SearchAction","target":{"@type":"EntryPoint","urlTemplate":"https:\/\/padelzoco.es\/?s={search_term_string}"},"query-input":{"@type":"PropertyValueSpecification","valueRequired":true,"valueName":"search_term_string"}}],"inLanguage":"en-GB"},{"@type":"Organization","@id":"https:\/\/padelzoco.es\/#organization","name":"Padel Zoco","url":"https:\/\/padelzoco.es\/","logo":{"@type":"ImageObject","inLanguage":"en-GB","@id":"https:\/\/padelzoco.es\/#\/schema\/logo\/image\/","url":"https:\/\/padelzoco.es\/wp-content\/uploads\/2023\/11\/PadelZoco_Logo_black_white.webp","contentUrl":"https:\/\/padelzoco.es\/wp-content\/uploads\/2023\/11\/PadelZoco_Logo_black_white.webp","width":1500,"height":631,"caption":"Padel Zoco"},"image":{"@id":"https:\/\/padelzoco.es\/#\/schema\/logo\/image\/"}}]}},"_links":{"self":[{"href":"https:\/\/padelzoco.es\/en\/wp-json\/wp\/v2\/product\/13137","targetHints":{"allow":["GET"]}}],"collection":[{"href":"https:\/\/padelzoco.es\/en\/wp-json\/wp\/v2\/product"}],"about":[{"href":"https:\/\/padelzoco.es\/en\/wp-json\/wp\/v2\/types\/product"}],"version-history":[{"count":1,"href":"https:\/\/padelzoco.es\/en\/wp-json\/wp\/v2\/product\/13137\/revisions"}],"predecessor-version":[{"id":19219,"href":"https:\/\/padelzoco.es\/en\/wp-json\/wp\/v2\/product\/13137\/revisions\/19219"}],"wp:featuredmedia":[{"embeddable":true,"href":"https:\/\/padelzoco.es\/en\/wp-json\/wp\/v2\/media\/13150"}],"wp:attachment":[{"href":"https:\/\/padelzoco.es\/en\/wp-json\/wp\/v2\/media?parent=13137"}],"wp:term":[{"taxonomy":"product_brand","embeddable":true,"href":"https:\/\/padelzoco.es\/en\/wp-json\/wp\/v2\/product_brand?post=13137"},{"taxonomy":"product_cat","embeddable":true,"href":"https:\/\/padelzoco.es\/en\/wp-json\/wp\/v2\/product_cat?post=13137"},{"taxonomy":"product_tag","embeddable":true,"href":"https:\/\/padelzoco.es\/en\/wp-json\/wp\/v2\/product_tag?post=13137"}],"curies":[{"name":"wp","href":"https:\/\/api.w.org\/{rel}","templated":true}]}}