{"id":13646,"date":"2024-10-14T07:33:45","date_gmt":"2024-10-14T06:33:45","guid":{"rendered":"https:\/\/adc06f55e9.nxcli.io\/?post_type=product&#038;p=13646"},"modified":"2026-04-15T16:55:35","modified_gmt":"2026-04-15T15:55:35","slug":"head-pro-padel-balls-can-of-3","status":"publish","type":"product","link":"https:\/\/padelzoco.es\/en\/product\/head-pro-padel-balls-can-of-3\/","title":{"rendered":"Bote 3 Bolas Head PRO+"},"content":{"rendered":"<p data-start=\"0\" data-end=\"473\">La pelota de p\u00e1del <span class=\"hover:entity-accent entity-underline inline cursor-pointer align-baseline\"><span class=\"whitespace-normal\">HEAD<\/span><\/span> PRO+ est\u00e1 dise\u00f1ada para jugadores exigentes que buscan el m\u00e1ximo control y durabilidad en cada punto. Gracias a su n\u00facleo con nueva f\u00f3rmula, mantiene la presi\u00f3n durante m\u00e1s tiempo, garantizando un rendimiento constante incluso en partidos intensos. Adem\u00e1s, incorpora un nuevo fieltro desarrollado espec\u00edficamente para p\u00e1del, que mejora la resistencia al desgaste y prolonga su vida \u00fatil.<\/p>\n<p data-start=\"475\" data-end=\"760\">Su dise\u00f1o con pared m\u00e1s fina facilita un mayor control, permitiendo una mejor sensaci\u00f3n en el golpeo y mayor precisi\u00f3n en cada intercambio. Reconocida como pelota oficial de la Federaci\u00f3n Espa\u00f1ola de P\u00e1del, es una opci\u00f3n de alto nivel tanto para entrenamientos como para competici\u00f3n.<\/p>\n<p data-start=\"762\" data-end=\"1122\">En l\u00ednea con el compromiso medioambiental, la HEAD PRO+ se presenta en un nuevo envase m\u00e1s sostenible. La lata est\u00e1 fabricada con un 35 % de PET reciclado preconsumo, mientras que la funda m\u00e1s corta de polipropileno facilita el reciclaje y mejora la detecci\u00f3n del material por parte de las m\u00e1quinas, contribuyendo a una gesti\u00f3n m\u00e1s eficiente de los residuos.<\/p>\n<p data-start=\"1124\" data-end=\"1147\"><strong data-start=\"1124\" data-end=\"1145\">Specifications:<\/strong><\/p>\n<ul data-start=\"1148\" data-end=\"1493\">\n<li data-section-id=\"z5i51i\" data-start=\"1148\" data-end=\"1163\">\n<p data-start=\"1150\" data-end=\"1163\">Marca: HEAD<\/p>\n<\/li>\n<li data-section-id=\"1c776gk\" data-start=\"1164\" data-end=\"1180\">\n<p data-start=\"1166\" data-end=\"1180\">Modelo: PRO+<\/p>\n<\/li>\n<li data-section-id=\"cezci7\" data-start=\"1181\" data-end=\"1217\">\n<p data-start=\"1183\" data-end=\"1217\">Uso: Entrenamiento y competici\u00f3n<\/p>\n<\/li>\n<li data-section-id=\"ig0370\" data-start=\"1218\" data-end=\"1274\">\n<p data-start=\"1220\" data-end=\"1274\">N\u00facleo: Nueva f\u00f3rmula con mayor retenci\u00f3n de presi\u00f3n<\/p>\n<\/li>\n<li data-section-id=\"10edkdq\" data-start=\"1275\" data-end=\"1327\">\n<p data-start=\"1277\" data-end=\"1327\">Fieltro: Exclusivo para p\u00e1del, mayor durabilidad<\/p>\n<\/li>\n<li data-section-id=\"1e2elr7\" data-start=\"1328\" data-end=\"1379\">\n<p data-start=\"1330\" data-end=\"1379\">Construcci\u00f3n: Pared m\u00e1s fina para mejor control<\/p>\n<\/li>\n<li data-section-id=\"k881yi\" data-start=\"1380\" data-end=\"1442\">\n<p data-start=\"1382\" data-end=\"1442\">Certificaci\u00f3n: Pelota oficial Federaci\u00f3n Espa\u00f1ola de P\u00e1del<\/p>\n<\/li>\n<li data-section-id=\"1m7oizu\" data-start=\"1443\" data-end=\"1493\">\n<p data-start=\"1445\" data-end=\"1493\">Envase: Lata sostenible con 35 % PET reciclado<\/p>\n<\/li>\n<\/ul>","protected":false},"excerpt":{"rendered":"<p>Pelota de p\u00e1del Head Pro+. Con un n\u00facleo de nueva f\u00f3rmula que mantiene la presi\u00f3n durante m\u00e1s tiempo y un nuevo fieltro desarrollado exclusivamente para p\u00e1del, la pelota HEAD PRO+ es ahora a\u00fan m\u00e1s duradera, mientras que su pared m\u00e1s fina facilita el control. Popular entre los jugadores m\u00e1s exigentes que buscan un control excepcional, esta pelota oficial de la Federaci\u00f3n Espa\u00f1ola de P\u00e1del se presenta en un envase m\u00e1s sostenible gracias a un nuevo dise\u00f1o de lata que la hace m\u00e1s ecol\u00f3gica y f\u00e1cil de reciclar, al igual que su funda.<\/p>\n<p><strong>Features:<\/strong><\/p>\n<p>Excelente control<\/p>\n<ul>\n<li>Pelota oficial de la Federaci\u00f3n Espa\u00f1ola de P\u00e1del<\/li>\n<li>Nueva f\u00f3rmula del n\u00facleo que mantiene la presi\u00f3n durante m\u00e1s tiempo<\/li>\n<li>Nuevo fieltro desarrollado exclusivamente para p\u00e1del que mejora la durabilidad<\/li>\n<li>Pared m\u00e1s fina para un mayor control<\/li>\n<li>Nuevo dise\u00f1o de lata m\u00e1s sostenible y f\u00e1cil de reciclar<\/li>\n<li>Lata fabricada con un 35 % de PET reciclado preconsumo<\/li>\n<li>Funda m\u00e1s corta fabricada con polipropileno, un material reciclable<\/li>\n<\/ul>\n<p>Facilita la detecci\u00f3n del PET por las m\u00e1quinas y su correcta derivaci\u00f3n al sistema de reciclaje.<\/p>","protected":false},"featured_media":13648,"template":"","meta":[],"product_brand":[],"product_cat":[747,774,618,624],"product_tag":[],"class_list":{"0":"post-13646","1":"product","2":"type-product","3":"status-publish","4":"has-post-thumbnail","6":"product_cat-head-padel","7":"product_cat-head-pelotas","8":"product_cat-pelotas","9":"product_cat-tubo-pelotas","10":"pa_brand-wilson","11":"pa_hs_code-87","13":"first","14":"instock","15":"sale","16":"taxable","17":"shipping-taxable","18":"purchasable","19":"product-type-simple"},"yoast_head":"<!-- This site is optimized with the Yoast SEO plugin v27.3 - https:\/\/yoast.com\/product\/yoast-seo-wordpress\/ -->\n<title>Bote 3 Bolas Head PRO+ - Padel Zoco<\/title>\n<meta name=\"description\" content=\"Pelota HEAD PRO+ de p\u00e1del con m\u00e1ximo control, alta durabilidad y n\u00facleo mejorado. Oficial de la Federaci\u00f3n Espa\u00f1ola, con envase sostenible y materiales reciclados. Padel Zoco Madrid.\" \/>\n<meta name=\"robots\" content=\"index, follow, max-snippet:-1, max-image-preview:large, max-video-preview:-1\" \/>\n<link rel=\"canonical\" href=\"https:\/\/padelzoco.es\/en\/product\/head-pro-padel-balls-can-of-3\/\" \/>\n<meta property=\"og:locale\" content=\"en_GB\" \/>\n<meta property=\"og:type\" content=\"article\" \/>\n<meta property=\"og:title\" content=\"Bote 3 Bolas Head PRO+ - Padel Zoco\" \/>\n<meta property=\"og:description\" content=\"Pelota HEAD PRO+ de p\u00e1del con m\u00e1ximo control, alta durabilidad y n\u00facleo mejorado. Oficial de la Federaci\u00f3n Espa\u00f1ola, con envase sostenible y materiales reciclados. Padel Zoco Madrid.\" \/>\n<meta property=\"og:url\" content=\"https:\/\/padelzoco.es\/en\/product\/head-pro-padel-balls-can-of-3\/\" \/>\n<meta property=\"og:site_name\" content=\"Padel Zoco\" \/>\n<meta property=\"article:modified_time\" content=\"2026-04-15T15:55:35+00:00\" \/>\n<meta property=\"og:image\" content=\"https:\/\/padelzoco.es\/wp-content\/uploads\/2024\/10\/HEAD-PRO-Padel-Balls-Can-of-3.webp\" \/>\n\t<meta property=\"og:image:width\" content=\"1400\" \/>\n\t<meta property=\"og:image:height\" content=\"1400\" \/>\n\t<meta property=\"og:image:type\" content=\"image\/webp\" \/>\n<meta name=\"twitter:card\" content=\"summary_large_image\" \/>\n<meta name=\"twitter:label1\" content=\"Estimated reading time\" \/>\n\t<meta name=\"twitter:data1\" content=\"2 minutes\" \/>\n<script type=\"application\/ld+json\" class=\"yoast-schema-graph\">{\"@context\":\"https:\\\/\\\/schema.org\",\"@graph\":[{\"@type\":\"WebPage\",\"@id\":\"https:\\\/\\\/padelzoco.es\\\/product\\\/head-pro-padel-balls-can-of-3\\\/\",\"url\":\"https:\\\/\\\/padelzoco.es\\\/product\\\/head-pro-padel-balls-can-of-3\\\/\",\"name\":\"Bote 3 Bolas Head PRO+ - Padel Zoco\",\"isPartOf\":{\"@id\":\"https:\\\/\\\/padelzoco.es\\\/#website\"},\"primaryImageOfPage\":{\"@id\":\"https:\\\/\\\/padelzoco.es\\\/product\\\/head-pro-padel-balls-can-of-3\\\/#primaryimage\"},\"image\":{\"@id\":\"https:\\\/\\\/padelzoco.es\\\/product\\\/head-pro-padel-balls-can-of-3\\\/#primaryimage\"},\"thumbnailUrl\":\"https:\\\/\\\/padelzoco.es\\\/wp-content\\\/uploads\\\/2024\\\/10\\\/HEAD-PRO-Padel-Balls-Can-of-3.webp\",\"datePublished\":\"2024-10-14T06:33:45+00:00\",\"dateModified\":\"2026-04-15T15:55:35+00:00\",\"description\":\"Pelota HEAD PRO+ de p\u00e1del con m\u00e1ximo control, alta durabilidad y n\u00facleo mejorado. Oficial de la Federaci\u00f3n Espa\u00f1ola, con envase sostenible y materiales reciclados. Padel Zoco Madrid.\",\"breadcrumb\":{\"@id\":\"https:\\\/\\\/padelzoco.es\\\/product\\\/head-pro-padel-balls-can-of-3\\\/#breadcrumb\"},\"inLanguage\":\"en-GB\",\"potentialAction\":[{\"@type\":\"ReadAction\",\"target\":[\"https:\\\/\\\/padelzoco.es\\\/product\\\/head-pro-padel-balls-can-of-3\\\/\"]}]},{\"@type\":\"ImageObject\",\"inLanguage\":\"en-GB\",\"@id\":\"https:\\\/\\\/padelzoco.es\\\/product\\\/head-pro-padel-balls-can-of-3\\\/#primaryimage\",\"url\":\"https:\\\/\\\/padelzoco.es\\\/wp-content\\\/uploads\\\/2024\\\/10\\\/HEAD-PRO-Padel-Balls-Can-of-3.webp\",\"contentUrl\":\"https:\\\/\\\/padelzoco.es\\\/wp-content\\\/uploads\\\/2024\\\/10\\\/HEAD-PRO-Padel-Balls-Can-of-3.webp\",\"width\":1400,\"height\":1400,\"caption\":\"HEAD PRO+ Padel Balls Can of 3\"},{\"@type\":\"BreadcrumbList\",\"@id\":\"https:\\\/\\\/padelzoco.es\\\/product\\\/head-pro-padel-balls-can-of-3\\\/#breadcrumb\",\"itemListElement\":[{\"@type\":\"ListItem\",\"position\":1,\"name\":\"Home\",\"item\":\"https:\\\/\\\/padelzoco.es\\\/\"},{\"@type\":\"ListItem\",\"position\":2,\"name\":\"Padel Zoco\",\"item\":\"https:\\\/\\\/padelzoco.es\\\/padel-zoco\\\/\"},{\"@type\":\"ListItem\",\"position\":3,\"name\":\"Bote 3 Bolas Head PRO+\"}]},{\"@type\":\"WebSite\",\"@id\":\"https:\\\/\\\/padelzoco.es\\\/#website\",\"url\":\"https:\\\/\\\/padelzoco.es\\\/\",\"name\":\"Padel Zoco\",\"description\":\"Padel Zoco | Spain\",\"publisher\":{\"@id\":\"https:\\\/\\\/padelzoco.es\\\/#organization\"},\"potentialAction\":[{\"@type\":\"SearchAction\",\"target\":{\"@type\":\"EntryPoint\",\"urlTemplate\":\"https:\\\/\\\/padelzoco.es\\\/?s={search_term_string}\"},\"query-input\":{\"@type\":\"PropertyValueSpecification\",\"valueRequired\":true,\"valueName\":\"search_term_string\"}}],\"inLanguage\":\"en-GB\"},{\"@type\":\"Organization\",\"@id\":\"https:\\\/\\\/padelzoco.es\\\/#organization\",\"name\":\"Padel Zoco\",\"url\":\"https:\\\/\\\/padelzoco.es\\\/\",\"logo\":{\"@type\":\"ImageObject\",\"inLanguage\":\"en-GB\",\"@id\":\"https:\\\/\\\/padelzoco.es\\\/#\\\/schema\\\/logo\\\/image\\\/\",\"url\":\"https:\\\/\\\/padelzoco.es\\\/wp-content\\\/uploads\\\/2023\\\/11\\\/PadelZoco_Logo_black_white.webp\",\"contentUrl\":\"https:\\\/\\\/padelzoco.es\\\/wp-content\\\/uploads\\\/2023\\\/11\\\/PadelZoco_Logo_black_white.webp\",\"width\":1500,\"height\":631,\"caption\":\"Padel Zoco\"},\"image\":{\"@id\":\"https:\\\/\\\/padelzoco.es\\\/#\\\/schema\\\/logo\\\/image\\\/\"}}]}<\/script>\n<!-- \/ Yoast SEO plugin. -->","yoast_head_json":{"title":"Bote 3 Bolas Head PRO+ - Padel Zoco","description":"Pelota HEAD PRO+ de p\u00e1del con m\u00e1ximo control, alta durabilidad y n\u00facleo mejorado. Oficial de la Federaci\u00f3n Espa\u00f1ola, con envase sostenible y materiales reciclados. Padel Zoco Madrid.","robots":{"index":"index","follow":"follow","max-snippet":"max-snippet:-1","max-image-preview":"max-image-preview:large","max-video-preview":"max-video-preview:-1"},"canonical":"https:\/\/padelzoco.es\/en\/product\/head-pro-padel-balls-can-of-3\/","og_locale":"en_GB","og_type":"article","og_title":"Bote 3 Bolas Head PRO+ - Padel Zoco","og_description":"Pelota HEAD PRO+ de p\u00e1del con m\u00e1ximo control, alta durabilidad y n\u00facleo mejorado. Oficial de la Federaci\u00f3n Espa\u00f1ola, con envase sostenible y materiales reciclados. Padel Zoco Madrid.","og_url":"https:\/\/padelzoco.es\/en\/product\/head-pro-padel-balls-can-of-3\/","og_site_name":"Padel Zoco","article_modified_time":"2026-04-15T15:55:35+00:00","og_image":[{"width":1400,"height":1400,"url":"https:\/\/padelzoco.es\/wp-content\/uploads\/2024\/10\/HEAD-PRO-Padel-Balls-Can-of-3.webp","type":"image\/webp"}],"twitter_card":"summary_large_image","twitter_misc":{"Estimated reading time":"2 minutes"},"schema":{"@context":"https:\/\/schema.org","@graph":[{"@type":"WebPage","@id":"https:\/\/padelzoco.es\/product\/head-pro-padel-balls-can-of-3\/","url":"https:\/\/padelzoco.es\/product\/head-pro-padel-balls-can-of-3\/","name":"Bote 3 Bolas Head PRO+ - Padel Zoco","isPartOf":{"@id":"https:\/\/padelzoco.es\/#website"},"primaryImageOfPage":{"@id":"https:\/\/padelzoco.es\/product\/head-pro-padel-balls-can-of-3\/#primaryimage"},"image":{"@id":"https:\/\/padelzoco.es\/product\/head-pro-padel-balls-can-of-3\/#primaryimage"},"thumbnailUrl":"https:\/\/padelzoco.es\/wp-content\/uploads\/2024\/10\/HEAD-PRO-Padel-Balls-Can-of-3.webp","datePublished":"2024-10-14T06:33:45+00:00","dateModified":"2026-04-15T15:55:35+00:00","description":"Pelota HEAD PRO+ de p\u00e1del con m\u00e1ximo control, alta durabilidad y n\u00facleo mejorado. Oficial de la Federaci\u00f3n Espa\u00f1ola, con envase sostenible y materiales reciclados. Padel Zoco Madrid.","breadcrumb":{"@id":"https:\/\/padelzoco.es\/product\/head-pro-padel-balls-can-of-3\/#breadcrumb"},"inLanguage":"en-GB","potentialAction":[{"@type":"ReadAction","target":["https:\/\/padelzoco.es\/product\/head-pro-padel-balls-can-of-3\/"]}]},{"@type":"ImageObject","inLanguage":"en-GB","@id":"https:\/\/padelzoco.es\/product\/head-pro-padel-balls-can-of-3\/#primaryimage","url":"https:\/\/padelzoco.es\/wp-content\/uploads\/2024\/10\/HEAD-PRO-Padel-Balls-Can-of-3.webp","contentUrl":"https:\/\/padelzoco.es\/wp-content\/uploads\/2024\/10\/HEAD-PRO-Padel-Balls-Can-of-3.webp","width":1400,"height":1400,"caption":"HEAD PRO+ Padel Balls Can of 3"},{"@type":"BreadcrumbList","@id":"https:\/\/padelzoco.es\/product\/head-pro-padel-balls-can-of-3\/#breadcrumb","itemListElement":[{"@type":"ListItem","position":1,"name":"Home","item":"https:\/\/padelzoco.es\/"},{"@type":"ListItem","position":2,"name":"Padel Zoco","item":"https:\/\/padelzoco.es\/padel-zoco\/"},{"@type":"ListItem","position":3,"name":"Bote 3 Bolas Head PRO+"}]},{"@type":"WebSite","@id":"https:\/\/padelzoco.es\/#website","url":"https:\/\/padelzoco.es\/","name":"Padel Zoco","description":"Padel Zoco | Spain","publisher":{"@id":"https:\/\/padelzoco.es\/#organization"},"potentialAction":[{"@type":"SearchAction","target":{"@type":"EntryPoint","urlTemplate":"https:\/\/padelzoco.es\/?s={search_term_string}"},"query-input":{"@type":"PropertyValueSpecification","valueRequired":true,"valueName":"search_term_string"}}],"inLanguage":"en-GB"},{"@type":"Organization","@id":"https:\/\/padelzoco.es\/#organization","name":"Padel Zoco","url":"https:\/\/padelzoco.es\/","logo":{"@type":"ImageObject","inLanguage":"en-GB","@id":"https:\/\/padelzoco.es\/#\/schema\/logo\/image\/","url":"https:\/\/padelzoco.es\/wp-content\/uploads\/2023\/11\/PadelZoco_Logo_black_white.webp","contentUrl":"https:\/\/padelzoco.es\/wp-content\/uploads\/2023\/11\/PadelZoco_Logo_black_white.webp","width":1500,"height":631,"caption":"Padel Zoco"},"image":{"@id":"https:\/\/padelzoco.es\/#\/schema\/logo\/image\/"}}]}},"_links":{"self":[{"href":"https:\/\/padelzoco.es\/en\/wp-json\/wp\/v2\/product\/13646","targetHints":{"allow":["GET"]}}],"collection":[{"href":"https:\/\/padelzoco.es\/en\/wp-json\/wp\/v2\/product"}],"about":[{"href":"https:\/\/padelzoco.es\/en\/wp-json\/wp\/v2\/types\/product"}],"version-history":[{"count":5,"href":"https:\/\/padelzoco.es\/en\/wp-json\/wp\/v2\/product\/13646\/revisions"}],"predecessor-version":[{"id":37811,"href":"https:\/\/padelzoco.es\/en\/wp-json\/wp\/v2\/product\/13646\/revisions\/37811"}],"wp:featuredmedia":[{"embeddable":true,"href":"https:\/\/padelzoco.es\/en\/wp-json\/wp\/v2\/media\/13648"}],"wp:attachment":[{"href":"https:\/\/padelzoco.es\/en\/wp-json\/wp\/v2\/media?parent=13646"}],"wp:term":[{"taxonomy":"product_brand","embeddable":true,"href":"https:\/\/padelzoco.es\/en\/wp-json\/wp\/v2\/product_brand?post=13646"},{"taxonomy":"product_cat","embeddable":true,"href":"https:\/\/padelzoco.es\/en\/wp-json\/wp\/v2\/product_cat?post=13646"},{"taxonomy":"product_tag","embeddable":true,"href":"https:\/\/padelzoco.es\/en\/wp-json\/wp\/v2\/product_tag?post=13646"}],"curies":[{"name":"wp","href":"https:\/\/api.w.org\/{rel}","templated":true}]}}