{"id":13653,"date":"2024-10-14T08:36:56","date_gmt":"2024-10-14T07:36:56","guid":{"rendered":"https:\/\/adc06f55e9.nxcli.io\/?post_type=product&#038;p=13653"},"modified":"2026-04-10T17:54:05","modified_gmt":"2026-04-10T16:54:05","slug":"cajon-24-botes-head-pro-s-2","status":"publish","type":"product","link":"https:\/\/padelzoco.es\/en\/product\/cajon-24-botes-head-pro-s-2\/","title":{"rendered":"Caj\u00f3n 24 botes Head Pro S+"},"content":{"rendered":"<div id=\"-body-1\" class=\"accordion_body\" role=\"region\" aria-labelledby=\"-title-1\">\n<div class=\"accordion_content\">\n<div class=\"product-detail product-detail_overview\">\n<div id=\"maincontent\" class=\"page-main\">\n<div class=\"columns\">\n<div class=\"woocommerce-product-details__short-description\">\n<section class=\"productInformation-productInformation-T9F\">\n<div class=\"react-tabs\" data-tabs=\"true\">\n<div id=\"react-tabs-1\" class=\"productInformation-productInfoPanel-JrJ productInformation-productInfoPanel-JrJ productInformation-producTabPanelSelected-mI1 productInformation-producTabPanelSelected-mI1\" role=\"tabpanel\" aria-labelledby=\"react-tabs-0\">\n<div class=\"productInformation-textBlock-Chr productInformation-textBlock-Chr\">\n<p data-start=\"79\" data-end=\"360\"><strong data-start=\"79\" data-end=\"127\">Caja de pelotas HEAD Padel Pro S+ (24 botes)<\/strong> est\u00e1 dise\u00f1ada para <strong data-start=\"147\" data-end=\"213\">acelerar el juego y ofrecer mayor emoci\u00f3n en la pista de p\u00e1del<\/strong>. Gracias a su <strong data-start=\"228\" data-end=\"253\">mayor dureza y rebote<\/strong>, estas pelotas permiten un juego <strong data-start=\"287\" data-end=\"312\">m\u00e1s r\u00e1pido y din\u00e1mico<\/strong>, facilitando adem\u00e1s los remates fuera de pista.<\/p>\n<p data-start=\"362\" data-end=\"678\">El <strong data-start=\"365\" data-end=\"393\">n\u00facleo con nueva f\u00f3rmula<\/strong> mantiene la presi\u00f3n durante m\u00e1s tiempo, garantizando un rendimiento constante incluso en partidos intensos. Adem\u00e1s, el <strong data-start=\"513\" data-end=\"569\">nuevo fieltro desarrollado exclusivamente para p\u00e1del<\/strong> mejora la durabilidad de la pelota, permitiendo mantener la velocidad y calidad de juego durante m\u00e1s tiempo.<\/p>\n<p data-start=\"680\" data-end=\"844\">HEAD tambi\u00e9n ha apostado por la <strong data-start=\"712\" data-end=\"730\">sostenibilidad<\/strong>, incorporando un <strong data-start=\"748\" data-end=\"786\">nuevo dise\u00f1o de bote m\u00e1s ecol\u00f3gico<\/strong>, que facilita el reciclaje y reduce el impacto ambiental.<\/p>\n<p data-start=\"846\" data-end=\"878\"><strong data-start=\"846\" data-end=\"878\">Key Features:<\/strong><\/p>\n<ul data-start=\"880\" data-end=\"1316\">\n<li data-section-id=\"11wu14j\" data-start=\"880\" data-end=\"933\">\n<p data-start=\"882\" data-end=\"933\">Dise\u00f1adas para <strong data-start=\"897\" data-end=\"931\">un juego m\u00e1s r\u00e1pido y din\u00e1mico<\/strong><\/p>\n<\/li>\n<li data-section-id=\"okztfu\" data-start=\"934\" data-end=\"1005\">\n<p data-start=\"936\" data-end=\"1005\"><strong data-start=\"936\" data-end=\"964\">Nueva f\u00f3rmula del n\u00facleo<\/strong> que mantiene la presi\u00f3n por m\u00e1s tiempo<\/p>\n<\/li>\n<li data-section-id=\"1abd5z6\" data-start=\"1006\" data-end=\"1068\">\n<p data-start=\"1008\" data-end=\"1068\"><strong data-start=\"1008\" data-end=\"1040\">Fieltro exclusivo para p\u00e1del<\/strong> que mejora la durabilidad<\/p>\n<\/li>\n<li data-section-id=\"raapgb\" data-start=\"1069\" data-end=\"1125\">\n<p data-start=\"1071\" data-end=\"1125\"><strong data-start=\"1071\" data-end=\"1123\">Nuevo dise\u00f1o de bote m\u00e1s sostenible y reciclable<\/strong><\/p>\n<\/li>\n<li data-section-id=\"m0a1n\" data-start=\"1126\" data-end=\"1184\">\n<p data-start=\"1128\" data-end=\"1184\"><strong data-start=\"1128\" data-end=\"1182\">Bote fabricado con 35% de PET reciclado preconsumo<\/strong><\/p>\n<\/li>\n<li data-section-id=\"5q0laz\" data-start=\"1185\" data-end=\"1236\">\n<p data-start=\"1187\" data-end=\"1236\"><strong data-start=\"1187\" data-end=\"1234\">Funda m\u00e1s corta de polipropileno reciclable<\/strong><\/p>\n<\/li>\n<li data-section-id=\"vy2bni\" data-start=\"1237\" data-end=\"1316\">\n<p data-start=\"1239\" data-end=\"1316\">Dise\u00f1o optimizado para facilitar la <strong data-start=\"1275\" data-end=\"1316\">clasificaci\u00f3n autom\u00e1tica en reciclaje<\/strong><\/p>\n<\/li>\n<\/ul>\n<p data-start=\"1318\" data-end=\"1363\"><strong data-start=\"1318\" data-end=\"1330\">Formato:<\/strong> Caja con <strong data-start=\"1340\" data-end=\"1363\">24 botes de pelotas<\/strong><\/p>\n<\/div>\n<\/div>\n<\/div>\n<\/section>\n<\/div>\n<\/div>\n<\/div>\n<\/div>\n<\/div>\n<\/div>","protected":false},"excerpt":{"rendered":"<div id=\"-body-1\" class=\"accordion_body\" role=\"region\" aria-labelledby=\"-title-1\">\n<div class=\"accordion_content\">\n<div class=\"product-detail product-detail_overview\">\n<div id=\"-body-1\" class=\"accordion_body\" role=\"region\" aria-labelledby=\"-title-1\">\n<div class=\"accordion_content\">\n<div class=\"product-detail product-detail_overview\">\n<div id=\"-body-1\" class=\"accordion_body\" role=\"region\" aria-labelledby=\"-title-1\">\n<div class=\"accordion_content\">\n<div class=\"product-detail product-detail_overview\">\n<div id=\"maincontent\" class=\"page-main\">\n<div class=\"columns\">\n<div id=\"-body-1\" class=\"accordion_body\" role=\"region\" aria-labelledby=\"-title-1\">\n<div class=\"accordion_content\">\n<div class=\"product-detail product-detail_overview\">\n<div id=\"maincontent\" class=\"page-main\">\n<div class=\"columns\">\n<div class=\"woocommerce-product-details__short-description\">\n<section class=\"productInformation-productInformation-T9F\">\n<div class=\"react-tabs\" data-tabs=\"true\">\n<div id=\"react-tabs-1\" class=\"productInformation-productInfoPanel-JrJ productInformation-productInfoPanel-JrJ productInformation-producTabPanelSelected-mI1 productInformation-producTabPanelSelected-mI1\" role=\"tabpanel\" aria-labelledby=\"react-tabs-0\">\n<div class=\"productInformation-textBlock-Chr productInformation-textBlock-Chr\">\n<p data-start=\"0\" data-end=\"275\">La <strong data-start=\"3\" data-end=\"52\">caja de 24 botes de pelotas HEAD Padel PRO S+<\/strong> acelera el juego y ofrece mayor velocidad y emoci\u00f3n en la pista de p\u00e1del. Gracias a su dureza y rebote, la <strong data-start=\"160\" data-end=\"181\">HEAD PADEL PRO S+<\/strong> permite un juego mucho m\u00e1s r\u00e1pido y facilita sacar la pelota fuera de la pista con remates.<\/p>\n<p data-start=\"277\" data-end=\"597\">Para una mayor durabilidad, el n\u00facleo est\u00e1 fabricado con una nueva f\u00f3rmula que permite que esta pelota de torneo mantenga su presi\u00f3n durante m\u00e1s tiempo en el juego. El nuevo <strong data-start=\"451\" data-end=\"462\">fieltro<\/strong>, desarrollado exclusivamente para p\u00e1del, tambi\u00e9n mejora la durabilidad de la pelota para que puedas jugar r\u00e1pido durante m\u00e1s tiempo.<\/p>\n<p data-start=\"599\" data-end=\"816\" data-is-last-node=\"\" data-is-only-node=\"\">Para reducir el impacto ambiental, la <strong data-start=\"637\" data-end=\"658\">HEAD PADEL PRO S+<\/strong> se presenta en un embalaje m\u00e1s sostenible con un nuevo dise\u00f1o de bote que hace que tanto el bote como la funda sean m\u00e1s ecol\u00f3gicos y m\u00e1s f\u00e1ciles de reciclar.<\/p>\n<\/div>\n<div><\/div>\n<div class=\"productInformation-textBlock-Chr productInformation-textBlock-Chr\">\n<p data-start=\"0\" data-end=\"20\"><strong data-start=\"0\" data-end=\"20\">Features:<\/strong><\/p>\n<ul data-start=\"22\" data-end=\"504\" data-is-last-node=\"\" data-is-only-node=\"\">\n<li data-section-id=\"1e4vu5v\" data-start=\"22\" data-end=\"59\">\n<p data-start=\"24\" data-end=\"59\">Dise\u00f1ada para un juego m\u00e1s r\u00e1pido<\/p>\n<\/li>\n<li data-section-id=\"1i6h8qi\" data-start=\"60\" data-end=\"131\">\n<p data-start=\"62\" data-end=\"131\">Nueva f\u00f3rmula del n\u00facleo que mantiene la presi\u00f3n durante m\u00e1s tiempo<\/p>\n<\/li>\n<li data-section-id=\"rm9v9m\" data-start=\"132\" data-end=\"214\">\n<p data-start=\"134\" data-end=\"214\">Nuevo fieltro desarrollado exclusivamente para p\u00e1del que mejora la durabilidad<\/p>\n<\/li>\n<li data-section-id=\"1pgnvtp\" data-start=\"215\" data-end=\"278\">\n<p data-start=\"217\" data-end=\"278\">Nuevo dise\u00f1o de bote m\u00e1s sostenible y m\u00e1s f\u00e1cil de reciclar<\/p>\n<\/li>\n<li data-section-id=\"b27ppc\" data-start=\"279\" data-end=\"336\">\n<p data-start=\"281\" data-end=\"336\">Bote fabricado con un 35% de PET reciclado preconsumo<\/p>\n<\/li>\n<li data-section-id=\"7kytxg\" data-start=\"337\" data-end=\"410\">\n<p data-start=\"339\" data-end=\"410\">Funda m\u00e1s corta y fabricada con polipropileno, un material reciclable<\/p>\n<\/li>\n<li data-section-id=\"1rnj8yj\" data-start=\"411\" data-end=\"504\" data-is-last-node=\"\">\n<p data-start=\"413\" data-end=\"504\" data-is-last-node=\"\">M\u00e1s f\u00e1cil para las m\u00e1quinas detectar el PET y enviar el bote al flujo de reciclaje correcto<\/p>\n<\/li>\n<\/ul>\n<\/div>\n<\/div>\n<\/div>\n<\/section>\n<\/div>\n<\/div>\n<\/div>\n<\/div>\n<\/div>\n<\/div>\n<\/div>\n<\/div>\n<\/div>\n<\/div>\n<\/div>\n<\/div>\n<\/div>\n<\/div>\n<\/div>\n<\/div>\n<\/div>","protected":false},"featured_media":13655,"template":"","meta":[],"product_brand":[],"product_cat":[625,747,774,618],"product_tag":[],"class_list":{"0":"post-13653","1":"product","2":"type-product","3":"status-publish","4":"has-post-thumbnail","6":"product_cat-cajon-pelotas","7":"product_cat-head-padel","8":"product_cat-head-pelotas","9":"product_cat-pelotas","10":"pa_brand-wilson","11":"pa_hs_code-87","13":"first","14":"instock","15":"sale","16":"taxable","17":"shipping-taxable","18":"purchasable","19":"product-type-simple"},"yoast_head":"<!-- This site is optimized with the Yoast SEO plugin v27.3 - https:\/\/yoast.com\/product\/yoast-seo-wordpress\/ -->\n<title>Caj\u00f3n 24 botes Head Pro S+ - Padel Zoco<\/title>\n<meta name=\"description\" content=\"HEAD Padel Pro S+ Box 24 Cans ofrece pelotas de p\u00e1del r\u00e1pidas y duraderas con nueva f\u00f3rmula de n\u00facleo, fieltro exclusivo para p\u00e1del y envase sostenible reciclable.\" \/>\n<meta name=\"robots\" content=\"index, follow, max-snippet:-1, max-image-preview:large, max-video-preview:-1\" \/>\n<link rel=\"canonical\" href=\"https:\/\/padelzoco.es\/en\/product\/cajon-24-botes-head-pro-s-2\/\" \/>\n<meta property=\"og:locale\" content=\"en_GB\" \/>\n<meta property=\"og:type\" content=\"article\" \/>\n<meta property=\"og:title\" content=\"Caj\u00f3n 24 botes Head Pro S+ - Padel Zoco\" \/>\n<meta property=\"og:description\" content=\"HEAD Padel Pro S+ Box 24 Cans ofrece pelotas de p\u00e1del r\u00e1pidas y duraderas con nueva f\u00f3rmula de n\u00facleo, fieltro exclusivo para p\u00e1del y envase sostenible reciclable.\" \/>\n<meta property=\"og:url\" content=\"https:\/\/padelzoco.es\/en\/product\/cajon-24-botes-head-pro-s-2\/\" \/>\n<meta property=\"og:site_name\" content=\"Padel Zoco\" \/>\n<meta property=\"article:modified_time\" content=\"2026-04-10T16:54:05+00:00\" \/>\n<meta property=\"og:image\" content=\"https:\/\/padelzoco.es\/wp-content\/uploads\/2024\/10\/Cajon-24-botes-Head-Pro-S.webp\" \/>\n\t<meta property=\"og:image:width\" content=\"1400\" \/>\n\t<meta property=\"og:image:height\" content=\"1400\" \/>\n\t<meta property=\"og:image:type\" content=\"image\/webp\" \/>\n<meta name=\"twitter:card\" content=\"summary_large_image\" \/>\n<meta name=\"twitter:label1\" content=\"Estimated reading time\" \/>\n\t<meta name=\"twitter:data1\" content=\"2 minutes\" \/>\n<script type=\"application\/ld+json\" class=\"yoast-schema-graph\">{\"@context\":\"https:\\\/\\\/schema.org\",\"@graph\":[{\"@type\":\"WebPage\",\"@id\":\"https:\\\/\\\/padelzoco.es\\\/product\\\/cajon-24-botes-head-pro-s-2\\\/\",\"url\":\"https:\\\/\\\/padelzoco.es\\\/product\\\/cajon-24-botes-head-pro-s-2\\\/\",\"name\":\"Caj\u00f3n 24 botes Head Pro S+ - Padel Zoco\",\"isPartOf\":{\"@id\":\"https:\\\/\\\/padelzoco.es\\\/#website\"},\"primaryImageOfPage\":{\"@id\":\"https:\\\/\\\/padelzoco.es\\\/product\\\/cajon-24-botes-head-pro-s-2\\\/#primaryimage\"},\"image\":{\"@id\":\"https:\\\/\\\/padelzoco.es\\\/product\\\/cajon-24-botes-head-pro-s-2\\\/#primaryimage\"},\"thumbnailUrl\":\"https:\\\/\\\/padelzoco.es\\\/wp-content\\\/uploads\\\/2024\\\/10\\\/Cajon-24-botes-Head-Pro-S.webp\",\"datePublished\":\"2024-10-14T07:36:56+00:00\",\"dateModified\":\"2026-04-10T16:54:05+00:00\",\"description\":\"HEAD Padel Pro S+ Box 24 Cans ofrece pelotas de p\u00e1del r\u00e1pidas y duraderas con nueva f\u00f3rmula de n\u00facleo, fieltro exclusivo para p\u00e1del y envase sostenible reciclable.\",\"breadcrumb\":{\"@id\":\"https:\\\/\\\/padelzoco.es\\\/product\\\/cajon-24-botes-head-pro-s-2\\\/#breadcrumb\"},\"inLanguage\":\"en-GB\",\"potentialAction\":[{\"@type\":\"ReadAction\",\"target\":[\"https:\\\/\\\/padelzoco.es\\\/product\\\/cajon-24-botes-head-pro-s-2\\\/\"]}]},{\"@type\":\"ImageObject\",\"inLanguage\":\"en-GB\",\"@id\":\"https:\\\/\\\/padelzoco.es\\\/product\\\/cajon-24-botes-head-pro-s-2\\\/#primaryimage\",\"url\":\"https:\\\/\\\/padelzoco.es\\\/wp-content\\\/uploads\\\/2024\\\/10\\\/Cajon-24-botes-Head-Pro-S.webp\",\"contentUrl\":\"https:\\\/\\\/padelzoco.es\\\/wp-content\\\/uploads\\\/2024\\\/10\\\/Cajon-24-botes-Head-Pro-S.webp\",\"width\":1400,\"height\":1400,\"caption\":\"Caj\u00f3n 24 botes Head Pro S+\"},{\"@type\":\"BreadcrumbList\",\"@id\":\"https:\\\/\\\/padelzoco.es\\\/product\\\/cajon-24-botes-head-pro-s-2\\\/#breadcrumb\",\"itemListElement\":[{\"@type\":\"ListItem\",\"position\":1,\"name\":\"Home\",\"item\":\"https:\\\/\\\/padelzoco.es\\\/\"},{\"@type\":\"ListItem\",\"position\":2,\"name\":\"Padel Zoco\",\"item\":\"https:\\\/\\\/padelzoco.es\\\/padel-zoco\\\/\"},{\"@type\":\"ListItem\",\"position\":3,\"name\":\"Caj\u00f3n 24 botes Head Pro S+\"}]},{\"@type\":\"WebSite\",\"@id\":\"https:\\\/\\\/padelzoco.es\\\/#website\",\"url\":\"https:\\\/\\\/padelzoco.es\\\/\",\"name\":\"Padel Zoco\",\"description\":\"Padel Zoco | Spain\",\"publisher\":{\"@id\":\"https:\\\/\\\/padelzoco.es\\\/#organization\"},\"potentialAction\":[{\"@type\":\"SearchAction\",\"target\":{\"@type\":\"EntryPoint\",\"urlTemplate\":\"https:\\\/\\\/padelzoco.es\\\/?s={search_term_string}\"},\"query-input\":{\"@type\":\"PropertyValueSpecification\",\"valueRequired\":true,\"valueName\":\"search_term_string\"}}],\"inLanguage\":\"en-GB\"},{\"@type\":\"Organization\",\"@id\":\"https:\\\/\\\/padelzoco.es\\\/#organization\",\"name\":\"Padel Zoco\",\"url\":\"https:\\\/\\\/padelzoco.es\\\/\",\"logo\":{\"@type\":\"ImageObject\",\"inLanguage\":\"en-GB\",\"@id\":\"https:\\\/\\\/padelzoco.es\\\/#\\\/schema\\\/logo\\\/image\\\/\",\"url\":\"https:\\\/\\\/padelzoco.es\\\/wp-content\\\/uploads\\\/2023\\\/11\\\/PadelZoco_Logo_black_white.webp\",\"contentUrl\":\"https:\\\/\\\/padelzoco.es\\\/wp-content\\\/uploads\\\/2023\\\/11\\\/PadelZoco_Logo_black_white.webp\",\"width\":1500,\"height\":631,\"caption\":\"Padel Zoco\"},\"image\":{\"@id\":\"https:\\\/\\\/padelzoco.es\\\/#\\\/schema\\\/logo\\\/image\\\/\"}}]}<\/script>\n<!-- \/ Yoast SEO plugin. -->","yoast_head_json":{"title":"Caj\u00f3n 24 botes Head Pro S+ - Padel Zoco","description":"HEAD Padel Pro S+ Box 24 Cans ofrece pelotas de p\u00e1del r\u00e1pidas y duraderas con nueva f\u00f3rmula de n\u00facleo, fieltro exclusivo para p\u00e1del y envase sostenible reciclable.","robots":{"index":"index","follow":"follow","max-snippet":"max-snippet:-1","max-image-preview":"max-image-preview:large","max-video-preview":"max-video-preview:-1"},"canonical":"https:\/\/padelzoco.es\/en\/product\/cajon-24-botes-head-pro-s-2\/","og_locale":"en_GB","og_type":"article","og_title":"Caj\u00f3n 24 botes Head Pro S+ - Padel Zoco","og_description":"HEAD Padel Pro S+ Box 24 Cans ofrece pelotas de p\u00e1del r\u00e1pidas y duraderas con nueva f\u00f3rmula de n\u00facleo, fieltro exclusivo para p\u00e1del y envase sostenible reciclable.","og_url":"https:\/\/padelzoco.es\/en\/product\/cajon-24-botes-head-pro-s-2\/","og_site_name":"Padel Zoco","article_modified_time":"2026-04-10T16:54:05+00:00","og_image":[{"width":1400,"height":1400,"url":"https:\/\/padelzoco.es\/wp-content\/uploads\/2024\/10\/Cajon-24-botes-Head-Pro-S.webp","type":"image\/webp"}],"twitter_card":"summary_large_image","twitter_misc":{"Estimated reading time":"2 minutes"},"schema":{"@context":"https:\/\/schema.org","@graph":[{"@type":"WebPage","@id":"https:\/\/padelzoco.es\/product\/cajon-24-botes-head-pro-s-2\/","url":"https:\/\/padelzoco.es\/product\/cajon-24-botes-head-pro-s-2\/","name":"Caj\u00f3n 24 botes Head Pro S+ - Padel Zoco","isPartOf":{"@id":"https:\/\/padelzoco.es\/#website"},"primaryImageOfPage":{"@id":"https:\/\/padelzoco.es\/product\/cajon-24-botes-head-pro-s-2\/#primaryimage"},"image":{"@id":"https:\/\/padelzoco.es\/product\/cajon-24-botes-head-pro-s-2\/#primaryimage"},"thumbnailUrl":"https:\/\/padelzoco.es\/wp-content\/uploads\/2024\/10\/Cajon-24-botes-Head-Pro-S.webp","datePublished":"2024-10-14T07:36:56+00:00","dateModified":"2026-04-10T16:54:05+00:00","description":"HEAD Padel Pro S+ Box 24 Cans ofrece pelotas de p\u00e1del r\u00e1pidas y duraderas con nueva f\u00f3rmula de n\u00facleo, fieltro exclusivo para p\u00e1del y envase sostenible reciclable.","breadcrumb":{"@id":"https:\/\/padelzoco.es\/product\/cajon-24-botes-head-pro-s-2\/#breadcrumb"},"inLanguage":"en-GB","potentialAction":[{"@type":"ReadAction","target":["https:\/\/padelzoco.es\/product\/cajon-24-botes-head-pro-s-2\/"]}]},{"@type":"ImageObject","inLanguage":"en-GB","@id":"https:\/\/padelzoco.es\/product\/cajon-24-botes-head-pro-s-2\/#primaryimage","url":"https:\/\/padelzoco.es\/wp-content\/uploads\/2024\/10\/Cajon-24-botes-Head-Pro-S.webp","contentUrl":"https:\/\/padelzoco.es\/wp-content\/uploads\/2024\/10\/Cajon-24-botes-Head-Pro-S.webp","width":1400,"height":1400,"caption":"Caj\u00f3n 24 botes Head Pro S+"},{"@type":"BreadcrumbList","@id":"https:\/\/padelzoco.es\/product\/cajon-24-botes-head-pro-s-2\/#breadcrumb","itemListElement":[{"@type":"ListItem","position":1,"name":"Home","item":"https:\/\/padelzoco.es\/"},{"@type":"ListItem","position":2,"name":"Padel Zoco","item":"https:\/\/padelzoco.es\/padel-zoco\/"},{"@type":"ListItem","position":3,"name":"Caj\u00f3n 24 botes Head Pro S+"}]},{"@type":"WebSite","@id":"https:\/\/padelzoco.es\/#website","url":"https:\/\/padelzoco.es\/","name":"Padel Zoco","description":"Padel Zoco | Spain","publisher":{"@id":"https:\/\/padelzoco.es\/#organization"},"potentialAction":[{"@type":"SearchAction","target":{"@type":"EntryPoint","urlTemplate":"https:\/\/padelzoco.es\/?s={search_term_string}"},"query-input":{"@type":"PropertyValueSpecification","valueRequired":true,"valueName":"search_term_string"}}],"inLanguage":"en-GB"},{"@type":"Organization","@id":"https:\/\/padelzoco.es\/#organization","name":"Padel Zoco","url":"https:\/\/padelzoco.es\/","logo":{"@type":"ImageObject","inLanguage":"en-GB","@id":"https:\/\/padelzoco.es\/#\/schema\/logo\/image\/","url":"https:\/\/padelzoco.es\/wp-content\/uploads\/2023\/11\/PadelZoco_Logo_black_white.webp","contentUrl":"https:\/\/padelzoco.es\/wp-content\/uploads\/2023\/11\/PadelZoco_Logo_black_white.webp","width":1500,"height":631,"caption":"Padel Zoco"},"image":{"@id":"https:\/\/padelzoco.es\/#\/schema\/logo\/image\/"}}]}},"_links":{"self":[{"href":"https:\/\/padelzoco.es\/en\/wp-json\/wp\/v2\/product\/13653","targetHints":{"allow":["GET"]}}],"collection":[{"href":"https:\/\/padelzoco.es\/en\/wp-json\/wp\/v2\/product"}],"about":[{"href":"https:\/\/padelzoco.es\/en\/wp-json\/wp\/v2\/types\/product"}],"version-history":[{"count":3,"href":"https:\/\/padelzoco.es\/en\/wp-json\/wp\/v2\/product\/13653\/revisions"}],"predecessor-version":[{"id":37303,"href":"https:\/\/padelzoco.es\/en\/wp-json\/wp\/v2\/product\/13653\/revisions\/37303"}],"wp:featuredmedia":[{"embeddable":true,"href":"https:\/\/padelzoco.es\/en\/wp-json\/wp\/v2\/media\/13655"}],"wp:attachment":[{"href":"https:\/\/padelzoco.es\/en\/wp-json\/wp\/v2\/media?parent=13653"}],"wp:term":[{"taxonomy":"product_brand","embeddable":true,"href":"https:\/\/padelzoco.es\/en\/wp-json\/wp\/v2\/product_brand?post=13653"},{"taxonomy":"product_cat","embeddable":true,"href":"https:\/\/padelzoco.es\/en\/wp-json\/wp\/v2\/product_cat?post=13653"},{"taxonomy":"product_tag","embeddable":true,"href":"https:\/\/padelzoco.es\/en\/wp-json\/wp\/v2\/product_tag?post=13653"}],"curies":[{"name":"wp","href":"https:\/\/api.w.org\/{rel}","templated":true}]}}