{"id":13750,"date":"2024-10-22T16:49:23","date_gmt":"2024-10-22T15:49:23","guid":{"rendered":"https:\/\/adc06f55e9.nxcli.io\/?post_type=product&#038;p=13750"},"modified":"2026-04-30T19:16:45","modified_gmt":"2026-04-30T18:16:45","slug":"noene-anti-shock-padel-grip","status":"publish","type":"product","link":"https:\/\/padelzoco.es\/en\/product\/noene-anti-shock-padel-grip\/","title":{"rendered":"NOENE Anti Shock Padel Grip"},"content":{"rendered":"<div id=\"-body-1\" class=\"accordion_body\" role=\"region\" aria-labelledby=\"-title-1\">\n<div class=\"accordion_content\">\n<div class=\"product-detail product-detail_overview\">\n<div class=\"wpb_text_column wpb_content_element\">\n<div class=\"wpb_wrapper\">\n<p data-start=\"77\" data-end=\"245\">El <strong data-start=\"80\" data-end=\"105\">GRIP PADEL ANTI SHOCK<\/strong> est\u00e1 dise\u00f1ado para jugadores de <strong data-start=\"138\" data-end=\"174\">p\u00e1del, beach tennis y pickleball<\/strong> que buscan <strong data-start=\"186\" data-end=\"228\">m\u00e1xima protecci\u00f3n, confort y precisi\u00f3n<\/strong> en cada golpe.<\/p>\n<p data-start=\"247\" data-end=\"460\">Gracias a su fabricaci\u00f3n con material <strong data-start=\"285\" data-end=\"294\">NOENE<\/strong>, este grip reduce eficazmente los <strong data-start=\"329\" data-end=\"355\">impactos y vibraciones<\/strong> generados al golpear la pelota, ayudando a proteger tanto las manos como los hombros durante el juego.<\/p>\n<p data-start=\"462\" data-end=\"672\">Con un grosor de <strong data-start=\"479\" data-end=\"489\">1,6 mm<\/strong> y un recubrimiento <strong data-start=\"509\" data-end=\"521\">TACKY PU<\/strong>, mantiene intacta la sensaci\u00f3n original del mango de la pala, ofreciendo <strong data-start=\"595\" data-end=\"636\">excelente agarre, precisi\u00f3n y control<\/strong> sin alterar el feeling del juego.<\/p>\n<p data-start=\"674\" data-end=\"839\">Adem\u00e1s, su sistema adhesivo <strong data-start=\"702\" data-end=\"729\">doble cara reutilizable<\/strong> permite una instalaci\u00f3n r\u00e1pida y sencilla, pudiendo colocarlo y retirarlo f\u00e1cilmente seg\u00fan tus necesidades.<\/p>\n<p data-start=\"841\" data-end=\"875\"><strong data-start=\"841\" data-end=\"873\">Key Features:<\/strong><\/p>\n<ul data-start=\"876\" data-end=\"1200\">\n<li data-section-id=\"10d67e8\" data-start=\"876\" data-end=\"936\">\n<p data-start=\"878\" data-end=\"936\">Material <strong data-start=\"887\" data-end=\"896\">NOENE<\/strong> \u2013 Absorci\u00f3n de impactos y vibraciones<\/p>\n<\/li>\n<li data-section-id=\"7sqo4g\" data-start=\"937\" data-end=\"970\">\n<p data-start=\"939\" data-end=\"970\">Protecci\u00f3n de manos y hombros<\/p>\n<\/li>\n<li data-section-id=\"18athoo\" data-start=\"971\" data-end=\"1029\">\n<p data-start=\"973\" data-end=\"1029\">Grosor de 1,6 mm \u2013 Mantiene el tacto original del grip<\/p>\n<\/li>\n<li data-section-id=\"18x2gs8\" data-start=\"1030\" data-end=\"1088\">\n<p data-start=\"1032\" data-end=\"1088\">Recubrimiento <strong data-start=\"1046\" data-end=\"1058\">TACKY PU<\/strong> \u2013 M\u00e1ximo agarre y precisi\u00f3n<\/p>\n<\/li>\n<li data-section-id=\"1biuylw\" data-start=\"1089\" data-end=\"1148\">\n<p data-start=\"1091\" data-end=\"1148\">Adhesivo doble cara \u2013 F\u00e1cil instalaci\u00f3n y reutilizaci\u00f3n<\/p>\n<\/li>\n<li data-section-id=\"1exfoig\" data-start=\"1149\" data-end=\"1200\">\n<p data-start=\"1151\" data-end=\"1200\">Compatible con p\u00e1del, beach tennis y pickleball<\/p>\n<\/li>\n<\/ul>\n<p data-start=\"1202\" data-end=\"1225\"><strong data-start=\"1202\" data-end=\"1223\">Specifications:<\/strong><\/p>\n<ul data-start=\"1226\" data-end=\"1260\">\n<li data-section-id=\"o3e0q8\" data-start=\"1226\" data-end=\"1260\">\n<p data-start=\"1228\" data-end=\"1260\"><strong data-start=\"1228\" data-end=\"1240\">Medidas:<\/strong> 25 x 850 x 1,6 mm<\/p>\n<\/li>\n<\/ul>\n<p data-start=\"1262\" data-end=\"1443\" data-is-last-node=\"\" data-is-only-node=\"\"><br data-start=\"1283\" data-end=\"1286\" \/>\n<\/p>\n<\/div>\n<\/div>\n<\/div>\n<\/div>\n<\/div>","protected":false},"excerpt":{"rendered":"<div id=\"-body-1\" class=\"accordion_body\" role=\"region\" aria-labelledby=\"-title-1\">\n<div class=\"accordion_content\">\n<div class=\"product-detail product-detail_overview\">\n<div class=\"wpb_text_column wpb_content_element\">\n<div class=\"wpb_wrapper\">\n<p><strong>A qui\u00e9n protegemos<\/strong>: Jugadores de p\u00e1del, tenis de playa, pickleball.<\/p>\n<p><strong>\u00bfCu\u00e1les son las caracter\u00edsticas t\u00e9cnicas del GRIP PADEL?<\/strong><\/p>\n<p><strong>El ANTI SHOCK GRIP PADEL<\/strong> protege las manos y los hombros de los impactos y vibraciones causados por el impacto de la pelota con la pala, gracias al material NOENE del que est\u00e1 hecho. Gracias a su grosor de 1.6 mm y su recubrimiento de TACKY PU, no altera la sensaci\u00f3n del agarre de la pala y proporciona precisi\u00f3n, alto agarre y un agarre \u00f3ptimo.<\/p>\n<p>Es f\u00e1cil de instalar gracias al adhesivo duradero y de doble cara que se adhiere y se quita f\u00e1cilmente.<\/p>\n<p><strong>Tama\u00f1o: 25 x 850 x 1.6 mm.<\/strong><\/p>\n<\/div>\n<\/div>\n<\/div>\n<\/div>\n<\/div>","protected":false},"featured_media":13752,"template":"","meta":[],"product_brand":[],"product_cat":[637,638,699],"product_tag":[],"class_list":{"0":"post-13750","1":"product","2":"type-product","3":"status-publish","4":"has-post-thumbnail","6":"product_cat-accesorios","7":"product_cat-grips-and-overgrips","8":"product_cat-wilson-padel","9":"pa_brand-noene","10":"pa_color-negro","11":"pa_hs_code-134","13":"first","14":"instock","15":"sale","16":"taxable","17":"shipping-taxable","18":"purchasable","19":"product-type-simple"},"yoast_head":"<!-- This site is optimized with the Yoast SEO plugin v27.5 - https:\/\/yoast.com\/product\/yoast-seo-wordpress\/ -->\n<title>NOENE Anti Shock Padel Grip - Padel Zoco<\/title>\n<meta name=\"description\" content=\"Grip Padel Anti Shock con tecnolog\u00eda NOENE que reduce vibraciones y mejora el agarre. M\u00e1xima protecci\u00f3n, confort y precisi\u00f3n sin alterar el tacto de la pala.\" \/>\n<meta name=\"robots\" content=\"index, follow, max-snippet:-1, max-image-preview:large, max-video-preview:-1\" \/>\n<link rel=\"canonical\" href=\"https:\/\/padelzoco.es\/en\/product\/noene-anti-shock-padel-grip\/\" \/>\n<meta property=\"og:locale\" content=\"en_GB\" \/>\n<meta property=\"og:type\" content=\"article\" \/>\n<meta property=\"og:title\" content=\"NOENE Anti Shock Padel Grip - Padel Zoco\" \/>\n<meta property=\"og:description\" content=\"Grip Padel Anti Shock con tecnolog\u00eda NOENE que reduce vibraciones y mejora el agarre. M\u00e1xima protecci\u00f3n, confort y precisi\u00f3n sin alterar el tacto de la pala.\" \/>\n<meta property=\"og:url\" content=\"https:\/\/padelzoco.es\/en\/product\/noene-anti-shock-padel-grip\/\" \/>\n<meta property=\"og:site_name\" content=\"Padel Zoco\" \/>\n<meta property=\"article:modified_time\" content=\"2026-04-30T18:16:45+00:00\" \/>\n<meta property=\"og:image\" content=\"https:\/\/padelzoco.es\/wp-content\/uploads\/2024\/10\/NOENE-ANTI-SHOCK-GRIP-PADEL-Image-1.webp\" \/>\n\t<meta property=\"og:image:width\" content=\"1400\" \/>\n\t<meta property=\"og:image:height\" content=\"1400\" \/>\n\t<meta property=\"og:image:type\" content=\"image\/webp\" \/>\n<meta name=\"twitter:card\" content=\"summary_large_image\" \/>\n<meta name=\"twitter:label1\" content=\"Estimated reading time\" \/>\n\t<meta name=\"twitter:data1\" content=\"1 minute\" \/>\n<script type=\"application\/ld+json\" class=\"yoast-schema-graph\">{\"@context\":\"https:\\\/\\\/schema.org\",\"@graph\":[{\"@type\":\"WebPage\",\"@id\":\"https:\\\/\\\/padelzoco.es\\\/product\\\/noene-anti-shock-padel-grip\\\/\",\"url\":\"https:\\\/\\\/padelzoco.es\\\/product\\\/noene-anti-shock-padel-grip\\\/\",\"name\":\"NOENE Anti Shock Padel Grip - Padel Zoco\",\"isPartOf\":{\"@id\":\"https:\\\/\\\/padelzoco.es\\\/#website\"},\"primaryImageOfPage\":{\"@id\":\"https:\\\/\\\/padelzoco.es\\\/product\\\/noene-anti-shock-padel-grip\\\/#primaryimage\"},\"image\":{\"@id\":\"https:\\\/\\\/padelzoco.es\\\/product\\\/noene-anti-shock-padel-grip\\\/#primaryimage\"},\"thumbnailUrl\":\"https:\\\/\\\/padelzoco.es\\\/wp-content\\\/uploads\\\/2024\\\/10\\\/NOENE-ANTI-SHOCK-GRIP-PADEL-Image-1.webp\",\"datePublished\":\"2024-10-22T15:49:23+00:00\",\"dateModified\":\"2026-04-30T18:16:45+00:00\",\"description\":\"Grip Padel Anti Shock con tecnolog\u00eda NOENE que reduce vibraciones y mejora el agarre. M\u00e1xima protecci\u00f3n, confort y precisi\u00f3n sin alterar el tacto de la pala.\",\"breadcrumb\":{\"@id\":\"https:\\\/\\\/padelzoco.es\\\/product\\\/noene-anti-shock-padel-grip\\\/#breadcrumb\"},\"inLanguage\":\"en-GB\",\"potentialAction\":[{\"@type\":\"ReadAction\",\"target\":[\"https:\\\/\\\/padelzoco.es\\\/product\\\/noene-anti-shock-padel-grip\\\/\"]}]},{\"@type\":\"ImageObject\",\"inLanguage\":\"en-GB\",\"@id\":\"https:\\\/\\\/padelzoco.es\\\/product\\\/noene-anti-shock-padel-grip\\\/#primaryimage\",\"url\":\"https:\\\/\\\/padelzoco.es\\\/wp-content\\\/uploads\\\/2024\\\/10\\\/NOENE-ANTI-SHOCK-GRIP-PADEL-Image-1.webp\",\"contentUrl\":\"https:\\\/\\\/padelzoco.es\\\/wp-content\\\/uploads\\\/2024\\\/10\\\/NOENE-ANTI-SHOCK-GRIP-PADEL-Image-1.webp\",\"width\":1400,\"height\":1400,\"caption\":\"NOENE ANTI SHOCK GRIP PADEL Image 1\"},{\"@type\":\"BreadcrumbList\",\"@id\":\"https:\\\/\\\/padelzoco.es\\\/product\\\/noene-anti-shock-padel-grip\\\/#breadcrumb\",\"itemListElement\":[{\"@type\":\"ListItem\",\"position\":1,\"name\":\"Home\",\"item\":\"https:\\\/\\\/padelzoco.es\\\/\"},{\"@type\":\"ListItem\",\"position\":2,\"name\":\"Padel Zoco\",\"item\":\"https:\\\/\\\/padelzoco.es\\\/padel-zoco\\\/\"},{\"@type\":\"ListItem\",\"position\":3,\"name\":\"NOENE Anti Shock Padel Grip\"}]},{\"@type\":\"WebSite\",\"@id\":\"https:\\\/\\\/padelzoco.es\\\/#website\",\"url\":\"https:\\\/\\\/padelzoco.es\\\/\",\"name\":\"Padel Zoco\",\"description\":\"Padel Zoco | Spain\",\"publisher\":{\"@id\":\"https:\\\/\\\/padelzoco.es\\\/#organization\"},\"potentialAction\":[{\"@type\":\"SearchAction\",\"target\":{\"@type\":\"EntryPoint\",\"urlTemplate\":\"https:\\\/\\\/padelzoco.es\\\/?s={search_term_string}\"},\"query-input\":{\"@type\":\"PropertyValueSpecification\",\"valueRequired\":true,\"valueName\":\"search_term_string\"}}],\"inLanguage\":\"en-GB\"},{\"@type\":\"Organization\",\"@id\":\"https:\\\/\\\/padelzoco.es\\\/#organization\",\"name\":\"Padel Zoco\",\"url\":\"https:\\\/\\\/padelzoco.es\\\/\",\"logo\":{\"@type\":\"ImageObject\",\"inLanguage\":\"en-GB\",\"@id\":\"https:\\\/\\\/padelzoco.es\\\/#\\\/schema\\\/logo\\\/image\\\/\",\"url\":\"https:\\\/\\\/padelzoco.es\\\/wp-content\\\/uploads\\\/2023\\\/11\\\/PadelZoco_Logo_black_white.webp\",\"contentUrl\":\"https:\\\/\\\/padelzoco.es\\\/wp-content\\\/uploads\\\/2023\\\/11\\\/PadelZoco_Logo_black_white.webp\",\"width\":1500,\"height\":631,\"caption\":\"Padel Zoco\"},\"image\":{\"@id\":\"https:\\\/\\\/padelzoco.es\\\/#\\\/schema\\\/logo\\\/image\\\/\"}}]}<\/script>\n<!-- \/ Yoast SEO plugin. -->","yoast_head_json":{"title":"NOENE Anti Shock Padel Grip - Padel Zoco","description":"Grip Padel Anti Shock con tecnolog\u00eda NOENE que reduce vibraciones y mejora el agarre. M\u00e1xima protecci\u00f3n, confort y precisi\u00f3n sin alterar el tacto de la pala.","robots":{"index":"index","follow":"follow","max-snippet":"max-snippet:-1","max-image-preview":"max-image-preview:large","max-video-preview":"max-video-preview:-1"},"canonical":"https:\/\/padelzoco.es\/en\/product\/noene-anti-shock-padel-grip\/","og_locale":"en_GB","og_type":"article","og_title":"NOENE Anti Shock Padel Grip - Padel Zoco","og_description":"Grip Padel Anti Shock con tecnolog\u00eda NOENE que reduce vibraciones y mejora el agarre. M\u00e1xima protecci\u00f3n, confort y precisi\u00f3n sin alterar el tacto de la pala.","og_url":"https:\/\/padelzoco.es\/en\/product\/noene-anti-shock-padel-grip\/","og_site_name":"Padel Zoco","article_modified_time":"2026-04-30T18:16:45+00:00","og_image":[{"width":1400,"height":1400,"url":"https:\/\/padelzoco.es\/wp-content\/uploads\/2024\/10\/NOENE-ANTI-SHOCK-GRIP-PADEL-Image-1.webp","type":"image\/webp"}],"twitter_card":"summary_large_image","twitter_misc":{"Estimated reading time":"1 minute"},"schema":{"@context":"https:\/\/schema.org","@graph":[{"@type":"WebPage","@id":"https:\/\/padelzoco.es\/product\/noene-anti-shock-padel-grip\/","url":"https:\/\/padelzoco.es\/product\/noene-anti-shock-padel-grip\/","name":"NOENE Anti Shock Padel Grip - Padel Zoco","isPartOf":{"@id":"https:\/\/padelzoco.es\/#website"},"primaryImageOfPage":{"@id":"https:\/\/padelzoco.es\/product\/noene-anti-shock-padel-grip\/#primaryimage"},"image":{"@id":"https:\/\/padelzoco.es\/product\/noene-anti-shock-padel-grip\/#primaryimage"},"thumbnailUrl":"https:\/\/padelzoco.es\/wp-content\/uploads\/2024\/10\/NOENE-ANTI-SHOCK-GRIP-PADEL-Image-1.webp","datePublished":"2024-10-22T15:49:23+00:00","dateModified":"2026-04-30T18:16:45+00:00","description":"Grip Padel Anti Shock con tecnolog\u00eda NOENE que reduce vibraciones y mejora el agarre. M\u00e1xima protecci\u00f3n, confort y precisi\u00f3n sin alterar el tacto de la pala.","breadcrumb":{"@id":"https:\/\/padelzoco.es\/product\/noene-anti-shock-padel-grip\/#breadcrumb"},"inLanguage":"en-GB","potentialAction":[{"@type":"ReadAction","target":["https:\/\/padelzoco.es\/product\/noene-anti-shock-padel-grip\/"]}]},{"@type":"ImageObject","inLanguage":"en-GB","@id":"https:\/\/padelzoco.es\/product\/noene-anti-shock-padel-grip\/#primaryimage","url":"https:\/\/padelzoco.es\/wp-content\/uploads\/2024\/10\/NOENE-ANTI-SHOCK-GRIP-PADEL-Image-1.webp","contentUrl":"https:\/\/padelzoco.es\/wp-content\/uploads\/2024\/10\/NOENE-ANTI-SHOCK-GRIP-PADEL-Image-1.webp","width":1400,"height":1400,"caption":"NOENE ANTI SHOCK GRIP PADEL Image 1"},{"@type":"BreadcrumbList","@id":"https:\/\/padelzoco.es\/product\/noene-anti-shock-padel-grip\/#breadcrumb","itemListElement":[{"@type":"ListItem","position":1,"name":"Home","item":"https:\/\/padelzoco.es\/"},{"@type":"ListItem","position":2,"name":"Padel Zoco","item":"https:\/\/padelzoco.es\/padel-zoco\/"},{"@type":"ListItem","position":3,"name":"NOENE Anti Shock Padel Grip"}]},{"@type":"WebSite","@id":"https:\/\/padelzoco.es\/#website","url":"https:\/\/padelzoco.es\/","name":"Padel Zoco","description":"Padel Zoco | Spain","publisher":{"@id":"https:\/\/padelzoco.es\/#organization"},"potentialAction":[{"@type":"SearchAction","target":{"@type":"EntryPoint","urlTemplate":"https:\/\/padelzoco.es\/?s={search_term_string}"},"query-input":{"@type":"PropertyValueSpecification","valueRequired":true,"valueName":"search_term_string"}}],"inLanguage":"en-GB"},{"@type":"Organization","@id":"https:\/\/padelzoco.es\/#organization","name":"Padel Zoco","url":"https:\/\/padelzoco.es\/","logo":{"@type":"ImageObject","inLanguage":"en-GB","@id":"https:\/\/padelzoco.es\/#\/schema\/logo\/image\/","url":"https:\/\/padelzoco.es\/wp-content\/uploads\/2023\/11\/PadelZoco_Logo_black_white.webp","contentUrl":"https:\/\/padelzoco.es\/wp-content\/uploads\/2023\/11\/PadelZoco_Logo_black_white.webp","width":1500,"height":631,"caption":"Padel Zoco"},"image":{"@id":"https:\/\/padelzoco.es\/#\/schema\/logo\/image\/"}}]}},"_links":{"self":[{"href":"https:\/\/padelzoco.es\/en\/wp-json\/wp\/v2\/product\/13750","targetHints":{"allow":["GET"]}}],"collection":[{"href":"https:\/\/padelzoco.es\/en\/wp-json\/wp\/v2\/product"}],"about":[{"href":"https:\/\/padelzoco.es\/en\/wp-json\/wp\/v2\/types\/product"}],"version-history":[{"count":4,"href":"https:\/\/padelzoco.es\/en\/wp-json\/wp\/v2\/product\/13750\/revisions"}],"predecessor-version":[{"id":37858,"href":"https:\/\/padelzoco.es\/en\/wp-json\/wp\/v2\/product\/13750\/revisions\/37858"}],"wp:featuredmedia":[{"embeddable":true,"href":"https:\/\/padelzoco.es\/en\/wp-json\/wp\/v2\/media\/13752"}],"wp:attachment":[{"href":"https:\/\/padelzoco.es\/en\/wp-json\/wp\/v2\/media?parent=13750"}],"wp:term":[{"taxonomy":"product_brand","embeddable":true,"href":"https:\/\/padelzoco.es\/en\/wp-json\/wp\/v2\/product_brand?post=13750"},{"taxonomy":"product_cat","embeddable":true,"href":"https:\/\/padelzoco.es\/en\/wp-json\/wp\/v2\/product_cat?post=13750"},{"taxonomy":"product_tag","embeddable":true,"href":"https:\/\/padelzoco.es\/en\/wp-json\/wp\/v2\/product_tag?post=13750"}],"curies":[{"name":"wp","href":"https:\/\/api.w.org\/{rel}","templated":true}]}}