{"id":13966,"date":"2024-11-08T12:11:28","date_gmt":"2024-11-08T11:11:28","guid":{"rendered":"https:\/\/adc06f55e9.nxcli.io\/?post_type=product&#038;p=13966"},"modified":"2026-04-30T19:17:36","modified_gmt":"2026-04-30T18:17:36","slug":"paletero-bullpadel-hack-bpp25012-petroleo","status":"publish","type":"product","link":"https:\/\/padelzoco.es\/en\/product\/paletero-bullpadel-hack-bpp25012-petroleo\/","title":{"rendered":"Paletero Bullpadel Hack BPP25012 Petroleo"},"content":{"rendered":"","protected":false},"excerpt":{"rendered":"<p>El paletero HACK de\u00a0Paquito Navarro\u00a0es el complemento perfecto de la nueva pala Hack 04. Tiene un compartimento principal para guardar todo lo que necesites, dispone de dos compartimentos thermo con capacidad para cuatro palas, y un compartimento separado y ventilado para ropa y calzado. El dise\u00f1o del paletero HACK de Paquito Navarro incorpora en los laterales una carcasa semir\u00edgida que proporciona mayor rigidez y una mayor protecci\u00f3n para las palas, adem\u00e1s, el dise\u00f1o de la espaldera cuenta con piezas de foam que garantizan una m\u00e1xima ventilaci\u00f3n y comodidad a la espalda.<\/p>","protected":false},"featured_media":13971,"template":"","meta":[],"product_brand":[],"product_cat":[636,626,698,629,706],"product_tag":[],"class_list":{"0":"post-13966","1":"product","2":"type-product","3":"status-publish","4":"has-post-thumbnail","6":"product_cat-bolsa","7":"product_cat-bolsas","8":"product_cat-bullpadel-padel","9":"product_cat-bullpadel-bolsas","10":"product_cat-paquito-navarro","11":"pa_brand-bullpadel","12":"pa_hs_code-673","14":"first","15":"instock","16":"sale","17":"taxable","18":"shipping-taxable","19":"purchasable","20":"product-type-simple"},"yoast_head":"<!-- This site is optimized with the Yoast SEO plugin v27.5 - https:\/\/yoast.com\/product\/yoast-seo-wordpress\/ -->\n<title>Paletero Bullpadel Hack BPP25012 Petroleo - Padel Zoco<\/title>\n<meta name=\"description\" content=\"Bullpadel HACK Padel Racket bag is the perfect complement to the new 2025 Bullpadel Rackets. All in one padel bags Fits for all of your padel needs. Padel Shop Madrid\" \/>\n<meta name=\"robots\" content=\"index, follow, max-snippet:-1, max-image-preview:large, max-video-preview:-1\" \/>\n<link rel=\"canonical\" href=\"https:\/\/padelzoco.es\/en\/product\/paletero-bullpadel-hack-bpp25012-petroleo\/\" \/>\n<meta property=\"og:locale\" content=\"en_GB\" \/>\n<meta property=\"og:type\" content=\"article\" \/>\n<meta property=\"og:title\" content=\"Paletero Bullpadel Hack BPP25012 Petroleo - Padel Zoco\" \/>\n<meta property=\"og:description\" content=\"Bullpadel HACK Padel Racket bag is the perfect complement to the new 2025 Bullpadel Rackets. All in one padel bags Fits for all of your padel needs. Padel Shop Madrid\" \/>\n<meta property=\"og:url\" content=\"https:\/\/padelzoco.es\/en\/product\/paletero-bullpadel-hack-bpp25012-petroleo\/\" \/>\n<meta property=\"og:site_name\" content=\"Padel Zoco\" \/>\n<meta property=\"article:modified_time\" content=\"2026-04-30T18:17:36+00:00\" \/>\n<meta property=\"og:image\" content=\"https:\/\/padelzoco.es\/wp-content\/uploads\/2024\/11\/BULLPADEL-Hack-Padel-Bag-BPP25012-Petrol-Blue-01.webp\" \/>\n\t<meta property=\"og:image:width\" content=\"1400\" \/>\n\t<meta property=\"og:image:height\" content=\"1400\" \/>\n\t<meta property=\"og:image:type\" content=\"image\/webp\" \/>\n<meta name=\"twitter:card\" content=\"summary_large_image\" \/>\n<meta name=\"twitter:label1\" content=\"Estimated reading time\" \/>\n\t<meta name=\"twitter:data1\" content=\"1 minute\" \/>\n<script type=\"application\/ld+json\" class=\"yoast-schema-graph\">{\"@context\":\"https:\\\/\\\/schema.org\",\"@graph\":[{\"@type\":\"WebPage\",\"@id\":\"https:\\\/\\\/padelzoco.es\\\/product\\\/paletero-bullpadel-hack-bpp25012-petroleo\\\/\",\"url\":\"https:\\\/\\\/padelzoco.es\\\/product\\\/paletero-bullpadel-hack-bpp25012-petroleo\\\/\",\"name\":\"Paletero Bullpadel Hack BPP25012 Petroleo - Padel Zoco\",\"isPartOf\":{\"@id\":\"https:\\\/\\\/padelzoco.es\\\/#website\"},\"primaryImageOfPage\":{\"@id\":\"https:\\\/\\\/padelzoco.es\\\/product\\\/paletero-bullpadel-hack-bpp25012-petroleo\\\/#primaryimage\"},\"image\":{\"@id\":\"https:\\\/\\\/padelzoco.es\\\/product\\\/paletero-bullpadel-hack-bpp25012-petroleo\\\/#primaryimage\"},\"thumbnailUrl\":\"https:\\\/\\\/padelzoco.es\\\/wp-content\\\/uploads\\\/2024\\\/11\\\/BULLPADEL-Hack-Padel-Bag-BPP25012-Petrol-Blue-01.webp\",\"datePublished\":\"2024-11-08T11:11:28+00:00\",\"dateModified\":\"2026-04-30T18:17:36+00:00\",\"description\":\"Bullpadel HACK Padel Racket bag is the perfect complement to the new 2025 Bullpadel Rackets. All in one padel bags Fits for all of your padel needs. Padel Shop Madrid\",\"breadcrumb\":{\"@id\":\"https:\\\/\\\/padelzoco.es\\\/product\\\/paletero-bullpadel-hack-bpp25012-petroleo\\\/#breadcrumb\"},\"inLanguage\":\"en-GB\",\"potentialAction\":[{\"@type\":\"ReadAction\",\"target\":[\"https:\\\/\\\/padelzoco.es\\\/product\\\/paletero-bullpadel-hack-bpp25012-petroleo\\\/\"]}]},{\"@type\":\"ImageObject\",\"inLanguage\":\"en-GB\",\"@id\":\"https:\\\/\\\/padelzoco.es\\\/product\\\/paletero-bullpadel-hack-bpp25012-petroleo\\\/#primaryimage\",\"url\":\"https:\\\/\\\/padelzoco.es\\\/wp-content\\\/uploads\\\/2024\\\/11\\\/BULLPADEL-Hack-Padel-Bag-BPP25012-Petrol-Blue-01.webp\",\"contentUrl\":\"https:\\\/\\\/padelzoco.es\\\/wp-content\\\/uploads\\\/2024\\\/11\\\/BULLPADEL-Hack-Padel-Bag-BPP25012-Petrol-Blue-01.webp\",\"width\":1400,\"height\":1400,\"caption\":\"BULLPADEL Hack Padel Bag BPP25012 Petrol Blue 01\"},{\"@type\":\"BreadcrumbList\",\"@id\":\"https:\\\/\\\/padelzoco.es\\\/product\\\/paletero-bullpadel-hack-bpp25012-petroleo\\\/#breadcrumb\",\"itemListElement\":[{\"@type\":\"ListItem\",\"position\":1,\"name\":\"Home\",\"item\":\"https:\\\/\\\/padelzoco.es\\\/\"},{\"@type\":\"ListItem\",\"position\":2,\"name\":\"Padel Zoco\",\"item\":\"https:\\\/\\\/padelzoco.es\\\/padel-zoco\\\/\"},{\"@type\":\"ListItem\",\"position\":3,\"name\":\"Paletero Bullpadel Hack BPP25012 Petroleo\"}]},{\"@type\":\"WebSite\",\"@id\":\"https:\\\/\\\/padelzoco.es\\\/#website\",\"url\":\"https:\\\/\\\/padelzoco.es\\\/\",\"name\":\"Padel Zoco\",\"description\":\"Padel Zoco | Spain\",\"publisher\":{\"@id\":\"https:\\\/\\\/padelzoco.es\\\/#organization\"},\"potentialAction\":[{\"@type\":\"SearchAction\",\"target\":{\"@type\":\"EntryPoint\",\"urlTemplate\":\"https:\\\/\\\/padelzoco.es\\\/?s={search_term_string}\"},\"query-input\":{\"@type\":\"PropertyValueSpecification\",\"valueRequired\":true,\"valueName\":\"search_term_string\"}}],\"inLanguage\":\"en-GB\"},{\"@type\":\"Organization\",\"@id\":\"https:\\\/\\\/padelzoco.es\\\/#organization\",\"name\":\"Padel Zoco\",\"url\":\"https:\\\/\\\/padelzoco.es\\\/\",\"logo\":{\"@type\":\"ImageObject\",\"inLanguage\":\"en-GB\",\"@id\":\"https:\\\/\\\/padelzoco.es\\\/#\\\/schema\\\/logo\\\/image\\\/\",\"url\":\"https:\\\/\\\/padelzoco.es\\\/wp-content\\\/uploads\\\/2023\\\/11\\\/PadelZoco_Logo_black_white.webp\",\"contentUrl\":\"https:\\\/\\\/padelzoco.es\\\/wp-content\\\/uploads\\\/2023\\\/11\\\/PadelZoco_Logo_black_white.webp\",\"width\":1500,\"height\":631,\"caption\":\"Padel Zoco\"},\"image\":{\"@id\":\"https:\\\/\\\/padelzoco.es\\\/#\\\/schema\\\/logo\\\/image\\\/\"}}]}<\/script>\n<!-- \/ Yoast SEO plugin. -->","yoast_head_json":{"title":"Paletero Bullpadel Hack BPP25012 Petroleo - Padel Zoco","description":"Bullpadel HACK Padel Racket bag is the perfect complement to the new 2025 Bullpadel Rackets. All in one padel bags Fits for all of your padel needs. Padel Shop Madrid","robots":{"index":"index","follow":"follow","max-snippet":"max-snippet:-1","max-image-preview":"max-image-preview:large","max-video-preview":"max-video-preview:-1"},"canonical":"https:\/\/padelzoco.es\/en\/product\/paletero-bullpadel-hack-bpp25012-petroleo\/","og_locale":"en_GB","og_type":"article","og_title":"Paletero Bullpadel Hack BPP25012 Petroleo - Padel Zoco","og_description":"Bullpadel HACK Padel Racket bag is the perfect complement to the new 2025 Bullpadel Rackets. All in one padel bags Fits for all of your padel needs. Padel Shop Madrid","og_url":"https:\/\/padelzoco.es\/en\/product\/paletero-bullpadel-hack-bpp25012-petroleo\/","og_site_name":"Padel Zoco","article_modified_time":"2026-04-30T18:17:36+00:00","og_image":[{"width":1400,"height":1400,"url":"https:\/\/padelzoco.es\/wp-content\/uploads\/2024\/11\/BULLPADEL-Hack-Padel-Bag-BPP25012-Petrol-Blue-01.webp","type":"image\/webp"}],"twitter_card":"summary_large_image","twitter_misc":{"Estimated reading time":"1 minute"},"schema":{"@context":"https:\/\/schema.org","@graph":[{"@type":"WebPage","@id":"https:\/\/padelzoco.es\/product\/paletero-bullpadel-hack-bpp25012-petroleo\/","url":"https:\/\/padelzoco.es\/product\/paletero-bullpadel-hack-bpp25012-petroleo\/","name":"Paletero Bullpadel Hack BPP25012 Petroleo - Padel Zoco","isPartOf":{"@id":"https:\/\/padelzoco.es\/#website"},"primaryImageOfPage":{"@id":"https:\/\/padelzoco.es\/product\/paletero-bullpadel-hack-bpp25012-petroleo\/#primaryimage"},"image":{"@id":"https:\/\/padelzoco.es\/product\/paletero-bullpadel-hack-bpp25012-petroleo\/#primaryimage"},"thumbnailUrl":"https:\/\/padelzoco.es\/wp-content\/uploads\/2024\/11\/BULLPADEL-Hack-Padel-Bag-BPP25012-Petrol-Blue-01.webp","datePublished":"2024-11-08T11:11:28+00:00","dateModified":"2026-04-30T18:17:36+00:00","description":"Bullpadel HACK Padel Racket bag is the perfect complement to the new 2025 Bullpadel Rackets. All in one padel bags Fits for all of your padel needs. Padel Shop Madrid","breadcrumb":{"@id":"https:\/\/padelzoco.es\/product\/paletero-bullpadel-hack-bpp25012-petroleo\/#breadcrumb"},"inLanguage":"en-GB","potentialAction":[{"@type":"ReadAction","target":["https:\/\/padelzoco.es\/product\/paletero-bullpadel-hack-bpp25012-petroleo\/"]}]},{"@type":"ImageObject","inLanguage":"en-GB","@id":"https:\/\/padelzoco.es\/product\/paletero-bullpadel-hack-bpp25012-petroleo\/#primaryimage","url":"https:\/\/padelzoco.es\/wp-content\/uploads\/2024\/11\/BULLPADEL-Hack-Padel-Bag-BPP25012-Petrol-Blue-01.webp","contentUrl":"https:\/\/padelzoco.es\/wp-content\/uploads\/2024\/11\/BULLPADEL-Hack-Padel-Bag-BPP25012-Petrol-Blue-01.webp","width":1400,"height":1400,"caption":"BULLPADEL Hack Padel Bag BPP25012 Petrol Blue 01"},{"@type":"BreadcrumbList","@id":"https:\/\/padelzoco.es\/product\/paletero-bullpadel-hack-bpp25012-petroleo\/#breadcrumb","itemListElement":[{"@type":"ListItem","position":1,"name":"Home","item":"https:\/\/padelzoco.es\/"},{"@type":"ListItem","position":2,"name":"Padel Zoco","item":"https:\/\/padelzoco.es\/padel-zoco\/"},{"@type":"ListItem","position":3,"name":"Paletero Bullpadel Hack BPP25012 Petroleo"}]},{"@type":"WebSite","@id":"https:\/\/padelzoco.es\/#website","url":"https:\/\/padelzoco.es\/","name":"Padel Zoco","description":"Padel Zoco | Spain","publisher":{"@id":"https:\/\/padelzoco.es\/#organization"},"potentialAction":[{"@type":"SearchAction","target":{"@type":"EntryPoint","urlTemplate":"https:\/\/padelzoco.es\/?s={search_term_string}"},"query-input":{"@type":"PropertyValueSpecification","valueRequired":true,"valueName":"search_term_string"}}],"inLanguage":"en-GB"},{"@type":"Organization","@id":"https:\/\/padelzoco.es\/#organization","name":"Padel Zoco","url":"https:\/\/padelzoco.es\/","logo":{"@type":"ImageObject","inLanguage":"en-GB","@id":"https:\/\/padelzoco.es\/#\/schema\/logo\/image\/","url":"https:\/\/padelzoco.es\/wp-content\/uploads\/2023\/11\/PadelZoco_Logo_black_white.webp","contentUrl":"https:\/\/padelzoco.es\/wp-content\/uploads\/2023\/11\/PadelZoco_Logo_black_white.webp","width":1500,"height":631,"caption":"Padel Zoco"},"image":{"@id":"https:\/\/padelzoco.es\/#\/schema\/logo\/image\/"}}]}},"_links":{"self":[{"href":"https:\/\/padelzoco.es\/en\/wp-json\/wp\/v2\/product\/13966","targetHints":{"allow":["GET"]}}],"collection":[{"href":"https:\/\/padelzoco.es\/en\/wp-json\/wp\/v2\/product"}],"about":[{"href":"https:\/\/padelzoco.es\/en\/wp-json\/wp\/v2\/types\/product"}],"version-history":[{"count":2,"href":"https:\/\/padelzoco.es\/en\/wp-json\/wp\/v2\/product\/13966\/revisions"}],"predecessor-version":[{"id":30057,"href":"https:\/\/padelzoco.es\/en\/wp-json\/wp\/v2\/product\/13966\/revisions\/30057"}],"wp:featuredmedia":[{"embeddable":true,"href":"https:\/\/padelzoco.es\/en\/wp-json\/wp\/v2\/media\/13971"}],"wp:attachment":[{"href":"https:\/\/padelzoco.es\/en\/wp-json\/wp\/v2\/media?parent=13966"}],"wp:term":[{"taxonomy":"product_brand","embeddable":true,"href":"https:\/\/padelzoco.es\/en\/wp-json\/wp\/v2\/product_brand?post=13966"},{"taxonomy":"product_cat","embeddable":true,"href":"https:\/\/padelzoco.es\/en\/wp-json\/wp\/v2\/product_cat?post=13966"},{"taxonomy":"product_tag","embeddable":true,"href":"https:\/\/padelzoco.es\/en\/wp-json\/wp\/v2\/product_tag?post=13966"}],"curies":[{"name":"wp","href":"https:\/\/api.w.org\/{rel}","templated":true}]}}