{"id":13978,"date":"2024-11-08T12:45:09","date_gmt":"2024-11-08T11:45:09","guid":{"rendered":"https:\/\/adc06f55e9.nxcli.io\/?post_type=product&#038;p=13978"},"modified":"2026-02-02T09:49:54","modified_gmt":"2026-02-02T08:49:54","slug":"paletero-bullpadel-pearl-bpp25021-blanco-2025","status":"publish","type":"product","link":"https:\/\/padelzoco.es\/en\/product\/paletero-bullpadel-pearl-bpp25021-blanco-2025\/","title":{"rendered":"Paletero Bullpadel Pearl BPP25021 Blanco 2025"},"content":{"rendered":"","protected":false},"excerpt":{"rendered":"<p>El flamante paletero PEARL se convierte en el compa\u00f1ero perfecto para la pala Pearl de Bea Gonz\u00e1lez.<\/p>\n<p>Este paletero destaca por su ligereza y su capacidad \u00f3ptima de almacenamiento. Con un compartimento principal espacioso para guardar todos tus art\u00edculos esenciales, dos compartimentos thermo dise\u00f1ados para alojar hasta cuatro palas, y un \u00e1rea separada y ventilada para la ropa y el calzado, este paletero ofrece una organizaci\u00f3n impecable. Adem\u00e1s, incluye un pr\u00e1ctico bolsillo lateral. Todo ello con el toque personal de la firma de nuestra destacada jugadora, Bea Gonz\u00e1lez.<\/p>\n<ul>\n<li>Medidas: 60x30x40 cms.<\/li>\n<li>Composici\u00f3n: POLIESTER 1680D<\/li>\n<li>Color: Blanco<\/li>\n<\/ul>","protected":false},"featured_media":13983,"template":"","meta":[],"product_brand":[],"product_cat":[815,636,626,698,629,704],"product_tag":[],"class_list":{"0":"post-13978","1":"product","2":"type-product","3":"status-publish","4":"has-post-thumbnail","6":"product_cat-bea-gonzalez","7":"product_cat-bolsa","8":"product_cat-bolsas","9":"product_cat-bullpadel-padel","10":"product_cat-bullpadel-bolsas","11":"product_cat-federico-chingotto","12":"pa_brand-bullpadel","13":"pa_hs_code-673","15":"first","16":"instock","17":"sale","18":"taxable","19":"shipping-taxable","20":"purchasable","21":"product-type-simple"},"yoast_head":"<!-- This site is optimized with the Yoast SEO plugin v27.3 - https:\/\/yoast.com\/product\/yoast-seo-wordpress\/ -->\n<title>Paletero Bullpadel Pearl BPP25021 Blanco 2025 - Padel Zoco<\/title>\n<meta name=\"description\" content=\"Bullpadel PEARL padel racket bag makes the perfect padel bag stands out for its lightness and optimal storage capacity. Buy Now at Padel Shop Madrid.\" \/>\n<meta name=\"robots\" content=\"index, follow, max-snippet:-1, max-image-preview:large, max-video-preview:-1\" \/>\n<link rel=\"canonical\" href=\"https:\/\/padelzoco.es\/en\/product\/paletero-bullpadel-pearl-bpp25021-blanco-2025\/\" \/>\n<meta property=\"og:locale\" content=\"en_GB\" \/>\n<meta property=\"og:type\" content=\"article\" \/>\n<meta property=\"og:title\" content=\"Paletero Bullpadel Pearl BPP25021 Blanco 2025 - Padel Zoco\" \/>\n<meta property=\"og:description\" content=\"Bullpadel PEARL padel racket bag makes the perfect padel bag stands out for its lightness and optimal storage capacity. Buy Now at Padel Shop Madrid.\" \/>\n<meta property=\"og:url\" content=\"https:\/\/padelzoco.es\/en\/product\/paletero-bullpadel-pearl-bpp25021-blanco-2025\/\" \/>\n<meta property=\"og:site_name\" content=\"Padel Zoco\" \/>\n<meta property=\"article:modified_time\" content=\"2026-02-02T08:49:54+00:00\" \/>\n<meta property=\"og:image\" content=\"https:\/\/padelzoco.es\/wp-content\/uploads\/2024\/11\/BULLPADEL-Pearl-Padel-Bag-Bpp25021-White-01.webp\" \/>\n\t<meta property=\"og:image:width\" content=\"1400\" \/>\n\t<meta property=\"og:image:height\" content=\"1400\" \/>\n\t<meta property=\"og:image:type\" content=\"image\/webp\" \/>\n<meta name=\"twitter:card\" content=\"summary_large_image\" \/>\n<meta name=\"twitter:label1\" content=\"Estimated reading time\" \/>\n\t<meta name=\"twitter:data1\" content=\"1 minute\" \/>\n<script type=\"application\/ld+json\" class=\"yoast-schema-graph\">{\"@context\":\"https:\\\/\\\/schema.org\",\"@graph\":[{\"@type\":\"WebPage\",\"@id\":\"https:\\\/\\\/padelzoco.es\\\/product\\\/paletero-bullpadel-pearl-bpp25021-blanco-2025\\\/\",\"url\":\"https:\\\/\\\/padelzoco.es\\\/product\\\/paletero-bullpadel-pearl-bpp25021-blanco-2025\\\/\",\"name\":\"Paletero Bullpadel Pearl BPP25021 Blanco 2025 - Padel Zoco\",\"isPartOf\":{\"@id\":\"https:\\\/\\\/padelzoco.es\\\/#website\"},\"primaryImageOfPage\":{\"@id\":\"https:\\\/\\\/padelzoco.es\\\/product\\\/paletero-bullpadel-pearl-bpp25021-blanco-2025\\\/#primaryimage\"},\"image\":{\"@id\":\"https:\\\/\\\/padelzoco.es\\\/product\\\/paletero-bullpadel-pearl-bpp25021-blanco-2025\\\/#primaryimage\"},\"thumbnailUrl\":\"https:\\\/\\\/padelzoco.es\\\/wp-content\\\/uploads\\\/2024\\\/11\\\/BULLPADEL-Pearl-Padel-Bag-Bpp25021-White-01.webp\",\"datePublished\":\"2024-11-08T11:45:09+00:00\",\"dateModified\":\"2026-02-02T08:49:54+00:00\",\"description\":\"Bullpadel PEARL padel racket bag makes the perfect padel bag stands out for its lightness and optimal storage capacity. Buy Now at Padel Shop Madrid.\",\"breadcrumb\":{\"@id\":\"https:\\\/\\\/padelzoco.es\\\/product\\\/paletero-bullpadel-pearl-bpp25021-blanco-2025\\\/#breadcrumb\"},\"inLanguage\":\"en-GB\",\"potentialAction\":[{\"@type\":\"ReadAction\",\"target\":[\"https:\\\/\\\/padelzoco.es\\\/product\\\/paletero-bullpadel-pearl-bpp25021-blanco-2025\\\/\"]}]},{\"@type\":\"ImageObject\",\"inLanguage\":\"en-GB\",\"@id\":\"https:\\\/\\\/padelzoco.es\\\/product\\\/paletero-bullpadel-pearl-bpp25021-blanco-2025\\\/#primaryimage\",\"url\":\"https:\\\/\\\/padelzoco.es\\\/wp-content\\\/uploads\\\/2024\\\/11\\\/BULLPADEL-Pearl-Padel-Bag-Bpp25021-White-01.webp\",\"contentUrl\":\"https:\\\/\\\/padelzoco.es\\\/wp-content\\\/uploads\\\/2024\\\/11\\\/BULLPADEL-Pearl-Padel-Bag-Bpp25021-White-01.webp\",\"width\":1400,\"height\":1400,\"caption\":\"BULLPADEL Pearl Padel Bag Bpp25021 White 01\"},{\"@type\":\"BreadcrumbList\",\"@id\":\"https:\\\/\\\/padelzoco.es\\\/product\\\/paletero-bullpadel-pearl-bpp25021-blanco-2025\\\/#breadcrumb\",\"itemListElement\":[{\"@type\":\"ListItem\",\"position\":1,\"name\":\"Home\",\"item\":\"https:\\\/\\\/padelzoco.es\\\/\"},{\"@type\":\"ListItem\",\"position\":2,\"name\":\"Padel Zoco\",\"item\":\"https:\\\/\\\/padelzoco.es\\\/padel-zoco\\\/\"},{\"@type\":\"ListItem\",\"position\":3,\"name\":\"Paletero Bullpadel Pearl BPP25021 Blanco 2025\"}]},{\"@type\":\"WebSite\",\"@id\":\"https:\\\/\\\/padelzoco.es\\\/#website\",\"url\":\"https:\\\/\\\/padelzoco.es\\\/\",\"name\":\"Padel Zoco\",\"description\":\"Padel Zoco | Spain\",\"publisher\":{\"@id\":\"https:\\\/\\\/padelzoco.es\\\/#organization\"},\"potentialAction\":[{\"@type\":\"SearchAction\",\"target\":{\"@type\":\"EntryPoint\",\"urlTemplate\":\"https:\\\/\\\/padelzoco.es\\\/?s={search_term_string}\"},\"query-input\":{\"@type\":\"PropertyValueSpecification\",\"valueRequired\":true,\"valueName\":\"search_term_string\"}}],\"inLanguage\":\"en-GB\"},{\"@type\":\"Organization\",\"@id\":\"https:\\\/\\\/padelzoco.es\\\/#organization\",\"name\":\"Padel Zoco\",\"url\":\"https:\\\/\\\/padelzoco.es\\\/\",\"logo\":{\"@type\":\"ImageObject\",\"inLanguage\":\"en-GB\",\"@id\":\"https:\\\/\\\/padelzoco.es\\\/#\\\/schema\\\/logo\\\/image\\\/\",\"url\":\"https:\\\/\\\/padelzoco.es\\\/wp-content\\\/uploads\\\/2023\\\/11\\\/PadelZoco_Logo_black_white.webp\",\"contentUrl\":\"https:\\\/\\\/padelzoco.es\\\/wp-content\\\/uploads\\\/2023\\\/11\\\/PadelZoco_Logo_black_white.webp\",\"width\":1500,\"height\":631,\"caption\":\"Padel Zoco\"},\"image\":{\"@id\":\"https:\\\/\\\/padelzoco.es\\\/#\\\/schema\\\/logo\\\/image\\\/\"}}]}<\/script>\n<!-- \/ Yoast SEO plugin. -->","yoast_head_json":{"title":"Paletero Bullpadel Pearl BPP25021 Blanco 2025 - Padel Zoco","description":"Bullpadel PEARL padel racket bag makes the perfect padel bag stands out for its lightness and optimal storage capacity. Buy Now at Padel Shop Madrid.","robots":{"index":"index","follow":"follow","max-snippet":"max-snippet:-1","max-image-preview":"max-image-preview:large","max-video-preview":"max-video-preview:-1"},"canonical":"https:\/\/padelzoco.es\/en\/product\/paletero-bullpadel-pearl-bpp25021-blanco-2025\/","og_locale":"en_GB","og_type":"article","og_title":"Paletero Bullpadel Pearl BPP25021 Blanco 2025 - Padel Zoco","og_description":"Bullpadel PEARL padel racket bag makes the perfect padel bag stands out for its lightness and optimal storage capacity. Buy Now at Padel Shop Madrid.","og_url":"https:\/\/padelzoco.es\/en\/product\/paletero-bullpadel-pearl-bpp25021-blanco-2025\/","og_site_name":"Padel Zoco","article_modified_time":"2026-02-02T08:49:54+00:00","og_image":[{"width":1400,"height":1400,"url":"https:\/\/padelzoco.es\/wp-content\/uploads\/2024\/11\/BULLPADEL-Pearl-Padel-Bag-Bpp25021-White-01.webp","type":"image\/webp"}],"twitter_card":"summary_large_image","twitter_misc":{"Estimated reading time":"1 minute"},"schema":{"@context":"https:\/\/schema.org","@graph":[{"@type":"WebPage","@id":"https:\/\/padelzoco.es\/product\/paletero-bullpadel-pearl-bpp25021-blanco-2025\/","url":"https:\/\/padelzoco.es\/product\/paletero-bullpadel-pearl-bpp25021-blanco-2025\/","name":"Paletero Bullpadel Pearl BPP25021 Blanco 2025 - Padel Zoco","isPartOf":{"@id":"https:\/\/padelzoco.es\/#website"},"primaryImageOfPage":{"@id":"https:\/\/padelzoco.es\/product\/paletero-bullpadel-pearl-bpp25021-blanco-2025\/#primaryimage"},"image":{"@id":"https:\/\/padelzoco.es\/product\/paletero-bullpadel-pearl-bpp25021-blanco-2025\/#primaryimage"},"thumbnailUrl":"https:\/\/padelzoco.es\/wp-content\/uploads\/2024\/11\/BULLPADEL-Pearl-Padel-Bag-Bpp25021-White-01.webp","datePublished":"2024-11-08T11:45:09+00:00","dateModified":"2026-02-02T08:49:54+00:00","description":"Bullpadel PEARL padel racket bag makes the perfect padel bag stands out for its lightness and optimal storage capacity. Buy Now at Padel Shop Madrid.","breadcrumb":{"@id":"https:\/\/padelzoco.es\/product\/paletero-bullpadel-pearl-bpp25021-blanco-2025\/#breadcrumb"},"inLanguage":"en-GB","potentialAction":[{"@type":"ReadAction","target":["https:\/\/padelzoco.es\/product\/paletero-bullpadel-pearl-bpp25021-blanco-2025\/"]}]},{"@type":"ImageObject","inLanguage":"en-GB","@id":"https:\/\/padelzoco.es\/product\/paletero-bullpadel-pearl-bpp25021-blanco-2025\/#primaryimage","url":"https:\/\/padelzoco.es\/wp-content\/uploads\/2024\/11\/BULLPADEL-Pearl-Padel-Bag-Bpp25021-White-01.webp","contentUrl":"https:\/\/padelzoco.es\/wp-content\/uploads\/2024\/11\/BULLPADEL-Pearl-Padel-Bag-Bpp25021-White-01.webp","width":1400,"height":1400,"caption":"BULLPADEL Pearl Padel Bag Bpp25021 White 01"},{"@type":"BreadcrumbList","@id":"https:\/\/padelzoco.es\/product\/paletero-bullpadel-pearl-bpp25021-blanco-2025\/#breadcrumb","itemListElement":[{"@type":"ListItem","position":1,"name":"Home","item":"https:\/\/padelzoco.es\/"},{"@type":"ListItem","position":2,"name":"Padel Zoco","item":"https:\/\/padelzoco.es\/padel-zoco\/"},{"@type":"ListItem","position":3,"name":"Paletero Bullpadel Pearl BPP25021 Blanco 2025"}]},{"@type":"WebSite","@id":"https:\/\/padelzoco.es\/#website","url":"https:\/\/padelzoco.es\/","name":"Padel Zoco","description":"Padel Zoco | Spain","publisher":{"@id":"https:\/\/padelzoco.es\/#organization"},"potentialAction":[{"@type":"SearchAction","target":{"@type":"EntryPoint","urlTemplate":"https:\/\/padelzoco.es\/?s={search_term_string}"},"query-input":{"@type":"PropertyValueSpecification","valueRequired":true,"valueName":"search_term_string"}}],"inLanguage":"en-GB"},{"@type":"Organization","@id":"https:\/\/padelzoco.es\/#organization","name":"Padel Zoco","url":"https:\/\/padelzoco.es\/","logo":{"@type":"ImageObject","inLanguage":"en-GB","@id":"https:\/\/padelzoco.es\/#\/schema\/logo\/image\/","url":"https:\/\/padelzoco.es\/wp-content\/uploads\/2023\/11\/PadelZoco_Logo_black_white.webp","contentUrl":"https:\/\/padelzoco.es\/wp-content\/uploads\/2023\/11\/PadelZoco_Logo_black_white.webp","width":1500,"height":631,"caption":"Padel Zoco"},"image":{"@id":"https:\/\/padelzoco.es\/#\/schema\/logo\/image\/"}}]}},"_links":{"self":[{"href":"https:\/\/padelzoco.es\/en\/wp-json\/wp\/v2\/product\/13978","targetHints":{"allow":["GET"]}}],"collection":[{"href":"https:\/\/padelzoco.es\/en\/wp-json\/wp\/v2\/product"}],"about":[{"href":"https:\/\/padelzoco.es\/en\/wp-json\/wp\/v2\/types\/product"}],"version-history":[{"count":3,"href":"https:\/\/padelzoco.es\/en\/wp-json\/wp\/v2\/product\/13978\/revisions"}],"predecessor-version":[{"id":30060,"href":"https:\/\/padelzoco.es\/en\/wp-json\/wp\/v2\/product\/13978\/revisions\/30060"}],"wp:featuredmedia":[{"embeddable":true,"href":"https:\/\/padelzoco.es\/en\/wp-json\/wp\/v2\/media\/13983"}],"wp:attachment":[{"href":"https:\/\/padelzoco.es\/en\/wp-json\/wp\/v2\/media?parent=13978"}],"wp:term":[{"taxonomy":"product_brand","embeddable":true,"href":"https:\/\/padelzoco.es\/en\/wp-json\/wp\/v2\/product_brand?post=13978"},{"taxonomy":"product_cat","embeddable":true,"href":"https:\/\/padelzoco.es\/en\/wp-json\/wp\/v2\/product_cat?post=13978"},{"taxonomy":"product_tag","embeddable":true,"href":"https:\/\/padelzoco.es\/en\/wp-json\/wp\/v2\/product_tag?post=13978"}],"curies":[{"name":"wp","href":"https:\/\/api.w.org\/{rel}","templated":true}]}}