{"id":13989,"date":"2024-11-08T13:10:12","date_gmt":"2024-11-08T12:10:12","guid":{"rendered":"https:\/\/adc06f55e9.nxcli.io\/?post_type=product&#038;p=13989"},"modified":"2026-04-30T18:47:02","modified_gmt":"2026-04-30T17:47:02","slug":"mochila-bullpadel-hack-bpm25001-blanco-2025","status":"publish","type":"product","link":"https:\/\/padelzoco.es\/en\/product\/mochila-bullpadel-hack-bpm25001-blanco-2025\/","title":{"rendered":"Mochila Bullpadel Hack BPM25001 Blanco 2025"},"content":{"rendered":"<div id=\"product-description-short-4690\" class=\"description-short\">\n<p>Bullpadel HACK Padel backpack by Paquito Navarro is the ideal complement to your new Hack 04 paddle. This technical backpack has a main compartment to store everything you need, it also has a thermo-reinforced compartment with capacity for two paddles and also has a separate and ventilated compartment for clothes and shoes, and a special padded pocket to carry laptops or tablets. The design of the back of this backpack has foam pieces that guarantee maximum ventilation and comfort on the back, it also has a chest strap for a better fit to the body and a side pocket where you can store your can of balls.<\/p>\n<\/div>\n<div class=\"product-additional-info\">\n<div class=\"social-sharing\"><\/div>\n<\/div>","protected":false},"excerpt":{"rendered":"<p>La mochila t\u00e9cnica HACK de<strong>\u00a0Paquito Navarro<\/strong>, es el complemento ideal de su nueva pala Hack 04. Esta mochila t\u00e9cnica dispone de un compartimento principal para guardar todo lo necesario, tambi\u00e9n dispone de un compartimento reforzado thermo con capacidad para dos palas y adem\u00e1s cuenta con un departamento separado y ventilado para ropa y calzado, y un bolsillo especial acolchado para transportar port\u00e1tiles o tablets. El dise\u00f1o de la espaldera de esta mochila cuenta con piezas de foam que garantizan una m\u00e1xima ventilaci\u00f3n y comodidad a la espalda, adem\u00e1s cuenta con una correa pectoral para un mejor ajuste al cuerpo y un bolsillo lateral donde puedes guardar tu bote de bolas.<\/p>","protected":false},"featured_media":13990,"template":"","meta":[],"product_brand":[],"product_cat":[626,698,629,634,706],"product_tag":[],"class_list":{"0":"post-13989","1":"product","2":"type-product","3":"status-publish","4":"has-post-thumbnail","6":"product_cat-bolsas","7":"product_cat-bullpadel-padel","8":"product_cat-bullpadel-bolsas","9":"product_cat-mochila","10":"product_cat-paquito-navarro","11":"pa_brand-bullpadel","12":"pa_hs_code-673","14":"first","15":"outofstock","16":"sale","17":"taxable","18":"shipping-taxable","19":"purchasable","20":"product-type-simple"},"yoast_head":"<!-- This site is optimized with the Yoast SEO plugin v27.6 - https:\/\/yoast.com\/product\/yoast-seo-wordpress\/ -->\n<title>Mochila Bullpadel Hack BPM25001 Blanco 2025 - Padel Zoco<\/title>\n<meta name=\"description\" content=\"BULLPADEL Hack Padel Backpack Bag by Paquito Navarro is a light weight comfortable and best padel bag for all players. Buy now at padel zoco madrid.\" \/>\n<meta name=\"robots\" content=\"index, follow, max-snippet:-1, max-image-preview:large, max-video-preview:-1\" \/>\n<link rel=\"canonical\" href=\"https:\/\/padelzoco.es\/en\/product\/mochila-bullpadel-hack-bpm25001-blanco-2025\/\" \/>\n<meta property=\"og:locale\" content=\"en_GB\" \/>\n<meta property=\"og:type\" content=\"article\" \/>\n<meta property=\"og:title\" content=\"Mochila Bullpadel Hack BPM25001 Blanco 2025 - Padel Zoco\" \/>\n<meta property=\"og:description\" content=\"BULLPADEL Hack Padel Backpack Bag by Paquito Navarro is a light weight comfortable and best padel bag for all players. Buy now at padel zoco madrid.\" \/>\n<meta property=\"og:url\" content=\"https:\/\/padelzoco.es\/en\/product\/mochila-bullpadel-hack-bpm25001-blanco-2025\/\" \/>\n<meta property=\"og:site_name\" content=\"Padel Zoco\" \/>\n<meta property=\"article:modified_time\" content=\"2026-04-30T17:47:02+00:00\" \/>\n<meta property=\"og:image\" content=\"https:\/\/padelzoco.es\/wp-content\/uploads\/2024\/11\/BULLPADEL-Hack-Padel-Backpack-BPM25001-White-04.webp\" \/>\n\t<meta property=\"og:image:width\" content=\"1400\" \/>\n\t<meta property=\"og:image:height\" content=\"1400\" \/>\n\t<meta property=\"og:image:type\" content=\"image\/webp\" \/>\n<meta name=\"twitter:card\" content=\"summary_large_image\" \/>\n<meta name=\"twitter:label1\" content=\"Estimated reading time\" \/>\n\t<meta name=\"twitter:data1\" content=\"1 minute\" \/>\n<script type=\"application\/ld+json\" class=\"yoast-schema-graph\">{\"@context\":\"https:\\\/\\\/schema.org\",\"@graph\":[{\"@type\":\"WebPage\",\"@id\":\"https:\\\/\\\/padelzoco.es\\\/product\\\/mochila-bullpadel-hack-bpm25001-blanco-2025\\\/\",\"url\":\"https:\\\/\\\/padelzoco.es\\\/product\\\/mochila-bullpadel-hack-bpm25001-blanco-2025\\\/\",\"name\":\"Mochila Bullpadel Hack BPM25001 Blanco 2025 - Padel Zoco\",\"isPartOf\":{\"@id\":\"https:\\\/\\\/padelzoco.es\\\/#website\"},\"primaryImageOfPage\":{\"@id\":\"https:\\\/\\\/padelzoco.es\\\/product\\\/mochila-bullpadel-hack-bpm25001-blanco-2025\\\/#primaryimage\"},\"image\":{\"@id\":\"https:\\\/\\\/padelzoco.es\\\/product\\\/mochila-bullpadel-hack-bpm25001-blanco-2025\\\/#primaryimage\"},\"thumbnailUrl\":\"https:\\\/\\\/padelzoco.es\\\/wp-content\\\/uploads\\\/2024\\\/11\\\/BULLPADEL-Hack-Padel-Backpack-BPM25001-White-04.webp\",\"datePublished\":\"2024-11-08T12:10:12+00:00\",\"dateModified\":\"2026-04-30T17:47:02+00:00\",\"description\":\"BULLPADEL Hack Padel Backpack Bag by Paquito Navarro is a light weight comfortable and best padel bag for all players. Buy now at padel zoco madrid.\",\"breadcrumb\":{\"@id\":\"https:\\\/\\\/padelzoco.es\\\/product\\\/mochila-bullpadel-hack-bpm25001-blanco-2025\\\/#breadcrumb\"},\"inLanguage\":\"en-GB\",\"potentialAction\":[{\"@type\":\"ReadAction\",\"target\":[\"https:\\\/\\\/padelzoco.es\\\/product\\\/mochila-bullpadel-hack-bpm25001-blanco-2025\\\/\"]}]},{\"@type\":\"ImageObject\",\"inLanguage\":\"en-GB\",\"@id\":\"https:\\\/\\\/padelzoco.es\\\/product\\\/mochila-bullpadel-hack-bpm25001-blanco-2025\\\/#primaryimage\",\"url\":\"https:\\\/\\\/padelzoco.es\\\/wp-content\\\/uploads\\\/2024\\\/11\\\/BULLPADEL-Hack-Padel-Backpack-BPM25001-White-04.webp\",\"contentUrl\":\"https:\\\/\\\/padelzoco.es\\\/wp-content\\\/uploads\\\/2024\\\/11\\\/BULLPADEL-Hack-Padel-Backpack-BPM25001-White-04.webp\",\"width\":1400,\"height\":1400,\"caption\":\"BULLPADEL Hack Padel Backpack BPM25001 White 04\"},{\"@type\":\"BreadcrumbList\",\"@id\":\"https:\\\/\\\/padelzoco.es\\\/product\\\/mochila-bullpadel-hack-bpm25001-blanco-2025\\\/#breadcrumb\",\"itemListElement\":[{\"@type\":\"ListItem\",\"position\":1,\"name\":\"Home\",\"item\":\"https:\\\/\\\/padelzoco.es\\\/\"},{\"@type\":\"ListItem\",\"position\":2,\"name\":\"Padel Zoco\",\"item\":\"https:\\\/\\\/padelzoco.es\\\/padel-zoco\\\/\"},{\"@type\":\"ListItem\",\"position\":3,\"name\":\"Mochila Bullpadel Hack BPM25001 Blanco 2025\"}]},{\"@type\":\"WebSite\",\"@id\":\"https:\\\/\\\/padelzoco.es\\\/#website\",\"url\":\"https:\\\/\\\/padelzoco.es\\\/\",\"name\":\"Padel Zoco\",\"description\":\"Padel Zoco | Spain\",\"publisher\":{\"@id\":\"https:\\\/\\\/padelzoco.es\\\/#organization\"},\"potentialAction\":[{\"@type\":\"SearchAction\",\"target\":{\"@type\":\"EntryPoint\",\"urlTemplate\":\"https:\\\/\\\/padelzoco.es\\\/?s={search_term_string}\"},\"query-input\":{\"@type\":\"PropertyValueSpecification\",\"valueRequired\":true,\"valueName\":\"search_term_string\"}}],\"inLanguage\":\"en-GB\"},{\"@type\":\"Organization\",\"@id\":\"https:\\\/\\\/padelzoco.es\\\/#organization\",\"name\":\"Padel Zoco\",\"url\":\"https:\\\/\\\/padelzoco.es\\\/\",\"logo\":{\"@type\":\"ImageObject\",\"inLanguage\":\"en-GB\",\"@id\":\"https:\\\/\\\/padelzoco.es\\\/#\\\/schema\\\/logo\\\/image\\\/\",\"url\":\"https:\\\/\\\/padelzoco.es\\\/wp-content\\\/uploads\\\/2023\\\/11\\\/PadelZoco_Logo_black_white.webp\",\"contentUrl\":\"https:\\\/\\\/padelzoco.es\\\/wp-content\\\/uploads\\\/2023\\\/11\\\/PadelZoco_Logo_black_white.webp\",\"width\":1500,\"height\":631,\"caption\":\"Padel Zoco\"},\"image\":{\"@id\":\"https:\\\/\\\/padelzoco.es\\\/#\\\/schema\\\/logo\\\/image\\\/\"}}]}<\/script>\n<!-- \/ Yoast SEO plugin. -->","yoast_head_json":{"title":"Mochila Bullpadel Hack BPM25001 Blanco 2025 - Padel Zoco","description":"BULLPADEL Hack Padel Backpack Bag by Paquito Navarro is a light weight comfortable and best padel bag for all players. Buy now at padel zoco madrid.","robots":{"index":"index","follow":"follow","max-snippet":"max-snippet:-1","max-image-preview":"max-image-preview:large","max-video-preview":"max-video-preview:-1"},"canonical":"https:\/\/padelzoco.es\/en\/product\/mochila-bullpadel-hack-bpm25001-blanco-2025\/","og_locale":"en_GB","og_type":"article","og_title":"Mochila Bullpadel Hack BPM25001 Blanco 2025 - Padel Zoco","og_description":"BULLPADEL Hack Padel Backpack Bag by Paquito Navarro is a light weight comfortable and best padel bag for all players. Buy now at padel zoco madrid.","og_url":"https:\/\/padelzoco.es\/en\/product\/mochila-bullpadel-hack-bpm25001-blanco-2025\/","og_site_name":"Padel Zoco","article_modified_time":"2026-04-30T17:47:02+00:00","og_image":[{"width":1400,"height":1400,"url":"https:\/\/padelzoco.es\/wp-content\/uploads\/2024\/11\/BULLPADEL-Hack-Padel-Backpack-BPM25001-White-04.webp","type":"image\/webp"}],"twitter_card":"summary_large_image","twitter_misc":{"Estimated reading time":"1 minute"},"schema":{"@context":"https:\/\/schema.org","@graph":[{"@type":"WebPage","@id":"https:\/\/padelzoco.es\/product\/mochila-bullpadel-hack-bpm25001-blanco-2025\/","url":"https:\/\/padelzoco.es\/product\/mochila-bullpadel-hack-bpm25001-blanco-2025\/","name":"Mochila Bullpadel Hack BPM25001 Blanco 2025 - Padel Zoco","isPartOf":{"@id":"https:\/\/padelzoco.es\/#website"},"primaryImageOfPage":{"@id":"https:\/\/padelzoco.es\/product\/mochila-bullpadel-hack-bpm25001-blanco-2025\/#primaryimage"},"image":{"@id":"https:\/\/padelzoco.es\/product\/mochila-bullpadel-hack-bpm25001-blanco-2025\/#primaryimage"},"thumbnailUrl":"https:\/\/padelzoco.es\/wp-content\/uploads\/2024\/11\/BULLPADEL-Hack-Padel-Backpack-BPM25001-White-04.webp","datePublished":"2024-11-08T12:10:12+00:00","dateModified":"2026-04-30T17:47:02+00:00","description":"BULLPADEL Hack Padel Backpack Bag by Paquito Navarro is a light weight comfortable and best padel bag for all players. Buy now at padel zoco madrid.","breadcrumb":{"@id":"https:\/\/padelzoco.es\/product\/mochila-bullpadel-hack-bpm25001-blanco-2025\/#breadcrumb"},"inLanguage":"en-GB","potentialAction":[{"@type":"ReadAction","target":["https:\/\/padelzoco.es\/product\/mochila-bullpadel-hack-bpm25001-blanco-2025\/"]}]},{"@type":"ImageObject","inLanguage":"en-GB","@id":"https:\/\/padelzoco.es\/product\/mochila-bullpadel-hack-bpm25001-blanco-2025\/#primaryimage","url":"https:\/\/padelzoco.es\/wp-content\/uploads\/2024\/11\/BULLPADEL-Hack-Padel-Backpack-BPM25001-White-04.webp","contentUrl":"https:\/\/padelzoco.es\/wp-content\/uploads\/2024\/11\/BULLPADEL-Hack-Padel-Backpack-BPM25001-White-04.webp","width":1400,"height":1400,"caption":"BULLPADEL Hack Padel Backpack BPM25001 White 04"},{"@type":"BreadcrumbList","@id":"https:\/\/padelzoco.es\/product\/mochila-bullpadel-hack-bpm25001-blanco-2025\/#breadcrumb","itemListElement":[{"@type":"ListItem","position":1,"name":"Home","item":"https:\/\/padelzoco.es\/"},{"@type":"ListItem","position":2,"name":"Padel Zoco","item":"https:\/\/padelzoco.es\/padel-zoco\/"},{"@type":"ListItem","position":3,"name":"Mochila Bullpadel Hack BPM25001 Blanco 2025"}]},{"@type":"WebSite","@id":"https:\/\/padelzoco.es\/#website","url":"https:\/\/padelzoco.es\/","name":"Padel Zoco","description":"Padel Zoco | Spain","publisher":{"@id":"https:\/\/padelzoco.es\/#organization"},"potentialAction":[{"@type":"SearchAction","target":{"@type":"EntryPoint","urlTemplate":"https:\/\/padelzoco.es\/?s={search_term_string}"},"query-input":{"@type":"PropertyValueSpecification","valueRequired":true,"valueName":"search_term_string"}}],"inLanguage":"en-GB"},{"@type":"Organization","@id":"https:\/\/padelzoco.es\/#organization","name":"Padel Zoco","url":"https:\/\/padelzoco.es\/","logo":{"@type":"ImageObject","inLanguage":"en-GB","@id":"https:\/\/padelzoco.es\/#\/schema\/logo\/image\/","url":"https:\/\/padelzoco.es\/wp-content\/uploads\/2023\/11\/PadelZoco_Logo_black_white.webp","contentUrl":"https:\/\/padelzoco.es\/wp-content\/uploads\/2023\/11\/PadelZoco_Logo_black_white.webp","width":1500,"height":631,"caption":"Padel Zoco"},"image":{"@id":"https:\/\/padelzoco.es\/#\/schema\/logo\/image\/"}}]}},"_links":{"self":[{"href":"https:\/\/padelzoco.es\/en\/wp-json\/wp\/v2\/product\/13989","targetHints":{"allow":["GET"]}}],"collection":[{"href":"https:\/\/padelzoco.es\/en\/wp-json\/wp\/v2\/product"}],"about":[{"href":"https:\/\/padelzoco.es\/en\/wp-json\/wp\/v2\/types\/product"}],"version-history":[{"count":1,"href":"https:\/\/padelzoco.es\/en\/wp-json\/wp\/v2\/product\/13989\/revisions"}],"predecessor-version":[{"id":18718,"href":"https:\/\/padelzoco.es\/en\/wp-json\/wp\/v2\/product\/13989\/revisions\/18718"}],"wp:featuredmedia":[{"embeddable":true,"href":"https:\/\/padelzoco.es\/en\/wp-json\/wp\/v2\/media\/13990"}],"wp:attachment":[{"href":"https:\/\/padelzoco.es\/en\/wp-json\/wp\/v2\/media?parent=13989"}],"wp:term":[{"taxonomy":"product_brand","embeddable":true,"href":"https:\/\/padelzoco.es\/en\/wp-json\/wp\/v2\/product_brand?post=13989"},{"taxonomy":"product_cat","embeddable":true,"href":"https:\/\/padelzoco.es\/en\/wp-json\/wp\/v2\/product_cat?post=13989"},{"taxonomy":"product_tag","embeddable":true,"href":"https:\/\/padelzoco.es\/en\/wp-json\/wp\/v2\/product_tag?post=13989"}],"curies":[{"name":"wp","href":"https:\/\/api.w.org\/{rel}","templated":true}]}}