{"id":14252,"date":"2024-11-26T13:03:39","date_gmt":"2024-11-26T12:03:39","guid":{"rendered":"https:\/\/adc06f55e9.nxcli.io\/?post_type=product&#038;p=14252"},"modified":"2026-02-02T09:25:16","modified_gmt":"2026-02-02T08:25:16","slug":"pala-padel-babolat-counter-vertuo-24","status":"publish","type":"product","link":"https:\/\/padelzoco.es\/en\/product\/pala-padel-babolat-counter-vertuo-24\/","title":{"rendered":"Pala Padel Babolat Counter Vertuo 24"},"content":{"rendered":"<p>We all want to score points\u2026 We all are STRIKERS!<\/p>\n<p>Our observation of the game and the players led us to identify different players profiles. One of them, the counter striker wants to be a wall and control the game with patience waiting for the perfect ball to smash it.<\/p>\n<p>The Counter Vertuo has been developed to bring the tolerance needed to withstand the opponents strokes while having an easy power to finish the point.<\/p>\n<p>Let&#8217;s try to exhaust your opponents with the softest version of this new generation of racquet that will encourage you to reverse the game and be a COUNTER STRIKER.<\/p>\n<p><strong>Technical Characteristics<\/strong><br \/>\nPlayer Typology: Counter Striker<br \/>\nComposition<br \/>\nFRAME: Carbon<br \/>\nSURFACE: Fiberglass<br \/>\nCORE: Black EVA<br \/>\nWeight: 350 g +\/- 10g<br \/>\nThickness: 38 mm<br \/>\nBalance Type: Even Balance<br \/>\nType of cover: No Cover<\/p>","protected":false},"excerpt":{"rendered":"<p>We all want to score points\u2026 We're all ATTACKERS!<\/p>\n<p>Our observation of the game and the players has led us to identify several player profiles. One of them, the counter-attacker, wants to be a wall and patiently control the game, waiting for the perfect shot to finish it off.<\/p>\n<p>La Counter Vertuo ha sido desarrollada con el fin de aportar la tolerancia necesaria para aguantar los golpes de los adversarios y proporcionar una potencia f\u00e1cil para acabar el punto.<\/p>\n<p>Intenta agotar a tus adversarios con la versi\u00f3n m\u00e1s blanda de esta nueva generaci\u00f3n de palas que te animar\u00e1 a darle la vuelta al juego y ser un COUNTER STRIKER.<\/p>\n<h2 class=\"m-product-detail__tech-characteristics-title title\"><\/h2>","protected":false},"featured_media":14259,"template":"","meta":[],"product_brand":[],"product_cat":[817,587,589,581,573,572,757,580,754],"product_tag":[],"class_list":{"0":"post-14252","1":"product","2":"type-product","3":"status-publish","4":"has-post-thumbnail","6":"product_cat-babolat-palas","7":"product_cat-hibrida-palas","8":"product_cat-hombre-palas","9":"product_cat-intermedio-palas","10":"product_cat-marcas-palas","11":"product_cat-palas","12":"product_cat-palas-ofertas","13":"product_cat-principiante-palas","14":"product_cat-rebajas","15":"pa_brand-babolat","17":"first","18":"outofstock","19":"sale","20":"taxable","21":"shipping-taxable","22":"purchasable","23":"product-type-simple"},"yoast_head":"<!-- This site is optimized with the Yoast SEO plugin v27.3 - https:\/\/yoast.com\/product\/yoast-seo-wordpress\/ -->\n<title>Pala Padel Babolat Counter Vertuo 24 - Padel Zoco<\/title>\n<meta name=\"description\" content=\"Unleash your full potential and outplay your opponents with the Babolat Counter Vertuo 2023 Padel Racket. Take control of the game and leave your mark on the court.\" \/>\n<meta name=\"robots\" content=\"index, follow, max-snippet:-1, max-image-preview:large, max-video-preview:-1\" \/>\n<link rel=\"canonical\" href=\"https:\/\/padelzoco.es\/en\/product\/pala-padel-babolat-counter-vertuo-24\/\" \/>\n<meta property=\"og:locale\" content=\"en_GB\" \/>\n<meta property=\"og:type\" content=\"article\" \/>\n<meta property=\"og:title\" content=\"Pala Padel Babolat Counter Vertuo 24 - Padel Zoco\" \/>\n<meta property=\"og:description\" content=\"Unleash your full potential and outplay your opponents with the Babolat Counter Vertuo 2023 Padel Racket. Take control of the game and leave your mark on the court.\" \/>\n<meta property=\"og:url\" content=\"https:\/\/padelzoco.es\/en\/product\/pala-padel-babolat-counter-vertuo-24\/\" \/>\n<meta property=\"og:site_name\" content=\"Padel Zoco\" \/>\n<meta property=\"article:modified_time\" content=\"2026-02-02T08:25:16+00:00\" \/>\n<meta property=\"og:image\" content=\"https:\/\/padelzoco.es\/wp-content\/uploads\/2024\/11\/Babolat-Counter-Vertuo-Babolat-2023-Padel-Rackes-Image-1-1.webp\" \/>\n\t<meta property=\"og:image:width\" content=\"1400\" \/>\n\t<meta property=\"og:image:height\" content=\"1400\" \/>\n\t<meta property=\"og:image:type\" content=\"image\/webp\" \/>\n<meta name=\"twitter:card\" content=\"summary_large_image\" \/>\n<meta name=\"twitter:label1\" content=\"Estimated reading time\" \/>\n\t<meta name=\"twitter:data1\" content=\"1 minute\" \/>\n<script type=\"application\/ld+json\" class=\"yoast-schema-graph\">{\"@context\":\"https:\\\/\\\/schema.org\",\"@graph\":[{\"@type\":\"WebPage\",\"@id\":\"https:\\\/\\\/padelzoco.es\\\/product\\\/pala-padel-babolat-counter-vertuo-24\\\/\",\"url\":\"https:\\\/\\\/padelzoco.es\\\/product\\\/pala-padel-babolat-counter-vertuo-24\\\/\",\"name\":\"Pala Padel Babolat Counter Vertuo 24 - Padel Zoco\",\"isPartOf\":{\"@id\":\"https:\\\/\\\/padelzoco.es\\\/#website\"},\"primaryImageOfPage\":{\"@id\":\"https:\\\/\\\/padelzoco.es\\\/product\\\/pala-padel-babolat-counter-vertuo-24\\\/#primaryimage\"},\"image\":{\"@id\":\"https:\\\/\\\/padelzoco.es\\\/product\\\/pala-padel-babolat-counter-vertuo-24\\\/#primaryimage\"},\"thumbnailUrl\":\"https:\\\/\\\/padelzoco.es\\\/wp-content\\\/uploads\\\/2024\\\/11\\\/Babolat-Counter-Vertuo-Babolat-2023-Padel-Rackes-Image-1-1.webp\",\"datePublished\":\"2024-11-26T12:03:39+00:00\",\"dateModified\":\"2026-02-02T08:25:16+00:00\",\"description\":\"Unleash your full potential and outplay your opponents with the Babolat Counter Vertuo 2023 Padel Racket. Take control of the game and leave your mark on the court.\",\"breadcrumb\":{\"@id\":\"https:\\\/\\\/padelzoco.es\\\/product\\\/pala-padel-babolat-counter-vertuo-24\\\/#breadcrumb\"},\"inLanguage\":\"en-GB\",\"potentialAction\":[{\"@type\":\"ReadAction\",\"target\":[\"https:\\\/\\\/padelzoco.es\\\/product\\\/pala-padel-babolat-counter-vertuo-24\\\/\"]}]},{\"@type\":\"ImageObject\",\"inLanguage\":\"en-GB\",\"@id\":\"https:\\\/\\\/padelzoco.es\\\/product\\\/pala-padel-babolat-counter-vertuo-24\\\/#primaryimage\",\"url\":\"https:\\\/\\\/padelzoco.es\\\/wp-content\\\/uploads\\\/2024\\\/11\\\/Babolat-Counter-Vertuo-Babolat-2023-Padel-Rackes-Image-1-1.webp\",\"contentUrl\":\"https:\\\/\\\/padelzoco.es\\\/wp-content\\\/uploads\\\/2024\\\/11\\\/Babolat-Counter-Vertuo-Babolat-2023-Padel-Rackes-Image-1-1.webp\",\"width\":1400,\"height\":1400,\"caption\":\"Babolat-Counter-Vertuo-Babolat-2023-Padel-Rackes-Image-1\"},{\"@type\":\"BreadcrumbList\",\"@id\":\"https:\\\/\\\/padelzoco.es\\\/product\\\/pala-padel-babolat-counter-vertuo-24\\\/#breadcrumb\",\"itemListElement\":[{\"@type\":\"ListItem\",\"position\":1,\"name\":\"Home\",\"item\":\"https:\\\/\\\/padelzoco.es\\\/\"},{\"@type\":\"ListItem\",\"position\":2,\"name\":\"Padel Zoco\",\"item\":\"https:\\\/\\\/padelzoco.es\\\/padel-zoco\\\/\"},{\"@type\":\"ListItem\",\"position\":3,\"name\":\"Pala Padel Babolat Counter Vertuo 24\"}]},{\"@type\":\"WebSite\",\"@id\":\"https:\\\/\\\/padelzoco.es\\\/#website\",\"url\":\"https:\\\/\\\/padelzoco.es\\\/\",\"name\":\"Padel Zoco\",\"description\":\"Padel Zoco | Spain\",\"publisher\":{\"@id\":\"https:\\\/\\\/padelzoco.es\\\/#organization\"},\"potentialAction\":[{\"@type\":\"SearchAction\",\"target\":{\"@type\":\"EntryPoint\",\"urlTemplate\":\"https:\\\/\\\/padelzoco.es\\\/?s={search_term_string}\"},\"query-input\":{\"@type\":\"PropertyValueSpecification\",\"valueRequired\":true,\"valueName\":\"search_term_string\"}}],\"inLanguage\":\"en-GB\"},{\"@type\":\"Organization\",\"@id\":\"https:\\\/\\\/padelzoco.es\\\/#organization\",\"name\":\"Padel Zoco\",\"url\":\"https:\\\/\\\/padelzoco.es\\\/\",\"logo\":{\"@type\":\"ImageObject\",\"inLanguage\":\"en-GB\",\"@id\":\"https:\\\/\\\/padelzoco.es\\\/#\\\/schema\\\/logo\\\/image\\\/\",\"url\":\"https:\\\/\\\/padelzoco.es\\\/wp-content\\\/uploads\\\/2023\\\/11\\\/PadelZoco_Logo_black_white.webp\",\"contentUrl\":\"https:\\\/\\\/padelzoco.es\\\/wp-content\\\/uploads\\\/2023\\\/11\\\/PadelZoco_Logo_black_white.webp\",\"width\":1500,\"height\":631,\"caption\":\"Padel Zoco\"},\"image\":{\"@id\":\"https:\\\/\\\/padelzoco.es\\\/#\\\/schema\\\/logo\\\/image\\\/\"}}]}<\/script>\n<!-- \/ Yoast SEO plugin. -->","yoast_head_json":{"title":"Pala Padel Babolat Counter Vertuo 24 - Padel Zoco","description":"Unleash your full potential and outplay your opponents with the Babolat Counter Vertuo 2023 Padel Racket. Take control of the game and leave your mark on the court.","robots":{"index":"index","follow":"follow","max-snippet":"max-snippet:-1","max-image-preview":"max-image-preview:large","max-video-preview":"max-video-preview:-1"},"canonical":"https:\/\/padelzoco.es\/en\/product\/pala-padel-babolat-counter-vertuo-24\/","og_locale":"en_GB","og_type":"article","og_title":"Pala Padel Babolat Counter Vertuo 24 - Padel Zoco","og_description":"Unleash your full potential and outplay your opponents with the Babolat Counter Vertuo 2023 Padel Racket. Take control of the game and leave your mark on the court.","og_url":"https:\/\/padelzoco.es\/en\/product\/pala-padel-babolat-counter-vertuo-24\/","og_site_name":"Padel Zoco","article_modified_time":"2026-02-02T08:25:16+00:00","og_image":[{"width":1400,"height":1400,"url":"https:\/\/padelzoco.es\/wp-content\/uploads\/2024\/11\/Babolat-Counter-Vertuo-Babolat-2023-Padel-Rackes-Image-1-1.webp","type":"image\/webp"}],"twitter_card":"summary_large_image","twitter_misc":{"Estimated reading time":"1 minute"},"schema":{"@context":"https:\/\/schema.org","@graph":[{"@type":"WebPage","@id":"https:\/\/padelzoco.es\/product\/pala-padel-babolat-counter-vertuo-24\/","url":"https:\/\/padelzoco.es\/product\/pala-padel-babolat-counter-vertuo-24\/","name":"Pala Padel Babolat Counter Vertuo 24 - Padel Zoco","isPartOf":{"@id":"https:\/\/padelzoco.es\/#website"},"primaryImageOfPage":{"@id":"https:\/\/padelzoco.es\/product\/pala-padel-babolat-counter-vertuo-24\/#primaryimage"},"image":{"@id":"https:\/\/padelzoco.es\/product\/pala-padel-babolat-counter-vertuo-24\/#primaryimage"},"thumbnailUrl":"https:\/\/padelzoco.es\/wp-content\/uploads\/2024\/11\/Babolat-Counter-Vertuo-Babolat-2023-Padel-Rackes-Image-1-1.webp","datePublished":"2024-11-26T12:03:39+00:00","dateModified":"2026-02-02T08:25:16+00:00","description":"Unleash your full potential and outplay your opponents with the Babolat Counter Vertuo 2023 Padel Racket. Take control of the game and leave your mark on the court.","breadcrumb":{"@id":"https:\/\/padelzoco.es\/product\/pala-padel-babolat-counter-vertuo-24\/#breadcrumb"},"inLanguage":"en-GB","potentialAction":[{"@type":"ReadAction","target":["https:\/\/padelzoco.es\/product\/pala-padel-babolat-counter-vertuo-24\/"]}]},{"@type":"ImageObject","inLanguage":"en-GB","@id":"https:\/\/padelzoco.es\/product\/pala-padel-babolat-counter-vertuo-24\/#primaryimage","url":"https:\/\/padelzoco.es\/wp-content\/uploads\/2024\/11\/Babolat-Counter-Vertuo-Babolat-2023-Padel-Rackes-Image-1-1.webp","contentUrl":"https:\/\/padelzoco.es\/wp-content\/uploads\/2024\/11\/Babolat-Counter-Vertuo-Babolat-2023-Padel-Rackes-Image-1-1.webp","width":1400,"height":1400,"caption":"Babolat-Counter-Vertuo-Babolat-2023-Padel-Rackes-Image-1"},{"@type":"BreadcrumbList","@id":"https:\/\/padelzoco.es\/product\/pala-padel-babolat-counter-vertuo-24\/#breadcrumb","itemListElement":[{"@type":"ListItem","position":1,"name":"Home","item":"https:\/\/padelzoco.es\/"},{"@type":"ListItem","position":2,"name":"Padel Zoco","item":"https:\/\/padelzoco.es\/padel-zoco\/"},{"@type":"ListItem","position":3,"name":"Pala Padel Babolat Counter Vertuo 24"}]},{"@type":"WebSite","@id":"https:\/\/padelzoco.es\/#website","url":"https:\/\/padelzoco.es\/","name":"Padel Zoco","description":"Padel Zoco | Spain","publisher":{"@id":"https:\/\/padelzoco.es\/#organization"},"potentialAction":[{"@type":"SearchAction","target":{"@type":"EntryPoint","urlTemplate":"https:\/\/padelzoco.es\/?s={search_term_string}"},"query-input":{"@type":"PropertyValueSpecification","valueRequired":true,"valueName":"search_term_string"}}],"inLanguage":"en-GB"},{"@type":"Organization","@id":"https:\/\/padelzoco.es\/#organization","name":"Padel Zoco","url":"https:\/\/padelzoco.es\/","logo":{"@type":"ImageObject","inLanguage":"en-GB","@id":"https:\/\/padelzoco.es\/#\/schema\/logo\/image\/","url":"https:\/\/padelzoco.es\/wp-content\/uploads\/2023\/11\/PadelZoco_Logo_black_white.webp","contentUrl":"https:\/\/padelzoco.es\/wp-content\/uploads\/2023\/11\/PadelZoco_Logo_black_white.webp","width":1500,"height":631,"caption":"Padel Zoco"},"image":{"@id":"https:\/\/padelzoco.es\/#\/schema\/logo\/image\/"}}]}},"_links":{"self":[{"href":"https:\/\/padelzoco.es\/en\/wp-json\/wp\/v2\/product\/14252","targetHints":{"allow":["GET"]}}],"collection":[{"href":"https:\/\/padelzoco.es\/en\/wp-json\/wp\/v2\/product"}],"about":[{"href":"https:\/\/padelzoco.es\/en\/wp-json\/wp\/v2\/types\/product"}],"version-history":[{"count":1,"href":"https:\/\/padelzoco.es\/en\/wp-json\/wp\/v2\/product\/14252\/revisions"}],"predecessor-version":[{"id":27702,"href":"https:\/\/padelzoco.es\/en\/wp-json\/wp\/v2\/product\/14252\/revisions\/27702"}],"wp:featuredmedia":[{"embeddable":true,"href":"https:\/\/padelzoco.es\/en\/wp-json\/wp\/v2\/media\/14259"}],"wp:attachment":[{"href":"https:\/\/padelzoco.es\/en\/wp-json\/wp\/v2\/media?parent=14252"}],"wp:term":[{"taxonomy":"product_brand","embeddable":true,"href":"https:\/\/padelzoco.es\/en\/wp-json\/wp\/v2\/product_brand?post=14252"},{"taxonomy":"product_cat","embeddable":true,"href":"https:\/\/padelzoco.es\/en\/wp-json\/wp\/v2\/product_cat?post=14252"},{"taxonomy":"product_tag","embeddable":true,"href":"https:\/\/padelzoco.es\/en\/wp-json\/wp\/v2\/product_tag?post=14252"}],"curies":[{"name":"wp","href":"https:\/\/api.w.org\/{rel}","templated":true}]}}