{"id":14267,"date":"2024-11-25T14:52:35","date_gmt":"2024-11-25T13:52:35","guid":{"rendered":"https:\/\/adc06f55e9.nxcli.io\/?post_type=product&#038;p=14267"},"modified":"2026-02-02T09:25:17","modified_gmt":"2026-02-02T08:25:17","slug":"pala-padel-babolat-technical-vertuo-24","status":"publish","type":"product","link":"https:\/\/padelzoco.es\/en\/product\/pala-padel-babolat-technical-vertuo-24\/","title":{"rendered":"Pala Padel Babolat Technical Vertuo 24"},"content":{"rendered":"<p>We all want to score points\u2026 We all are STRIKERS!<\/p>\n<p>This is one of our study&#8217;s conclusions that allowed us to identify different players profiles. Among them, the technical striker wants to drive the game and use both skills and strength to make the difference.<\/p>\n<p>To fit perfectly this profile&#8217;s needs, we&#8217;ve developed the Technical Vertuo that gives both easy power and preciseness in attacking shots.<\/p>\n<p>The softest version of this new generation of racquet will encourage you to smash it and be a TECHNICAL STRIKER.<\/p>\n<p>Player Typology: Technical Striker<br \/>\nHead Shape: Diamond<br \/>\nComposition<br \/>\nFRAME: Carbon<br \/>\nSURFACE: Fiberglass<br \/>\nCORE: EVA<br \/>\nWeight: 355 g +\/- 10g<br \/>\nThickness: 38 mm<br \/>\nBalance Type: Head Heavy<\/p>","protected":false},"excerpt":{"rendered":"<p>We all want to score points\u2026 We're all ATTACKERS!<\/p>\n<p>This is one of the conclusions of our study, which allowed us to identify different player profiles. Among them is the technical attacker, who wants to control the point and use their technique and power to make the difference.<\/p>\n<p>Para satisfacer perfectamente las necesidades de este jugador, hemos desarrollado la Technical Vertuo que proporciona potencia f\u00e1cil y precisi\u00f3n a la vez en los golpes de ataque.<\/p>\n<p>La versi\u00f3n m\u00e1s blanda de esta nueva generaci\u00f3n de palas te animar\u00e1 a rematarla y ser un TECHNICAL STRIKER.<\/p>\n<p>Player Typology: Technical Striker<br \/>\nHead Shape: Diamond<br \/>\nComposition<br \/>\nFRAME: Carbon<br \/>\nSURFACE: Fiberglass<br \/>\nCORE: EVA<br \/>\nWeight: 355 g +\/- 10g<br \/>\nThickness: 38 mm<br \/>\nBalance Type: Head Heavy<\/p>","protected":false},"featured_media":14268,"template":"","meta":[],"product_brand":[],"product_cat":[817,584,589,581,573,572,757,580,754],"product_tag":[],"class_list":{"0":"post-14267","1":"product","2":"type-product","3":"status-publish","4":"has-post-thumbnail","6":"product_cat-babolat-palas","7":"product_cat-diamante-palas","8":"product_cat-hombre-palas","9":"product_cat-intermedio-palas","10":"product_cat-marcas-palas","11":"product_cat-palas","12":"product_cat-palas-ofertas","13":"product_cat-principiante-palas","14":"product_cat-rebajas","15":"pa_brand-babolat","17":"first","18":"outofstock","19":"sale","20":"taxable","21":"shipping-taxable","22":"purchasable","23":"product-type-simple"},"yoast_head":"<!-- This site is optimized with the Yoast SEO plugin v27.3 - https:\/\/yoast.com\/product\/yoast-seo-wordpress\/ -->\n<title>Pala Padel Babolat Technical Vertuo 24 - Padel Zoco<\/title>\n<meta name=\"robots\" content=\"index, follow, max-snippet:-1, max-image-preview:large, max-video-preview:-1\" \/>\n<link rel=\"canonical\" href=\"https:\/\/padelzoco.es\/en\/product\/pala-padel-babolat-technical-vertuo-24\/\" \/>\n<meta property=\"og:locale\" content=\"en_GB\" \/>\n<meta property=\"og:type\" content=\"article\" \/>\n<meta property=\"og:title\" content=\"Pala Padel Babolat Technical Vertuo 24 - Padel Zoco\" \/>\n<meta property=\"og:description\" content=\"Todos queremos marcar puntos\u2026 \u00a1Todos somos ATACANTES!  Es una de las conclusiones de nuestro estudio que nos ha permitido identificar diferentes perfiles de jugadores. Entre ellos, el atacante t\u00e9cnico, que quiere dirigir el punto y utilizar su t\u00e9cnica y su fuerza para marcar la diferencia.  Para satisfacer perfectamente las necesidades de este jugador, hemos desarrollado la Technical Vertuo que proporciona potencia f\u00e1cil y precisi\u00f3n a la vez en los golpes de ataque.  La versi\u00f3n m\u00e1s blanda de esta nueva generaci\u00f3n de palas te animar\u00e1 a rematarla y ser un TECHNICAL STRIKER.  Player Typology: Technical Striker Head Shape: Diamond Composition FRAME: Carbon SURFACE: Fiberglass CORE: EVA Weight: 355 g +\/- 10g Thickness: 38 mm Balance Type: Head Heavy\" \/>\n<meta property=\"og:url\" content=\"https:\/\/padelzoco.es\/en\/product\/pala-padel-babolat-technical-vertuo-24\/\" \/>\n<meta property=\"og:site_name\" content=\"Padel Zoco\" \/>\n<meta property=\"article:modified_time\" content=\"2026-02-02T08:25:17+00:00\" \/>\n<meta property=\"og:image\" content=\"https:\/\/padelzoco.es\/wp-content\/uploads\/2024\/11\/Babolat-Technical-Vertuo-2023-babolat-Padel-Rackets-Image-1.webp\" \/>\n\t<meta property=\"og:image:width\" content=\"1400\" \/>\n\t<meta property=\"og:image:height\" content=\"1400\" \/>\n\t<meta property=\"og:image:type\" content=\"image\/webp\" \/>\n<meta name=\"twitter:card\" content=\"summary_large_image\" \/>\n<meta name=\"twitter:label1\" content=\"Estimated reading time\" \/>\n\t<meta name=\"twitter:data1\" content=\"1 minute\" \/>\n<script type=\"application\/ld+json\" class=\"yoast-schema-graph\">{\"@context\":\"https:\\\/\\\/schema.org\",\"@graph\":[{\"@type\":\"WebPage\",\"@id\":\"https:\\\/\\\/padelzoco.es\\\/product\\\/pala-padel-babolat-technical-vertuo-24\\\/\",\"url\":\"https:\\\/\\\/padelzoco.es\\\/product\\\/pala-padel-babolat-technical-vertuo-24\\\/\",\"name\":\"Pala Padel Babolat Technical Vertuo 24 - Padel Zoco\",\"isPartOf\":{\"@id\":\"https:\\\/\\\/padelzoco.es\\\/#website\"},\"primaryImageOfPage\":{\"@id\":\"https:\\\/\\\/padelzoco.es\\\/product\\\/pala-padel-babolat-technical-vertuo-24\\\/#primaryimage\"},\"image\":{\"@id\":\"https:\\\/\\\/padelzoco.es\\\/product\\\/pala-padel-babolat-technical-vertuo-24\\\/#primaryimage\"},\"thumbnailUrl\":\"https:\\\/\\\/padelzoco.es\\\/wp-content\\\/uploads\\\/2024\\\/11\\\/Babolat-Technical-Vertuo-2023-babolat-Padel-Rackets-Image-1.webp\",\"datePublished\":\"2024-11-25T13:52:35+00:00\",\"dateModified\":\"2026-02-02T08:25:17+00:00\",\"breadcrumb\":{\"@id\":\"https:\\\/\\\/padelzoco.es\\\/product\\\/pala-padel-babolat-technical-vertuo-24\\\/#breadcrumb\"},\"inLanguage\":\"en-GB\",\"potentialAction\":[{\"@type\":\"ReadAction\",\"target\":[\"https:\\\/\\\/padelzoco.es\\\/product\\\/pala-padel-babolat-technical-vertuo-24\\\/\"]}]},{\"@type\":\"ImageObject\",\"inLanguage\":\"en-GB\",\"@id\":\"https:\\\/\\\/padelzoco.es\\\/product\\\/pala-padel-babolat-technical-vertuo-24\\\/#primaryimage\",\"url\":\"https:\\\/\\\/padelzoco.es\\\/wp-content\\\/uploads\\\/2024\\\/11\\\/Babolat-Technical-Vertuo-2023-babolat-Padel-Rackets-Image-1.webp\",\"contentUrl\":\"https:\\\/\\\/padelzoco.es\\\/wp-content\\\/uploads\\\/2024\\\/11\\\/Babolat-Technical-Vertuo-2023-babolat-Padel-Rackets-Image-1.webp\",\"width\":1400,\"height\":1400,\"caption\":\"Babolat Technical Vertuo 2023 babolat Padel Rackets Image 1\"},{\"@type\":\"BreadcrumbList\",\"@id\":\"https:\\\/\\\/padelzoco.es\\\/product\\\/pala-padel-babolat-technical-vertuo-24\\\/#breadcrumb\",\"itemListElement\":[{\"@type\":\"ListItem\",\"position\":1,\"name\":\"Home\",\"item\":\"https:\\\/\\\/padelzoco.es\\\/\"},{\"@type\":\"ListItem\",\"position\":2,\"name\":\"Padel Zoco\",\"item\":\"https:\\\/\\\/padelzoco.es\\\/padel-zoco\\\/\"},{\"@type\":\"ListItem\",\"position\":3,\"name\":\"Pala Padel Babolat Technical Vertuo 24\"}]},{\"@type\":\"WebSite\",\"@id\":\"https:\\\/\\\/padelzoco.es\\\/#website\",\"url\":\"https:\\\/\\\/padelzoco.es\\\/\",\"name\":\"Padel Zoco\",\"description\":\"Padel Zoco | Spain\",\"publisher\":{\"@id\":\"https:\\\/\\\/padelzoco.es\\\/#organization\"},\"potentialAction\":[{\"@type\":\"SearchAction\",\"target\":{\"@type\":\"EntryPoint\",\"urlTemplate\":\"https:\\\/\\\/padelzoco.es\\\/?s={search_term_string}\"},\"query-input\":{\"@type\":\"PropertyValueSpecification\",\"valueRequired\":true,\"valueName\":\"search_term_string\"}}],\"inLanguage\":\"en-GB\"},{\"@type\":\"Organization\",\"@id\":\"https:\\\/\\\/padelzoco.es\\\/#organization\",\"name\":\"Padel Zoco\",\"url\":\"https:\\\/\\\/padelzoco.es\\\/\",\"logo\":{\"@type\":\"ImageObject\",\"inLanguage\":\"en-GB\",\"@id\":\"https:\\\/\\\/padelzoco.es\\\/#\\\/schema\\\/logo\\\/image\\\/\",\"url\":\"https:\\\/\\\/padelzoco.es\\\/wp-content\\\/uploads\\\/2023\\\/11\\\/PadelZoco_Logo_black_white.webp\",\"contentUrl\":\"https:\\\/\\\/padelzoco.es\\\/wp-content\\\/uploads\\\/2023\\\/11\\\/PadelZoco_Logo_black_white.webp\",\"width\":1500,\"height\":631,\"caption\":\"Padel Zoco\"},\"image\":{\"@id\":\"https:\\\/\\\/padelzoco.es\\\/#\\\/schema\\\/logo\\\/image\\\/\"}}]}<\/script>\n<!-- \/ Yoast SEO plugin. -->","yoast_head_json":{"title":"Pala Padel Babolat Technical Vertuo 24 - Padel Zoco","robots":{"index":"index","follow":"follow","max-snippet":"max-snippet:-1","max-image-preview":"max-image-preview:large","max-video-preview":"max-video-preview:-1"},"canonical":"https:\/\/padelzoco.es\/en\/product\/pala-padel-babolat-technical-vertuo-24\/","og_locale":"en_GB","og_type":"article","og_title":"Pala Padel Babolat Technical Vertuo 24 - Padel Zoco","og_description":"Todos queremos marcar puntos\u2026 \u00a1Todos somos ATACANTES!  Es una de las conclusiones de nuestro estudio que nos ha permitido identificar diferentes perfiles de jugadores. Entre ellos, el atacante t\u00e9cnico, que quiere dirigir el punto y utilizar su t\u00e9cnica y su fuerza para marcar la diferencia.  Para satisfacer perfectamente las necesidades de este jugador, hemos desarrollado la Technical Vertuo que proporciona potencia f\u00e1cil y precisi\u00f3n a la vez en los golpes de ataque.  La versi\u00f3n m\u00e1s blanda de esta nueva generaci\u00f3n de palas te animar\u00e1 a rematarla y ser un TECHNICAL STRIKER.  Player Typology: Technical Striker Head Shape: Diamond Composition FRAME: Carbon SURFACE: Fiberglass CORE: EVA Weight: 355 g +\/- 10g Thickness: 38 mm Balance Type: Head Heavy","og_url":"https:\/\/padelzoco.es\/en\/product\/pala-padel-babolat-technical-vertuo-24\/","og_site_name":"Padel Zoco","article_modified_time":"2026-02-02T08:25:17+00:00","og_image":[{"width":1400,"height":1400,"url":"https:\/\/padelzoco.es\/wp-content\/uploads\/2024\/11\/Babolat-Technical-Vertuo-2023-babolat-Padel-Rackets-Image-1.webp","type":"image\/webp"}],"twitter_card":"summary_large_image","twitter_misc":{"Estimated reading time":"1 minute"},"schema":{"@context":"https:\/\/schema.org","@graph":[{"@type":"WebPage","@id":"https:\/\/padelzoco.es\/product\/pala-padel-babolat-technical-vertuo-24\/","url":"https:\/\/padelzoco.es\/product\/pala-padel-babolat-technical-vertuo-24\/","name":"Pala Padel Babolat Technical Vertuo 24 - Padel Zoco","isPartOf":{"@id":"https:\/\/padelzoco.es\/#website"},"primaryImageOfPage":{"@id":"https:\/\/padelzoco.es\/product\/pala-padel-babolat-technical-vertuo-24\/#primaryimage"},"image":{"@id":"https:\/\/padelzoco.es\/product\/pala-padel-babolat-technical-vertuo-24\/#primaryimage"},"thumbnailUrl":"https:\/\/padelzoco.es\/wp-content\/uploads\/2024\/11\/Babolat-Technical-Vertuo-2023-babolat-Padel-Rackets-Image-1.webp","datePublished":"2024-11-25T13:52:35+00:00","dateModified":"2026-02-02T08:25:17+00:00","breadcrumb":{"@id":"https:\/\/padelzoco.es\/product\/pala-padel-babolat-technical-vertuo-24\/#breadcrumb"},"inLanguage":"en-GB","potentialAction":[{"@type":"ReadAction","target":["https:\/\/padelzoco.es\/product\/pala-padel-babolat-technical-vertuo-24\/"]}]},{"@type":"ImageObject","inLanguage":"en-GB","@id":"https:\/\/padelzoco.es\/product\/pala-padel-babolat-technical-vertuo-24\/#primaryimage","url":"https:\/\/padelzoco.es\/wp-content\/uploads\/2024\/11\/Babolat-Technical-Vertuo-2023-babolat-Padel-Rackets-Image-1.webp","contentUrl":"https:\/\/padelzoco.es\/wp-content\/uploads\/2024\/11\/Babolat-Technical-Vertuo-2023-babolat-Padel-Rackets-Image-1.webp","width":1400,"height":1400,"caption":"Babolat Technical Vertuo 2023 babolat Padel Rackets Image 1"},{"@type":"BreadcrumbList","@id":"https:\/\/padelzoco.es\/product\/pala-padel-babolat-technical-vertuo-24\/#breadcrumb","itemListElement":[{"@type":"ListItem","position":1,"name":"Home","item":"https:\/\/padelzoco.es\/"},{"@type":"ListItem","position":2,"name":"Padel Zoco","item":"https:\/\/padelzoco.es\/padel-zoco\/"},{"@type":"ListItem","position":3,"name":"Pala Padel Babolat Technical Vertuo 24"}]},{"@type":"WebSite","@id":"https:\/\/padelzoco.es\/#website","url":"https:\/\/padelzoco.es\/","name":"Padel Zoco","description":"Padel Zoco | Spain","publisher":{"@id":"https:\/\/padelzoco.es\/#organization"},"potentialAction":[{"@type":"SearchAction","target":{"@type":"EntryPoint","urlTemplate":"https:\/\/padelzoco.es\/?s={search_term_string}"},"query-input":{"@type":"PropertyValueSpecification","valueRequired":true,"valueName":"search_term_string"}}],"inLanguage":"en-GB"},{"@type":"Organization","@id":"https:\/\/padelzoco.es\/#organization","name":"Padel Zoco","url":"https:\/\/padelzoco.es\/","logo":{"@type":"ImageObject","inLanguage":"en-GB","@id":"https:\/\/padelzoco.es\/#\/schema\/logo\/image\/","url":"https:\/\/padelzoco.es\/wp-content\/uploads\/2023\/11\/PadelZoco_Logo_black_white.webp","contentUrl":"https:\/\/padelzoco.es\/wp-content\/uploads\/2023\/11\/PadelZoco_Logo_black_white.webp","width":1500,"height":631,"caption":"Padel Zoco"},"image":{"@id":"https:\/\/padelzoco.es\/#\/schema\/logo\/image\/"}}]}},"_links":{"self":[{"href":"https:\/\/padelzoco.es\/en\/wp-json\/wp\/v2\/product\/14267","targetHints":{"allow":["GET"]}}],"collection":[{"href":"https:\/\/padelzoco.es\/en\/wp-json\/wp\/v2\/product"}],"about":[{"href":"https:\/\/padelzoco.es\/en\/wp-json\/wp\/v2\/types\/product"}],"version-history":[{"count":1,"href":"https:\/\/padelzoco.es\/en\/wp-json\/wp\/v2\/product\/14267\/revisions"}],"predecessor-version":[{"id":23065,"href":"https:\/\/padelzoco.es\/en\/wp-json\/wp\/v2\/product\/14267\/revisions\/23065"}],"wp:featuredmedia":[{"embeddable":true,"href":"https:\/\/padelzoco.es\/en\/wp-json\/wp\/v2\/media\/14268"}],"wp:attachment":[{"href":"https:\/\/padelzoco.es\/en\/wp-json\/wp\/v2\/media?parent=14267"}],"wp:term":[{"taxonomy":"product_brand","embeddable":true,"href":"https:\/\/padelzoco.es\/en\/wp-json\/wp\/v2\/product_brand?post=14267"},{"taxonomy":"product_cat","embeddable":true,"href":"https:\/\/padelzoco.es\/en\/wp-json\/wp\/v2\/product_cat?post=14267"},{"taxonomy":"product_tag","embeddable":true,"href":"https:\/\/padelzoco.es\/en\/wp-json\/wp\/v2\/product_tag?post=14267"}],"curies":[{"name":"wp","href":"https:\/\/api.w.org\/{rel}","templated":true}]}}