{"id":14274,"date":"2024-11-25T14:59:27","date_gmt":"2024-11-25T13:59:27","guid":{"rendered":"https:\/\/adc06f55e9.nxcli.io\/?post_type=product&#038;p=14274"},"modified":"2026-02-02T09:25:17","modified_gmt":"2026-02-02T08:25:17","slug":"pala-padel-babolat-counter-viper-2024","status":"publish","type":"product","link":"https:\/\/padelzoco.es\/en\/product\/pala-padel-babolat-counter-viper-2024\/","title":{"rendered":"Pala Padel Babolat Counter Viper 2024"},"content":{"rendered":"<p>Discover the latest innovation in padel rackets with the\u00a0<strong>Babolat Counter Viper 2024<\/strong>. Meticulously designed for players seeking balance and precision, this racket stands out for its hybrid shape and medium balance, ensuring superior play on the padel court.<\/p>\n<p>The Babolat Counter Viper 2024 is not just a racket; it&#8217;s an extension of your talent on the court. With its three-layer EVA sandwich core and rough surface, each stroke becomes a demonstration of power and technique, allowing you to control the game with unprecedented precision.<\/p>\n<ul>\n<li>Hybrid shape with medium balance for balanced play.<\/li>\n<li>Three-layer EVA sandwich core for optimal response in each stroke.<\/li>\n<li>Optimized distribution and size of holes to increase power and precision.<\/li>\n<li>Surface with reliefs and rough finish for advanced effects on the ball.<\/li>\n<li>Carbon construction with 3k fabric reinforcement for greater durability.<\/li>\n<li>Part of the Babolat 2024 padel racket collection.<\/li>\n<\/ul>","protected":false},"excerpt":{"rendered":"<p>Tolerancia y potencia explosiva: exactamente lo que necesitas para ser un muro y controlar el juego con paciencia mientras esperas la bola perfecta para rematar.<br \/>\nDicho de otro modo, un contraatacante.<br \/>\nLa Counter Viper se renueva: las mismas ventajas incuestionables que su predecesora, pero m\u00e1s c\u00f3moda.<br \/>\nSer\u00e1s un COUNTER STRIKER.<br \/>\nAgota a tus adversarios antes de rematar la pelota para ganar el punto.<\/p>\n<p>Los jugadores profesionales del team BABOLAT pueden jugar con un modelo personalizado o diferente del equipamiento presente.<\/p>\n<ul>\n<li>Hybrid shape with medium balance for balanced play.<\/li>\n<li>Three-layer EVA sandwich core for optimal response in each stroke.<\/li>\n<li>Optimized distribution and size of holes to increase power and precision.<\/li>\n<li>Surface with reliefs and rough finish for advanced effects on the ball.<\/li>\n<li>Carbon construction with 3k fabric reinforcement for greater durability.<\/li>\n<li>Part of the Babolat 2024 padel racket collection.<\/li>\n<\/ul>","protected":false},"featured_media":14276,"template":"","meta":[],"product_brand":[],"product_cat":[582,817,587,589,573,572,757,754,586],"product_tag":[],"class_list":{"0":"post-14274","1":"product","2":"type-product","3":"status-publish","4":"has-post-thumbnail","6":"product_cat-avanzado-palas","7":"product_cat-babolat-palas","8":"product_cat-hibrida-palas","9":"product_cat-hombre-palas","10":"product_cat-marcas-palas","11":"product_cat-palas","12":"product_cat-palas-ofertas","13":"product_cat-rebajas","14":"product_cat-redonda-palas","15":"pa_brand-babolat","17":"first","18":"outofstock","19":"sale","20":"taxable","21":"shipping-taxable","22":"purchasable","23":"product-type-simple"},"yoast_head":"<!-- This site is optimized with the Yoast SEO plugin v27.3 - https:\/\/yoast.com\/product\/yoast-seo-wordpress\/ -->\n<title>Pala Padel Babolat Counter Viper 2024 - Padel Zoco<\/title>\n<meta name=\"robots\" content=\"index, follow, max-snippet:-1, max-image-preview:large, max-video-preview:-1\" \/>\n<link rel=\"canonical\" href=\"https:\/\/padelzoco.es\/en\/product\/pala-padel-babolat-counter-viper-2024\/\" \/>\n<meta property=\"og:locale\" content=\"en_GB\" \/>\n<meta property=\"og:type\" content=\"article\" \/>\n<meta property=\"og:title\" content=\"Pala Padel Babolat Counter Viper 2024 - Padel Zoco\" \/>\n<meta property=\"og:description\" content=\"Tolerancia y potencia explosiva: exactamente lo que necesitas para ser un muro y controlar el juego con paciencia mientras esperas la bola perfecta para rematar. Dicho de otro modo, un contraatacante. La Counter Viper se renueva: las mismas ventajas incuestionables que su predecesora, pero m\u00e1s c\u00f3moda. Ser\u00e1s un COUNTER STRIKER. Agota a tus adversarios antes de rematar la pelota para ganar el punto.  Los jugadores profesionales del team BABOLAT pueden jugar con un modelo personalizado o diferente del equipamiento presente.   Hybrid shape with medium balance for balanced play.  Three-layer EVA sandwich core for optimal response in each stroke.  Optimized distribution and size of holes to increase power and precision.  Surface with reliefs and rough finish for advanced effects on the ball.  Carbon construction with 3k fabric reinforcement for greater durability.  Part of the Babolat 2024 padel racket collection.\" \/>\n<meta property=\"og:url\" content=\"https:\/\/padelzoco.es\/en\/product\/pala-padel-babolat-counter-viper-2024\/\" \/>\n<meta property=\"og:site_name\" content=\"Padel Zoco\" \/>\n<meta property=\"article:modified_time\" content=\"2026-02-02T08:25:17+00:00\" \/>\n<meta property=\"og:image\" content=\"https:\/\/padelzoco.es\/wp-content\/uploads\/2024\/11\/BABOLAT-COUNTER-VIPER-2024-Padel-Racket-IMage-1.webp\" \/>\n\t<meta property=\"og:image:width\" content=\"1400\" \/>\n\t<meta property=\"og:image:height\" content=\"1400\" \/>\n\t<meta property=\"og:image:type\" content=\"image\/webp\" \/>\n<meta name=\"twitter:card\" content=\"summary_large_image\" \/>\n<meta name=\"twitter:label1\" content=\"Estimated reading time\" \/>\n\t<meta name=\"twitter:data1\" content=\"1 minute\" \/>\n<script type=\"application\/ld+json\" class=\"yoast-schema-graph\">{\"@context\":\"https:\\\/\\\/schema.org\",\"@graph\":[{\"@type\":\"WebPage\",\"@id\":\"https:\\\/\\\/padelzoco.es\\\/product\\\/pala-padel-babolat-counter-viper-2024\\\/\",\"url\":\"https:\\\/\\\/padelzoco.es\\\/product\\\/pala-padel-babolat-counter-viper-2024\\\/\",\"name\":\"Pala Padel Babolat Counter Viper 2024 - Padel Zoco\",\"isPartOf\":{\"@id\":\"https:\\\/\\\/padelzoco.es\\\/#website\"},\"primaryImageOfPage\":{\"@id\":\"https:\\\/\\\/padelzoco.es\\\/product\\\/pala-padel-babolat-counter-viper-2024\\\/#primaryimage\"},\"image\":{\"@id\":\"https:\\\/\\\/padelzoco.es\\\/product\\\/pala-padel-babolat-counter-viper-2024\\\/#primaryimage\"},\"thumbnailUrl\":\"https:\\\/\\\/padelzoco.es\\\/wp-content\\\/uploads\\\/2024\\\/11\\\/BABOLAT-COUNTER-VIPER-2024-Padel-Racket-IMage-1.webp\",\"datePublished\":\"2024-11-25T13:59:27+00:00\",\"dateModified\":\"2026-02-02T08:25:17+00:00\",\"breadcrumb\":{\"@id\":\"https:\\\/\\\/padelzoco.es\\\/product\\\/pala-padel-babolat-counter-viper-2024\\\/#breadcrumb\"},\"inLanguage\":\"en-GB\",\"potentialAction\":[{\"@type\":\"ReadAction\",\"target\":[\"https:\\\/\\\/padelzoco.es\\\/product\\\/pala-padel-babolat-counter-viper-2024\\\/\"]}]},{\"@type\":\"ImageObject\",\"inLanguage\":\"en-GB\",\"@id\":\"https:\\\/\\\/padelzoco.es\\\/product\\\/pala-padel-babolat-counter-viper-2024\\\/#primaryimage\",\"url\":\"https:\\\/\\\/padelzoco.es\\\/wp-content\\\/uploads\\\/2024\\\/11\\\/BABOLAT-COUNTER-VIPER-2024-Padel-Racket-IMage-1.webp\",\"contentUrl\":\"https:\\\/\\\/padelzoco.es\\\/wp-content\\\/uploads\\\/2024\\\/11\\\/BABOLAT-COUNTER-VIPER-2024-Padel-Racket-IMage-1.webp\",\"width\":1400,\"height\":1400,\"caption\":\"BABOLAT COUNTER VIPER 2024 Padel Racket IMage 1\"},{\"@type\":\"BreadcrumbList\",\"@id\":\"https:\\\/\\\/padelzoco.es\\\/product\\\/pala-padel-babolat-counter-viper-2024\\\/#breadcrumb\",\"itemListElement\":[{\"@type\":\"ListItem\",\"position\":1,\"name\":\"Home\",\"item\":\"https:\\\/\\\/padelzoco.es\\\/\"},{\"@type\":\"ListItem\",\"position\":2,\"name\":\"Padel Zoco\",\"item\":\"https:\\\/\\\/padelzoco.es\\\/padel-zoco\\\/\"},{\"@type\":\"ListItem\",\"position\":3,\"name\":\"Pala Padel Babolat Counter Viper 2024\"}]},{\"@type\":\"WebSite\",\"@id\":\"https:\\\/\\\/padelzoco.es\\\/#website\",\"url\":\"https:\\\/\\\/padelzoco.es\\\/\",\"name\":\"Padel Zoco\",\"description\":\"Padel Zoco | Spain\",\"publisher\":{\"@id\":\"https:\\\/\\\/padelzoco.es\\\/#organization\"},\"potentialAction\":[{\"@type\":\"SearchAction\",\"target\":{\"@type\":\"EntryPoint\",\"urlTemplate\":\"https:\\\/\\\/padelzoco.es\\\/?s={search_term_string}\"},\"query-input\":{\"@type\":\"PropertyValueSpecification\",\"valueRequired\":true,\"valueName\":\"search_term_string\"}}],\"inLanguage\":\"en-GB\"},{\"@type\":\"Organization\",\"@id\":\"https:\\\/\\\/padelzoco.es\\\/#organization\",\"name\":\"Padel Zoco\",\"url\":\"https:\\\/\\\/padelzoco.es\\\/\",\"logo\":{\"@type\":\"ImageObject\",\"inLanguage\":\"en-GB\",\"@id\":\"https:\\\/\\\/padelzoco.es\\\/#\\\/schema\\\/logo\\\/image\\\/\",\"url\":\"https:\\\/\\\/padelzoco.es\\\/wp-content\\\/uploads\\\/2023\\\/11\\\/PadelZoco_Logo_black_white.webp\",\"contentUrl\":\"https:\\\/\\\/padelzoco.es\\\/wp-content\\\/uploads\\\/2023\\\/11\\\/PadelZoco_Logo_black_white.webp\",\"width\":1500,\"height\":631,\"caption\":\"Padel Zoco\"},\"image\":{\"@id\":\"https:\\\/\\\/padelzoco.es\\\/#\\\/schema\\\/logo\\\/image\\\/\"}}]}<\/script>\n<!-- \/ Yoast SEO plugin. -->","yoast_head_json":{"title":"Pala Padel Babolat Counter Viper 2024 - Padel Zoco","robots":{"index":"index","follow":"follow","max-snippet":"max-snippet:-1","max-image-preview":"max-image-preview:large","max-video-preview":"max-video-preview:-1"},"canonical":"https:\/\/padelzoco.es\/en\/product\/pala-padel-babolat-counter-viper-2024\/","og_locale":"en_GB","og_type":"article","og_title":"Pala Padel Babolat Counter Viper 2024 - Padel Zoco","og_description":"Tolerancia y potencia explosiva: exactamente lo que necesitas para ser un muro y controlar el juego con paciencia mientras esperas la bola perfecta para rematar. Dicho de otro modo, un contraatacante. La Counter Viper se renueva: las mismas ventajas incuestionables que su predecesora, pero m\u00e1s c\u00f3moda. Ser\u00e1s un COUNTER STRIKER. Agota a tus adversarios antes de rematar la pelota para ganar el punto.  Los jugadores profesionales del team BABOLAT pueden jugar con un modelo personalizado o diferente del equipamiento presente.   Hybrid shape with medium balance for balanced play.  Three-layer EVA sandwich core for optimal response in each stroke.  Optimized distribution and size of holes to increase power and precision.  Surface with reliefs and rough finish for advanced effects on the ball.  Carbon construction with 3k fabric reinforcement for greater durability.  Part of the Babolat 2024 padel racket collection.","og_url":"https:\/\/padelzoco.es\/en\/product\/pala-padel-babolat-counter-viper-2024\/","og_site_name":"Padel Zoco","article_modified_time":"2026-02-02T08:25:17+00:00","og_image":[{"width":1400,"height":1400,"url":"https:\/\/padelzoco.es\/wp-content\/uploads\/2024\/11\/BABOLAT-COUNTER-VIPER-2024-Padel-Racket-IMage-1.webp","type":"image\/webp"}],"twitter_card":"summary_large_image","twitter_misc":{"Estimated reading time":"1 minute"},"schema":{"@context":"https:\/\/schema.org","@graph":[{"@type":"WebPage","@id":"https:\/\/padelzoco.es\/product\/pala-padel-babolat-counter-viper-2024\/","url":"https:\/\/padelzoco.es\/product\/pala-padel-babolat-counter-viper-2024\/","name":"Pala Padel Babolat Counter Viper 2024 - Padel Zoco","isPartOf":{"@id":"https:\/\/padelzoco.es\/#website"},"primaryImageOfPage":{"@id":"https:\/\/padelzoco.es\/product\/pala-padel-babolat-counter-viper-2024\/#primaryimage"},"image":{"@id":"https:\/\/padelzoco.es\/product\/pala-padel-babolat-counter-viper-2024\/#primaryimage"},"thumbnailUrl":"https:\/\/padelzoco.es\/wp-content\/uploads\/2024\/11\/BABOLAT-COUNTER-VIPER-2024-Padel-Racket-IMage-1.webp","datePublished":"2024-11-25T13:59:27+00:00","dateModified":"2026-02-02T08:25:17+00:00","breadcrumb":{"@id":"https:\/\/padelzoco.es\/product\/pala-padel-babolat-counter-viper-2024\/#breadcrumb"},"inLanguage":"en-GB","potentialAction":[{"@type":"ReadAction","target":["https:\/\/padelzoco.es\/product\/pala-padel-babolat-counter-viper-2024\/"]}]},{"@type":"ImageObject","inLanguage":"en-GB","@id":"https:\/\/padelzoco.es\/product\/pala-padel-babolat-counter-viper-2024\/#primaryimage","url":"https:\/\/padelzoco.es\/wp-content\/uploads\/2024\/11\/BABOLAT-COUNTER-VIPER-2024-Padel-Racket-IMage-1.webp","contentUrl":"https:\/\/padelzoco.es\/wp-content\/uploads\/2024\/11\/BABOLAT-COUNTER-VIPER-2024-Padel-Racket-IMage-1.webp","width":1400,"height":1400,"caption":"BABOLAT COUNTER VIPER 2024 Padel Racket IMage 1"},{"@type":"BreadcrumbList","@id":"https:\/\/padelzoco.es\/product\/pala-padel-babolat-counter-viper-2024\/#breadcrumb","itemListElement":[{"@type":"ListItem","position":1,"name":"Home","item":"https:\/\/padelzoco.es\/"},{"@type":"ListItem","position":2,"name":"Padel Zoco","item":"https:\/\/padelzoco.es\/padel-zoco\/"},{"@type":"ListItem","position":3,"name":"Pala Padel Babolat Counter Viper 2024"}]},{"@type":"WebSite","@id":"https:\/\/padelzoco.es\/#website","url":"https:\/\/padelzoco.es\/","name":"Padel Zoco","description":"Padel Zoco | Spain","publisher":{"@id":"https:\/\/padelzoco.es\/#organization"},"potentialAction":[{"@type":"SearchAction","target":{"@type":"EntryPoint","urlTemplate":"https:\/\/padelzoco.es\/?s={search_term_string}"},"query-input":{"@type":"PropertyValueSpecification","valueRequired":true,"valueName":"search_term_string"}}],"inLanguage":"en-GB"},{"@type":"Organization","@id":"https:\/\/padelzoco.es\/#organization","name":"Padel Zoco","url":"https:\/\/padelzoco.es\/","logo":{"@type":"ImageObject","inLanguage":"en-GB","@id":"https:\/\/padelzoco.es\/#\/schema\/logo\/image\/","url":"https:\/\/padelzoco.es\/wp-content\/uploads\/2023\/11\/PadelZoco_Logo_black_white.webp","contentUrl":"https:\/\/padelzoco.es\/wp-content\/uploads\/2023\/11\/PadelZoco_Logo_black_white.webp","width":1500,"height":631,"caption":"Padel Zoco"},"image":{"@id":"https:\/\/padelzoco.es\/#\/schema\/logo\/image\/"}}]}},"_links":{"self":[{"href":"https:\/\/padelzoco.es\/en\/wp-json\/wp\/v2\/product\/14274","targetHints":{"allow":["GET"]}}],"collection":[{"href":"https:\/\/padelzoco.es\/en\/wp-json\/wp\/v2\/product"}],"about":[{"href":"https:\/\/padelzoco.es\/en\/wp-json\/wp\/v2\/types\/product"}],"version-history":[{"count":1,"href":"https:\/\/padelzoco.es\/en\/wp-json\/wp\/v2\/product\/14274\/revisions"}],"predecessor-version":[{"id":27706,"href":"https:\/\/padelzoco.es\/en\/wp-json\/wp\/v2\/product\/14274\/revisions\/27706"}],"wp:featuredmedia":[{"embeddable":true,"href":"https:\/\/padelzoco.es\/en\/wp-json\/wp\/v2\/media\/14276"}],"wp:attachment":[{"href":"https:\/\/padelzoco.es\/en\/wp-json\/wp\/v2\/media?parent=14274"}],"wp:term":[{"taxonomy":"product_brand","embeddable":true,"href":"https:\/\/padelzoco.es\/en\/wp-json\/wp\/v2\/product_brand?post=14274"},{"taxonomy":"product_cat","embeddable":true,"href":"https:\/\/padelzoco.es\/en\/wp-json\/wp\/v2\/product_cat?post=14274"},{"taxonomy":"product_tag","embeddable":true,"href":"https:\/\/padelzoco.es\/en\/wp-json\/wp\/v2\/product_tag?post=14274"}],"curies":[{"name":"wp","href":"https:\/\/api.w.org\/{rel}","templated":true}]}}