{"id":14308,"date":"2024-11-25T16:19:45","date_gmt":"2024-11-25T15:19:45","guid":{"rendered":"https:\/\/adc06f55e9.nxcli.io\/?post_type=product&#038;p=14308"},"modified":"2026-04-30T19:17:37","modified_gmt":"2026-04-30T18:17:37","slug":"paletero-bullpadel-xplo-bpp25022-rojo","status":"publish","type":"product","link":"https:\/\/padelzoco.es\/en\/product\/paletero-bullpadel-xplo-bpp25022-rojo\/","title":{"rendered":"Paletero Bullpadel XPLO BPP25022 Rojo"},"content":{"rendered":"","protected":false},"excerpt":{"rendered":"<div id=\"product-description-short-3873\" class=\"description-short\">\n<div id=\"product-description-short-4688\" class=\"description-short\">\n<div class=\"woocommerce-product-details__short-description\">\n<div id=\"product-description-short-3873\" class=\"description-short\">\n<div id=\"product-description-short-4688\" class=\"description-short\">\n<p>La nueva bolsa Bullpadel Xplo Padel 2025 tiene un dise\u00f1o elegante y ofrece mucho espacio para todo tu equipo. La bolsa Bullpadel XPLO cuenta con un gran compartimento principal combinado con dos compartimentos termoaislantes, lo que te permite llevar hasta 4 palas, todas protegidas de las fluctuaciones de temperatura. Tambi\u00e9n puedes guardar ropa mojada y calzado en un compartimento separado y ventilado, y hay un pr\u00e1ctico bolsillo lateral exterior para objetos de valor. Adem\u00e1s, se ha a\u00f1adido un toque personal a la bolsa en forma de la firma del estrella del padel Mart\u00edn di Nenno.<\/p>\n<\/div>\n<\/div>\n<\/div>\n<\/div>\n<\/div>","protected":false},"featured_media":14309,"template":"","meta":[],"product_brand":[],"product_cat":[636,626,698,629],"product_tag":[],"class_list":{"0":"post-14308","1":"product","2":"type-product","3":"status-publish","4":"has-post-thumbnail","6":"product_cat-bolsa","7":"product_cat-bolsas","8":"product_cat-bullpadel-padel","9":"product_cat-bullpadel-bolsas","10":"pa_brand-bullpadel","11":"pa_hs_code-673","13":"first","14":"instock","15":"sale","16":"taxable","17":"shipping-taxable","18":"purchasable","19":"product-type-simple"},"yoast_head":"<!-- This site is optimized with the Yoast SEO plugin v27.5 - https:\/\/yoast.com\/product\/yoast-seo-wordpress\/ -->\n<title>Paletero Bullpadel XPLO BPP25022 Rojo - Padel Zoco<\/title>\n<meta name=\"description\" content=\"Bullpadel Elite padel racket bag makes the perfect padel bag stands out for its lightness and optimal storage capacity. Buy Now at Padel Shop Madrid.\" \/>\n<meta name=\"robots\" content=\"index, follow, max-snippet:-1, max-image-preview:large, max-video-preview:-1\" \/>\n<link rel=\"canonical\" href=\"https:\/\/padelzoco.es\/en\/product\/paletero-bullpadel-xplo-bpp25022-rojo\/\" \/>\n<meta property=\"og:locale\" content=\"en_GB\" \/>\n<meta property=\"og:type\" content=\"article\" \/>\n<meta property=\"og:title\" content=\"Paletero Bullpadel XPLO BPP25022 Rojo - Padel Zoco\" \/>\n<meta property=\"og:description\" content=\"Bullpadel Elite padel racket bag makes the perfect padel bag stands out for its lightness and optimal storage capacity. Buy Now at Padel Shop Madrid.\" \/>\n<meta property=\"og:url\" content=\"https:\/\/padelzoco.es\/en\/product\/paletero-bullpadel-xplo-bpp25022-rojo\/\" \/>\n<meta property=\"og:site_name\" content=\"Padel Zoco\" \/>\n<meta property=\"article:modified_time\" content=\"2026-04-30T18:17:37+00:00\" \/>\n<meta property=\"og:image\" content=\"https:\/\/padelzoco.es\/wp-content\/uploads\/2024\/11\/BULLPADEL-XPLO-Padel-Bag-BPP25022-Red.webp\" \/>\n\t<meta property=\"og:image:width\" content=\"1400\" \/>\n\t<meta property=\"og:image:height\" content=\"1400\" \/>\n\t<meta property=\"og:image:type\" content=\"image\/webp\" \/>\n<meta name=\"twitter:card\" content=\"summary_large_image\" \/>\n<meta name=\"twitter:label1\" content=\"Estimated reading time\" \/>\n\t<meta name=\"twitter:data1\" content=\"1 minute\" \/>\n<script type=\"application\/ld+json\" class=\"yoast-schema-graph\">{\"@context\":\"https:\\\/\\\/schema.org\",\"@graph\":[{\"@type\":\"WebPage\",\"@id\":\"https:\\\/\\\/padelzoco.es\\\/product\\\/paletero-bullpadel-xplo-bpp25022-rojo\\\/\",\"url\":\"https:\\\/\\\/padelzoco.es\\\/product\\\/paletero-bullpadel-xplo-bpp25022-rojo\\\/\",\"name\":\"Paletero Bullpadel XPLO BPP25022 Rojo - Padel Zoco\",\"isPartOf\":{\"@id\":\"https:\\\/\\\/padelzoco.es\\\/#website\"},\"primaryImageOfPage\":{\"@id\":\"https:\\\/\\\/padelzoco.es\\\/product\\\/paletero-bullpadel-xplo-bpp25022-rojo\\\/#primaryimage\"},\"image\":{\"@id\":\"https:\\\/\\\/padelzoco.es\\\/product\\\/paletero-bullpadel-xplo-bpp25022-rojo\\\/#primaryimage\"},\"thumbnailUrl\":\"https:\\\/\\\/padelzoco.es\\\/wp-content\\\/uploads\\\/2024\\\/11\\\/BULLPADEL-XPLO-Padel-Bag-BPP25022-Red.webp\",\"datePublished\":\"2024-11-25T15:19:45+00:00\",\"dateModified\":\"2026-04-30T18:17:37+00:00\",\"description\":\"Bullpadel Elite padel racket bag makes the perfect padel bag stands out for its lightness and optimal storage capacity. Buy Now at Padel Shop Madrid.\",\"breadcrumb\":{\"@id\":\"https:\\\/\\\/padelzoco.es\\\/product\\\/paletero-bullpadel-xplo-bpp25022-rojo\\\/#breadcrumb\"},\"inLanguage\":\"en-GB\",\"potentialAction\":[{\"@type\":\"ReadAction\",\"target\":[\"https:\\\/\\\/padelzoco.es\\\/product\\\/paletero-bullpadel-xplo-bpp25022-rojo\\\/\"]}]},{\"@type\":\"ImageObject\",\"inLanguage\":\"en-GB\",\"@id\":\"https:\\\/\\\/padelzoco.es\\\/product\\\/paletero-bullpadel-xplo-bpp25022-rojo\\\/#primaryimage\",\"url\":\"https:\\\/\\\/padelzoco.es\\\/wp-content\\\/uploads\\\/2024\\\/11\\\/BULLPADEL-XPLO-Padel-Bag-BPP25022-Red.webp\",\"contentUrl\":\"https:\\\/\\\/padelzoco.es\\\/wp-content\\\/uploads\\\/2024\\\/11\\\/BULLPADEL-XPLO-Padel-Bag-BPP25022-Red.webp\",\"width\":1400,\"height\":1400,\"caption\":\"BULLPADEL XPLO Padel Bag BPP25022 Red\"},{\"@type\":\"BreadcrumbList\",\"@id\":\"https:\\\/\\\/padelzoco.es\\\/product\\\/paletero-bullpadel-xplo-bpp25022-rojo\\\/#breadcrumb\",\"itemListElement\":[{\"@type\":\"ListItem\",\"position\":1,\"name\":\"Home\",\"item\":\"https:\\\/\\\/padelzoco.es\\\/\"},{\"@type\":\"ListItem\",\"position\":2,\"name\":\"Padel Zoco\",\"item\":\"https:\\\/\\\/padelzoco.es\\\/padel-zoco\\\/\"},{\"@type\":\"ListItem\",\"position\":3,\"name\":\"Paletero Bullpadel XPLO BPP25022 Rojo\"}]},{\"@type\":\"WebSite\",\"@id\":\"https:\\\/\\\/padelzoco.es\\\/#website\",\"url\":\"https:\\\/\\\/padelzoco.es\\\/\",\"name\":\"Padel Zoco\",\"description\":\"Padel Zoco | Spain\",\"publisher\":{\"@id\":\"https:\\\/\\\/padelzoco.es\\\/#organization\"},\"potentialAction\":[{\"@type\":\"SearchAction\",\"target\":{\"@type\":\"EntryPoint\",\"urlTemplate\":\"https:\\\/\\\/padelzoco.es\\\/?s={search_term_string}\"},\"query-input\":{\"@type\":\"PropertyValueSpecification\",\"valueRequired\":true,\"valueName\":\"search_term_string\"}}],\"inLanguage\":\"en-GB\"},{\"@type\":\"Organization\",\"@id\":\"https:\\\/\\\/padelzoco.es\\\/#organization\",\"name\":\"Padel Zoco\",\"url\":\"https:\\\/\\\/padelzoco.es\\\/\",\"logo\":{\"@type\":\"ImageObject\",\"inLanguage\":\"en-GB\",\"@id\":\"https:\\\/\\\/padelzoco.es\\\/#\\\/schema\\\/logo\\\/image\\\/\",\"url\":\"https:\\\/\\\/padelzoco.es\\\/wp-content\\\/uploads\\\/2023\\\/11\\\/PadelZoco_Logo_black_white.webp\",\"contentUrl\":\"https:\\\/\\\/padelzoco.es\\\/wp-content\\\/uploads\\\/2023\\\/11\\\/PadelZoco_Logo_black_white.webp\",\"width\":1500,\"height\":631,\"caption\":\"Padel Zoco\"},\"image\":{\"@id\":\"https:\\\/\\\/padelzoco.es\\\/#\\\/schema\\\/logo\\\/image\\\/\"}}]}<\/script>\n<!-- \/ Yoast SEO plugin. -->","yoast_head_json":{"title":"Paletero Bullpadel XPLO BPP25022 Rojo - Padel Zoco","description":"Bullpadel Elite padel racket bag makes the perfect padel bag stands out for its lightness and optimal storage capacity. Buy Now at Padel Shop Madrid.","robots":{"index":"index","follow":"follow","max-snippet":"max-snippet:-1","max-image-preview":"max-image-preview:large","max-video-preview":"max-video-preview:-1"},"canonical":"https:\/\/padelzoco.es\/en\/product\/paletero-bullpadel-xplo-bpp25022-rojo\/","og_locale":"en_GB","og_type":"article","og_title":"Paletero Bullpadel XPLO BPP25022 Rojo - Padel Zoco","og_description":"Bullpadel Elite padel racket bag makes the perfect padel bag stands out for its lightness and optimal storage capacity. Buy Now at Padel Shop Madrid.","og_url":"https:\/\/padelzoco.es\/en\/product\/paletero-bullpadel-xplo-bpp25022-rojo\/","og_site_name":"Padel Zoco","article_modified_time":"2026-04-30T18:17:37+00:00","og_image":[{"width":1400,"height":1400,"url":"https:\/\/padelzoco.es\/wp-content\/uploads\/2024\/11\/BULLPADEL-XPLO-Padel-Bag-BPP25022-Red.webp","type":"image\/webp"}],"twitter_card":"summary_large_image","twitter_misc":{"Estimated reading time":"1 minute"},"schema":{"@context":"https:\/\/schema.org","@graph":[{"@type":"WebPage","@id":"https:\/\/padelzoco.es\/product\/paletero-bullpadel-xplo-bpp25022-rojo\/","url":"https:\/\/padelzoco.es\/product\/paletero-bullpadel-xplo-bpp25022-rojo\/","name":"Paletero Bullpadel XPLO BPP25022 Rojo - Padel Zoco","isPartOf":{"@id":"https:\/\/padelzoco.es\/#website"},"primaryImageOfPage":{"@id":"https:\/\/padelzoco.es\/product\/paletero-bullpadel-xplo-bpp25022-rojo\/#primaryimage"},"image":{"@id":"https:\/\/padelzoco.es\/product\/paletero-bullpadel-xplo-bpp25022-rojo\/#primaryimage"},"thumbnailUrl":"https:\/\/padelzoco.es\/wp-content\/uploads\/2024\/11\/BULLPADEL-XPLO-Padel-Bag-BPP25022-Red.webp","datePublished":"2024-11-25T15:19:45+00:00","dateModified":"2026-04-30T18:17:37+00:00","description":"Bullpadel Elite padel racket bag makes the perfect padel bag stands out for its lightness and optimal storage capacity. Buy Now at Padel Shop Madrid.","breadcrumb":{"@id":"https:\/\/padelzoco.es\/product\/paletero-bullpadel-xplo-bpp25022-rojo\/#breadcrumb"},"inLanguage":"en-GB","potentialAction":[{"@type":"ReadAction","target":["https:\/\/padelzoco.es\/product\/paletero-bullpadel-xplo-bpp25022-rojo\/"]}]},{"@type":"ImageObject","inLanguage":"en-GB","@id":"https:\/\/padelzoco.es\/product\/paletero-bullpadel-xplo-bpp25022-rojo\/#primaryimage","url":"https:\/\/padelzoco.es\/wp-content\/uploads\/2024\/11\/BULLPADEL-XPLO-Padel-Bag-BPP25022-Red.webp","contentUrl":"https:\/\/padelzoco.es\/wp-content\/uploads\/2024\/11\/BULLPADEL-XPLO-Padel-Bag-BPP25022-Red.webp","width":1400,"height":1400,"caption":"BULLPADEL XPLO Padel Bag BPP25022 Red"},{"@type":"BreadcrumbList","@id":"https:\/\/padelzoco.es\/product\/paletero-bullpadel-xplo-bpp25022-rojo\/#breadcrumb","itemListElement":[{"@type":"ListItem","position":1,"name":"Home","item":"https:\/\/padelzoco.es\/"},{"@type":"ListItem","position":2,"name":"Padel Zoco","item":"https:\/\/padelzoco.es\/padel-zoco\/"},{"@type":"ListItem","position":3,"name":"Paletero Bullpadel XPLO BPP25022 Rojo"}]},{"@type":"WebSite","@id":"https:\/\/padelzoco.es\/#website","url":"https:\/\/padelzoco.es\/","name":"Padel Zoco","description":"Padel Zoco | Spain","publisher":{"@id":"https:\/\/padelzoco.es\/#organization"},"potentialAction":[{"@type":"SearchAction","target":{"@type":"EntryPoint","urlTemplate":"https:\/\/padelzoco.es\/?s={search_term_string}"},"query-input":{"@type":"PropertyValueSpecification","valueRequired":true,"valueName":"search_term_string"}}],"inLanguage":"en-GB"},{"@type":"Organization","@id":"https:\/\/padelzoco.es\/#organization","name":"Padel Zoco","url":"https:\/\/padelzoco.es\/","logo":{"@type":"ImageObject","inLanguage":"en-GB","@id":"https:\/\/padelzoco.es\/#\/schema\/logo\/image\/","url":"https:\/\/padelzoco.es\/wp-content\/uploads\/2023\/11\/PadelZoco_Logo_black_white.webp","contentUrl":"https:\/\/padelzoco.es\/wp-content\/uploads\/2023\/11\/PadelZoco_Logo_black_white.webp","width":1500,"height":631,"caption":"Padel Zoco"},"image":{"@id":"https:\/\/padelzoco.es\/#\/schema\/logo\/image\/"}}]}},"_links":{"self":[{"href":"https:\/\/padelzoco.es\/en\/wp-json\/wp\/v2\/product\/14308","targetHints":{"allow":["GET"]}}],"collection":[{"href":"https:\/\/padelzoco.es\/en\/wp-json\/wp\/v2\/product"}],"about":[{"href":"https:\/\/padelzoco.es\/en\/wp-json\/wp\/v2\/types\/product"}],"version-history":[{"count":2,"href":"https:\/\/padelzoco.es\/en\/wp-json\/wp\/v2\/product\/14308\/revisions"}],"predecessor-version":[{"id":30052,"href":"https:\/\/padelzoco.es\/en\/wp-json\/wp\/v2\/product\/14308\/revisions\/30052"}],"wp:featuredmedia":[{"embeddable":true,"href":"https:\/\/padelzoco.es\/en\/wp-json\/wp\/v2\/media\/14309"}],"wp:attachment":[{"href":"https:\/\/padelzoco.es\/en\/wp-json\/wp\/v2\/media?parent=14308"}],"wp:term":[{"taxonomy":"product_brand","embeddable":true,"href":"https:\/\/padelzoco.es\/en\/wp-json\/wp\/v2\/product_brand?post=14308"},{"taxonomy":"product_cat","embeddable":true,"href":"https:\/\/padelzoco.es\/en\/wp-json\/wp\/v2\/product_cat?post=14308"},{"taxonomy":"product_tag","embeddable":true,"href":"https:\/\/padelzoco.es\/en\/wp-json\/wp\/v2\/product_tag?post=14308"}],"curies":[{"name":"wp","href":"https:\/\/api.w.org\/{rel}","templated":true}]}}