{"id":14430,"date":"2024-11-28T09:41:16","date_gmt":"2024-11-28T08:41:16","guid":{"rendered":"https:\/\/adc06f55e9.nxcli.io\/?post_type=product&#038;p=14430"},"modified":"2026-04-30T18:46:59","modified_gmt":"2026-04-30T17:46:59","slug":"paletero-nox-at10-team-gris-naranja","status":"publish","type":"product","link":"https:\/\/padelzoco.es\/en\/product\/paletero-nox-at10-team-gris-naranja\/","title":{"rendered":"Paletero NOX AT10 Team Gris\/Naranja"},"content":{"rendered":"<p>Discover the new 2025 NOX Padel Bag AT10 Team a high quality bags with a completely renewed design.<\/p>\n<p>The NOX AT10 model has been specifically designed for one of the star players of Premier Padel: the Mozart of Catamarca, Agustin Tapia.<\/p>\n<p>The Team paddle bag is designed so you can take everything you need to your matches and tournaments with the greatest style.<\/p>\n<p><strong>FEATURES:<\/strong><\/p>\n<ul>\n<li>Main compartment with double zipper for easy access to the interior with capacity for 3 padel rackets, clothes, etc.<\/li>\n<li>Thermal compartment (NOX ThermoTech technology) with capacity for 2 padel rackets, bottles, etc.<\/li>\n<li>Side compartments with distributed pockets for accessories, cell phone, wallet, keys, etc..<\/li>\n<li>Ventilated compartment for shoes on the front.<\/li>\n<li>Small compartment on the back.<\/li>\n<li>Laundry bag.<\/li>\n<li>Backpack function with the possibility of removing the handles.<\/li>\n<li>Ergonomic main handle. Rigid base.<\/li>\n<\/ul>\n<p>&nbsp;<\/p>\n<p><strong>Dimensions:\u00a0<\/strong>600 x 300 x 270 mm<\/p>\n<p><strong>Capacity<\/strong>: 42 liters.<\/p>","protected":false},"excerpt":{"rendered":"<p>Descubre la nueva colecci\u00f3n de paleteros TEAM de alta calidad con un dise\u00f1o completamente renovado. En color gris\/naranja.<\/p>\n<p>El modelo AT10 ha sido espec\u00edficamente dise\u00f1ado para uno de los jugadores estrella de Premier Padel: el Mozart de Catamarca, Agust\u00edn Tapia.<\/p>\n<p>El paletero Team est\u00e1 pensado para que puedas llevar todo lo necesario a tus partidos y torneos con el mayor estilo.<\/p>\n<p>&nbsp;<\/p>\n<p><strong>CARACTER\u00cdSTICAS:<\/strong><\/p>\n<ul>\n<li>Compartimento principal con doble cremallera para f\u00e1cil acceso al interior con capacidad para 3 palas de p\u00e1del, ropa, etc.<\/li>\n<li>Compartimento t\u00e9rmico (tecnolog\u00eda NOX ThermoTech) con capacidad para 2 palas de p\u00e1del, botellas, etc.<\/li>\n<li>Compartimentos laterales con bolsillos distribuidos para accesorios, m\u00f3vil, cartera, llavers, etc.<\/li>\n<li>Compartimento aireado para zapatillas en la parte frontal.<\/li>\n<li>Peque\u00f1o compartimento en la parte posterior.<\/li>\n<li>Bolsa para ropa sucia (\u00abLaundry Bag\u00bb).<\/li>\n<li>Funci\u00f3n de mochila con posibilidad de quitar las asas.<\/li>\n<li>Asa principal ergon\u00f3mica. Base r\u00edgida.<\/li>\n<\/ul>\n<p>&nbsp;<\/p>\n<p><strong>Medidas:\u00a0<\/strong>600 x 300 x 270 mm<\/p>\n<p><strong>Capacidad<\/strong>: 42 litros.<\/p>","protected":false},"featured_media":14438,"template":"","meta":[],"product_brand":[],"product_cat":[705,636,626,697,628],"product_tag":[],"class_list":{"0":"post-14430","1":"product","2":"type-product","3":"status-publish","4":"has-post-thumbnail","6":"product_cat-agustin-tapia","7":"product_cat-bolsa","8":"product_cat-bolsas","9":"product_cat-nox-padel","10":"product_cat-nox-bolsas","11":"pa_brand-nox","12":"pa_hs_code-673","14":"first","15":"outofstock","16":"sale","17":"taxable","18":"shipping-taxable","19":"purchasable","20":"product-type-simple"},"yoast_head":"<!-- This site is optimized with the Yoast SEO plugin v27.6 - https:\/\/yoast.com\/product\/yoast-seo-wordpress\/ -->\n<title>Paletero NOX AT10 Team Gris\/Naranja - Padel Zoco<\/title>\n<meta name=\"description\" content=\"NOX AT10 Team: amplio espacio, tecnolog\u00eda NOX ThermoTech para proteger tus palas y compartimento ventilado para calzado. \u00a1C\u00f3mpralo ahora en Padel Zoco!\" \/>\n<meta name=\"robots\" content=\"index, follow, max-snippet:-1, max-image-preview:large, max-video-preview:-1\" \/>\n<link rel=\"canonical\" href=\"https:\/\/padelzoco.es\/en\/product\/paletero-nox-at10-team-gris-naranja\/\" \/>\n<meta property=\"og:locale\" content=\"en_GB\" \/>\n<meta property=\"og:type\" content=\"article\" \/>\n<meta property=\"og:title\" content=\"Paletero NOX AT10 Team Gris\/Naranja - Padel Zoco\" \/>\n<meta property=\"og:description\" content=\"NOX AT10 Team: amplio espacio, tecnolog\u00eda NOX ThermoTech para proteger tus palas y compartimento ventilado para calzado. \u00a1C\u00f3mpralo ahora en Padel Zoco!\" \/>\n<meta property=\"og:url\" content=\"https:\/\/padelzoco.es\/en\/product\/paletero-nox-at10-team-gris-naranja\/\" \/>\n<meta property=\"og:site_name\" content=\"Padel Zoco\" \/>\n<meta property=\"article:modified_time\" content=\"2026-04-30T17:46:59+00:00\" \/>\n<meta property=\"og:image\" content=\"https:\/\/padelzoco.es\/wp-content\/uploads\/2024\/11\/NOX-AT10-Team-Padel-Racket-Bag-Grey-Orange-01.webp\" \/>\n\t<meta property=\"og:image:width\" content=\"1400\" \/>\n\t<meta property=\"og:image:height\" content=\"1400\" \/>\n\t<meta property=\"og:image:type\" content=\"image\/webp\" \/>\n<meta name=\"twitter:card\" content=\"summary_large_image\" \/>\n<meta name=\"twitter:label1\" content=\"Estimated reading time\" \/>\n\t<meta name=\"twitter:data1\" content=\"1 minute\" \/>\n<script type=\"application\/ld+json\" class=\"yoast-schema-graph\">{\"@context\":\"https:\\\/\\\/schema.org\",\"@graph\":[{\"@type\":\"WebPage\",\"@id\":\"https:\\\/\\\/padelzoco.es\\\/product\\\/paletero-nox-at10-team-gris-naranja\\\/\",\"url\":\"https:\\\/\\\/padelzoco.es\\\/product\\\/paletero-nox-at10-team-gris-naranja\\\/\",\"name\":\"Paletero NOX AT10 Team Gris\\\/Naranja - Padel Zoco\",\"isPartOf\":{\"@id\":\"https:\\\/\\\/padelzoco.es\\\/#website\"},\"primaryImageOfPage\":{\"@id\":\"https:\\\/\\\/padelzoco.es\\\/product\\\/paletero-nox-at10-team-gris-naranja\\\/#primaryimage\"},\"image\":{\"@id\":\"https:\\\/\\\/padelzoco.es\\\/product\\\/paletero-nox-at10-team-gris-naranja\\\/#primaryimage\"},\"thumbnailUrl\":\"https:\\\/\\\/padelzoco.es\\\/wp-content\\\/uploads\\\/2024\\\/11\\\/NOX-AT10-Team-Padel-Racket-Bag-Grey-Orange-01.webp\",\"datePublished\":\"2024-11-28T08:41:16+00:00\",\"dateModified\":\"2026-04-30T17:46:59+00:00\",\"description\":\"NOX AT10 Team: amplio espacio, tecnolog\u00eda NOX ThermoTech para proteger tus palas y compartimento ventilado para calzado. \u00a1C\u00f3mpralo ahora en Padel Zoco!\",\"breadcrumb\":{\"@id\":\"https:\\\/\\\/padelzoco.es\\\/product\\\/paletero-nox-at10-team-gris-naranja\\\/#breadcrumb\"},\"inLanguage\":\"en-GB\",\"potentialAction\":[{\"@type\":\"ReadAction\",\"target\":[\"https:\\\/\\\/padelzoco.es\\\/product\\\/paletero-nox-at10-team-gris-naranja\\\/\"]}]},{\"@type\":\"ImageObject\",\"inLanguage\":\"en-GB\",\"@id\":\"https:\\\/\\\/padelzoco.es\\\/product\\\/paletero-nox-at10-team-gris-naranja\\\/#primaryimage\",\"url\":\"https:\\\/\\\/padelzoco.es\\\/wp-content\\\/uploads\\\/2024\\\/11\\\/NOX-AT10-Team-Padel-Racket-Bag-Grey-Orange-01.webp\",\"contentUrl\":\"https:\\\/\\\/padelzoco.es\\\/wp-content\\\/uploads\\\/2024\\\/11\\\/NOX-AT10-Team-Padel-Racket-Bag-Grey-Orange-01.webp\",\"width\":1400,\"height\":1400,\"caption\":\"NOX AT10 Team Padel Racket Bag Grey Orange 01\"},{\"@type\":\"BreadcrumbList\",\"@id\":\"https:\\\/\\\/padelzoco.es\\\/product\\\/paletero-nox-at10-team-gris-naranja\\\/#breadcrumb\",\"itemListElement\":[{\"@type\":\"ListItem\",\"position\":1,\"name\":\"Home\",\"item\":\"https:\\\/\\\/padelzoco.es\\\/\"},{\"@type\":\"ListItem\",\"position\":2,\"name\":\"Padel Zoco\",\"item\":\"https:\\\/\\\/padelzoco.es\\\/padel-zoco\\\/\"},{\"@type\":\"ListItem\",\"position\":3,\"name\":\"Paletero NOX AT10 Team Gris\\\/Naranja\"}]},{\"@type\":\"WebSite\",\"@id\":\"https:\\\/\\\/padelzoco.es\\\/#website\",\"url\":\"https:\\\/\\\/padelzoco.es\\\/\",\"name\":\"Padel Zoco\",\"description\":\"Padel Zoco | Spain\",\"publisher\":{\"@id\":\"https:\\\/\\\/padelzoco.es\\\/#organization\"},\"potentialAction\":[{\"@type\":\"SearchAction\",\"target\":{\"@type\":\"EntryPoint\",\"urlTemplate\":\"https:\\\/\\\/padelzoco.es\\\/?s={search_term_string}\"},\"query-input\":{\"@type\":\"PropertyValueSpecification\",\"valueRequired\":true,\"valueName\":\"search_term_string\"}}],\"inLanguage\":\"en-GB\"},{\"@type\":\"Organization\",\"@id\":\"https:\\\/\\\/padelzoco.es\\\/#organization\",\"name\":\"Padel Zoco\",\"url\":\"https:\\\/\\\/padelzoco.es\\\/\",\"logo\":{\"@type\":\"ImageObject\",\"inLanguage\":\"en-GB\",\"@id\":\"https:\\\/\\\/padelzoco.es\\\/#\\\/schema\\\/logo\\\/image\\\/\",\"url\":\"https:\\\/\\\/padelzoco.es\\\/wp-content\\\/uploads\\\/2023\\\/11\\\/PadelZoco_Logo_black_white.webp\",\"contentUrl\":\"https:\\\/\\\/padelzoco.es\\\/wp-content\\\/uploads\\\/2023\\\/11\\\/PadelZoco_Logo_black_white.webp\",\"width\":1500,\"height\":631,\"caption\":\"Padel Zoco\"},\"image\":{\"@id\":\"https:\\\/\\\/padelzoco.es\\\/#\\\/schema\\\/logo\\\/image\\\/\"}}]}<\/script>\n<!-- \/ Yoast SEO plugin. -->","yoast_head_json":{"title":"Paletero NOX AT10 Team Gris\/Naranja - Padel Zoco","description":"NOX AT10 Team: amplio espacio, tecnolog\u00eda NOX ThermoTech para proteger tus palas y compartimento ventilado para calzado. \u00a1C\u00f3mpralo ahora en Padel Zoco!","robots":{"index":"index","follow":"follow","max-snippet":"max-snippet:-1","max-image-preview":"max-image-preview:large","max-video-preview":"max-video-preview:-1"},"canonical":"https:\/\/padelzoco.es\/en\/product\/paletero-nox-at10-team-gris-naranja\/","og_locale":"en_GB","og_type":"article","og_title":"Paletero NOX AT10 Team Gris\/Naranja - Padel Zoco","og_description":"NOX AT10 Team: amplio espacio, tecnolog\u00eda NOX ThermoTech para proteger tus palas y compartimento ventilado para calzado. \u00a1C\u00f3mpralo ahora en Padel Zoco!","og_url":"https:\/\/padelzoco.es\/en\/product\/paletero-nox-at10-team-gris-naranja\/","og_site_name":"Padel Zoco","article_modified_time":"2026-04-30T17:46:59+00:00","og_image":[{"width":1400,"height":1400,"url":"https:\/\/padelzoco.es\/wp-content\/uploads\/2024\/11\/NOX-AT10-Team-Padel-Racket-Bag-Grey-Orange-01.webp","type":"image\/webp"}],"twitter_card":"summary_large_image","twitter_misc":{"Estimated reading time":"1 minute"},"schema":{"@context":"https:\/\/schema.org","@graph":[{"@type":"WebPage","@id":"https:\/\/padelzoco.es\/product\/paletero-nox-at10-team-gris-naranja\/","url":"https:\/\/padelzoco.es\/product\/paletero-nox-at10-team-gris-naranja\/","name":"Paletero NOX AT10 Team Gris\/Naranja - Padel Zoco","isPartOf":{"@id":"https:\/\/padelzoco.es\/#website"},"primaryImageOfPage":{"@id":"https:\/\/padelzoco.es\/product\/paletero-nox-at10-team-gris-naranja\/#primaryimage"},"image":{"@id":"https:\/\/padelzoco.es\/product\/paletero-nox-at10-team-gris-naranja\/#primaryimage"},"thumbnailUrl":"https:\/\/padelzoco.es\/wp-content\/uploads\/2024\/11\/NOX-AT10-Team-Padel-Racket-Bag-Grey-Orange-01.webp","datePublished":"2024-11-28T08:41:16+00:00","dateModified":"2026-04-30T17:46:59+00:00","description":"NOX AT10 Team: amplio espacio, tecnolog\u00eda NOX ThermoTech para proteger tus palas y compartimento ventilado para calzado. \u00a1C\u00f3mpralo ahora en Padel Zoco!","breadcrumb":{"@id":"https:\/\/padelzoco.es\/product\/paletero-nox-at10-team-gris-naranja\/#breadcrumb"},"inLanguage":"en-GB","potentialAction":[{"@type":"ReadAction","target":["https:\/\/padelzoco.es\/product\/paletero-nox-at10-team-gris-naranja\/"]}]},{"@type":"ImageObject","inLanguage":"en-GB","@id":"https:\/\/padelzoco.es\/product\/paletero-nox-at10-team-gris-naranja\/#primaryimage","url":"https:\/\/padelzoco.es\/wp-content\/uploads\/2024\/11\/NOX-AT10-Team-Padel-Racket-Bag-Grey-Orange-01.webp","contentUrl":"https:\/\/padelzoco.es\/wp-content\/uploads\/2024\/11\/NOX-AT10-Team-Padel-Racket-Bag-Grey-Orange-01.webp","width":1400,"height":1400,"caption":"NOX AT10 Team Padel Racket Bag Grey Orange 01"},{"@type":"BreadcrumbList","@id":"https:\/\/padelzoco.es\/product\/paletero-nox-at10-team-gris-naranja\/#breadcrumb","itemListElement":[{"@type":"ListItem","position":1,"name":"Home","item":"https:\/\/padelzoco.es\/"},{"@type":"ListItem","position":2,"name":"Padel Zoco","item":"https:\/\/padelzoco.es\/padel-zoco\/"},{"@type":"ListItem","position":3,"name":"Paletero NOX AT10 Team Gris\/Naranja"}]},{"@type":"WebSite","@id":"https:\/\/padelzoco.es\/#website","url":"https:\/\/padelzoco.es\/","name":"Padel Zoco","description":"Padel Zoco | Spain","publisher":{"@id":"https:\/\/padelzoco.es\/#organization"},"potentialAction":[{"@type":"SearchAction","target":{"@type":"EntryPoint","urlTemplate":"https:\/\/padelzoco.es\/?s={search_term_string}"},"query-input":{"@type":"PropertyValueSpecification","valueRequired":true,"valueName":"search_term_string"}}],"inLanguage":"en-GB"},{"@type":"Organization","@id":"https:\/\/padelzoco.es\/#organization","name":"Padel Zoco","url":"https:\/\/padelzoco.es\/","logo":{"@type":"ImageObject","inLanguage":"en-GB","@id":"https:\/\/padelzoco.es\/#\/schema\/logo\/image\/","url":"https:\/\/padelzoco.es\/wp-content\/uploads\/2023\/11\/PadelZoco_Logo_black_white.webp","contentUrl":"https:\/\/padelzoco.es\/wp-content\/uploads\/2023\/11\/PadelZoco_Logo_black_white.webp","width":1500,"height":631,"caption":"Padel Zoco"},"image":{"@id":"https:\/\/padelzoco.es\/#\/schema\/logo\/image\/"}}]}},"_links":{"self":[{"href":"https:\/\/padelzoco.es\/en\/wp-json\/wp\/v2\/product\/14430","targetHints":{"allow":["GET"]}}],"collection":[{"href":"https:\/\/padelzoco.es\/en\/wp-json\/wp\/v2\/product"}],"about":[{"href":"https:\/\/padelzoco.es\/en\/wp-json\/wp\/v2\/types\/product"}],"version-history":[{"count":2,"href":"https:\/\/padelzoco.es\/en\/wp-json\/wp\/v2\/product\/14430\/revisions"}],"predecessor-version":[{"id":19885,"href":"https:\/\/padelzoco.es\/en\/wp-json\/wp\/v2\/product\/14430\/revisions\/19885"}],"wp:featuredmedia":[{"embeddable":true,"href":"https:\/\/padelzoco.es\/en\/wp-json\/wp\/v2\/media\/14438"}],"wp:attachment":[{"href":"https:\/\/padelzoco.es\/en\/wp-json\/wp\/v2\/media?parent=14430"}],"wp:term":[{"taxonomy":"product_brand","embeddable":true,"href":"https:\/\/padelzoco.es\/en\/wp-json\/wp\/v2\/product_brand?post=14430"},{"taxonomy":"product_cat","embeddable":true,"href":"https:\/\/padelzoco.es\/en\/wp-json\/wp\/v2\/product_cat?post=14430"},{"taxonomy":"product_tag","embeddable":true,"href":"https:\/\/padelzoco.es\/en\/wp-json\/wp\/v2\/product_tag?post=14430"}],"curies":[{"name":"wp","href":"https:\/\/api.w.org\/{rel}","templated":true}]}}