{"id":14471,"date":"2024-11-28T16:01:45","date_gmt":"2024-11-28T15:01:45","guid":{"rendered":"https:\/\/adc06f55e9.nxcli.io\/?post_type=product&#038;p=14471"},"modified":"2026-03-27T12:57:49","modified_gmt":"2026-03-27T11:57:49","slug":"head-padel-pro-spin-strips","status":"publish","type":"product","link":"https:\/\/padelzoco.es\/en\/product\/head-padel-pro-spin-strips\/","title":{"rendered":"Head Padel Pro Spin Strips"},"content":{"rendered":"","protected":false},"excerpt":{"rendered":"<section class=\"ProductFullDetail-description-33z\">\n<div class=\"richContent-root-CMO\">\n<p>Las tiras Pro Spin Strips, con tecnolog\u00eda Rezztek\u00ae y una superficie rugosa, aumentan el agarre de la pelota y a\u00f1aden m\u00e1s efecto en cada golpe. Dise\u00f1adas con materiales ultra ligeros, cuentan con un potente adhesivo para pegarse al punto dulce de la pala, y gracias a su acabado rugoso ayudan a mejorar los efectos y el control de la pelota. Las Pro Spin Strips han sido desarrolladas y testeadas junto con jugadores y entrenadores profesionales.<\/p>\n<p>El embalaje contiene distintos tipos de tiras, incluyendo de tama\u00f1o largo y corto, as\u00ed como tiras en forma circular. Con s\u00f3lo 2 gramos de peso en total y una tecnolog\u00eda patentada para una mayor durabilidad y m\u00ednima p\u00e9rdida de energ\u00eda, las tiras son v\u00e1lidas para cualquier pala, sin importar el patr\u00f3n de agujeros y el tipo de acabado o superficie.<\/p>\n<p>Adem\u00e1s, el adhesivo tiene una extracci\u00f3n limpia sin da\u00f1ar la pala, lo que las hace reemplazables para que puedas cambiarlas por otras nuevas cuando sientas que necesitas un poco m\u00e1s de agarre de nuevo.<\/p>\n<ul>\n<li>Superficie rugosa que a\u00f1ade m\u00e1s efecto a tus golpes.<\/li>\n<li>Aumenta el grip con la pelota para mejorar el control.<\/li>\n<li>Ultraligeras y finas, con tan s\u00f3lo 1 gramo de peso por cada cara de la pala.<\/li>\n<li>Duran hasta 50 horas de juego.<\/li>\n<li>Intercambiables: se pueden quitar e intercambiar sin da\u00f1ar la pala.<\/li>\n<li>Personalizables: se aplican en el punto dulce de la pala a tu medida.<\/li>\n<li>V\u00e1lidas para cualquier pala del mercado, sin importar el acabado de la superficie y el patr\u00f3n de agujeros.<\/li>\n<li>De color transparente, integr\u00e1ndose perfectamente al dise\u00f1o.<\/li>\n<\/ul>\n<\/div>\n<\/section>","protected":false},"featured_media":14472,"template":"","meta":[],"product_brand":[],"product_cat":[637,803,638,747,640],"product_tag":[],"class_list":{"0":"post-14471","1":"product","2":"type-product","3":"status-publish","4":"has-post-thumbnail","6":"product_cat-accesorios","7":"product_cat-grip-sprays","8":"product_cat-grips-and-overgrips","9":"product_cat-head-padel","10":"product_cat-protectores","11":"pa_brand-head","12":"pa_color-negro","13":"pa_hs_code-134","15":"first","16":"instock","17":"taxable","18":"shipping-taxable","19":"purchasable","20":"product-type-simple"},"yoast_head":"<!-- This site is optimized with the Yoast SEO plugin v27.3 - https:\/\/yoast.com\/product\/yoast-seo-wordpress\/ -->\n<title>Head Padel Pro Spin Strips - Padel Zoco<\/title>\n<meta name=\"robots\" content=\"index, follow, max-snippet:-1, max-image-preview:large, max-video-preview:-1\" \/>\n<link rel=\"canonical\" href=\"https:\/\/padelzoco.es\/en\/product\/head-padel-pro-spin-strips\/\" \/>\n<meta property=\"og:locale\" content=\"en_GB\" \/>\n<meta property=\"og:type\" content=\"article\" \/>\n<meta property=\"og:title\" content=\"Head Padel Pro Spin Strips - Padel Zoco\" \/>\n<meta property=\"og:description\" content=\"Las tiras Pro Spin Strips, con tecnolog\u00eda Rezztek\u00ae y una superficie rugosa, aumentan el agarre de la pelota y a\u00f1aden m\u00e1s efecto en cada golpe. Dise\u00f1adas con materiales ultra ligeros, cuentan con un potente adhesivo para pegarse al punto dulce de la pala, y gracias a su acabado rugoso ayudan a mejorar los efectos y el control de la pelota. Las Pro Spin Strips han sido desarrolladas y testeadas junto con jugadores y entrenadores profesionales.  El embalaje contiene distintos tipos de tiras, incluyendo de tama\u00f1o largo y corto, as\u00ed como tiras en forma circular. Con s\u00f3lo 2 gramos de peso en total y una tecnolog\u00eda patentada para una mayor durabilidad y m\u00ednima p\u00e9rdida de energ\u00eda, las tiras son v\u00e1lidas para cualquier pala, sin importar el patr\u00f3n de agujeros y el tipo de acabado o superficie.  Adem\u00e1s, el adhesivo tiene una extracci\u00f3n limpia sin da\u00f1ar la pala, lo que las hace reemplazables para que puedas cambiarlas por otras nuevas cuando sientas que necesitas un poco m\u00e1s de agarre de nuevo.   Superficie rugosa que a\u00f1ade m\u00e1s efecto a tus golpes.  Aumenta el grip con la pelota para mejorar el control.  Ultraligeras y finas, con tan s\u00f3lo 1 gramo de peso por cada cara de la pala.  Duran hasta 50 horas de juego.  Intercambiables: se pueden quitar e intercambiar sin da\u00f1ar la pala.  Personalizables: se aplican en el punto dulce de la pala a tu medida.  V\u00e1lidas para cualquier pala del mercado, sin importar el acabado de la superficie y el patr\u00f3n de agujeros.  De color transparente, integr\u00e1ndose perfectamente al dise\u00f1o.\" \/>\n<meta property=\"og:url\" content=\"https:\/\/padelzoco.es\/en\/product\/head-padel-pro-spin-strips\/\" \/>\n<meta property=\"og:site_name\" content=\"Padel Zoco\" \/>\n<meta property=\"article:modified_time\" content=\"2026-03-27T11:57:49+00:00\" \/>\n<meta property=\"og:image\" content=\"https:\/\/padelzoco.es\/wp-content\/uploads\/2024\/11\/HEAD-Padel-Pro-Spin-Strips-04.webp\" \/>\n\t<meta property=\"og:image:width\" content=\"1400\" \/>\n\t<meta property=\"og:image:height\" content=\"1400\" \/>\n\t<meta property=\"og:image:type\" content=\"image\/webp\" \/>\n<meta name=\"twitter:card\" content=\"summary_large_image\" \/>\n<meta name=\"twitter:label1\" content=\"Estimated reading time\" \/>\n\t<meta name=\"twitter:data1\" content=\"1 minute\" \/>\n<script type=\"application\/ld+json\" class=\"yoast-schema-graph\">{\"@context\":\"https:\\\/\\\/schema.org\",\"@graph\":[{\"@type\":\"WebPage\",\"@id\":\"https:\\\/\\\/padelzoco.es\\\/product\\\/head-padel-pro-spin-strips\\\/\",\"url\":\"https:\\\/\\\/padelzoco.es\\\/product\\\/head-padel-pro-spin-strips\\\/\",\"name\":\"Head Padel Pro Spin Strips - Padel Zoco\",\"isPartOf\":{\"@id\":\"https:\\\/\\\/padelzoco.es\\\/#website\"},\"primaryImageOfPage\":{\"@id\":\"https:\\\/\\\/padelzoco.es\\\/product\\\/head-padel-pro-spin-strips\\\/#primaryimage\"},\"image\":{\"@id\":\"https:\\\/\\\/padelzoco.es\\\/product\\\/head-padel-pro-spin-strips\\\/#primaryimage\"},\"thumbnailUrl\":\"https:\\\/\\\/padelzoco.es\\\/wp-content\\\/uploads\\\/2024\\\/11\\\/HEAD-Padel-Pro-Spin-Strips-04.webp\",\"datePublished\":\"2024-11-28T15:01:45+00:00\",\"dateModified\":\"2026-03-27T11:57:49+00:00\",\"breadcrumb\":{\"@id\":\"https:\\\/\\\/padelzoco.es\\\/product\\\/head-padel-pro-spin-strips\\\/#breadcrumb\"},\"inLanguage\":\"en-GB\",\"potentialAction\":[{\"@type\":\"ReadAction\",\"target\":[\"https:\\\/\\\/padelzoco.es\\\/product\\\/head-padel-pro-spin-strips\\\/\"]}]},{\"@type\":\"ImageObject\",\"inLanguage\":\"en-GB\",\"@id\":\"https:\\\/\\\/padelzoco.es\\\/product\\\/head-padel-pro-spin-strips\\\/#primaryimage\",\"url\":\"https:\\\/\\\/padelzoco.es\\\/wp-content\\\/uploads\\\/2024\\\/11\\\/HEAD-Padel-Pro-Spin-Strips-04.webp\",\"contentUrl\":\"https:\\\/\\\/padelzoco.es\\\/wp-content\\\/uploads\\\/2024\\\/11\\\/HEAD-Padel-Pro-Spin-Strips-04.webp\",\"width\":1400,\"height\":1400,\"caption\":\"HEAD Padel Pro Spin Strips 04\"},{\"@type\":\"BreadcrumbList\",\"@id\":\"https:\\\/\\\/padelzoco.es\\\/product\\\/head-padel-pro-spin-strips\\\/#breadcrumb\",\"itemListElement\":[{\"@type\":\"ListItem\",\"position\":1,\"name\":\"Home\",\"item\":\"https:\\\/\\\/padelzoco.es\\\/\"},{\"@type\":\"ListItem\",\"position\":2,\"name\":\"Padel Zoco\",\"item\":\"https:\\\/\\\/padelzoco.es\\\/padel-zoco\\\/\"},{\"@type\":\"ListItem\",\"position\":3,\"name\":\"Head Padel Pro Spin Strips\"}]},{\"@type\":\"WebSite\",\"@id\":\"https:\\\/\\\/padelzoco.es\\\/#website\",\"url\":\"https:\\\/\\\/padelzoco.es\\\/\",\"name\":\"Padel Zoco\",\"description\":\"Padel Zoco | Spain\",\"publisher\":{\"@id\":\"https:\\\/\\\/padelzoco.es\\\/#organization\"},\"potentialAction\":[{\"@type\":\"SearchAction\",\"target\":{\"@type\":\"EntryPoint\",\"urlTemplate\":\"https:\\\/\\\/padelzoco.es\\\/?s={search_term_string}\"},\"query-input\":{\"@type\":\"PropertyValueSpecification\",\"valueRequired\":true,\"valueName\":\"search_term_string\"}}],\"inLanguage\":\"en-GB\"},{\"@type\":\"Organization\",\"@id\":\"https:\\\/\\\/padelzoco.es\\\/#organization\",\"name\":\"Padel Zoco\",\"url\":\"https:\\\/\\\/padelzoco.es\\\/\",\"logo\":{\"@type\":\"ImageObject\",\"inLanguage\":\"en-GB\",\"@id\":\"https:\\\/\\\/padelzoco.es\\\/#\\\/schema\\\/logo\\\/image\\\/\",\"url\":\"https:\\\/\\\/padelzoco.es\\\/wp-content\\\/uploads\\\/2023\\\/11\\\/PadelZoco_Logo_black_white.webp\",\"contentUrl\":\"https:\\\/\\\/padelzoco.es\\\/wp-content\\\/uploads\\\/2023\\\/11\\\/PadelZoco_Logo_black_white.webp\",\"width\":1500,\"height\":631,\"caption\":\"Padel Zoco\"},\"image\":{\"@id\":\"https:\\\/\\\/padelzoco.es\\\/#\\\/schema\\\/logo\\\/image\\\/\"}}]}<\/script>\n<!-- \/ Yoast SEO plugin. -->","yoast_head_json":{"title":"Head Padel Pro Spin Strips - Padel Zoco","robots":{"index":"index","follow":"follow","max-snippet":"max-snippet:-1","max-image-preview":"max-image-preview:large","max-video-preview":"max-video-preview:-1"},"canonical":"https:\/\/padelzoco.es\/en\/product\/head-padel-pro-spin-strips\/","og_locale":"en_GB","og_type":"article","og_title":"Head Padel Pro Spin Strips - Padel Zoco","og_description":"Las tiras Pro Spin Strips, con tecnolog\u00eda Rezztek\u00ae y una superficie rugosa, aumentan el agarre de la pelota y a\u00f1aden m\u00e1s efecto en cada golpe. Dise\u00f1adas con materiales ultra ligeros, cuentan con un potente adhesivo para pegarse al punto dulce de la pala, y gracias a su acabado rugoso ayudan a mejorar los efectos y el control de la pelota. Las Pro Spin Strips han sido desarrolladas y testeadas junto con jugadores y entrenadores profesionales.  El embalaje contiene distintos tipos de tiras, incluyendo de tama\u00f1o largo y corto, as\u00ed como tiras en forma circular. Con s\u00f3lo 2 gramos de peso en total y una tecnolog\u00eda patentada para una mayor durabilidad y m\u00ednima p\u00e9rdida de energ\u00eda, las tiras son v\u00e1lidas para cualquier pala, sin importar el patr\u00f3n de agujeros y el tipo de acabado o superficie.  Adem\u00e1s, el adhesivo tiene una extracci\u00f3n limpia sin da\u00f1ar la pala, lo que las hace reemplazables para que puedas cambiarlas por otras nuevas cuando sientas que necesitas un poco m\u00e1s de agarre de nuevo.   Superficie rugosa que a\u00f1ade m\u00e1s efecto a tus golpes.  Aumenta el grip con la pelota para mejorar el control.  Ultraligeras y finas, con tan s\u00f3lo 1 gramo de peso por cada cara de la pala.  Duran hasta 50 horas de juego.  Intercambiables: se pueden quitar e intercambiar sin da\u00f1ar la pala.  Personalizables: se aplican en el punto dulce de la pala a tu medida.  V\u00e1lidas para cualquier pala del mercado, sin importar el acabado de la superficie y el patr\u00f3n de agujeros.  De color transparente, integr\u00e1ndose perfectamente al dise\u00f1o.","og_url":"https:\/\/padelzoco.es\/en\/product\/head-padel-pro-spin-strips\/","og_site_name":"Padel Zoco","article_modified_time":"2026-03-27T11:57:49+00:00","og_image":[{"width":1400,"height":1400,"url":"https:\/\/padelzoco.es\/wp-content\/uploads\/2024\/11\/HEAD-Padel-Pro-Spin-Strips-04.webp","type":"image\/webp"}],"twitter_card":"summary_large_image","twitter_misc":{"Estimated reading time":"1 minute"},"schema":{"@context":"https:\/\/schema.org","@graph":[{"@type":"WebPage","@id":"https:\/\/padelzoco.es\/product\/head-padel-pro-spin-strips\/","url":"https:\/\/padelzoco.es\/product\/head-padel-pro-spin-strips\/","name":"Head Padel Pro Spin Strips - Padel Zoco","isPartOf":{"@id":"https:\/\/padelzoco.es\/#website"},"primaryImageOfPage":{"@id":"https:\/\/padelzoco.es\/product\/head-padel-pro-spin-strips\/#primaryimage"},"image":{"@id":"https:\/\/padelzoco.es\/product\/head-padel-pro-spin-strips\/#primaryimage"},"thumbnailUrl":"https:\/\/padelzoco.es\/wp-content\/uploads\/2024\/11\/HEAD-Padel-Pro-Spin-Strips-04.webp","datePublished":"2024-11-28T15:01:45+00:00","dateModified":"2026-03-27T11:57:49+00:00","breadcrumb":{"@id":"https:\/\/padelzoco.es\/product\/head-padel-pro-spin-strips\/#breadcrumb"},"inLanguage":"en-GB","potentialAction":[{"@type":"ReadAction","target":["https:\/\/padelzoco.es\/product\/head-padel-pro-spin-strips\/"]}]},{"@type":"ImageObject","inLanguage":"en-GB","@id":"https:\/\/padelzoco.es\/product\/head-padel-pro-spin-strips\/#primaryimage","url":"https:\/\/padelzoco.es\/wp-content\/uploads\/2024\/11\/HEAD-Padel-Pro-Spin-Strips-04.webp","contentUrl":"https:\/\/padelzoco.es\/wp-content\/uploads\/2024\/11\/HEAD-Padel-Pro-Spin-Strips-04.webp","width":1400,"height":1400,"caption":"HEAD Padel Pro Spin Strips 04"},{"@type":"BreadcrumbList","@id":"https:\/\/padelzoco.es\/product\/head-padel-pro-spin-strips\/#breadcrumb","itemListElement":[{"@type":"ListItem","position":1,"name":"Home","item":"https:\/\/padelzoco.es\/"},{"@type":"ListItem","position":2,"name":"Padel Zoco","item":"https:\/\/padelzoco.es\/padel-zoco\/"},{"@type":"ListItem","position":3,"name":"Head Padel Pro Spin Strips"}]},{"@type":"WebSite","@id":"https:\/\/padelzoco.es\/#website","url":"https:\/\/padelzoco.es\/","name":"Padel Zoco","description":"Padel Zoco | Spain","publisher":{"@id":"https:\/\/padelzoco.es\/#organization"},"potentialAction":[{"@type":"SearchAction","target":{"@type":"EntryPoint","urlTemplate":"https:\/\/padelzoco.es\/?s={search_term_string}"},"query-input":{"@type":"PropertyValueSpecification","valueRequired":true,"valueName":"search_term_string"}}],"inLanguage":"en-GB"},{"@type":"Organization","@id":"https:\/\/padelzoco.es\/#organization","name":"Padel Zoco","url":"https:\/\/padelzoco.es\/","logo":{"@type":"ImageObject","inLanguage":"en-GB","@id":"https:\/\/padelzoco.es\/#\/schema\/logo\/image\/","url":"https:\/\/padelzoco.es\/wp-content\/uploads\/2023\/11\/PadelZoco_Logo_black_white.webp","contentUrl":"https:\/\/padelzoco.es\/wp-content\/uploads\/2023\/11\/PadelZoco_Logo_black_white.webp","width":1500,"height":631,"caption":"Padel Zoco"},"image":{"@id":"https:\/\/padelzoco.es\/#\/schema\/logo\/image\/"}}]}},"_links":{"self":[{"href":"https:\/\/padelzoco.es\/en\/wp-json\/wp\/v2\/product\/14471","targetHints":{"allow":["GET"]}}],"collection":[{"href":"https:\/\/padelzoco.es\/en\/wp-json\/wp\/v2\/product"}],"about":[{"href":"https:\/\/padelzoco.es\/en\/wp-json\/wp\/v2\/types\/product"}],"version-history":[{"count":3,"href":"https:\/\/padelzoco.es\/en\/wp-json\/wp\/v2\/product\/14471\/revisions"}],"predecessor-version":[{"id":30108,"href":"https:\/\/padelzoco.es\/en\/wp-json\/wp\/v2\/product\/14471\/revisions\/30108"}],"wp:featuredmedia":[{"embeddable":true,"href":"https:\/\/padelzoco.es\/en\/wp-json\/wp\/v2\/media\/14472"}],"wp:attachment":[{"href":"https:\/\/padelzoco.es\/en\/wp-json\/wp\/v2\/media?parent=14471"}],"wp:term":[{"taxonomy":"product_brand","embeddable":true,"href":"https:\/\/padelzoco.es\/en\/wp-json\/wp\/v2\/product_brand?post=14471"},{"taxonomy":"product_cat","embeddable":true,"href":"https:\/\/padelzoco.es\/en\/wp-json\/wp\/v2\/product_cat?post=14471"},{"taxonomy":"product_tag","embeddable":true,"href":"https:\/\/padelzoco.es\/en\/wp-json\/wp\/v2\/product_tag?post=14471"}],"curies":[{"name":"wp","href":"https:\/\/api.w.org\/{rel}","templated":true}]}}