{"id":14577,"date":"2024-12-03T16:02:11","date_gmt":"2024-12-03T15:02:11","guid":{"rendered":"https:\/\/adc06f55e9.nxcli.io\/?post_type=product&#038;p=14577"},"modified":"2026-04-30T18:46:59","modified_gmt":"2026-04-30T17:46:59","slug":"pala-padel-adidas-metalbone-hrd-3-4-ale-galan-2025","status":"publish","type":"product","link":"https:\/\/padelzoco.es\/en\/product\/pala-padel-adidas-metalbone-hrd-3-4-ale-galan-2025\/","title":{"rendered":"Adidas Metalbone HRD+ 3.4 Ale Galan 2025 Padel Racket"},"content":{"rendered":"<p data-start=\"79\" data-end=\"412\"><strong data-start=\"79\" data-end=\"122\">Pala de p\u00e1del ADIDAS Metalbone HRD+ 3.4<\/strong> re\u00fane las <strong data-start=\"133\" data-end=\"187\">tecnolog\u00edas m\u00e1s avanzadas enfocadas en la potencia<\/strong>, dise\u00f1ada para el juego ofensivo de alto nivel e inspirada en <span class=\"hover:entity-accent entity-underline inline cursor-pointer align-baseline\"><span class=\"whitespace-normal\">Ale Gal\u00e1n<\/span><\/span>. Este modelo ofrece un rendimiento de \u00e9lite para jugadores que buscan dominar cada punto con golpes agresivos y decisivos.<\/p>\n<p data-start=\"414\" data-end=\"624\">Gracias al innovador <strong data-start=\"435\" data-end=\"464\">Sistema de Peso y Balance<\/strong>, puedes <strong data-start=\"473\" data-end=\"510\">personalizar el peso y el balance<\/strong> de la pala (hasta 11,2 g adicionales), adapt\u00e1ndola a tu estilo de juego, ya sea priorizando potencia o control.<\/p>\n<p data-start=\"626\" data-end=\"1060\">La potencia m\u00e1xima se logra mediante tres tecnolog\u00edas clave: el <strong data-start=\"690\" data-end=\"710\">Extra Power Grip<\/strong>, que aumenta la inercia para golpes m\u00e1s potentes; el <strong data-start=\"764\" data-end=\"783\">Low Poly Design<\/strong>, que mejora la resistencia a la torsi\u00f3n y optimiza la transferencia de energ\u00eda; y el <strong data-start=\"869\" data-end=\"885\">Power Groove<\/strong>, un ra\u00edl estructural que incrementa la rigidez del marco. Todo ello se complementa con la <strong data-start=\"976\" data-end=\"999\">Octagonal Structure<\/strong>, que aporta estabilidad y precisi\u00f3n en impactos exigentes.<\/p>\n<p data-start=\"1062\" data-end=\"1276\">Fabricada con materiales de alta gama como la <strong data-start=\"1108\" data-end=\"1139\">fibra Carbon Aluminised 16K<\/strong> y la <strong data-start=\"1145\" data-end=\"1169\">goma High Memory EVA<\/strong>, esta pala ofrece un tacto firme, una excelente salida de bola y un rendimiento explosivo en cada golpe.<\/p>\n<p data-start=\"1278\" data-end=\"1320\"><strong data-start=\"1278\" data-end=\"1318\">Key Technologies and Features<\/strong><\/p>\n<ul data-start=\"1321\" data-end=\"1860\">\n<li data-section-id=\"x0z96t\" data-start=\"1321\" data-end=\"1410\">\n<p data-start=\"1323\" data-end=\"1410\"><strong data-start=\"1323\" data-end=\"1352\">Sistema de Peso y Balance<\/strong> \u2013 Ajuste personalizado de peso y balance (hasta 11,2 g)<\/p>\n<\/li>\n<li data-section-id=\"ybb41r\" data-start=\"1411\" data-end=\"1484\">\n<p data-start=\"1413\" data-end=\"1484\"><strong data-start=\"1413\" data-end=\"1429\">Power Groove<\/strong> \u2013 Ra\u00edl estructural que aumenta la rigidez y potencia<\/p>\n<\/li>\n<li data-section-id=\"dk2mvs\" data-start=\"1485\" data-end=\"1567\">\n<p data-start=\"1487\" data-end=\"1567\"><strong data-start=\"1487\" data-end=\"1507\">Extra Power Grip<\/strong> \u2013 Mango extendido para mayor inercia y fuerza en el golpe<\/p>\n<\/li>\n<li data-section-id=\"els5bt\" data-start=\"1568\" data-end=\"1643\">\n<p data-start=\"1570\" data-end=\"1643\"><strong data-start=\"1570\" data-end=\"1589\">Low Poly Design<\/strong> \u2013 Estructura que mejora la resistencia a la torsi\u00f3n<\/p>\n<\/li>\n<li data-section-id=\"1tey8nj\" data-start=\"1644\" data-end=\"1718\">\n<p data-start=\"1646\" data-end=\"1718\"><strong data-start=\"1646\" data-end=\"1669\">Octagonal Structure<\/strong> \u2013 Marco reforzado para estabilidad y precisi\u00f3n<\/p>\n<\/li>\n<li data-section-id=\"4fb3rw\" data-start=\"1719\" data-end=\"1779\">\n<p data-start=\"1721\" data-end=\"1779\"><strong data-start=\"1721\" data-end=\"1740\">High Memory EVA<\/strong> \u2013 Goma firme con gran salida de bola<\/p>\n<\/li>\n<li data-section-id=\"1u0o7bp\" data-start=\"1780\" data-end=\"1860\">\n<p data-start=\"1782\" data-end=\"1860\"><strong data-start=\"1782\" data-end=\"1807\">Carbon Aluminised 16K<\/strong> \u2013 Material r\u00edgido y ligero para potencia explosiva<\/p>\n<\/li>\n<\/ul>\n<p data-start=\"1862\" data-end=\"2064\">Dise\u00f1ada para jugadores avanzados y competitivos, la <strong data-start=\"1915\" data-end=\"1937\">Metalbone HRD+ 3.4<\/strong> transforma tu juego ofensivo, ofreciendo <strong data-start=\"1979\" data-end=\"2018\">potencia, personalizaci\u00f3n y control<\/strong> para llevar tu rendimiento al m\u00e1ximo nivel.<\/p>\n<p data-start=\"2066\" data-end=\"2280\" data-is-last-node=\"\" data-is-only-node=\"\">","protected":false},"excerpt":{"rendered":"<div id=\"product-description-short-7334\" class=\"rte-content product-description\">\n<p data-start=\"79\" data-end=\"412\"><strong data-start=\"79\" data-end=\"122\">Pala de p\u00e1del ADIDAS Metalbone HRD+ 3.4<\/strong> re\u00fane las <strong data-start=\"133\" data-end=\"187\">tecnolog\u00edas m\u00e1s avanzadas enfocadas en la potencia<\/strong>, dise\u00f1ada para el juego ofensivo de alto nivel e inspirada en <span class=\"hover:entity-accent entity-underline inline cursor-pointer align-baseline\"><span class=\"whitespace-normal\">Ale Gal\u00e1n<\/span><\/span>. Este modelo ofrece un rendimiento de \u00e9lite para jugadores que buscan dominar cada punto con golpes agresivos y decisivos.<\/p>\n<p data-start=\"414\" data-end=\"624\">Gracias al innovador <strong data-start=\"435\" data-end=\"464\">Sistema de Peso y Balance<\/strong>, puedes <strong data-start=\"473\" data-end=\"510\">personalizar el peso y el balance<\/strong> de la pala (hasta 11,2 g adicionales), adapt\u00e1ndola a tu estilo de juego, ya sea priorizando potencia o control.<\/p>\n<ul data-start=\"1321\" data-end=\"1860\">\n<li data-section-id=\"x0z96t\" data-start=\"1321\" data-end=\"1410\">\n<p data-start=\"1323\" data-end=\"1410\"><strong data-start=\"1323\" data-end=\"1352\">Sistema de Peso y Balance<\/strong> \u2013 Ajuste personalizado de peso y balance (hasta 11,2 g)<\/p>\n<\/li>\n<li data-section-id=\"ybb41r\" data-start=\"1411\" data-end=\"1484\">\n<p data-start=\"1413\" data-end=\"1484\"><strong data-start=\"1413\" data-end=\"1429\">Power Groove<\/strong> \u2013 Ra\u00edl estructural que aumenta la rigidez y potencia<\/p>\n<\/li>\n<li data-section-id=\"dk2mvs\" data-start=\"1485\" data-end=\"1567\">\n<p data-start=\"1487\" data-end=\"1567\"><strong data-start=\"1487\" data-end=\"1507\">Extra Power Grip<\/strong> \u2013 Mango extendido para mayor inercia y fuerza en el golpe<\/p>\n<\/li>\n<\/ul>\n<\/div>","protected":false},"featured_media":14621,"template":"","meta":[],"product_brand":[],"product_cat":[700,711,715,582,584,583,589,757,754],"product_tag":[],"class_list":{"0":"post-14577","1":"product","2":"type-product","3":"status-publish","4":"has-post-thumbnail","6":"product_cat-adidas-padel","7":"product_cat-adidas-palas","8":"product_cat-ale-galan","9":"product_cat-avanzado-palas","10":"product_cat-diamante-palas","11":"product_cat-forma-palas","12":"product_cat-hombre-palas","13":"product_cat-palas-ofertas","14":"product_cat-rebajas","15":"pa_brand-adidas","17":"first","18":"outofstock","19":"sale","20":"taxable","21":"shipping-taxable","22":"purchasable","23":"product-type-simple"},"yoast_head":"<!-- This site is optimized with the Yoast SEO plugin v27.5 - https:\/\/yoast.com\/product\/yoast-seo-wordpress\/ -->\n<title>Pala Padel Adidas Metalbone HRD+ 3.4 Ale Galan 2025 - Padel Zoco<\/title>\n<meta name=\"description\" content=\"La pala Metalbone HRD+ 3.4 de adidas, dise\u00f1ada por Ale Gal\u00e1n, maximiza tu poder y control en el juego con tecnolog\u00edas que mejoran tu rendimiento.\" \/>\n<meta name=\"robots\" content=\"index, follow, max-snippet:-1, max-image-preview:large, max-video-preview:-1\" \/>\n<link rel=\"canonical\" href=\"https:\/\/padelzoco.es\/en\/product\/pala-padel-adidas-metalbone-hrd-3-4-ale-galan-2025\/\" \/>\n<meta property=\"og:locale\" content=\"en_GB\" \/>\n<meta property=\"og:type\" content=\"article\" \/>\n<meta property=\"og:title\" content=\"Pala Padel Adidas Metalbone HRD+ 3.4 Ale Galan 2025 - Padel Zoco\" \/>\n<meta property=\"og:description\" content=\"La pala Metalbone HRD+ 3.4 de adidas, dise\u00f1ada por Ale Gal\u00e1n, maximiza tu poder y control en el juego con tecnolog\u00edas que mejoran tu rendimiento.\" \/>\n<meta property=\"og:url\" content=\"https:\/\/padelzoco.es\/en\/product\/pala-padel-adidas-metalbone-hrd-3-4-ale-galan-2025\/\" \/>\n<meta property=\"og:site_name\" content=\"Padel Zoco\" \/>\n<meta property=\"article:modified_time\" content=\"2026-04-30T17:46:59+00:00\" \/>\n<meta property=\"og:image\" content=\"https:\/\/padelzoco.es\/wp-content\/uploads\/2024\/12\/ADIDAS-Metalbone-HRD-3.4-Ale-Galan-Padel-Racket-2025-01.webp\" \/>\n\t<meta property=\"og:image:width\" content=\"1400\" \/>\n\t<meta property=\"og:image:height\" content=\"1400\" \/>\n\t<meta property=\"og:image:type\" content=\"image\/webp\" \/>\n<meta name=\"twitter:card\" content=\"summary_large_image\" \/>\n<meta name=\"twitter:label1\" content=\"Estimated reading time\" \/>\n\t<meta name=\"twitter:data1\" content=\"2 minutes\" \/>\n<script type=\"application\/ld+json\" class=\"yoast-schema-graph\">{\"@context\":\"https:\\\/\\\/schema.org\",\"@graph\":[{\"@type\":\"WebPage\",\"@id\":\"https:\\\/\\\/padelzoco.es\\\/product\\\/pala-padel-adidas-metalbone-hrd-3-4-ale-galan-2025\\\/\",\"url\":\"https:\\\/\\\/padelzoco.es\\\/product\\\/pala-padel-adidas-metalbone-hrd-3-4-ale-galan-2025\\\/\",\"name\":\"Pala Padel Adidas Metalbone HRD+ 3.4 Ale Galan 2025 - Padel Zoco\",\"isPartOf\":{\"@id\":\"https:\\\/\\\/padelzoco.es\\\/#website\"},\"primaryImageOfPage\":{\"@id\":\"https:\\\/\\\/padelzoco.es\\\/product\\\/pala-padel-adidas-metalbone-hrd-3-4-ale-galan-2025\\\/#primaryimage\"},\"image\":{\"@id\":\"https:\\\/\\\/padelzoco.es\\\/product\\\/pala-padel-adidas-metalbone-hrd-3-4-ale-galan-2025\\\/#primaryimage\"},\"thumbnailUrl\":\"https:\\\/\\\/padelzoco.es\\\/wp-content\\\/uploads\\\/2024\\\/12\\\/ADIDAS-Metalbone-HRD-3.4-Ale-Galan-Padel-Racket-2025-01.webp\",\"datePublished\":\"2024-12-03T15:02:11+00:00\",\"dateModified\":\"2026-04-30T17:46:59+00:00\",\"description\":\"La pala Metalbone HRD+ 3.4 de adidas, dise\u00f1ada por Ale Gal\u00e1n, maximiza tu poder y control en el juego con tecnolog\u00edas que mejoran tu rendimiento.\",\"breadcrumb\":{\"@id\":\"https:\\\/\\\/padelzoco.es\\\/product\\\/pala-padel-adidas-metalbone-hrd-3-4-ale-galan-2025\\\/#breadcrumb\"},\"inLanguage\":\"en-GB\",\"potentialAction\":[{\"@type\":\"ReadAction\",\"target\":[\"https:\\\/\\\/padelzoco.es\\\/product\\\/pala-padel-adidas-metalbone-hrd-3-4-ale-galan-2025\\\/\"]}]},{\"@type\":\"ImageObject\",\"inLanguage\":\"en-GB\",\"@id\":\"https:\\\/\\\/padelzoco.es\\\/product\\\/pala-padel-adidas-metalbone-hrd-3-4-ale-galan-2025\\\/#primaryimage\",\"url\":\"https:\\\/\\\/padelzoco.es\\\/wp-content\\\/uploads\\\/2024\\\/12\\\/ADIDAS-Metalbone-HRD-3.4-Ale-Galan-Padel-Racket-2025-01.webp\",\"contentUrl\":\"https:\\\/\\\/padelzoco.es\\\/wp-content\\\/uploads\\\/2024\\\/12\\\/ADIDAS-Metalbone-HRD-3.4-Ale-Galan-Padel-Racket-2025-01.webp\",\"width\":1400,\"height\":1400},{\"@type\":\"BreadcrumbList\",\"@id\":\"https:\\\/\\\/padelzoco.es\\\/product\\\/pala-padel-adidas-metalbone-hrd-3-4-ale-galan-2025\\\/#breadcrumb\",\"itemListElement\":[{\"@type\":\"ListItem\",\"position\":1,\"name\":\"Home\",\"item\":\"https:\\\/\\\/padelzoco.es\\\/\"},{\"@type\":\"ListItem\",\"position\":2,\"name\":\"Padel Zoco\",\"item\":\"https:\\\/\\\/padelzoco.es\\\/padel-zoco\\\/\"},{\"@type\":\"ListItem\",\"position\":3,\"name\":\"Pala Padel Adidas Metalbone HRD+ 3.4 Ale Galan 2025\"}]},{\"@type\":\"WebSite\",\"@id\":\"https:\\\/\\\/padelzoco.es\\\/#website\",\"url\":\"https:\\\/\\\/padelzoco.es\\\/\",\"name\":\"Padel Zoco\",\"description\":\"Padel Zoco | Spain\",\"publisher\":{\"@id\":\"https:\\\/\\\/padelzoco.es\\\/#organization\"},\"potentialAction\":[{\"@type\":\"SearchAction\",\"target\":{\"@type\":\"EntryPoint\",\"urlTemplate\":\"https:\\\/\\\/padelzoco.es\\\/?s={search_term_string}\"},\"query-input\":{\"@type\":\"PropertyValueSpecification\",\"valueRequired\":true,\"valueName\":\"search_term_string\"}}],\"inLanguage\":\"en-GB\"},{\"@type\":\"Organization\",\"@id\":\"https:\\\/\\\/padelzoco.es\\\/#organization\",\"name\":\"Padel Zoco\",\"url\":\"https:\\\/\\\/padelzoco.es\\\/\",\"logo\":{\"@type\":\"ImageObject\",\"inLanguage\":\"en-GB\",\"@id\":\"https:\\\/\\\/padelzoco.es\\\/#\\\/schema\\\/logo\\\/image\\\/\",\"url\":\"https:\\\/\\\/padelzoco.es\\\/wp-content\\\/uploads\\\/2023\\\/11\\\/PadelZoco_Logo_black_white.webp\",\"contentUrl\":\"https:\\\/\\\/padelzoco.es\\\/wp-content\\\/uploads\\\/2023\\\/11\\\/PadelZoco_Logo_black_white.webp\",\"width\":1500,\"height\":631,\"caption\":\"Padel Zoco\"},\"image\":{\"@id\":\"https:\\\/\\\/padelzoco.es\\\/#\\\/schema\\\/logo\\\/image\\\/\"}}]}<\/script>\n<!-- \/ Yoast SEO plugin. -->","yoast_head_json":{"title":"Pala Padel Adidas Metalbone HRD+ 3.4 Ale Galan 2025 - Padel Zoco","description":"La pala Metalbone HRD+ 3.4 de adidas, dise\u00f1ada por Ale Gal\u00e1n, maximiza tu poder y control en el juego con tecnolog\u00edas que mejoran tu rendimiento.","robots":{"index":"index","follow":"follow","max-snippet":"max-snippet:-1","max-image-preview":"max-image-preview:large","max-video-preview":"max-video-preview:-1"},"canonical":"https:\/\/padelzoco.es\/en\/product\/pala-padel-adidas-metalbone-hrd-3-4-ale-galan-2025\/","og_locale":"en_GB","og_type":"article","og_title":"Pala Padel Adidas Metalbone HRD+ 3.4 Ale Galan 2025 - Padel Zoco","og_description":"La pala Metalbone HRD+ 3.4 de adidas, dise\u00f1ada por Ale Gal\u00e1n, maximiza tu poder y control en el juego con tecnolog\u00edas que mejoran tu rendimiento.","og_url":"https:\/\/padelzoco.es\/en\/product\/pala-padel-adidas-metalbone-hrd-3-4-ale-galan-2025\/","og_site_name":"Padel Zoco","article_modified_time":"2026-04-30T17:46:59+00:00","og_image":[{"width":1400,"height":1400,"url":"https:\/\/padelzoco.es\/wp-content\/uploads\/2024\/12\/ADIDAS-Metalbone-HRD-3.4-Ale-Galan-Padel-Racket-2025-01.webp","type":"image\/webp"}],"twitter_card":"summary_large_image","twitter_misc":{"Estimated reading time":"2 minutes"},"schema":{"@context":"https:\/\/schema.org","@graph":[{"@type":"WebPage","@id":"https:\/\/padelzoco.es\/product\/pala-padel-adidas-metalbone-hrd-3-4-ale-galan-2025\/","url":"https:\/\/padelzoco.es\/product\/pala-padel-adidas-metalbone-hrd-3-4-ale-galan-2025\/","name":"Pala Padel Adidas Metalbone HRD+ 3.4 Ale Galan 2025 - Padel Zoco","isPartOf":{"@id":"https:\/\/padelzoco.es\/#website"},"primaryImageOfPage":{"@id":"https:\/\/padelzoco.es\/product\/pala-padel-adidas-metalbone-hrd-3-4-ale-galan-2025\/#primaryimage"},"image":{"@id":"https:\/\/padelzoco.es\/product\/pala-padel-adidas-metalbone-hrd-3-4-ale-galan-2025\/#primaryimage"},"thumbnailUrl":"https:\/\/padelzoco.es\/wp-content\/uploads\/2024\/12\/ADIDAS-Metalbone-HRD-3.4-Ale-Galan-Padel-Racket-2025-01.webp","datePublished":"2024-12-03T15:02:11+00:00","dateModified":"2026-04-30T17:46:59+00:00","description":"La pala Metalbone HRD+ 3.4 de adidas, dise\u00f1ada por Ale Gal\u00e1n, maximiza tu poder y control en el juego con tecnolog\u00edas que mejoran tu rendimiento.","breadcrumb":{"@id":"https:\/\/padelzoco.es\/product\/pala-padel-adidas-metalbone-hrd-3-4-ale-galan-2025\/#breadcrumb"},"inLanguage":"en-GB","potentialAction":[{"@type":"ReadAction","target":["https:\/\/padelzoco.es\/product\/pala-padel-adidas-metalbone-hrd-3-4-ale-galan-2025\/"]}]},{"@type":"ImageObject","inLanguage":"en-GB","@id":"https:\/\/padelzoco.es\/product\/pala-padel-adidas-metalbone-hrd-3-4-ale-galan-2025\/#primaryimage","url":"https:\/\/padelzoco.es\/wp-content\/uploads\/2024\/12\/ADIDAS-Metalbone-HRD-3.4-Ale-Galan-Padel-Racket-2025-01.webp","contentUrl":"https:\/\/padelzoco.es\/wp-content\/uploads\/2024\/12\/ADIDAS-Metalbone-HRD-3.4-Ale-Galan-Padel-Racket-2025-01.webp","width":1400,"height":1400},{"@type":"BreadcrumbList","@id":"https:\/\/padelzoco.es\/product\/pala-padel-adidas-metalbone-hrd-3-4-ale-galan-2025\/#breadcrumb","itemListElement":[{"@type":"ListItem","position":1,"name":"Home","item":"https:\/\/padelzoco.es\/"},{"@type":"ListItem","position":2,"name":"Padel Zoco","item":"https:\/\/padelzoco.es\/padel-zoco\/"},{"@type":"ListItem","position":3,"name":"Pala Padel Adidas Metalbone HRD+ 3.4 Ale Galan 2025"}]},{"@type":"WebSite","@id":"https:\/\/padelzoco.es\/#website","url":"https:\/\/padelzoco.es\/","name":"Padel Zoco","description":"Padel Zoco | Spain","publisher":{"@id":"https:\/\/padelzoco.es\/#organization"},"potentialAction":[{"@type":"SearchAction","target":{"@type":"EntryPoint","urlTemplate":"https:\/\/padelzoco.es\/?s={search_term_string}"},"query-input":{"@type":"PropertyValueSpecification","valueRequired":true,"valueName":"search_term_string"}}],"inLanguage":"en-GB"},{"@type":"Organization","@id":"https:\/\/padelzoco.es\/#organization","name":"Padel Zoco","url":"https:\/\/padelzoco.es\/","logo":{"@type":"ImageObject","inLanguage":"en-GB","@id":"https:\/\/padelzoco.es\/#\/schema\/logo\/image\/","url":"https:\/\/padelzoco.es\/wp-content\/uploads\/2023\/11\/PadelZoco_Logo_black_white.webp","contentUrl":"https:\/\/padelzoco.es\/wp-content\/uploads\/2023\/11\/PadelZoco_Logo_black_white.webp","width":1500,"height":631,"caption":"Padel Zoco"},"image":{"@id":"https:\/\/padelzoco.es\/#\/schema\/logo\/image\/"}}]}},"_links":{"self":[{"href":"https:\/\/padelzoco.es\/en\/wp-json\/wp\/v2\/product\/14577","targetHints":{"allow":["GET"]}}],"collection":[{"href":"https:\/\/padelzoco.es\/en\/wp-json\/wp\/v2\/product"}],"about":[{"href":"https:\/\/padelzoco.es\/en\/wp-json\/wp\/v2\/types\/product"}],"version-history":[{"count":10,"href":"https:\/\/padelzoco.es\/en\/wp-json\/wp\/v2\/product\/14577\/revisions"}],"predecessor-version":[{"id":37522,"href":"https:\/\/padelzoco.es\/en\/wp-json\/wp\/v2\/product\/14577\/revisions\/37522"}],"wp:featuredmedia":[{"embeddable":true,"href":"https:\/\/padelzoco.es\/en\/wp-json\/wp\/v2\/media\/14621"}],"wp:attachment":[{"href":"https:\/\/padelzoco.es\/en\/wp-json\/wp\/v2\/media?parent=14577"}],"wp:term":[{"taxonomy":"product_brand","embeddable":true,"href":"https:\/\/padelzoco.es\/en\/wp-json\/wp\/v2\/product_brand?post=14577"},{"taxonomy":"product_cat","embeddable":true,"href":"https:\/\/padelzoco.es\/en\/wp-json\/wp\/v2\/product_cat?post=14577"},{"taxonomy":"product_tag","embeddable":true,"href":"https:\/\/padelzoco.es\/en\/wp-json\/wp\/v2\/product_tag?post=14577"}],"curies":[{"name":"wp","href":"https:\/\/api.w.org\/{rel}","templated":true}]}}